{"id":87182,"date":"2025-06-16T17:39:55","date_gmt":"2025-06-16T09:39:55","guid":{"rendered":"https:\/\/keruiref.com\/?page_id=87182"},"modified":"2025-06-16T17:48:42","modified_gmt":"2025-06-16T09:48:42","slug":"erimis-magnezyum","status":"publish","type":"page","link":"https:\/\/keruiref.com\/tr\/erimis-magnezyum\/","title":{"rendered":"Erimi\u015f Magnezyum"},"content":{"rendered":"<div class=\"page_model product_info\">\n<div class=\"preview\"><img loading=\"lazy\" decoding=\"async\" class=\"alignnone size-full wp-image-87184\" src=\"https:\/\/keruiref.com\/wp-content\/uploads\/2025\/06\/KERUI-Fused-Magnesium-1.webp\" alt=\"\" width=\"660\" height=\"495\" srcset=\"https:\/\/keruiref.com\/wp-content\/uploads\/2025\/06\/KERUI-Fused-Magnesium-1.webp 660w, https:\/\/keruiref.com\/wp-content\/uploads\/2025\/06\/KERUI-Fused-Magnesium-1-300x225.webp 300w, https:\/\/keruiref.com\/wp-content\/uploads\/2025\/06\/KERUI-Fused-Magnesium-1-16x12.webp 16w\" sizes=\"auto, (max-width: 660px) 100vw, 660px\" \/>-<\/div>\n<div class=\"info\">\n<h1>Erimi\u015f Magnezyum<\/h1>\n<p>Erimi\u015f Magnezyum (FM), kostik kalsine magnezya, \u00f6l\u00fc yanm\u0131\u015f magnezya veya ham magnezitin f\u0131r\u0131nlarda 2750\u00b0C'yi a\u015fan s\u0131cakl\u0131klarda elektrik ark\u0131yla eritilmesiyle \u00fcretilen bir refrakter malzeme t\u00fcr\u00fcd\u00fcr.<\/p>\n<ul>\n<li>w(MgO)\u2265\/%: 94-98<\/li>\n<li>w(SiO2)\u2264\/%: 0,5-2,5<\/li>\n<li>w(AL2O3)\u2264\/%: 0,15-0,6<\/li>\n<\/ul>\n<div class=\"tags\">\n<p>Y\u00fcksek Kalite<\/p>\n<p>Uygun Fiyat<\/p>\n<p>\u00d6zelle\u015ftirilebilir \u00dcr\u00fcnler ve \u00c7\u00f6z\u00fcmler<\/p>\n<p>Zaman\u0131nda Teslimat<\/p>\n<p>7\/24\/365 Hizmetinizdeyiz<\/p>\n<\/div>\n<p><a class=\"inruiry fancybox\" href=\"#contact_form_pop\">\u015fimdi sorgula<\/a><a class=\"email-btn\" href=\"mailto:market@keruiref.com\">e-posta g\u00f6nder<\/a><\/p>\n<\/div>\n<\/div>\n<ul class=\"anchor\">\n<li><a href=\"#PRODUCTDESCRIPTION\">\u00dcR\u00dcN TANIMI<\/a><\/li>\n<li><a href=\"#TechniqueData\">Teknik Veriler<\/a><\/li>\n<li><a href=\"#INQUIRY\">SORGULAMA<\/a><\/li>\n<li><a href=\"#RELATEDPRODUCTS\">\u0130LG\u0130L\u0130 \u00dcR\u00dcNLER<\/a><\/li>\n<\/ul>\n<div class=\"page_model\">\n<h2 id=\"PRODUCTDESCRIPTION\">Erimi\u015f Magnezyumun Tan\u0131m\u0131<\/h2>\n<p>Erimi\u015f Magnezyum (FM), kostik kalsine magnezya, \u00f6l\u00fc yanm\u0131\u015f magnezya veya ham magnezitin f\u0131r\u0131nlarda 2750\u00b0C'yi a\u015fan s\u0131cakl\u0131klarda elektrik ark\u0131yla eritilmesiyle \u00fcretilen bir refrakter malzeme t\u00fcr\u00fcd\u00fcr. Y\u00fcksek erime noktas\u0131na, m\u00fckemmel termal \u015fok direncine ve iyi kimyasal stabiliteye sahiptir, bu da onu \u00e7elik \u00fcretimi, \u00e7imento \u00fcretimi ve cam \u00fcretimi gibi \u00e7e\u015fitli end\u00fcstriyel uygulamalarda kullan\u0131m i\u00e7in pop\u00fcler bir se\u00e7im haline getirir.<\/p>\n<p><img loading=\"lazy\" decoding=\"async\" class=\"alignnone size-full wp-image-87187\" src=\"https:\/\/keruiref.com\/wp-content\/uploads\/2025\/06\/KERUI-Fused-Magnesium-4.webp\" alt=\"\" width=\"1450\" height=\"358\" srcset=\"https:\/\/keruiref.com\/wp-content\/uploads\/2025\/06\/KERUI-Fused-Magnesium-4.webp 1450w, https:\/\/keruiref.com\/wp-content\/uploads\/2025\/06\/KERUI-Fused-Magnesium-4-300x74.webp 300w, https:\/\/keruiref.com\/wp-content\/uploads\/2025\/06\/KERUI-Fused-Magnesium-4-1024x253.webp 1024w, https:\/\/keruiref.com\/wp-content\/uploads\/2025\/06\/KERUI-Fused-Magnesium-4-768x190.webp 768w, https:\/\/keruiref.com\/wp-content\/uploads\/2025\/06\/KERUI-Fused-Magnesium-4-18x4.webp 18w\" sizes=\"auto, (max-width: 1450px) 100vw, 1450px\" \/><\/p>\n<h2 id=\"TechniqueData\">Kerui Fused Magnezyum Teknik Bilgi Formu<\/h2>\n<table id=\"tablepress-102\" class=\"tablepress tablepress-id-102 tbody-has-connected-cells\">\n<thead>\n<tr class=\"row-1\">\n<th class=\"column-1\">\u00dcr\u00fcn<\/th>\n<th class=\"column-2\">MgO<\/th>\n<th class=\"column-3\">SiO2<\/th>\n<th class=\"column-4\">Al2O3<\/th>\n<th class=\"column-5\">Fe2O3<\/th>\n<th class=\"column-6\">CaO<\/th>\n<th class=\"column-7\">Loi<\/th>\n<th class=\"column-8\">BD<\/th>\n<th class=\"column-9\">Paket<\/th>\n<\/tr>\n<\/thead>\n<tbody class=\"row-striping row-hover\">\n<tr class=\"row-2\">\n<td class=\"column-1\">\u0130sim<\/td>\n<td class=\"column-2\">(%)<\/td>\n<td class=\"column-3\">(%)<\/td>\n<td class=\"column-4\">(%)<\/td>\n<td class=\"column-5\">(%)<\/td>\n<td class=\"column-6\">(%)<\/td>\n<td class=\"column-7\">(%)<\/td>\n<td class=\"column-8\">(kg\/cm<span style=\"color:#FFFFFF;\"><sup>3<\/sup><\/span><span style=\"color:#FFFFFF;\">)<\/span><\/td>\n<td class=\"column-9\"><\/td>\n<\/tr>\n<tr class=\"row-3\">\n<td class=\"column-1\">FM94<\/td>\n<td class=\"column-2\">94MIN<\/td>\n<td class=\"column-3\">2.5MAX<\/td>\n<td class=\"column-4\">0.6MAX<\/td>\n<td class=\"column-5\">1.0MAX<\/td>\n<td class=\"column-6\">2.0MAX<\/td>\n<td class=\"column-7\">0.3MAX<\/td>\n<td class=\"column-8\">3.4MIN<\/td>\n<td class=\"column-9\">TON \u00c7ANTASI (1.25)<\/td>\n<\/tr>\n<tr class=\"row-4\">\n<td class=\"column-1\">FM95<\/td>\n<td class=\"column-2\">95MIN<\/td>\n<td class=\"column-3\">1.5MAX<\/td>\n<td class=\"column-4\">0.6MAX<\/td>\n<td class=\"column-5\">1.0MAX<\/td>\n<td class=\"column-6\">2.0MAX<\/td>\n<td class=\"column-7\">0.3MAX<\/td>\n<td class=\"column-8\">3.4MIN<\/td>\n<td class=\"column-9\">TON \u00c7ANTASI (1.25)<\/td>\n<\/tr>\n<tr class=\"row-5\">\n<td class=\"column-1\">FM96<\/td>\n<td class=\"column-2\">96MIN<\/td>\n<td class=\"column-3\">0.9MAX<\/td>\n<td class=\"column-4\">0,2MAX<\/td>\n<td class=\"column-5\">0.8MAX<\/td>\n<td class=\"column-6\">1.2MAX<\/td>\n<td class=\"column-7\">0,2MAX<\/td>\n<td class=\"column-8\">3.45 DAK\u0130KA<\/td>\n<td class=\"column-9\">TON \u00c7ANTASI (1.25)<\/td>\n<\/tr>\n<tr class=\"row-6\">\n<td class=\"column-1\">FM97<\/td>\n<td class=\"column-2\">97MIN<\/td>\n<td class=\"column-3\">0.7MAX<\/td>\n<td class=\"column-4\">0,2MAX<\/td>\n<td class=\"column-5\">0.8MAX<\/td>\n<td class=\"column-6\">1.2MAX<\/td>\n<td class=\"column-7\">0,2MAX<\/td>\n<td class=\"column-8\">3.48MIN<\/td>\n<td class=\"column-9\">TON \u00c7ANTASI (1.25)<\/td>\n<\/tr>\n<tr class=\"row-7\">\n<td class=\"column-1\">FM98<\/td>\n<td class=\"column-2\">98MIN<\/td>\n<td class=\"column-3\">0,5MAX<\/td>\n<td class=\"column-4\">0.15MAX<\/td>\n<td class=\"column-5\">0,5MAX<\/td>\n<td class=\"column-6\">1.0MAX<\/td>\n<td class=\"column-7\">0.1MAX<\/td>\n<td class=\"column-8\">3.48MIN<\/td>\n<td class=\"column-9\">TON \u00c7ANTASI (1.25)<\/td>\n<\/tr>\n<tr class=\"row-8\">\n<td colspan=\"9\" class=\"column-1\"><\/td>\n<\/tr>\n<tr class=\"row-9\">\n<td colspan=\"2\" class=\"column-1\">Kaba Boyutlar<\/td>\n<td colspan=\"7\" class=\"column-3\">1-15 mm, 3-15 mm, 5-15 mm, 3-8 mm, 5-10 mm, \u00f6zelle\u015ftirilebilir<\/td>\n<\/tr>\n<tr class=\"row-10\">\n<td colspan=\"2\" class=\"column-1\">K\u00fc\u00e7\u00fck Kesirler<\/td>\n<td colspan=\"7\" class=\"column-3\">0-1 mm, 0,5-1 mm, 1-3 mm, 1-5 mm, 200 mesh, \u00f6zelle\u015ftirilebilir<\/td>\n<\/tr>\n<tr class=\"row-11\">\n<td colspan=\"2\" class=\"column-1\">Paketleme<\/td>\n<td colspan=\"7\" class=\"column-3\">1,35 Ton \u00c7anta, \u00f6zelle\u015ftirilebilir<\/td>\n<\/tr>\n<tr class=\"row-12\">\n<td colspan=\"2\" class=\"column-1\">Renk<\/td>\n<td colspan=\"2\" class=\"column-3\">Kahverengi<\/td>\n<td colspan=\"2\" class=\"column-5\">Beyaz<\/td>\n<td colspan=\"3\" class=\"column-7\">B\u00fcy\u00fck kristal<\/td>\n<\/tr>\n<\/tbody>\n<\/table>\n<p><!-- #tablepress-102 from cache --><\/p>\n<p style=\"text-align: center;\"><strong><a class=\"fancybox price\" href=\"#contact_form_pop\">F\u0130YAT AL<\/a><\/strong><\/p>\n<h2>Ergimi\u015f Magnezya \u00dcretim S\u00fcreci:<\/h2>\n<p>Manyezit (magnezyum karbonat MgCO3), karbondioksiti (CO2) uzakla\u015ft\u0131ran ve b\u00f6ylece karbonat\u0131 magnezyum okside (MgO) d\u00f6n\u00fc\u015ft\u00fcren \u0131s\u0131 uygulamas\u0131 ile magnezyaya d\u00f6n\u00fc\u015ft\u00fcr\u00fcl\u00fcr.<\/p>\n<p>Erimi\u015f magnezya, refrakter malzemelerin, seramiklerin ve di\u011fer end\u00fcstriyel uygulamalar\u0131n \u00fcretiminde kullan\u0131lan y\u00fcksek safl\u0131kta bir malzemedir. Erimi\u015f magnezyum \u00fcretimi birka\u00e7 ad\u0131mdan olu\u015fur.<\/p>\n<p>Hammadde Haz\u0131rlama: Erimi\u015f magnezya \u00fcretiminde kullan\u0131lan hammadde do\u011fal bir mineral olan magnezittir. Manyezit \u00f6nce k\u00fc\u00e7\u00fck par\u00e7alar halinde ezilir ve daha sonra safs\u0131zl\u0131klar\u0131 ve suyu gidermek i\u00e7in y\u00fcksek s\u0131cakl\u0131klarda kalsine edilir.<\/p>\n<p>F\u00fczyon: Kalsine manyezit daha sonra kok k\u00f6m\u00fcr\u00fc ve di\u011fer katk\u0131 maddeleri ile kar\u0131\u015ft\u0131r\u0131l\u0131r ve bir elektrik ark f\u0131r\u0131n\u0131na beslenir. F\u0131r\u0131n yakla\u015f\u0131k 3.000 santigrat derece s\u0131cakl\u0131\u011fa kadar \u0131s\u0131t\u0131larak manyezitin eriyik hale gelmesine neden olur.<\/p>\n<p>So\u011futma ve Kat\u0131la\u015ft\u0131rma: Erimi\u015f magnezya daha sonra kal\u0131plara d\u00f6k\u00fclerek veya su p\u00fcsk\u00fcrt\u00fclerek so\u011futulur ve kat\u0131la\u015ft\u0131r\u0131l\u0131r. Bu i\u015flem, istenen \u00fcr\u00fcn\u00fcn boyutuna ve \u015fekline ba\u011fl\u0131 olarak birka\u00e7 g\u00fcn hatta haftalar s\u00fcrebilir.<\/p>\n<h2>Erimi\u015f Magnezyum Uygulamalar\u0131<\/h2>\n<p>Erimi\u015f Magnezyum (FM) Uygulamas\u0131:<\/p>\n<p>- Y\u00fcksek performans <a href=\"https:\/\/keruiref.com\/tr\/magnesia-carbon-brick\/\" target=\"_blank\" rel=\"noopener\"><strong>Magnezya Karbon Tu\u011fla<\/strong> <\/a>\u00e7elik end\u00fcstrisi i\u00e7in,<\/p>\n<p>- \u00c7imento ve cam end\u00fcstrisi i\u00e7in f\u0131r\u0131nlanm\u0131\u015f refrakter tu\u011flalar,<\/p>\n<p>- Is\u0131tma elemanlar\u0131 end\u00fcstrisi<\/p>\n<\/div>\n<p><img loading=\"lazy\" decoding=\"async\" class=\"alignnone size-full wp-image-11590\" src=\"https:\/\/keruiref.com\/wp-content\/uploads\/2023\/09\/APPLICATION-1.jpg\" alt=\"BA\u015eVURU\" width=\"1600\" height=\"750\" srcset=\"https:\/\/keruiref.com\/wp-content\/uploads\/2023\/09\/APPLICATION-1.jpg 1600w, https:\/\/keruiref.com\/wp-content\/uploads\/2023\/09\/APPLICATION-1-300x141.jpg 300w, https:\/\/keruiref.com\/wp-content\/uploads\/2023\/09\/APPLICATION-1-1024x480.jpg 1024w, https:\/\/keruiref.com\/wp-content\/uploads\/2023\/09\/APPLICATION-1-768x360.jpg 768w, https:\/\/keruiref.com\/wp-content\/uploads\/2023\/09\/APPLICATION-1-1536x720.jpg 1536w\" sizes=\"auto, (max-width: 1600px) 100vw, 1600px\" \/><\/p>\n<p><center><a class=\"fancybox price\" href=\"#contact_form_pop\">F\u0130YAT AL<\/a><\/center><\/p>\n<h2>Kerui Refrakter Laboratuvar\u0131<\/h2>\n<p>Kerui profesyonel bir kalite kontrol laboratuvar\u0131na sahiptir. Y\u00fcksek s\u0131cakl\u0131kta yeniden \u0131s\u0131tma \/ y\u00fck yumu\u015fatma s\u00fcr\u00fcnme test f\u0131r\u0131n\u0131; Refrakter malzemeler i\u00e7in bas\u0131n\u00e7 \/ esnek mukavemet test tezgah\u0131; Refrakter malzemeler i\u00e7in bile\u015fim testi ve inceleme platformu; Refrakter malzemeler i\u00e7in fiziksel \/ kimyasal \u00f6zellikler laboratuvar\u0131.<\/p>\n<p><img loading=\"lazy\" decoding=\"async\" class=\"alignnone size-full wp-image-11856\" src=\"https:\/\/keruiref.com\/wp-content\/uploads\/2023\/09\/laboratory.jpg\" alt=\"laboratuvar\" width=\"1600\" height=\"261\" srcset=\"https:\/\/keruiref.com\/wp-content\/uploads\/2023\/09\/laboratory.jpg 1600w, https:\/\/keruiref.com\/wp-content\/uploads\/2023\/09\/laboratory-300x49.jpg 300w, https:\/\/keruiref.com\/wp-content\/uploads\/2023\/09\/laboratory-1024x167.jpg 1024w, https:\/\/keruiref.com\/wp-content\/uploads\/2023\/09\/laboratory-768x125.jpg 768w, https:\/\/keruiref.com\/wp-content\/uploads\/2023\/09\/laboratory-1536x251.jpg 1536w\" sizes=\"auto, (max-width: 1600px) 100vw, 1600px\" \/><\/p>\n<div id=\"INQUIRY\" class=\"page_model\">\n<div class=\"wpcf7 no-js\" id=\"wpcf7-f328-o1\" lang=\"en-US\" dir=\"ltr\" data-wpcf7-id=\"328\">\n<div class=\"screen-reader-response\">\n<p role=\"status\" aria-live=\"polite\" aria-atomic=\"true\">\n<ul><\/ul>\n<\/div>\n<form action=\"\/tr\/wp-json\/wp\/v2\/pages\/87182#wpcf7-f328-o1\" method=\"post\" class=\"wpcf7-form init\" aria-label=\"\u0130leti\u015fim formu\" novalidate=\"novalidate\" data-status=\"init\" data-trp-original-action=\"\/tr\/wp-json\/wp\/v2\/pages\/87182#wpcf7-f328-o1\">\n<div style=\"display: none;\">\n<input type=\"hidden\" name=\"_wpcf7\" value=\"328\" \/><br \/>\n<input type=\"hidden\" name=\"_wpcf7_version\" value=\"6.0.4\" \/><br \/>\n<input type=\"hidden\" name=\"_wpcf7_locale\" value=\"en_US\" \/><br \/>\n<input type=\"hidden\" name=\"_wpcf7_unit_tag\" value=\"wpcf7-f328-o1\" \/><br \/>\n<input type=\"hidden\" name=\"_wpcf7_container_post\" value=\"0\" \/><br \/>\n<input type=\"hidden\" name=\"_wpcf7_posted_data_hash\" value=\"\" \/><br \/>\n<input type=\"hidden\" name=\"_wpcf7_recaptcha_response\" value=\"\" \/>\n<\/div>\n<div class=\"form-box\" id=\"Contact-Us\">\n<div class=\"isleft\">\n<div class=\"contact-title\">\n<p>Bize Ula\u015f\u0131n\n\t\t\t<\/p>\n<\/p><\/div>\n<div class=\"contactp\">\n<p>L\u00fctfen sorunuzu do\u011fru formda vermekten \u00e7ekinmeyin. Size 6 saat i\u00e7inde cevap verece\u011fiz.\n\t\t\t<\/p>\n<\/p><\/div>\n<ul class=\"contact\">\n<li class=\"email\">\n<p><img decoding=\"async\" src=\"https:\/\/keruiref.com\/wp-content\/uploads\/2023\/12\/email.png\" alt=\"\" \/>E-posta:\n\t\t\t\t<\/p>\n<p><a href=\"mailto:market@keruiref.com\">market@keruiref.com<\/a>\n\t\t\t\t<\/p>\n<\/li>\n<li class=\"phone\">\n<p><img decoding=\"async\" src=\"https:\/\/keruiref.com\/wp-content\/uploads\/2023\/12\/tel.png\" alt=\"\" \/>Telefon\/whatsapp:\n\t\t\t\t<\/p>\n<p><a href=\"https:\/\/wa.me\/8619138178880\">+86 19138178880<\/a>\n\t\t\t\t<\/p>\n<\/li>\n<li class=\"location\">\n<p><img decoding=\"async\" src=\"https:\/\/keruiref.com\/wp-content\/uploads\/2023\/12\/Location.png\" alt=\"\" \/>\u00dcretim \u00dcss\u00fc:\n\t\t\t\t<\/p>\n<p>Chaohua Refrakter Sanayi B\u00f6lgesi,<br \/>\nXinmi \u015eehri, Henan Eyaleti, \u00c7in\n\t\t\t\t<\/p>\n<\/li>\n<\/ul><\/div>\n<div class=\"isright\">\n<ul class=\"contact-input\">\n<li>\n<div class=\"islabel\">\n<p>* \u0130sim:\n\t\t\t\t\t<\/p>\n<\/p><\/div>\n<p><span class=\"wpcf7-form-control-wrap\" data-name=\"your-name\"><input size=\"40\" maxlength=\"400\" class=\"wpcf7-form-control wpcf7-text wpcf7-validates-as-required\" aria-required=\"true\" aria-invalid=\"false\" placeholder=\"\" value=\"\" type=\"text\" name=\"your-name\" \/><\/span>\n\t\t\t\t<\/p>\n<\/li>\n<li>\n<div class=\"islabel\">\n<p>* E-posta:\n\t\t\t\t\t<\/p>\n<\/p><\/div>\n<p><span class=\"wpcf7-form-control-wrap\" data-name=\"your-email\"><input size=\"40\" maxlength=\"400\" class=\"wpcf7-form-control wpcf7-email wpcf7-validates-as-required wpcf7-text wpcf7-validates-as-email\" aria-required=\"true\" aria-invalid=\"false\" placeholder=\"\" value=\"\" type=\"email\" name=\"your-email\" \/><\/span>\n\t\t\t\t<\/p>\n<\/li>\n<li>\n<div class=\"islabel\">\n<p>* Telefon\/Whatsapp:\n\t\t\t\t\t<\/p>\n<\/p><\/div>\n<p><span class=\"wpcf7-form-control-wrap\" data-name=\"your-phone\"><input size=\"40\" maxlength=\"400\" class=\"wpcf7-form-control wpcf7-tel wpcf7-text wpcf7-validates-as-tel\" aria-invalid=\"false\" placeholder=\"\" value=\"\" type=\"tel\" name=\"your-phone\" \/><\/span>\n\t\t\t\t<\/p>\n<\/li>\n<li>\n<div class=\"islabel\">\n<p>\u00dclke:\n\t\t\t\t\t<\/p>\n<\/p><\/div>\n<p><span class=\"wpcf7-form-control-wrap\" data-name=\"your-country\"><input size=\"40\" maxlength=\"400\" class=\"wpcf7-form-control wpcf7-text\" aria-invalid=\"false\" placeholder=\"\" value=\"\" type=\"text\" name=\"your-country\" \/><\/span>\n\t\t\t\t<\/p>\n<\/li>\n<li class=\"ismassage\">\n<div class=\"islabel\">\n<p>* Mesaj:\n\t\t\t\t\t<\/p>\n<\/p><\/div>\n<p><span class=\"wpcf7-form-control-wrap\" data-name=\"your-msg\"><textarea cols=\"40\" rows=\"10\" maxlength=\"2000\" class=\"wpcf7-form-control wpcf7-textarea wpcf7-validates-as-required\" aria-required=\"true\" aria-invalid=\"false\" name=\"your-msg\"><\/textarea><\/span>\n\t\t\t\t<\/p>\n<\/li>\n<li class=\"wpcf7-btns-box\">\n<div class=\"isFileName\">\n\t\t\t\t<\/div>\n<div class=\"wpcf7-btns\">\n<p><input class=\"wpcf7-form-control wpcf7-submit has-spinner\" type=\"submit\" value=\"G\u00d6NDER\" \/>\n\t\t\t\t\t<\/p>\n<\/p><\/div>\n<\/li>\n<\/ul><\/div>\n<\/div>\n<div class=\"wpcf7-response-output\" aria-hidden=\"true\"><\/div>\n<input type=\"hidden\" name=\"trp-form-language\" value=\"tr\"\/><\/form>\n<\/div>\n<\/div>\n<div class=\"page_model\">\n<div class=\"swiper related-products\">\n<div class=\"swiper-wrapper\">\n<div class=\"swiper-slide\"><\/div>\n<\/div>\n<\/div>\n<\/div>","protected":false},"excerpt":{"rendered":"\u00b7 Fused Magnesium Fused Magnesium (FM) is a type of refractory material that is produced by the electric arc melting of caustic calcined magnesia, deadburned magnesia or raw magnesite in furnaces at temperatures in excess of 2750\u00b0C. w(MgO)\u2265\/%: 94-98 w(SiO2)\u2264\/%: 0.5-2.5 w(AL2O3)\u2264\/%: 0.15-0.6 High Quality &#8230; <a title=\"Erimi\u015f Magnezyum\" class=\"read-more\" href=\"https:\/\/keruiref.com\/tr\/erimis-magnezyum\/\" aria-label=\"More on Fused Magnesium\">Daha fazla bilgi edinin<\/a>","protected":false},"author":1,"featured_media":0,"parent":0,"menu_order":0,"comment_status":"closed","ping_status":"closed","template":"","meta":{"footnotes":""},"class_list":{"0":"post-87182","1":"page","2":"type-page","3":"status-publish","5":"no-featured-image-padding"},"yoast_head":"<!-- This site is optimized with the Yoast SEO plugin v24.9 - https:\/\/yoast.com\/wordpress\/plugins\/seo\/ -->\n<title>Fused Magnesium - Your Refractory Bricks, Castables Manufacturer For Kiln | Kerui Refractory\u00ae Official Website<\/title>\n<meta name=\"robots\" content=\"index, follow, max-snippet:-1, max-image-preview:large, max-video-preview:-1\" \/>\n<link rel=\"canonical\" href=\"https:\/\/keruiref.com\/tr\/erimis-magnezyum\/\" \/>\n<script type=\"application\/ld+json\" class=\"yoast-schema-graph\">{\"@context\":\"https:\/\/schema.org\",\"@graph\":[{\"@type\":\"WebPage\",\"@id\":\"https:\/\/keruiref.com\/fused-magnesium\/\",\"url\":\"https:\/\/keruiref.com\/fused-magnesium\/\",\"name\":\"Fused Magnesium - Your Refractory Bricks, Castables Manufacturer For Kiln | Kerui Refractory\u00ae Official Website\",\"isPartOf\":{\"@id\":\"https:\/\/keruiref.com\/el\/#website\"},\"primaryImageOfPage\":{\"@id\":\"https:\/\/keruiref.com\/fused-magnesium\/#primaryimage\"},\"image\":{\"@id\":\"https:\/\/keruiref.com\/fused-magnesium\/#primaryimage\"},\"thumbnailUrl\":\"https:\/\/keruiref.com\/wp-content\/uploads\/2025\/06\/KERUI-Fused-Magnesium-1.webp\",\"datePublished\":\"2025-06-16T09:39:55+00:00\",\"dateModified\":\"2025-06-16T09:48:42+00:00\",\"breadcrumb\":{\"@id\":\"https:\/\/keruiref.com\/fused-magnesium\/#breadcrumb\"},\"inLanguage\":\"tr\",\"potentialAction\":[{\"@type\":\"ReadAction\",\"target\":[\"https:\/\/keruiref.com\/fused-magnesium\/\"]}]},{\"@type\":\"ImageObject\",\"inLanguage\":\"tr\",\"@id\":\"https:\/\/keruiref.com\/fused-magnesium\/#primaryimage\",\"url\":\"https:\/\/keruiref.com\/wp-content\/uploads\/2025\/06\/KERUI-Fused-Magnesium-1.webp\",\"contentUrl\":\"https:\/\/keruiref.com\/wp-content\/uploads\/2025\/06\/KERUI-Fused-Magnesium-1.webp\"},{\"@type\":\"BreadcrumbList\",\"@id\":\"https:\/\/keruiref.com\/fused-magnesium\/#breadcrumb\",\"itemListElement\":[{\"@type\":\"ListItem\",\"position\":1,\"name\":\"Home\",\"item\":\"https:\/\/keruiref.com\/\"},{\"@type\":\"ListItem\",\"position\":2,\"name\":\"Fused Magnesium\"}]},{\"@type\":\"WebSite\",\"@id\":\"https:\/\/keruiref.com\/el\/#website\",\"url\":\"https:\/\/keruiref.com\/el\/\",\"name\":\"Your Refractory Bricks, Castables Manufacturer For Kiln | Kerui Refractory\u00ae Official Website\",\"description\":\"\",\"publisher\":{\"@id\":\"https:\/\/keruiref.com\/el\/#organization\"},\"potentialAction\":[{\"@type\":\"SearchAction\",\"target\":{\"@type\":\"EntryPoint\",\"urlTemplate\":\"https:\/\/keruiref.com\/el\/?s={search_term_string}\"},\"query-input\":{\"@type\":\"PropertyValueSpecification\",\"valueRequired\":true,\"valueName\":\"search_term_string\"}}],\"inLanguage\":\"tr\"},{\"@type\":\"Organization\",\"@id\":\"https:\/\/keruiref.com\/el\/#organization\",\"name\":\"Your Refractory Bricks, Castables Manufacturer For Kiln | Kerui Refractory\u00ae Official Website\",\"url\":\"https:\/\/keruiref.com\/el\/\",\"logo\":{\"@type\":\"ImageObject\",\"inLanguage\":\"tr\",\"@id\":\"https:\/\/keruiref.com\/el\/#\/schema\/logo\/image\/\",\"url\":\"https:\/\/keruiref.com\/wp-content\/uploads\/2024\/01\/footer-Logo.png\",\"contentUrl\":\"https:\/\/keruiref.com\/wp-content\/uploads\/2024\/01\/footer-Logo.png\",\"width\":282,\"height\":70,\"caption\":\"Your Refractory Bricks, Castables Manufacturer For Kiln | Kerui Refractory\u00ae Official Website\"},\"image\":{\"@id\":\"https:\/\/keruiref.com\/el\/#\/schema\/logo\/image\/\"}}]}<\/script>\n<!-- \/ Yoast SEO plugin. -->","yoast_head_json":{"title":"Erimi\u015f Magnezyum - F\u0131r\u0131n i\u00e7in Refrakter Tu\u011flalar\u0131n\u0131z, D\u00f6k\u00fclebilir Malzemeler \u00dcreticiniz | Kerui Refractory\u00ae Resmi Web Sitesi","robots":{"index":"index","follow":"follow","max-snippet":"max-snippet:-1","max-image-preview":"max-image-preview:large","max-video-preview":"max-video-preview:-1"},"canonical":"https:\/\/keruiref.com\/tr\/erimis-magnezyum\/","schema":{"@context":"https:\/\/schema.org","@graph":[{"@type":"WebPage","@id":"https:\/\/keruiref.com\/fused-magnesium\/","url":"https:\/\/keruiref.com\/fused-magnesium\/","name":"Erimi\u015f Magnezyum - F\u0131r\u0131n i\u00e7in Refrakter Tu\u011flalar\u0131n\u0131z, D\u00f6k\u00fclebilir Malzemeler \u00dcreticiniz | Kerui Refractory\u00ae Resmi Web Sitesi","isPartOf":{"@id":"https:\/\/keruiref.com\/el\/#website"},"primaryImageOfPage":{"@id":"https:\/\/keruiref.com\/fused-magnesium\/#primaryimage"},"image":{"@id":"https:\/\/keruiref.com\/fused-magnesium\/#primaryimage"},"thumbnailUrl":"https:\/\/keruiref.com\/wp-content\/uploads\/2025\/06\/KERUI-Fused-Magnesium-1.webp","datePublished":"2025-06-16T09:39:55+00:00","dateModified":"2025-06-16T09:48:42+00:00","breadcrumb":{"@id":"https:\/\/keruiref.com\/fused-magnesium\/#breadcrumb"},"inLanguage":"tr","potentialAction":[{"@type":"ReadAction","target":["https:\/\/keruiref.com\/fused-magnesium\/"]}]},{"@type":"ImageObject","inLanguage":"tr","@id":"https:\/\/keruiref.com\/fused-magnesium\/#primaryimage","url":"https:\/\/keruiref.com\/wp-content\/uploads\/2025\/06\/KERUI-Fused-Magnesium-1.webp","contentUrl":"https:\/\/keruiref.com\/wp-content\/uploads\/2025\/06\/KERUI-Fused-Magnesium-1.webp"},{"@type":"BreadcrumbList","@id":"https:\/\/keruiref.com\/fused-magnesium\/#breadcrumb","itemListElement":[{"@type":"ListItem","position":1,"name":"Home","item":"https:\/\/keruiref.com\/"},{"@type":"ListItem","position":2,"name":"Fused Magnesium"}]},{"@type":"WebSite","@id":"https:\/\/keruiref.com\/el\/#website","url":"https:\/\/keruiref.com\/el\/","name":"F\u0131r\u0131n i\u00e7in Refrakter Tu\u011flalar\u0131n\u0131z, D\u00f6k\u00fclebilir Malzemeler \u00dcreticiniz | Kerui Refractory\u00ae Resmi Web Sitesi","description":"","publisher":{"@id":"https:\/\/keruiref.com\/el\/#organization"},"potentialAction":[{"@type":"SearchAction","target":{"@type":"EntryPoint","urlTemplate":"https:\/\/keruiref.com\/el\/?s={search_term_string}"},"query-input":{"@type":"PropertyValueSpecification","valueRequired":true,"valueName":"search_term_string"}}],"inLanguage":"tr"},{"@type":"Organization","@id":"https:\/\/keruiref.com\/el\/#organization","name":"F\u0131r\u0131n i\u00e7in Refrakter Tu\u011flalar\u0131n\u0131z, D\u00f6k\u00fclebilir Malzemeler \u00dcreticiniz | Kerui Refractory\u00ae Resmi Web Sitesi","url":"https:\/\/keruiref.com\/el\/","logo":{"@type":"ImageObject","inLanguage":"tr","@id":"https:\/\/keruiref.com\/el\/#\/schema\/logo\/image\/","url":"https:\/\/keruiref.com\/wp-content\/uploads\/2024\/01\/footer-Logo.png","contentUrl":"https:\/\/keruiref.com\/wp-content\/uploads\/2024\/01\/footer-Logo.png","width":282,"height":70,"caption":"Your Refractory Bricks, Castables Manufacturer For Kiln | Kerui Refractory\u00ae Official Website"},"image":{"@id":"https:\/\/keruiref.com\/el\/#\/schema\/logo\/image\/"}}]}},"_links":{"self":[{"href":"https:\/\/keruiref.com\/tr\/wp-json\/wp\/v2\/pages\/87182","targetHints":{"allow":["GET"]}}],"collection":[{"href":"https:\/\/keruiref.com\/tr\/wp-json\/wp\/v2\/pages"}],"about":[{"href":"https:\/\/keruiref.com\/tr\/wp-json\/wp\/v2\/types\/page"}],"author":[{"embeddable":true,"href":"https:\/\/keruiref.com\/tr\/wp-json\/wp\/v2\/users\/1"}],"replies":[{"embeddable":true,"href":"https:\/\/keruiref.com\/tr\/wp-json\/wp\/v2\/comments?post=87182"}],"version-history":[{"count":0,"href":"https:\/\/keruiref.com\/tr\/wp-json\/wp\/v2\/pages\/87182\/revisions"}],"wp:attachment":[{"href":"https:\/\/keruiref.com\/tr\/wp-json\/wp\/v2\/media?parent=87182"}],"curies":[{"name":"wp","href":"https:\/\/api.w.org\/{rel}","templated":true}]}}