{"id":86756,"date":"2025-06-04T11:17:59","date_gmt":"2025-06-04T03:17:59","guid":{"rendered":"https:\/\/keruiref.com\/?page_id=86756"},"modified":"2025-06-04T11:17:59","modified_gmt":"2025-06-04T03:17:59","slug":"silisyum-karbur-pota","status":"publish","type":"page","link":"https:\/\/keruiref.com\/tr\/silisyum-karbur-pota\/","title":{"rendered":"Silisyum Karb\u00fcr Pota"},"content":{"rendered":"<div class=\"page_model product_info\">\n<div class=\"preview\"><img loading=\"lazy\" decoding=\"async\" class=\"alignnone size-full wp-image-86757\" src=\"https:\/\/keruiref.com\/wp-content\/uploads\/2025\/06\/Silicon-Carbide-Crucibles_kerui.webp\" alt=\"\" width=\"780\" height=\"639\" srcset=\"https:\/\/keruiref.com\/wp-content\/uploads\/2025\/06\/Silicon-Carbide-Crucibles_kerui.webp 780w, https:\/\/keruiref.com\/wp-content\/uploads\/2025\/06\/Silicon-Carbide-Crucibles_kerui-300x246.webp 300w, https:\/\/keruiref.com\/wp-content\/uploads\/2025\/06\/Silicon-Carbide-Crucibles_kerui-768x629.webp 768w, https:\/\/keruiref.com\/wp-content\/uploads\/2025\/06\/Silicon-Carbide-Crucibles_kerui-15x12.webp 15w\" sizes=\"auto, (max-width: 780px) 100vw, 780px\" \/><\/div>\n<div class=\"info\">\n<h1>Silisyum Karb\u00fcr Pota<\/h1>\n<p>Silisyum karb\u00fcr potalar y\u00fcksek safl\u0131kta silisyum karb\u00fcr ve grafitten yap\u0131l\u0131r. Keri, \u00e7e\u015fitli \u015fekil ve boyutlarda potalar sunar ve ayr\u0131ca gereksinimlerinize g\u00f6re boyutu sizin i\u00e7in \u00f6zelle\u015ftirebilir. Silisyum karb\u00fcr potalar\u0131n hizmet \u00f6mr\u00fc kil grafit potalar\u0131n 2-3 kat\u0131d\u0131r.<\/p>\n<ul>\n<li>Maks. \u00e7al\u0131\u015fma s\u0131cakl\u0131\u011f\u0131: 1200-1500\u00baC;<\/li>\n<li>Y\u00fck Alt\u0131nda Refrakterlik: 1650\u00baC;<\/li>\n<li>SiC: \u226545%<\/li>\n<li>Y\u0131\u011f\u0131n Yo\u011funlu\u011fu: \u22651,9-2,1g\/cm\u00b3<\/li>\n<li>Sertifikasyon: ISO9001\/ISO14001\/ISO45001\/ISO50001<\/li>\n<li>\u0130\u015fleme Hizmeti: B\u00fckme, Kaynak, Delme, \u00c7\u00f6zme, Kesme, Kal\u0131plama<\/li>\n<\/ul>\n<div class=\"tags\">\n<p>Y\u00fcksek Kalite<\/p>\n<p>Uygun Fiyat<\/p>\n<p>\u00d6zelle\u015ftirilebilir \u00dcr\u00fcnler ve \u00c7\u00f6z\u00fcmler<\/p>\n<p>Zaman\u0131nda Teslimat<\/p>\n<p>7\/24\/365 Hizmetinizdeyiz<\/p>\n<\/div>\n<p><a class=\"inruiry fancybox\" href=\"#contact_form_pop\">\u015fimdi inruiry<\/a><a class=\"email-btn\" href=\"mailto: market@keruiref.com\">e-posta g\u00f6nder<\/a><\/p>\n<\/div>\n<\/div>\n<ul class=\"anchor\">\n<li><a href=\"#PRODUCTDESCRIPTION\">\u00dcR\u00dcN TANIMI<\/a><\/li>\n<li><a href=\"#TechniqueData\">Teknik Veriler<\/a><\/li>\n<li><a href=\"#INQUIRY\">SORGULAMA<\/a><\/li>\n<li><a href=\"#RELATEDPRODUCTS\">\u0130LG\u0130L\u0130 \u00dcR\u00dcNLER<\/a><\/li>\n<\/ul>\n<div class=\"page_model\">\n<h2 id=\"PRODUCTDESCRIPTION\">Silisyum Karb\u00fcr Pota A\u00e7\u0131klamas\u0131<\/h2>\n<p>Silisyum Karb\u00fcr Pota, y\u00fcksek s\u0131cakl\u0131kta sinterleme yoluyla y\u00fcksek safl\u0131kta silisyum karb\u00fcrden yap\u0131lm\u0131\u015f y\u00fcksek s\u0131cakl\u0131kta bir kapt\u0131r. M\u00fckemmel termal iletkenlik ve \u015fok direnci ile &gt;1600\u00b0C'ye dayan\u0131r, erimi\u015f metal korozyonuna diren\u00e7 g\u00f6sterir ve g\u00fc\u00e7l\u00fc kimyasal stabilite sunar. Metalurji, yar\u0131 iletkenler ve fotovoltaik alanlar\u0131nda de\u011ferli metalleri\/nadir topraklar\u0131 eritmek ve kristal b\u00fcy\u00fctmek i\u00e7in yayg\u0131n olarak kullan\u0131lan bu \u00fcr\u00fcn, verimli \u0131s\u0131 transferi ve uzun hizmet \u00f6mr\u00fc sa\u011flar.<img loading=\"lazy\" decoding=\"async\" class=\"alignnone size-full wp-image-86760\" src=\"https:\/\/keruiref.com\/wp-content\/uploads\/2025\/06\/Silicon-Carbide-Crucible-1.webp\" alt=\"\" width=\"1400\" height=\"563\" srcset=\"https:\/\/keruiref.com\/wp-content\/uploads\/2025\/06\/Silicon-Carbide-Crucible-1.webp 1400w, https:\/\/keruiref.com\/wp-content\/uploads\/2025\/06\/Silicon-Carbide-Crucible-1-300x121.webp 300w, https:\/\/keruiref.com\/wp-content\/uploads\/2025\/06\/Silicon-Carbide-Crucible-1-1024x412.webp 1024w, https:\/\/keruiref.com\/wp-content\/uploads\/2025\/06\/Silicon-Carbide-Crucible-1-768x309.webp 768w, https:\/\/keruiref.com\/wp-content\/uploads\/2025\/06\/Silicon-Carbide-Crucible-1-18x7.webp 18w\" sizes=\"auto, (max-width: 1400px) 100vw, 1400px\" \/><\/p>\n<h2 id=\"TechniqueData\">Kerui Silisyum Karb\u00fcr Pota Temel \u00d6zellikleri<\/h2>\n<table id=\"tablepress-99\" class=\"tablepress tablepress-id-99\">\n<thead>\n<tr class=\"row-1\">\n<th class=\"column-1\">\u00d6\u011fe<\/th>\n<th class=\"column-2\">Silisyum Karb\u00fcr Pota<\/th>\n<\/tr>\n<\/thead>\n<tbody class=\"row-striping row-hover\">\n<tr class=\"row-2\">\n<td class=\"column-1\">Y\u00fck Alt\u0131nda Refrakterlik<\/td>\n<td class=\"column-2\">1650\u00baC<\/td>\n<\/tr>\n<tr class=\"row-3\">\n<td class=\"column-1\">Maks. \u00e7al\u0131\u015fma s\u0131cakl\u0131\u011f\u0131<\/td>\n<td class=\"column-2\">1200-1500\u00baC<\/td>\n<\/tr>\n<tr class=\"row-4\">\n<td class=\"column-1\">SiC<\/td>\n<td class=\"column-2\">\u226545%<\/td>\n<\/tr>\n<tr class=\"row-5\">\n<td class=\"column-1\">Y\u0131\u011f\u0131n Yo\u011funlu\u011fu<\/td>\n<td class=\"column-2\">\u22651,9-2,1g\/cm\u00b3<\/td>\n<\/tr>\n<tr class=\"row-6\">\n<td class=\"column-1\">G\u00f6r\u00fcn\u00fcr G\u00f6zeneklilik<\/td>\n<td class=\"column-2\">\u226410-14%<\/td>\n<\/tr>\n<tr class=\"row-7\">\n<td class=\"column-1\">T\u00fcrleri<\/td>\n<td class=\"column-2\">10#-5000#<\/td>\n<\/tr>\n<tr class=\"row-8\">\n<td class=\"column-1\">D\u0131\u015f \u00c7ap<\/td>\n<td class=\"column-2\">142-1050mm<\/td>\n<\/tr>\n<tr class=\"row-9\">\n<td class=\"column-1\">\u0130\u00e7 \u00c7ap<\/td>\n<td class=\"column-2\">110-930mm<\/td>\n<\/tr>\n<tr class=\"row-10\">\n<td class=\"column-1\">Toplam Y\u00fckseklik<\/td>\n<td class=\"column-2\">180-1320mm<\/td>\n<\/tr>\n<tr class=\"row-11\">\n<td class=\"column-1\">Alt D\u0131\u015f \u00c7ap<\/td>\n<td class=\"column-2\">90-550mm<\/td>\n<\/tr>\n<\/tbody>\n<\/table>\n<p><!-- #tablepress-99 from cache --><\/p>\n<p><center><a class=\"fancybox price\" href=\"#contact_form_pop\">F\u0130YAT AL<\/a><\/center><\/p>\n<h2>KERUI Silisyum Karb\u00fcr Pota Boyutlar\u0131 ve T\u00fcrleri<\/h2>\n<p>M\u00fc\u015fteri ihtiya\u00e7lar\u0131na g\u00f6re, a\u015fa\u011f\u0131dakiler de dahil olmak \u00fczere \u00e7e\u015fitli standart ve \u00f6zelle\u015ftirilmi\u015f potalar sunuyoruz <strong>le\u011fen veya \u00e7anak \u015fekilleri, \"TP\" \u015fekli, sintine \u015fekli, a\u011f\u0131zl\u0131 veya a\u011f\u0131zl\u0131 le\u011fen \u015fekilleri ve silindirik \u015fekilli potalar.<\/strong> Ayr\u0131ca \u00e7e\u015fitli d\u00f6k\u00fcmler de sa\u011fl\u0131yoruz <strong>dudaklar ve a\u011f\u0131zlar<\/strong>.<\/p>\n<p><strong>L\u00fctfen unutmay\u0131n:<\/strong> Grafit potalar\u0131m\u0131z\u0131n \u00e7elik bir i\u00e7 kal\u0131p ve kau\u00e7uk bir d\u0131\u015f kal\u0131p kullan\u0131larak kal\u0131pland\u0131\u011f\u0131n\u0131 unutmay\u0131n. Sonu\u00e7 olarak, i\u00e7 y\u00fczey p\u00fcr\u00fczs\u00fczken d\u0131\u015f y\u00fczey tamamen p\u00fcr\u00fczs\u00fcz olmayabilir.<\/p>\n<h2>Silisyum Karb\u00fcr Pota \u00d6zellikleri<\/h2>\n<p>Silisyum Karb\u00fcr Pota birden fazla \u00f6zelli\u011fe sahiptir: hammadde olarak y\u00fcksek safl\u0131kta silisyum karb\u00fcrden yap\u0131lm\u0131\u015ft\u0131r ve y\u00fcksek s\u0131cakl\u0131kta sinterlenmi\u015ftir. 1600\u00b0C'nin \u00fczerindeki y\u00fcksek s\u0131cakl\u0131klara dayanabilir, g\u00fc\u00e7l\u00fc termal \u015fok direncine sahiptir ve s\u0131cakl\u0131k fark\u0131 nedeniyle \u00e7atlamas\u0131 kolay de\u011fildir. Y\u00fcksek termal iletkenli\u011fe sahiptir ve \u0131s\u0131y\u0131 h\u0131zl\u0131 ve e\u015fit bir \u015fekilde aktarabilir. M\u00fckemmel kimyasal stabiliteye sahiptir ve erimi\u015f metaller, asitler ve alkaliler taraf\u0131ndan korozyona kar\u015f\u0131 dayan\u0131kl\u0131d\u0131r. A\u015f\u0131nmaya dayan\u0131kl\u0131 ve uzun \u00f6m\u00fcrl\u00fcd\u00fcr.<\/p>\n<p><img loading=\"lazy\" decoding=\"async\" class=\"alignnone size-full wp-image-86761\" src=\"https:\/\/keruiref.com\/wp-content\/uploads\/2025\/06\/Silicon-Carbide-Crucible-2.webp\" alt=\"\" width=\"1400\" height=\"565\" srcset=\"https:\/\/keruiref.com\/wp-content\/uploads\/2025\/06\/Silicon-Carbide-Crucible-2.webp 1400w, https:\/\/keruiref.com\/wp-content\/uploads\/2025\/06\/Silicon-Carbide-Crucible-2-300x121.webp 300w, https:\/\/keruiref.com\/wp-content\/uploads\/2025\/06\/Silicon-Carbide-Crucible-2-1024x413.webp 1024w, https:\/\/keruiref.com\/wp-content\/uploads\/2025\/06\/Silicon-Carbide-Crucible-2-768x310.webp 768w, https:\/\/keruiref.com\/wp-content\/uploads\/2025\/06\/Silicon-Carbide-Crucible-2-18x7.webp 18w\" sizes=\"auto, (max-width: 1400px) 100vw, 1400px\" \/><\/p>\n<p><center><a class=\"fancybox price\" href=\"#contact_form_pop\">F\u0130YAT AL<\/a><\/center><\/p>\n<h2>Silisyum Karb\u00fcr Pota Uygulamas\u0131<\/h2>\n<p>Silisyum karb\u00fcr grafit potalar, demir d\u0131\u015f\u0131 metallerin ve alt\u0131n, g\u00fcm\u00fc\u015f, bak\u0131r, al\u00fcminyum, kur\u015fun, \u00e7inko, \u00e7elik, ala\u015f\u0131mlar, seramikler vb. gibi \u00e7e\u015fitli malzemelerin eritilmesine hizmet eder. \u00c7oklu f\u0131r\u0131nlarda uygulanabilir, metal eritme f\u0131r\u0131nlar\u0131, paslanmaz \u00e7elik d\u00f6k\u00fcmhaneleri, kok f\u0131r\u0131nlar\u0131, k\u00f6m\u00fcr f\u0131r\u0131nlar\u0131 vb. i\u00e7in uygundurlar.<br \/>\n<img loading=\"lazy\" decoding=\"async\" class=\"alignnone size-full wp-image-86730\" src=\"https:\/\/keruiref.com\/wp-content\/uploads\/2025\/06\/Application-of-KERUI-Kiln-Shelves.webp\" alt=\"\" width=\"1450\" height=\"679\" srcset=\"https:\/\/keruiref.com\/wp-content\/uploads\/2025\/06\/Application-of-KERUI-Kiln-Shelves.webp 1450w, https:\/\/keruiref.com\/wp-content\/uploads\/2025\/06\/Application-of-KERUI-Kiln-Shelves-300x140.webp 300w, https:\/\/keruiref.com\/wp-content\/uploads\/2025\/06\/Application-of-KERUI-Kiln-Shelves-1024x480.webp 1024w, https:\/\/keruiref.com\/wp-content\/uploads\/2025\/06\/Application-of-KERUI-Kiln-Shelves-768x360.webp 768w, https:\/\/keruiref.com\/wp-content\/uploads\/2025\/06\/Application-of-KERUI-Kiln-Shelves-18x8.webp 18w\" sizes=\"auto, (max-width: 1450px) 100vw, 1450px\" \/><\/p>\n<\/div>\n<div id=\"INQUIRY\" class=\"page_model\">\n<div class=\"wpcf7 no-js\" id=\"wpcf7-f328-o1\" lang=\"en-US\" dir=\"ltr\" data-wpcf7-id=\"328\">\n<div class=\"screen-reader-response\">\n<p role=\"status\" aria-live=\"polite\" aria-atomic=\"true\">\n<ul><\/ul>\n<\/div>\n<form action=\"\/tr\/wp-json\/wp\/v2\/pages\/86756#wpcf7-f328-o1\" method=\"post\" class=\"wpcf7-form init\" aria-label=\"\u0130leti\u015fim formu\" novalidate=\"novalidate\" data-status=\"init\" data-trp-original-action=\"\/tr\/wp-json\/wp\/v2\/pages\/86756#wpcf7-f328-o1\">\n<div style=\"display: none;\">\n<input type=\"hidden\" name=\"_wpcf7\" value=\"328\" \/><br \/>\n<input type=\"hidden\" name=\"_wpcf7_version\" value=\"6.0.4\" \/><br \/>\n<input type=\"hidden\" name=\"_wpcf7_locale\" value=\"en_US\" \/><br \/>\n<input type=\"hidden\" name=\"_wpcf7_unit_tag\" value=\"wpcf7-f328-o1\" \/><br \/>\n<input type=\"hidden\" name=\"_wpcf7_container_post\" value=\"0\" \/><br \/>\n<input type=\"hidden\" name=\"_wpcf7_posted_data_hash\" value=\"\" \/><br \/>\n<input type=\"hidden\" name=\"_wpcf7_recaptcha_response\" value=\"\" \/>\n<\/div>\n<div class=\"form-box\" id=\"Contact-Us\">\n<div class=\"isleft\">\n<div class=\"contact-title\">\n<p>Bize Ula\u015f\u0131n\n\t\t\t<\/p>\n<\/p><\/div>\n<div class=\"contactp\">\n<p>L\u00fctfen sorunuzu do\u011fru formda vermekten \u00e7ekinmeyin. Size 6 saat i\u00e7inde cevap verece\u011fiz.\n\t\t\t<\/p>\n<\/p><\/div>\n<ul class=\"contact\">\n<li class=\"email\">\n<p><img decoding=\"async\" src=\"https:\/\/keruiref.com\/wp-content\/uploads\/2023\/12\/email.png\" alt=\"\" \/>E-posta:\n\t\t\t\t<\/p>\n<p><a href=\"mailto:market@keruiref.com\">market@keruiref.com<\/a>\n\t\t\t\t<\/p>\n<\/li>\n<li class=\"phone\">\n<p><img decoding=\"async\" src=\"https:\/\/keruiref.com\/wp-content\/uploads\/2023\/12\/tel.png\" alt=\"\" \/>Telefon\/whatsapp:\n\t\t\t\t<\/p>\n<p><a href=\"https:\/\/wa.me\/8619138178880\">+86 19138178880<\/a>\n\t\t\t\t<\/p>\n<\/li>\n<li class=\"location\">\n<p><img decoding=\"async\" src=\"https:\/\/keruiref.com\/wp-content\/uploads\/2023\/12\/Location.png\" alt=\"\" \/>\u00dcretim \u00dcss\u00fc:\n\t\t\t\t<\/p>\n<p>Chaohua Refrakter Sanayi B\u00f6lgesi,<br \/>\nXinmi \u015eehri, Henan Eyaleti, \u00c7in\n\t\t\t\t<\/p>\n<\/li>\n<\/ul><\/div>\n<div class=\"isright\">\n<ul class=\"contact-input\">\n<li>\n<div class=\"islabel\">\n<p>* \u0130sim:\n\t\t\t\t\t<\/p>\n<\/p><\/div>\n<p><span class=\"wpcf7-form-control-wrap\" data-name=\"your-name\"><input size=\"40\" maxlength=\"400\" class=\"wpcf7-form-control wpcf7-text wpcf7-validates-as-required\" aria-required=\"true\" aria-invalid=\"false\" placeholder=\"\" value=\"\" type=\"text\" name=\"your-name\" \/><\/span>\n\t\t\t\t<\/p>\n<\/li>\n<li>\n<div class=\"islabel\">\n<p>* E-posta:\n\t\t\t\t\t<\/p>\n<\/p><\/div>\n<p><span class=\"wpcf7-form-control-wrap\" data-name=\"your-email\"><input size=\"40\" maxlength=\"400\" class=\"wpcf7-form-control wpcf7-email wpcf7-validates-as-required wpcf7-text wpcf7-validates-as-email\" aria-required=\"true\" aria-invalid=\"false\" placeholder=\"\" value=\"\" type=\"email\" name=\"your-email\" \/><\/span>\n\t\t\t\t<\/p>\n<\/li>\n<li>\n<div class=\"islabel\">\n<p>* Telefon\/Whatsapp:\n\t\t\t\t\t<\/p>\n<\/p><\/div>\n<p><span class=\"wpcf7-form-control-wrap\" data-name=\"your-phone\"><input size=\"40\" maxlength=\"400\" class=\"wpcf7-form-control wpcf7-tel wpcf7-text wpcf7-validates-as-tel\" aria-invalid=\"false\" placeholder=\"\" value=\"\" type=\"tel\" name=\"your-phone\" \/><\/span>\n\t\t\t\t<\/p>\n<\/li>\n<li>\n<div class=\"islabel\">\n<p>\u00dclke:\n\t\t\t\t\t<\/p>\n<\/p><\/div>\n<p><span class=\"wpcf7-form-control-wrap\" data-name=\"your-country\"><input size=\"40\" maxlength=\"400\" class=\"wpcf7-form-control wpcf7-text\" aria-invalid=\"false\" placeholder=\"\" value=\"\" type=\"text\" name=\"your-country\" \/><\/span>\n\t\t\t\t<\/p>\n<\/li>\n<li class=\"ismassage\">\n<div class=\"islabel\">\n<p>* Mesaj:\n\t\t\t\t\t<\/p>\n<\/p><\/div>\n<p><span class=\"wpcf7-form-control-wrap\" data-name=\"your-msg\"><textarea cols=\"40\" rows=\"10\" maxlength=\"2000\" class=\"wpcf7-form-control wpcf7-textarea wpcf7-validates-as-required\" aria-required=\"true\" aria-invalid=\"false\" name=\"your-msg\"><\/textarea><\/span>\n\t\t\t\t<\/p>\n<\/li>\n<li class=\"wpcf7-btns-box\">\n<div class=\"isFileName\">\n\t\t\t\t<\/div>\n<div class=\"wpcf7-btns\">\n<p><input class=\"wpcf7-form-control wpcf7-submit has-spinner\" type=\"submit\" value=\"G\u00d6NDER\" \/>\n\t\t\t\t\t<\/p>\n<\/p><\/div>\n<\/li>\n<\/ul><\/div>\n<\/div>\n<div class=\"wpcf7-response-output\" aria-hidden=\"true\"><\/div>\n<input type=\"hidden\" name=\"trp-form-language\" value=\"tr\"\/><\/form>\n<\/div>\n<\/div>","protected":false},"excerpt":{"rendered":"Silicon Carbide Crucible Silicon carbide crucibles are made of high purity silicon carbide and graphite. Keri offers crucibles in various shapes and sizes, and can also customize the size for you according to your requirements. The service life of silicon carbide crucibles is 2-3 times &#8230; <a title=\"Silisyum Karb\u00fcr Pota\" class=\"read-more\" href=\"https:\/\/keruiref.com\/tr\/silisyum-karbur-pota\/\" aria-label=\"More on Silicon Carbide Crucible\">Daha fazla bilgi edinin<\/a>","protected":false},"author":1,"featured_media":0,"parent":0,"menu_order":0,"comment_status":"closed","ping_status":"closed","template":"","meta":{"footnotes":""},"class_list":{"0":"post-86756","1":"page","2":"type-page","3":"status-publish","5":"no-featured-image-padding"},"yoast_head":"<!-- This site is optimized with the Yoast SEO plugin v24.9 - https:\/\/yoast.com\/wordpress\/plugins\/seo\/ -->\n<title>Silicon Carbide Crucible - Your Refractory Bricks, Castables Manufacturer For Kiln | Kerui Refractory\u00ae Official Website<\/title>\n<meta name=\"description\" content=\"Silicon Carbide Crucible is a high-temp container made of high-purity silicon carbide via high-temp sintering. With excellent thermal conductivity and shock resistance, it withstands &gt;1600\u2103, resists molten metal corrosion, and offers strong chemical stability.\" \/>\n<meta name=\"robots\" content=\"index, follow, max-snippet:-1, max-image-preview:large, max-video-preview:-1\" \/>\n<link rel=\"canonical\" href=\"https:\/\/keruiref.com\/tr\/silisyum-karbur-pota\/\" \/>\n<script type=\"application\/ld+json\" class=\"yoast-schema-graph\">{\"@context\":\"https:\/\/schema.org\",\"@graph\":[{\"@type\":\"WebPage\",\"@id\":\"https:\/\/keruiref.com\/silicon-carbide-crucible\/\",\"url\":\"https:\/\/keruiref.com\/silicon-carbide-crucible\/\",\"name\":\"Silicon Carbide Crucible - Your Refractory Bricks, Castables Manufacturer For Kiln | Kerui Refractory\u00ae Official Website\",\"isPartOf\":{\"@id\":\"https:\/\/keruiref.com\/el\/#website\"},\"primaryImageOfPage\":{\"@id\":\"https:\/\/keruiref.com\/silicon-carbide-crucible\/#primaryimage\"},\"image\":{\"@id\":\"https:\/\/keruiref.com\/silicon-carbide-crucible\/#primaryimage\"},\"thumbnailUrl\":\"https:\/\/keruiref.com\/wp-content\/uploads\/2025\/06\/Silicon-Carbide-Crucibles_kerui.webp\",\"datePublished\":\"2025-06-04T03:17:59+00:00\",\"description\":\"Silicon Carbide Crucible is a high-temp container made of high-purity silicon carbide via high-temp sintering. With excellent thermal conductivity and shock resistance, it withstands >1600\u2103, resists molten metal corrosion, and offers strong chemical stability.\",\"breadcrumb\":{\"@id\":\"https:\/\/keruiref.com\/silicon-carbide-crucible\/#breadcrumb\"},\"inLanguage\":\"tr\",\"potentialAction\":[{\"@type\":\"ReadAction\",\"target\":[\"https:\/\/keruiref.com\/silicon-carbide-crucible\/\"]}]},{\"@type\":\"ImageObject\",\"inLanguage\":\"tr\",\"@id\":\"https:\/\/keruiref.com\/silicon-carbide-crucible\/#primaryimage\",\"url\":\"https:\/\/keruiref.com\/wp-content\/uploads\/2025\/06\/Silicon-Carbide-Crucibles_kerui.webp\",\"contentUrl\":\"https:\/\/keruiref.com\/wp-content\/uploads\/2025\/06\/Silicon-Carbide-Crucibles_kerui.webp\"},{\"@type\":\"BreadcrumbList\",\"@id\":\"https:\/\/keruiref.com\/silicon-carbide-crucible\/#breadcrumb\",\"itemListElement\":[{\"@type\":\"ListItem\",\"position\":1,\"name\":\"Home\",\"item\":\"https:\/\/keruiref.com\/\"},{\"@type\":\"ListItem\",\"position\":2,\"name\":\"Silicon Carbide Crucible\"}]},{\"@type\":\"WebSite\",\"@id\":\"https:\/\/keruiref.com\/el\/#website\",\"url\":\"https:\/\/keruiref.com\/el\/\",\"name\":\"Your Refractory Bricks, Castables Manufacturer For Kiln | Kerui Refractory\u00ae Official Website\",\"description\":\"\",\"publisher\":{\"@id\":\"https:\/\/keruiref.com\/el\/#organization\"},\"potentialAction\":[{\"@type\":\"SearchAction\",\"target\":{\"@type\":\"EntryPoint\",\"urlTemplate\":\"https:\/\/keruiref.com\/el\/?s={search_term_string}\"},\"query-input\":{\"@type\":\"PropertyValueSpecification\",\"valueRequired\":true,\"valueName\":\"search_term_string\"}}],\"inLanguage\":\"tr\"},{\"@type\":\"Organization\",\"@id\":\"https:\/\/keruiref.com\/el\/#organization\",\"name\":\"Your Refractory Bricks, Castables Manufacturer For Kiln | Kerui Refractory\u00ae Official Website\",\"url\":\"https:\/\/keruiref.com\/el\/\",\"logo\":{\"@type\":\"ImageObject\",\"inLanguage\":\"tr\",\"@id\":\"https:\/\/keruiref.com\/el\/#\/schema\/logo\/image\/\",\"url\":\"https:\/\/keruiref.com\/wp-content\/uploads\/2024\/01\/footer-Logo.png\",\"contentUrl\":\"https:\/\/keruiref.com\/wp-content\/uploads\/2024\/01\/footer-Logo.png\",\"width\":282,\"height\":70,\"caption\":\"Your Refractory Bricks, Castables Manufacturer For Kiln | Kerui Refractory\u00ae Official Website\"},\"image\":{\"@id\":\"https:\/\/keruiref.com\/el\/#\/schema\/logo\/image\/\"}}]}<\/script>\n<!-- \/ Yoast SEO plugin. -->","yoast_head_json":{"title":"Silisyum Karb\u00fcr Pota - F\u0131r\u0131n i\u00e7in Refrakter Tu\u011flalar\u0131n\u0131z, D\u00f6k\u00fclebilir Malzemeler \u00dcreticiniz | Kerui Refractory\u00ae Resmi Web Sitesi","description":"Silisyum Karb\u00fcr Pota, y\u00fcksek s\u0131cakl\u0131kta sinterleme yoluyla y\u00fcksek safl\u0131kta silisyum karb\u00fcrden yap\u0131lm\u0131\u015f y\u00fcksek s\u0131cakl\u0131kta bir kapt\u0131r. M\u00fckemmel termal iletkenlik ve \u015fok direnci ile &gt;1600\u00b0C'ye dayan\u0131r, erimi\u015f metal korozyonuna diren\u00e7 g\u00f6sterir ve g\u00fc\u00e7l\u00fc kimyasal stabilite sunar.","robots":{"index":"index","follow":"follow","max-snippet":"max-snippet:-1","max-image-preview":"max-image-preview:large","max-video-preview":"max-video-preview:-1"},"canonical":"https:\/\/keruiref.com\/tr\/silisyum-karbur-pota\/","schema":{"@context":"https:\/\/schema.org","@graph":[{"@type":"WebPage","@id":"https:\/\/keruiref.com\/silicon-carbide-crucible\/","url":"https:\/\/keruiref.com\/silicon-carbide-crucible\/","name":"Silisyum Karb\u00fcr Pota - F\u0131r\u0131n i\u00e7in Refrakter Tu\u011flalar\u0131n\u0131z, D\u00f6k\u00fclebilir Malzemeler \u00dcreticiniz | Kerui Refractory\u00ae Resmi Web Sitesi","isPartOf":{"@id":"https:\/\/keruiref.com\/el\/#website"},"primaryImageOfPage":{"@id":"https:\/\/keruiref.com\/silicon-carbide-crucible\/#primaryimage"},"image":{"@id":"https:\/\/keruiref.com\/silicon-carbide-crucible\/#primaryimage"},"thumbnailUrl":"https:\/\/keruiref.com\/wp-content\/uploads\/2025\/06\/Silicon-Carbide-Crucibles_kerui.webp","datePublished":"2025-06-04T03:17:59+00:00","description":"Silisyum Karb\u00fcr Pota, y\u00fcksek s\u0131cakl\u0131kta sinterleme yoluyla y\u00fcksek safl\u0131kta silisyum karb\u00fcrden yap\u0131lm\u0131\u015f y\u00fcksek s\u0131cakl\u0131kta bir kapt\u0131r. M\u00fckemmel termal iletkenlik ve \u015fok direnci ile &gt;1600\u00b0C'ye dayan\u0131r, erimi\u015f metal korozyonuna diren\u00e7 g\u00f6sterir ve g\u00fc\u00e7l\u00fc kimyasal stabilite sunar.","breadcrumb":{"@id":"https:\/\/keruiref.com\/silicon-carbide-crucible\/#breadcrumb"},"inLanguage":"tr","potentialAction":[{"@type":"ReadAction","target":["https:\/\/keruiref.com\/silicon-carbide-crucible\/"]}]},{"@type":"ImageObject","inLanguage":"tr","@id":"https:\/\/keruiref.com\/silicon-carbide-crucible\/#primaryimage","url":"https:\/\/keruiref.com\/wp-content\/uploads\/2025\/06\/Silicon-Carbide-Crucibles_kerui.webp","contentUrl":"https:\/\/keruiref.com\/wp-content\/uploads\/2025\/06\/Silicon-Carbide-Crucibles_kerui.webp"},{"@type":"BreadcrumbList","@id":"https:\/\/keruiref.com\/silicon-carbide-crucible\/#breadcrumb","itemListElement":[{"@type":"ListItem","position":1,"name":"Home","item":"https:\/\/keruiref.com\/"},{"@type":"ListItem","position":2,"name":"Silicon Carbide Crucible"}]},{"@type":"WebSite","@id":"https:\/\/keruiref.com\/el\/#website","url":"https:\/\/keruiref.com\/el\/","name":"F\u0131r\u0131n i\u00e7in Refrakter Tu\u011flalar\u0131n\u0131z, D\u00f6k\u00fclebilir Malzemeler \u00dcreticiniz | Kerui Refractory\u00ae Resmi Web Sitesi","description":"","publisher":{"@id":"https:\/\/keruiref.com\/el\/#organization"},"potentialAction":[{"@type":"SearchAction","target":{"@type":"EntryPoint","urlTemplate":"https:\/\/keruiref.com\/el\/?s={search_term_string}"},"query-input":{"@type":"PropertyValueSpecification","valueRequired":true,"valueName":"search_term_string"}}],"inLanguage":"tr"},{"@type":"Organization","@id":"https:\/\/keruiref.com\/el\/#organization","name":"F\u0131r\u0131n i\u00e7in Refrakter Tu\u011flalar\u0131n\u0131z, D\u00f6k\u00fclebilir Malzemeler \u00dcreticiniz | Kerui Refractory\u00ae Resmi Web Sitesi","url":"https:\/\/keruiref.com\/el\/","logo":{"@type":"ImageObject","inLanguage":"tr","@id":"https:\/\/keruiref.com\/el\/#\/schema\/logo\/image\/","url":"https:\/\/keruiref.com\/wp-content\/uploads\/2024\/01\/footer-Logo.png","contentUrl":"https:\/\/keruiref.com\/wp-content\/uploads\/2024\/01\/footer-Logo.png","width":282,"height":70,"caption":"Your Refractory Bricks, Castables Manufacturer For Kiln | Kerui Refractory\u00ae Official Website"},"image":{"@id":"https:\/\/keruiref.com\/el\/#\/schema\/logo\/image\/"}}]}},"_links":{"self":[{"href":"https:\/\/keruiref.com\/tr\/wp-json\/wp\/v2\/pages\/86756","targetHints":{"allow":["GET"]}}],"collection":[{"href":"https:\/\/keruiref.com\/tr\/wp-json\/wp\/v2\/pages"}],"about":[{"href":"https:\/\/keruiref.com\/tr\/wp-json\/wp\/v2\/types\/page"}],"author":[{"embeddable":true,"href":"https:\/\/keruiref.com\/tr\/wp-json\/wp\/v2\/users\/1"}],"replies":[{"embeddable":true,"href":"https:\/\/keruiref.com\/tr\/wp-json\/wp\/v2\/comments?post=86756"}],"version-history":[{"count":0,"href":"https:\/\/keruiref.com\/tr\/wp-json\/wp\/v2\/pages\/86756\/revisions"}],"wp:attachment":[{"href":"https:\/\/keruiref.com\/tr\/wp-json\/wp\/v2\/media?parent=86756"}],"curies":[{"name":"wp","href":"https:\/\/api.w.org\/{rel}","templated":true}]}}