{"id":86733,"date":"2025-06-04T10:13:00","date_gmt":"2025-06-04T02:13:00","guid":{"rendered":"https:\/\/keruiref.com\/?page_id=86733"},"modified":"2025-06-04T10:18:01","modified_gmt":"2025-06-04T02:18:01","slug":"silisyum-karbur-tup","status":"publish","type":"page","link":"https:\/\/keruiref.com\/tr\/silisyum-karbur-tup\/","title":{"rendered":"Silisyum Karb\u00fcr T\u00fcp"},"content":{"rendered":"<div class=\"page_model product_info\">\n<div class=\"preview\"><img loading=\"lazy\" decoding=\"async\" class=\"alignnone size-full wp-image-86734\" src=\"https:\/\/keruiref.com\/wp-content\/uploads\/2025\/06\/KERUI-Silicon-Carbide-Tube-Price.webp\" alt=\"\" width=\"780\" height=\"639\" srcset=\"https:\/\/keruiref.com\/wp-content\/uploads\/2025\/06\/KERUI-Silicon-Carbide-Tube-Price.webp 780w, https:\/\/keruiref.com\/wp-content\/uploads\/2025\/06\/KERUI-Silicon-Carbide-Tube-Price-300x246.webp 300w, https:\/\/keruiref.com\/wp-content\/uploads\/2025\/06\/KERUI-Silicon-Carbide-Tube-Price-768x629.webp 768w, https:\/\/keruiref.com\/wp-content\/uploads\/2025\/06\/KERUI-Silicon-Carbide-Tube-Price-15x12.webp 15w\" sizes=\"auto, (max-width: 780px) 100vw, 780px\" \/><\/div>\n<div class=\"info\">\n<h1>Silisyum Karb\u00fcr T\u00fcp<\/h1>\n<p>Silisyum karb\u00fcr t\u00fcp, y\u00fcksek s\u0131cakl\u0131k end\u00fcstrileri i\u00e7in y\u00fcksek performansl\u0131 yo\u011fun bir seramiktir. Kerui t\u00fcpleri, esas olarak \u0131s\u0131tma, so\u011futma, gaz ta\u015f\u0131ma ve f\u0131r\u0131n deste\u011fi i\u00e7in kullan\u0131lan m\u00fckemmel \u0131s\u0131 direncine ve uzun \u00f6mre sahiptir. \u00d6nde gelen \u00c7inli bir \u00fcretici olarak, \u00e7e\u015fitli \u00fcr\u00fcnler ve f\u0131r\u0131n \u00e7\u00f6z\u00fcmleri sunuyoruz.<\/p>\n<ul>\n<li>sic (\u2265)\/: 88-99.5%<\/li>\n<li>Y\u0131\u011f\u0131n Yo\u011funlu\u011fu: 2,7-3,1g\/cm\u00b3<\/li>\n<li>\u00c7al\u0131\u015fma S\u0131cakl\u0131\u011f\u0131: 1300-1650\u2103<\/li>\n<li>Bas\u0131n\u00e7 Dayan\u0131m\u0131: 300-2100MPa<\/li>\n<li>Sertifikasyon: ISO9001\/ISO14001\/ISO45001\/ISO50001<\/li>\n<li>\u0130\u015fleme Hizmeti: B\u00fckme, Kaynak, Delme, \u00c7\u00f6zme, Kesme, Kal\u0131plama<\/li>\n<\/ul>\n<div class=\"tags\">\n<p>Y\u00fcksek Kalite<\/p>\n<p>Uygun Fiyat<\/p>\n<p>\u00d6zelle\u015ftirilebilir \u00dcr\u00fcnler ve \u00c7\u00f6z\u00fcmler<\/p>\n<p>Zaman\u0131nda Teslimat<\/p>\n<p>7\/24\/365 Hizmetinizdeyiz<\/p>\n<\/div>\n<p><a class=\"inruiry fancybox\" href=\"#contact_form_pop\">\u015fimdi inruiry<\/a><a class=\"email-btn\" href=\"mailto: market@keruiref.com\">e-posta g\u00f6nder<\/a><\/p>\n<\/div>\n<\/div>\n<ul class=\"anchor\">\n<li><a href=\"#PRODUCTDESCRIPTION\">\u00dcR\u00dcN TANIMI<\/a><\/li>\n<li><a href=\"#TechniqueData\">Teknik Veriler<\/a><\/li>\n<li><a href=\"#INQUIRY\">SORGULAMA<\/a><\/li>\n<li><a href=\"#RELATEDPRODUCTS\">\u0130LG\u0130L\u0130 \u00dcR\u00dcNLER<\/a><\/li>\n<\/ul>\n<div class=\"page_model\">\n<h2 id=\"PRODUCTDESCRIPTION\">Silisyum Karb\u00fcr T\u00fcp\u00fcn Tan\u0131m\u0131<\/h2>\n<p>Silisyum karb\u00fcr t\u00fcp, y\u00fcksek s\u0131cakl\u0131k direnci (1400 \u2103'nin \u00fczerinde), a\u015f\u0131nma direnci, korozyon direnci ve m\u00fckemmel termal \u015fok kararl\u0131l\u0131\u011f\u0131 \u00f6zelliklerine sahip, esas olarak silisyum karb\u00fcr i\u00e7eren y\u00fcksek performansl\u0131 yo\u011fun bir seramik \u00fcr\u00fcnd\u00fcr. Is\u0131tma, so\u011futma, gaz ta\u015f\u0131ma ve uzun hizmet \u00f6mr\u00fcne sahip destekleyici bile\u015fenler olarak end\u00fcstriyel f\u0131r\u0131nlar i\u00e7in uygundur.<\/p>\n<p>S\u00fcrece ba\u011fl\u0131 olarak silisyum karb\u00fcr t\u00fcpler, reaksiyon sinterlenmi\u015f silisyum karb\u00fcr t\u00fcpler ve yeniden kristalle\u015ftirilmi\u015f silisyum karb\u00fcr t\u00fcpler tedarik edebiliriz. M\u00fckemmel performans, silisyum karb\u00fcr t\u00fcpleri y\u00fcksek s\u0131cakl\u0131k uygulamalar\u0131nda geleneksel yar\u0131 iletkenler (silikon gibi) i\u00e7in potansiyel bir ikame haline getirmektedir.<\/p>\n<p><img loading=\"lazy\" decoding=\"async\" class=\"alignnone size-full wp-image-86736\" src=\"https:\/\/keruiref.com\/wp-content\/uploads\/2025\/06\/Kerui-Silicon-Carbide-Tube-2.webp\" alt=\"\" width=\"1450\" height=\"571\" srcset=\"https:\/\/keruiref.com\/wp-content\/uploads\/2025\/06\/Kerui-Silicon-Carbide-Tube-2.webp 1450w, https:\/\/keruiref.com\/wp-content\/uploads\/2025\/06\/Kerui-Silicon-Carbide-Tube-2-300x118.webp 300w, https:\/\/keruiref.com\/wp-content\/uploads\/2025\/06\/Kerui-Silicon-Carbide-Tube-2-1024x403.webp 1024w, https:\/\/keruiref.com\/wp-content\/uploads\/2025\/06\/Kerui-Silicon-Carbide-Tube-2-768x302.webp 768w, https:\/\/keruiref.com\/wp-content\/uploads\/2025\/06\/Kerui-Silicon-Carbide-Tube-2-18x7.webp 18w\" sizes=\"auto, (max-width: 1450px) 100vw, 1450px\" \/><\/p>\n<h2 id=\"TechniqueData\">Kerui Silisyum Karb\u00fcr T\u00fcp \u00d6zellikleri<\/h2>\n<table id=\"tablepress-98\" class=\"tablepress tablepress-id-98 tbody-has-connected-cells\">\n<thead>\n<tr class=\"row-1\">\n<th class=\"column-1\">\u00d6\u011fe<\/th>\n<th class=\"column-2\">SiO\u2082-SiC<\/th>\n<th class=\"column-3\">SiSiC\/RBSiC<\/th>\n<th class=\"column-4\">R-SiC<\/th>\n<th class=\"column-5\">Si3N4-SiC<\/th>\n<\/tr>\n<\/thead>\n<tbody class=\"row-striping row-hover\">\n<tr class=\"row-2\">\n<td class=\"column-1\">SiC %<\/td>\n<td class=\"column-2\">\uff1e85<\/td>\n<td class=\"column-3\">90~92<\/td>\n<td class=\"column-4\">\uff1e99<\/td>\n<td class=\"column-5\">\u226575<\/td>\n<\/tr>\n<tr class=\"row-3\">\n<td class=\"column-1\">Yo\u011funluk g\/cm3<\/td>\n<td class=\"column-2\">2.65~2.75<\/td>\n<td class=\"column-3\">>3.02<\/td>\n<td class=\"column-4\">2.65\uff5e2.75<\/td>\n<td class=\"column-5\">2.65\uff5e2.85<\/td>\n<\/tr>\n<tr class=\"row-4\">\n<td class=\"column-1\">G\u00f6zeneklilik %<\/td>\n<td class=\"column-2\">15~16<\/td>\n<td class=\"column-3\"><0.1<\/td>\n<td class=\"column-4\">15-18<\/td>\n<td class=\"column-5\">13-15<\/td>\n<\/tr>\n<tr class=\"row-5\">\n<td class=\"column-1\">E\u011filme dayan\u0131m\u0131 (20 \u2103) Mpa<\/td>\n<td class=\"column-2\">90~100<\/td>\n<td class=\"column-3\">260<\/td>\n<td class=\"column-4\">80\uff5e100<\/td>\n<td class=\"column-5\">160-180<\/td>\n<\/tr>\n<tr class=\"row-6\">\n<td class=\"column-1\">E\u011filme dayan\u0131m\u0131 (1200 \u2103) Mpa<\/td>\n<td class=\"column-2\">100~110<\/td>\n<td class=\"column-3\">280<\/td>\n<td class=\"column-4\">90\uff5e110<\/td>\n<td class=\"column-5\">170-180<\/td>\n<\/tr>\n<tr class=\"row-7\">\n<td class=\"column-1\">bas\u0131n\u00e7 dayan\u0131m\u0131 (20 \u2103) Mpa<\/td>\n<td class=\"column-2\">\u2265300<\/td>\n<td class=\"column-3\">900<\/td>\n<td class=\"column-4\">\u2265300<\/td>\n<td class=\"column-5\">580<\/td>\n<\/tr>\n<tr class=\"row-8\">\n<td class=\"column-1\">Sertlik Kg\/mm2<\/td>\n<td class=\"column-2\">1800~2000<\/td>\n<td class=\"column-3\">2400<\/td>\n<td class=\"column-4\">1800\uff5e2000<\/td>\n<td class=\"column-5\">2000-3000<\/td>\n<\/tr>\n<tr class=\"row-9\">\n<td class=\"column-1\">Termal \u0130letkenlik (1200\u2103)w.m-1.k-1<\/td>\n<td class=\"column-2\">35~36<\/td>\n<td class=\"column-3\">45<\/td>\n<td class=\"column-4\">36<\/td>\n<td class=\"column-5\">19.6<\/td>\n<\/tr>\n<tr class=\"row-10\">\n<td rowspan=\"2\" class=\"column-1\">Termal genle\u015fme katsay\u0131s\u0131 (1200 \u2103)<\/td>\n<td rowspan=\"2\" class=\"column-2\">4.6<\/td>\n<td rowspan=\"2\" class=\"column-3\">4.5<\/td>\n<td rowspan=\"2\" class=\"column-4\">4.6<\/td>\n<td rowspan=\"2\" class=\"column-5\">4.7<\/td>\n<\/tr>\n<tr class=\"row-11\">\n<\/tr>\n<tr class=\"row-12\">\n<td class=\"column-1\">Maksimum \u00e7al\u0131\u015fma s\u0131cakl\u0131\u011f\u0131 \u2103<\/td>\n<td class=\"column-2\">1500<\/td>\n<td class=\"column-3\">1380<\/td>\n<td class=\"column-4\">1650<\/td>\n<td class=\"column-5\">1550<\/td>\n<\/tr>\n<\/tbody>\n<\/table>\n<p><!-- #tablepress-98 from cache --><\/p>\n<p>Yukar\u0131dakiler, size sa\u011flad\u0131\u011f\u0131m\u0131z silisyum karb\u00fcr t\u00fcplerin temel parametreleridir. (Parametre tablosundaki veriler Kerry teknik ekibi taraf\u0131ndan \u00e7oklu testlerden sonra elde edilmi\u015ftir. Elbette, Kerry \u00e7e\u015fitli parametreleri ihtiya\u00e7lar\u0131n\u0131za g\u00f6re \u00f6zelle\u015ftirmekten mutluluk duyar).<\/p>\n<p><img loading=\"lazy\" decoding=\"async\" class=\"alignnone size-full wp-image-86737\" src=\"https:\/\/keruiref.com\/wp-content\/uploads\/2025\/06\/Kerui-Silicon-Carbide-Tube-1.webp\" alt=\"\" width=\"1450\" height=\"522\" srcset=\"https:\/\/keruiref.com\/wp-content\/uploads\/2025\/06\/Kerui-Silicon-Carbide-Tube-1.webp 1450w, https:\/\/keruiref.com\/wp-content\/uploads\/2025\/06\/Kerui-Silicon-Carbide-Tube-1-300x108.webp 300w, https:\/\/keruiref.com\/wp-content\/uploads\/2025\/06\/Kerui-Silicon-Carbide-Tube-1-1024x369.webp 1024w, https:\/\/keruiref.com\/wp-content\/uploads\/2025\/06\/Kerui-Silicon-Carbide-Tube-1-768x276.webp 768w, https:\/\/keruiref.com\/wp-content\/uploads\/2025\/06\/Kerui-Silicon-Carbide-Tube-1-18x6.webp 18w\" sizes=\"auto, (max-width: 1450px) 100vw, 1450px\" \/><\/p>\n<p><center><a class=\"fancybox price\" href=\"#contact_form_pop\">F\u0130YAT AL<\/a><\/center><\/p>\n<h2>Silisyum Karb\u00fcr T\u00fcp\u00fcn Yayg\u0131n Boyutlar\u0131 ve T\u00fcrleri<\/h2>\n<p>Kerui silisyum karb\u00fcr t\u00fcpleri \u00e7e\u015fitli boyutlarda mevcuttur. Standart boyutlar\u0131n yan\u0131 s\u0131ra, t\u00fcpleri m\u00fc\u015fteri gereksinimlerine g\u00f6re de \u00f6zelle\u015ftirebiliriz.<\/p>\n<p><img loading=\"lazy\" decoding=\"async\" class=\"alignnone size-full wp-image-86739\" src=\"https:\/\/keruiref.com\/wp-content\/uploads\/2025\/06\/Kerui-Silicon-Carbide-Tube-Size.webp\" alt=\"\" width=\"1450\" height=\"617\" srcset=\"https:\/\/keruiref.com\/wp-content\/uploads\/2025\/06\/Kerui-Silicon-Carbide-Tube-Size.webp 1450w, https:\/\/keruiref.com\/wp-content\/uploads\/2025\/06\/Kerui-Silicon-Carbide-Tube-Size-300x128.webp 300w, https:\/\/keruiref.com\/wp-content\/uploads\/2025\/06\/Kerui-Silicon-Carbide-Tube-Size-1024x436.webp 1024w, https:\/\/keruiref.com\/wp-content\/uploads\/2025\/06\/Kerui-Silicon-Carbide-Tube-Size-768x327.webp 768w, https:\/\/keruiref.com\/wp-content\/uploads\/2025\/06\/Kerui-Silicon-Carbide-Tube-Size-18x8.webp 18w\" sizes=\"auto, (max-width: 1450px) 100vw, 1450px\" \/><\/p>\n<h2>Silisyum Karb\u00fcr T\u00fcp\u00fcn \u00d6zellikleri<\/h2>\n<p>Silisyum Karb\u00fcr T\u00fcp, g\u00fc\u00e7l\u00fc oksidasyon direncini korurken 1600 \u2103'nin \u00fczerinde dayanabilen m\u00fckemmel y\u00fcksek s\u0131cakl\u0131k direncine sahiptir. Y\u00fcksek s\u0131cakl\u0131klarda istikrarl\u0131 mekanik mukavemet, \u00fcst\u00fcn termal \u015fok direnci ve asitlere, alkalilere ve di\u011fer kimyasallara kar\u015f\u0131 g\u00fc\u00e7l\u00fc korozyon direncine sahiptir. Ayr\u0131ca, enerji verimlili\u011fi ve g\u00fcvenilir yal\u0131t\u0131m i\u00e7in iyi termal iletkenlik sunarak elektronik, enerji ve daha bir\u00e7ok alandaki y\u00fcksek s\u0131cakl\u0131k uygulamalar\u0131 i\u00e7in idealdir.<\/p>\n<h2>Silisyum Karb\u00fcr T\u00fcp Uygulamas\u0131<\/h2>\n<ul>\n<li><strong>Koruma bile\u015fenleri:<\/strong> Orta frekansl\u0131 d\u00f6vme, \u00e7e\u015fitli \u0131s\u0131l i\u015flem elektrikli f\u0131r\u0131nlar, metalurji, kimya end\u00fcstrisi, demir d\u0131\u015f\u0131 metal eritme vb. gibi y\u00fcksek s\u0131cakl\u0131k ekipmanlar\u0131 i\u00e7in koruma bile\u015fenleri veya silikon karb\u00fcr termokupl koruma t\u00fcp\u00fc olarak.<\/li>\n<li><strong>Harici T\u00fcp Is\u0131tma:<\/strong> T\u00fcp i\u00e7inde gerekli \u00e7al\u0131\u015fma ortam\u0131n\u0131 sa\u011flar.<\/li>\n<li><strong>F\u0131r\u0131n F\u0131r\u0131n T\u00fcpleri:<\/strong> F\u0131r\u0131nlardaki temel bile\u015fenler.<\/li>\n<li><strong>F\u0131r\u0131n Mobilyalar\u0131:<\/strong> F\u0131r\u0131nlar\u0131n i\u00e7indeki destek yap\u0131lar\u0131.<\/li>\n<li><strong>Vakum F\u0131r\u0131n\u0131 Bile\u015fenleri:<\/strong> Vakum f\u0131r\u0131nlar\u0131nda \u00f6nemli par\u00e7alar.<\/li>\n<li><strong>Y\u00fcksek S\u0131cakl\u0131k F\u0131r\u0131n Kaplamalar\u0131:<\/strong> 1400\u00b0C'nin \u00fczerinde \u00e7al\u0131\u015fan f\u0131r\u0131nlar i\u00e7in uygundur.<\/li>\n<li><strong>A\u015f\u0131nd\u0131r\u0131c\u0131 Y\u00fcksek S\u0131cakl\u0131k F\u0131r\u0131nlar\u0131:<\/strong> Y\u00fcksek korozif ortamlara sahip borulu \u0131s\u0131tma, sinterleme ve reaksiyon f\u0131r\u0131nlar\u0131 i\u00e7in idealdir.<\/li>\n<\/ul>\n<p><img loading=\"lazy\" decoding=\"async\" class=\"alignnone size-full wp-image-86740\" src=\"https:\/\/keruiref.com\/wp-content\/uploads\/2025\/06\/Silicon-Carbide-Tube-Application.webp\" alt=\"\" width=\"1450\" height=\"679\" srcset=\"https:\/\/keruiref.com\/wp-content\/uploads\/2025\/06\/Silicon-Carbide-Tube-Application.webp 1450w, https:\/\/keruiref.com\/wp-content\/uploads\/2025\/06\/Silicon-Carbide-Tube-Application-300x140.webp 300w, https:\/\/keruiref.com\/wp-content\/uploads\/2025\/06\/Silicon-Carbide-Tube-Application-1024x480.webp 1024w, https:\/\/keruiref.com\/wp-content\/uploads\/2025\/06\/Silicon-Carbide-Tube-Application-768x360.webp 768w, https:\/\/keruiref.com\/wp-content\/uploads\/2025\/06\/Silicon-Carbide-Tube-Application-18x8.webp 18w\" sizes=\"auto, (max-width: 1450px) 100vw, 1450px\" \/><\/p>\n<\/div>\n<div id=\"INQUIRY\" class=\"page_model\">\n<div class=\"wpcf7 no-js\" id=\"wpcf7-f328-o1\" lang=\"en-US\" dir=\"ltr\" data-wpcf7-id=\"328\">\n<div class=\"screen-reader-response\">\n<p role=\"status\" aria-live=\"polite\" aria-atomic=\"true\">\n<ul><\/ul>\n<\/div>\n<form action=\"\/tr\/wp-json\/wp\/v2\/pages\/86733#wpcf7-f328-o1\" method=\"post\" class=\"wpcf7-form init\" aria-label=\"\u0130leti\u015fim formu\" novalidate=\"novalidate\" data-status=\"init\" data-trp-original-action=\"\/tr\/wp-json\/wp\/v2\/pages\/86733#wpcf7-f328-o1\">\n<div style=\"display: none;\">\n<input type=\"hidden\" name=\"_wpcf7\" value=\"328\" \/><br \/>\n<input type=\"hidden\" name=\"_wpcf7_version\" value=\"6.0.4\" \/><br \/>\n<input type=\"hidden\" name=\"_wpcf7_locale\" value=\"en_US\" \/><br \/>\n<input type=\"hidden\" name=\"_wpcf7_unit_tag\" value=\"wpcf7-f328-o1\" \/><br \/>\n<input type=\"hidden\" name=\"_wpcf7_container_post\" value=\"0\" \/><br \/>\n<input type=\"hidden\" name=\"_wpcf7_posted_data_hash\" value=\"\" \/><br \/>\n<input type=\"hidden\" name=\"_wpcf7_recaptcha_response\" value=\"\" \/>\n<\/div>\n<div class=\"form-box\" id=\"Contact-Us\">\n<div class=\"isleft\">\n<div class=\"contact-title\">\n<p>Bize Ula\u015f\u0131n\n\t\t\t<\/p>\n<\/p><\/div>\n<div class=\"contactp\">\n<p>L\u00fctfen sorunuzu do\u011fru formda vermekten \u00e7ekinmeyin. Size 6 saat i\u00e7inde cevap verece\u011fiz.\n\t\t\t<\/p>\n<\/p><\/div>\n<ul class=\"contact\">\n<li class=\"email\">\n<p><img decoding=\"async\" src=\"https:\/\/keruiref.com\/wp-content\/uploads\/2023\/12\/email.png\" alt=\"\" \/>E-posta:\n\t\t\t\t<\/p>\n<p><a href=\"mailto:market@keruiref.com\">market@keruiref.com<\/a>\n\t\t\t\t<\/p>\n<\/li>\n<li class=\"phone\">\n<p><img decoding=\"async\" src=\"https:\/\/keruiref.com\/wp-content\/uploads\/2023\/12\/tel.png\" alt=\"\" \/>Telefon\/whatsapp:\n\t\t\t\t<\/p>\n<p><a href=\"https:\/\/wa.me\/8619138178880\">+86 19138178880<\/a>\n\t\t\t\t<\/p>\n<\/li>\n<li class=\"location\">\n<p><img decoding=\"async\" src=\"https:\/\/keruiref.com\/wp-content\/uploads\/2023\/12\/Location.png\" alt=\"\" \/>\u00dcretim \u00dcss\u00fc:\n\t\t\t\t<\/p>\n<p>Chaohua Refrakter Sanayi B\u00f6lgesi,<br \/>\nXinmi \u015eehri, Henan Eyaleti, \u00c7in\n\t\t\t\t<\/p>\n<\/li>\n<\/ul><\/div>\n<div class=\"isright\">\n<ul class=\"contact-input\">\n<li>\n<div class=\"islabel\">\n<p>* \u0130sim:\n\t\t\t\t\t<\/p>\n<\/p><\/div>\n<p><span class=\"wpcf7-form-control-wrap\" data-name=\"your-name\"><input size=\"40\" maxlength=\"400\" class=\"wpcf7-form-control wpcf7-text wpcf7-validates-as-required\" aria-required=\"true\" aria-invalid=\"false\" placeholder=\"\" value=\"\" type=\"text\" name=\"your-name\" \/><\/span>\n\t\t\t\t<\/p>\n<\/li>\n<li>\n<div class=\"islabel\">\n<p>* E-posta:\n\t\t\t\t\t<\/p>\n<\/p><\/div>\n<p><span class=\"wpcf7-form-control-wrap\" data-name=\"your-email\"><input size=\"40\" maxlength=\"400\" class=\"wpcf7-form-control wpcf7-email wpcf7-validates-as-required wpcf7-text wpcf7-validates-as-email\" aria-required=\"true\" aria-invalid=\"false\" placeholder=\"\" value=\"\" type=\"email\" name=\"your-email\" \/><\/span>\n\t\t\t\t<\/p>\n<\/li>\n<li>\n<div class=\"islabel\">\n<p>* Telefon\/Whatsapp:\n\t\t\t\t\t<\/p>\n<\/p><\/div>\n<p><span class=\"wpcf7-form-control-wrap\" data-name=\"your-phone\"><input size=\"40\" maxlength=\"400\" class=\"wpcf7-form-control wpcf7-tel wpcf7-text wpcf7-validates-as-tel\" aria-invalid=\"false\" placeholder=\"\" value=\"\" type=\"tel\" name=\"your-phone\" \/><\/span>\n\t\t\t\t<\/p>\n<\/li>\n<li>\n<div class=\"islabel\">\n<p>\u00dclke:\n\t\t\t\t\t<\/p>\n<\/p><\/div>\n<p><span class=\"wpcf7-form-control-wrap\" data-name=\"your-country\"><input size=\"40\" maxlength=\"400\" class=\"wpcf7-form-control wpcf7-text\" aria-invalid=\"false\" placeholder=\"\" value=\"\" type=\"text\" name=\"your-country\" \/><\/span>\n\t\t\t\t<\/p>\n<\/li>\n<li class=\"ismassage\">\n<div class=\"islabel\">\n<p>* Mesaj:\n\t\t\t\t\t<\/p>\n<\/p><\/div>\n<p><span class=\"wpcf7-form-control-wrap\" data-name=\"your-msg\"><textarea cols=\"40\" rows=\"10\" maxlength=\"2000\" class=\"wpcf7-form-control wpcf7-textarea wpcf7-validates-as-required\" aria-required=\"true\" aria-invalid=\"false\" name=\"your-msg\"><\/textarea><\/span>\n\t\t\t\t<\/p>\n<\/li>\n<li class=\"wpcf7-btns-box\">\n<div class=\"isFileName\">\n\t\t\t\t<\/div>\n<div class=\"wpcf7-btns\">\n<p><input class=\"wpcf7-form-control wpcf7-submit has-spinner\" type=\"submit\" value=\"G\u00d6NDER\" \/>\n\t\t\t\t\t<\/p>\n<\/p><\/div>\n<\/li>\n<\/ul><\/div>\n<\/div>\n<div class=\"wpcf7-response-output\" aria-hidden=\"true\"><\/div>\n<input type=\"hidden\" name=\"trp-form-language\" value=\"tr\"\/><\/form>\n<\/div>\n<\/div>","protected":false},"excerpt":{"rendered":"Silicon Carbide Tube Silicon carbide tube is a high-performance dense ceramic for high-temp industries. Kerui tubes feature excellent heat resistance and long life, mainly used for heating, cooling, gas transport, and kiln support. As a leading Chinese manufacturer, we offer diverse products and kiln solutions. &#8230; <a title=\"Silisyum Karb\u00fcr T\u00fcp\" class=\"read-more\" href=\"https:\/\/keruiref.com\/tr\/silisyum-karbur-tup\/\" aria-label=\"More on Silicon Carbide Tube\">Daha fazla bilgi edinin<\/a>","protected":false},"author":1,"featured_media":0,"parent":0,"menu_order":0,"comment_status":"closed","ping_status":"closed","template":"","meta":{"footnotes":""},"class_list":{"0":"post-86733","1":"page","2":"type-page","3":"status-publish","5":"no-featured-image-padding"},"yoast_head":"<!-- This site is optimized with the Yoast SEO plugin v24.9 - https:\/\/yoast.com\/wordpress\/plugins\/seo\/ -->\n<title>Silicon Carbide Tube - Your Refractory Bricks, Castables Manufacturer For Kiln | Kerui Refractory\u00ae Official Website<\/title>\n<meta name=\"description\" content=\"Silicon carbide tube is a high-performance dense ceramic product, mainly containing silicon carbide\" \/>\n<meta name=\"robots\" content=\"index, follow, max-snippet:-1, max-image-preview:large, max-video-preview:-1\" \/>\n<link rel=\"canonical\" href=\"https:\/\/keruiref.com\/tr\/silisyum-karbur-tup\/\" \/>\n<script type=\"application\/ld+json\" class=\"yoast-schema-graph\">{\"@context\":\"https:\/\/schema.org\",\"@graph\":[{\"@type\":\"WebPage\",\"@id\":\"https:\/\/keruiref.com\/silicon-carbide-tube\/\",\"url\":\"https:\/\/keruiref.com\/silicon-carbide-tube\/\",\"name\":\"Silicon Carbide Tube - Your Refractory Bricks, Castables Manufacturer For Kiln | Kerui Refractory\u00ae Official Website\",\"isPartOf\":{\"@id\":\"https:\/\/keruiref.com\/el\/#website\"},\"primaryImageOfPage\":{\"@id\":\"https:\/\/keruiref.com\/silicon-carbide-tube\/#primaryimage\"},\"image\":{\"@id\":\"https:\/\/keruiref.com\/silicon-carbide-tube\/#primaryimage\"},\"thumbnailUrl\":\"https:\/\/keruiref.com\/wp-content\/uploads\/2025\/06\/KERUI-Silicon-Carbide-Tube-Price.webp\",\"datePublished\":\"2025-06-04T02:13:00+00:00\",\"dateModified\":\"2025-06-04T02:18:01+00:00\",\"description\":\"Silicon carbide tube is a high-performance dense ceramic product, mainly containing silicon carbide\",\"breadcrumb\":{\"@id\":\"https:\/\/keruiref.com\/silicon-carbide-tube\/#breadcrumb\"},\"inLanguage\":\"tr\",\"potentialAction\":[{\"@type\":\"ReadAction\",\"target\":[\"https:\/\/keruiref.com\/silicon-carbide-tube\/\"]}]},{\"@type\":\"ImageObject\",\"inLanguage\":\"tr\",\"@id\":\"https:\/\/keruiref.com\/silicon-carbide-tube\/#primaryimage\",\"url\":\"https:\/\/keruiref.com\/wp-content\/uploads\/2025\/06\/KERUI-Silicon-Carbide-Tube-Price.webp\",\"contentUrl\":\"https:\/\/keruiref.com\/wp-content\/uploads\/2025\/06\/KERUI-Silicon-Carbide-Tube-Price.webp\"},{\"@type\":\"BreadcrumbList\",\"@id\":\"https:\/\/keruiref.com\/silicon-carbide-tube\/#breadcrumb\",\"itemListElement\":[{\"@type\":\"ListItem\",\"position\":1,\"name\":\"Home\",\"item\":\"https:\/\/keruiref.com\/\"},{\"@type\":\"ListItem\",\"position\":2,\"name\":\"Silicon Carbide Tube\"}]},{\"@type\":\"WebSite\",\"@id\":\"https:\/\/keruiref.com\/el\/#website\",\"url\":\"https:\/\/keruiref.com\/el\/\",\"name\":\"Your Refractory Bricks, Castables Manufacturer For Kiln | Kerui Refractory\u00ae Official Website\",\"description\":\"\",\"publisher\":{\"@id\":\"https:\/\/keruiref.com\/el\/#organization\"},\"potentialAction\":[{\"@type\":\"SearchAction\",\"target\":{\"@type\":\"EntryPoint\",\"urlTemplate\":\"https:\/\/keruiref.com\/el\/?s={search_term_string}\"},\"query-input\":{\"@type\":\"PropertyValueSpecification\",\"valueRequired\":true,\"valueName\":\"search_term_string\"}}],\"inLanguage\":\"tr\"},{\"@type\":\"Organization\",\"@id\":\"https:\/\/keruiref.com\/el\/#organization\",\"name\":\"Your Refractory Bricks, Castables Manufacturer For Kiln | Kerui Refractory\u00ae Official Website\",\"url\":\"https:\/\/keruiref.com\/el\/\",\"logo\":{\"@type\":\"ImageObject\",\"inLanguage\":\"tr\",\"@id\":\"https:\/\/keruiref.com\/el\/#\/schema\/logo\/image\/\",\"url\":\"https:\/\/keruiref.com\/wp-content\/uploads\/2024\/01\/footer-Logo.png\",\"contentUrl\":\"https:\/\/keruiref.com\/wp-content\/uploads\/2024\/01\/footer-Logo.png\",\"width\":282,\"height\":70,\"caption\":\"Your Refractory Bricks, Castables Manufacturer For Kiln | Kerui Refractory\u00ae Official Website\"},\"image\":{\"@id\":\"https:\/\/keruiref.com\/el\/#\/schema\/logo\/image\/\"}}]}<\/script>\n<!-- \/ Yoast SEO plugin. -->","yoast_head_json":{"title":"Silisyum Karb\u00fcr T\u00fcp - F\u0131r\u0131n i\u00e7in Refrakter Tu\u011flalar\u0131n\u0131z, D\u00f6k\u00fclebilir Malzemeler \u00dcreticiniz | Kerui Refractory\u00ae Resmi Web Sitesi","description":"Silisyum karb\u00fcr t\u00fcp, esas olarak silisyum karb\u00fcr i\u00e7eren y\u00fcksek performansl\u0131 yo\u011fun bir seramik \u00fcr\u00fcnd\u00fcr","robots":{"index":"index","follow":"follow","max-snippet":"max-snippet:-1","max-image-preview":"max-image-preview:large","max-video-preview":"max-video-preview:-1"},"canonical":"https:\/\/keruiref.com\/tr\/silisyum-karbur-tup\/","schema":{"@context":"https:\/\/schema.org","@graph":[{"@type":"WebPage","@id":"https:\/\/keruiref.com\/silicon-carbide-tube\/","url":"https:\/\/keruiref.com\/silicon-carbide-tube\/","name":"Silisyum Karb\u00fcr T\u00fcp - F\u0131r\u0131n i\u00e7in Refrakter Tu\u011flalar\u0131n\u0131z, D\u00f6k\u00fclebilir Malzemeler \u00dcreticiniz | Kerui Refractory\u00ae Resmi Web Sitesi","isPartOf":{"@id":"https:\/\/keruiref.com\/el\/#website"},"primaryImageOfPage":{"@id":"https:\/\/keruiref.com\/silicon-carbide-tube\/#primaryimage"},"image":{"@id":"https:\/\/keruiref.com\/silicon-carbide-tube\/#primaryimage"},"thumbnailUrl":"https:\/\/keruiref.com\/wp-content\/uploads\/2025\/06\/KERUI-Silicon-Carbide-Tube-Price.webp","datePublished":"2025-06-04T02:13:00+00:00","dateModified":"2025-06-04T02:18:01+00:00","description":"Silisyum karb\u00fcr t\u00fcp, esas olarak silisyum karb\u00fcr i\u00e7eren y\u00fcksek performansl\u0131 yo\u011fun bir seramik \u00fcr\u00fcnd\u00fcr","breadcrumb":{"@id":"https:\/\/keruiref.com\/silicon-carbide-tube\/#breadcrumb"},"inLanguage":"tr","potentialAction":[{"@type":"ReadAction","target":["https:\/\/keruiref.com\/silicon-carbide-tube\/"]}]},{"@type":"ImageObject","inLanguage":"tr","@id":"https:\/\/keruiref.com\/silicon-carbide-tube\/#primaryimage","url":"https:\/\/keruiref.com\/wp-content\/uploads\/2025\/06\/KERUI-Silicon-Carbide-Tube-Price.webp","contentUrl":"https:\/\/keruiref.com\/wp-content\/uploads\/2025\/06\/KERUI-Silicon-Carbide-Tube-Price.webp"},{"@type":"BreadcrumbList","@id":"https:\/\/keruiref.com\/silicon-carbide-tube\/#breadcrumb","itemListElement":[{"@type":"ListItem","position":1,"name":"Home","item":"https:\/\/keruiref.com\/"},{"@type":"ListItem","position":2,"name":"Silicon Carbide Tube"}]},{"@type":"WebSite","@id":"https:\/\/keruiref.com\/el\/#website","url":"https:\/\/keruiref.com\/el\/","name":"F\u0131r\u0131n i\u00e7in Refrakter Tu\u011flalar\u0131n\u0131z, D\u00f6k\u00fclebilir Malzemeler \u00dcreticiniz | Kerui Refractory\u00ae Resmi Web Sitesi","description":"","publisher":{"@id":"https:\/\/keruiref.com\/el\/#organization"},"potentialAction":[{"@type":"SearchAction","target":{"@type":"EntryPoint","urlTemplate":"https:\/\/keruiref.com\/el\/?s={search_term_string}"},"query-input":{"@type":"PropertyValueSpecification","valueRequired":true,"valueName":"search_term_string"}}],"inLanguage":"tr"},{"@type":"Organization","@id":"https:\/\/keruiref.com\/el\/#organization","name":"F\u0131r\u0131n i\u00e7in Refrakter Tu\u011flalar\u0131n\u0131z, D\u00f6k\u00fclebilir Malzemeler \u00dcreticiniz | Kerui Refractory\u00ae Resmi Web Sitesi","url":"https:\/\/keruiref.com\/el\/","logo":{"@type":"ImageObject","inLanguage":"tr","@id":"https:\/\/keruiref.com\/el\/#\/schema\/logo\/image\/","url":"https:\/\/keruiref.com\/wp-content\/uploads\/2024\/01\/footer-Logo.png","contentUrl":"https:\/\/keruiref.com\/wp-content\/uploads\/2024\/01\/footer-Logo.png","width":282,"height":70,"caption":"Your Refractory Bricks, Castables Manufacturer For Kiln | Kerui Refractory\u00ae Official Website"},"image":{"@id":"https:\/\/keruiref.com\/el\/#\/schema\/logo\/image\/"}}]}},"_links":{"self":[{"href":"https:\/\/keruiref.com\/tr\/wp-json\/wp\/v2\/pages\/86733","targetHints":{"allow":["GET"]}}],"collection":[{"href":"https:\/\/keruiref.com\/tr\/wp-json\/wp\/v2\/pages"}],"about":[{"href":"https:\/\/keruiref.com\/tr\/wp-json\/wp\/v2\/types\/page"}],"author":[{"embeddable":true,"href":"https:\/\/keruiref.com\/tr\/wp-json\/wp\/v2\/users\/1"}],"replies":[{"embeddable":true,"href":"https:\/\/keruiref.com\/tr\/wp-json\/wp\/v2\/comments?post=86733"}],"version-history":[{"count":0,"href":"https:\/\/keruiref.com\/tr\/wp-json\/wp\/v2\/pages\/86733\/revisions"}],"wp:attachment":[{"href":"https:\/\/keruiref.com\/tr\/wp-json\/wp\/v2\/media?parent=86733"}],"curies":[{"name":"wp","href":"https:\/\/api.w.org\/{rel}","templated":true}]}}