{"id":86721,"date":"2025-06-04T09:43:39","date_gmt":"2025-06-04T01:43:39","guid":{"rendered":"https:\/\/keruiref.com\/?page_id=86721"},"modified":"2025-06-04T09:54:29","modified_gmt":"2025-06-04T01:54:29","slug":"silisyum-karbur-plaka","status":"publish","type":"page","link":"https:\/\/keruiref.com\/tr\/silisyum-karbur-plaka\/","title":{"rendered":"Silisyum Karb\u00fcr Plaka"},"content":{"rendered":"<div class=\"page_model product_info\">\n<div class=\"preview\"><img loading=\"lazy\" decoding=\"async\" class=\"alignnone size-full wp-image-86722\" src=\"https:\/\/keruiref.com\/wp-content\/uploads\/2025\/06\/KERUI-Silicon-Carbide-Plate.webp\" alt=\"\" width=\"780\" height=\"639\" srcset=\"https:\/\/keruiref.com\/wp-content\/uploads\/2025\/06\/KERUI-Silicon-Carbide-Plate.webp 780w, https:\/\/keruiref.com\/wp-content\/uploads\/2025\/06\/KERUI-Silicon-Carbide-Plate-300x246.webp 300w, https:\/\/keruiref.com\/wp-content\/uploads\/2025\/06\/KERUI-Silicon-Carbide-Plate-768x629.webp 768w, https:\/\/keruiref.com\/wp-content\/uploads\/2025\/06\/KERUI-Silicon-Carbide-Plate-15x12.webp 15w\" sizes=\"auto, (max-width: 780px) 100vw, 780px\" \/><\/div>\n<div class=\"info\">\n<h1>Silisyum Karb\u00fcr Plaka<\/h1>\n<p>Silisyum karb\u00fcr plaka, esas olarak silisyum karb\u00fcr i\u00e7eren y\u00fcksek s\u0131cakl\u0131\u011fa dayan\u0131kl\u0131 ve hafif bir seramik malzemedir. Y\u00fcksek performans ve y\u00fcksek kaliteye dayanan KERUI, OBSiC, SiSiC \/ RBSiC, RSiC, NSiC ve SSiC, vb. gibi silisyum karb\u00fcr malzemeler sa\u011flar. \u00d6zelle\u015ftirilmi\u015f \u00e7\u00f6z\u00fcmleri destekliyoruz ve 1.000'den fazla m\u00fc\u015fteriyle i\u015fbirli\u011fi yapt\u0131k.<\/p>\n<ul>\n<li>sic (\u2265)\/: 90%<\/li>\n<li>Y\u0131\u011f\u0131n Yo\u011funlu\u011fu: 2.70-2.75g\/cm\u00b3<\/li>\n<li>Maksimum Servis S\u0131cakl\u0131\u011f\u0131: 1500 \u2103<\/li>\n<li>Y\u00fck Alt\u0131nda Refrakterlik: 1750kg\/cm\u00b3<\/li>\n<li>Sertifikasyon: ISO9001\/ISO14001\/ISO45001\/ISO50001<\/li>\n<li>\u0130\u015fleme Hizmeti: B\u00fckme, Kaynak, Delme, \u00c7\u00f6zme, Kesme, Kal\u0131plama<\/li>\n<\/ul>\n<div class=\"tags\">\n<p>Y\u00fcksek Kalite<\/p>\n<p>Uygun Fiyat<\/p>\n<p>\u00d6zelle\u015ftirilebilir \u00dcr\u00fcnler ve \u00c7\u00f6z\u00fcmler<\/p>\n<p>Zaman\u0131nda Teslimat<\/p>\n<p>7\/24\/365 Hizmetinizdeyiz<\/p>\n<\/div>\n<p><a class=\"inruiry fancybox\" href=\"#contact_form_pop\">\u015fimdi inruiry<\/a><a class=\"email-btn\" href=\"mailto: market@keruiref.com\">e-posta g\u00f6nder<\/a><\/p>\n<\/div>\n<\/div>\n<ul class=\"anchor\">\n<li><a href=\"#PRODUCTDESCRIPTION\">\u00dcR\u00dcN TANIMI<\/a><\/li>\n<li><a href=\"#TechniqueData\">Teknik Veriler<\/a><\/li>\n<li><a href=\"#INQUIRY\">SORGULAMA<\/a><\/li>\n<li><a href=\"#RELATEDPRODUCTS\">\u0130LG\u0130L\u0130 \u00dcR\u00dcNLER<\/a><\/li>\n<\/ul>\n<div class=\"page_model\">\n<h2 id=\"PRODUCTDESCRIPTION\">Silisyum Karb\u00fcr Plakan\u0131n Tan\u0131m\u0131<\/h2>\n<p>Silisyum karb\u00fcr plakalar, y\u00fcksek s\u0131cakl\u0131k direnci, a\u015f\u0131nma direnci, hafiflik ve korozyon direnci avantajlar\u0131 nedeniyle y\u00fcksek s\u0131cakl\u0131k end\u00fcstrileri, yar\u0131 iletkenler ve yeni enerji i\u00e7in anahtar malzemeler haline gelmi\u015ftir. Verimlili\u011fi art\u0131rmak ve hassas \u00fcretimin kat\u0131 gereksinimlerini kar\u015f\u0131lamak i\u00e7in geleneksel refrakter malzemelerin yerini alabilirler. End\u00fcstriyel verimlilik ve ye\u015fil y\u00fckseltmeler i\u00e7in temel malzemelerdir.<img loading=\"lazy\" decoding=\"async\" class=\"alignnone size-full wp-image-86726\" src=\"https:\/\/keruiref.com\/wp-content\/uploads\/2025\/06\/Kerui-Silicon-Carbide-Plate-Picture.webp\" alt=\"\" width=\"1475\" height=\"364\" srcset=\"https:\/\/keruiref.com\/wp-content\/uploads\/2025\/06\/Kerui-Silicon-Carbide-Plate-Picture.webp 1475w, https:\/\/keruiref.com\/wp-content\/uploads\/2025\/06\/Kerui-Silicon-Carbide-Plate-Picture-300x74.webp 300w, https:\/\/keruiref.com\/wp-content\/uploads\/2025\/06\/Kerui-Silicon-Carbide-Plate-Picture-1024x253.webp 1024w, https:\/\/keruiref.com\/wp-content\/uploads\/2025\/06\/Kerui-Silicon-Carbide-Plate-Picture-768x190.webp 768w, https:\/\/keruiref.com\/wp-content\/uploads\/2025\/06\/Kerui-Silicon-Carbide-Plate-Picture-18x4.webp 18w\" sizes=\"auto, (max-width: 1475px) 100vw, 1475px\" \/><\/p>\n<h2 id=\"TechniqueData\">Kerui Silisyum Karb\u00fcr Plaka \u00d6zellikleri<\/h2>\n<table id=\"tablepress-98\" class=\"tablepress tablepress-id-98 tbody-has-connected-cells\">\n<thead>\n<tr class=\"row-1\">\n<th class=\"column-1\">\u00d6\u011fe<\/th>\n<th class=\"column-2\">SiO\u2082-SiC<\/th>\n<th class=\"column-3\">SiSiC\/RBSiC<\/th>\n<th class=\"column-4\">R-SiC<\/th>\n<th class=\"column-5\">Si3N4-SiC<\/th>\n<\/tr>\n<\/thead>\n<tbody class=\"row-striping row-hover\">\n<tr class=\"row-2\">\n<td class=\"column-1\">SiC %<\/td>\n<td class=\"column-2\">\uff1e85<\/td>\n<td class=\"column-3\">90~92<\/td>\n<td class=\"column-4\">\uff1e99<\/td>\n<td class=\"column-5\">\u226575<\/td>\n<\/tr>\n<tr class=\"row-3\">\n<td class=\"column-1\">Yo\u011funluk g\/cm3<\/td>\n<td class=\"column-2\">2.65~2.75<\/td>\n<td class=\"column-3\">>3.02<\/td>\n<td class=\"column-4\">2.65\uff5e2.75<\/td>\n<td class=\"column-5\">2.65\uff5e2.85<\/td>\n<\/tr>\n<tr class=\"row-4\">\n<td class=\"column-1\">G\u00f6zeneklilik %<\/td>\n<td class=\"column-2\">15~16<\/td>\n<td class=\"column-3\"><0.1<\/td>\n<td class=\"column-4\">15-18<\/td>\n<td class=\"column-5\">13-15<\/td>\n<\/tr>\n<tr class=\"row-5\">\n<td class=\"column-1\">E\u011filme dayan\u0131m\u0131 (20 \u2103) Mpa<\/td>\n<td class=\"column-2\">90~100<\/td>\n<td class=\"column-3\">260<\/td>\n<td class=\"column-4\">80\uff5e100<\/td>\n<td class=\"column-5\">160-180<\/td>\n<\/tr>\n<tr class=\"row-6\">\n<td class=\"column-1\">E\u011filme dayan\u0131m\u0131 (1200 \u2103) Mpa<\/td>\n<td class=\"column-2\">100~110<\/td>\n<td class=\"column-3\">280<\/td>\n<td class=\"column-4\">90\uff5e110<\/td>\n<td class=\"column-5\">170-180<\/td>\n<\/tr>\n<tr class=\"row-7\">\n<td class=\"column-1\">bas\u0131n\u00e7 dayan\u0131m\u0131 (20 \u2103) Mpa<\/td>\n<td class=\"column-2\">\u2265300<\/td>\n<td class=\"column-3\">900<\/td>\n<td class=\"column-4\">\u2265300<\/td>\n<td class=\"column-5\">580<\/td>\n<\/tr>\n<tr class=\"row-8\">\n<td class=\"column-1\">Sertlik Kg\/mm2<\/td>\n<td class=\"column-2\">1800~2000<\/td>\n<td class=\"column-3\">2400<\/td>\n<td class=\"column-4\">1800\uff5e2000<\/td>\n<td class=\"column-5\">2000-3000<\/td>\n<\/tr>\n<tr class=\"row-9\">\n<td class=\"column-1\">Termal \u0130letkenlik (1200\u2103)w.m-1.k-1<\/td>\n<td class=\"column-2\">35~36<\/td>\n<td class=\"column-3\">45<\/td>\n<td class=\"column-4\">36<\/td>\n<td class=\"column-5\">19.6<\/td>\n<\/tr>\n<tr class=\"row-10\">\n<td rowspan=\"2\" class=\"column-1\">Termal genle\u015fme katsay\u0131s\u0131 (1200 \u2103)<\/td>\n<td rowspan=\"2\" class=\"column-2\">4.6<\/td>\n<td rowspan=\"2\" class=\"column-3\">4.5<\/td>\n<td rowspan=\"2\" class=\"column-4\">4.6<\/td>\n<td rowspan=\"2\" class=\"column-5\">4.7<\/td>\n<\/tr>\n<tr class=\"row-11\">\n<\/tr>\n<tr class=\"row-12\">\n<td class=\"column-1\">Maksimum \u00e7al\u0131\u015fma s\u0131cakl\u0131\u011f\u0131 \u2103<\/td>\n<td class=\"column-2\">1500<\/td>\n<td class=\"column-3\">1380<\/td>\n<td class=\"column-4\">1650<\/td>\n<td class=\"column-5\">1550<\/td>\n<\/tr>\n<\/tbody>\n<\/table>\n<p><!-- #tablepress-98 from cache --><\/p>\n<p><center><a class=\"fancybox price\" href=\"#contact_form_pop\">F\u0130YAT AL<\/a><\/center><\/p>\n<h2>Silisyum Karb\u00fcr Plakalar\u0131n Yayg\u0131n Boyutlar\u0131 ve T\u00fcrleri<\/h2>\n<ul>\n<li>\u00d6zellikler: 300*300*10mm, 400*400*15mm, 500*500*20mm, vb.<\/li>\n<li>\u015eekiller: Kare, Yuvarlak, Dikd\u00f6rtgen, vb.<\/li>\n<li>Kal\u0131nl\u0131k Se\u00e7enekleri: Ultra ince plakalar (\u00f6rn. 5 mm'nin alt\u0131nda), Standart kal\u0131nl\u0131kta plakalar (5-20 mm), Kal\u0131n plakalar (20 mm'nin \u00fczerinde), vb.<\/li>\n<li>Delik Tipleri: D\u00fcz plakalar, Yuvarlak delikli plakalar, Kare delikli veya \u0131zgara desenli plakalar vb.<\/li>\n<li>Kenar Tasar\u0131m\u0131: D\u00fcz kenarl\u0131 plakalar, Pahl\u0131 plakalar, Yuvarlak kenarl\u0131 plakalar, vb.<\/li>\n<li>Y\u00fczey \u00d6zellikleri: P\u00fcr\u00fczs\u00fcz d\u00fcz plakalar, Dokulu veya kaymaz y\u00fczeyli plakalar.<\/li>\n<\/ul>\n<h2>Silisyum Karb\u00fcr Plakan\u0131n \u00d6zellikleri<\/h2>\n<p>Silisyum Karb\u00fcr Plaka y\u00fcksek s\u0131cakl\u0131k direncine (1400 \u00b0 C'nin \u00fczerinde), y\u00fcksek sertli\u011fe ve a\u015f\u0131nma direncine, d\u00fc\u015f\u00fck \u0131s\u0131 iletkenli\u011fine ve hafifli\u011fe, g\u00fc\u00e7l\u00fc kimyasal stabiliteye ve m\u00fckemmel termal \u015fok stabilitesine sahiptir. Y\u00fcksek s\u0131cakl\u0131k, korozyon ve a\u015f\u0131nma direnci sahneleri i\u00e7in uygundur ve performans\u0131 geleneksel malzemelerden daha iyidir.<\/p>\n<p><img loading=\"lazy\" decoding=\"async\" class=\"alignnone size-full wp-image-86728\" src=\"https:\/\/keruiref.com\/wp-content\/uploads\/2025\/06\/Silicon-Carbide-Plate-Kerui.webp\" alt=\"\" width=\"1480\" height=\"363\" srcset=\"https:\/\/keruiref.com\/wp-content\/uploads\/2025\/06\/Silicon-Carbide-Plate-Kerui.webp 1480w, https:\/\/keruiref.com\/wp-content\/uploads\/2025\/06\/Silicon-Carbide-Plate-Kerui-300x74.webp 300w, https:\/\/keruiref.com\/wp-content\/uploads\/2025\/06\/Silicon-Carbide-Plate-Kerui-1024x251.webp 1024w, https:\/\/keruiref.com\/wp-content\/uploads\/2025\/06\/Silicon-Carbide-Plate-Kerui-768x188.webp 768w, https:\/\/keruiref.com\/wp-content\/uploads\/2025\/06\/Silicon-Carbide-Plate-Kerui-18x4.webp 18w\" sizes=\"auto, (max-width: 1480px) 100vw, 1480px\" \/><\/p>\n<p><center><a class=\"fancybox price\" href=\"#contact_form_pop\">F\u0130YAT AL<\/a><\/center><\/p>\n<h2>Silisyum Karb\u00fcr Plaka Uygulamas\u0131<\/h2>\n<p>Silisyum Karb\u00fcr Plaka esas olarak end\u00fcstriyel f\u0131r\u0131nlarda (f\u0131r\u0131n astarlar\u0131, tavlama f\u0131r\u0131nlar\u0131 vb.), yar\u0131 iletkenlerde (CVD ekipman\u0131 ta\u015f\u0131y\u0131c\u0131 plakalar\u0131), fotovoltaiklerde (y\u00fcksek s\u0131cakl\u0131k dif\u00fczyon f\u0131r\u0131n\u0131 bile\u015fenleri), madencilik ve kimya end\u00fcstrilerinde (a\u015f\u0131nmaya dayan\u0131kl\u0131 ve korozyona dayan\u0131kl\u0131 astarlar \/ pompa g\u00f6vdeleri), yeni enerjide (lityum pil sinterleme, hidrojen enerjisi ekipman\u0131 i\u00e7in y\u00fcksek s\u0131cakl\u0131\u011fa dayan\u0131kl\u0131 par\u00e7alar) ve a\u015f\u0131r\u0131 hassas \u00fcretim senaryolar\u0131nda kullan\u0131l\u0131r.<\/p>\n<p><img loading=\"lazy\" decoding=\"async\" class=\"alignnone size-full wp-image-86730\" src=\"https:\/\/keruiref.com\/wp-content\/uploads\/2025\/06\/Application-of-KERUI-Kiln-Shelves.webp\" alt=\"\" width=\"1450\" height=\"679\" srcset=\"https:\/\/keruiref.com\/wp-content\/uploads\/2025\/06\/Application-of-KERUI-Kiln-Shelves.webp 1450w, https:\/\/keruiref.com\/wp-content\/uploads\/2025\/06\/Application-of-KERUI-Kiln-Shelves-300x140.webp 300w, https:\/\/keruiref.com\/wp-content\/uploads\/2025\/06\/Application-of-KERUI-Kiln-Shelves-1024x480.webp 1024w, https:\/\/keruiref.com\/wp-content\/uploads\/2025\/06\/Application-of-KERUI-Kiln-Shelves-768x360.webp 768w, https:\/\/keruiref.com\/wp-content\/uploads\/2025\/06\/Application-of-KERUI-Kiln-Shelves-18x8.webp 18w\" sizes=\"auto, (max-width: 1450px) 100vw, 1450px\" \/><\/p>\n<\/div>\n<div id=\"INQUIRY\" class=\"page_model\">\n<div class=\"wpcf7 no-js\" id=\"wpcf7-f328-o1\" lang=\"en-US\" dir=\"ltr\" data-wpcf7-id=\"328\">\n<div class=\"screen-reader-response\">\n<p role=\"status\" aria-live=\"polite\" aria-atomic=\"true\">\n<ul><\/ul>\n<\/div>\n<form action=\"\/tr\/wp-json\/wp\/v2\/pages\/86721#wpcf7-f328-o1\" method=\"post\" class=\"wpcf7-form init\" aria-label=\"\u0130leti\u015fim formu\" novalidate=\"novalidate\" data-status=\"init\" data-trp-original-action=\"\/tr\/wp-json\/wp\/v2\/pages\/86721#wpcf7-f328-o1\">\n<div style=\"display: none;\">\n<input type=\"hidden\" name=\"_wpcf7\" value=\"328\" \/><br \/>\n<input type=\"hidden\" name=\"_wpcf7_version\" value=\"6.0.4\" \/><br \/>\n<input type=\"hidden\" name=\"_wpcf7_locale\" value=\"en_US\" \/><br \/>\n<input type=\"hidden\" name=\"_wpcf7_unit_tag\" value=\"wpcf7-f328-o1\" \/><br \/>\n<input type=\"hidden\" name=\"_wpcf7_container_post\" value=\"0\" \/><br \/>\n<input type=\"hidden\" name=\"_wpcf7_posted_data_hash\" value=\"\" \/><br \/>\n<input type=\"hidden\" name=\"_wpcf7_recaptcha_response\" value=\"\" \/>\n<\/div>\n<div class=\"form-box\" id=\"Contact-Us\">\n<div class=\"isleft\">\n<div class=\"contact-title\">\n<p>Bize Ula\u015f\u0131n\n\t\t\t<\/p>\n<\/p><\/div>\n<div class=\"contactp\">\n<p>L\u00fctfen sorunuzu do\u011fru formda vermekten \u00e7ekinmeyin. Size 6 saat i\u00e7inde cevap verece\u011fiz.\n\t\t\t<\/p>\n<\/p><\/div>\n<ul class=\"contact\">\n<li class=\"email\">\n<p><img decoding=\"async\" src=\"https:\/\/keruiref.com\/wp-content\/uploads\/2023\/12\/email.png\" alt=\"\" \/>E-posta:\n\t\t\t\t<\/p>\n<p><a href=\"mailto:market@keruiref.com\">market@keruiref.com<\/a>\n\t\t\t\t<\/p>\n<\/li>\n<li class=\"phone\">\n<p><img decoding=\"async\" src=\"https:\/\/keruiref.com\/wp-content\/uploads\/2023\/12\/tel.png\" alt=\"\" \/>Telefon\/whatsapp:\n\t\t\t\t<\/p>\n<p><a href=\"https:\/\/wa.me\/8619138178880\">+86 19138178880<\/a>\n\t\t\t\t<\/p>\n<\/li>\n<li class=\"location\">\n<p><img decoding=\"async\" src=\"https:\/\/keruiref.com\/wp-content\/uploads\/2023\/12\/Location.png\" alt=\"\" \/>\u00dcretim \u00dcss\u00fc:\n\t\t\t\t<\/p>\n<p>Chaohua Refrakter Sanayi B\u00f6lgesi,<br \/>\nXinmi \u015eehri, Henan Eyaleti, \u00c7in\n\t\t\t\t<\/p>\n<\/li>\n<\/ul><\/div>\n<div class=\"isright\">\n<ul class=\"contact-input\">\n<li>\n<div class=\"islabel\">\n<p>* \u0130sim:\n\t\t\t\t\t<\/p>\n<\/p><\/div>\n<p><span class=\"wpcf7-form-control-wrap\" data-name=\"your-name\"><input size=\"40\" maxlength=\"400\" class=\"wpcf7-form-control wpcf7-text wpcf7-validates-as-required\" aria-required=\"true\" aria-invalid=\"false\" placeholder=\"\" value=\"\" type=\"text\" name=\"your-name\" \/><\/span>\n\t\t\t\t<\/p>\n<\/li>\n<li>\n<div class=\"islabel\">\n<p>* E-posta:\n\t\t\t\t\t<\/p>\n<\/p><\/div>\n<p><span class=\"wpcf7-form-control-wrap\" data-name=\"your-email\"><input size=\"40\" maxlength=\"400\" class=\"wpcf7-form-control wpcf7-email wpcf7-validates-as-required wpcf7-text wpcf7-validates-as-email\" aria-required=\"true\" aria-invalid=\"false\" placeholder=\"\" value=\"\" type=\"email\" name=\"your-email\" \/><\/span>\n\t\t\t\t<\/p>\n<\/li>\n<li>\n<div class=\"islabel\">\n<p>* Telefon\/Whatsapp:\n\t\t\t\t\t<\/p>\n<\/p><\/div>\n<p><span class=\"wpcf7-form-control-wrap\" data-name=\"your-phone\"><input size=\"40\" maxlength=\"400\" class=\"wpcf7-form-control wpcf7-tel wpcf7-text wpcf7-validates-as-tel\" aria-invalid=\"false\" placeholder=\"\" value=\"\" type=\"tel\" name=\"your-phone\" \/><\/span>\n\t\t\t\t<\/p>\n<\/li>\n<li>\n<div class=\"islabel\">\n<p>\u00dclke:\n\t\t\t\t\t<\/p>\n<\/p><\/div>\n<p><span class=\"wpcf7-form-control-wrap\" data-name=\"your-country\"><input size=\"40\" maxlength=\"400\" class=\"wpcf7-form-control wpcf7-text\" aria-invalid=\"false\" placeholder=\"\" value=\"\" type=\"text\" name=\"your-country\" \/><\/span>\n\t\t\t\t<\/p>\n<\/li>\n<li class=\"ismassage\">\n<div class=\"islabel\">\n<p>* Mesaj:\n\t\t\t\t\t<\/p>\n<\/p><\/div>\n<p><span class=\"wpcf7-form-control-wrap\" data-name=\"your-msg\"><textarea cols=\"40\" rows=\"10\" maxlength=\"2000\" class=\"wpcf7-form-control wpcf7-textarea wpcf7-validates-as-required\" aria-required=\"true\" aria-invalid=\"false\" name=\"your-msg\"><\/textarea><\/span>\n\t\t\t\t<\/p>\n<\/li>\n<li class=\"wpcf7-btns-box\">\n<div class=\"isFileName\">\n\t\t\t\t<\/div>\n<div class=\"wpcf7-btns\">\n<p><input class=\"wpcf7-form-control wpcf7-submit has-spinner\" type=\"submit\" value=\"G\u00d6NDER\" \/>\n\t\t\t\t\t<\/p>\n<\/p><\/div>\n<\/li>\n<\/ul><\/div>\n<\/div>\n<div class=\"wpcf7-response-output\" aria-hidden=\"true\"><\/div>\n<input type=\"hidden\" name=\"trp-form-language\" value=\"tr\"\/><\/form>\n<\/div>\n<\/div>","protected":false},"excerpt":{"rendered":"Silicon Carbide Plate Silicon carbide plate is a high-temperature resistant and lightweight ceramic material mainly containing silicon carbide. Based on high performance and high quality, KERUI provides silicon carbide materials such as OBSiC, SiSiC\/RBSiC, RSiC, NSiC, and SSiC, Etc. We support customized solutions and have &#8230; <a title=\"Silisyum Karb\u00fcr Plaka\" class=\"read-more\" href=\"https:\/\/keruiref.com\/tr\/silisyum-karbur-plaka\/\" aria-label=\"More on Silicon Carbide Plate\">Daha fazla bilgi edinin<\/a>","protected":false},"author":1,"featured_media":0,"parent":0,"menu_order":0,"comment_status":"closed","ping_status":"closed","template":"","meta":{"footnotes":""},"class_list":{"0":"post-86721","1":"page","2":"type-page","3":"status-publish","5":"no-featured-image-padding"},"yoast_head":"<!-- This site is optimized with the Yoast SEO plugin v24.9 - https:\/\/yoast.com\/wordpress\/plugins\/seo\/ -->\n<title>Silicon Carbide Plate - Your Refractory Bricks, Castables Manufacturer For Kiln | Kerui Refractory\u00ae Official Website<\/title>\n<meta name=\"description\" content=\"Silicon Carbide Plate has high temperature resistance (over 1400\u00b0C), high hardness and wear resistance, low thermal conductivity and light weight, strong chemical stability and excellent thermal shock stability.\" \/>\n<meta name=\"robots\" content=\"index, follow, max-snippet:-1, max-image-preview:large, max-video-preview:-1\" \/>\n<link rel=\"canonical\" href=\"https:\/\/keruiref.com\/tr\/silisyum-karbur-plaka\/\" \/>\n<script type=\"application\/ld+json\" class=\"yoast-schema-graph\">{\"@context\":\"https:\/\/schema.org\",\"@graph\":[{\"@type\":\"WebPage\",\"@id\":\"https:\/\/keruiref.com\/silicon-carbide-plate\/\",\"url\":\"https:\/\/keruiref.com\/silicon-carbide-plate\/\",\"name\":\"Silicon Carbide Plate - Your Refractory Bricks, Castables Manufacturer For Kiln | Kerui Refractory\u00ae Official Website\",\"isPartOf\":{\"@id\":\"https:\/\/keruiref.com\/el\/#website\"},\"primaryImageOfPage\":{\"@id\":\"https:\/\/keruiref.com\/silicon-carbide-plate\/#primaryimage\"},\"image\":{\"@id\":\"https:\/\/keruiref.com\/silicon-carbide-plate\/#primaryimage\"},\"thumbnailUrl\":\"https:\/\/keruiref.com\/wp-content\/uploads\/2025\/06\/KERUI-Silicon-Carbide-Plate.webp\",\"datePublished\":\"2025-06-04T01:43:39+00:00\",\"dateModified\":\"2025-06-04T01:54:29+00:00\",\"description\":\"Silicon Carbide Plate has high temperature resistance (over 1400\u00b0C), high hardness and wear resistance, low thermal conductivity and light weight, strong chemical stability and excellent thermal shock stability.\",\"breadcrumb\":{\"@id\":\"https:\/\/keruiref.com\/silicon-carbide-plate\/#breadcrumb\"},\"inLanguage\":\"tr\",\"potentialAction\":[{\"@type\":\"ReadAction\",\"target\":[\"https:\/\/keruiref.com\/silicon-carbide-plate\/\"]}]},{\"@type\":\"ImageObject\",\"inLanguage\":\"tr\",\"@id\":\"https:\/\/keruiref.com\/silicon-carbide-plate\/#primaryimage\",\"url\":\"https:\/\/keruiref.com\/wp-content\/uploads\/2025\/06\/KERUI-Silicon-Carbide-Plate.webp\",\"contentUrl\":\"https:\/\/keruiref.com\/wp-content\/uploads\/2025\/06\/KERUI-Silicon-Carbide-Plate.webp\"},{\"@type\":\"BreadcrumbList\",\"@id\":\"https:\/\/keruiref.com\/silicon-carbide-plate\/#breadcrumb\",\"itemListElement\":[{\"@type\":\"ListItem\",\"position\":1,\"name\":\"Home\",\"item\":\"https:\/\/keruiref.com\/\"},{\"@type\":\"ListItem\",\"position\":2,\"name\":\"Silicon Carbide Plate\"}]},{\"@type\":\"WebSite\",\"@id\":\"https:\/\/keruiref.com\/el\/#website\",\"url\":\"https:\/\/keruiref.com\/el\/\",\"name\":\"Your Refractory Bricks, Castables Manufacturer For Kiln | Kerui Refractory\u00ae Official Website\",\"description\":\"\",\"publisher\":{\"@id\":\"https:\/\/keruiref.com\/el\/#organization\"},\"potentialAction\":[{\"@type\":\"SearchAction\",\"target\":{\"@type\":\"EntryPoint\",\"urlTemplate\":\"https:\/\/keruiref.com\/el\/?s={search_term_string}\"},\"query-input\":{\"@type\":\"PropertyValueSpecification\",\"valueRequired\":true,\"valueName\":\"search_term_string\"}}],\"inLanguage\":\"tr\"},{\"@type\":\"Organization\",\"@id\":\"https:\/\/keruiref.com\/el\/#organization\",\"name\":\"Your Refractory Bricks, Castables Manufacturer For Kiln | Kerui Refractory\u00ae Official Website\",\"url\":\"https:\/\/keruiref.com\/el\/\",\"logo\":{\"@type\":\"ImageObject\",\"inLanguage\":\"tr\",\"@id\":\"https:\/\/keruiref.com\/el\/#\/schema\/logo\/image\/\",\"url\":\"https:\/\/keruiref.com\/wp-content\/uploads\/2024\/01\/footer-Logo.png\",\"contentUrl\":\"https:\/\/keruiref.com\/wp-content\/uploads\/2024\/01\/footer-Logo.png\",\"width\":282,\"height\":70,\"caption\":\"Your Refractory Bricks, Castables Manufacturer For Kiln | Kerui Refractory\u00ae Official Website\"},\"image\":{\"@id\":\"https:\/\/keruiref.com\/el\/#\/schema\/logo\/image\/\"}}]}<\/script>\n<!-- \/ Yoast SEO plugin. -->","yoast_head_json":{"title":"Silisyum Karb\u00fcr Plaka - F\u0131r\u0131n i\u00e7in Refrakter Tu\u011flalar\u0131n\u0131z, D\u00f6k\u00fclebilir Malzemeler \u00dcreticiniz | Kerui Refractory\u00ae Resmi Web Sitesi","description":"Silisyum Karb\u00fcr Plaka y\u00fcksek s\u0131cakl\u0131k direncine (1400 \u00b0 C'nin \u00fczerinde), y\u00fcksek sertli\u011fe ve a\u015f\u0131nma direncine, d\u00fc\u015f\u00fck \u0131s\u0131 iletkenli\u011fine ve hafifli\u011fe, g\u00fc\u00e7l\u00fc kimyasal stabiliteye ve m\u00fckemmel termal \u015fok stabilitesine sahiptir.","robots":{"index":"index","follow":"follow","max-snippet":"max-snippet:-1","max-image-preview":"max-image-preview:large","max-video-preview":"max-video-preview:-1"},"canonical":"https:\/\/keruiref.com\/tr\/silisyum-karbur-plaka\/","schema":{"@context":"https:\/\/schema.org","@graph":[{"@type":"WebPage","@id":"https:\/\/keruiref.com\/silicon-carbide-plate\/","url":"https:\/\/keruiref.com\/silicon-carbide-plate\/","name":"Silisyum Karb\u00fcr Plaka - F\u0131r\u0131n i\u00e7in Refrakter Tu\u011flalar\u0131n\u0131z, D\u00f6k\u00fclebilir Malzemeler \u00dcreticiniz | Kerui Refractory\u00ae Resmi Web Sitesi","isPartOf":{"@id":"https:\/\/keruiref.com\/el\/#website"},"primaryImageOfPage":{"@id":"https:\/\/keruiref.com\/silicon-carbide-plate\/#primaryimage"},"image":{"@id":"https:\/\/keruiref.com\/silicon-carbide-plate\/#primaryimage"},"thumbnailUrl":"https:\/\/keruiref.com\/wp-content\/uploads\/2025\/06\/KERUI-Silicon-Carbide-Plate.webp","datePublished":"2025-06-04T01:43:39+00:00","dateModified":"2025-06-04T01:54:29+00:00","description":"Silisyum Karb\u00fcr Plaka y\u00fcksek s\u0131cakl\u0131k direncine (1400 \u00b0 C'nin \u00fczerinde), y\u00fcksek sertli\u011fe ve a\u015f\u0131nma direncine, d\u00fc\u015f\u00fck \u0131s\u0131 iletkenli\u011fine ve hafifli\u011fe, g\u00fc\u00e7l\u00fc kimyasal stabiliteye ve m\u00fckemmel termal \u015fok stabilitesine sahiptir.","breadcrumb":{"@id":"https:\/\/keruiref.com\/silicon-carbide-plate\/#breadcrumb"},"inLanguage":"tr","potentialAction":[{"@type":"ReadAction","target":["https:\/\/keruiref.com\/silicon-carbide-plate\/"]}]},{"@type":"ImageObject","inLanguage":"tr","@id":"https:\/\/keruiref.com\/silicon-carbide-plate\/#primaryimage","url":"https:\/\/keruiref.com\/wp-content\/uploads\/2025\/06\/KERUI-Silicon-Carbide-Plate.webp","contentUrl":"https:\/\/keruiref.com\/wp-content\/uploads\/2025\/06\/KERUI-Silicon-Carbide-Plate.webp"},{"@type":"BreadcrumbList","@id":"https:\/\/keruiref.com\/silicon-carbide-plate\/#breadcrumb","itemListElement":[{"@type":"ListItem","position":1,"name":"Home","item":"https:\/\/keruiref.com\/"},{"@type":"ListItem","position":2,"name":"Silicon Carbide Plate"}]},{"@type":"WebSite","@id":"https:\/\/keruiref.com\/el\/#website","url":"https:\/\/keruiref.com\/el\/","name":"F\u0131r\u0131n i\u00e7in Refrakter Tu\u011flalar\u0131n\u0131z, D\u00f6k\u00fclebilir Malzemeler \u00dcreticiniz | Kerui Refractory\u00ae Resmi Web Sitesi","description":"","publisher":{"@id":"https:\/\/keruiref.com\/el\/#organization"},"potentialAction":[{"@type":"SearchAction","target":{"@type":"EntryPoint","urlTemplate":"https:\/\/keruiref.com\/el\/?s={search_term_string}"},"query-input":{"@type":"PropertyValueSpecification","valueRequired":true,"valueName":"search_term_string"}}],"inLanguage":"tr"},{"@type":"Organization","@id":"https:\/\/keruiref.com\/el\/#organization","name":"F\u0131r\u0131n i\u00e7in Refrakter Tu\u011flalar\u0131n\u0131z, D\u00f6k\u00fclebilir Malzemeler \u00dcreticiniz | Kerui Refractory\u00ae Resmi Web Sitesi","url":"https:\/\/keruiref.com\/el\/","logo":{"@type":"ImageObject","inLanguage":"tr","@id":"https:\/\/keruiref.com\/el\/#\/schema\/logo\/image\/","url":"https:\/\/keruiref.com\/wp-content\/uploads\/2024\/01\/footer-Logo.png","contentUrl":"https:\/\/keruiref.com\/wp-content\/uploads\/2024\/01\/footer-Logo.png","width":282,"height":70,"caption":"Your Refractory Bricks, Castables Manufacturer For Kiln | Kerui Refractory\u00ae Official Website"},"image":{"@id":"https:\/\/keruiref.com\/el\/#\/schema\/logo\/image\/"}}]}},"_links":{"self":[{"href":"https:\/\/keruiref.com\/tr\/wp-json\/wp\/v2\/pages\/86721","targetHints":{"allow":["GET"]}}],"collection":[{"href":"https:\/\/keruiref.com\/tr\/wp-json\/wp\/v2\/pages"}],"about":[{"href":"https:\/\/keruiref.com\/tr\/wp-json\/wp\/v2\/types\/page"}],"author":[{"embeddable":true,"href":"https:\/\/keruiref.com\/tr\/wp-json\/wp\/v2\/users\/1"}],"replies":[{"embeddable":true,"href":"https:\/\/keruiref.com\/tr\/wp-json\/wp\/v2\/comments?post=86721"}],"version-history":[{"count":0,"href":"https:\/\/keruiref.com\/tr\/wp-json\/wp\/v2\/pages\/86721\/revisions"}],"wp:attachment":[{"href":"https:\/\/keruiref.com\/tr\/wp-json\/wp\/v2\/media?parent=86721"}],"curies":[{"name":"wp","href":"https:\/\/api.w.org\/{rel}","templated":true}]}}