{"id":84296,"date":"2025-02-25T11:33:34","date_gmt":"2025-02-25T03:33:34","guid":{"rendered":"https:\/\/keruiref.com\/?page_id=84296"},"modified":"2025-05-27T15:25:58","modified_gmt":"2025-05-27T07:25:58","slug":"zirkon-tugla","status":"publish","type":"page","link":"https:\/\/keruiref.com\/tr\/zirkon-tugla\/","title":{"rendered":"Zirkon Tu\u011fla"},"content":{"rendered":"<div class='content-column one_third'>\n<div style=\"padding-right:20px;\">\n<div class=\"rccr\">\n<div class=\"hotpic\">\n<p><a href=\"https:\/\/keruiref.com\/tr\/zirkon-refrakter-tugla\/\" target=\"_blank\" rel=\"noopener\"><img loading=\"lazy\" decoding=\"async\" class=\"alignnone wp-image-84051 size-full\" src=\"https:\/\/keruiref.com\/wp-content\/uploads\/2025\/02\/Zircon-Brick-01.webp\" alt=\"\" width=\"660\" height=\"495\" srcset=\"https:\/\/keruiref.com\/wp-content\/uploads\/2025\/02\/Zircon-Brick-01.webp 660w, https:\/\/keruiref.com\/wp-content\/uploads\/2025\/02\/Zircon-Brick-01-300x225.webp 300w\" sizes=\"auto, (max-width: 660px) 100vw, 660px\" \/><\/a><\/p>\n<div class=\"phot\">SICAK<\/div>\n<\/div>\n<div class=\"rccr1\">\n<div class=\"rccr0\"><a href=\"https:\/\/keruiref.com\/tr\/zirkon-refrakter-tugla\/\" target=\"_blank\" rel=\"noopener\">Zirkon Refrakter Tu\u011fla<\/a><\/div>\n<ul>\n<li>ZrSiO4: \u226515-65%;<\/li>\n<li>Y\u0131\u011f\u0131n Yo\u011funlu\u011fu: 2,7-3,7g\/cm\u00b3;<\/li>\n<li>Y\u00fck Alt\u0131nda Refrakterlik: 1550-1650\u00baC;<\/li>\n<li>So\u011fuk K\u0131r\u0131lma Dayan\u0131m\u0131: \u2265100MPa;<\/li>\n<\/ul>\n<p><a class=\"iinruiry fancybox\" href=\"#contact_form_pop\">\u015fimdi inruiry<\/a><a class=\"eemail-btn\" href=\"mailto:market@keruiref.com\">e-posta g\u00f6nder<\/a><\/p>\n<\/div>\n<\/div>\n<\/div>\n<\/div>\n<div class='content-column one_third'>\n<div style=\"padding-right:20px;\">\n<div class=\"rccr\">\n<div class=\"hotpic\">\n<p><a href=\"https:\/\/keruiref.com\/tr\/azs-tugla\/\" target=\"_blank\" rel=\"noopener\"><img loading=\"lazy\" decoding=\"async\" class=\"alignnone wp-image-6934 size-full\" src=\"https:\/\/keruiref.com\/wp-content\/uploads\/2023\/08\/azs-brick-for-sale.jpg\" alt=\"azs-brick-for-sale\" width=\"660\" height=\"495\" srcset=\"https:\/\/keruiref.com\/wp-content\/uploads\/2023\/08\/azs-brick-for-sale.jpg 660w, https:\/\/keruiref.com\/wp-content\/uploads\/2023\/08\/azs-brick-for-sale-300x225.jpg 300w\" sizes=\"auto, (max-width: 660px) 100vw, 660px\" \/><\/a><\/p>\n<div class=\"phot\">SICAK<\/div>\n<\/div>\n<div class=\"rccr1\">\n<div class=\"rccr0\"><a href=\"https:\/\/keruiref.com\/tr\/azs-tugla\/\" target=\"_blank\" rel=\"noopener\">AZS Tu\u011fla<\/a><\/div>\n<ul>\n<li>ZrO2%: \u2265 16<\/li>\n<li>Fe2O3%: \u2264 0,5<\/li>\n<li>Y\u0131\u011f\u0131n Yo\u011funlu\u011fu (g\/cm\u00b3): \u2265 2,70<\/li>\n<li>So\u011fuk K\u0131r\u0131lma Dayan\u0131m\u0131\/MPa: \u2265 70<\/li>\n<\/ul>\n<p><a class=\"iinruiry fancybox\" href=\"#contact_form_pop\">\u015fimdi inruiry<\/a><a class=\"eemail-btn\" href=\"mailto:market@keruiref.com\">e-posta g\u00f6nder<\/a><\/p>\n<\/div>\n<\/div>\n<\/div>\n<\/div>\n<div class='content-column one_third last_column'>\n<div style=\"padding-right:20px;\">\n<div class=\"rccr\">\n<div class=\"hotpic\">\n<p><a href=\"https:\/\/keruiref.com\/tr\/zirkonya-korindon-tuglalar\/\" target=\"_blank\" rel=\"noopener\"><img loading=\"lazy\" decoding=\"async\" class=\"alignnone wp-image-6934 size-full\" src=\"https:\/\/keruiref.com\/wp-content\/uploads\/2023\/08\/azs-brick-for-sale.jpg\" alt=\"azs-brick-for-sale\" width=\"660\" height=\"495\" srcset=\"https:\/\/keruiref.com\/wp-content\/uploads\/2023\/08\/azs-brick-for-sale.jpg 660w, https:\/\/keruiref.com\/wp-content\/uploads\/2023\/08\/azs-brick-for-sale-300x225.jpg 300w\" sizes=\"auto, (max-width: 660px) 100vw, 660px\" \/><\/a><\/p>\n<div class=\"phot\">SICAK<\/div>\n<\/div>\n<div class=\"rccr1\">\n<div class=\"rccr0\"><a href=\"https:\/\/keruiref.com\/tr\/zirkonya-korindon-tuglalar\/\" target=\"_blank\" rel=\"noopener\">Zirkonya Korindon Tu\u011flalar<\/a><\/div>\n<ul>\n<li>G\u00f6r\u00fcn\u00fcr g\u00f6zeneklilik %: \u226420<\/li>\n<li>Y\u00fck alt\u0131nda refrakterlik\u00b0C: \u22651650\u2103<\/li>\n<li>Al2O3: \u226545%<\/li>\n<li>Y\u0131\u011f\u0131n yo\u011funlu\u011fu g\/cm3: \u22653,2<\/li>\n<\/ul>\n<p><a class=\"iinruiry fancybox\" href=\"#contact_form_pop\">\u015fimdi inruiry<\/a><a class=\"eemail-btn\" href=\"mailto:market@keruiref.com\">e-posta g\u00f6nder<\/a><\/p>\n<\/div>\n<\/div>\n<\/div>\n<\/div>\n<div class='clear_column'><\/div>\n<div class='content-column one_third'>\n<div style=\"padding-right:20px;\">\n<div class=\"rccr\">\n<div class=\"hotpic\">\n<p><a href=\"https:\/\/keruiref.com\/tr\/zirkon-mullit-tugla\/\" target=\"_blank\" rel=\"noopener\"><img loading=\"lazy\" decoding=\"async\" class=\"alignnone wp-image-83924 size-full\" src=\"https:\/\/keruiref.com\/wp-content\/uploads\/2025\/02\/Zircon-Mullite-Brick-01.webp\" alt=\"\" width=\"660\" height=\"495\" srcset=\"https:\/\/keruiref.com\/wp-content\/uploads\/2025\/02\/Zircon-Mullite-Brick-01.webp 660w, https:\/\/keruiref.com\/wp-content\/uploads\/2025\/02\/Zircon-Mullite-Brick-01-300x225.webp 300w\" sizes=\"auto, (max-width: 660px) 100vw, 660px\" \/><\/a><\/p>\n<div class=\"phot\">SICAK<\/div>\n<\/div>\n<div class=\"rccr1\">\n<div class=\"rccr0\"><a href=\"https:\/\/keruiref.com\/tr\/zirkon-mullit-tugla\/\" target=\"_blank\" rel=\"noopener\">Zirkon Mullit Tu\u011fla<\/a><\/div>\n<ul>\n<li>Y\u0131\u011f\u0131n yo\u011funlu\u011fu g\/cm3: \u2265 3,15;<\/li>\n<li>So\u011fuk K\u0131r\u0131lma Dayan\u0131m\u0131 (Mpa)\u226590;<\/li>\n<li>Pirometrik Koni E\u015fde\u011feri \u2103 SK: 31;<\/li>\n<li>G\u00f6r\u00fcn\u00fcr G\u00f6zeneklilik (%)\uff1a\u226417;<\/li>\n<\/ul>\n<p><a class=\"iinruiry fancybox\" href=\"#contact_form_pop\">\u015fimdi inruiry<\/a><a class=\"eemail-btn\" href=\"mailto:market@keruiref.com\">e-posta g\u00f6nder<\/a><\/p>\n<\/div>\n<\/div>\n<\/div>\n<\/div>\n<div class='content-column one_third'>\n<div style=\"padding-right:20px;\"><\/div>\n<\/div>\n<div class='content-column one_third last_column'>\n<div style=\"padding-right:20px;\"><\/div>\n<\/div>\n<div class='clear_column'><\/div>\n<div class=\"wpcf7 no-js\" id=\"wpcf7-f328-o1\" lang=\"en-US\" dir=\"ltr\" data-wpcf7-id=\"328\">\n<div class=\"screen-reader-response\">\n<p role=\"status\" aria-live=\"polite\" aria-atomic=\"true\">\n<ul><\/ul>\n<\/div>\n<form action=\"\/tr\/wp-json\/wp\/v2\/pages\/84296#wpcf7-f328-o1\" method=\"post\" class=\"wpcf7-form init\" aria-label=\"\u0130leti\u015fim formu\" novalidate=\"novalidate\" data-status=\"init\" data-trp-original-action=\"\/tr\/wp-json\/wp\/v2\/pages\/84296#wpcf7-f328-o1\">\n<div style=\"display: none;\">\n<input type=\"hidden\" name=\"_wpcf7\" value=\"328\" \/><br \/>\n<input type=\"hidden\" name=\"_wpcf7_version\" value=\"6.0.4\" \/><br \/>\n<input type=\"hidden\" name=\"_wpcf7_locale\" value=\"en_US\" \/><br \/>\n<input type=\"hidden\" name=\"_wpcf7_unit_tag\" value=\"wpcf7-f328-o1\" \/><br \/>\n<input type=\"hidden\" name=\"_wpcf7_container_post\" value=\"0\" \/><br \/>\n<input type=\"hidden\" name=\"_wpcf7_posted_data_hash\" value=\"\" \/><br \/>\n<input type=\"hidden\" name=\"_wpcf7_recaptcha_response\" value=\"\" \/>\n<\/div>\n<div class=\"form-box\" id=\"Contact-Us\">\n<div class=\"isleft\">\n<div class=\"contact-title\">\n<p>Bize Ula\u015f\u0131n\n\t\t\t<\/p>\n<\/p><\/div>\n<div class=\"contactp\">\n<p>L\u00fctfen sorunuzu do\u011fru formda vermekten \u00e7ekinmeyin. Size 6 saat i\u00e7inde cevap verece\u011fiz.\n\t\t\t<\/p>\n<\/p><\/div>\n<ul class=\"contact\">\n<li class=\"email\">\n<p><img decoding=\"async\" src=\"https:\/\/keruiref.com\/wp-content\/uploads\/2023\/12\/email.png\" alt=\"\" \/>E-posta:\n\t\t\t\t<\/p>\n<p><a href=\"mailto:market@keruiref.com\">market@keruiref.com<\/a>\n\t\t\t\t<\/p>\n<\/li>\n<li class=\"phone\">\n<p><img decoding=\"async\" src=\"https:\/\/keruiref.com\/wp-content\/uploads\/2023\/12\/tel.png\" alt=\"\" \/>Telefon\/whatsapp:\n\t\t\t\t<\/p>\n<p><a href=\"https:\/\/wa.me\/8619138178880\">+86 19138178880<\/a>\n\t\t\t\t<\/p>\n<\/li>\n<li class=\"location\">\n<p><img decoding=\"async\" src=\"https:\/\/keruiref.com\/wp-content\/uploads\/2023\/12\/Location.png\" alt=\"\" \/>\u00dcretim \u00dcss\u00fc:\n\t\t\t\t<\/p>\n<p>Chaohua Refrakter Sanayi B\u00f6lgesi,<br \/>\nXinmi \u015eehri, Henan Eyaleti, \u00c7in\n\t\t\t\t<\/p>\n<\/li>\n<\/ul><\/div>\n<div class=\"isright\">\n<ul class=\"contact-input\">\n<li>\n<div class=\"islabel\">\n<p>* \u0130sim:\n\t\t\t\t\t<\/p>\n<\/p><\/div>\n<p><span class=\"wpcf7-form-control-wrap\" data-name=\"your-name\"><input size=\"40\" maxlength=\"400\" class=\"wpcf7-form-control wpcf7-text wpcf7-validates-as-required\" aria-required=\"true\" aria-invalid=\"false\" placeholder=\"\" value=\"\" type=\"text\" name=\"your-name\" \/><\/span>\n\t\t\t\t<\/p>\n<\/li>\n<li>\n<div class=\"islabel\">\n<p>* E-posta:\n\t\t\t\t\t<\/p>\n<\/p><\/div>\n<p><span class=\"wpcf7-form-control-wrap\" data-name=\"your-email\"><input size=\"40\" maxlength=\"400\" class=\"wpcf7-form-control wpcf7-email wpcf7-validates-as-required wpcf7-text wpcf7-validates-as-email\" aria-required=\"true\" aria-invalid=\"false\" placeholder=\"\" value=\"\" type=\"email\" name=\"your-email\" \/><\/span>\n\t\t\t\t<\/p>\n<\/li>\n<li>\n<div class=\"islabel\">\n<p>* Telefon\/Whatsapp:\n\t\t\t\t\t<\/p>\n<\/p><\/div>\n<p><span class=\"wpcf7-form-control-wrap\" data-name=\"your-phone\"><input size=\"40\" maxlength=\"400\" class=\"wpcf7-form-control wpcf7-tel wpcf7-text wpcf7-validates-as-tel\" aria-invalid=\"false\" placeholder=\"\" value=\"\" type=\"tel\" name=\"your-phone\" \/><\/span>\n\t\t\t\t<\/p>\n<\/li>\n<li>\n<div class=\"islabel\">\n<p>\u00dclke:\n\t\t\t\t\t<\/p>\n<\/p><\/div>\n<p><span class=\"wpcf7-form-control-wrap\" data-name=\"your-country\"><input size=\"40\" maxlength=\"400\" class=\"wpcf7-form-control wpcf7-text\" aria-invalid=\"false\" placeholder=\"\" value=\"\" type=\"text\" name=\"your-country\" \/><\/span>\n\t\t\t\t<\/p>\n<\/li>\n<li class=\"ismassage\">\n<div class=\"islabel\">\n<p>* Mesaj:\n\t\t\t\t\t<\/p>\n<\/p><\/div>\n<p><span class=\"wpcf7-form-control-wrap\" data-name=\"your-msg\"><textarea cols=\"40\" rows=\"10\" maxlength=\"2000\" class=\"wpcf7-form-control wpcf7-textarea wpcf7-validates-as-required\" aria-required=\"true\" aria-invalid=\"false\" name=\"your-msg\"><\/textarea><\/span>\n\t\t\t\t<\/p>\n<\/li>\n<li class=\"wpcf7-btns-box\">\n<div class=\"isFileName\">\n\t\t\t\t<\/div>\n<div class=\"wpcf7-btns\">\n<p><input class=\"wpcf7-form-control wpcf7-submit has-spinner\" type=\"submit\" value=\"G\u00d6NDER\" \/>\n\t\t\t\t\t<\/p>\n<\/p><\/div>\n<\/li>\n<\/ul><\/div>\n<\/div>\n<div class=\"wpcf7-response-output\" aria-hidden=\"true\"><\/div>\n<input type=\"hidden\" name=\"trp-form-language\" value=\"tr\"\/><\/form>\n<\/div>","protected":false},"excerpt":{"rendered":"","protected":false},"author":1,"featured_media":0,"parent":0,"menu_order":0,"comment_status":"closed","ping_status":"closed","template":"","meta":{"footnotes":""},"class_list":{"0":"post-84296","1":"page","2":"type-page","3":"status-publish","5":"no-featured-image-padding"},"yoast_head":"<!-- This site is optimized with the Yoast SEO plugin v24.9 - https:\/\/yoast.com\/wordpress\/plugins\/seo\/ -->\n<title>Zircon Brick - Your Refractory Bricks, Castables Manufacturer For Kiln | Kerui Refractory\u00ae Official Website<\/title>\n<meta name=\"description\" content=\"Zircon brick is used in high-temperature kilns and glass furnaces for corrosion resistance and thermal stability.\" \/>\n<meta name=\"robots\" content=\"index, follow, max-snippet:-1, max-image-preview:large, max-video-preview:-1\" \/>\n<link rel=\"canonical\" href=\"https:\/\/keruiref.com\/tr\/zirkon-tugla\/\" \/>\n<script type=\"application\/ld+json\" class=\"yoast-schema-graph\">{\"@context\":\"https:\/\/schema.org\",\"@graph\":[{\"@type\":\"WebPage\",\"@id\":\"https:\/\/keruiref.com\/zircon-brick\/\",\"url\":\"https:\/\/keruiref.com\/zircon-brick\/\",\"name\":\"Zircon Brick - Your Refractory Bricks, Castables Manufacturer For Kiln | Kerui Refractory\u00ae Official Website\",\"isPartOf\":{\"@id\":\"https:\/\/keruiref.com\/el\/#website\"},\"primaryImageOfPage\":{\"@id\":\"https:\/\/keruiref.com\/zircon-brick\/#primaryimage\"},\"image\":{\"@id\":\"https:\/\/keruiref.com\/zircon-brick\/#primaryimage\"},\"thumbnailUrl\":\"https:\/\/keruiref.com\/wp-content\/uploads\/2025\/02\/Zircon-Brick-01.webp\",\"datePublished\":\"2025-02-25T03:33:34+00:00\",\"dateModified\":\"2025-05-27T07:25:58+00:00\",\"description\":\"Zircon brick is used in high-temperature kilns and glass furnaces for corrosion resistance and thermal stability.\",\"breadcrumb\":{\"@id\":\"https:\/\/keruiref.com\/zircon-brick\/#breadcrumb\"},\"inLanguage\":\"tr\",\"potentialAction\":[{\"@type\":\"ReadAction\",\"target\":[\"https:\/\/keruiref.com\/zircon-brick\/\"]}]},{\"@type\":\"ImageObject\",\"inLanguage\":\"tr\",\"@id\":\"https:\/\/keruiref.com\/zircon-brick\/#primaryimage\",\"url\":\"https:\/\/keruiref.com\/wp-content\/uploads\/2025\/02\/Zircon-Brick-01.webp\",\"contentUrl\":\"https:\/\/keruiref.com\/wp-content\/uploads\/2025\/02\/Zircon-Brick-01.webp\"},{\"@type\":\"BreadcrumbList\",\"@id\":\"https:\/\/keruiref.com\/zircon-brick\/#breadcrumb\",\"itemListElement\":[{\"@type\":\"ListItem\",\"position\":1,\"name\":\"Home\",\"item\":\"https:\/\/keruiref.com\/\"},{\"@type\":\"ListItem\",\"position\":2,\"name\":\"Zircon Brick\"}]},{\"@type\":\"WebSite\",\"@id\":\"https:\/\/keruiref.com\/el\/#website\",\"url\":\"https:\/\/keruiref.com\/el\/\",\"name\":\"Your Refractory Bricks, Castables Manufacturer For Kiln | Kerui Refractory\u00ae Official Website\",\"description\":\"\",\"publisher\":{\"@id\":\"https:\/\/keruiref.com\/el\/#organization\"},\"potentialAction\":[{\"@type\":\"SearchAction\",\"target\":{\"@type\":\"EntryPoint\",\"urlTemplate\":\"https:\/\/keruiref.com\/el\/?s={search_term_string}\"},\"query-input\":{\"@type\":\"PropertyValueSpecification\",\"valueRequired\":true,\"valueName\":\"search_term_string\"}}],\"inLanguage\":\"tr\"},{\"@type\":\"Organization\",\"@id\":\"https:\/\/keruiref.com\/el\/#organization\",\"name\":\"Your Refractory Bricks, Castables Manufacturer For Kiln | Kerui Refractory\u00ae Official Website\",\"url\":\"https:\/\/keruiref.com\/el\/\",\"logo\":{\"@type\":\"ImageObject\",\"inLanguage\":\"tr\",\"@id\":\"https:\/\/keruiref.com\/el\/#\/schema\/logo\/image\/\",\"url\":\"https:\/\/keruiref.com\/wp-content\/uploads\/2024\/01\/footer-Logo.png\",\"contentUrl\":\"https:\/\/keruiref.com\/wp-content\/uploads\/2024\/01\/footer-Logo.png\",\"width\":282,\"height\":70,\"caption\":\"Your Refractory Bricks, Castables Manufacturer For Kiln | Kerui Refractory\u00ae Official Website\"},\"image\":{\"@id\":\"https:\/\/keruiref.com\/el\/#\/schema\/logo\/image\/\"}}]}<\/script>\n<!-- \/ Yoast SEO plugin. -->","yoast_head_json":{"title":"Zirkon Tu\u011fla - F\u0131r\u0131n i\u00e7in Refrakter Tu\u011flalar\u0131n\u0131z, D\u00f6k\u00fclebilir Malzemeler \u00dcreticiniz | Kerui Refractory\u00ae Resmi Web Sitesi","description":"Zirkon tu\u011fla, korozyon direnci ve termal stabilite i\u00e7in y\u00fcksek s\u0131cakl\u0131k f\u0131r\u0131nlar\u0131nda ve cam f\u0131r\u0131nlar\u0131nda kullan\u0131l\u0131r.","robots":{"index":"index","follow":"follow","max-snippet":"max-snippet:-1","max-image-preview":"max-image-preview:large","max-video-preview":"max-video-preview:-1"},"canonical":"https:\/\/keruiref.com\/tr\/zirkon-tugla\/","schema":{"@context":"https:\/\/schema.org","@graph":[{"@type":"WebPage","@id":"https:\/\/keruiref.com\/zircon-brick\/","url":"https:\/\/keruiref.com\/zircon-brick\/","name":"Zirkon Tu\u011fla - F\u0131r\u0131n i\u00e7in Refrakter Tu\u011flalar\u0131n\u0131z, D\u00f6k\u00fclebilir Malzemeler \u00dcreticiniz | Kerui Refractory\u00ae Resmi Web Sitesi","isPartOf":{"@id":"https:\/\/keruiref.com\/el\/#website"},"primaryImageOfPage":{"@id":"https:\/\/keruiref.com\/zircon-brick\/#primaryimage"},"image":{"@id":"https:\/\/keruiref.com\/zircon-brick\/#primaryimage"},"thumbnailUrl":"https:\/\/keruiref.com\/wp-content\/uploads\/2025\/02\/Zircon-Brick-01.webp","datePublished":"2025-02-25T03:33:34+00:00","dateModified":"2025-05-27T07:25:58+00:00","description":"Zirkon tu\u011fla, korozyon direnci ve termal stabilite i\u00e7in y\u00fcksek s\u0131cakl\u0131k f\u0131r\u0131nlar\u0131nda ve cam f\u0131r\u0131nlar\u0131nda kullan\u0131l\u0131r.","breadcrumb":{"@id":"https:\/\/keruiref.com\/zircon-brick\/#breadcrumb"},"inLanguage":"tr","potentialAction":[{"@type":"ReadAction","target":["https:\/\/keruiref.com\/zircon-brick\/"]}]},{"@type":"ImageObject","inLanguage":"tr","@id":"https:\/\/keruiref.com\/zircon-brick\/#primaryimage","url":"https:\/\/keruiref.com\/wp-content\/uploads\/2025\/02\/Zircon-Brick-01.webp","contentUrl":"https:\/\/keruiref.com\/wp-content\/uploads\/2025\/02\/Zircon-Brick-01.webp"},{"@type":"BreadcrumbList","@id":"https:\/\/keruiref.com\/zircon-brick\/#breadcrumb","itemListElement":[{"@type":"ListItem","position":1,"name":"Home","item":"https:\/\/keruiref.com\/"},{"@type":"ListItem","position":2,"name":"Zircon Brick"}]},{"@type":"WebSite","@id":"https:\/\/keruiref.com\/el\/#website","url":"https:\/\/keruiref.com\/el\/","name":"F\u0131r\u0131n i\u00e7in Refrakter Tu\u011flalar\u0131n\u0131z, D\u00f6k\u00fclebilir Malzemeler \u00dcreticiniz | Kerui Refractory\u00ae Resmi Web Sitesi","description":"","publisher":{"@id":"https:\/\/keruiref.com\/el\/#organization"},"potentialAction":[{"@type":"SearchAction","target":{"@type":"EntryPoint","urlTemplate":"https:\/\/keruiref.com\/el\/?s={search_term_string}"},"query-input":{"@type":"PropertyValueSpecification","valueRequired":true,"valueName":"search_term_string"}}],"inLanguage":"tr"},{"@type":"Organization","@id":"https:\/\/keruiref.com\/el\/#organization","name":"F\u0131r\u0131n i\u00e7in Refrakter Tu\u011flalar\u0131n\u0131z, D\u00f6k\u00fclebilir Malzemeler \u00dcreticiniz | Kerui Refractory\u00ae Resmi Web Sitesi","url":"https:\/\/keruiref.com\/el\/","logo":{"@type":"ImageObject","inLanguage":"tr","@id":"https:\/\/keruiref.com\/el\/#\/schema\/logo\/image\/","url":"https:\/\/keruiref.com\/wp-content\/uploads\/2024\/01\/footer-Logo.png","contentUrl":"https:\/\/keruiref.com\/wp-content\/uploads\/2024\/01\/footer-Logo.png","width":282,"height":70,"caption":"Your Refractory Bricks, Castables Manufacturer For Kiln | Kerui Refractory\u00ae Official Website"},"image":{"@id":"https:\/\/keruiref.com\/el\/#\/schema\/logo\/image\/"}}]}},"_links":{"self":[{"href":"https:\/\/keruiref.com\/tr\/wp-json\/wp\/v2\/pages\/84296","targetHints":{"allow":["GET"]}}],"collection":[{"href":"https:\/\/keruiref.com\/tr\/wp-json\/wp\/v2\/pages"}],"about":[{"href":"https:\/\/keruiref.com\/tr\/wp-json\/wp\/v2\/types\/page"}],"author":[{"embeddable":true,"href":"https:\/\/keruiref.com\/tr\/wp-json\/wp\/v2\/users\/1"}],"replies":[{"embeddable":true,"href":"https:\/\/keruiref.com\/tr\/wp-json\/wp\/v2\/comments?post=84296"}],"version-history":[{"count":0,"href":"https:\/\/keruiref.com\/tr\/wp-json\/wp\/v2\/pages\/84296\/revisions"}],"wp:attachment":[{"href":"https:\/\/keruiref.com\/tr\/wp-json\/wp\/v2\/media?parent=84296"}],"curies":[{"name":"wp","href":"https:\/\/api.w.org\/{rel}","templated":true}]}}