{"id":2664,"date":"2023-08-09T10:18:43","date_gmt":"2023-08-09T02:18:43","guid":{"rendered":"https:\/\/keruiref.com\/?page_id=2664"},"modified":"2025-07-29T17:58:34","modified_gmt":"2025-07-29T09:58:34","slug":"hakkimizda","status":"publish","type":"page","link":"https:\/\/keruiref.com\/tr\/hakkimizda\/","title":{"rendered":"Hakk\u0131m\u0131zda"},"content":{"rendered":"<div class=\"aboutAre\">\n<div class=\"iscontain\">\n<div class=\"isleft\">\n<div class=\"about-title\">B\u0130Z K\u0130M\u0130Z<\/div>\n<p>2004 y\u0131l\u0131nda kurulan Kerui Refrakter, deniza\u015f\u0131r\u0131 ve yerli m\u00fc\u015fterilerin \u00c7in'den refrakter malzemeler ithal etmeleri i\u00e7in ilk tercihtir.<\/p>\n<p>Kerui Refrakter, demir-\u00e7elik, al\u00fcminyum, enerji, cam, kazan, demir d\u0131\u015f\u0131, \u00e7imento end\u00fcstrisi vb. dahil olmak \u00fczere d\u00fcnya \u00e7ap\u0131nda y\u00fcksek s\u0131cakl\u0131k end\u00fcstrileri i\u00e7in birinci s\u0131n\u0131f \u00e7\u00f6z\u00fcmler ve hizmet sunmaya \u00e7al\u0131\u015fmaktad\u0131r. \u00d6ncelikli hedefimiz, y\u00fcksek s\u0131cakl\u0131klarda g\u00fcvenli ve verimli bir \u015fekilde \u00e7al\u0131\u015fmalar\u0131 i\u00e7in gerekli malzemeleri ve deste\u011fi sa\u011flayarak bu end\u00fcstrilerin ba\u015far\u0131s\u0131n\u0131 ve refah\u0131n\u0131 m\u00fcmk\u00fcn k\u0131lmakt\u0131r. Derin uzmanl\u0131\u011f\u0131m\u0131z ve d\u00fcnya \u00e7ap\u0131ndaki etkimizle, d\u00fcnya \u00e7ap\u0131nda y\u00fcksek s\u0131cakl\u0131k end\u00fcstrilerini g\u00fc\u00e7lendirmekten b\u00fcy\u00fck gurur duyuyoruz.<\/p>\n<ul>\n<li>\n<div class=\"t1\"><span id=\"numC1\">0<\/span><sub>+<\/sub><\/div>\n<p class=\"t2\">\u00c7al\u0131\u015fanlar<\/p>\n<\/li>\n<li>\n<div class=\"t1\"><span id=\"numC2\">0<\/span><sub>+<\/sub><\/div>\n<p class=\"t2\">Ba\u015far\u0131l\u0131 Vakalar<\/p>\n<\/li>\n<li>\n<div class=\"t1\"><span id=\"numC3\">0<\/span><sub>\u33a1<\/sub><\/div>\n<p class=\"t2\">Fabrika<\/p>\n<\/li>\n<li>\n<div class=\"t1\"><span id=\"numC4\">0<\/span><\/div>\n<p class=\"t2\">Ton Y\u0131ll\u0131k Kapasite<\/p>\n<\/li>\n<\/ul>\n<\/div>\n<div class=\"isright\"><img loading=\"lazy\" decoding=\"async\" class=\"aligncenter size-full wp-image-1924\" src=\"https:\/\/keruiref.com\/wp-content\/uploads\/2023\/08\/About-Us_05-1.jpg\" alt=\"Hakk\u0131m\u0131zda 05\" width=\"960\" height=\"600\" \/><\/div>\n<\/div>\n<\/div>\n<div class=\"about-cando-box\">\n<div class=\"home-cando\">\n<div class=\"swiper home-cando-left wow fadeInLeft\">\n<div class=\"swiper-wrapper\">\n<div class=\"swiper-slide\"><img loading=\"lazy\" decoding=\"async\" class=\"aligncenter size-full wp-image-1923\" src=\"https:\/\/keruiref.com\/wp-content\/uploads\/2023\/08\/About-Us-RD-1.jpg\" alt=\"Hakk\u0131m\u0131zda-AR-GE\" width=\"960\" height=\"490\" \/><\/div>\n<div class=\"swiper-slide\"><img loading=\"lazy\" decoding=\"async\" class=\"aligncenter size-full wp-image-1921\" src=\"https:\/\/keruiref.com\/wp-content\/uploads\/2023\/08\/About-Us_Products-1.jpg\" alt=\"Hakk\u0131m\u0131zda_\u00dcr\u00fcnler\" width=\"960\" height=\"490\" \/><\/div>\n<div class=\"swiper-slide\"><img loading=\"lazy\" decoding=\"async\" class=\"aligncenter size-full wp-image-1922\" src=\"https:\/\/keruiref.com\/wp-content\/uploads\/2023\/11\/Solutions-PC.jpg\" alt=\"Hakk\u0131m\u0131zda \u00c7\u00f6z\u00fcmler\" width=\"960\" height=\"490\" \/><\/div>\n<\/div>\n<\/div>\n<div class=\"isright wow fadeInRight\">\n<div class=\"about-title\">Kerui Refrakter Ne \u0130\u015fe Yarar?<\/div>\n<ul class=\"isnav\">\n<li class=\"active\">Ar-Ge ve \u0130novasyon<\/li>\n<li>\u00dcr\u00fcnler<\/li>\n<li>\u00c7\u00f6z\u00fcmler<\/li>\n<\/ul>\n<div class=\"swiper home-cando-right\">\n<div class=\"swiper-wrapper\">\n<div class=\"swiper-slide\">\n<p>Kerui Refrakter, ara\u015ft\u0131rma ve geli\u015ftirmeye (AR-GE) ve s\u00fcrekli inovasyona g\u00fc\u00e7l\u00fc bir vurgu yapmaktad\u0131r. Refrakter end\u00fcstrisinde s\u00fcrekli olarak yeni teknolojileri, malzemeleri ve \u00fcretim s\u00fcre\u00e7lerini ke\u015ffeden ara\u015ft\u0131rmac\u0131 ve bilim insanlar\u0131ndan olu\u015fan \u00f6zel bir ekibimiz var. Ar-Ge \u00e7al\u0131\u015fmalar\u0131m\u0131z sayesinde, \u00e7e\u015fitli sekt\u00f6rlerin de\u011fi\u015fen ihtiya\u00e7lar\u0131n\u0131 kar\u015f\u0131layan geli\u015fmi\u015f ve y\u00fcksek performansl\u0131 refrakter \u00e7\u00f6z\u00fcmleri geli\u015ftirmeye \u00e7al\u0131\u015f\u0131yoruz. Bu, yeni malzemelerin ara\u015ft\u0131r\u0131lmas\u0131n\u0131, mevcut form\u00fclasyonlar\u0131n optimize edilmesini ve refrakter \u00fcr\u00fcnlerin \u00f6zelliklerini ve karakteristiklerini geli\u015ftirmek i\u00e7in \u00fcretim tekniklerinin iyile\u015ftirilmesini i\u00e7erir.<\/p>\n<\/div>\n<div class=\"swiper-slide\">\n<p>Kerui Refrakter, farkl\u0131 end\u00fcstrilere ve uygulamalara hitap etmek i\u00e7in geni\u015f bir refrakter \u00fcr\u00fcn yelpazesi sunmaktad\u0131r. Y\u00fcksek s\u0131cakl\u0131klar, kimyasal korozyon ve mekanik stres gibi a\u015f\u0131r\u0131 ko\u015fullarda kullan\u0131lan y\u00fcksek kaliteli refrakter malzemeler geli\u015ftiriyor ve \u00fcretiyoruz. Kerui \u00fcr\u00fcn portf\u00f6y\u00fc tu\u011fla, monolitik refrakterler, d\u00f6k\u00fclebilir malzemeler, kaplamalar, prekast \u015fekiller vb. gibi \u00e7e\u015fitli refrakter t\u00fcrlerini i\u00e7erir. Bu \u00fcr\u00fcnler \u00e7elik, \u00e7imento, cam, petrokimya ve daha fazlas\u0131 gibi end\u00fcstrilerde kar\u015f\u0131la\u015f\u0131lan a\u011f\u0131r ko\u015fullara dayanacak \u015fekilde tasarlanm\u0131\u015ft\u0131r. Kerui Refrakterleri, \u00fcr\u00fcnlerimizin gerekli performans, dayan\u0131kl\u0131l\u0131k ve g\u00fcvenilirlik standartlar\u0131n\u0131 kar\u015f\u0131lamas\u0131n\u0131 sa\u011flar.<\/p>\n<\/div>\n<div class=\"swiper-slide\">\n<p>Kerui Refrakter, m\u00fc\u015fterilerimizin kar\u015f\u0131la\u015ft\u0131\u011f\u0131 \u00f6zel ihtiya\u00e7lar\u0131 ve zorluklar\u0131 ele almak i\u00e7in kapsaml\u0131 \u00e7\u00f6z\u00fcmler sunar. M\u00fc\u015fterilerimizin gereksinimlerini anlamak ve uygulamalar\u0131na g\u00f6re \u00f6zelle\u015ftirilmi\u015f refrakter \u00e7\u00f6z\u00fcmleri geli\u015ftirmek i\u00e7in onlarla yak\u0131n i\u015fbirli\u011fi i\u00e7inde \u00e7al\u0131\u015f\u0131yoruz. \u0130ster f\u0131r\u0131nlar, f\u0131r\u0131nlar veya reakt\u00f6rler i\u00e7in astar sistemleri tasarl\u0131yor ister \u0131s\u0131 yal\u0131t\u0131m\u0131, korozyon direnci veya mekanik stabilite i\u00e7in \u00e7\u00f6z\u00fcmler sunuyor olsun, Kerui Refrakter uzmanl\u0131k ve teknik destek sunar. Ayr\u0131ca m\u00fc\u015fterilere refrakter astarlar\u0131n kurulumu, bak\u0131m\u0131 ve sorun giderme konular\u0131nda yard\u0131mc\u0131 olarak refrakter \u00fcr\u00fcnlerin optimum performans g\u00f6stermesini ve hizmet \u00f6mr\u00fcn\u00fcn uzamas\u0131n\u0131 sa\u011fl\u0131yoruz.<\/p>\n<\/div>\n<\/div>\n<\/div>\n<\/div>\n<\/div>\n<\/div>\n<div class=\"aboutWhy-box\">\n<div class=\"aboutWhy\">\n<div class=\"about-title\">NEDEN KERUI'YI SE\u00c7MELISINIZ<\/div>\n<ul>\n<li class=\"wow fadeInUp\">\n<div class=\"t1\">\u00dcretim<\/div>\n<p>Tam otomatik refrakter toz harmanlama sistemi;<\/p>\n<p>20 set 400-1000 tonluk \u015fekillendirme presi;<\/p>\n<p>2 * 168m y\u00fcksek s\u0131cakl\u0131kl\u0131 t\u00fcnel f\u0131r\u0131nlar;<\/p>\n<p>20000\u33a1 depolama at\u00f6lyesi.<\/li>\n<li class=\"wow fadeInUp\" data-wow-delay=\"0.1s\">\n<div class=\"t1\">Test<\/div>\n<p>Y\u00fcksek s\u0131cakl\u0131kta yeniden \u0131s\u0131tma\/y\u00fck yumu\u015fatma s\u00fcr\u00fcnme test f\u0131r\u0131n\u0131;<\/p>\n<p>Refrakter malzemeler i\u00e7in bas\u0131n\u00e7\/esnek mukavemet test tezgah\u0131;<\/p>\n<p>Refrakter malzemeler i\u00e7in bile\u015fim testi ve denetim platformu;<\/p>\n<p>Refrakter malzemeler i\u00e7in fiziksel\/kimyasal \u00f6zellikler laboratuvar\u0131.<\/li>\n<li class=\"wow fadeInUp\" data-wow-delay=\"0.2s\">\n<div class=\"t1\">Sertifikalar<\/div>\n<p>1 bulu\u015f patent sertifikas\u0131: yang\u0131n yolu duvar\u0131 i\u00e7in yanmaz tu\u011fla;<\/p>\n<p>20+ Pratik yeni teknoloji;<\/p>\n<p>ISO9001\/I-SO14001\/OHSAS18001\/CE\/ SGS;<\/p>\n<p>Y\u00fcksek teknoloji i\u015fletme sertifikas\u0131.<\/li>\n<li class=\"wow fadeInUp\" data-wow-delay=\"0.3s\">\n<div class=\"t1\">Hizmet<\/div>\n<p>Tek Noktadan Hizmet;<\/p>\n<p>Profesyonel sat\u0131\u015f sonras\u0131 ekip deste\u011fi ve \u00f6m\u00fcr boyu garanti;<\/p>\n<p>Kalite kontrol ekibinin g\u00f6zetimi;<\/p>\n<p>M\u00fc\u015fteri odakl\u0131 ve ki\u015fiselle\u015ftirilmi\u015f \u00e7\u00f6z\u00fcm hizmeti.<\/li>\n<\/ul>\n<\/div>\n<\/div>\n<div class=\"about-FOOTPRINTS\">\n<div class=\"iscontain\">\n<div class=\"about-title\">KERUI'NIN AYAK IZLERI<\/div>\n<div class=\"t2\">2004 y\u0131l\u0131nda Songchen Wei, Xinmi \u015eehri, Chaohua Kasabas\u0131nda Kerui Fabrikas\u0131n\u0131 kurdu. O zamanlar, \u00fcretim ekipman\u0131nda sadece 2 pres, 2 downdraft f\u0131r\u0131n ve 1 gaz jenerat\u00f6r\u00fc vard\u0131.<br \/>\nKerui, 2012 y\u0131l\u0131nda \"KRNC\" markas\u0131n\u0131 tescil ettirmi\u015f ve stratejik markalama faaliyetlerine ba\u015flam\u0131\u015ft\u0131r.<\/div>\n<div class=\"t2\">KERUI, 20 y\u0131l\u0131 a\u015fk\u0131n inovasyon s\u00fcrecinde \u00c7in'in en b\u00fcy\u00fck refrakter malzeme \u00fcreticilerinden biri haline geldi ve hem yurti\u00e7inde hem de yurtd\u0131\u015f\u0131nda m\u00fc\u015fterilerine hizmet veriyor. Bug\u00fcn, kalite ve m\u00fc\u015fteri memnuniyetine olan sars\u0131lmaz ba\u011fl\u0131l\u0131\u011f\u0131yla Kerui, k\u00fcresel refrakter malzemeler pazar\u0131nda silinmez ayak izlerini b\u0131rakmaya devam ediyor.<\/div>\n<\/div>\n<\/div>\n<div class=\"about-world\">\n<div class=\"iscontain\">\n<div class=\"isleft\">\n<div class=\"about-title\">KERUI'NIN T\u00dcM D\u00dcNYADAKI A\u011eI<\/div>\n<ul class=\"isdata\">\n<li>\n<div class=\"t1\"><span id=\"numC5\">0<\/span><\/div>\n<p class=\"t2\">K\u0131talar<\/p>\n<\/li>\n<li>\n<div class=\"t1\"><span id=\"numC6\">0<\/span><sub>+<\/sub><\/div>\n<p class=\"t2\">\u00dclkeler ve B\u00f6lgeler<\/p>\n<\/li>\n<li>\n<div class=\"t1\"><span id=\"numC7\">0<\/span><sub>+<\/sub><\/div>\n<p class=\"t2\">Ba\u015far\u0131l\u0131 Vakalar<\/p>\n<\/li>\n<li>\n<div class=\"t1\"><span id=\"numC8\">0<\/span><sub>+<\/sub><\/div>\n<p class=\"t2\">M\u00fc\u015fteriler<\/p>\n<\/li>\n<\/ul>\n<p>Kerui Refrakter, \u00c7in anakaras\u0131n\u0131n yan\u0131 s\u0131ra Asya, Avrupa, Kuzey Amerika, G\u00fcney Amerika, Afrika ve Okyanusya dahil olmak \u00fczere d\u00fcnyan\u0131n 6 k\u0131tas\u0131nda 50'den fazla \u00fclke ve b\u00f6lgeye \u00fcr\u00fcn ihra\u00e7 etmi\u015ftir. D\u00fcnyan\u0131n her yerindeki m\u00fc\u015fterilerimizden takdir ve y\u00fcksek \u00f6vg\u00fc ald\u0131k ve s\u00fcrekli olarak m\u00fc\u015fterilerin yeniden sat\u0131n alma sipari\u015flerini ve tavsiyelerini al\u0131yoruz.<\/p>\n<\/div>\n<div class=\"isright\"><img loading=\"lazy\" decoding=\"async\" class=\"alignnone size-full wp-image-15950\" src=\"https:\/\/keruiref.com\/wp-content\/uploads\/2023\/10\/kerui-about-us-map.jpg\" alt=\"kerui hakkimizda hari\u0307ta\" width=\"974\" height=\"494\" srcset=\"https:\/\/keruiref.com\/wp-content\/uploads\/2023\/10\/kerui-about-us-map.jpg 974w, https:\/\/keruiref.com\/wp-content\/uploads\/2023\/10\/kerui-about-us-map-300x152.jpg 300w, https:\/\/keruiref.com\/wp-content\/uploads\/2023\/10\/kerui-about-us-map-768x390.jpg 768w\" sizes=\"auto, (max-width: 974px) 100vw, 974px\" \/><\/div>\n<\/div>\n<\/div>\n<div class=\"about-culture\">\n<div class=\"about-title-box\">\n<div class=\"about-title\">KERUI'NIN \u015eIRKET K\u00dcLT\u00dcR\u00dc<\/div>\n<\/div>\n<div class=\"iscontain\">\n<div class=\"isleft\">\n<div class=\"t3\">Y\u00fcksek S\u0131cakl\u0131k End\u00fcstrisini K\u00fcresel Olarak G\u00fc\u00e7lendirmek<\/div>\n<div class=\"t1\">G\u00f6rev<\/div>\n<div class=\"t2\">K\u00fcresel olarak y\u00fcksek s\u0131cakl\u0131k end\u00fcstrisi i\u00e7in y\u00fcksek kaliteli refrakter malzemeler ve \u00e7\u00f6z\u00fcmler sa\u011flamay\u0131 ve k\u00fcresel y\u00fcksek s\u0131cakl\u0131k end\u00fcstrisinin geli\u015fimine katk\u0131da bulunmay\u0131 taahh\u00fct eder.<\/div>\n<\/div>\n<div class=\"isright\">\n<div>\n<div class=\"t1\">Vizyon<\/div>\n<div class=\"t2\">K\u00fcresel pazarda y\u00fcksek s\u0131cakl\u0131k refrakter \u00fcr\u00fcnleri ve \u00e7\u00f6z\u00fcmleri konusunda lider bir uzman olmak.<\/div>\n<\/div>\n<div>\n<div class=\"t1\">Temel De\u011ferler<\/div>\n<div class=\"t2\">M\u00fc\u015fteri odakl\u0131, ekip \u00e7al\u0131\u015fmas\u0131nda, inovasyon y\u00f6netiminde ve geli\u015fimde \u0131srarc\u0131.<\/div>\n<\/div>\n<\/div>\n<\/div>\n<\/div>\n<div class=\"about-future\">\n<div class=\"iscontain\">\n<div class=\"about-title\">Gelecek \u00dczerinde \u00c7al\u0131\u015fmak<\/div>\n<p>\u0130leriye d\u00f6n\u00fck bir \u015firket olarak Kerui Refrakter, de\u011fi\u015fim zaman\u0131nda do\u011fmu\u015ftur ve s\u00fcrekli olarak m\u00fc\u015fterilerin ve bir b\u00fct\u00fcn olarak sekt\u00f6r\u00fcn geli\u015fen ihtiya\u00e7lar\u0131n\u0131 \u00f6ng\u00f6rmeye \u00e7al\u0131\u015fmaktad\u0131r. Kerui Refrakter, \u00fcr\u00fcn ve \u00e7\u00f6z\u00fcmlerde s\u00fcrekli yenilik yaparak metalurjiden \u00e7imentoya, kimyasallardan enerjiye kadar sekt\u00f6rlerdeki m\u00fc\u015fterilerine daha iyi ve daha iyi hizmet vermektedir \"Y\u00fcksek S\u0131cakl\u0131k End\u00fcstrisini K\u00fcresel Olarak G\u00fc\u00e7lendirmek!\" slogan\u0131m\u0131z\u0131 uygulamak i\u00e7in Kerui hi\u00e7 durmad\u0131.<\/p>\n<\/div>\n<\/div>","protected":false},"excerpt":{"rendered":"WHO WE ARE Founded in 2004, Kerui Refractory is the first choice for overseas and domestic customers to import refractory materials from China. Kerui Refractory strives to provide top-notch solutions and service for high-temperature industries worldwide, including iron-steel, aluminum, power, glass, boiler, non-ferrous, cement industry, &#8230; <a title=\"Hakk\u0131m\u0131zda\" class=\"read-more\" href=\"https:\/\/keruiref.com\/tr\/hakkimizda\/\" aria-label=\"More on About Us\">Daha fazla bilgi edinin<\/a>","protected":false},"author":1,"featured_media":0,"parent":0,"menu_order":0,"comment_status":"closed","ping_status":"closed","template":"","meta":{"footnotes":""},"class_list":{"0":"post-2664","1":"page","2":"type-page","3":"status-publish","5":"no-featured-image-padding"},"yoast_head":"<!-- This site is optimized with the Yoast SEO plugin v24.9 - https:\/\/yoast.com\/wordpress\/plugins\/seo\/ -->\n<title>Kerui Refractory\u00ae Official Website | About Kerui<\/title>\n<meta name=\"description\" content=\"Founded in 2004, Kerui Refractory is the first choice for overseas and domestic customers to import refractory materials from China.\" \/>\n<meta name=\"robots\" content=\"index, follow, max-snippet:-1, max-image-preview:large, max-video-preview:-1\" \/>\n<link rel=\"canonical\" href=\"https:\/\/keruiref.com\/tr\/hakkimizda\/\" \/>\n<script type=\"application\/ld+json\" class=\"yoast-schema-graph\">{\"@context\":\"https:\/\/schema.org\",\"@graph\":[{\"@type\":\"WebPage\",\"@id\":\"https:\/\/keruiref.com\/about-us\/\",\"url\":\"https:\/\/keruiref.com\/about-us\/\",\"name\":\"Kerui Refractory\u00ae Official Website | About Kerui\",\"isPartOf\":{\"@id\":\"https:\/\/keruiref.com\/el\/#website\"},\"primaryImageOfPage\":{\"@id\":\"https:\/\/keruiref.com\/about-us\/#primaryimage\"},\"image\":{\"@id\":\"https:\/\/keruiref.com\/about-us\/#primaryimage\"},\"thumbnailUrl\":\"https:\/\/keruiref.com\/wp-content\/uploads\/2023\/08\/About-Us_05-1.jpg\",\"datePublished\":\"2023-08-09T02:18:43+00:00\",\"dateModified\":\"2025-07-29T09:58:34+00:00\",\"description\":\"Founded in 2004, Kerui Refractory is the first choice for overseas and domestic customers to import refractory materials from China.\",\"breadcrumb\":{\"@id\":\"https:\/\/keruiref.com\/about-us\/#breadcrumb\"},\"inLanguage\":\"tr\",\"potentialAction\":[{\"@type\":\"ReadAction\",\"target\":[\"https:\/\/keruiref.com\/about-us\/\"]}]},{\"@type\":\"ImageObject\",\"inLanguage\":\"tr\",\"@id\":\"https:\/\/keruiref.com\/about-us\/#primaryimage\",\"url\":\"https:\/\/keruiref.com\/wp-content\/uploads\/2023\/08\/About-Us_05-1.jpg\",\"contentUrl\":\"https:\/\/keruiref.com\/wp-content\/uploads\/2023\/08\/About-Us_05-1.jpg\"},{\"@type\":\"BreadcrumbList\",\"@id\":\"https:\/\/keruiref.com\/about-us\/#breadcrumb\",\"itemListElement\":[{\"@type\":\"ListItem\",\"position\":1,\"name\":\"Home\",\"item\":\"https:\/\/keruiref.com\/\"},{\"@type\":\"ListItem\",\"position\":2,\"name\":\"About Us\"}]},{\"@type\":\"WebSite\",\"@id\":\"https:\/\/keruiref.com\/el\/#website\",\"url\":\"https:\/\/keruiref.com\/el\/\",\"name\":\"Your Refractory Bricks, Castables Manufacturer For Kiln | Kerui Refractory\u00ae Official Website\",\"description\":\"\",\"publisher\":{\"@id\":\"https:\/\/keruiref.com\/el\/#organization\"},\"potentialAction\":[{\"@type\":\"SearchAction\",\"target\":{\"@type\":\"EntryPoint\",\"urlTemplate\":\"https:\/\/keruiref.com\/el\/?s={search_term_string}\"},\"query-input\":{\"@type\":\"PropertyValueSpecification\",\"valueRequired\":true,\"valueName\":\"search_term_string\"}}],\"inLanguage\":\"tr\"},{\"@type\":\"Organization\",\"@id\":\"https:\/\/keruiref.com\/el\/#organization\",\"name\":\"Your Refractory Bricks, Castables Manufacturer For Kiln | Kerui Refractory\u00ae Official Website\",\"url\":\"https:\/\/keruiref.com\/el\/\",\"logo\":{\"@type\":\"ImageObject\",\"inLanguage\":\"tr\",\"@id\":\"https:\/\/keruiref.com\/el\/#\/schema\/logo\/image\/\",\"url\":\"https:\/\/keruiref.com\/wp-content\/uploads\/2024\/01\/footer-Logo.png\",\"contentUrl\":\"https:\/\/keruiref.com\/wp-content\/uploads\/2024\/01\/footer-Logo.png\",\"width\":282,\"height\":70,\"caption\":\"Your Refractory Bricks, Castables Manufacturer For Kiln | Kerui Refractory\u00ae Official Website\"},\"image\":{\"@id\":\"https:\/\/keruiref.com\/el\/#\/schema\/logo\/image\/\"}}]}<\/script>\n<!-- \/ Yoast SEO plugin. -->","yoast_head_json":{"title":"Kerui Refrakter\u00ae Resmi Web Sitesi | Kerui Hakk\u0131nda","description":"2004 y\u0131l\u0131nda kurulan Kerui Refrakter, deniza\u015f\u0131r\u0131 ve yerli m\u00fc\u015fterilerin \u00c7in'den refrakter malzemeler ithal etmeleri i\u00e7in ilk tercihtir.","robots":{"index":"index","follow":"follow","max-snippet":"max-snippet:-1","max-image-preview":"max-image-preview:large","max-video-preview":"max-video-preview:-1"},"canonical":"https:\/\/keruiref.com\/tr\/hakkimizda\/","schema":{"@context":"https:\/\/schema.org","@graph":[{"@type":"WebPage","@id":"https:\/\/keruiref.com\/about-us\/","url":"https:\/\/keruiref.com\/about-us\/","name":"Kerui Refrakter\u00ae Resmi Web Sitesi | Kerui Hakk\u0131nda","isPartOf":{"@id":"https:\/\/keruiref.com\/el\/#website"},"primaryImageOfPage":{"@id":"https:\/\/keruiref.com\/about-us\/#primaryimage"},"image":{"@id":"https:\/\/keruiref.com\/about-us\/#primaryimage"},"thumbnailUrl":"https:\/\/keruiref.com\/wp-content\/uploads\/2023\/08\/About-Us_05-1.jpg","datePublished":"2023-08-09T02:18:43+00:00","dateModified":"2025-07-29T09:58:34+00:00","description":"2004 y\u0131l\u0131nda kurulan Kerui Refrakter, deniza\u015f\u0131r\u0131 ve yerli m\u00fc\u015fterilerin \u00c7in'den refrakter malzemeler ithal etmeleri i\u00e7in ilk tercihtir.","breadcrumb":{"@id":"https:\/\/keruiref.com\/about-us\/#breadcrumb"},"inLanguage":"tr","potentialAction":[{"@type":"ReadAction","target":["https:\/\/keruiref.com\/about-us\/"]}]},{"@type":"ImageObject","inLanguage":"tr","@id":"https:\/\/keruiref.com\/about-us\/#primaryimage","url":"https:\/\/keruiref.com\/wp-content\/uploads\/2023\/08\/About-Us_05-1.jpg","contentUrl":"https:\/\/keruiref.com\/wp-content\/uploads\/2023\/08\/About-Us_05-1.jpg"},{"@type":"BreadcrumbList","@id":"https:\/\/keruiref.com\/about-us\/#breadcrumb","itemListElement":[{"@type":"ListItem","position":1,"name":"Home","item":"https:\/\/keruiref.com\/"},{"@type":"ListItem","position":2,"name":"About Us"}]},{"@type":"WebSite","@id":"https:\/\/keruiref.com\/el\/#website","url":"https:\/\/keruiref.com\/el\/","name":"F\u0131r\u0131n i\u00e7in Refrakter Tu\u011flalar\u0131n\u0131z, D\u00f6k\u00fclebilir Malzemeler \u00dcreticiniz | Kerui Refractory\u00ae Resmi Web Sitesi","description":"","publisher":{"@id":"https:\/\/keruiref.com\/el\/#organization"},"potentialAction":[{"@type":"SearchAction","target":{"@type":"EntryPoint","urlTemplate":"https:\/\/keruiref.com\/el\/?s={search_term_string}"},"query-input":{"@type":"PropertyValueSpecification","valueRequired":true,"valueName":"search_term_string"}}],"inLanguage":"tr"},{"@type":"Organization","@id":"https:\/\/keruiref.com\/el\/#organization","name":"F\u0131r\u0131n i\u00e7in Refrakter Tu\u011flalar\u0131n\u0131z, D\u00f6k\u00fclebilir Malzemeler \u00dcreticiniz | Kerui Refractory\u00ae Resmi Web Sitesi","url":"https:\/\/keruiref.com\/el\/","logo":{"@type":"ImageObject","inLanguage":"tr","@id":"https:\/\/keruiref.com\/el\/#\/schema\/logo\/image\/","url":"https:\/\/keruiref.com\/wp-content\/uploads\/2024\/01\/footer-Logo.png","contentUrl":"https:\/\/keruiref.com\/wp-content\/uploads\/2024\/01\/footer-Logo.png","width":282,"height":70,"caption":"Your Refractory Bricks, Castables Manufacturer For Kiln | Kerui Refractory\u00ae Official Website"},"image":{"@id":"https:\/\/keruiref.com\/el\/#\/schema\/logo\/image\/"}}]}},"_links":{"self":[{"href":"https:\/\/keruiref.com\/tr\/wp-json\/wp\/v2\/pages\/2664","targetHints":{"allow":["GET"]}}],"collection":[{"href":"https:\/\/keruiref.com\/tr\/wp-json\/wp\/v2\/pages"}],"about":[{"href":"https:\/\/keruiref.com\/tr\/wp-json\/wp\/v2\/types\/page"}],"author":[{"embeddable":true,"href":"https:\/\/keruiref.com\/tr\/wp-json\/wp\/v2\/users\/1"}],"replies":[{"embeddable":true,"href":"https:\/\/keruiref.com\/tr\/wp-json\/wp\/v2\/comments?post=2664"}],"version-history":[{"count":0,"href":"https:\/\/keruiref.com\/tr\/wp-json\/wp\/v2\/pages\/2664\/revisions"}],"wp:attachment":[{"href":"https:\/\/keruiref.com\/tr\/wp-json\/wp\/v2\/media?parent=2664"}],"curies":[{"name":"wp","href":"https:\/\/api.w.org\/{rel}","templated":true}]}}