{"id":20167,"date":"2023-11-09T19:07:15","date_gmt":"2023-11-09T11:07:15","guid":{"rendered":"https:\/\/keruiref.com\/?page_id=20167"},"modified":"2025-09-02T10:41:33","modified_gmt":"2025-09-02T02:41:33","slug":"sertifikalar","status":"publish","type":"page","link":"https:\/\/keruiref.com\/tr\/sertifikalar\/","title":{"rendered":"Sertifikalar"},"content":{"rendered":"<h1>Sertifikalar<\/h1>\n<div class=\"call\">\n<div class=\"ch2\">Sertifikalarla Kalifiye Edilmi\u015f KERUI \u00dcr\u00fcnleri<\/div>\n<div class='content-column one_fourth'>\n<div style=\"padding-right:40px;\"><img loading=\"lazy\" decoding=\"async\" class=\"aligncenter size-full wp-image-4076\" src=\"https:\/\/keruiref.com\/wp-content\/uploads\/2023\/11\/CE-Certificate.jpg\" alt=\"CE Sertifikas\u0131\" width=\"500\" height=\"714\" \/><\/p>\n<div class=\"fmcaption\">CE<\/div>\n<\/div>\n<\/div>\n<div class='content-column one_fourth'>\n<div style=\"padding-right:40px;\"><img loading=\"lazy\" decoding=\"async\" class=\"aligncenter size-full wp-image-4077\" src=\"https:\/\/keruiref.com\/wp-content\/uploads\/2025\/08\/kerui-Environmental-Management-System-Certificate.webp\" alt=\"EMS\" width=\"500\" height=\"714\" \/><\/p>\n<div class=\"fmcaption\">ISO14001 \u00c7evre Y\u00f6netim Sistemi Belgesi<\/div>\n<\/div>\n<\/div>\n<div class='content-column one_fourth'>\n<div style=\"padding-right:40px;\"><img loading=\"lazy\" decoding=\"async\" class=\"aligncenter size-full wp-image-4079\" src=\"https:\/\/keruiref.com\/wp-content\/uploads\/2023\/11\/QMS.jpg\" alt=\"ISO\" width=\"500\" height=\"714\" \/><\/p>\n<div class=\"fmcaption\">ISO9001 Kalite Y\u00f6netim Sistemi Sertifikalar\u0131<\/div>\n<\/div>\n<\/div>\n<div class='content-column one_fourth last_column'>\n<div style=\"padding-right:40px;\"><img loading=\"lazy\" decoding=\"async\" class=\"aligncenter size-full wp-image-4078\" src=\"https:\/\/keruiref.com\/wp-content\/uploads\/2025\/09\/System-Certificate-Occupationai-Health-and-Safety-Management-1.webp\" alt=\"QHSM\" width=\"500\" height=\"714\" \/><\/p>\n<div class=\"fmcaption\">\u0130\u015f Sa\u011fl\u0131\u011f\u0131 ve G\u00fcvenli\u011fi Y\u00f6netim Sistemi Belgesi<\/div>\n<\/div>\n<\/div>\n<div class='clear_column'><\/div>\n<\/div>\n<div class=\"call\">\n<div class=\"ch2\">Bulu\u015f Patent<\/div>\n<div class='content-column one_fourth'>\n<div style=\"padding-right:40px;\"><img loading=\"lazy\" decoding=\"async\" class=\"aligncenter size-full wp-image-4107\" src=\"https:\/\/keruiref.com\/wp-content\/uploads\/2023\/11\/A-special-refractory-brick-and-manufacturing-method-for-flue-wall-of-anode-baking-furnace-ABF.jpg\" alt=\"Anot pi\u015firme f\u0131r\u0131n\u0131 (ABF) baca duvar\u0131 i\u00e7in \u00f6zel bir refrakter tu\u011fla ve \u00fcretim y\u00f6ntemi \" width=\"500\" height=\"714\" \/><\/p>\n<div class=\"fmcaption\">Anot pi\u015firme f\u0131r\u0131n\u0131 (ABF) baca duvar\u0131 i\u00e7in \u00f6zel bir refrakter tu\u011fla ve \u00fcretim y\u00f6ntemi<\/div>\n<\/div>\n<\/div>\n<div class='content-column one_fourth'>\n<div style=\"padding-right:40px;\"><\/div>\n<\/div>\n<div class='content-column one_fourth'>\n<div style=\"padding-right:40px;\"><\/div>\n<\/div>\n<div class='content-column one_fourth last_column'>\n<div style=\"padding-right:40px;\"><\/div>\n<\/div>\n<div class='clear_column'><\/div>\n<\/div>\n<div class=\"call\">\n<div class=\"ch2\">Faydal\u0131 Model Patentleri<\/div>\n<div class='content-column one_fourth'>\n<div style=\"padding-right:40px;\"><img loading=\"lazy\" decoding=\"async\" class=\"aligncenter size-full wp-image-4093\" src=\"https:\/\/keruiref.com\/wp-content\/uploads\/2023\/11\/Utility-Model-Relates-to-Safety-Crushing-Device.jpg\" alt=\"Faydal\u0131 Model Emniyetli K\u0131rma Cihaz\u0131 ile \u0130li\u015fkilidir\" width=\"500\" height=\"714\" \/><\/p>\n<div class=\"fmcaption\">Faydal\u0131 Model Emniyetli K\u0131rma Cihaz\u0131 ile \u0130li\u015fkilidir<\/div>\n<\/div>\n<\/div>\n<div class='content-column one_fourth'>\n<div style=\"padding-right:40px;\"><img loading=\"lazy\" decoding=\"async\" class=\"aligncenter size-full wp-image-4083\" src=\"https:\/\/keruiref.com\/wp-content\/uploads\/2023\/11\/Utility-Model-Relates-to-Forming-Mold.jpg\" alt=\"Faydal\u0131 Model \u015eekillendirme Kal\u0131b\u0131yla \u0130li\u015fkilidir\" width=\"500\" height=\"714\" \/><\/p>\n<div class=\"fmcaption\">Faydal\u0131 Model \u015eekillendirme Kal\u0131b\u0131yla \u0130li\u015fkilidir<\/div>\n<\/div>\n<\/div>\n<div class='content-column one_fourth'>\n<div style=\"padding-right:40px;\"><img loading=\"lazy\" decoding=\"async\" class=\"aligncenter size-full wp-image-4081\" src=\"https:\/\/keruiref.com\/wp-content\/uploads\/2023\/11\/Utility-Model-Relates-to-Brick-Discharge-Device.jpg\" alt=\"Faydal\u0131 Model Tu\u011fla De\u015farj Cihaz\u0131 ile \u0130li\u015fkilidir\" width=\"500\" height=\"714\" \/><\/p>\n<div class=\"fmcaption\">Faydal\u0131 Model Tu\u011fla De\u015farj Cihaz\u0131 ile \u0130li\u015fkilidir<\/div>\n<\/div>\n<\/div>\n<div class='content-column one_fourth last_column'>\n<div style=\"padding-right:40px;\"><img loading=\"lazy\" decoding=\"async\" class=\"aligncenter size-full wp-image-4080\" src=\"https:\/\/keruiref.com\/wp-content\/uploads\/2023\/11\/Utility-Model-Relates-to-Automatic-Weighing-Device-on-Conveyor-Belt.jpg\" alt=\"Faydal\u0131 Model Konvey\u00f6r Bant \u00dczerindeki Otomatik Tart\u0131m Cihaz\u0131na \u0130li\u015fkin\" width=\"500\" height=\"714\" \/><\/p>\n<div class=\"fmcaption\">Faydal\u0131 Model Konvey\u00f6r Bant \u00dczerindeki Otomatik Tart\u0131m Cihaz\u0131na \u0130li\u015fkin<\/div>\n<\/div>\n<\/div>\n<div class='clear_column'><\/div>\n<div class='content-column one_fourth'>\n<div style=\"padding-right:40px;\"><img loading=\"lazy\" decoding=\"async\" class=\"aligncenter size-full wp-image-4084\" src=\"https:\/\/keruiref.com\/wp-content\/uploads\/2023\/11\/Utility-Model-Relates-to-Magnetic-Separator.jpg\" alt=\"Faydal\u0131 Model Manyetik Ay\u0131r\u0131c\u0131 ile \u0130li\u015fkilidir\" width=\"500\" height=\"714\" \/><\/p>\n<div class=\"fmcaption\">Faydal\u0131 Model Manyetik Ay\u0131r\u0131c\u0131 ile \u0130li\u015fkilidir<\/div>\n<\/div>\n<\/div>\n<div class='content-column one_fourth'>\n<div style=\"padding-right:40px;\"><img loading=\"lazy\" decoding=\"async\" class=\"aligncenter size-full wp-image-4092\" src=\"https:\/\/keruiref.com\/wp-content\/uploads\/2023\/11\/Utility-Model-Relates-to-Roller-Alignment-Machine.jpg\" alt=\"Faydal\u0131 Model Silindir Hizalama Makinesi ile ilgilidir\" width=\"500\" height=\"714\" \/><\/p>\n<div class=\"fmcaption\">Faydal\u0131 Model Silindir Hizalama Makinesi ile ilgilidir<\/div>\n<\/div>\n<\/div>\n<div class='content-column one_fourth'>\n<div style=\"padding-right:40px;\"><img loading=\"lazy\" decoding=\"async\" class=\"aligncenter size-full wp-image-4093\" src=\"https:\/\/keruiref.com\/wp-content\/uploads\/2023\/11\/Utility-Model-Relates-to-Safety-Crushing-Device.jpg\" alt=\"Faydal\u0131 Model Emniyetli K\u0131rma Cihaz\u0131 ile \u0130li\u015fkilidir\" width=\"500\" height=\"714\" \/><\/p>\n<div class=\"fmcaption\">Faydal\u0131 Model K\u0131rma Cihaz\u0131 ile \u0130li\u015fkilidir<\/div>\n<\/div>\n<\/div>\n<div class='content-column one_fourth last_column'>\n<div style=\"padding-right:40px;\"><img loading=\"lazy\" decoding=\"async\" class=\"aligncenter size-full wp-image-4090\" src=\"https:\/\/keruiref.com\/wp-content\/uploads\/2023\/11\/Utility-Model-Relates-to-Raw-Material-Mixing-and-Stirring-Device.jpg\" alt=\"Faydal\u0131 Model Hammadde Kar\u0131\u015ft\u0131rma ve Kar\u0131\u015ft\u0131rma Cihaz\u0131na \u0130li\u015fkindir\" width=\"500\" height=\"714\" \/><\/p>\n<div class=\"fmcaption\">Faydal\u0131 Model Kar\u0131\u015ft\u0131rma Cihaz\u0131 ile \u0130li\u015fkilidir<\/div>\n<\/div>\n<\/div>\n<div class='clear_column'><\/div>\n<div class='content-column one_fourth'>\n<div style=\"padding-right:40px;\"><img loading=\"lazy\" decoding=\"async\" class=\"aligncenter size-full wp-image-4086\" src=\"https:\/\/keruiref.com\/wp-content\/uploads\/2023\/11\/Utility-Model-Relates-to-Production-Mold.jpg\" alt=\"Faydal\u0131 Model \u00dcretim Kal\u0131b\u0131yla \u0130li\u015fkilidir\" width=\"500\" height=\"714\" \/><\/p>\n<div class=\"fmcaption\">Faydal\u0131 Model \u00dcretim Kal\u0131b\u0131yla \u0130li\u015fkilidir<\/div>\n<\/div>\n<\/div>\n<div class='content-column one_fourth'>\n<div style=\"padding-right:40px;\"><img loading=\"lazy\" decoding=\"async\" class=\"aligncenter size-full wp-image-4087\" src=\"https:\/\/keruiref.com\/wp-content\/uploads\/2023\/11\/Utility-Model-Relates-to-Production-Pressing-Machine.jpg\" alt=\"Faydal\u0131 Model \u00dcretim Presleme Makinesi ile ilgilidir\" width=\"500\" height=\"714\" \/><\/p>\n<div class=\"fmcaption\">Faydal\u0131 Model \u00dcretim Presleme Makinesi ile ilgilidir<\/div>\n<\/div>\n<\/div>\n<div class='content-column one_fourth'>\n<div style=\"padding-right:40px;\"><img loading=\"lazy\" decoding=\"async\" class=\"aligncenter size-full wp-image-4090\" src=\"https:\/\/keruiref.com\/wp-content\/uploads\/2023\/11\/Utility-Model-Relates-to-Raw-Material-Mixing-and-Stirring-Device.jpg\" alt=\"Faydal\u0131 Model Hammadde Kar\u0131\u015ft\u0131rma ve Kar\u0131\u015ft\u0131rma Cihaz\u0131na \u0130li\u015fkindir\" width=\"500\" height=\"714\" \/><\/p>\n<div class=\"fmcaption\">Faydal\u0131 Model Hammadde Kar\u0131\u015ft\u0131rma ve Kar\u0131\u015ft\u0131rma Cihaz\u0131na \u0130li\u015fkindir<\/div>\n<\/div>\n<\/div>\n<div class='content-column one_fourth last_column'>\n<div style=\"padding-right:40px;\"><img loading=\"lazy\" decoding=\"async\" class=\"aligncenter size-full wp-image-4089\" src=\"https:\/\/keruiref.com\/wp-content\/uploads\/2023\/11\/Utility-Model-Relates-to-Raw-Material-Mixer.jpg\" alt=\"Faydal\u0131 Model Hammadde Mikseri ile \u0130li\u015fkilidir\" width=\"500\" height=\"714\" \/><\/p>\n<div class=\"fmcaption\">Faydal\u0131 Model Hammadde Mikseri ile \u0130li\u015fkilidir<\/div>\n<\/div>\n<\/div>\n<div class='clear_column'><\/div>\n<div class='content-column one_fourth'>\n<div style=\"padding-right:40px;\"><img loading=\"lazy\" decoding=\"async\" class=\"aligncenter size-full wp-image-4091\" src=\"https:\/\/keruiref.com\/wp-content\/uploads\/2023\/11\/Utility-Model-Relates-to-Raw-Material-Screening-Device.jpg\" alt=\"Faydal\u0131 Model Hammadde Tarama Cihaz\u0131na \u0130li\u015fkindir\" width=\"500\" height=\"714\" \/><\/p>\n<div class=\"fmcaption\">Faydal\u0131 Model Hammadde Tarama Cihaz\u0131na \u0130li\u015fkindir<\/div>\n<\/div>\n<\/div>\n<div class='content-column one_fourth'>\n<div style=\"padding-right:40px;\"><img loading=\"lazy\" decoding=\"async\" class=\"aligncenter size-full wp-image-4088\" src=\"https:\/\/keruiref.com\/wp-content\/uploads\/2023\/11\/Utility-Model-Relates-to-Raw-Material-Elevator.jpg\" alt=\"Faydal\u0131 Model Hammadde Asans\u00f6r\u00fc ile \u0130li\u015fkilidir\" width=\"500\" height=\"714\" \/><\/p>\n<div class=\"fmcaption\">Faydal\u0131 Model Hammadde Asans\u00f6r\u00fc ile \u0130li\u015fkilidir<\/div>\n<\/div>\n<\/div>\n<div class='content-column one_fourth'>\n<div style=\"padding-right:40px;\"><img loading=\"lazy\" decoding=\"async\" class=\"aligncenter size-full wp-image-4094\" src=\"https:\/\/keruiref.com\/wp-content\/uploads\/2023\/11\/Utility-Model-Relates-to-Vibration-Forming-Machine.jpg\" alt=\"Faydal\u0131 Model Titre\u015fim \u015eekillendirme Makinesi ile ilgilidir\" width=\"500\" height=\"714\" \/><\/p>\n<div class=\"fmcaption\">Faydal\u0131 Model Titre\u015fim \u015eekillendirme Makinesi ile ilgilidir<\/div>\n<\/div>\n<\/div>\n<div class='content-column one_fourth last_column'>\n<div style=\"padding-right:40px;\"><\/div>\n<\/div>\n<div class='clear_column'><\/div>\n<\/div>\n<div class=\"call\">\n<div class=\"ch2\">Devlet Sertifikalar\u0131<\/div>\n<div class=\"zsss\">\n<div class='content-column one_fifth'><img loading=\"lazy\" decoding=\"async\" class=\"aligncenter size-full wp-image-4096\" src=\"https:\/\/keruiref.com\/wp-content\/uploads\/2023\/11\/Certificates-2.jpg\" alt=\"Sertifikalar\" width=\"237\" height=\"190\" \/><\/div>\n<div class='content-column one_fifth'><img loading=\"lazy\" decoding=\"async\" class=\"aligncenter size-full wp-image-4097\" src=\"https:\/\/keruiref.com\/wp-content\/uploads\/2023\/11\/Certificates-3.jpg\" alt=\"Sertifikalar\" width=\"237\" height=\"190\" \/><\/div>\n<div class='content-column one_fifth'><img loading=\"lazy\" decoding=\"async\" class=\"aligncenter size-full wp-image-4098\" src=\"https:\/\/keruiref.com\/wp-content\/uploads\/2023\/11\/Certificates-4.jpg\" alt=\"Sertifikalar\" width=\"284\" height=\"190\" \/><\/div>\n<div class='content-column one_fifth'><img loading=\"lazy\" decoding=\"async\" class=\"aligncenter size-full wp-image-4099\" src=\"https:\/\/keruiref.com\/wp-content\/uploads\/2023\/11\/Certificates-5.jpg\" alt=\"Sertifikalar\" width=\"237\" height=\"190\" \/><\/div>\n<div class='content-column one_fifth last_column'><img loading=\"lazy\" decoding=\"async\" class=\"aligncenter size-full wp-image-4100\" src=\"https:\/\/keruiref.com\/wp-content\/uploads\/2023\/11\/Certificates-6.jpg\" alt=\"Sertifikalar\" width=\"237\" height=\"190\" \/><\/div>\n<div class='clear_column'><\/div>\n<div class='content-column one_fifth'><img loading=\"lazy\" decoding=\"async\" class=\"aligncenter size-full wp-image-4101\" src=\"https:\/\/keruiref.com\/wp-content\/uploads\/2023\/11\/Certificates-7.jpg\" alt=\"Sertifikalar\" width=\"237\" height=\"161\" \/><\/div>\n<div class='content-column one_fifth'><img loading=\"lazy\" decoding=\"async\" class=\"aligncenter size-full wp-image-4102\" src=\"https:\/\/keruiref.com\/wp-content\/uploads\/2023\/11\/Certificates-8.jpg\" alt=\"Sertifikalar\" width=\"237\" height=\"161\" \/><\/div>\n<div class='content-column one_fifth'><img loading=\"lazy\" decoding=\"async\" class=\"aligncenter size-full wp-image-4103\" src=\"https:\/\/keruiref.com\/wp-content\/uploads\/2023\/11\/Certificates-9.jpg\" alt=\"Sertifikalar\" width=\"284\" height=\"161\" \/><\/div>\n<div class='content-column one_fifth'><img loading=\"lazy\" decoding=\"async\" class=\"aligncenter size-full wp-image-4104\" src=\"https:\/\/keruiref.com\/wp-content\/uploads\/2023\/11\/Certificates-10.jpg\" alt=\"Sertifikalar\" width=\"237\" height=\"161\" \/><\/div>\n<div class='content-column one_fifth last_column'><img loading=\"lazy\" decoding=\"async\" class=\"aligncenter size-full wp-image-4095\" src=\"https:\/\/keruiref.com\/wp-content\/uploads\/2023\/11\/Certificates-1.jpg\" alt=\"Sertifikalar\" width=\"237\" height=\"161\" \/><\/div>\n<div class='clear_column'><\/div>\n<\/div>\n<\/div>","protected":false},"excerpt":{"rendered":"Certificates KERUI Products Qualified by Certificates Invention Patent Utility Model Patents Government Certificates","protected":false},"author":1,"featured_media":0,"parent":0,"menu_order":0,"comment_status":"closed","ping_status":"closed","template":"","meta":{"footnotes":""},"class_list":{"0":"post-20167","1":"page","2":"type-page","3":"status-publish","5":"no-featured-image-padding"},"yoast_head":"<!-- This site is optimized with the Yoast SEO plugin v24.9 - https:\/\/yoast.com\/wordpress\/plugins\/seo\/ -->\n<title>Certificates - Your Refractory Bricks, Castables Manufacturer For Kiln | Kerui Refractory\u00ae Official Website<\/title>\n<meta name=\"description\" content=\"Various patent certificates and product certification certificates of Kerry Company. If you have any questions or needs, please feel free to contact us!\" \/>\n<meta name=\"robots\" content=\"index, follow, max-snippet:-1, max-image-preview:large, max-video-preview:-1\" \/>\n<link rel=\"canonical\" href=\"https:\/\/keruiref.com\/tr\/sertifikalar\/\" \/>\n<script type=\"application\/ld+json\" class=\"yoast-schema-graph\">{\"@context\":\"https:\/\/schema.org\",\"@graph\":[{\"@type\":\"WebPage\",\"@id\":\"https:\/\/keruiref.com\/certificates\/\",\"url\":\"https:\/\/keruiref.com\/certificates\/\",\"name\":\"Certificates - Your Refractory Bricks, Castables Manufacturer For Kiln | Kerui Refractory\u00ae Official Website\",\"isPartOf\":{\"@id\":\"https:\/\/keruiref.com\/el\/#website\"},\"primaryImageOfPage\":{\"@id\":\"https:\/\/keruiref.com\/certificates\/#primaryimage\"},\"image\":{\"@id\":\"https:\/\/keruiref.com\/certificates\/#primaryimage\"},\"thumbnailUrl\":\"https:\/\/keruiref.com\/wp-content\/uploads\/2023\/11\/CE-Certificate.jpg\",\"datePublished\":\"2023-11-09T11:07:15+00:00\",\"dateModified\":\"2025-09-02T02:41:33+00:00\",\"description\":\"Various patent certificates and product certification certificates of Kerry Company. If you have any questions or needs, please feel free to contact us!\",\"breadcrumb\":{\"@id\":\"https:\/\/keruiref.com\/certificates\/#breadcrumb\"},\"inLanguage\":\"tr\",\"potentialAction\":[{\"@type\":\"ReadAction\",\"target\":[\"https:\/\/keruiref.com\/certificates\/\"]}]},{\"@type\":\"ImageObject\",\"inLanguage\":\"tr\",\"@id\":\"https:\/\/keruiref.com\/certificates\/#primaryimage\",\"url\":\"https:\/\/keruiref.com\/wp-content\/uploads\/2023\/11\/CE-Certificate.jpg\",\"contentUrl\":\"https:\/\/keruiref.com\/wp-content\/uploads\/2023\/11\/CE-Certificate.jpg\"},{\"@type\":\"BreadcrumbList\",\"@id\":\"https:\/\/keruiref.com\/certificates\/#breadcrumb\",\"itemListElement\":[{\"@type\":\"ListItem\",\"position\":1,\"name\":\"Home\",\"item\":\"https:\/\/keruiref.com\/\"},{\"@type\":\"ListItem\",\"position\":2,\"name\":\"Certificates\"}]},{\"@type\":\"WebSite\",\"@id\":\"https:\/\/keruiref.com\/el\/#website\",\"url\":\"https:\/\/keruiref.com\/el\/\",\"name\":\"Your Refractory Bricks, Castables Manufacturer For Kiln | Kerui Refractory\u00ae Official Website\",\"description\":\"\",\"publisher\":{\"@id\":\"https:\/\/keruiref.com\/el\/#organization\"},\"potentialAction\":[{\"@type\":\"SearchAction\",\"target\":{\"@type\":\"EntryPoint\",\"urlTemplate\":\"https:\/\/keruiref.com\/el\/?s={search_term_string}\"},\"query-input\":{\"@type\":\"PropertyValueSpecification\",\"valueRequired\":true,\"valueName\":\"search_term_string\"}}],\"inLanguage\":\"tr\"},{\"@type\":\"Organization\",\"@id\":\"https:\/\/keruiref.com\/el\/#organization\",\"name\":\"Your Refractory Bricks, Castables Manufacturer For Kiln | Kerui Refractory\u00ae Official Website\",\"url\":\"https:\/\/keruiref.com\/el\/\",\"logo\":{\"@type\":\"ImageObject\",\"inLanguage\":\"tr\",\"@id\":\"https:\/\/keruiref.com\/el\/#\/schema\/logo\/image\/\",\"url\":\"https:\/\/keruiref.com\/wp-content\/uploads\/2024\/01\/footer-Logo.png\",\"contentUrl\":\"https:\/\/keruiref.com\/wp-content\/uploads\/2024\/01\/footer-Logo.png\",\"width\":282,\"height\":70,\"caption\":\"Your Refractory Bricks, Castables Manufacturer For Kiln | Kerui Refractory\u00ae Official Website\"},\"image\":{\"@id\":\"https:\/\/keruiref.com\/el\/#\/schema\/logo\/image\/\"}}]}<\/script>\n<!-- \/ Yoast SEO plugin. -->","yoast_head_json":{"title":"Sertifikalar - F\u0131r\u0131n i\u00e7in Refrakter Tu\u011flalar\u0131n\u0131z, D\u00f6k\u00fclebilir Malzemeler \u00dcreticiniz | Kerui Refractory\u00ae Resmi Web Sitesi","description":"Kerry Company'nin \u00e7e\u015fitli patent sertifikalar\u0131 ve \u00fcr\u00fcn sertifikasyon belgeleri. Herhangi bir sorunuz veya ihtiyac\u0131n\u0131z varsa, l\u00fctfen bizimle ileti\u015fime ge\u00e7mekten \u00e7ekinmeyin!","robots":{"index":"index","follow":"follow","max-snippet":"max-snippet:-1","max-image-preview":"max-image-preview:large","max-video-preview":"max-video-preview:-1"},"canonical":"https:\/\/keruiref.com\/tr\/sertifikalar\/","schema":{"@context":"https:\/\/schema.org","@graph":[{"@type":"WebPage","@id":"https:\/\/keruiref.com\/certificates\/","url":"https:\/\/keruiref.com\/certificates\/","name":"Sertifikalar - F\u0131r\u0131n i\u00e7in Refrakter Tu\u011flalar\u0131n\u0131z, D\u00f6k\u00fclebilir Malzemeler \u00dcreticiniz | Kerui Refractory\u00ae Resmi Web Sitesi","isPartOf":{"@id":"https:\/\/keruiref.com\/el\/#website"},"primaryImageOfPage":{"@id":"https:\/\/keruiref.com\/certificates\/#primaryimage"},"image":{"@id":"https:\/\/keruiref.com\/certificates\/#primaryimage"},"thumbnailUrl":"https:\/\/keruiref.com\/wp-content\/uploads\/2023\/11\/CE-Certificate.jpg","datePublished":"2023-11-09T11:07:15+00:00","dateModified":"2025-09-02T02:41:33+00:00","description":"Kerry Company'nin \u00e7e\u015fitli patent sertifikalar\u0131 ve \u00fcr\u00fcn sertifikasyon belgeleri. Herhangi bir sorunuz veya ihtiyac\u0131n\u0131z varsa, l\u00fctfen bizimle ileti\u015fime ge\u00e7mekten \u00e7ekinmeyin!","breadcrumb":{"@id":"https:\/\/keruiref.com\/certificates\/#breadcrumb"},"inLanguage":"tr","potentialAction":[{"@type":"ReadAction","target":["https:\/\/keruiref.com\/certificates\/"]}]},{"@type":"ImageObject","inLanguage":"tr","@id":"https:\/\/keruiref.com\/certificates\/#primaryimage","url":"https:\/\/keruiref.com\/wp-content\/uploads\/2023\/11\/CE-Certificate.jpg","contentUrl":"https:\/\/keruiref.com\/wp-content\/uploads\/2023\/11\/CE-Certificate.jpg"},{"@type":"BreadcrumbList","@id":"https:\/\/keruiref.com\/certificates\/#breadcrumb","itemListElement":[{"@type":"ListItem","position":1,"name":"Home","item":"https:\/\/keruiref.com\/"},{"@type":"ListItem","position":2,"name":"Certificates"}]},{"@type":"WebSite","@id":"https:\/\/keruiref.com\/el\/#website","url":"https:\/\/keruiref.com\/el\/","name":"F\u0131r\u0131n i\u00e7in Refrakter Tu\u011flalar\u0131n\u0131z, D\u00f6k\u00fclebilir Malzemeler \u00dcreticiniz | Kerui Refractory\u00ae Resmi Web Sitesi","description":"","publisher":{"@id":"https:\/\/keruiref.com\/el\/#organization"},"potentialAction":[{"@type":"SearchAction","target":{"@type":"EntryPoint","urlTemplate":"https:\/\/keruiref.com\/el\/?s={search_term_string}"},"query-input":{"@type":"PropertyValueSpecification","valueRequired":true,"valueName":"search_term_string"}}],"inLanguage":"tr"},{"@type":"Organization","@id":"https:\/\/keruiref.com\/el\/#organization","name":"F\u0131r\u0131n i\u00e7in Refrakter Tu\u011flalar\u0131n\u0131z, D\u00f6k\u00fclebilir Malzemeler \u00dcreticiniz | Kerui Refractory\u00ae Resmi Web Sitesi","url":"https:\/\/keruiref.com\/el\/","logo":{"@type":"ImageObject","inLanguage":"tr","@id":"https:\/\/keruiref.com\/el\/#\/schema\/logo\/image\/","url":"https:\/\/keruiref.com\/wp-content\/uploads\/2024\/01\/footer-Logo.png","contentUrl":"https:\/\/keruiref.com\/wp-content\/uploads\/2024\/01\/footer-Logo.png","width":282,"height":70,"caption":"Your Refractory Bricks, Castables Manufacturer For Kiln | Kerui Refractory\u00ae Official Website"},"image":{"@id":"https:\/\/keruiref.com\/el\/#\/schema\/logo\/image\/"}}]}},"_links":{"self":[{"href":"https:\/\/keruiref.com\/tr\/wp-json\/wp\/v2\/pages\/20167","targetHints":{"allow":["GET"]}}],"collection":[{"href":"https:\/\/keruiref.com\/tr\/wp-json\/wp\/v2\/pages"}],"about":[{"href":"https:\/\/keruiref.com\/tr\/wp-json\/wp\/v2\/types\/page"}],"author":[{"embeddable":true,"href":"https:\/\/keruiref.com\/tr\/wp-json\/wp\/v2\/users\/1"}],"replies":[{"embeddable":true,"href":"https:\/\/keruiref.com\/tr\/wp-json\/wp\/v2\/comments?post=20167"}],"version-history":[{"count":0,"href":"https:\/\/keruiref.com\/tr\/wp-json\/wp\/v2\/pages\/20167\/revisions"}],"wp:attachment":[{"href":"https:\/\/keruiref.com\/tr\/wp-json\/wp\/v2\/media?parent=20167"}],"curies":[{"name":"wp","href":"https:\/\/api.w.org\/{rel}","templated":true}]}}