{"id":87019,"date":"2025-06-10T15:16:31","date_gmt":"2025-06-10T07:16:31","guid":{"rendered":"https:\/\/keruiref.com\/?page_id=87019"},"modified":"2025-06-10T15:16:31","modified_gmt":"2025-06-10T07:16:31","slug":"tijolos-refractarios-de-base","status":"publish","type":"page","link":"https:\/\/keruiref.com\/pt\/tijolos-refractarios-de-base\/","title":{"rendered":"Tijolos refract\u00e1rios de base"},"content":{"rendered":"<p>Os tijolos refract\u00e1rios de base s\u00e3o um tipo de material refrat\u00e1rio. S\u00e3o constitu\u00eddos principalmente por \u00f3xidos alcalinos como a magn\u00e9sia e o \u00f3xido de c\u00e1lcio. T\u00eam boa resist\u00eancia a altas temperaturas e \u00e0 corros\u00e3o por esc\u00f3rias b\u00e1sicas. Amplamente utilizados em fornos de produ\u00e7\u00e3o de a\u00e7o, fornos de vidro, etc., desempenham um papel crucial em aplica\u00e7\u00f5es industriais de alta temperatura. A seguir apresentamos v\u00e1rios tijolos refract\u00e1rios b\u00e1sicos KERUI. Se tiver alguma necessidade, por favor contacte-nos para obter o melhor or\u00e7amento!<\/p>\n<div class='content-column one_third'>\n<div style=\"padding-right:20px;\">\n<div class=\"rccr\">\n<div class=\"hotpic\">\n<p><a href=\"https:\/\/keruiref.com\/pt\/tijolo-de-magnesia\/\" target=\"_blank\" rel=\"noopener\"><img loading=\"lazy\" decoding=\"async\" class=\"alignnone wp-image-8008 size-full\" src=\"https:\/\/keruiref.com\/wp-content\/uploads\/2023\/08\/magnesia-brick-supplier.jpg\" alt=\"fornecedor de tijolos de magn\u00e9sia\" width=\"660\" height=\"495\" srcset=\"https:\/\/keruiref.com\/wp-content\/uploads\/2023\/08\/magnesia-brick-supplier.jpg 660w, https:\/\/keruiref.com\/wp-content\/uploads\/2023\/08\/magnesia-brick-supplier-300x225.jpg 300w\" sizes=\"auto, (max-width: 660px) 100vw, 660px\" \/><\/a><\/p>\n<div class=\"phot\">QUENTE<\/div>\n<\/div>\n<div class=\"rccr1\">\n<div class=\"rccr0\"><a href=\"https:\/\/keruiref.com\/pt\/tijolo-de-magnesia\/\" target=\"_blank\" rel=\"noopener\">Tijolo de magn\u00e9sia<\/a><\/div>\n<ul>\n<li>MgO% (\u2265): 89-97.5<\/li>\n<li>Densidade a granel (g\/cm\u00b3): 2.85-3.0<\/li>\n<li>Refractariedade sob carga (\u2103): 1500-1700<\/li>\n<li>Resist\u00eancia ao esmagamento a frio (MPa): 45-60<\/li>\n<\/ul>\n<p><a class=\"iinruiry fancybox\" href=\"#contact_form_pop\">inrup\u00e7\u00e3o agora<\/a><a class=\"eemail-btn\" href=\"mailto:market@keruiref.com\">enviar correio eletr\u00f3nico<\/a><\/p>\n<\/div>\n<\/div>\n<\/div>\n<\/div>\n<div class='content-column one_third'>\n<div style=\"padding-right:20px;\">\n<div class=\"rccr\">\n<div class=\"hotpic\">\n<p><a href=\"https:\/\/keruiref.com\/pt\/tijolo-de-magnesia-fundida\/\" target=\"_blank\" rel=\"noopener\"><img loading=\"lazy\" decoding=\"async\" class=\"alignnone wp-image-83929 size-full\" src=\"https:\/\/keruiref.com\/wp-content\/uploads\/2025\/02\/Magnesia-Brick.webp\" alt=\"Tijolo de magn\u00e9sia\" width=\"660\" height=\"495\" srcset=\"https:\/\/keruiref.com\/wp-content\/uploads\/2025\/02\/Magnesia-Brick.webp 660w, https:\/\/keruiref.com\/wp-content\/uploads\/2025\/02\/Magnesia-Brick-300x225.webp 300w\" sizes=\"auto, (max-width: 660px) 100vw, 660px\" \/><\/a><\/p>\n<div class=\"phot\">QUENTE<\/div>\n<\/div>\n<div class=\"rccr1\">\n<div class=\"rccr0\"><a href=\"https:\/\/keruiref.com\/pt\/tijolo-de-magnesia-fundida\/\" target=\"_blank\" rel=\"noopener\">Tijolo de magn\u00e9sia fundida<\/a><\/div>\n<ul>\n<li>MgO Composi\u00e7\u00e3o qu\u00edmica :\u226595 \uff05;<\/li>\n<li>Porosidade aparente :\u226418 \uff05;<\/li>\n<li>Resist\u00eancia ao esmagamento a frio :\u226555 Mpa;<\/li>\n<li>Estabilidade t\u00e9rmica 950\u2103 Ciclos de vento:\u226515;<\/li>\n<\/ul>\n<p><a class=\"iinruiry fancybox\" href=\"#contact_form_pop\">inrup\u00e7\u00e3o agora<\/a><a class=\"eemail-btn\" href=\"mailto:market@keruiref.com\">enviar correio eletr\u00f3nico<\/a><\/p>\n<\/div>\n<\/div>\n<\/div>\n<\/div>\n<div class='content-column one_third last_column'>\n<div style=\"padding-right:20px;\">\n<div class=\"rccr\">\n<div class=\"hotpic\">\n<p><a href=\"https:\/\/keruiref.com\/pt\/magnesia-carbon-brick\/\" target=\"_blank\" rel=\"noopener\"><img loading=\"lazy\" decoding=\"async\" class=\"alignnone wp-image-2796 size-full\" src=\"https:\/\/keruiref.com\/wp-content\/uploads\/2023\/08\/Magnesia-Carbon-Brick-price.jpg\" alt=\"Pre\u00e7o do tijolo de magn\u00e9sia-carbono\" width=\"660\" height=\"495\" srcset=\"https:\/\/keruiref.com\/wp-content\/uploads\/2023\/08\/Magnesia-Carbon-Brick-price.jpg 660w, https:\/\/keruiref.com\/wp-content\/uploads\/2023\/08\/Magnesia-Carbon-Brick-price-300x225.jpg 300w\" sizes=\"auto, (max-width: 660px) 100vw, 660px\" \/><\/a><\/p>\n<div class=\"phot\">QUENTE<\/div>\n<\/div>\n<div class=\"rccr1\">\n<div class=\"rccr0\"><a href=\"https:\/\/keruiref.com\/pt\/magnesia-carbon-brick\/\" target=\"_blank\" rel=\"noopener\">Tijolo de magn\u00e9sia-carbono<\/a><\/div>\n<ul>\n<li>MgO%: 69-85<\/li>\n<li>C%: 5-18<\/li>\n<li>Densidade a granel (g\/cm\u00b3): 2.79-3.05<\/li>\n<li>Resist\u00eancia ao esmagamento a frio (MPa): 30-50<\/li>\n<\/ul>\n<p><a class=\"iinruiry fancybox\" href=\"#contact_form_pop\">inrup\u00e7\u00e3o agora<\/a><a class=\"eemail-btn\" href=\"mailto:market@keruiref.com\">enviar correio eletr\u00f3nico<\/a><\/p>\n<\/div>\n<\/div>\n<\/div>\n<\/div>\n<div class='clear_column'><\/div>\n<div class='content-column one_third'>\n<div style=\"padding-right:20px;\">\n<div class=\"rccr\">\n<div class=\"hotpic\">\n<p><a href=\"https:\/\/keruiref.com\/pt\/magnesia-chrome-brick\/\" target=\"_blank\" rel=\"noopener\"><img loading=\"lazy\" decoding=\"async\" class=\"alignnone wp-image-8068 size-full\" src=\"https:\/\/keruiref.com\/wp-content\/uploads\/2023\/08\/magnesia-chrome-brick-manufacturer.jpg\" alt=\"fabricante de tijolos de magn\u00e9sia e cromo\" width=\"660\" height=\"495\" srcset=\"https:\/\/keruiref.com\/wp-content\/uploads\/2023\/08\/magnesia-chrome-brick-manufacturer.jpg 660w, https:\/\/keruiref.com\/wp-content\/uploads\/2023\/08\/magnesia-chrome-brick-manufacturer-300x225.jpg 300w\" sizes=\"auto, (max-width: 660px) 100vw, 660px\" \/><\/a><\/p>\n<div class=\"phot\">QUENTE<\/div>\n<\/div>\n<div class=\"rccr1\">\n<div class=\"rccr0\"><a href=\"https:\/\/keruiref.com\/pt\/magnesia-chrome-brick\/\" target=\"_blank\" rel=\"noopener\">Tijolo cromado de magn\u00e9sia<\/a><\/div>\n<ul>\n<li>MgO%(\u2265): 45-65<\/li>\n<li>Cr2O3%(\u2265): 8-16<\/li>\n<li>Porosidade aparente\/%(\u2264): 19-21<\/li>\n<li>Resist\u00eancia ao esmagamento a frio (MPa): 20-35<\/li>\n<\/ul>\n<p><a class=\"iinruiry fancybox\" href=\"#contact_form_pop\">inrup\u00e7\u00e3o agora<\/a><a class=\"eemail-btn\" href=\"mailto:market@keruiref.com\">enviar correio eletr\u00f3nico<\/a><\/p>\n<\/div>\n<\/div>\n<\/div>\n<\/div>\n<div class='content-column one_third'>\n<div style=\"padding-right:20px;\">\n<div class=\"rccr\">\n<div class=\"hotpic\">\n<p><a href=\"https:\/\/keruiref.com\/pt\/tijolo-de-zirconio-de-magnesia\/\" target=\"_blank\" rel=\"noopener\"><img loading=\"lazy\" decoding=\"async\" class=\"alignnone wp-image-84069 size-full\" src=\"https:\/\/keruiref.com\/wp-content\/uploads\/2025\/02\/Magnesia-Zirconia-Brick.webp\" alt=\"\" width=\"660\" height=\"495\" srcset=\"https:\/\/keruiref.com\/wp-content\/uploads\/2025\/02\/Magnesia-Zirconia-Brick.webp 660w, https:\/\/keruiref.com\/wp-content\/uploads\/2025\/02\/Magnesia-Zirconia-Brick-300x225.webp 300w\" sizes=\"auto, (max-width: 660px) 100vw, 660px\" \/><\/a><\/p>\n<div class=\"phot\">QUENTE<\/div>\n<\/div>\n<div class=\"rccr1\">\n<div class=\"rccr0\"><a href=\"https:\/\/keruiref.com\/pt\/tijolo-de-zirconio-de-magnesia\/\" target=\"_blank\" rel=\"noopener\">Tijolo de magn\u00e9sia e zirc\u00f3nio<\/a><\/div>\n<ul>\n<li>MgO% \u2265\uff1a70\/75\/80 ZrO2 %\u2265\uff1a8\/10\/13;<\/li>\n<li>Porosidade aparente%\u2264\uff1a19;<\/li>\n<li>Densidade a granel (g\/cm3)\u2265\uff1a2,95;<\/li>\n<li>Refractariedade sob carga:\u22651600 \u00b0C<\/li>\n<\/ul>\n<p><a class=\"iinruiry fancybox\" href=\"#contact_form_pop\">inrup\u00e7\u00e3o agora<\/a><a class=\"eemail-btn\" href=\"mailto:market@keruiref.com\">enviar correio eletr\u00f3nico<\/a><\/p>\n<\/div>\n<\/div>\n<\/div>\n<\/div>\n<div class='content-column one_third last_column'>\n<div style=\"padding-right:20px;\">\n<div class=\"rccr\">\n<div class=\"hotpic\">\n<p><a href=\"https:\/\/keruiref.com\/pt\/tijolo-de-espinelio\/\" target=\"_blank\" rel=\"noopener\"><img loading=\"lazy\" decoding=\"async\" class=\"alignnone wp-image-84309 size-full\" src=\"https:\/\/keruiref.com\/wp-content\/uploads\/2025\/02\/Magnesia-Alumina-Spinel-Brick-01.webp\" alt=\"\" width=\"660\" height=\"495\" srcset=\"https:\/\/keruiref.com\/wp-content\/uploads\/2025\/02\/Magnesia-Alumina-Spinel-Brick-01.webp 660w, https:\/\/keruiref.com\/wp-content\/uploads\/2025\/02\/Magnesia-Alumina-Spinel-Brick-01-300x225.webp 300w\" sizes=\"auto, (max-width: 660px) 100vw, 660px\" \/><\/a><\/p>\n<div class=\"phot\">QUENTE<\/div>\n<\/div>\n<div class=\"rccr1\">\n<div class=\"rccr0\"><a href=\"https:\/\/keruiref.com\/pt\/tijolo-de-espinelio\/\" target=\"_blank\" rel=\"noopener\">Tijolo de espin\u00e9lio de magn\u00e9sia<\/a><\/div>\n<ul>\n<li>MgO\/%(\u2265): 80;<\/li>\n<li>Al2O3\/%(\u2265): 10<\/li>\n<li>Densidade a granel (g\/cm\u00b3)(\u2265): 2.90<\/li>\n<li>Resist\u00eancia ao esmagamento a frio (\u2265): 50MPa<\/li>\n<\/ul>\n<p><a class=\"iinruiry fancybox\" href=\"#contact_form_pop\">inrup\u00e7\u00e3o agora<\/a><a class=\"eemail-btn\" href=\"mailto:market@keruiref.com\">enviar correio eletr\u00f3nico<\/a><\/p>\n<\/div>\n<\/div>\n<\/div>\n<\/div>\n<div class='clear_column'><\/div>\n<div class='content-column one_third'>\n<div style=\"padding-right:20px;\">\n<div class=\"rccr\">\n<div class=\"hotpic\">\n<p><a href=\"https:\/\/keruiref.com\/pt\/tijolo-de-dolomite\/\" target=\"_blank\" rel=\"noopener\"><img loading=\"lazy\" decoding=\"async\" class=\"alignnone wp-image-84472 size-full\" src=\"https:\/\/keruiref.com\/wp-content\/uploads\/2025\/02\/KERUI-Dolomite-Brick_1.webp\" alt=\"\" width=\"660\" height=\"495\" srcset=\"https:\/\/keruiref.com\/wp-content\/uploads\/2025\/02\/KERUI-Dolomite-Brick_1.webp 660w, https:\/\/keruiref.com\/wp-content\/uploads\/2025\/02\/KERUI-Dolomite-Brick_1-300x225.webp 300w\" sizes=\"auto, (max-width: 660px) 100vw, 660px\" \/><\/a><\/p>\n<div class=\"phot\">QUENTE<\/div>\n<\/div>\n<div class=\"rccr1\">\n<div class=\"rccr0\"><a href=\"https:\/\/keruiref.com\/pt\/tijolo-de-dolomite\/\" target=\"_blank\" rel=\"noopener\">Tijolo de dolomite<\/a><\/div>\n<ul>\n<li>MgO+CaO% (\u2265)\uff1a92-94;<\/li>\n<li>CaO% (\u2265)\uff1a18-48;<\/li>\n<li>Porosidade aparente(%)\uff1a15.0;<\/li>\n<li>Resist\u00eancia ao esmagamento a frio (MPa)\uff1a60;<\/li>\n<\/ul>\n<p><a class=\"iinruiry fancybox\" href=\"#contact_form_pop\">inrup\u00e7\u00e3o agora<\/a><a class=\"eemail-btn\" href=\"mailto:market@keruiref.com\">enviar correio eletr\u00f3nico<\/a><\/p>\n<\/div>\n<\/div>\n<\/div>\n<\/div>\n<div class='content-column one_third'>\n<div style=\"padding-right:20px;\">\n<div class=\"rccr\">\n<div class=\"hotpic\">\n<p><a href=\"https:\/\/keruiref.com\/pt\/tijolo-de-dolomite\/\" target=\"_blank\" rel=\"noopener\"><img loading=\"lazy\" decoding=\"async\" class=\"alignnone size-full wp-image-84472\" src=\"https:\/\/keruiref.com\/wp-content\/uploads\/2025\/02\/KERUI-Dolomite-Brick_1.webp\" alt=\"\" width=\"660\" height=\"495\" srcset=\"https:\/\/keruiref.com\/wp-content\/uploads\/2025\/02\/KERUI-Dolomite-Brick_1.webp 660w, https:\/\/keruiref.com\/wp-content\/uploads\/2025\/02\/KERUI-Dolomite-Brick_1-300x225.webp 300w\" sizes=\"auto, (max-width: 660px) 100vw, 660px\" \/><\/a><\/p>\n<div class=\"phot\">QUENTE<\/div>\n<\/div>\n<div class=\"rccr1\">\n<div class=\"rccr0\"><a href=\"https:\/\/keruiref.com\/pt\/tijolo-de-dolomite\/\" target=\"_blank\" rel=\"noopener\">Magn\u00e9sia Tijolo de c\u00e1lcio<\/a><\/div>\n<ul>\n<li>MgO+CaO% (\u2265)\uff1a92-94;<\/li>\n<li>CaO% (\u2265)\uff1a18-48;<\/li>\n<li>Porosidade aparente(%)\uff1a15.0;<\/li>\n<li>Resist\u00eancia ao esmagamento a frio (MPa)\uff1a60;<\/li>\n<\/ul>\n<p><a class=\"iinruiry fancybox\" href=\"#contact_form_pop\">inrup\u00e7\u00e3o agora<\/a><a class=\"eemail-btn\" href=\"mailto:market@keruiref.com\">enviar correio eletr\u00f3nico<\/a><\/p>\n<\/div>\n<\/div>\n<\/div>\n<\/div>\n<div class='content-column one_third last_column'>\n<div style=\"padding-right:20px;\"><\/div>\n<\/div>\n<div class='clear_column'><\/div>\n<div class=\"wpcf7 no-js\" id=\"wpcf7-f328-o1\" lang=\"en-US\" dir=\"ltr\" data-wpcf7-id=\"328\">\n<div class=\"screen-reader-response\">\n<p role=\"status\" aria-live=\"polite\" aria-atomic=\"true\">\n<ul><\/ul>\n<\/div>\n<form action=\"\/pt\/wp-json\/wp\/v2\/pages\/87019#wpcf7-f328-o1\" method=\"post\" class=\"wpcf7-form init\" aria-label=\"Formul\u00e1rio de contacto\" novalidate=\"novalidate\" data-status=\"init\" data-trp-original-action=\"\/pt\/wp-json\/wp\/v2\/pages\/87019#wpcf7-f328-o1\">\n<div style=\"display: none;\">\n<input type=\"hidden\" name=\"_wpcf7\" value=\"328\" \/><br \/>\n<input type=\"hidden\" name=\"_wpcf7_version\" value=\"6.0.4\" \/><br \/>\n<input type=\"hidden\" name=\"_wpcf7_locale\" value=\"en_US\" \/><br \/>\n<input type=\"hidden\" name=\"_wpcf7_unit_tag\" value=\"wpcf7-f328-o1\" \/><br \/>\n<input type=\"hidden\" name=\"_wpcf7_container_post\" value=\"0\" \/><br \/>\n<input type=\"hidden\" name=\"_wpcf7_posted_data_hash\" value=\"\" \/><br \/>\n<input type=\"hidden\" name=\"_wpcf7_recaptcha_response\" value=\"\" \/>\n<\/div>\n<div class=\"form-box\" id=\"Contact-Us\">\n<div class=\"isleft\">\n<div class=\"contact-title\">\n<p>Contactar-nos\n\t\t\t<\/p>\n<\/p><\/div>\n<div class=\"contactp\">\n<p>Por favor, sinta-se livre para dar o seu inqu\u00e9rito no formul\u00e1rio correto. Responder-lhe-emos no prazo de 6 horas.\n\t\t\t<\/p>\n<\/p><\/div>\n<ul class=\"contact\">\n<li class=\"email\">\n<p><img decoding=\"async\" src=\"https:\/\/keruiref.com\/wp-content\/uploads\/2023\/12\/email.png\" alt=\"\" \/>Correio eletr\u00f3nico:\n\t\t\t\t<\/p>\n<p><a href=\"mailto:market@keruiref.com\">market@keruiref.com<\/a>\n\t\t\t\t<\/p>\n<\/li>\n<li class=\"phone\">\n<p><img decoding=\"async\" src=\"https:\/\/keruiref.com\/wp-content\/uploads\/2023\/12\/tel.png\" alt=\"\" \/>Telefone\/whatsapp:\n\t\t\t\t<\/p>\n<p><a href=\"https:\/\/wa.me\/8619138178880\">+86 19138178880<\/a>\n\t\t\t\t<\/p>\n<\/li>\n<li class=\"location\">\n<p><img decoding=\"async\" src=\"https:\/\/keruiref.com\/wp-content\/uploads\/2023\/12\/Location.png\" alt=\"\" \/>Base de fabrico:\n\t\t\t\t<\/p>\n<p>Zona da Ind\u00fastria Refract\u00e1ria de Chaohua,<br \/>\nCidade de Xinmi, prov\u00edncia de Henan, China\n\t\t\t\t<\/p>\n<\/li>\n<\/ul><\/div>\n<div class=\"isright\">\n<ul class=\"contact-input\">\n<li>\n<div class=\"islabel\">\n<p>* Nome:\n\t\t\t\t\t<\/p>\n<\/p><\/div>\n<p><span class=\"wpcf7-form-control-wrap\" data-name=\"your-name\"><input size=\"40\" maxlength=\"400\" class=\"wpcf7-form-control wpcf7-text wpcf7-validates-as-required\" aria-required=\"true\" aria-invalid=\"false\" placeholder=\"\" value=\"\" type=\"text\" name=\"your-name\" \/><\/span>\n\t\t\t\t<\/p>\n<\/li>\n<li>\n<div class=\"islabel\">\n<p>* Correio eletr\u00f3nico:\n\t\t\t\t\t<\/p>\n<\/p><\/div>\n<p><span class=\"wpcf7-form-control-wrap\" data-name=\"your-email\"><input size=\"40\" maxlength=\"400\" class=\"wpcf7-form-control wpcf7-email wpcf7-validates-as-required wpcf7-text wpcf7-validates-as-email\" aria-required=\"true\" aria-invalid=\"false\" placeholder=\"\" value=\"\" type=\"email\" name=\"your-email\" \/><\/span>\n\t\t\t\t<\/p>\n<\/li>\n<li>\n<div class=\"islabel\">\n<p>* Telefone\/Whatsapp:\n\t\t\t\t\t<\/p>\n<\/p><\/div>\n<p><span class=\"wpcf7-form-control-wrap\" data-name=\"your-phone\"><input size=\"40\" maxlength=\"400\" class=\"wpcf7-form-control wpcf7-tel wpcf7-text wpcf7-validates-as-tel\" aria-invalid=\"false\" placeholder=\"\" value=\"\" type=\"tel\" name=\"your-phone\" \/><\/span>\n\t\t\t\t<\/p>\n<\/li>\n<li>\n<div class=\"islabel\">\n<p>Pa\u00eds:\n\t\t\t\t\t<\/p>\n<\/p><\/div>\n<p><span class=\"wpcf7-form-control-wrap\" data-name=\"your-country\"><input size=\"40\" maxlength=\"400\" class=\"wpcf7-form-control wpcf7-text\" aria-invalid=\"false\" placeholder=\"\" value=\"\" type=\"text\" name=\"your-country\" \/><\/span>\n\t\t\t\t<\/p>\n<\/li>\n<li class=\"ismassage\">\n<div class=\"islabel\">\n<p>* Mensagem:\n\t\t\t\t\t<\/p>\n<\/p><\/div>\n<p><span class=\"wpcf7-form-control-wrap\" data-name=\"your-msg\"><textarea cols=\"40\" rows=\"10\" maxlength=\"2000\" class=\"wpcf7-form-control wpcf7-textarea wpcf7-validates-as-required\" aria-required=\"true\" aria-invalid=\"false\" name=\"your-msg\"><\/textarea><\/span>\n\t\t\t\t<\/p>\n<\/li>\n<li class=\"wpcf7-btns-box\">\n<div class=\"isFileName\">\n\t\t\t\t<\/div>\n<div class=\"wpcf7-btns\">\n<p><input class=\"wpcf7-form-control wpcf7-submit has-spinner\" type=\"submit\" value=\"ENVIAR\" \/>\n\t\t\t\t\t<\/p>\n<\/p><\/div>\n<\/li>\n<\/ul><\/div>\n<\/div>\n<div class=\"wpcf7-response-output\" aria-hidden=\"true\"><\/div>\n<input type=\"hidden\" name=\"trp-form-language\" value=\"pt\"\/><\/form>\n<\/div>","protected":false},"excerpt":{"rendered":"Basic Refractory Bricks are a type of refractory material. They mainly consist of alkaline oxides like magnesia and calcium oxide. They have good resistance to high temperatures and basic slag corrosion. Widely used in steel &#8211; making furnaces, glass kilns, etc., they play a crucial &#8230; <a title=\"Tijolos refract\u00e1rios de base\" class=\"read-more\" href=\"https:\/\/keruiref.com\/pt\/tijolos-refractarios-de-base\/\" aria-label=\"Mais em Basic Refractory Bricks\">Ler mais<\/a>","protected":false},"author":1,"featured_media":84309,"parent":0,"menu_order":0,"comment_status":"closed","ping_status":"closed","template":"","meta":{"footnotes":""},"class_list":{"0":"post-87019","1":"page","2":"type-page","3":"status-publish","4":"has-post-thumbnail","6":"no-featured-image-padding","7":"resize-featured-image"},"yoast_head":"<!-- This site is optimized with the Yoast SEO plugin v24.9 - https:\/\/yoast.com\/wordpress\/plugins\/seo\/ -->\n<title>Basic Refractory Bricks - Your Refractory Bricks, Castables Manufacturer For Kiln | Kerui Refractory\u00ae Official Website<\/title>\n<meta name=\"description\" content=\"Basic Refractory Bricks are a type of refractory material. They mainly consist of alkaline oxides like magnesia and calcium oxide.\" \/>\n<meta name=\"robots\" content=\"index, follow, max-snippet:-1, max-image-preview:large, max-video-preview:-1\" \/>\n<link rel=\"canonical\" href=\"https:\/\/keruiref.com\/pt\/tijolos-refractarios-de-base\/\" \/>\n<script type=\"application\/ld+json\" class=\"yoast-schema-graph\">{\"@context\":\"https:\/\/schema.org\",\"@graph\":[{\"@type\":\"WebPage\",\"@id\":\"https:\/\/keruiref.com\/basic-refractory-bricks\/\",\"url\":\"https:\/\/keruiref.com\/basic-refractory-bricks\/\",\"name\":\"Basic Refractory Bricks - Your Refractory Bricks, Castables Manufacturer For Kiln | Kerui Refractory\u00ae Official Website\",\"isPartOf\":{\"@id\":\"https:\/\/keruiref.com\/el\/#website\"},\"primaryImageOfPage\":{\"@id\":\"https:\/\/keruiref.com\/basic-refractory-bricks\/#primaryimage\"},\"image\":{\"@id\":\"https:\/\/keruiref.com\/basic-refractory-bricks\/#primaryimage\"},\"thumbnailUrl\":\"https:\/\/keruiref.com\/wp-content\/uploads\/2025\/02\/Magnesia-Alumina-Spinel-Brick-01.webp\",\"datePublished\":\"2025-06-10T07:16:31+00:00\",\"description\":\"Basic Refractory Bricks are a type of refractory material. They mainly consist of alkaline oxides like magnesia and calcium oxide.\",\"breadcrumb\":{\"@id\":\"https:\/\/keruiref.com\/basic-refractory-bricks\/#breadcrumb\"},\"inLanguage\":\"pt-PT\",\"potentialAction\":[{\"@type\":\"ReadAction\",\"target\":[\"https:\/\/keruiref.com\/basic-refractory-bricks\/\"]}]},{\"@type\":\"ImageObject\",\"inLanguage\":\"pt-PT\",\"@id\":\"https:\/\/keruiref.com\/basic-refractory-bricks\/#primaryimage\",\"url\":\"https:\/\/keruiref.com\/wp-content\/uploads\/2025\/02\/Magnesia-Alumina-Spinel-Brick-01.webp\",\"contentUrl\":\"https:\/\/keruiref.com\/wp-content\/uploads\/2025\/02\/Magnesia-Alumina-Spinel-Brick-01.webp\",\"width\":660,\"height\":495},{\"@type\":\"BreadcrumbList\",\"@id\":\"https:\/\/keruiref.com\/basic-refractory-bricks\/#breadcrumb\",\"itemListElement\":[{\"@type\":\"ListItem\",\"position\":1,\"name\":\"Home\",\"item\":\"https:\/\/keruiref.com\/\"},{\"@type\":\"ListItem\",\"position\":2,\"name\":\"Basic Refractory Bricks\"}]},{\"@type\":\"WebSite\",\"@id\":\"https:\/\/keruiref.com\/el\/#website\",\"url\":\"https:\/\/keruiref.com\/el\/\",\"name\":\"Your Refractory Bricks, Castables Manufacturer For Kiln | Kerui Refractory\u00ae Official Website\",\"description\":\"\",\"publisher\":{\"@id\":\"https:\/\/keruiref.com\/el\/#organization\"},\"potentialAction\":[{\"@type\":\"SearchAction\",\"target\":{\"@type\":\"EntryPoint\",\"urlTemplate\":\"https:\/\/keruiref.com\/el\/?s={search_term_string}\"},\"query-input\":{\"@type\":\"PropertyValueSpecification\",\"valueRequired\":true,\"valueName\":\"search_term_string\"}}],\"inLanguage\":\"pt-PT\"},{\"@type\":\"Organization\",\"@id\":\"https:\/\/keruiref.com\/el\/#organization\",\"name\":\"Your Refractory Bricks, Castables Manufacturer For Kiln | Kerui Refractory\u00ae Official Website\",\"url\":\"https:\/\/keruiref.com\/el\/\",\"logo\":{\"@type\":\"ImageObject\",\"inLanguage\":\"pt-PT\",\"@id\":\"https:\/\/keruiref.com\/el\/#\/schema\/logo\/image\/\",\"url\":\"https:\/\/keruiref.com\/wp-content\/uploads\/2024\/01\/footer-Logo.png\",\"contentUrl\":\"https:\/\/keruiref.com\/wp-content\/uploads\/2024\/01\/footer-Logo.png\",\"width\":282,\"height\":70,\"caption\":\"Your Refractory Bricks, Castables Manufacturer For Kiln | Kerui Refractory\u00ae Official Website\"},\"image\":{\"@id\":\"https:\/\/keruiref.com\/el\/#\/schema\/logo\/image\/\"}}]}<\/script>\n<!-- \/ Yoast SEO plugin. -->","yoast_head_json":{"title":"Basic Refractory Bricks - O seu fabricante de tijolos refract\u00e1rios e de materiais de moldagem para fornos - Kerui Refractory\u00ae Official Website","description":"Os tijolos refract\u00e1rios de base s\u00e3o um tipo de material refrat\u00e1rio. S\u00e3o constitu\u00eddos principalmente por \u00f3xidos alcalinos como a magn\u00e9sia e o \u00f3xido de c\u00e1lcio.","robots":{"index":"index","follow":"follow","max-snippet":"max-snippet:-1","max-image-preview":"max-image-preview:large","max-video-preview":"max-video-preview:-1"},"canonical":"https:\/\/keruiref.com\/pt\/tijolos-refractarios-de-base\/","schema":{"@context":"https:\/\/schema.org","@graph":[{"@type":"WebPage","@id":"https:\/\/keruiref.com\/basic-refractory-bricks\/","url":"https:\/\/keruiref.com\/basic-refractory-bricks\/","name":"Basic Refractory Bricks - O seu fabricante de tijolos refract\u00e1rios e de materiais de moldagem para fornos - Kerui Refractory\u00ae Official Website","isPartOf":{"@id":"https:\/\/keruiref.com\/el\/#website"},"primaryImageOfPage":{"@id":"https:\/\/keruiref.com\/basic-refractory-bricks\/#primaryimage"},"image":{"@id":"https:\/\/keruiref.com\/basic-refractory-bricks\/#primaryimage"},"thumbnailUrl":"https:\/\/keruiref.com\/wp-content\/uploads\/2025\/02\/Magnesia-Alumina-Spinel-Brick-01.webp","datePublished":"2025-06-10T07:16:31+00:00","description":"Os tijolos refract\u00e1rios de base s\u00e3o um tipo de material refrat\u00e1rio. S\u00e3o constitu\u00eddos principalmente por \u00f3xidos alcalinos como a magn\u00e9sia e o \u00f3xido de c\u00e1lcio.","breadcrumb":{"@id":"https:\/\/keruiref.com\/basic-refractory-bricks\/#breadcrumb"},"inLanguage":"pt-PT","potentialAction":[{"@type":"ReadAction","target":["https:\/\/keruiref.com\/basic-refractory-bricks\/"]}]},{"@type":"ImageObject","inLanguage":"pt-PT","@id":"https:\/\/keruiref.com\/basic-refractory-bricks\/#primaryimage","url":"https:\/\/keruiref.com\/wp-content\/uploads\/2025\/02\/Magnesia-Alumina-Spinel-Brick-01.webp","contentUrl":"https:\/\/keruiref.com\/wp-content\/uploads\/2025\/02\/Magnesia-Alumina-Spinel-Brick-01.webp","width":660,"height":495},{"@type":"BreadcrumbList","@id":"https:\/\/keruiref.com\/basic-refractory-bricks\/#breadcrumb","itemListElement":[{"@type":"ListItem","position":1,"name":"Home","item":"https:\/\/keruiref.com\/"},{"@type":"ListItem","position":2,"name":"Basic Refractory Bricks"}]},{"@type":"WebSite","@id":"https:\/\/keruiref.com\/el\/#website","url":"https:\/\/keruiref.com\/el\/","name":"O seu fabricante de tijolos refract\u00e1rios e de materiais de moldagem para fornos | Kerui Refractory\u00ae Official Website","description":"","publisher":{"@id":"https:\/\/keruiref.com\/el\/#organization"},"potentialAction":[{"@type":"SearchAction","target":{"@type":"EntryPoint","urlTemplate":"https:\/\/keruiref.com\/el\/?s={search_term_string}"},"query-input":{"@type":"PropertyValueSpecification","valueRequired":true,"valueName":"search_term_string"}}],"inLanguage":"pt-PT"},{"@type":"Organization","@id":"https:\/\/keruiref.com\/el\/#organization","name":"O seu fabricante de tijolos refract\u00e1rios e de materiais de moldagem para fornos | Kerui Refractory\u00ae Official Website","url":"https:\/\/keruiref.com\/el\/","logo":{"@type":"ImageObject","inLanguage":"pt-PT","@id":"https:\/\/keruiref.com\/el\/#\/schema\/logo\/image\/","url":"https:\/\/keruiref.com\/wp-content\/uploads\/2024\/01\/footer-Logo.png","contentUrl":"https:\/\/keruiref.com\/wp-content\/uploads\/2024\/01\/footer-Logo.png","width":282,"height":70,"caption":"Your Refractory Bricks, Castables Manufacturer For Kiln | Kerui Refractory\u00ae Official Website"},"image":{"@id":"https:\/\/keruiref.com\/el\/#\/schema\/logo\/image\/"}}]}},"_links":{"self":[{"href":"https:\/\/keruiref.com\/pt\/wp-json\/wp\/v2\/pages\/87019","targetHints":{"allow":["GET"]}}],"collection":[{"href":"https:\/\/keruiref.com\/pt\/wp-json\/wp\/v2\/pages"}],"about":[{"href":"https:\/\/keruiref.com\/pt\/wp-json\/wp\/v2\/types\/page"}],"author":[{"embeddable":true,"href":"https:\/\/keruiref.com\/pt\/wp-json\/wp\/v2\/users\/1"}],"replies":[{"embeddable":true,"href":"https:\/\/keruiref.com\/pt\/wp-json\/wp\/v2\/comments?post=87019"}],"version-history":[{"count":0,"href":"https:\/\/keruiref.com\/pt\/wp-json\/wp\/v2\/pages\/87019\/revisions"}],"wp:featuredmedia":[{"embeddable":true,"href":"https:\/\/keruiref.com\/pt\/wp-json\/wp\/v2\/media\/84309"}],"wp:attachment":[{"href":"https:\/\/keruiref.com\/pt\/wp-json\/wp\/v2\/media?parent=87019"}],"curies":[{"name":"wp","href":"https:\/\/api.w.org\/{rel}","templated":true}]}}