{"id":86756,"date":"2025-06-04T11:17:59","date_gmt":"2025-06-04T03:17:59","guid":{"rendered":"https:\/\/keruiref.com\/?page_id=86756"},"modified":"2025-06-04T11:17:59","modified_gmt":"2025-06-04T03:17:59","slug":"cadinho-de-carboneto-de-silicio","status":"publish","type":"page","link":"https:\/\/keruiref.com\/pt\/cadinho-de-carboneto-de-silicio\/","title":{"rendered":"Cadinho de carboneto de sil\u00edcio"},"content":{"rendered":"<div class=\"page_model product_info\">\n<div class=\"preview\"><img loading=\"lazy\" decoding=\"async\" class=\"alignnone size-full wp-image-86757\" src=\"https:\/\/keruiref.com\/wp-content\/uploads\/2025\/06\/Silicon-Carbide-Crucibles_kerui.webp\" alt=\"\" width=\"780\" height=\"639\" srcset=\"https:\/\/keruiref.com\/wp-content\/uploads\/2025\/06\/Silicon-Carbide-Crucibles_kerui.webp 780w, https:\/\/keruiref.com\/wp-content\/uploads\/2025\/06\/Silicon-Carbide-Crucibles_kerui-300x246.webp 300w, https:\/\/keruiref.com\/wp-content\/uploads\/2025\/06\/Silicon-Carbide-Crucibles_kerui-768x629.webp 768w, https:\/\/keruiref.com\/wp-content\/uploads\/2025\/06\/Silicon-Carbide-Crucibles_kerui-15x12.webp 15w\" sizes=\"auto, (max-width: 780px) 100vw, 780px\" \/><\/div>\n<div class=\"info\">\n<h1>Cadinho de carboneto de sil\u00edcio<\/h1>\n<p>Os cadinhos de carboneto de sil\u00edcio s\u00e3o feitos de carboneto de sil\u00edcio de alta pureza e grafite. Keri oferece cadinhos em v\u00e1rias formas e tamanhos, e tamb\u00e9m pode personalizar o tamanho para voc\u00ea de acordo com suas necessidades. A vida \u00fatil dos cadinhos de carboneto de sil\u00edcio \u00e9 2-3 vezes maior do que a dos cadinhos de grafite de argila.<\/p>\n<ul>\n<li>Temperatura m\u00e1xima de funcionamento: 1200-1500\u00baC;<\/li>\n<li>Refractariedade sob carga: 1650\u00baC;<\/li>\n<li>SiC: \u226545%<\/li>\n<li>Densidade a granel: \u22651,9-2,1g\/cm\u00b3<\/li>\n<li>Certifica\u00e7\u00e3o: ISO9001\/ISO14001\/ISO45001\/ISO50001<\/li>\n<li>Servi\u00e7o de processamento: Dobragem, soldadura, perfura\u00e7\u00e3o, desbobinagem, corte, moldagem<\/li>\n<\/ul>\n<div class=\"tags\">\n<p>Alta qualidade<\/p>\n<p>Pre\u00e7o razo\u00e1vel<\/p>\n<p>Produtos e solu\u00e7\u00f5es personaliz\u00e1veis<\/p>\n<p>Entrega atempada<\/p>\n<p>7\/24\/365 Ao vosso servi\u00e7o<\/p>\n<\/div>\n<p><a class=\"inruiry fancybox\" href=\"#contact_form_pop\">inrup\u00e7\u00e3o agora<\/a><a class=\"email-btn\" href=\"mailto: market@keruiref.com\">enviar correio eletr\u00f3nico<\/a><\/p>\n<\/div>\n<\/div>\n<ul class=\"anchor\">\n<li><a href=\"#PRODUCTDESCRIPTION\">DESCRI\u00c7\u00c3O DO PRODUTO<\/a><\/li>\n<li><a href=\"#TechniqueData\">Dados t\u00e9cnicos<\/a><\/li>\n<li><a href=\"#INQUIRY\">INQU\u00c9RITO<\/a><\/li>\n<li><a href=\"#RELATEDPRODUCTS\">PRODUTOS RELACIONADOS<\/a><\/li>\n<\/ul>\n<div class=\"page_model\">\n<h2 id=\"PRODUCTDESCRIPTION\">Descri\u00e7\u00e3o do cadinho de carboneto de sil\u00edcio<\/h2>\n<p>O cadinho de carboneto de sil\u00edcio \u00e9 um recipiente de alta temperatura feito de carboneto de sil\u00edcio de alta pureza por meio de sinteriza\u00e7\u00e3o de alta temperatura. Com excelente condutividade t\u00e9rmica e resist\u00eancia ao choque, ele suporta&gt; 1600 \u2103, resiste \u00e0 corros\u00e3o do metal fundido e oferece forte estabilidade qu\u00edmica. Amplamente utilizado em metalurgia, semicondutores e fotovoltaicos para fundir metais preciosos \/ terras raras e crescimento de cristais, garante uma transfer\u00eancia de calor eficiente e longa vida \u00fatil.<img loading=\"lazy\" decoding=\"async\" class=\"alignnone size-full wp-image-86760\" src=\"https:\/\/keruiref.com\/wp-content\/uploads\/2025\/06\/Silicon-Carbide-Crucible-1.webp\" alt=\"\" width=\"1400\" height=\"563\" srcset=\"https:\/\/keruiref.com\/wp-content\/uploads\/2025\/06\/Silicon-Carbide-Crucible-1.webp 1400w, https:\/\/keruiref.com\/wp-content\/uploads\/2025\/06\/Silicon-Carbide-Crucible-1-300x121.webp 300w, https:\/\/keruiref.com\/wp-content\/uploads\/2025\/06\/Silicon-Carbide-Crucible-1-1024x412.webp 1024w, https:\/\/keruiref.com\/wp-content\/uploads\/2025\/06\/Silicon-Carbide-Crucible-1-768x309.webp 768w, https:\/\/keruiref.com\/wp-content\/uploads\/2025\/06\/Silicon-Carbide-Crucible-1-18x7.webp 18w\" sizes=\"auto, (max-width: 1400px) 100vw, 1400px\" \/><\/p>\n<h2 id=\"TechniqueData\">Especifica\u00e7\u00f5es b\u00e1sicas do cadinho de carboneto de sil\u00edcio Kerui<\/h2>\n<table id=\"tablepress-99\" class=\"tablepress tablepress-id-99\">\n<thead>\n<tr class=\"row-1\">\n<th class=\"column-1\">Item<\/th>\n<th class=\"column-2\">Cadinho de carboneto de sil\u00edcio<\/th>\n<\/tr>\n<\/thead>\n<tbody class=\"row-striping row-hover\">\n<tr class=\"row-2\">\n<td class=\"column-1\">Refractariedade sob carga<\/td>\n<td class=\"column-2\">1650\u00baC<\/td>\n<\/tr>\n<tr class=\"row-3\">\n<td class=\"column-1\">Temperatura m\u00e1xima de funcionamento<\/td>\n<td class=\"column-2\">1200-1500\u00baC<\/td>\n<\/tr>\n<tr class=\"row-4\">\n<td class=\"column-1\">SiC<\/td>\n<td class=\"column-2\">\u226545%<\/td>\n<\/tr>\n<tr class=\"row-5\">\n<td class=\"column-1\">Densidade a granel<\/td>\n<td class=\"column-2\">\u22651,9-2,1g\/cm\u00b3<\/td>\n<\/tr>\n<tr class=\"row-6\">\n<td class=\"column-1\">Porosidade aparente<\/td>\n<td class=\"column-2\">\u226410-14%<\/td>\n<\/tr>\n<tr class=\"row-7\">\n<td class=\"column-1\">Tipos<\/td>\n<td class=\"column-2\">10#-5000#<\/td>\n<\/tr>\n<tr class=\"row-8\">\n<td class=\"column-1\">Di\u00e2metro exterior<\/td>\n<td class=\"column-2\">142-1050mm<\/td>\n<\/tr>\n<tr class=\"row-9\">\n<td class=\"column-1\">Di\u00e2metro interior<\/td>\n<td class=\"column-2\">110-930 mm<\/td>\n<\/tr>\n<tr class=\"row-10\">\n<td class=\"column-1\">Altura total<\/td>\n<td class=\"column-2\">180-1320mm<\/td>\n<\/tr>\n<tr class=\"row-11\">\n<td class=\"column-1\">Di\u00e2metro exterior do fundo<\/td>\n<td class=\"column-2\">90-550mm<\/td>\n<\/tr>\n<\/tbody>\n<\/table>\n<p><!-- #tablepress-99 from cache --><\/p>\n<p><center><a class=\"fancybox price\" href=\"#contact_form_pop\">OBTER PRE\u00c7O<\/a><\/center><\/p>\n<h2>Tamanhos e tipos de cadinho de carboneto de sil\u00edcio KERUI<\/h2>\n<p>Com base nas necessidades do cliente, oferecemos uma variedade de cadinhos padr\u00e3o e personalizados, incluindo <strong>formas de bacia ou ta\u00e7a, forma \"TP\", forma de por\u00e3o, formas de bacia com bico ou com bico e cadinhos de forma cil\u00edndrica.<\/strong> Tamb\u00e9m fornecemos v\u00e1rios servi\u00e7os de vazamento <strong>l\u00e1bios e bicos<\/strong>.<\/p>\n<p><strong>Nota:<\/strong> que os nossos cadinhos de grafite s\u00e3o moldados utilizando um molde interior de a\u00e7o e um molde exterior de borracha. Como resultado, a superf\u00edcie exterior pode n\u00e3o ser perfeitamente lisa, enquanto a superf\u00edcie interior \u00e9 lisa.<\/p>\n<h2>Carater\u00edsticas do cadinho de carboneto de sil\u00edcio<\/h2>\n<p>O cadinho de carboneto de sil\u00edcio tem m\u00faltiplas carater\u00edsticas: \u00e9 feito de carboneto de sil\u00edcio de alta pureza como mat\u00e9ria-prima e sinterizado em alta temperatura. Ele pode suportar altas temperaturas acima de 1600 \u2103, tem forte resist\u00eancia ao choque t\u00e9rmico e n\u00e3o \u00e9 f\u00e1cil de quebrar devido \u00e0 diferen\u00e7a de temperatura. Tem alta condutividade t\u00e9rmica e pode transferir calor de forma r\u00e1pida e uniforme. Possui excelente estabilidade qu\u00edmica e \u00e9 resistente \u00e0 corros\u00e3o por metais fundidos e \u00e1cidos e \u00e1lcalis. \u00c9 resistente ao desgaste e dur\u00e1vel, e tem uma longa vida \u00fatil.<\/p>\n<p><img loading=\"lazy\" decoding=\"async\" class=\"alignnone size-full wp-image-86761\" src=\"https:\/\/keruiref.com\/wp-content\/uploads\/2025\/06\/Silicon-Carbide-Crucible-2.webp\" alt=\"\" width=\"1400\" height=\"565\" srcset=\"https:\/\/keruiref.com\/wp-content\/uploads\/2025\/06\/Silicon-Carbide-Crucible-2.webp 1400w, https:\/\/keruiref.com\/wp-content\/uploads\/2025\/06\/Silicon-Carbide-Crucible-2-300x121.webp 300w, https:\/\/keruiref.com\/wp-content\/uploads\/2025\/06\/Silicon-Carbide-Crucible-2-1024x413.webp 1024w, https:\/\/keruiref.com\/wp-content\/uploads\/2025\/06\/Silicon-Carbide-Crucible-2-768x310.webp 768w, https:\/\/keruiref.com\/wp-content\/uploads\/2025\/06\/Silicon-Carbide-Crucible-2-18x7.webp 18w\" sizes=\"auto, (max-width: 1400px) 100vw, 1400px\" \/><\/p>\n<p><center><a class=\"fancybox price\" href=\"#contact_form_pop\">OBTER PRE\u00c7O<\/a><\/center><\/p>\n<h2>Aplica\u00e7\u00e3o do cadinho de carboneto de sil\u00edcio<\/h2>\n<p>Os cadinhos de grafite de carboneto de sil\u00edcio servem para fundir metais n\u00e3o ferrosos e diversos materiais como ouro, prata, cobre, alum\u00ednio, chumbo, zinco, a\u00e7o, ligas, cer\u00e2mica, etc. Aplic\u00e1veis em v\u00e1rios fornos, s\u00e3o adequados para fornos de fus\u00e3o de metais, fundi\u00e7\u00f5es de a\u00e7o inoxid\u00e1vel, fornos de coque, fornos de carv\u00e3o e assim por diante.<br \/>\n<img loading=\"lazy\" decoding=\"async\" class=\"alignnone size-full wp-image-86730\" src=\"https:\/\/keruiref.com\/wp-content\/uploads\/2025\/06\/Application-of-KERUI-Kiln-Shelves.webp\" alt=\"\" width=\"1450\" height=\"679\" srcset=\"https:\/\/keruiref.com\/wp-content\/uploads\/2025\/06\/Application-of-KERUI-Kiln-Shelves.webp 1450w, https:\/\/keruiref.com\/wp-content\/uploads\/2025\/06\/Application-of-KERUI-Kiln-Shelves-300x140.webp 300w, https:\/\/keruiref.com\/wp-content\/uploads\/2025\/06\/Application-of-KERUI-Kiln-Shelves-1024x480.webp 1024w, https:\/\/keruiref.com\/wp-content\/uploads\/2025\/06\/Application-of-KERUI-Kiln-Shelves-768x360.webp 768w, https:\/\/keruiref.com\/wp-content\/uploads\/2025\/06\/Application-of-KERUI-Kiln-Shelves-18x8.webp 18w\" sizes=\"auto, (max-width: 1450px) 100vw, 1450px\" \/><\/p>\n<\/div>\n<div id=\"INQUIRY\" class=\"page_model\">\n<div class=\"wpcf7 no-js\" id=\"wpcf7-f328-o1\" lang=\"en-US\" dir=\"ltr\" data-wpcf7-id=\"328\">\n<div class=\"screen-reader-response\">\n<p role=\"status\" aria-live=\"polite\" aria-atomic=\"true\">\n<ul><\/ul>\n<\/div>\n<form action=\"\/pt\/wp-json\/wp\/v2\/pages\/86756#wpcf7-f328-o1\" method=\"post\" class=\"wpcf7-form init\" aria-label=\"Formul\u00e1rio de contacto\" novalidate=\"novalidate\" data-status=\"init\" data-trp-original-action=\"\/pt\/wp-json\/wp\/v2\/pages\/86756#wpcf7-f328-o1\">\n<div style=\"display: none;\">\n<input type=\"hidden\" name=\"_wpcf7\" value=\"328\" \/><br \/>\n<input type=\"hidden\" name=\"_wpcf7_version\" value=\"6.0.4\" \/><br \/>\n<input type=\"hidden\" name=\"_wpcf7_locale\" value=\"en_US\" \/><br \/>\n<input type=\"hidden\" name=\"_wpcf7_unit_tag\" value=\"wpcf7-f328-o1\" \/><br \/>\n<input type=\"hidden\" name=\"_wpcf7_container_post\" value=\"0\" \/><br \/>\n<input type=\"hidden\" name=\"_wpcf7_posted_data_hash\" value=\"\" \/><br \/>\n<input type=\"hidden\" name=\"_wpcf7_recaptcha_response\" value=\"\" \/>\n<\/div>\n<div class=\"form-box\" id=\"Contact-Us\">\n<div class=\"isleft\">\n<div class=\"contact-title\">\n<p>Contactar-nos\n\t\t\t<\/p>\n<\/p><\/div>\n<div class=\"contactp\">\n<p>Por favor, sinta-se livre para dar o seu inqu\u00e9rito no formul\u00e1rio correto. Responder-lhe-emos no prazo de 6 horas.\n\t\t\t<\/p>\n<\/p><\/div>\n<ul class=\"contact\">\n<li class=\"email\">\n<p><img decoding=\"async\" src=\"https:\/\/keruiref.com\/wp-content\/uploads\/2023\/12\/email.png\" alt=\"\" \/>Correio eletr\u00f3nico:\n\t\t\t\t<\/p>\n<p><a href=\"mailto:market@keruiref.com\">market@keruiref.com<\/a>\n\t\t\t\t<\/p>\n<\/li>\n<li class=\"phone\">\n<p><img decoding=\"async\" src=\"https:\/\/keruiref.com\/wp-content\/uploads\/2023\/12\/tel.png\" alt=\"\" \/>Telefone\/whatsapp:\n\t\t\t\t<\/p>\n<p><a href=\"https:\/\/wa.me\/8619138178880\">+86 19138178880<\/a>\n\t\t\t\t<\/p>\n<\/li>\n<li class=\"location\">\n<p><img decoding=\"async\" src=\"https:\/\/keruiref.com\/wp-content\/uploads\/2023\/12\/Location.png\" alt=\"\" \/>Base de fabrico:\n\t\t\t\t<\/p>\n<p>Zona da Ind\u00fastria Refract\u00e1ria de Chaohua,<br \/>\nCidade de Xinmi, prov\u00edncia de Henan, China\n\t\t\t\t<\/p>\n<\/li>\n<\/ul><\/div>\n<div class=\"isright\">\n<ul class=\"contact-input\">\n<li>\n<div class=\"islabel\">\n<p>* Nome:\n\t\t\t\t\t<\/p>\n<\/p><\/div>\n<p><span class=\"wpcf7-form-control-wrap\" data-name=\"your-name\"><input size=\"40\" maxlength=\"400\" class=\"wpcf7-form-control wpcf7-text wpcf7-validates-as-required\" aria-required=\"true\" aria-invalid=\"false\" placeholder=\"\" value=\"\" type=\"text\" name=\"your-name\" \/><\/span>\n\t\t\t\t<\/p>\n<\/li>\n<li>\n<div class=\"islabel\">\n<p>* Correio eletr\u00f3nico:\n\t\t\t\t\t<\/p>\n<\/p><\/div>\n<p><span class=\"wpcf7-form-control-wrap\" data-name=\"your-email\"><input size=\"40\" maxlength=\"400\" class=\"wpcf7-form-control wpcf7-email wpcf7-validates-as-required wpcf7-text wpcf7-validates-as-email\" aria-required=\"true\" aria-invalid=\"false\" placeholder=\"\" value=\"\" type=\"email\" name=\"your-email\" \/><\/span>\n\t\t\t\t<\/p>\n<\/li>\n<li>\n<div class=\"islabel\">\n<p>* Telefone\/Whatsapp:\n\t\t\t\t\t<\/p>\n<\/p><\/div>\n<p><span class=\"wpcf7-form-control-wrap\" data-name=\"your-phone\"><input size=\"40\" maxlength=\"400\" class=\"wpcf7-form-control wpcf7-tel wpcf7-text wpcf7-validates-as-tel\" aria-invalid=\"false\" placeholder=\"\" value=\"\" type=\"tel\" name=\"your-phone\" \/><\/span>\n\t\t\t\t<\/p>\n<\/li>\n<li>\n<div class=\"islabel\">\n<p>Pa\u00eds:\n\t\t\t\t\t<\/p>\n<\/p><\/div>\n<p><span class=\"wpcf7-form-control-wrap\" data-name=\"your-country\"><input size=\"40\" maxlength=\"400\" class=\"wpcf7-form-control wpcf7-text\" aria-invalid=\"false\" placeholder=\"\" value=\"\" type=\"text\" name=\"your-country\" \/><\/span>\n\t\t\t\t<\/p>\n<\/li>\n<li class=\"ismassage\">\n<div class=\"islabel\">\n<p>* Mensagem:\n\t\t\t\t\t<\/p>\n<\/p><\/div>\n<p><span class=\"wpcf7-form-control-wrap\" data-name=\"your-msg\"><textarea cols=\"40\" rows=\"10\" maxlength=\"2000\" class=\"wpcf7-form-control wpcf7-textarea wpcf7-validates-as-required\" aria-required=\"true\" aria-invalid=\"false\" name=\"your-msg\"><\/textarea><\/span>\n\t\t\t\t<\/p>\n<\/li>\n<li class=\"wpcf7-btns-box\">\n<div class=\"isFileName\">\n\t\t\t\t<\/div>\n<div class=\"wpcf7-btns\">\n<p><input class=\"wpcf7-form-control wpcf7-submit has-spinner\" type=\"submit\" value=\"ENVIAR\" \/>\n\t\t\t\t\t<\/p>\n<\/p><\/div>\n<\/li>\n<\/ul><\/div>\n<\/div>\n<div class=\"wpcf7-response-output\" aria-hidden=\"true\"><\/div>\n<input type=\"hidden\" name=\"trp-form-language\" value=\"pt\"\/><\/form>\n<\/div>\n<\/div>","protected":false},"excerpt":{"rendered":"Silicon Carbide Crucible Silicon carbide crucibles are made of high purity silicon carbide and graphite. Keri offers crucibles in various shapes and sizes, and can also customize the size for you according to your requirements. The service life of silicon carbide crucibles is 2-3 times &#8230; <a title=\"Cadinho de carboneto de sil\u00edcio\" class=\"read-more\" href=\"https:\/\/keruiref.com\/pt\/cadinho-de-carboneto-de-silicio\/\" aria-label=\"Mais em Silicon Carbide Crucible\">Ler mais<\/a>","protected":false},"author":1,"featured_media":0,"parent":0,"menu_order":0,"comment_status":"closed","ping_status":"closed","template":"","meta":{"footnotes":""},"class_list":{"0":"post-86756","1":"page","2":"type-page","3":"status-publish","5":"no-featured-image-padding"},"yoast_head":"<!-- This site is optimized with the Yoast SEO plugin v24.9 - https:\/\/yoast.com\/wordpress\/plugins\/seo\/ -->\n<title>Silicon Carbide Crucible - Your Refractory Bricks, Castables Manufacturer For Kiln | Kerui Refractory\u00ae Official Website<\/title>\n<meta name=\"description\" content=\"Silicon Carbide Crucible is a high-temp container made of high-purity silicon carbide via high-temp sintering. With excellent thermal conductivity and shock resistance, it withstands &gt;1600\u2103, resists molten metal corrosion, and offers strong chemical stability.\" \/>\n<meta name=\"robots\" content=\"index, follow, max-snippet:-1, max-image-preview:large, max-video-preview:-1\" \/>\n<link rel=\"canonical\" href=\"https:\/\/keruiref.com\/pt\/cadinho-de-carboneto-de-silicio\/\" \/>\n<script type=\"application\/ld+json\" class=\"yoast-schema-graph\">{\"@context\":\"https:\/\/schema.org\",\"@graph\":[{\"@type\":\"WebPage\",\"@id\":\"https:\/\/keruiref.com\/silicon-carbide-crucible\/\",\"url\":\"https:\/\/keruiref.com\/silicon-carbide-crucible\/\",\"name\":\"Silicon Carbide Crucible - Your Refractory Bricks, Castables Manufacturer For Kiln | Kerui Refractory\u00ae Official Website\",\"isPartOf\":{\"@id\":\"https:\/\/keruiref.com\/el\/#website\"},\"primaryImageOfPage\":{\"@id\":\"https:\/\/keruiref.com\/silicon-carbide-crucible\/#primaryimage\"},\"image\":{\"@id\":\"https:\/\/keruiref.com\/silicon-carbide-crucible\/#primaryimage\"},\"thumbnailUrl\":\"https:\/\/keruiref.com\/wp-content\/uploads\/2025\/06\/Silicon-Carbide-Crucibles_kerui.webp\",\"datePublished\":\"2025-06-04T03:17:59+00:00\",\"description\":\"Silicon Carbide Crucible is a high-temp container made of high-purity silicon carbide via high-temp sintering. With excellent thermal conductivity and shock resistance, it withstands >1600\u2103, resists molten metal corrosion, and offers strong chemical stability.\",\"breadcrumb\":{\"@id\":\"https:\/\/keruiref.com\/silicon-carbide-crucible\/#breadcrumb\"},\"inLanguage\":\"pt-PT\",\"potentialAction\":[{\"@type\":\"ReadAction\",\"target\":[\"https:\/\/keruiref.com\/silicon-carbide-crucible\/\"]}]},{\"@type\":\"ImageObject\",\"inLanguage\":\"pt-PT\",\"@id\":\"https:\/\/keruiref.com\/silicon-carbide-crucible\/#primaryimage\",\"url\":\"https:\/\/keruiref.com\/wp-content\/uploads\/2025\/06\/Silicon-Carbide-Crucibles_kerui.webp\",\"contentUrl\":\"https:\/\/keruiref.com\/wp-content\/uploads\/2025\/06\/Silicon-Carbide-Crucibles_kerui.webp\"},{\"@type\":\"BreadcrumbList\",\"@id\":\"https:\/\/keruiref.com\/silicon-carbide-crucible\/#breadcrumb\",\"itemListElement\":[{\"@type\":\"ListItem\",\"position\":1,\"name\":\"Home\",\"item\":\"https:\/\/keruiref.com\/\"},{\"@type\":\"ListItem\",\"position\":2,\"name\":\"Silicon Carbide Crucible\"}]},{\"@type\":\"WebSite\",\"@id\":\"https:\/\/keruiref.com\/el\/#website\",\"url\":\"https:\/\/keruiref.com\/el\/\",\"name\":\"Your Refractory Bricks, Castables Manufacturer For Kiln | Kerui Refractory\u00ae Official Website\",\"description\":\"\",\"publisher\":{\"@id\":\"https:\/\/keruiref.com\/el\/#organization\"},\"potentialAction\":[{\"@type\":\"SearchAction\",\"target\":{\"@type\":\"EntryPoint\",\"urlTemplate\":\"https:\/\/keruiref.com\/el\/?s={search_term_string}\"},\"query-input\":{\"@type\":\"PropertyValueSpecification\",\"valueRequired\":true,\"valueName\":\"search_term_string\"}}],\"inLanguage\":\"pt-PT\"},{\"@type\":\"Organization\",\"@id\":\"https:\/\/keruiref.com\/el\/#organization\",\"name\":\"Your Refractory Bricks, Castables Manufacturer For Kiln | Kerui Refractory\u00ae Official Website\",\"url\":\"https:\/\/keruiref.com\/el\/\",\"logo\":{\"@type\":\"ImageObject\",\"inLanguage\":\"pt-PT\",\"@id\":\"https:\/\/keruiref.com\/el\/#\/schema\/logo\/image\/\",\"url\":\"https:\/\/keruiref.com\/wp-content\/uploads\/2024\/01\/footer-Logo.png\",\"contentUrl\":\"https:\/\/keruiref.com\/wp-content\/uploads\/2024\/01\/footer-Logo.png\",\"width\":282,\"height\":70,\"caption\":\"Your Refractory Bricks, Castables Manufacturer For Kiln | Kerui Refractory\u00ae Official Website\"},\"image\":{\"@id\":\"https:\/\/keruiref.com\/el\/#\/schema\/logo\/image\/\"}}]}<\/script>\n<!-- \/ Yoast SEO plugin. -->","yoast_head_json":{"title":"Cadinho de carboneto de sil\u00edcio - O seu fabricante de tijolos refract\u00e1rios e pe\u00e7as fundidas para forno | Kerui Refractory\u00ae Official Website","description":"O cadinho de carboneto de sil\u00edcio \u00e9 um recipiente de alta temperatura feito de carboneto de sil\u00edcio de alta pureza por meio de sinteriza\u00e7\u00e3o de alta temperatura. Com excelente condutividade t\u00e9rmica e resist\u00eancia ao choque, ele suporta&gt; 1600 \u2103, resiste \u00e0 corros\u00e3o do metal fundido e oferece forte estabilidade qu\u00edmica.","robots":{"index":"index","follow":"follow","max-snippet":"max-snippet:-1","max-image-preview":"max-image-preview:large","max-video-preview":"max-video-preview:-1"},"canonical":"https:\/\/keruiref.com\/pt\/cadinho-de-carboneto-de-silicio\/","schema":{"@context":"https:\/\/schema.org","@graph":[{"@type":"WebPage","@id":"https:\/\/keruiref.com\/silicon-carbide-crucible\/","url":"https:\/\/keruiref.com\/silicon-carbide-crucible\/","name":"Cadinho de carboneto de sil\u00edcio - O seu fabricante de tijolos refract\u00e1rios e pe\u00e7as fundidas para forno | Kerui Refractory\u00ae Official Website","isPartOf":{"@id":"https:\/\/keruiref.com\/el\/#website"},"primaryImageOfPage":{"@id":"https:\/\/keruiref.com\/silicon-carbide-crucible\/#primaryimage"},"image":{"@id":"https:\/\/keruiref.com\/silicon-carbide-crucible\/#primaryimage"},"thumbnailUrl":"https:\/\/keruiref.com\/wp-content\/uploads\/2025\/06\/Silicon-Carbide-Crucibles_kerui.webp","datePublished":"2025-06-04T03:17:59+00:00","description":"O cadinho de carboneto de sil\u00edcio \u00e9 um recipiente de alta temperatura feito de carboneto de sil\u00edcio de alta pureza por meio de sinteriza\u00e7\u00e3o de alta temperatura. Com excelente condutividade t\u00e9rmica e resist\u00eancia ao choque, ele suporta&gt; 1600 \u2103, resiste \u00e0 corros\u00e3o do metal fundido e oferece forte estabilidade qu\u00edmica.","breadcrumb":{"@id":"https:\/\/keruiref.com\/silicon-carbide-crucible\/#breadcrumb"},"inLanguage":"pt-PT","potentialAction":[{"@type":"ReadAction","target":["https:\/\/keruiref.com\/silicon-carbide-crucible\/"]}]},{"@type":"ImageObject","inLanguage":"pt-PT","@id":"https:\/\/keruiref.com\/silicon-carbide-crucible\/#primaryimage","url":"https:\/\/keruiref.com\/wp-content\/uploads\/2025\/06\/Silicon-Carbide-Crucibles_kerui.webp","contentUrl":"https:\/\/keruiref.com\/wp-content\/uploads\/2025\/06\/Silicon-Carbide-Crucibles_kerui.webp"},{"@type":"BreadcrumbList","@id":"https:\/\/keruiref.com\/silicon-carbide-crucible\/#breadcrumb","itemListElement":[{"@type":"ListItem","position":1,"name":"Home","item":"https:\/\/keruiref.com\/"},{"@type":"ListItem","position":2,"name":"Silicon Carbide Crucible"}]},{"@type":"WebSite","@id":"https:\/\/keruiref.com\/el\/#website","url":"https:\/\/keruiref.com\/el\/","name":"O seu fabricante de tijolos refract\u00e1rios e de materiais de moldagem para fornos | Kerui Refractory\u00ae Official Website","description":"","publisher":{"@id":"https:\/\/keruiref.com\/el\/#organization"},"potentialAction":[{"@type":"SearchAction","target":{"@type":"EntryPoint","urlTemplate":"https:\/\/keruiref.com\/el\/?s={search_term_string}"},"query-input":{"@type":"PropertyValueSpecification","valueRequired":true,"valueName":"search_term_string"}}],"inLanguage":"pt-PT"},{"@type":"Organization","@id":"https:\/\/keruiref.com\/el\/#organization","name":"O seu fabricante de tijolos refract\u00e1rios e de materiais de moldagem para fornos | Kerui Refractory\u00ae Official Website","url":"https:\/\/keruiref.com\/el\/","logo":{"@type":"ImageObject","inLanguage":"pt-PT","@id":"https:\/\/keruiref.com\/el\/#\/schema\/logo\/image\/","url":"https:\/\/keruiref.com\/wp-content\/uploads\/2024\/01\/footer-Logo.png","contentUrl":"https:\/\/keruiref.com\/wp-content\/uploads\/2024\/01\/footer-Logo.png","width":282,"height":70,"caption":"Your Refractory Bricks, Castables Manufacturer For Kiln | Kerui Refractory\u00ae Official Website"},"image":{"@id":"https:\/\/keruiref.com\/el\/#\/schema\/logo\/image\/"}}]}},"_links":{"self":[{"href":"https:\/\/keruiref.com\/pt\/wp-json\/wp\/v2\/pages\/86756","targetHints":{"allow":["GET"]}}],"collection":[{"href":"https:\/\/keruiref.com\/pt\/wp-json\/wp\/v2\/pages"}],"about":[{"href":"https:\/\/keruiref.com\/pt\/wp-json\/wp\/v2\/types\/page"}],"author":[{"embeddable":true,"href":"https:\/\/keruiref.com\/pt\/wp-json\/wp\/v2\/users\/1"}],"replies":[{"embeddable":true,"href":"https:\/\/keruiref.com\/pt\/wp-json\/wp\/v2\/comments?post=86756"}],"version-history":[{"count":0,"href":"https:\/\/keruiref.com\/pt\/wp-json\/wp\/v2\/pages\/86756\/revisions"}],"wp:attachment":[{"href":"https:\/\/keruiref.com\/pt\/wp-json\/wp\/v2\/media?parent=86756"}],"curies":[{"name":"wp","href":"https:\/\/api.w.org\/{rel}","templated":true}]}}