{"id":86733,"date":"2025-06-04T10:13:00","date_gmt":"2025-06-04T02:13:00","guid":{"rendered":"https:\/\/keruiref.com\/?page_id=86733"},"modified":"2025-06-04T10:18:01","modified_gmt":"2025-06-04T02:18:01","slug":"silicon-carbide-tube","status":"publish","type":"page","link":"https:\/\/keruiref.com\/pt\/silicon-carbide-tube\/","title":{"rendered":"Tubo de carboneto de sil\u00edcio"},"content":{"rendered":"<div class=\"page_model product_info\">\n<div class=\"preview\"><img loading=\"lazy\" decoding=\"async\" class=\"alignnone size-full wp-image-86734\" src=\"https:\/\/keruiref.com\/wp-content\/uploads\/2025\/06\/KERUI-Silicon-Carbide-Tube-Price.webp\" alt=\"\" width=\"780\" height=\"639\" srcset=\"https:\/\/keruiref.com\/wp-content\/uploads\/2025\/06\/KERUI-Silicon-Carbide-Tube-Price.webp 780w, https:\/\/keruiref.com\/wp-content\/uploads\/2025\/06\/KERUI-Silicon-Carbide-Tube-Price-300x246.webp 300w, https:\/\/keruiref.com\/wp-content\/uploads\/2025\/06\/KERUI-Silicon-Carbide-Tube-Price-768x629.webp 768w, https:\/\/keruiref.com\/wp-content\/uploads\/2025\/06\/KERUI-Silicon-Carbide-Tube-Price-15x12.webp 15w\" sizes=\"auto, (max-width: 780px) 100vw, 780px\" \/><\/div>\n<div class=\"info\">\n<h1>Tubo de carboneto de sil\u00edcio<\/h1>\n<p>Silicon carbide tube is a high-performance dense ceramic for high-temp industries. Kerui tubes feature excellent heat resistance and long life, mainly used for heating, cooling, gas transport, and kiln support. As a leading Chinese manufacturer, we offer diverse products and kiln solutions.<\/p>\n<ul>\n<li>sic (\u2265)\/: 88-99.5%<\/li>\n<li>Bulk Density: 2.7-3.1g\/cm\u00b3<\/li>\n<li>Working Temperature: 1300-1650\u2103<\/li>\n<li>Compressive Strength: 300-2100MPa<\/li>\n<li>Certifica\u00e7\u00e3o: ISO9001\/ISO14001\/ISO45001\/ISO50001<\/li>\n<li>Servi\u00e7o de processamento: Dobragem, soldadura, perfura\u00e7\u00e3o, desbobinagem, corte, moldagem<\/li>\n<\/ul>\n<div class=\"tags\">\n<p>Alta qualidade<\/p>\n<p>Pre\u00e7o razo\u00e1vel<\/p>\n<p>Produtos e solu\u00e7\u00f5es personaliz\u00e1veis<\/p>\n<p>Entrega atempada<\/p>\n<p>7\/24\/365 Ao vosso servi\u00e7o<\/p>\n<\/div>\n<p><a class=\"inruiry fancybox\" href=\"#contact_form_pop\">inrup\u00e7\u00e3o agora<\/a><a class=\"email-btn\" href=\"mailto: market@keruiref.com\">enviar correio eletr\u00f3nico<\/a><\/p>\n<\/div>\n<\/div>\n<ul class=\"anchor\">\n<li><a href=\"#PRODUCTDESCRIPTION\">DESCRI\u00c7\u00c3O DO PRODUTO<\/a><\/li>\n<li><a href=\"#TechniqueData\">Dados t\u00e9cnicos<\/a><\/li>\n<li><a href=\"#INQUIRY\">INQU\u00c9RITO<\/a><\/li>\n<li><a href=\"#RELATEDPRODUCTS\">PRODUTOS RELACIONADOS<\/a><\/li>\n<\/ul>\n<div class=\"page_model\">\n<h2 id=\"PRODUCTDESCRIPTION\">Description of Silicon Carbide Tube<\/h2>\n<p>Silicon carbide tube is a high-performance dense ceramic product, mainly containing silicon carbide, with the characteristics of high temperature resistance (above 1400\u2103), wear resistance, corrosion resistance, and excellent thermal shock stability. It is suitable for industrial kilns as heating, cooling, gas transportation and supporting components with a long service life.<\/p>\n<p>Depending on the process, we can supply silicon carbide tubes, reaction sintered silicon carbide tubes and recrystallized silicon carbide tubes. The excellent performance makes silicon carbide tubes a potential substitute for traditional semiconductors (such as silicon) in high-temperature applications.<\/p>\n<p><img loading=\"lazy\" decoding=\"async\" class=\"alignnone size-full wp-image-86736\" src=\"https:\/\/keruiref.com\/wp-content\/uploads\/2025\/06\/Kerui-Silicon-Carbide-Tube-2.webp\" alt=\"\" width=\"1450\" height=\"571\" srcset=\"https:\/\/keruiref.com\/wp-content\/uploads\/2025\/06\/Kerui-Silicon-Carbide-Tube-2.webp 1450w, https:\/\/keruiref.com\/wp-content\/uploads\/2025\/06\/Kerui-Silicon-Carbide-Tube-2-300x118.webp 300w, https:\/\/keruiref.com\/wp-content\/uploads\/2025\/06\/Kerui-Silicon-Carbide-Tube-2-1024x403.webp 1024w, https:\/\/keruiref.com\/wp-content\/uploads\/2025\/06\/Kerui-Silicon-Carbide-Tube-2-768x302.webp 768w, https:\/\/keruiref.com\/wp-content\/uploads\/2025\/06\/Kerui-Silicon-Carbide-Tube-2-18x7.webp 18w\" sizes=\"auto, (max-width: 1450px) 100vw, 1450px\" \/><\/p>\n<h2 id=\"TechniqueData\">Kerui Silicon Carbide Tube Specifications<\/h2>\n<table id=\"tablepress-98\" class=\"tablepress tablepress-id-98 tbody-has-connected-cells\">\n<thead>\n<tr class=\"row-1\">\n<th class=\"column-1\">Item<\/th>\n<th class=\"column-2\">SiO\u2082-SiC<\/th>\n<th class=\"column-3\">SiSiC\/RBSiC<\/th>\n<th class=\"column-4\">R-SiC<\/th>\n<th class=\"column-5\">Si3N4-SiC<\/th>\n<\/tr>\n<\/thead>\n<tbody class=\"row-striping row-hover\">\n<tr class=\"row-2\">\n<td class=\"column-1\">SiC %<\/td>\n<td class=\"column-2\">\uff1e85<\/td>\n<td class=\"column-3\">90~92<\/td>\n<td class=\"column-4\">\uff1e99<\/td>\n<td class=\"column-5\">\u226575<\/td>\n<\/tr>\n<tr class=\"row-3\">\n<td class=\"column-1\">Densidade g\/cm3<\/td>\n<td class=\"column-2\">2.65~2.75<\/td>\n<td class=\"column-3\">>3.02<\/td>\n<td class=\"column-4\">2.65\uff5e2.75<\/td>\n<td class=\"column-5\">2.65\uff5e2.85<\/td>\n<\/tr>\n<tr class=\"row-4\">\n<td class=\"column-1\">Porosidade %<\/td>\n<td class=\"column-2\">15~16<\/td>\n<td class=\"column-3\"><0.1<\/td>\n<td class=\"column-4\">15-18<\/td>\n<td class=\"column-5\">13-15<\/td>\n<\/tr>\n<tr class=\"row-5\">\n<td class=\"column-1\">Resist\u00eancia \u00e0 flex\u00e3o (20\u2103)Mpa<\/td>\n<td class=\"column-2\">90~100<\/td>\n<td class=\"column-3\">260<\/td>\n<td class=\"column-4\">80\uff5e100<\/td>\n<td class=\"column-5\">160-180<\/td>\n<\/tr>\n<tr class=\"row-6\">\n<td class=\"column-1\">Resist\u00eancia \u00e0 flex\u00e3o (1200\u2103)Mpa<\/td>\n<td class=\"column-2\">100~110<\/td>\n<td class=\"column-3\">280<\/td>\n<td class=\"column-4\">90\uff5e110<\/td>\n<td class=\"column-5\">170-180<\/td>\n<\/tr>\n<tr class=\"row-7\">\n<td class=\"column-1\">resist\u00eancia \u00e0 compress\u00e3o (20\u2103)Mpa<\/td>\n<td class=\"column-2\">\u2265300<\/td>\n<td class=\"column-3\">900<\/td>\n<td class=\"column-4\">\u2265300<\/td>\n<td class=\"column-5\">580<\/td>\n<\/tr>\n<tr class=\"row-8\">\n<td class=\"column-1\">Dureza Kg\/mm2<\/td>\n<td class=\"column-2\">1800~2000<\/td>\n<td class=\"column-3\">2400<\/td>\n<td class=\"column-4\">1800\uff5e2000<\/td>\n<td class=\"column-5\">2000-3000<\/td>\n<\/tr>\n<tr class=\"row-9\">\n<td class=\"column-1\">Condutividade t\u00e9rmica (1200\u2103)w.m-1.k-1<\/td>\n<td class=\"column-2\">35~36<\/td>\n<td class=\"column-3\">45<\/td>\n<td class=\"column-4\">36<\/td>\n<td class=\"column-5\">19.6<\/td>\n<\/tr>\n<tr class=\"row-10\">\n<td rowspan=\"2\" class=\"column-1\">Coeficiente de expans\u00e3o t\u00e9rmica (1200\u2103)<\/td>\n<td rowspan=\"2\" class=\"column-2\">4.6<\/td>\n<td rowspan=\"2\" class=\"column-3\">4.5<\/td>\n<td rowspan=\"2\" class=\"column-4\">4.6<\/td>\n<td rowspan=\"2\" class=\"column-5\">4.7<\/td>\n<\/tr>\n<tr class=\"row-11\">\n<\/tr>\n<tr class=\"row-12\">\n<td class=\"column-1\">Temperatura m\u00e1xima de funcionamento \u2103<\/td>\n<td class=\"column-2\">1500<\/td>\n<td class=\"column-3\">1380<\/td>\n<td class=\"column-4\">1650<\/td>\n<td class=\"column-5\">1550<\/td>\n<\/tr>\n<\/tbody>\n<\/table>\n<p><!-- #tablepress-98 from cache --><\/p>\n<p>The above are the basic parameters of silicon carbide tubes we provide to you. (The data in the parameter table are obtained by the Kerry technical team after multiple tests. Of course, Kerry is happy to customize various parameters according to your needs.)<\/p>\n<p><img loading=\"lazy\" decoding=\"async\" class=\"alignnone size-full wp-image-86737\" src=\"https:\/\/keruiref.com\/wp-content\/uploads\/2025\/06\/Kerui-Silicon-Carbide-Tube-1.webp\" alt=\"\" width=\"1450\" height=\"522\" srcset=\"https:\/\/keruiref.com\/wp-content\/uploads\/2025\/06\/Kerui-Silicon-Carbide-Tube-1.webp 1450w, https:\/\/keruiref.com\/wp-content\/uploads\/2025\/06\/Kerui-Silicon-Carbide-Tube-1-300x108.webp 300w, https:\/\/keruiref.com\/wp-content\/uploads\/2025\/06\/Kerui-Silicon-Carbide-Tube-1-1024x369.webp 1024w, https:\/\/keruiref.com\/wp-content\/uploads\/2025\/06\/Kerui-Silicon-Carbide-Tube-1-768x276.webp 768w, https:\/\/keruiref.com\/wp-content\/uploads\/2025\/06\/Kerui-Silicon-Carbide-Tube-1-18x6.webp 18w\" sizes=\"auto, (max-width: 1450px) 100vw, 1450px\" \/><\/p>\n<p><center><a class=\"fancybox price\" href=\"#contact_form_pop\">OBTER PRE\u00c7O<\/a><\/center><\/p>\n<h2>Common Sizes&amp;Types of Silicon Carbide Tube<\/h2>\n<p>Kerui silicon carbide tubes are available in a variety of sizes. Besides standard dimensions, we can also customize tubes according to customer requirements.<\/p>\n<p><img loading=\"lazy\" decoding=\"async\" class=\"alignnone size-full wp-image-86739\" src=\"https:\/\/keruiref.com\/wp-content\/uploads\/2025\/06\/Kerui-Silicon-Carbide-Tube-Size.webp\" alt=\"\" width=\"1450\" height=\"617\" srcset=\"https:\/\/keruiref.com\/wp-content\/uploads\/2025\/06\/Kerui-Silicon-Carbide-Tube-Size.webp 1450w, https:\/\/keruiref.com\/wp-content\/uploads\/2025\/06\/Kerui-Silicon-Carbide-Tube-Size-300x128.webp 300w, https:\/\/keruiref.com\/wp-content\/uploads\/2025\/06\/Kerui-Silicon-Carbide-Tube-Size-1024x436.webp 1024w, https:\/\/keruiref.com\/wp-content\/uploads\/2025\/06\/Kerui-Silicon-Carbide-Tube-Size-768x327.webp 768w, https:\/\/keruiref.com\/wp-content\/uploads\/2025\/06\/Kerui-Silicon-Carbide-Tube-Size-18x8.webp 18w\" sizes=\"auto, (max-width: 1450px) 100vw, 1450px\" \/><\/p>\n<h2>Features of Silicon Carbide Tube<\/h2>\n<p>Silicon Carbide Tube boasts excellent high-temperature resistance, withstanding over 1600\u2103 while maintaining strong oxidation resistance. It features stable mechanical strength at high temps, superior thermal shock resistance, and strong corrosion resistance to acids, alkalis and other chemicals. Additionally, it offers good thermal conductivity for energy efficiency and reliable insulation, making it ideal for high-temperature applications in electronics, energy and more.<\/p>\n<h2>Application of Silicon Carbide Tube<\/h2>\n<ul>\n<li><strong>Protection components:<\/strong> Protection components or as silicon carbide thermocouple protection tube for high-temperature equipment such as medium frequency forging, various heat treatment electric furnaces, metallurgy, chemical industry, non-ferrous metal smelting, etc.<\/li>\n<li><strong>External Tube Heating:<\/strong> Provides the required working environment inside the tube.<\/li>\n<li><strong>Kiln Furnace Tubes:<\/strong> Essential components in kilns.<\/li>\n<li><strong>Kiln Furniture:<\/strong> Support structures inside kilns.<\/li>\n<li><strong>Vacuum Furnace Components:<\/strong> Crucial parts in vacuum furnaces.<\/li>\n<li><strong>High-Temperature Furnace Linings:<\/strong> Suitable for furnaces operating above 1400\u00b0C.<\/li>\n<li><strong>Corrosive High-Temperature Furnaces:<\/strong> Ideal for tubular heating, sintering, and reaction furnaces with highly corrosive environments.<\/li>\n<\/ul>\n<p><img loading=\"lazy\" decoding=\"async\" class=\"alignnone size-full wp-image-86740\" src=\"https:\/\/keruiref.com\/wp-content\/uploads\/2025\/06\/Silicon-Carbide-Tube-Application.webp\" alt=\"\" width=\"1450\" height=\"679\" srcset=\"https:\/\/keruiref.com\/wp-content\/uploads\/2025\/06\/Silicon-Carbide-Tube-Application.webp 1450w, https:\/\/keruiref.com\/wp-content\/uploads\/2025\/06\/Silicon-Carbide-Tube-Application-300x140.webp 300w, https:\/\/keruiref.com\/wp-content\/uploads\/2025\/06\/Silicon-Carbide-Tube-Application-1024x480.webp 1024w, https:\/\/keruiref.com\/wp-content\/uploads\/2025\/06\/Silicon-Carbide-Tube-Application-768x360.webp 768w, https:\/\/keruiref.com\/wp-content\/uploads\/2025\/06\/Silicon-Carbide-Tube-Application-18x8.webp 18w\" sizes=\"auto, (max-width: 1450px) 100vw, 1450px\" \/><\/p>\n<\/div>\n<div id=\"INQUIRY\" class=\"page_model\">\n<div class=\"wpcf7 no-js\" id=\"wpcf7-f328-o1\" lang=\"en-US\" dir=\"ltr\" data-wpcf7-id=\"328\">\n<div class=\"screen-reader-response\">\n<p role=\"status\" aria-live=\"polite\" aria-atomic=\"true\">\n<ul><\/ul>\n<\/div>\n<form action=\"\/pt\/wp-json\/wp\/v2\/pages\/86733#wpcf7-f328-o1\" method=\"post\" class=\"wpcf7-form init\" aria-label=\"Formul\u00e1rio de contacto\" novalidate=\"novalidate\" data-status=\"init\" data-trp-original-action=\"\/pt\/wp-json\/wp\/v2\/pages\/86733#wpcf7-f328-o1\">\n<div style=\"display: none;\">\n<input type=\"hidden\" name=\"_wpcf7\" value=\"328\" \/><br \/>\n<input type=\"hidden\" name=\"_wpcf7_version\" value=\"6.0.4\" \/><br \/>\n<input type=\"hidden\" name=\"_wpcf7_locale\" value=\"en_US\" \/><br \/>\n<input type=\"hidden\" name=\"_wpcf7_unit_tag\" value=\"wpcf7-f328-o1\" \/><br \/>\n<input type=\"hidden\" name=\"_wpcf7_container_post\" value=\"0\" \/><br \/>\n<input type=\"hidden\" name=\"_wpcf7_posted_data_hash\" value=\"\" \/><br \/>\n<input type=\"hidden\" name=\"_wpcf7_recaptcha_response\" value=\"\" \/>\n<\/div>\n<div class=\"form-box\" id=\"Contact-Us\">\n<div class=\"isleft\">\n<div class=\"contact-title\">\n<p>Contactar-nos\n\t\t\t<\/p>\n<\/p><\/div>\n<div class=\"contactp\">\n<p>Por favor, sinta-se livre para dar o seu inqu\u00e9rito no formul\u00e1rio correto. Responder-lhe-emos no prazo de 6 horas.\n\t\t\t<\/p>\n<\/p><\/div>\n<ul class=\"contact\">\n<li class=\"email\">\n<p><img decoding=\"async\" src=\"https:\/\/keruiref.com\/wp-content\/uploads\/2023\/12\/email.png\" alt=\"\" \/>Correio eletr\u00f3nico:\n\t\t\t\t<\/p>\n<p><a href=\"mailto:market@keruiref.com\">market@keruiref.com<\/a>\n\t\t\t\t<\/p>\n<\/li>\n<li class=\"phone\">\n<p><img decoding=\"async\" src=\"https:\/\/keruiref.com\/wp-content\/uploads\/2023\/12\/tel.png\" alt=\"\" \/>Telefone\/whatsapp:\n\t\t\t\t<\/p>\n<p><a href=\"https:\/\/wa.me\/8619138178880\">+86 19138178880<\/a>\n\t\t\t\t<\/p>\n<\/li>\n<li class=\"location\">\n<p><img decoding=\"async\" src=\"https:\/\/keruiref.com\/wp-content\/uploads\/2023\/12\/Location.png\" alt=\"\" \/>Base de fabrico:\n\t\t\t\t<\/p>\n<p>Zona da Ind\u00fastria Refract\u00e1ria de Chaohua,<br \/>\nCidade de Xinmi, prov\u00edncia de Henan, China\n\t\t\t\t<\/p>\n<\/li>\n<\/ul><\/div>\n<div class=\"isright\">\n<ul class=\"contact-input\">\n<li>\n<div class=\"islabel\">\n<p>* Nome:\n\t\t\t\t\t<\/p>\n<\/p><\/div>\n<p><span class=\"wpcf7-form-control-wrap\" data-name=\"your-name\"><input size=\"40\" maxlength=\"400\" class=\"wpcf7-form-control wpcf7-text wpcf7-validates-as-required\" aria-required=\"true\" aria-invalid=\"false\" placeholder=\"\" value=\"\" type=\"text\" name=\"your-name\" \/><\/span>\n\t\t\t\t<\/p>\n<\/li>\n<li>\n<div class=\"islabel\">\n<p>* Correio eletr\u00f3nico:\n\t\t\t\t\t<\/p>\n<\/p><\/div>\n<p><span class=\"wpcf7-form-control-wrap\" data-name=\"your-email\"><input size=\"40\" maxlength=\"400\" class=\"wpcf7-form-control wpcf7-email wpcf7-validates-as-required wpcf7-text wpcf7-validates-as-email\" aria-required=\"true\" aria-invalid=\"false\" placeholder=\"\" value=\"\" type=\"email\" name=\"your-email\" \/><\/span>\n\t\t\t\t<\/p>\n<\/li>\n<li>\n<div class=\"islabel\">\n<p>* Telefone\/Whatsapp:\n\t\t\t\t\t<\/p>\n<\/p><\/div>\n<p><span class=\"wpcf7-form-control-wrap\" data-name=\"your-phone\"><input size=\"40\" maxlength=\"400\" class=\"wpcf7-form-control wpcf7-tel wpcf7-text wpcf7-validates-as-tel\" aria-invalid=\"false\" placeholder=\"\" value=\"\" type=\"tel\" name=\"your-phone\" \/><\/span>\n\t\t\t\t<\/p>\n<\/li>\n<li>\n<div class=\"islabel\">\n<p>Pa\u00eds:\n\t\t\t\t\t<\/p>\n<\/p><\/div>\n<p><span class=\"wpcf7-form-control-wrap\" data-name=\"your-country\"><input size=\"40\" maxlength=\"400\" class=\"wpcf7-form-control wpcf7-text\" aria-invalid=\"false\" placeholder=\"\" value=\"\" type=\"text\" name=\"your-country\" \/><\/span>\n\t\t\t\t<\/p>\n<\/li>\n<li class=\"ismassage\">\n<div class=\"islabel\">\n<p>* Mensagem:\n\t\t\t\t\t<\/p>\n<\/p><\/div>\n<p><span class=\"wpcf7-form-control-wrap\" data-name=\"your-msg\"><textarea cols=\"40\" rows=\"10\" maxlength=\"2000\" class=\"wpcf7-form-control wpcf7-textarea wpcf7-validates-as-required\" aria-required=\"true\" aria-invalid=\"false\" name=\"your-msg\"><\/textarea><\/span>\n\t\t\t\t<\/p>\n<\/li>\n<li class=\"wpcf7-btns-box\">\n<div class=\"isFileName\">\n\t\t\t\t<\/div>\n<div class=\"wpcf7-btns\">\n<p><input class=\"wpcf7-form-control wpcf7-submit has-spinner\" type=\"submit\" value=\"ENVIAR\" \/>\n\t\t\t\t\t<\/p>\n<\/p><\/div>\n<\/li>\n<\/ul><\/div>\n<\/div>\n<div class=\"wpcf7-response-output\" aria-hidden=\"true\"><\/div>\n<input type=\"hidden\" name=\"trp-form-language\" value=\"pt\"\/><\/form>\n<\/div>\n<\/div>","protected":false},"excerpt":{"rendered":"Silicon Carbide Tube Silicon carbide tube is a high-performance dense ceramic for high-temp industries. Kerui tubes feature excellent heat resistance and long life, mainly used for heating, cooling, gas transport, and kiln support. As a leading Chinese manufacturer, we offer diverse products and kiln solutions. &#8230; <a title=\"Tubo de carboneto de sil\u00edcio\" class=\"read-more\" href=\"https:\/\/keruiref.com\/pt\/silicon-carbide-tube\/\" aria-label=\"Mais em Silicon Carbide Tube\">Ler mais<\/a>","protected":false},"author":1,"featured_media":0,"parent":0,"menu_order":0,"comment_status":"closed","ping_status":"closed","template":"","meta":{"footnotes":""},"class_list":{"0":"post-86733","1":"page","2":"type-page","3":"status-publish","5":"no-featured-image-padding"},"yoast_head":"<!-- This site is optimized with the Yoast SEO plugin v24.9 - https:\/\/yoast.com\/wordpress\/plugins\/seo\/ -->\n<title>Silicon Carbide Tube - Your Refractory Bricks, Castables Manufacturer For Kiln | Kerui Refractory\u00ae Official Website<\/title>\n<meta name=\"description\" content=\"Silicon carbide tube is a high-performance dense ceramic product, mainly containing silicon carbide\" \/>\n<meta name=\"robots\" content=\"index, follow, max-snippet:-1, max-image-preview:large, max-video-preview:-1\" \/>\n<link rel=\"canonical\" href=\"https:\/\/keruiref.com\/pt\/silicon-carbide-tube\/\" \/>\n<script type=\"application\/ld+json\" class=\"yoast-schema-graph\">{\"@context\":\"https:\/\/schema.org\",\"@graph\":[{\"@type\":\"WebPage\",\"@id\":\"https:\/\/keruiref.com\/silicon-carbide-tube\/\",\"url\":\"https:\/\/keruiref.com\/silicon-carbide-tube\/\",\"name\":\"Silicon Carbide Tube - Your Refractory Bricks, Castables Manufacturer For Kiln | Kerui Refractory\u00ae Official Website\",\"isPartOf\":{\"@id\":\"https:\/\/keruiref.com\/el\/#website\"},\"primaryImageOfPage\":{\"@id\":\"https:\/\/keruiref.com\/silicon-carbide-tube\/#primaryimage\"},\"image\":{\"@id\":\"https:\/\/keruiref.com\/silicon-carbide-tube\/#primaryimage\"},\"thumbnailUrl\":\"https:\/\/keruiref.com\/wp-content\/uploads\/2025\/06\/KERUI-Silicon-Carbide-Tube-Price.webp\",\"datePublished\":\"2025-06-04T02:13:00+00:00\",\"dateModified\":\"2025-06-04T02:18:01+00:00\",\"description\":\"Silicon carbide tube is a high-performance dense ceramic product, mainly containing silicon carbide\",\"breadcrumb\":{\"@id\":\"https:\/\/keruiref.com\/silicon-carbide-tube\/#breadcrumb\"},\"inLanguage\":\"pt-PT\",\"potentialAction\":[{\"@type\":\"ReadAction\",\"target\":[\"https:\/\/keruiref.com\/silicon-carbide-tube\/\"]}]},{\"@type\":\"ImageObject\",\"inLanguage\":\"pt-PT\",\"@id\":\"https:\/\/keruiref.com\/silicon-carbide-tube\/#primaryimage\",\"url\":\"https:\/\/keruiref.com\/wp-content\/uploads\/2025\/06\/KERUI-Silicon-Carbide-Tube-Price.webp\",\"contentUrl\":\"https:\/\/keruiref.com\/wp-content\/uploads\/2025\/06\/KERUI-Silicon-Carbide-Tube-Price.webp\"},{\"@type\":\"BreadcrumbList\",\"@id\":\"https:\/\/keruiref.com\/silicon-carbide-tube\/#breadcrumb\",\"itemListElement\":[{\"@type\":\"ListItem\",\"position\":1,\"name\":\"Home\",\"item\":\"https:\/\/keruiref.com\/\"},{\"@type\":\"ListItem\",\"position\":2,\"name\":\"Silicon Carbide Tube\"}]},{\"@type\":\"WebSite\",\"@id\":\"https:\/\/keruiref.com\/el\/#website\",\"url\":\"https:\/\/keruiref.com\/el\/\",\"name\":\"Your Refractory Bricks, Castables Manufacturer For Kiln | Kerui Refractory\u00ae Official Website\",\"description\":\"\",\"publisher\":{\"@id\":\"https:\/\/keruiref.com\/el\/#organization\"},\"potentialAction\":[{\"@type\":\"SearchAction\",\"target\":{\"@type\":\"EntryPoint\",\"urlTemplate\":\"https:\/\/keruiref.com\/el\/?s={search_term_string}\"},\"query-input\":{\"@type\":\"PropertyValueSpecification\",\"valueRequired\":true,\"valueName\":\"search_term_string\"}}],\"inLanguage\":\"pt-PT\"},{\"@type\":\"Organization\",\"@id\":\"https:\/\/keruiref.com\/el\/#organization\",\"name\":\"Your Refractory Bricks, Castables Manufacturer For Kiln | Kerui Refractory\u00ae Official Website\",\"url\":\"https:\/\/keruiref.com\/el\/\",\"logo\":{\"@type\":\"ImageObject\",\"inLanguage\":\"pt-PT\",\"@id\":\"https:\/\/keruiref.com\/el\/#\/schema\/logo\/image\/\",\"url\":\"https:\/\/keruiref.com\/wp-content\/uploads\/2024\/01\/footer-Logo.png\",\"contentUrl\":\"https:\/\/keruiref.com\/wp-content\/uploads\/2024\/01\/footer-Logo.png\",\"width\":282,\"height\":70,\"caption\":\"Your Refractory Bricks, Castables Manufacturer For Kiln | Kerui Refractory\u00ae Official Website\"},\"image\":{\"@id\":\"https:\/\/keruiref.com\/el\/#\/schema\/logo\/image\/\"}}]}<\/script>\n<!-- \/ Yoast SEO plugin. -->","yoast_head_json":{"title":"Silicon Carbide Tube - Your Refractory Bricks, Castables Manufacturer For Kiln | Kerui Refractory\u00ae Official Website","description":"Silicon carbide tube is a high-performance dense ceramic product, mainly containing silicon carbide","robots":{"index":"index","follow":"follow","max-snippet":"max-snippet:-1","max-image-preview":"max-image-preview:large","max-video-preview":"max-video-preview:-1"},"canonical":"https:\/\/keruiref.com\/pt\/silicon-carbide-tube\/","schema":{"@context":"https:\/\/schema.org","@graph":[{"@type":"WebPage","@id":"https:\/\/keruiref.com\/silicon-carbide-tube\/","url":"https:\/\/keruiref.com\/silicon-carbide-tube\/","name":"Silicon Carbide Tube - Your Refractory Bricks, Castables Manufacturer For Kiln | Kerui Refractory\u00ae Official Website","isPartOf":{"@id":"https:\/\/keruiref.com\/el\/#website"},"primaryImageOfPage":{"@id":"https:\/\/keruiref.com\/silicon-carbide-tube\/#primaryimage"},"image":{"@id":"https:\/\/keruiref.com\/silicon-carbide-tube\/#primaryimage"},"thumbnailUrl":"https:\/\/keruiref.com\/wp-content\/uploads\/2025\/06\/KERUI-Silicon-Carbide-Tube-Price.webp","datePublished":"2025-06-04T02:13:00+00:00","dateModified":"2025-06-04T02:18:01+00:00","description":"Silicon carbide tube is a high-performance dense ceramic product, mainly containing silicon carbide","breadcrumb":{"@id":"https:\/\/keruiref.com\/silicon-carbide-tube\/#breadcrumb"},"inLanguage":"pt-PT","potentialAction":[{"@type":"ReadAction","target":["https:\/\/keruiref.com\/silicon-carbide-tube\/"]}]},{"@type":"ImageObject","inLanguage":"pt-PT","@id":"https:\/\/keruiref.com\/silicon-carbide-tube\/#primaryimage","url":"https:\/\/keruiref.com\/wp-content\/uploads\/2025\/06\/KERUI-Silicon-Carbide-Tube-Price.webp","contentUrl":"https:\/\/keruiref.com\/wp-content\/uploads\/2025\/06\/KERUI-Silicon-Carbide-Tube-Price.webp"},{"@type":"BreadcrumbList","@id":"https:\/\/keruiref.com\/silicon-carbide-tube\/#breadcrumb","itemListElement":[{"@type":"ListItem","position":1,"name":"Home","item":"https:\/\/keruiref.com\/"},{"@type":"ListItem","position":2,"name":"Silicon Carbide Tube"}]},{"@type":"WebSite","@id":"https:\/\/keruiref.com\/el\/#website","url":"https:\/\/keruiref.com\/el\/","name":"O seu fabricante de tijolos refract\u00e1rios e de materiais de moldagem para fornos | Kerui Refractory\u00ae Official Website","description":"","publisher":{"@id":"https:\/\/keruiref.com\/el\/#organization"},"potentialAction":[{"@type":"SearchAction","target":{"@type":"EntryPoint","urlTemplate":"https:\/\/keruiref.com\/el\/?s={search_term_string}"},"query-input":{"@type":"PropertyValueSpecification","valueRequired":true,"valueName":"search_term_string"}}],"inLanguage":"pt-PT"},{"@type":"Organization","@id":"https:\/\/keruiref.com\/el\/#organization","name":"O seu fabricante de tijolos refract\u00e1rios e de materiais de moldagem para fornos | Kerui Refractory\u00ae Official Website","url":"https:\/\/keruiref.com\/el\/","logo":{"@type":"ImageObject","inLanguage":"pt-PT","@id":"https:\/\/keruiref.com\/el\/#\/schema\/logo\/image\/","url":"https:\/\/keruiref.com\/wp-content\/uploads\/2024\/01\/footer-Logo.png","contentUrl":"https:\/\/keruiref.com\/wp-content\/uploads\/2024\/01\/footer-Logo.png","width":282,"height":70,"caption":"Your Refractory Bricks, Castables Manufacturer For Kiln | Kerui Refractory\u00ae Official Website"},"image":{"@id":"https:\/\/keruiref.com\/el\/#\/schema\/logo\/image\/"}}]}},"_links":{"self":[{"href":"https:\/\/keruiref.com\/pt\/wp-json\/wp\/v2\/pages\/86733","targetHints":{"allow":["GET"]}}],"collection":[{"href":"https:\/\/keruiref.com\/pt\/wp-json\/wp\/v2\/pages"}],"about":[{"href":"https:\/\/keruiref.com\/pt\/wp-json\/wp\/v2\/types\/page"}],"author":[{"embeddable":true,"href":"https:\/\/keruiref.com\/pt\/wp-json\/wp\/v2\/users\/1"}],"replies":[{"embeddable":true,"href":"https:\/\/keruiref.com\/pt\/wp-json\/wp\/v2\/comments?post=86733"}],"version-history":[{"count":0,"href":"https:\/\/keruiref.com\/pt\/wp-json\/wp\/v2\/pages\/86733\/revisions"}],"wp:attachment":[{"href":"https:\/\/keruiref.com\/pt\/wp-json\/wp\/v2\/media?parent=86733"}],"curies":[{"name":"wp","href":"https:\/\/api.w.org\/{rel}","templated":true}]}}