{"id":84357,"date":"2025-02-26T09:20:04","date_gmt":"2025-02-26T01:20:04","guid":{"rendered":"https:\/\/keruiref.com\/?page_id=84357"},"modified":"2025-10-30T16:15:27","modified_gmt":"2025-10-30T08:15:27","slug":"tijolo-cromado","status":"publish","type":"page","link":"https:\/\/keruiref.com\/pt\/tijolo-cromado\/","title":{"rendered":"Tijolo cromado"},"content":{"rendered":"<div class=\"page_model product_info\">\n<div class=\"preview\"><img loading=\"lazy\" decoding=\"async\" class=\"alignnone wp-image-84358 size-full\" src=\"https:\/\/keruiref.com\/wp-content\/uploads\/2025\/02\/Chrome-Brick.webp\" alt=\"\" width=\"660\" height=\"528\" srcset=\"https:\/\/keruiref.com\/wp-content\/uploads\/2025\/02\/Chrome-Brick.webp 660w, https:\/\/keruiref.com\/wp-content\/uploads\/2025\/02\/Chrome-Brick-300x240.webp 300w\" sizes=\"auto, (max-width: 660px) 100vw, 660px\" \/><\/div>\n<div class=\"info\">\n<h1>Tijolo cromado<\/h1>\n<ul>\n<li>Cr2O3 %\u2265\uff1a50-93;<\/li>\n<li>Porosidade aparente %\uff1a\u226416;<\/li>\n<li>Densidade a granel g\/cm3\u2265\uff1a3,5-4,25;<\/li>\n<li>Temperatura de amolecimento da carga, 0,2MPa 0,6%\uff1a\u22651700;<\/li>\n<li>Certifica\u00e7\u00e3o: ISO9001\/ISO14001\/ISO45001\/ISO50001;<\/li>\n<li>Amostra: dispon\u00edvel;<\/li>\n<\/ul>\n<div class=\"tags\">\n<p>Alta qualidade<\/p>\n<p>Pre\u00e7o razo\u00e1vel<\/p>\n<p>Produtos e solu\u00e7\u00f5es personaliz\u00e1veis<\/p>\n<p>Entrega atempada<\/p>\n<p>7\/24\/365 Ao vosso servi\u00e7o<\/p>\n<\/div>\n<p><a class=\"inruiry fancybox\" href=\"#contact_form_pop\">inqu\u00e9rito agora<\/a><a class=\"email-btn\" href=\"mailto:market@keruiref.com\">enviar correio eletr\u00f3nico<\/a><\/p>\n<\/div>\n<\/div>\n<div class=\"page_model\">\n<h2>Descri\u00e7\u00e3o do Chrome Brick<\/h2>\n<p>Os tijolos com alto teor de cr\u00f3mio s\u00e3o feitos de \u00f3xido de cr\u00f3mio e alumina como principais mat\u00e9rias-primas, ou \u00e9 introduzida uma pequena quantidade de \u00f3xido de zirc\u00f3nio. Ap\u00f3s a cozedura a alta temperatura. O teor de \u00f3xido de cr\u00f3mio n\u00e3o \u00e9 inferior a 75%, e o teor de \u00f3xido de cr\u00f3mio e alumina n\u00e3o \u00e9 inferior a 98% dos produtos refract\u00e1rios moldados.<\/p>\n<p><img loading=\"lazy\" decoding=\"async\" class=\"alignnone wp-image-22770 size-full\" src=\"https:\/\/keruiref.com\/wp-content\/uploads\/2023\/11\/PACKING-min.jpg\" alt=\"EMBALAGEM\" width=\"1600\" height=\"750\" srcset=\"https:\/\/keruiref.com\/wp-content\/uploads\/2023\/11\/PACKING-min.jpg 1600w, https:\/\/keruiref.com\/wp-content\/uploads\/2023\/11\/PACKING-min-300x141.jpg 300w, https:\/\/keruiref.com\/wp-content\/uploads\/2023\/11\/PACKING-min-1024x480.jpg 1024w, https:\/\/keruiref.com\/wp-content\/uploads\/2023\/11\/PACKING-min-768x360.jpg 768w, https:\/\/keruiref.com\/wp-content\/uploads\/2023\/11\/PACKING-min-1536x720.jpg 1536w\" sizes=\"auto, (max-width: 1600px) 100vw, 1600px\" \/><\/p>\n<p><center><a class=\"fancybox price\" href=\"#contact_form_pop\">OBTER PRE\u00c7O<\/a><\/center><\/p>\n<div class=\"fancybox-hidden\" style=\"display: none;\">\n<div id=\"contact_form_pop\">\n<div class=\"wpcf7 no-js\" id=\"wpcf7-f328-o1\" lang=\"en-US\" dir=\"ltr\" data-wpcf7-id=\"328\">\n<div class=\"screen-reader-response\">\n<p role=\"status\" aria-live=\"polite\" aria-atomic=\"true\">\n<ul><\/ul>\n<\/div>\n<form action=\"\/pt\/wp-json\/wp\/v2\/pages\/84357#wpcf7-f328-o1\" method=\"post\" class=\"wpcf7-form init\" aria-label=\"Formul\u00e1rio de contacto\" novalidate=\"novalidate\" data-status=\"init\" data-trp-original-action=\"\/pt\/wp-json\/wp\/v2\/pages\/84357#wpcf7-f328-o1\">\n<div style=\"display: none;\">\n<input type=\"hidden\" name=\"_wpcf7\" value=\"328\" \/><br \/>\n<input type=\"hidden\" name=\"_wpcf7_version\" value=\"6.0.4\" \/><br \/>\n<input type=\"hidden\" name=\"_wpcf7_locale\" value=\"en_US\" \/><br \/>\n<input type=\"hidden\" name=\"_wpcf7_unit_tag\" value=\"wpcf7-f328-o1\" \/><br \/>\n<input type=\"hidden\" name=\"_wpcf7_container_post\" value=\"0\" \/><br \/>\n<input type=\"hidden\" name=\"_wpcf7_posted_data_hash\" value=\"\" \/><br \/>\n<input type=\"hidden\" name=\"_wpcf7_recaptcha_response\" value=\"\" \/>\n<\/div>\n<div class=\"form-box\" id=\"Contact-Us\">\n<div class=\"isleft\">\n<div class=\"contact-title\">\n<p>Contactar-nos\n\t\t\t<\/p>\n<\/p><\/div>\n<div class=\"contactp\">\n<p>Por favor, sinta-se livre para dar o seu inqu\u00e9rito no formul\u00e1rio correto. Responder-lhe-emos no prazo de 6 horas.\n\t\t\t<\/p>\n<\/p><\/div>\n<ul class=\"contact\">\n<li class=\"email\">\n<p><img decoding=\"async\" src=\"https:\/\/keruiref.com\/wp-content\/uploads\/2023\/12\/email.png\" alt=\"\" \/>Correio eletr\u00f3nico:\n\t\t\t\t<\/p>\n<p><a href=\"mailto:market@keruiref.com\">market@keruiref.com<\/a>\n\t\t\t\t<\/p>\n<\/li>\n<li class=\"phone\">\n<p><img decoding=\"async\" src=\"https:\/\/keruiref.com\/wp-content\/uploads\/2023\/12\/tel.png\" alt=\"\" \/>Telefone\/whatsapp:\n\t\t\t\t<\/p>\n<p><a href=\"https:\/\/wa.me\/8619138178880\">+86 19138178880<\/a>\n\t\t\t\t<\/p>\n<\/li>\n<li class=\"location\">\n<p><img decoding=\"async\" src=\"https:\/\/keruiref.com\/wp-content\/uploads\/2023\/12\/Location.png\" alt=\"\" \/>Base de fabrico:\n\t\t\t\t<\/p>\n<p>Zona da Ind\u00fastria Refract\u00e1ria de Chaohua,<br \/>\nCidade de Xinmi, prov\u00edncia de Henan, China\n\t\t\t\t<\/p>\n<\/li>\n<\/ul><\/div>\n<div class=\"isright\">\n<ul class=\"contact-input\">\n<li>\n<div class=\"islabel\">\n<p>* Nome:\n\t\t\t\t\t<\/p>\n<\/p><\/div>\n<p><span class=\"wpcf7-form-control-wrap\" data-name=\"your-name\"><input size=\"40\" maxlength=\"400\" class=\"wpcf7-form-control wpcf7-text wpcf7-validates-as-required\" aria-required=\"true\" aria-invalid=\"false\" placeholder=\"\" value=\"\" type=\"text\" name=\"your-name\" \/><\/span>\n\t\t\t\t<\/p>\n<\/li>\n<li>\n<div class=\"islabel\">\n<p>* Correio eletr\u00f3nico:\n\t\t\t\t\t<\/p>\n<\/p><\/div>\n<p><span class=\"wpcf7-form-control-wrap\" data-name=\"your-email\"><input size=\"40\" maxlength=\"400\" class=\"wpcf7-form-control wpcf7-email wpcf7-validates-as-required wpcf7-text wpcf7-validates-as-email\" aria-required=\"true\" aria-invalid=\"false\" placeholder=\"\" value=\"\" type=\"email\" name=\"your-email\" \/><\/span>\n\t\t\t\t<\/p>\n<\/li>\n<li>\n<div class=\"islabel\">\n<p>* Telefone\/Whatsapp:\n\t\t\t\t\t<\/p>\n<\/p><\/div>\n<p><span class=\"wpcf7-form-control-wrap\" data-name=\"your-phone\"><input size=\"40\" maxlength=\"400\" class=\"wpcf7-form-control wpcf7-tel wpcf7-text wpcf7-validates-as-tel\" aria-invalid=\"false\" placeholder=\"\" value=\"\" type=\"tel\" name=\"your-phone\" \/><\/span>\n\t\t\t\t<\/p>\n<\/li>\n<li>\n<div class=\"islabel\">\n<p>Pa\u00eds:\n\t\t\t\t\t<\/p>\n<\/p><\/div>\n<p><span class=\"wpcf7-form-control-wrap\" data-name=\"your-country\"><input size=\"40\" maxlength=\"400\" class=\"wpcf7-form-control wpcf7-text\" aria-invalid=\"false\" placeholder=\"\" value=\"\" type=\"text\" name=\"your-country\" \/><\/span>\n\t\t\t\t<\/p>\n<\/li>\n<li class=\"ismassage\">\n<div class=\"islabel\">\n<p>* Mensagem:\n\t\t\t\t\t<\/p>\n<\/p><\/div>\n<p><span class=\"wpcf7-form-control-wrap\" data-name=\"your-msg\"><textarea cols=\"40\" rows=\"10\" maxlength=\"2000\" class=\"wpcf7-form-control wpcf7-textarea wpcf7-validates-as-required\" aria-required=\"true\" aria-invalid=\"false\" name=\"your-msg\"><\/textarea><\/span>\n\t\t\t\t<\/p>\n<\/li>\n<li class=\"wpcf7-btns-box\">\n<div class=\"isFileName\">\n\t\t\t\t<\/div>\n<div class=\"wpcf7-btns\">\n<p><input class=\"wpcf7-form-control wpcf7-submit has-spinner\" type=\"submit\" value=\"ENVIAR\" \/>\n\t\t\t\t\t<\/p>\n<\/p><\/div>\n<\/li>\n<\/ul><\/div>\n<\/div>\n<div class=\"wpcf7-response-output\" aria-hidden=\"true\"><\/div>\n<input type=\"hidden\" name=\"trp-form-language\" value=\"pt\"\/><\/form>\n<\/div>\n<\/div>\n<\/div>\n<h2>Dados t\u00e9cnicos do Kerui Chrome Brick<\/h2>\n<table id=\"tablepress-81\" class=\"tablepress tablepress-id-81\">\n<thead>\n<tr class=\"row-1\">\n<th class=\"column-1\">Item<\/th>\n<th class=\"column-2\">Tijolo com alto teor de \u00f3xido de cromo<\/th>\n<th class=\"column-3\">80 tijolo cromado<\/th>\n<th class=\"column-4\">70 tijolo cromado<\/th>\n<th class=\"column-5\">60 tijolos cromados<\/th>\n<th class=\"column-6\">50 tijolos cromados<\/th>\n<\/tr>\n<\/thead>\n<tbody class=\"row-striping row-hover\">\n<tr class=\"row-2\">\n<td class=\"column-1\">Cr2O3, %<\/td>\n<td class=\"column-2\">\u226593<\/td>\n<td class=\"column-3\">\u226580<\/td>\n<td class=\"column-4\">\u226570<\/td>\n<td class=\"column-5\">\u226560<\/td>\n<td class=\"column-6\">\u226550<\/td>\n<\/tr>\n<tr class=\"row-3\">\n<td class=\"column-1\">Densidade a granel, g\/cm3<\/td>\n<td class=\"column-2\">\u22654.25<\/td>\n<td class=\"column-3\">\u22654.1<\/td>\n<td class=\"column-4\">\u22653.7<\/td>\n<td class=\"column-5\">\u22653.6<\/td>\n<td class=\"column-6\">\u22653.5<\/td>\n<\/tr>\n<tr class=\"row-4\">\n<td class=\"column-1\">Porosidade aparente, %<\/td>\n<td class=\"column-2\">\u226416<\/td>\n<td class=\"column-3\">\u226416<\/td>\n<td class=\"column-4\">\u226416<\/td>\n<td class=\"column-5\">\u226415<\/td>\n<td class=\"column-6\">\u226416<\/td>\n<\/tr>\n<tr class=\"row-5\">\n<td class=\"column-1\">Resist\u00eancia ao esmagamento a frio, MPa\u00a0<\/td>\n<td class=\"column-2\">\u2265100<\/td>\n<td class=\"column-3\">\u2265120<\/td>\n<td class=\"column-4\">\u2265120<\/td>\n<td class=\"column-5\">\u2265120<\/td>\n<td class=\"column-6\">\u2265120<\/td>\n<\/tr>\n<tr class=\"row-6\">\n<td class=\"column-1\">Temperatura de amolecimento da carga, 0,2MPa 0,6%<\/td>\n<td class=\"column-2\">\u22651700<\/td>\n<td class=\"column-3\">\u22651700<\/td>\n<td class=\"column-4\">\u22651700<\/td>\n<td class=\"column-5\">\u22651700<\/td>\n<td class=\"column-6\">\u22651700<\/td>\n<\/tr>\n<\/tbody>\n<\/table>\n<p><!-- #tablepress-81 from cache --><\/p>\n<p><img loading=\"lazy\" decoding=\"async\" class=\"alignnone size-full wp-image-11194\" src=\"https:\/\/keruiref.com\/wp-content\/uploads\/2023\/09\/certificate.jpg\" alt=\"certificado\" width=\"1600\" height=\"680\" srcset=\"https:\/\/keruiref.com\/wp-content\/uploads\/2023\/09\/certificate.jpg 1600w, https:\/\/keruiref.com\/wp-content\/uploads\/2023\/09\/certificate-300x128.jpg 300w, https:\/\/keruiref.com\/wp-content\/uploads\/2023\/09\/certificate-1024x435.jpg 1024w, https:\/\/keruiref.com\/wp-content\/uploads\/2023\/09\/certificate-768x326.jpg 768w, https:\/\/keruiref.com\/wp-content\/uploads\/2023\/09\/certificate-1536x653.jpg 1536w\" sizes=\"auto, (max-width: 1600px) 100vw, 1600px\" \/><\/p>\n<h2>Vantagens do tijolo cromado<\/h2>\n<p>Os tijolos com elevado teor de cr\u00f3mio t\u00eam excelente resist\u00eancia \u00e0 lixivia\u00e7\u00e3o, elevada resist\u00eancia \u00e0 compress\u00e3o \u00e0 temperatura ambiente, excelente resist\u00eancia ao desgaste, resist\u00eancia a altas temperaturas, boa resist\u00eancia ao choque t\u00e9rmico, etc.<\/p>\n<p><img loading=\"lazy\" decoding=\"async\" class=\"alignnone size-full wp-image-11210\" src=\"https:\/\/keruiref.com\/wp-content\/uploads\/2023\/09\/case.jpg\" alt=\"casos\" width=\"1600\" height=\"720\" srcset=\"https:\/\/keruiref.com\/wp-content\/uploads\/2023\/09\/case.jpg 1600w, https:\/\/keruiref.com\/wp-content\/uploads\/2023\/09\/case-300x135.jpg 300w, https:\/\/keruiref.com\/wp-content\/uploads\/2023\/09\/case-1024x461.jpg 1024w, https:\/\/keruiref.com\/wp-content\/uploads\/2023\/09\/case-768x346.jpg 768w, https:\/\/keruiref.com\/wp-content\/uploads\/2023\/09\/case-1536x691.jpg 1536w\" sizes=\"auto, (max-width: 1600px) 100vw, 1600px\" \/><\/p>\n<p><img loading=\"lazy\" decoding=\"async\" class=\"alignnone size-full wp-image-11197\" src=\"https:\/\/keruiref.com\/wp-content\/uploads\/2023\/09\/Kerui-Customers.jpg\" alt=\"Clientes Kerui\" width=\"1600\" height=\"750\" srcset=\"https:\/\/keruiref.com\/wp-content\/uploads\/2023\/09\/Kerui-Customers.jpg 1600w, https:\/\/keruiref.com\/wp-content\/uploads\/2023\/09\/Kerui-Customers-300x141.jpg 300w, https:\/\/keruiref.com\/wp-content\/uploads\/2023\/09\/Kerui-Customers-1024x480.jpg 1024w, https:\/\/keruiref.com\/wp-content\/uploads\/2023\/09\/Kerui-Customers-768x360.jpg 768w, https:\/\/keruiref.com\/wp-content\/uploads\/2023\/09\/Kerui-Customers-1536x720.jpg 1536w\" sizes=\"auto, (max-width: 1600px) 100vw, 1600px\" \/><\/p>\n<h2>Application of High Chrome Bricks<\/h2>\n<p>Os tijolos com elevado teor de cr\u00f3mio (Cr2O3\u226590%) s\u00e3o utilizados principalmente em pe\u00e7as-chave da ind\u00fastria qu\u00edmica do carv\u00e3o, fornos qu\u00edmicos, fornos de fibra de vidro sem \u00e1lcalis, incineradores de lixo, fornos de gaseifica\u00e7\u00e3o, etc. Tamb\u00e9m podem ser utilizados para revestimentos de fornos de negro de fumo, fornos de fundi\u00e7\u00e3o de cobre, piscinas de fus\u00e3o de fornos de vidro, calhas de fornos de aquecimento de laminagem de a\u00e7o, plataformas de descarga de a\u00e7o, etc.<\/p>\n<p><img loading=\"lazy\" decoding=\"async\" class=\"alignnone size-full wp-image-11187\" src=\"https:\/\/keruiref.com\/wp-content\/uploads\/2023\/09\/APPLICATION.jpg\" alt=\"APLICA\u00c7\u00d5ES\" width=\"1600\" height=\"750\" srcset=\"https:\/\/keruiref.com\/wp-content\/uploads\/2023\/09\/APPLICATION.jpg 1600w, https:\/\/keruiref.com\/wp-content\/uploads\/2023\/09\/APPLICATION-300x141.jpg 300w, https:\/\/keruiref.com\/wp-content\/uploads\/2023\/09\/APPLICATION-1024x480.jpg 1024w, https:\/\/keruiref.com\/wp-content\/uploads\/2023\/09\/APPLICATION-768x360.jpg 768w, https:\/\/keruiref.com\/wp-content\/uploads\/2023\/09\/APPLICATION-1536x720.jpg 1536w\" sizes=\"auto, (max-width: 1600px) 100vw, 1600px\" \/><\/p>\n<\/div>\n<div id=\"INQUIRY\" class=\"page_model\">\n<div class=\"wpcf7 no-js\" id=\"wpcf7-f328-o2\" lang=\"en-US\" dir=\"ltr\" data-wpcf7-id=\"328\">\n<div class=\"screen-reader-response\">\n<p role=\"status\" aria-live=\"polite\" aria-atomic=\"true\">\n<ul><\/ul>\n<\/div>\n<form action=\"\/pt\/wp-json\/wp\/v2\/pages\/84357#wpcf7-f328-o2\" method=\"post\" class=\"wpcf7-form init\" aria-label=\"Formul\u00e1rio de contacto\" novalidate=\"novalidate\" data-status=\"init\" data-trp-original-action=\"\/pt\/wp-json\/wp\/v2\/pages\/84357#wpcf7-f328-o2\">\n<div style=\"display: none;\">\n<input type=\"hidden\" name=\"_wpcf7\" value=\"328\" \/><br \/>\n<input type=\"hidden\" name=\"_wpcf7_version\" value=\"6.0.4\" \/><br \/>\n<input type=\"hidden\" name=\"_wpcf7_locale\" value=\"en_US\" \/><br \/>\n<input type=\"hidden\" name=\"_wpcf7_unit_tag\" value=\"wpcf7-f328-o2\" \/><br \/>\n<input type=\"hidden\" name=\"_wpcf7_container_post\" value=\"0\" \/><br \/>\n<input type=\"hidden\" name=\"_wpcf7_posted_data_hash\" value=\"\" \/><br \/>\n<input type=\"hidden\" name=\"_wpcf7_recaptcha_response\" value=\"\" \/>\n<\/div>\n<div class=\"form-box\" id=\"Contact-Us\">\n<div class=\"isleft\">\n<div class=\"contact-title\">\n<p>Contactar-nos\n\t\t\t<\/p>\n<\/p><\/div>\n<div class=\"contactp\">\n<p>Por favor, sinta-se livre para dar o seu inqu\u00e9rito no formul\u00e1rio correto. Responder-lhe-emos no prazo de 6 horas.\n\t\t\t<\/p>\n<\/p><\/div>\n<ul class=\"contact\">\n<li class=\"email\">\n<p><img decoding=\"async\" src=\"https:\/\/keruiref.com\/wp-content\/uploads\/2023\/12\/email.png\" alt=\"\" \/>Correio eletr\u00f3nico:\n\t\t\t\t<\/p>\n<p><a href=\"mailto:market@keruiref.com\">market@keruiref.com<\/a>\n\t\t\t\t<\/p>\n<\/li>\n<li class=\"phone\">\n<p><img decoding=\"async\" src=\"https:\/\/keruiref.com\/wp-content\/uploads\/2023\/12\/tel.png\" alt=\"\" \/>Telefone\/whatsapp:\n\t\t\t\t<\/p>\n<p><a href=\"https:\/\/wa.me\/8619138178880\">+86 19138178880<\/a>\n\t\t\t\t<\/p>\n<\/li>\n<li class=\"location\">\n<p><img decoding=\"async\" src=\"https:\/\/keruiref.com\/wp-content\/uploads\/2023\/12\/Location.png\" alt=\"\" \/>Base de fabrico:\n\t\t\t\t<\/p>\n<p>Zona da Ind\u00fastria Refract\u00e1ria de Chaohua,<br \/>\nCidade de Xinmi, prov\u00edncia de Henan, China\n\t\t\t\t<\/p>\n<\/li>\n<\/ul><\/div>\n<div class=\"isright\">\n<ul class=\"contact-input\">\n<li>\n<div class=\"islabel\">\n<p>* Nome:\n\t\t\t\t\t<\/p>\n<\/p><\/div>\n<p><span class=\"wpcf7-form-control-wrap\" data-name=\"your-name\"><input size=\"40\" maxlength=\"400\" class=\"wpcf7-form-control wpcf7-text wpcf7-validates-as-required\" aria-required=\"true\" aria-invalid=\"false\" placeholder=\"\" value=\"\" type=\"text\" name=\"your-name\" \/><\/span>\n\t\t\t\t<\/p>\n<\/li>\n<li>\n<div class=\"islabel\">\n<p>* Correio eletr\u00f3nico:\n\t\t\t\t\t<\/p>\n<\/p><\/div>\n<p><span class=\"wpcf7-form-control-wrap\" data-name=\"your-email\"><input size=\"40\" maxlength=\"400\" class=\"wpcf7-form-control wpcf7-email wpcf7-validates-as-required wpcf7-text wpcf7-validates-as-email\" aria-required=\"true\" aria-invalid=\"false\" placeholder=\"\" value=\"\" type=\"email\" name=\"your-email\" \/><\/span>\n\t\t\t\t<\/p>\n<\/li>\n<li>\n<div class=\"islabel\">\n<p>* Telefone\/Whatsapp:\n\t\t\t\t\t<\/p>\n<\/p><\/div>\n<p><span class=\"wpcf7-form-control-wrap\" data-name=\"your-phone\"><input size=\"40\" maxlength=\"400\" class=\"wpcf7-form-control wpcf7-tel wpcf7-text wpcf7-validates-as-tel\" aria-invalid=\"false\" placeholder=\"\" value=\"\" type=\"tel\" name=\"your-phone\" \/><\/span>\n\t\t\t\t<\/p>\n<\/li>\n<li>\n<div class=\"islabel\">\n<p>Pa\u00eds:\n\t\t\t\t\t<\/p>\n<\/p><\/div>\n<p><span class=\"wpcf7-form-control-wrap\" data-name=\"your-country\"><input size=\"40\" maxlength=\"400\" class=\"wpcf7-form-control wpcf7-text\" aria-invalid=\"false\" placeholder=\"\" value=\"\" type=\"text\" name=\"your-country\" \/><\/span>\n\t\t\t\t<\/p>\n<\/li>\n<li class=\"ismassage\">\n<div class=\"islabel\">\n<p>* Mensagem:\n\t\t\t\t\t<\/p>\n<\/p><\/div>\n<p><span class=\"wpcf7-form-control-wrap\" data-name=\"your-msg\"><textarea cols=\"40\" rows=\"10\" maxlength=\"2000\" class=\"wpcf7-form-control wpcf7-textarea wpcf7-validates-as-required\" aria-required=\"true\" aria-invalid=\"false\" name=\"your-msg\"><\/textarea><\/span>\n\t\t\t\t<\/p>\n<\/li>\n<li class=\"wpcf7-btns-box\">\n<div class=\"isFileName\">\n\t\t\t\t<\/div>\n<div class=\"wpcf7-btns\">\n<p><input class=\"wpcf7-form-control wpcf7-submit has-spinner\" type=\"submit\" value=\"ENVIAR\" \/>\n\t\t\t\t\t<\/p>\n<\/p><\/div>\n<\/li>\n<\/ul><\/div>\n<\/div>\n<div class=\"wpcf7-response-output\" aria-hidden=\"true\"><\/div>\n<input type=\"hidden\" name=\"trp-form-language\" value=\"pt\"\/><\/form>\n<\/div>\n<\/div>\n<div class=\"page_model\"><\/div>","protected":false},"excerpt":{"rendered":"Chrome Brick Cr2O3 %\u2265\uff1a50-93; Apparent Porosity %\uff1a\u226416; Bulk Density g\/cm3\u2265\uff1a3.5-4.25; Load\u00a0softening\u00a0temperature, 0.2MPa 0.6%\uff1a\u22651700; Certification: ISO9001\/ISO14001\/ISO45001\/ISO50001; Sample: available; High Quality Reasonable Price Customizable Products &amp; Solutions Timely Delivery 7\/24\/365 At Your Service inquiry nowsend email Description of Chrome Brick High chrome bricks are made of chromium &#8230; <a title=\"Tijolo cromado\" class=\"read-more\" href=\"https:\/\/keruiref.com\/pt\/tijolo-cromado\/\" aria-label=\"Mais em Chrome Brick\">Ler mais<\/a>","protected":false},"author":1,"featured_media":84358,"parent":0,"menu_order":0,"comment_status":"closed","ping_status":"closed","template":"","meta":{"footnotes":""},"class_list":{"0":"post-84357","1":"page","2":"type-page","3":"status-publish","4":"has-post-thumbnail","6":"no-featured-image-padding","7":"resize-featured-image"},"yoast_head":"<!-- This site is optimized with the Yoast SEO plugin v24.9 - https:\/\/yoast.com\/wordpress\/plugins\/seo\/ -->\n<title>Chrome Brick - Your Refractory Bricks, Castables Manufacturer For Kiln | Kerui Refractory\u00ae Official Website<\/title>\n<meta name=\"description\" content=\"Chrome bricks are used in high - temp industrial furnaces (e.g., steel, glass) for corrosion\/erosion resistance, lining critical zones like smelting areas and kiln arches.\" \/>\n<meta name=\"robots\" content=\"index, follow, max-snippet:-1, max-image-preview:large, max-video-preview:-1\" \/>\n<link rel=\"canonical\" href=\"https:\/\/keruiref.com\/pt\/tijolo-cromado\/\" \/>\n<script type=\"application\/ld+json\" class=\"yoast-schema-graph\">{\"@context\":\"https:\/\/schema.org\",\"@graph\":[{\"@type\":\"WebPage\",\"@id\":\"https:\/\/keruiref.com\/chrome-brick\/\",\"url\":\"https:\/\/keruiref.com\/chrome-brick\/\",\"name\":\"Chrome Brick - Your Refractory Bricks, Castables Manufacturer For Kiln | Kerui Refractory\u00ae Official Website\",\"isPartOf\":{\"@id\":\"https:\/\/keruiref.com\/el\/#website\"},\"primaryImageOfPage\":{\"@id\":\"https:\/\/keruiref.com\/chrome-brick\/#primaryimage\"},\"image\":{\"@id\":\"https:\/\/keruiref.com\/chrome-brick\/#primaryimage\"},\"thumbnailUrl\":\"https:\/\/keruiref.com\/wp-content\/uploads\/2025\/02\/Chrome-Brick.webp\",\"datePublished\":\"2025-02-26T01:20:04+00:00\",\"dateModified\":\"2025-10-30T08:15:27+00:00\",\"description\":\"Chrome bricks are used in high - temp industrial furnaces (e.g., steel, glass) for corrosion\/erosion resistance, lining critical zones like smelting areas and kiln arches.\",\"breadcrumb\":{\"@id\":\"https:\/\/keruiref.com\/chrome-brick\/#breadcrumb\"},\"inLanguage\":\"pt-PT\",\"potentialAction\":[{\"@type\":\"ReadAction\",\"target\":[\"https:\/\/keruiref.com\/chrome-brick\/\"]}]},{\"@type\":\"ImageObject\",\"inLanguage\":\"pt-PT\",\"@id\":\"https:\/\/keruiref.com\/chrome-brick\/#primaryimage\",\"url\":\"https:\/\/keruiref.com\/wp-content\/uploads\/2025\/02\/Chrome-Brick.webp\",\"contentUrl\":\"https:\/\/keruiref.com\/wp-content\/uploads\/2025\/02\/Chrome-Brick.webp\",\"width\":660,\"height\":528},{\"@type\":\"BreadcrumbList\",\"@id\":\"https:\/\/keruiref.com\/chrome-brick\/#breadcrumb\",\"itemListElement\":[{\"@type\":\"ListItem\",\"position\":1,\"name\":\"Home\",\"item\":\"https:\/\/keruiref.com\/\"},{\"@type\":\"ListItem\",\"position\":2,\"name\":\"Chrome Brick\"}]},{\"@type\":\"WebSite\",\"@id\":\"https:\/\/keruiref.com\/el\/#website\",\"url\":\"https:\/\/keruiref.com\/el\/\",\"name\":\"Your Refractory Bricks, Castables Manufacturer For Kiln | Kerui Refractory\u00ae Official Website\",\"description\":\"\",\"publisher\":{\"@id\":\"https:\/\/keruiref.com\/el\/#organization\"},\"potentialAction\":[{\"@type\":\"SearchAction\",\"target\":{\"@type\":\"EntryPoint\",\"urlTemplate\":\"https:\/\/keruiref.com\/el\/?s={search_term_string}\"},\"query-input\":{\"@type\":\"PropertyValueSpecification\",\"valueRequired\":true,\"valueName\":\"search_term_string\"}}],\"inLanguage\":\"pt-PT\"},{\"@type\":\"Organization\",\"@id\":\"https:\/\/keruiref.com\/el\/#organization\",\"name\":\"Your Refractory Bricks, Castables Manufacturer For Kiln | Kerui Refractory\u00ae Official Website\",\"url\":\"https:\/\/keruiref.com\/el\/\",\"logo\":{\"@type\":\"ImageObject\",\"inLanguage\":\"pt-PT\",\"@id\":\"https:\/\/keruiref.com\/el\/#\/schema\/logo\/image\/\",\"url\":\"https:\/\/keruiref.com\/wp-content\/uploads\/2024\/01\/footer-Logo.png\",\"contentUrl\":\"https:\/\/keruiref.com\/wp-content\/uploads\/2024\/01\/footer-Logo.png\",\"width\":282,\"height\":70,\"caption\":\"Your Refractory Bricks, Castables Manufacturer For Kiln | Kerui Refractory\u00ae Official Website\"},\"image\":{\"@id\":\"https:\/\/keruiref.com\/el\/#\/schema\/logo\/image\/\"}}]}<\/script>\n<!-- \/ Yoast SEO plugin. -->","yoast_head_json":{"title":"Chrome Brick - O seu fabricante de tijolos refract\u00e1rios e de materiais de moldagem para fornos | Kerui Refractory\u00ae Official Website","description":"Os tijolos cromados s\u00e3o utilizados em fornos industriais de alta temperatura (por exemplo, a\u00e7o, vidro) para resist\u00eancia \u00e0 corros\u00e3o\/eros\u00e3o, revestindo zonas cr\u00edticas como \u00e1reas de fundi\u00e7\u00e3o e arcos de fornos.","robots":{"index":"index","follow":"follow","max-snippet":"max-snippet:-1","max-image-preview":"max-image-preview:large","max-video-preview":"max-video-preview:-1"},"canonical":"https:\/\/keruiref.com\/pt\/tijolo-cromado\/","schema":{"@context":"https:\/\/schema.org","@graph":[{"@type":"WebPage","@id":"https:\/\/keruiref.com\/chrome-brick\/","url":"https:\/\/keruiref.com\/chrome-brick\/","name":"Chrome Brick - O seu fabricante de tijolos refract\u00e1rios e de materiais de moldagem para fornos | Kerui Refractory\u00ae Official Website","isPartOf":{"@id":"https:\/\/keruiref.com\/el\/#website"},"primaryImageOfPage":{"@id":"https:\/\/keruiref.com\/chrome-brick\/#primaryimage"},"image":{"@id":"https:\/\/keruiref.com\/chrome-brick\/#primaryimage"},"thumbnailUrl":"https:\/\/keruiref.com\/wp-content\/uploads\/2025\/02\/Chrome-Brick.webp","datePublished":"2025-02-26T01:20:04+00:00","dateModified":"2025-10-30T08:15:27+00:00","description":"Os tijolos cromados s\u00e3o utilizados em fornos industriais de alta temperatura (por exemplo, a\u00e7o, vidro) para resist\u00eancia \u00e0 corros\u00e3o\/eros\u00e3o, revestindo zonas cr\u00edticas como \u00e1reas de fundi\u00e7\u00e3o e arcos de fornos.","breadcrumb":{"@id":"https:\/\/keruiref.com\/chrome-brick\/#breadcrumb"},"inLanguage":"pt-PT","potentialAction":[{"@type":"ReadAction","target":["https:\/\/keruiref.com\/chrome-brick\/"]}]},{"@type":"ImageObject","inLanguage":"pt-PT","@id":"https:\/\/keruiref.com\/chrome-brick\/#primaryimage","url":"https:\/\/keruiref.com\/wp-content\/uploads\/2025\/02\/Chrome-Brick.webp","contentUrl":"https:\/\/keruiref.com\/wp-content\/uploads\/2025\/02\/Chrome-Brick.webp","width":660,"height":528},{"@type":"BreadcrumbList","@id":"https:\/\/keruiref.com\/chrome-brick\/#breadcrumb","itemListElement":[{"@type":"ListItem","position":1,"name":"Home","item":"https:\/\/keruiref.com\/"},{"@type":"ListItem","position":2,"name":"Chrome Brick"}]},{"@type":"WebSite","@id":"https:\/\/keruiref.com\/el\/#website","url":"https:\/\/keruiref.com\/el\/","name":"O seu fabricante de tijolos refract\u00e1rios e de materiais de moldagem para fornos | Kerui Refractory\u00ae Official Website","description":"","publisher":{"@id":"https:\/\/keruiref.com\/el\/#organization"},"potentialAction":[{"@type":"SearchAction","target":{"@type":"EntryPoint","urlTemplate":"https:\/\/keruiref.com\/el\/?s={search_term_string}"},"query-input":{"@type":"PropertyValueSpecification","valueRequired":true,"valueName":"search_term_string"}}],"inLanguage":"pt-PT"},{"@type":"Organization","@id":"https:\/\/keruiref.com\/el\/#organization","name":"O seu fabricante de tijolos refract\u00e1rios e de materiais de moldagem para fornos | Kerui Refractory\u00ae Official Website","url":"https:\/\/keruiref.com\/el\/","logo":{"@type":"ImageObject","inLanguage":"pt-PT","@id":"https:\/\/keruiref.com\/el\/#\/schema\/logo\/image\/","url":"https:\/\/keruiref.com\/wp-content\/uploads\/2024\/01\/footer-Logo.png","contentUrl":"https:\/\/keruiref.com\/wp-content\/uploads\/2024\/01\/footer-Logo.png","width":282,"height":70,"caption":"Your Refractory Bricks, Castables Manufacturer For Kiln | Kerui Refractory\u00ae Official Website"},"image":{"@id":"https:\/\/keruiref.com\/el\/#\/schema\/logo\/image\/"}}]}},"_links":{"self":[{"href":"https:\/\/keruiref.com\/pt\/wp-json\/wp\/v2\/pages\/84357","targetHints":{"allow":["GET"]}}],"collection":[{"href":"https:\/\/keruiref.com\/pt\/wp-json\/wp\/v2\/pages"}],"about":[{"href":"https:\/\/keruiref.com\/pt\/wp-json\/wp\/v2\/types\/page"}],"author":[{"embeddable":true,"href":"https:\/\/keruiref.com\/pt\/wp-json\/wp\/v2\/users\/1"}],"replies":[{"embeddable":true,"href":"https:\/\/keruiref.com\/pt\/wp-json\/wp\/v2\/comments?post=84357"}],"version-history":[{"count":0,"href":"https:\/\/keruiref.com\/pt\/wp-json\/wp\/v2\/pages\/84357\/revisions"}],"wp:featuredmedia":[{"embeddable":true,"href":"https:\/\/keruiref.com\/pt\/wp-json\/wp\/v2\/media\/84358"}],"wp:attachment":[{"href":"https:\/\/keruiref.com\/pt\/wp-json\/wp\/v2\/media?parent=84357"}],"curies":[{"name":"wp","href":"https:\/\/api.w.org\/{rel}","templated":true}]}}