{"id":84090,"date":"2025-02-21T16:51:50","date_gmt":"2025-02-21T08:51:50","guid":{"rendered":"https:\/\/keruiref.com\/?page_id=84090"},"modified":"2025-05-20T16:53:32","modified_gmt":"2025-05-20T08:53:32","slug":"material-fundido-resistente-a-acidos","status":"publish","type":"page","link":"https:\/\/keruiref.com\/pt\/material-fundido-resistente-a-acidos\/","title":{"rendered":"Cast\u00e1vel resistente a \u00e1cidos"},"content":{"rendered":"<div class=\"page_model product_info\">\n<div class=\"preview\"><img loading=\"lazy\" decoding=\"async\" class=\"alignnone wp-image-84213 size-full\" src=\"https:\/\/keruiref.com\/wp-content\/uploads\/2025\/02\/Acid-Resistant-Castable.webp\" alt=\"\" width=\"660\" height=\"495\" srcset=\"https:\/\/keruiref.com\/wp-content\/uploads\/2025\/02\/Acid-Resistant-Castable.webp 660w, https:\/\/keruiref.com\/wp-content\/uploads\/2025\/02\/Acid-Resistant-Castable-300x225.webp 300w\" sizes=\"auto, (max-width: 660px) 100vw, 660px\" \/><\/div>\n<div class=\"info\">\n<h1>Cast\u00e1vel resistente a \u00e1cidos<\/h1>\n<ul>\n<li>SiO2% (\u2265): 45-52<\/li>\n<li>Densidade a granel (g\/cm\u00b3): 1.6-2<\/li>\n<li>Resist\u00eancia a \u00e1cidos% (\u2265): 95<\/li>\n<li>Resist\u00eancia ao esmagamento a frio (MPa): 5-10<\/li>\n<li>Certifica\u00e7\u00e3o: ISO9001\/ISO14001\/ISO45001\/ISO50001<\/li>\n<li>Amostra: \u00e9 poss\u00edvel testar a amostra<\/li>\n<\/ul>\n<div class=\"tags\">\n<p>Alta qualidade<\/p>\n<p>Pre\u00e7o razo\u00e1vel<\/p>\n<p>Produtos e solu\u00e7\u00f5es personaliz\u00e1veis<\/p>\n<p>Entrega atempada<\/p>\n<p>7\/24\/365 Ao vosso servi\u00e7o<\/p>\n<\/div>\n<p><a class=\"inruiry fancybox\" href=\"#contact_form_pop\">inqu\u00e9rito agora<\/a><a class=\"email-btn\" href=\"mailto:market@keruiref.com\">enviar correio eletr\u00f3nico<\/a><\/p>\n<\/div>\n<\/div>\n<ul class=\"anchor\">\n<li><a href=\"#PRODUCTDESCRIPTION\">DESCRI\u00c7\u00c3O DO PRODUTO<\/a><\/li>\n<li><a href=\"#TechniqueData\">Dados t\u00e9cnicos<\/a><\/li>\n<li><a href=\"#INQUIRY\">INQU\u00c9RITO<\/a><\/li>\n<li><a href=\"#RELATEDPRODUCTS\">PRODUTOS RELACIONADOS<\/a><\/li>\n<\/ul>\n<div class=\"page_model\">\n<h2 id=\"PRODUCTDESCRIPTION\">Descri\u00e7\u00e3o do material fundido resistente a \u00e1cidos<\/h2>\n<p>Os concretos resistentes a \u00e1cidos s\u00e3o materiais refract\u00e1rios utilizados principalmente em fornos industriais e noutros equipamentos expostos a ambientes \u00e1cidos. S\u00e3o compostos por agregados resistentes a \u00e1cidos, ligantes e aditivos, possuindo excelente resist\u00eancia a \u00e1cidos, resist\u00eancia a altas temperaturas e resist\u00eancia mec\u00e2nica.<\/p>\n<div class='content-column one_third'>\n<div style=\"padding-right:20PX;\"><img loading=\"lazy\" decoding=\"async\" class=\"alignnone wp-image-84214 size-full\" src=\"https:\/\/keruiref.com\/wp-content\/uploads\/2025\/02\/Acid-Resistant-Castable-01.webp\" alt=\"\" width=\"456\" height=\"310\" srcset=\"https:\/\/keruiref.com\/wp-content\/uploads\/2025\/02\/Acid-Resistant-Castable-01.webp 456w, https:\/\/keruiref.com\/wp-content\/uploads\/2025\/02\/Acid-Resistant-Castable-01-300x204.webp 300w\" sizes=\"auto, (max-width: 456px) 100vw, 456px\" \/><\/div>\n<\/div>\n<div class='content-column one_third'>\n<div style=\"padding-right:20PX;\"><img loading=\"lazy\" decoding=\"async\" class=\"alignnone wp-image-84215 size-full\" src=\"https:\/\/keruiref.com\/wp-content\/uploads\/2025\/02\/Acid-Resistant-Castable-02.webp\" alt=\"\" width=\"456\" height=\"310\" srcset=\"https:\/\/keruiref.com\/wp-content\/uploads\/2025\/02\/Acid-Resistant-Castable-02.webp 456w, https:\/\/keruiref.com\/wp-content\/uploads\/2025\/02\/Acid-Resistant-Castable-02-300x204.webp 300w\" sizes=\"auto, (max-width: 456px) 100vw, 456px\" \/><\/div>\n<\/div>\n<div class='content-column one_third last_column'>\n<div style=\"padding-right:20PX;\"><img loading=\"lazy\" decoding=\"async\" class=\"alignnone wp-image-84216 size-full\" src=\"https:\/\/keruiref.com\/wp-content\/uploads\/2025\/02\/Acid-Resistant-Castable-03.webp\" alt=\"\" width=\"456\" height=\"310\" srcset=\"https:\/\/keruiref.com\/wp-content\/uploads\/2025\/02\/Acid-Resistant-Castable-03.webp 456w, https:\/\/keruiref.com\/wp-content\/uploads\/2025\/02\/Acid-Resistant-Castable-03-300x204.webp 300w\" sizes=\"auto, (max-width: 456px) 100vw, 456px\" \/><\/div>\n<\/div>\n<div class='clear_column'><\/div>\n<p><center><a class=\"fancybox price\" href=\"#contact_form_pop\">OBTER PRE\u00c7O<\/a><\/center><\/p>\n<div class=\"fancybox-hidden\" style=\"display: none;\">\n<div id=\"contact_form_pop\">\n<div class=\"wpcf7 no-js\" id=\"wpcf7-f328-o1\" lang=\"en-US\" dir=\"ltr\" data-wpcf7-id=\"328\">\n<div class=\"screen-reader-response\">\n<p role=\"status\" aria-live=\"polite\" aria-atomic=\"true\">\n<ul><\/ul>\n<\/div>\n<form action=\"\/pt\/wp-json\/wp\/v2\/pages\/84090#wpcf7-f328-o1\" method=\"post\" class=\"wpcf7-form init\" aria-label=\"Formul\u00e1rio de contacto\" novalidate=\"novalidate\" data-status=\"init\" data-trp-original-action=\"\/pt\/wp-json\/wp\/v2\/pages\/84090#wpcf7-f328-o1\">\n<div style=\"display: none;\">\n<input type=\"hidden\" name=\"_wpcf7\" value=\"328\" \/><br \/>\n<input type=\"hidden\" name=\"_wpcf7_version\" value=\"6.0.4\" \/><br \/>\n<input type=\"hidden\" name=\"_wpcf7_locale\" value=\"en_US\" \/><br \/>\n<input type=\"hidden\" name=\"_wpcf7_unit_tag\" value=\"wpcf7-f328-o1\" \/><br \/>\n<input type=\"hidden\" name=\"_wpcf7_container_post\" value=\"0\" \/><br \/>\n<input type=\"hidden\" name=\"_wpcf7_posted_data_hash\" value=\"\" \/><br \/>\n<input type=\"hidden\" name=\"_wpcf7_recaptcha_response\" value=\"\" \/>\n<\/div>\n<div class=\"form-box\" id=\"Contact-Us\">\n<div class=\"isleft\">\n<div class=\"contact-title\">\n<p>Contactar-nos\n\t\t\t<\/p>\n<\/p><\/div>\n<div class=\"contactp\">\n<p>Por favor, sinta-se livre para dar o seu inqu\u00e9rito no formul\u00e1rio correto. Responder-lhe-emos no prazo de 6 horas.\n\t\t\t<\/p>\n<\/p><\/div>\n<ul class=\"contact\">\n<li class=\"email\">\n<p><img decoding=\"async\" src=\"https:\/\/keruiref.com\/wp-content\/uploads\/2023\/12\/email.png\" alt=\"\" \/>Correio eletr\u00f3nico:\n\t\t\t\t<\/p>\n<p><a href=\"mailto:market@keruiref.com\">market@keruiref.com<\/a>\n\t\t\t\t<\/p>\n<\/li>\n<li class=\"phone\">\n<p><img decoding=\"async\" src=\"https:\/\/keruiref.com\/wp-content\/uploads\/2023\/12\/tel.png\" alt=\"\" \/>Telefone\/whatsapp:\n\t\t\t\t<\/p>\n<p><a href=\"https:\/\/wa.me\/8619138178880\">+86 19138178880<\/a>\n\t\t\t\t<\/p>\n<\/li>\n<li class=\"location\">\n<p><img decoding=\"async\" src=\"https:\/\/keruiref.com\/wp-content\/uploads\/2023\/12\/Location.png\" alt=\"\" \/>Base de fabrico:\n\t\t\t\t<\/p>\n<p>Zona da Ind\u00fastria Refract\u00e1ria de Chaohua,<br \/>\nCidade de Xinmi, prov\u00edncia de Henan, China\n\t\t\t\t<\/p>\n<\/li>\n<\/ul><\/div>\n<div class=\"isright\">\n<ul class=\"contact-input\">\n<li>\n<div class=\"islabel\">\n<p>* Nome:\n\t\t\t\t\t<\/p>\n<\/p><\/div>\n<p><span class=\"wpcf7-form-control-wrap\" data-name=\"your-name\"><input size=\"40\" maxlength=\"400\" class=\"wpcf7-form-control wpcf7-text wpcf7-validates-as-required\" aria-required=\"true\" aria-invalid=\"false\" placeholder=\"\" value=\"\" type=\"text\" name=\"your-name\" \/><\/span>\n\t\t\t\t<\/p>\n<\/li>\n<li>\n<div class=\"islabel\">\n<p>* Correio eletr\u00f3nico:\n\t\t\t\t\t<\/p>\n<\/p><\/div>\n<p><span class=\"wpcf7-form-control-wrap\" data-name=\"your-email\"><input size=\"40\" maxlength=\"400\" class=\"wpcf7-form-control wpcf7-email wpcf7-validates-as-required wpcf7-text wpcf7-validates-as-email\" aria-required=\"true\" aria-invalid=\"false\" placeholder=\"\" value=\"\" type=\"email\" name=\"your-email\" \/><\/span>\n\t\t\t\t<\/p>\n<\/li>\n<li>\n<div class=\"islabel\">\n<p>* Telefone\/Whatsapp:\n\t\t\t\t\t<\/p>\n<\/p><\/div>\n<p><span class=\"wpcf7-form-control-wrap\" data-name=\"your-phone\"><input size=\"40\" maxlength=\"400\" class=\"wpcf7-form-control wpcf7-tel wpcf7-text wpcf7-validates-as-tel\" aria-invalid=\"false\" placeholder=\"\" value=\"\" type=\"tel\" name=\"your-phone\" \/><\/span>\n\t\t\t\t<\/p>\n<\/li>\n<li>\n<div class=\"islabel\">\n<p>Pa\u00eds:\n\t\t\t\t\t<\/p>\n<\/p><\/div>\n<p><span class=\"wpcf7-form-control-wrap\" data-name=\"your-country\"><input size=\"40\" maxlength=\"400\" class=\"wpcf7-form-control wpcf7-text\" aria-invalid=\"false\" placeholder=\"\" value=\"\" type=\"text\" name=\"your-country\" \/><\/span>\n\t\t\t\t<\/p>\n<\/li>\n<li class=\"ismassage\">\n<div class=\"islabel\">\n<p>* Mensagem:\n\t\t\t\t\t<\/p>\n<\/p><\/div>\n<p><span class=\"wpcf7-form-control-wrap\" data-name=\"your-msg\"><textarea cols=\"40\" rows=\"10\" maxlength=\"2000\" class=\"wpcf7-form-control wpcf7-textarea wpcf7-validates-as-required\" aria-required=\"true\" aria-invalid=\"false\" name=\"your-msg\"><\/textarea><\/span>\n\t\t\t\t<\/p>\n<\/li>\n<li class=\"wpcf7-btns-box\">\n<div class=\"isFileName\">\n\t\t\t\t<\/div>\n<div class=\"wpcf7-btns\">\n<p><input class=\"wpcf7-form-control wpcf7-submit has-spinner\" type=\"submit\" value=\"ENVIAR\" \/>\n\t\t\t\t\t<\/p>\n<\/p><\/div>\n<\/li>\n<\/ul><\/div>\n<\/div>\n<div class=\"wpcf7-response-output\" aria-hidden=\"true\"><\/div>\n<input type=\"hidden\" name=\"trp-form-language\" value=\"pt\"\/><\/form>\n<\/div>\n<\/div>\n<\/div>\n<h2 id=\"TechniqueData\">Ficha t\u00e9cnica de Kerui Acid Resistant Castable<\/h2>\n<table id=\"tablepress-67\" class=\"tablepress tablepress-id-67\">\n<thead>\n<tr class=\"row-1\">\n<th class=\"column-1\">Item\/Grau<\/th>\n<th class=\"column-2\">NS-1.6<\/th>\n<th class=\"column-3\">NS-1.8<\/th>\n<th class=\"column-4\">NS-2.0<\/th>\n<\/tr>\n<\/thead>\n<tbody class=\"row-striping row-hover\">\n<tr class=\"row-2\">\n<td class=\"column-1\">\u03c9 (SiO2) \u2265\/%<\/td>\n<td class=\"column-2\">45<\/td>\n<td class=\"column-3\">48<\/td>\n<td class=\"column-4\">52<\/td>\n<\/tr>\n<tr class=\"row-3\">\n<td class=\"column-1\">Densidade a granel \u2265\/ (g\/cm\u00b3)<\/td>\n<td class=\"column-2\">1.6<\/td>\n<td class=\"column-3\">1.8<\/td>\n<td class=\"column-4\">2<\/td>\n<\/tr>\n<tr class=\"row-4\">\n<td class=\"column-1\">Resist\u00eancia ao esmagamento a frio \u2265\/MPa<\/td>\n<td class=\"column-2\">5<\/td>\n<td class=\"column-3\">8<\/td>\n<td class=\"column-4\">10<\/td>\n<\/tr>\n<tr class=\"row-5\">\n<td class=\"column-1\">Resist\u00eancia a \u00e1cidos \u2265\/%<\/td>\n<td class=\"column-2\">95<\/td>\n<td class=\"column-3\">95<\/td>\n<td class=\"column-4\">95<\/td>\n<\/tr>\n<tr class=\"row-6\">\n<td class=\"column-1\">Coeficiente de condutividade t\u00e9rmica \u2264 \/[W\/(m-K)] (350\u00b125\u2103)<\/td>\n<td class=\"column-2\">0.5<\/td>\n<td class=\"column-3\">0.55<\/td>\n<td class=\"column-4\">0.6<\/td>\n<\/tr>\n<tr class=\"row-7\">\n<td class=\"column-1\">Temperatura de servi\u00e7o\/\u2103<\/td>\n<td class=\"column-2\">800<\/td>\n<td class=\"column-3\">900<\/td>\n<td class=\"column-4\">1000<\/td>\n<\/tr>\n<\/tbody>\n<\/table>\n<p><!-- #tablepress-67 from cache --><\/p>\n<h2>Vantagens do material fundido resistente a \u00e1cidos<\/h2>\n<p>1.Refractariedade: Adequado para fornos de alta temperatura que operam a aproximadamente 950\u00b0C-1250\u00b0C (1742\u2109 a 2282\u2109).<br \/>\n2. excelente resist\u00eancia a \u00e1cidos: Pode suportar a eros\u00e3o de v\u00e1rios \u00e1cidos.<br \/>\n3. boa fluidez: F\u00e1cil de verter e moldar durante a constru\u00e7\u00e3o.<br \/>\n4. boa resist\u00eancia mec\u00e2nica: O material fundido resistente a \u00e1cidos curado tem uma excelente resist\u00eancia \u00e0 compress\u00e3o e \u00e0 flex\u00e3o.<br \/>\n5. prote\u00e7\u00e3o ambiental: As mat\u00e9rias-primas inofensivas e renov\u00e1veis s\u00e3o selecionadas para a produ\u00e7\u00e3o, com certifica\u00e7\u00e3o internacional do sistema de gest\u00e3o ambiental.<\/p>\n<h2>Aplica\u00e7\u00e3o do material fundido refrat\u00e1rio de alta alumina<\/h2>\n<p>Os materiais fundidos resistentes a \u00e1cidos t\u00eam amplas aplica\u00e7\u00f5es. S\u00e3o utilizados no revestimento de recipientes de rea\u00e7\u00e3o qu\u00edmica para resistir \u00e0 corros\u00e3o \u00e1cida. Nos tanques de decapagem \u00e1cida, protegem as paredes do tanque. Nas f\u00e1bricas de produ\u00e7\u00e3o de \u00e1cido sulf\u00farico, s\u00e3o aplicados em fornos e chamin\u00e9s. Al\u00e9m disso, s\u00e3o utilizados em instala\u00e7\u00f5es de incinera\u00e7\u00e3o de res\u00edduos para resistir a gases \u00e1cidos.<\/p>\n<p><img loading=\"lazy\" decoding=\"async\" class=\"alignnone size-full wp-image-1534\" src=\"https:\/\/keruiref.com\/wp-content\/uploads\/2023\/07\/high-alumina-castable-application.jpg\" alt=\"aplica\u00e7\u00e3o de alta alumina-cas\u00e1vel\" width=\"1300\" height=\"400\" srcset=\"https:\/\/keruiref.com\/wp-content\/uploads\/2023\/07\/high-alumina-castable-application.jpg 1300w, https:\/\/keruiref.com\/wp-content\/uploads\/2023\/07\/high-alumina-castable-application-300x92.jpg 300w, https:\/\/keruiref.com\/wp-content\/uploads\/2023\/07\/high-alumina-castable-application-1024x315.jpg 1024w, https:\/\/keruiref.com\/wp-content\/uploads\/2023\/07\/high-alumina-castable-application-768x236.jpg 768w\" sizes=\"auto, (max-width: 1300px) 100vw, 1300px\" \/><\/p>\n<\/div>\n<div id=\"INQUIRY\" class=\"page_model\">\n<div class=\"wpcf7 no-js\" id=\"wpcf7-f328-o2\" lang=\"en-US\" dir=\"ltr\" data-wpcf7-id=\"328\">\n<div class=\"screen-reader-response\">\n<p role=\"status\" aria-live=\"polite\" aria-atomic=\"true\">\n<ul><\/ul>\n<\/div>\n<form action=\"\/pt\/wp-json\/wp\/v2\/pages\/84090#wpcf7-f328-o2\" method=\"post\" class=\"wpcf7-form init\" aria-label=\"Formul\u00e1rio de contacto\" novalidate=\"novalidate\" data-status=\"init\" data-trp-original-action=\"\/pt\/wp-json\/wp\/v2\/pages\/84090#wpcf7-f328-o2\">\n<div style=\"display: none;\">\n<input type=\"hidden\" name=\"_wpcf7\" value=\"328\" \/><br \/>\n<input type=\"hidden\" name=\"_wpcf7_version\" value=\"6.0.4\" \/><br \/>\n<input type=\"hidden\" name=\"_wpcf7_locale\" value=\"en_US\" \/><br \/>\n<input type=\"hidden\" name=\"_wpcf7_unit_tag\" value=\"wpcf7-f328-o2\" \/><br \/>\n<input type=\"hidden\" name=\"_wpcf7_container_post\" value=\"0\" \/><br \/>\n<input type=\"hidden\" name=\"_wpcf7_posted_data_hash\" value=\"\" \/><br \/>\n<input type=\"hidden\" name=\"_wpcf7_recaptcha_response\" value=\"\" \/>\n<\/div>\n<div class=\"form-box\" id=\"Contact-Us\">\n<div class=\"isleft\">\n<div class=\"contact-title\">\n<p>Contactar-nos\n\t\t\t<\/p>\n<\/p><\/div>\n<div class=\"contactp\">\n<p>Por favor, sinta-se livre para dar o seu inqu\u00e9rito no formul\u00e1rio correto. Responder-lhe-emos no prazo de 6 horas.\n\t\t\t<\/p>\n<\/p><\/div>\n<ul class=\"contact\">\n<li class=\"email\">\n<p><img decoding=\"async\" src=\"https:\/\/keruiref.com\/wp-content\/uploads\/2023\/12\/email.png\" alt=\"\" \/>Correio eletr\u00f3nico:\n\t\t\t\t<\/p>\n<p><a href=\"mailto:market@keruiref.com\">market@keruiref.com<\/a>\n\t\t\t\t<\/p>\n<\/li>\n<li class=\"phone\">\n<p><img decoding=\"async\" src=\"https:\/\/keruiref.com\/wp-content\/uploads\/2023\/12\/tel.png\" alt=\"\" \/>Telefone\/whatsapp:\n\t\t\t\t<\/p>\n<p><a href=\"https:\/\/wa.me\/8619138178880\">+86 19138178880<\/a>\n\t\t\t\t<\/p>\n<\/li>\n<li class=\"location\">\n<p><img decoding=\"async\" src=\"https:\/\/keruiref.com\/wp-content\/uploads\/2023\/12\/Location.png\" alt=\"\" \/>Base de fabrico:\n\t\t\t\t<\/p>\n<p>Zona da Ind\u00fastria Refract\u00e1ria de Chaohua,<br \/>\nCidade de Xinmi, prov\u00edncia de Henan, China\n\t\t\t\t<\/p>\n<\/li>\n<\/ul><\/div>\n<div class=\"isright\">\n<ul class=\"contact-input\">\n<li>\n<div class=\"islabel\">\n<p>* Nome:\n\t\t\t\t\t<\/p>\n<\/p><\/div>\n<p><span class=\"wpcf7-form-control-wrap\" data-name=\"your-name\"><input size=\"40\" maxlength=\"400\" class=\"wpcf7-form-control wpcf7-text wpcf7-validates-as-required\" aria-required=\"true\" aria-invalid=\"false\" placeholder=\"\" value=\"\" type=\"text\" name=\"your-name\" \/><\/span>\n\t\t\t\t<\/p>\n<\/li>\n<li>\n<div class=\"islabel\">\n<p>* Correio eletr\u00f3nico:\n\t\t\t\t\t<\/p>\n<\/p><\/div>\n<p><span class=\"wpcf7-form-control-wrap\" data-name=\"your-email\"><input size=\"40\" maxlength=\"400\" class=\"wpcf7-form-control wpcf7-email wpcf7-validates-as-required wpcf7-text wpcf7-validates-as-email\" aria-required=\"true\" aria-invalid=\"false\" placeholder=\"\" value=\"\" type=\"email\" name=\"your-email\" \/><\/span>\n\t\t\t\t<\/p>\n<\/li>\n<li>\n<div class=\"islabel\">\n<p>* Telefone\/Whatsapp:\n\t\t\t\t\t<\/p>\n<\/p><\/div>\n<p><span class=\"wpcf7-form-control-wrap\" data-name=\"your-phone\"><input size=\"40\" maxlength=\"400\" class=\"wpcf7-form-control wpcf7-tel wpcf7-text wpcf7-validates-as-tel\" aria-invalid=\"false\" placeholder=\"\" value=\"\" type=\"tel\" name=\"your-phone\" \/><\/span>\n\t\t\t\t<\/p>\n<\/li>\n<li>\n<div class=\"islabel\">\n<p>Pa\u00eds:\n\t\t\t\t\t<\/p>\n<\/p><\/div>\n<p><span class=\"wpcf7-form-control-wrap\" data-name=\"your-country\"><input size=\"40\" maxlength=\"400\" class=\"wpcf7-form-control wpcf7-text\" aria-invalid=\"false\" placeholder=\"\" value=\"\" type=\"text\" name=\"your-country\" \/><\/span>\n\t\t\t\t<\/p>\n<\/li>\n<li class=\"ismassage\">\n<div class=\"islabel\">\n<p>* Mensagem:\n\t\t\t\t\t<\/p>\n<\/p><\/div>\n<p><span class=\"wpcf7-form-control-wrap\" data-name=\"your-msg\"><textarea cols=\"40\" rows=\"10\" maxlength=\"2000\" class=\"wpcf7-form-control wpcf7-textarea wpcf7-validates-as-required\" aria-required=\"true\" aria-invalid=\"false\" name=\"your-msg\"><\/textarea><\/span>\n\t\t\t\t<\/p>\n<\/li>\n<li class=\"wpcf7-btns-box\">\n<div class=\"isFileName\">\n\t\t\t\t<\/div>\n<div class=\"wpcf7-btns\">\n<p><input class=\"wpcf7-form-control wpcf7-submit has-spinner\" type=\"submit\" value=\"ENVIAR\" \/>\n\t\t\t\t\t<\/p>\n<\/p><\/div>\n<\/li>\n<\/ul><\/div>\n<\/div>\n<div class=\"wpcf7-response-output\" aria-hidden=\"true\"><\/div>\n<input type=\"hidden\" name=\"trp-form-language\" value=\"pt\"\/><\/form>\n<\/div>\n<\/div>\n<div class=\"page_model\">\n<div class=\"swiper related-products\">\n<div class=\"swiper-wrapper\">\n<div class=\"swiper-slide\"><\/div>\n<\/div>\n<\/div>\n<\/div>","protected":false},"excerpt":{"rendered":"Acid Resistant Castable SiO2% (\u2265): 45-52 Bulk Density (g\/cm\u00b3): 1.6-2 Acid Resistance% (\u2265): 95 Cold Crushing Strength (MPa): 5-10 Certification: ISO9001\/ISO14001\/ISO45001\/ISO50001 Sample: testing of sample is available High Quality Reasonable Price Customizable Products &amp; Solutions Timely Delivery 7\/24\/365 At Your Service inquiry nowsend email PRODUCT &#8230; <a title=\"Cast\u00e1vel resistente a \u00e1cidos\" class=\"read-more\" href=\"https:\/\/keruiref.com\/pt\/material-fundido-resistente-a-acidos\/\" aria-label=\"Mais em Acid Resistant Castable\">Ler mais<\/a>","protected":false},"author":1,"featured_media":84215,"parent":0,"menu_order":0,"comment_status":"closed","ping_status":"closed","template":"","meta":{"footnotes":""},"class_list":{"0":"post-84090","1":"page","2":"type-page","3":"status-publish","4":"has-post-thumbnail","6":"no-featured-image-padding","7":"resize-featured-image"},"yoast_head":"<!-- This site is optimized with the Yoast SEO plugin v24.9 - https:\/\/yoast.com\/wordpress\/plugins\/seo\/ -->\n<title>Acid Resistant Castable - Your Refractory Bricks, Castables Manufacturer For Kiln | Kerui Refractory\u00ae Official Website<\/title>\n<meta name=\"description\" content=\"Acid-resistant castables are refractory materials mainly used in industrial furnaces and other equipment exposed to acid environments.\" \/>\n<meta name=\"robots\" content=\"index, follow, max-snippet:-1, max-image-preview:large, max-video-preview:-1\" \/>\n<link rel=\"canonical\" href=\"https:\/\/keruiref.com\/pt\/material-fundido-resistente-a-acidos\/\" \/>\n<script type=\"application\/ld+json\" class=\"yoast-schema-graph\">{\"@context\":\"https:\/\/schema.org\",\"@graph\":[{\"@type\":\"WebPage\",\"@id\":\"https:\/\/keruiref.com\/acid-resistant-castable\/\",\"url\":\"https:\/\/keruiref.com\/acid-resistant-castable\/\",\"name\":\"Acid Resistant Castable - Your Refractory Bricks, Castables Manufacturer For Kiln | Kerui Refractory\u00ae Official Website\",\"isPartOf\":{\"@id\":\"https:\/\/keruiref.com\/el\/#website\"},\"primaryImageOfPage\":{\"@id\":\"https:\/\/keruiref.com\/acid-resistant-castable\/#primaryimage\"},\"image\":{\"@id\":\"https:\/\/keruiref.com\/acid-resistant-castable\/#primaryimage\"},\"thumbnailUrl\":\"https:\/\/keruiref.com\/wp-content\/uploads\/2025\/02\/Acid-Resistant-Castable-02.webp\",\"datePublished\":\"2025-02-21T08:51:50+00:00\",\"dateModified\":\"2025-05-20T08:53:32+00:00\",\"description\":\"Acid-resistant castables are refractory materials mainly used in industrial furnaces and other equipment exposed to acid environments.\",\"breadcrumb\":{\"@id\":\"https:\/\/keruiref.com\/acid-resistant-castable\/#breadcrumb\"},\"inLanguage\":\"pt-PT\",\"potentialAction\":[{\"@type\":\"ReadAction\",\"target\":[\"https:\/\/keruiref.com\/acid-resistant-castable\/\"]}]},{\"@type\":\"ImageObject\",\"inLanguage\":\"pt-PT\",\"@id\":\"https:\/\/keruiref.com\/acid-resistant-castable\/#primaryimage\",\"url\":\"https:\/\/keruiref.com\/wp-content\/uploads\/2025\/02\/Acid-Resistant-Castable-02.webp\",\"contentUrl\":\"https:\/\/keruiref.com\/wp-content\/uploads\/2025\/02\/Acid-Resistant-Castable-02.webp\",\"width\":456,\"height\":310},{\"@type\":\"BreadcrumbList\",\"@id\":\"https:\/\/keruiref.com\/acid-resistant-castable\/#breadcrumb\",\"itemListElement\":[{\"@type\":\"ListItem\",\"position\":1,\"name\":\"Home\",\"item\":\"https:\/\/keruiref.com\/\"},{\"@type\":\"ListItem\",\"position\":2,\"name\":\"Acid Resistant Castable\"}]},{\"@type\":\"WebSite\",\"@id\":\"https:\/\/keruiref.com\/el\/#website\",\"url\":\"https:\/\/keruiref.com\/el\/\",\"name\":\"Your Refractory Bricks, Castables Manufacturer For Kiln | Kerui Refractory\u00ae Official Website\",\"description\":\"\",\"publisher\":{\"@id\":\"https:\/\/keruiref.com\/el\/#organization\"},\"potentialAction\":[{\"@type\":\"SearchAction\",\"target\":{\"@type\":\"EntryPoint\",\"urlTemplate\":\"https:\/\/keruiref.com\/el\/?s={search_term_string}\"},\"query-input\":{\"@type\":\"PropertyValueSpecification\",\"valueRequired\":true,\"valueName\":\"search_term_string\"}}],\"inLanguage\":\"pt-PT\"},{\"@type\":\"Organization\",\"@id\":\"https:\/\/keruiref.com\/el\/#organization\",\"name\":\"Your Refractory Bricks, Castables Manufacturer For Kiln | Kerui Refractory\u00ae Official Website\",\"url\":\"https:\/\/keruiref.com\/el\/\",\"logo\":{\"@type\":\"ImageObject\",\"inLanguage\":\"pt-PT\",\"@id\":\"https:\/\/keruiref.com\/el\/#\/schema\/logo\/image\/\",\"url\":\"https:\/\/keruiref.com\/wp-content\/uploads\/2024\/01\/footer-Logo.png\",\"contentUrl\":\"https:\/\/keruiref.com\/wp-content\/uploads\/2024\/01\/footer-Logo.png\",\"width\":282,\"height\":70,\"caption\":\"Your Refractory Bricks, Castables Manufacturer For Kiln | Kerui Refractory\u00ae Official Website\"},\"image\":{\"@id\":\"https:\/\/keruiref.com\/el\/#\/schema\/logo\/image\/\"}}]}<\/script>\n<!-- \/ Yoast SEO plugin. -->","yoast_head_json":{"title":"Castable resistente a \u00e1cidos - O seu fabricante de tijolos refract\u00e1rios, castables para forno | Kerui Refractory\u00ae Official Website","description":"Os materiais fundidos resistentes a \u00e1cidos s\u00e3o materiais refract\u00e1rios utilizados principalmente em fornos industriais e noutros equipamentos expostos a ambientes \u00e1cidos.","robots":{"index":"index","follow":"follow","max-snippet":"max-snippet:-1","max-image-preview":"max-image-preview:large","max-video-preview":"max-video-preview:-1"},"canonical":"https:\/\/keruiref.com\/pt\/material-fundido-resistente-a-acidos\/","schema":{"@context":"https:\/\/schema.org","@graph":[{"@type":"WebPage","@id":"https:\/\/keruiref.com\/acid-resistant-castable\/","url":"https:\/\/keruiref.com\/acid-resistant-castable\/","name":"Castable resistente a \u00e1cidos - O seu fabricante de tijolos refract\u00e1rios, castables para forno | Kerui Refractory\u00ae Official Website","isPartOf":{"@id":"https:\/\/keruiref.com\/el\/#website"},"primaryImageOfPage":{"@id":"https:\/\/keruiref.com\/acid-resistant-castable\/#primaryimage"},"image":{"@id":"https:\/\/keruiref.com\/acid-resistant-castable\/#primaryimage"},"thumbnailUrl":"https:\/\/keruiref.com\/wp-content\/uploads\/2025\/02\/Acid-Resistant-Castable-02.webp","datePublished":"2025-02-21T08:51:50+00:00","dateModified":"2025-05-20T08:53:32+00:00","description":"Os materiais fundidos resistentes a \u00e1cidos s\u00e3o materiais refract\u00e1rios utilizados principalmente em fornos industriais e noutros equipamentos expostos a ambientes \u00e1cidos.","breadcrumb":{"@id":"https:\/\/keruiref.com\/acid-resistant-castable\/#breadcrumb"},"inLanguage":"pt-PT","potentialAction":[{"@type":"ReadAction","target":["https:\/\/keruiref.com\/acid-resistant-castable\/"]}]},{"@type":"ImageObject","inLanguage":"pt-PT","@id":"https:\/\/keruiref.com\/acid-resistant-castable\/#primaryimage","url":"https:\/\/keruiref.com\/wp-content\/uploads\/2025\/02\/Acid-Resistant-Castable-02.webp","contentUrl":"https:\/\/keruiref.com\/wp-content\/uploads\/2025\/02\/Acid-Resistant-Castable-02.webp","width":456,"height":310},{"@type":"BreadcrumbList","@id":"https:\/\/keruiref.com\/acid-resistant-castable\/#breadcrumb","itemListElement":[{"@type":"ListItem","position":1,"name":"Home","item":"https:\/\/keruiref.com\/"},{"@type":"ListItem","position":2,"name":"Acid Resistant Castable"}]},{"@type":"WebSite","@id":"https:\/\/keruiref.com\/el\/#website","url":"https:\/\/keruiref.com\/el\/","name":"O seu fabricante de tijolos refract\u00e1rios e de materiais de moldagem para fornos | Kerui Refractory\u00ae Official Website","description":"","publisher":{"@id":"https:\/\/keruiref.com\/el\/#organization"},"potentialAction":[{"@type":"SearchAction","target":{"@type":"EntryPoint","urlTemplate":"https:\/\/keruiref.com\/el\/?s={search_term_string}"},"query-input":{"@type":"PropertyValueSpecification","valueRequired":true,"valueName":"search_term_string"}}],"inLanguage":"pt-PT"},{"@type":"Organization","@id":"https:\/\/keruiref.com\/el\/#organization","name":"O seu fabricante de tijolos refract\u00e1rios e de materiais de moldagem para fornos | Kerui Refractory\u00ae Official Website","url":"https:\/\/keruiref.com\/el\/","logo":{"@type":"ImageObject","inLanguage":"pt-PT","@id":"https:\/\/keruiref.com\/el\/#\/schema\/logo\/image\/","url":"https:\/\/keruiref.com\/wp-content\/uploads\/2024\/01\/footer-Logo.png","contentUrl":"https:\/\/keruiref.com\/wp-content\/uploads\/2024\/01\/footer-Logo.png","width":282,"height":70,"caption":"Your Refractory Bricks, Castables Manufacturer For Kiln | Kerui Refractory\u00ae Official Website"},"image":{"@id":"https:\/\/keruiref.com\/el\/#\/schema\/logo\/image\/"}}]}},"_links":{"self":[{"href":"https:\/\/keruiref.com\/pt\/wp-json\/wp\/v2\/pages\/84090","targetHints":{"allow":["GET"]}}],"collection":[{"href":"https:\/\/keruiref.com\/pt\/wp-json\/wp\/v2\/pages"}],"about":[{"href":"https:\/\/keruiref.com\/pt\/wp-json\/wp\/v2\/types\/page"}],"author":[{"embeddable":true,"href":"https:\/\/keruiref.com\/pt\/wp-json\/wp\/v2\/users\/1"}],"replies":[{"embeddable":true,"href":"https:\/\/keruiref.com\/pt\/wp-json\/wp\/v2\/comments?post=84090"}],"version-history":[{"count":0,"href":"https:\/\/keruiref.com\/pt\/wp-json\/wp\/v2\/pages\/84090\/revisions"}],"wp:featuredmedia":[{"embeddable":true,"href":"https:\/\/keruiref.com\/pt\/wp-json\/wp\/v2\/media\/84215"}],"wp:attachment":[{"href":"https:\/\/keruiref.com\/pt\/wp-json\/wp\/v2\/media?parent=84090"}],"curies":[{"name":"wp","href":"https:\/\/api.w.org\/{rel}","templated":true}]}}