{"id":84079,"date":"2025-02-21T09:50:44","date_gmt":"2025-02-21T01:50:44","guid":{"rendered":"https:\/\/keruiref.com\/?page_id=84079"},"modified":"2025-05-27T15:08:50","modified_gmt":"2025-05-27T07:08:50","slug":"runner-brick","status":"publish","type":"page","link":"https:\/\/keruiref.com\/pt\/runner-brick\/","title":{"rendered":"Tijolo de correr"},"content":{"rendered":"<div class=\"page_model product_info\">\n<div class=\"preview\"><img loading=\"lazy\" decoding=\"async\" class=\"alignnone wp-image-84082 size-full\" src=\"https:\/\/keruiref.com\/wp-content\/uploads\/2025\/02\/\u7b52\u781601.webp\" alt=\"\" width=\"660\" height=\"495\" srcset=\"https:\/\/keruiref.com\/wp-content\/uploads\/2025\/02\/\u7b52\u781601.webp 660w, https:\/\/keruiref.com\/wp-content\/uploads\/2025\/02\/\u7b52\u781601-300x225.webp 300w\" sizes=\"auto, (max-width: 660px) 100vw, 660px\" \/><\/div>\n<div class=\"info\">\n<h1>Tijolo de correr<\/h1>\n<ul>\n<li>Al2O3 %: &gt;36<\/li>\n<li>Porosidade aparente %: 17-26;<\/li>\n<li>Densidade a granel g\/cm3: &gt;2.1;<\/li>\n<li>Refractariedade \u2103: &gt;1700;<\/li>\n<li>Certifica\u00e7\u00e3o: ISO9001\/ISO14001\/ISO45001\/ISO50001;<\/li>\n<li>Amostra: dispon\u00edvel;<\/li>\n<\/ul>\n<div class=\"tags\">\n<p>Alta qualidade<\/p>\n<p>Pre\u00e7o razo\u00e1vel<\/p>\n<p>Produtos e solu\u00e7\u00f5es personaliz\u00e1veis<\/p>\n<p>Entrega atempada<\/p>\n<p>7\/24\/365 Ao vosso servi\u00e7o<\/p>\n<\/div>\n<p><a class=\"inruiry fancybox\" href=\"#contact_form_pop\">inqu\u00e9rito agora<\/a><a class=\"email-btn\" href=\"mailto:market@keruiref.com\">enviar correio eletr\u00f3nico<\/a><\/p>\n<\/div>\n<\/div>\n<div class=\"page_model\">\n<h2>Descri\u00e7\u00e3o do Runner Brick<\/h2>\n<p>Os tijolos de rodagem s\u00e3o materiais refract\u00e1rios especiais utilizados em processos de fundi\u00e7\u00e3o e metal\u00fargicos. S\u00e3o feitos de materiais refract\u00e1rios de alta qualidade, como a alumina ou a zirc\u00f3nia.<\/p>\n<p>Podemos fornecer uma gama completa de tijolos de vazamento para fundi\u00e7\u00e3o de lingotes. A fim de satisfazer os requisitos espec\u00edficos de cada f\u00e1brica de a\u00e7o, estabelecemos uma variedade de moldes, pelo que podemos produzir produtos personalizados ou formas especiais de acordo com diferentes requisitos de produ\u00e7\u00e3o.<\/p>\n<div class='content-column full_width'><img loading=\"lazy\" decoding=\"async\" class=\"alignnone wp-image-84081 size-full\" src=\"https:\/\/keruiref.com\/wp-content\/uploads\/2025\/02\/\u7b52\u7816.webp\" alt=\"\" width=\"1400\" height=\"310\" srcset=\"https:\/\/keruiref.com\/wp-content\/uploads\/2025\/02\/\u7b52\u7816.webp 1400w, https:\/\/keruiref.com\/wp-content\/uploads\/2025\/02\/\u7b52\u7816-300x66.webp 300w, https:\/\/keruiref.com\/wp-content\/uploads\/2025\/02\/\u7b52\u7816-1024x227.webp 1024w, https:\/\/keruiref.com\/wp-content\/uploads\/2025\/02\/\u7b52\u7816-768x170.webp 768w\" sizes=\"auto, (max-width: 1400px) 100vw, 1400px\" \/><\/div>\n<p><center><a class=\"fancybox price\" href=\"#contact_form_pop\">OBTER PRE\u00c7O<\/a><\/center><\/p>\n<div class=\"fancybox-hidden\" style=\"display: none;\">\n<div id=\"contact_form_pop\">\n<div class=\"wpcf7 no-js\" id=\"wpcf7-f328-o1\" lang=\"en-US\" dir=\"ltr\" data-wpcf7-id=\"328\">\n<div class=\"screen-reader-response\">\n<p role=\"status\" aria-live=\"polite\" aria-atomic=\"true\">\n<ul><\/ul>\n<\/div>\n<form action=\"\/pt\/wp-json\/wp\/v2\/pages\/84079#wpcf7-f328-o1\" method=\"post\" class=\"wpcf7-form init\" aria-label=\"Formul\u00e1rio de contacto\" novalidate=\"novalidate\" data-status=\"init\" data-trp-original-action=\"\/pt\/wp-json\/wp\/v2\/pages\/84079#wpcf7-f328-o1\">\n<div style=\"display: none;\">\n<input type=\"hidden\" name=\"_wpcf7\" value=\"328\" \/><br \/>\n<input type=\"hidden\" name=\"_wpcf7_version\" value=\"6.0.4\" \/><br \/>\n<input type=\"hidden\" name=\"_wpcf7_locale\" value=\"en_US\" \/><br \/>\n<input type=\"hidden\" name=\"_wpcf7_unit_tag\" value=\"wpcf7-f328-o1\" \/><br \/>\n<input type=\"hidden\" name=\"_wpcf7_container_post\" value=\"0\" \/><br \/>\n<input type=\"hidden\" name=\"_wpcf7_posted_data_hash\" value=\"\" \/><br \/>\n<input type=\"hidden\" name=\"_wpcf7_recaptcha_response\" value=\"\" \/>\n<\/div>\n<div class=\"form-box\" id=\"Contact-Us\">\n<div class=\"isleft\">\n<div class=\"contact-title\">\n<p>Contactar-nos\n\t\t\t<\/p>\n<\/p><\/div>\n<div class=\"contactp\">\n<p>Por favor, sinta-se livre para dar o seu inqu\u00e9rito no formul\u00e1rio correto. Responder-lhe-emos no prazo de 6 horas.\n\t\t\t<\/p>\n<\/p><\/div>\n<ul class=\"contact\">\n<li class=\"email\">\n<p><img decoding=\"async\" src=\"https:\/\/keruiref.com\/wp-content\/uploads\/2023\/12\/email.png\" alt=\"\" \/>Correio eletr\u00f3nico:\n\t\t\t\t<\/p>\n<p><a href=\"mailto:market@keruiref.com\">market@keruiref.com<\/a>\n\t\t\t\t<\/p>\n<\/li>\n<li class=\"phone\">\n<p><img decoding=\"async\" src=\"https:\/\/keruiref.com\/wp-content\/uploads\/2023\/12\/tel.png\" alt=\"\" \/>Telefone\/whatsapp:\n\t\t\t\t<\/p>\n<p><a href=\"https:\/\/wa.me\/8619138178880\">+86 19138178880<\/a>\n\t\t\t\t<\/p>\n<\/li>\n<li class=\"location\">\n<p><img decoding=\"async\" src=\"https:\/\/keruiref.com\/wp-content\/uploads\/2023\/12\/Location.png\" alt=\"\" \/>Base de fabrico:\n\t\t\t\t<\/p>\n<p>Zona da Ind\u00fastria Refract\u00e1ria de Chaohua,<br \/>\nCidade de Xinmi, prov\u00edncia de Henan, China\n\t\t\t\t<\/p>\n<\/li>\n<\/ul><\/div>\n<div class=\"isright\">\n<ul class=\"contact-input\">\n<li>\n<div class=\"islabel\">\n<p>* Nome:\n\t\t\t\t\t<\/p>\n<\/p><\/div>\n<p><span class=\"wpcf7-form-control-wrap\" data-name=\"your-name\"><input size=\"40\" maxlength=\"400\" class=\"wpcf7-form-control wpcf7-text wpcf7-validates-as-required\" aria-required=\"true\" aria-invalid=\"false\" placeholder=\"\" value=\"\" type=\"text\" name=\"your-name\" \/><\/span>\n\t\t\t\t<\/p>\n<\/li>\n<li>\n<div class=\"islabel\">\n<p>* Correio eletr\u00f3nico:\n\t\t\t\t\t<\/p>\n<\/p><\/div>\n<p><span class=\"wpcf7-form-control-wrap\" data-name=\"your-email\"><input size=\"40\" maxlength=\"400\" class=\"wpcf7-form-control wpcf7-email wpcf7-validates-as-required wpcf7-text wpcf7-validates-as-email\" aria-required=\"true\" aria-invalid=\"false\" placeholder=\"\" value=\"\" type=\"email\" name=\"your-email\" \/><\/span>\n\t\t\t\t<\/p>\n<\/li>\n<li>\n<div class=\"islabel\">\n<p>* Telefone\/Whatsapp:\n\t\t\t\t\t<\/p>\n<\/p><\/div>\n<p><span class=\"wpcf7-form-control-wrap\" data-name=\"your-phone\"><input size=\"40\" maxlength=\"400\" class=\"wpcf7-form-control wpcf7-tel wpcf7-text wpcf7-validates-as-tel\" aria-invalid=\"false\" placeholder=\"\" value=\"\" type=\"tel\" name=\"your-phone\" \/><\/span>\n\t\t\t\t<\/p>\n<\/li>\n<li>\n<div class=\"islabel\">\n<p>Pa\u00eds:\n\t\t\t\t\t<\/p>\n<\/p><\/div>\n<p><span class=\"wpcf7-form-control-wrap\" data-name=\"your-country\"><input size=\"40\" maxlength=\"400\" class=\"wpcf7-form-control wpcf7-text\" aria-invalid=\"false\" placeholder=\"\" value=\"\" type=\"text\" name=\"your-country\" \/><\/span>\n\t\t\t\t<\/p>\n<\/li>\n<li class=\"ismassage\">\n<div class=\"islabel\">\n<p>* Mensagem:\n\t\t\t\t\t<\/p>\n<\/p><\/div>\n<p><span class=\"wpcf7-form-control-wrap\" data-name=\"your-msg\"><textarea cols=\"40\" rows=\"10\" maxlength=\"2000\" class=\"wpcf7-form-control wpcf7-textarea wpcf7-validates-as-required\" aria-required=\"true\" aria-invalid=\"false\" name=\"your-msg\"><\/textarea><\/span>\n\t\t\t\t<\/p>\n<\/li>\n<li class=\"wpcf7-btns-box\">\n<div class=\"isFileName\">\n\t\t\t\t<\/div>\n<div class=\"wpcf7-btns\">\n<p><input class=\"wpcf7-form-control wpcf7-submit has-spinner\" type=\"submit\" value=\"ENVIAR\" \/>\n\t\t\t\t\t<\/p>\n<\/p><\/div>\n<\/li>\n<\/ul><\/div>\n<\/div>\n<div class=\"wpcf7-response-output\" aria-hidden=\"true\"><\/div>\n<input type=\"hidden\" name=\"trp-form-language\" value=\"pt\"\/><\/form>\n<\/div>\n<\/div>\n<\/div>\n<h2>Dados t\u00e9cnicos de Kerui Runner Brick<\/h2>\n<table id=\"tablepress-66\" class=\"tablepress tablepress-id-66\">\n<thead>\n<tr class=\"row-1\">\n<th class=\"column-1\">Modelo<\/th>\n<th class=\"column-2\">FC-36<\/th>\n<th class=\"column-3\">FC-40<\/th>\n<th class=\"column-4\">HL-48<\/th>\n<th class=\"column-5\">HL-55<\/th>\n<th class=\"column-6\">HL-65<\/th>\n<th class=\"column-7\">HL-70<\/th>\n<\/tr>\n<\/thead>\n<tbody class=\"row-striping row-hover\">\n<tr class=\"row-2\">\n<td class=\"column-1\">Al2O3 %<\/td>\n<td class=\"column-2\">>36<\/td>\n<td class=\"column-3\">>40<\/td>\n<td class=\"column-4\">>48<\/td>\n<td class=\"column-5\">>55<\/td>\n<td class=\"column-6\">>65<\/td>\n<td class=\"column-7\">>70<\/td>\n<\/tr>\n<tr class=\"row-3\">\n<td class=\"column-1\">Fe2O3 %<\/td>\n<td class=\"column-2\"><2.0<\/td>\n<td class=\"column-3\"><1.8<\/td>\n<td class=\"column-4\"><2.0<\/td>\n<td class=\"column-5\"><2.0<\/td>\n<td class=\"column-6\"><2.0<\/td>\n<td class=\"column-7\"><1.5<\/td>\n<\/tr>\n<tr class=\"row-4\">\n<td class=\"column-1\">Alcalinidade %<\/td>\n<td class=\"column-2\"><1.8<\/td>\n<td class=\"column-3\"><1.8<\/td>\n<td class=\"column-4\"><1.8<\/td>\n<td class=\"column-5\"><1.8<\/td>\n<td class=\"column-6\"><1.8<\/td>\n<td class=\"column-7\"><1.8<\/td>\n<\/tr>\n<tr class=\"row-5\">\n<td class=\"column-1\">Porosidade aparente %<\/td>\n<td class=\"column-2\">17-25<\/td>\n<td class=\"column-3\"><22<\/td>\n<td class=\"column-4\"><25<\/td>\n<td class=\"column-5\"><26<\/td>\n<td class=\"column-6\"><26<\/td>\n<td class=\"column-7\"><25<\/td>\n<\/tr>\n<tr class=\"row-6\">\n<td class=\"column-1\">Densidade a granel g\/cm3<\/td>\n<td class=\"column-2\">>2.1<\/td>\n<td class=\"column-3\">>2.18<\/td>\n<td class=\"column-4\">>2.2<\/td>\n<td class=\"column-5\">>2.25<\/td>\n<td class=\"column-6\">>2.3<\/td>\n<td class=\"column-7\">>2.35<\/td>\n<\/tr>\n<tr class=\"row-7\">\n<td class=\"column-1\">Refractariedade \u2103<\/td>\n<td class=\"column-2\">>1700<\/td>\n<td class=\"column-3\">>1710<\/td>\n<td class=\"column-4\">>1750<\/td>\n<td class=\"column-5\">>1770<\/td>\n<td class=\"column-6\">>1790<\/td>\n<td class=\"column-7\">>1790<\/td>\n<\/tr>\n<\/tbody>\n<\/table>\n<p><!-- #tablepress-66 from cache --><\/p>\n<p><img loading=\"lazy\" decoding=\"async\" class=\"alignnone size-full wp-image-11194\" src=\"https:\/\/keruiref.com\/wp-content\/uploads\/2023\/09\/certificate.jpg\" alt=\"certificado\" width=\"1600\" height=\"680\" srcset=\"https:\/\/keruiref.com\/wp-content\/uploads\/2023\/09\/certificate.jpg 1600w, https:\/\/keruiref.com\/wp-content\/uploads\/2023\/09\/certificate-300x128.jpg 300w, https:\/\/keruiref.com\/wp-content\/uploads\/2023\/09\/certificate-1024x435.jpg 1024w, https:\/\/keruiref.com\/wp-content\/uploads\/2023\/09\/certificate-768x326.jpg 768w, https:\/\/keruiref.com\/wp-content\/uploads\/2023\/09\/certificate-1536x653.jpg 1536w\" sizes=\"auto, (max-width: 1600px) 100vw, 1600px\" \/><\/p>\n<h2>Aplica\u00e7\u00e3o do tijolo corrido<\/h2>\n<p>Os tijolos de rodagem s\u00e3o cruciais nas fundi\u00e7\u00f5es e na produ\u00e7\u00e3o de a\u00e7o. Nas fundi\u00e7\u00f5es, guiam o metal fundido para os moldes, assegurando uma fundi\u00e7\u00e3o precisa. Nas siderurgias, s\u00e3o utilizados em linhas de fundi\u00e7\u00e3o cont\u00ednua, suportando a\u00e7o de alta temperatura para permitir uma produ\u00e7\u00e3o suave e eficiente.<br \/>\n<img loading=\"lazy\" decoding=\"async\" class=\"alignnone size-full wp-image-11210\" src=\"https:\/\/keruiref.com\/wp-content\/uploads\/2023\/09\/case.jpg\" alt=\"casos\" width=\"1600\" height=\"720\" srcset=\"https:\/\/keruiref.com\/wp-content\/uploads\/2023\/09\/case.jpg 1600w, https:\/\/keruiref.com\/wp-content\/uploads\/2023\/09\/case-300x135.jpg 300w, https:\/\/keruiref.com\/wp-content\/uploads\/2023\/09\/case-1024x461.jpg 1024w, https:\/\/keruiref.com\/wp-content\/uploads\/2023\/09\/case-768x346.jpg 768w, https:\/\/keruiref.com\/wp-content\/uploads\/2023\/09\/case-1536x691.jpg 1536w\" sizes=\"auto, (max-width: 1600px) 100vw, 1600px\" \/><\/p>\n<h2>Vantagens do tijolo corrido<\/h2>\n<p>1. High heat resistance<br \/>\n2. Excellent corrosion resistance<br \/>\n3. Good chemical stability<br \/>\n4. High mechanical strength<\/p>\n<p><img loading=\"lazy\" decoding=\"async\" class=\"alignnone size-full wp-image-11197\" src=\"https:\/\/keruiref.com\/wp-content\/uploads\/2023\/09\/Kerui-Customers.jpg\" alt=\"Clientes Kerui\" width=\"1600\" height=\"750\" srcset=\"https:\/\/keruiref.com\/wp-content\/uploads\/2023\/09\/Kerui-Customers.jpg 1600w, https:\/\/keruiref.com\/wp-content\/uploads\/2023\/09\/Kerui-Customers-300x141.jpg 300w, https:\/\/keruiref.com\/wp-content\/uploads\/2023\/09\/Kerui-Customers-1024x480.jpg 1024w, https:\/\/keruiref.com\/wp-content\/uploads\/2023\/09\/Kerui-Customers-768x360.jpg 768w, https:\/\/keruiref.com\/wp-content\/uploads\/2023\/09\/Kerui-Customers-1536x720.jpg 1536w\" sizes=\"auto, (max-width: 1600px) 100vw, 1600px\" \/><\/p>\n<\/div>\n<div id=\"INQUIRY\" class=\"page_model\">\n<div class=\"wpcf7 no-js\" id=\"wpcf7-f328-o2\" lang=\"en-US\" dir=\"ltr\" data-wpcf7-id=\"328\">\n<div class=\"screen-reader-response\">\n<p role=\"status\" aria-live=\"polite\" aria-atomic=\"true\">\n<ul><\/ul>\n<\/div>\n<form action=\"\/pt\/wp-json\/wp\/v2\/pages\/84079#wpcf7-f328-o2\" method=\"post\" class=\"wpcf7-form init\" aria-label=\"Formul\u00e1rio de contacto\" novalidate=\"novalidate\" data-status=\"init\" data-trp-original-action=\"\/pt\/wp-json\/wp\/v2\/pages\/84079#wpcf7-f328-o2\">\n<div style=\"display: none;\">\n<input type=\"hidden\" name=\"_wpcf7\" value=\"328\" \/><br \/>\n<input type=\"hidden\" name=\"_wpcf7_version\" value=\"6.0.4\" \/><br \/>\n<input type=\"hidden\" name=\"_wpcf7_locale\" value=\"en_US\" \/><br \/>\n<input type=\"hidden\" name=\"_wpcf7_unit_tag\" value=\"wpcf7-f328-o2\" \/><br \/>\n<input type=\"hidden\" name=\"_wpcf7_container_post\" value=\"0\" \/><br \/>\n<input type=\"hidden\" name=\"_wpcf7_posted_data_hash\" value=\"\" \/><br \/>\n<input type=\"hidden\" name=\"_wpcf7_recaptcha_response\" value=\"\" \/>\n<\/div>\n<div class=\"form-box\" id=\"Contact-Us\">\n<div class=\"isleft\">\n<div class=\"contact-title\">\n<p>Contactar-nos\n\t\t\t<\/p>\n<\/p><\/div>\n<div class=\"contactp\">\n<p>Por favor, sinta-se livre para dar o seu inqu\u00e9rito no formul\u00e1rio correto. Responder-lhe-emos no prazo de 6 horas.\n\t\t\t<\/p>\n<\/p><\/div>\n<ul class=\"contact\">\n<li class=\"email\">\n<p><img decoding=\"async\" src=\"https:\/\/keruiref.com\/wp-content\/uploads\/2023\/12\/email.png\" alt=\"\" \/>Correio eletr\u00f3nico:\n\t\t\t\t<\/p>\n<p><a href=\"mailto:market@keruiref.com\">market@keruiref.com<\/a>\n\t\t\t\t<\/p>\n<\/li>\n<li class=\"phone\">\n<p><img decoding=\"async\" src=\"https:\/\/keruiref.com\/wp-content\/uploads\/2023\/12\/tel.png\" alt=\"\" \/>Telefone\/whatsapp:\n\t\t\t\t<\/p>\n<p><a href=\"https:\/\/wa.me\/8619138178880\">+86 19138178880<\/a>\n\t\t\t\t<\/p>\n<\/li>\n<li class=\"location\">\n<p><img decoding=\"async\" src=\"https:\/\/keruiref.com\/wp-content\/uploads\/2023\/12\/Location.png\" alt=\"\" \/>Base de fabrico:\n\t\t\t\t<\/p>\n<p>Zona da Ind\u00fastria Refract\u00e1ria de Chaohua,<br \/>\nCidade de Xinmi, prov\u00edncia de Henan, China\n\t\t\t\t<\/p>\n<\/li>\n<\/ul><\/div>\n<div class=\"isright\">\n<ul class=\"contact-input\">\n<li>\n<div class=\"islabel\">\n<p>* Nome:\n\t\t\t\t\t<\/p>\n<\/p><\/div>\n<p><span class=\"wpcf7-form-control-wrap\" data-name=\"your-name\"><input size=\"40\" maxlength=\"400\" class=\"wpcf7-form-control wpcf7-text wpcf7-validates-as-required\" aria-required=\"true\" aria-invalid=\"false\" placeholder=\"\" value=\"\" type=\"text\" name=\"your-name\" \/><\/span>\n\t\t\t\t<\/p>\n<\/li>\n<li>\n<div class=\"islabel\">\n<p>* Correio eletr\u00f3nico:\n\t\t\t\t\t<\/p>\n<\/p><\/div>\n<p><span class=\"wpcf7-form-control-wrap\" data-name=\"your-email\"><input size=\"40\" maxlength=\"400\" class=\"wpcf7-form-control wpcf7-email wpcf7-validates-as-required wpcf7-text wpcf7-validates-as-email\" aria-required=\"true\" aria-invalid=\"false\" placeholder=\"\" value=\"\" type=\"email\" name=\"your-email\" \/><\/span>\n\t\t\t\t<\/p>\n<\/li>\n<li>\n<div class=\"islabel\">\n<p>* Telefone\/Whatsapp:\n\t\t\t\t\t<\/p>\n<\/p><\/div>\n<p><span class=\"wpcf7-form-control-wrap\" data-name=\"your-phone\"><input size=\"40\" maxlength=\"400\" class=\"wpcf7-form-control wpcf7-tel wpcf7-text wpcf7-validates-as-tel\" aria-invalid=\"false\" placeholder=\"\" value=\"\" type=\"tel\" name=\"your-phone\" \/><\/span>\n\t\t\t\t<\/p>\n<\/li>\n<li>\n<div class=\"islabel\">\n<p>Pa\u00eds:\n\t\t\t\t\t<\/p>\n<\/p><\/div>\n<p><span class=\"wpcf7-form-control-wrap\" data-name=\"your-country\"><input size=\"40\" maxlength=\"400\" class=\"wpcf7-form-control wpcf7-text\" aria-invalid=\"false\" placeholder=\"\" value=\"\" type=\"text\" name=\"your-country\" \/><\/span>\n\t\t\t\t<\/p>\n<\/li>\n<li class=\"ismassage\">\n<div class=\"islabel\">\n<p>* Mensagem:\n\t\t\t\t\t<\/p>\n<\/p><\/div>\n<p><span class=\"wpcf7-form-control-wrap\" data-name=\"your-msg\"><textarea cols=\"40\" rows=\"10\" maxlength=\"2000\" class=\"wpcf7-form-control wpcf7-textarea wpcf7-validates-as-required\" aria-required=\"true\" aria-invalid=\"false\" name=\"your-msg\"><\/textarea><\/span>\n\t\t\t\t<\/p>\n<\/li>\n<li class=\"wpcf7-btns-box\">\n<div class=\"isFileName\">\n\t\t\t\t<\/div>\n<div class=\"wpcf7-btns\">\n<p><input class=\"wpcf7-form-control wpcf7-submit has-spinner\" type=\"submit\" value=\"ENVIAR\" \/>\n\t\t\t\t\t<\/p>\n<\/p><\/div>\n<\/li>\n<\/ul><\/div>\n<\/div>\n<div class=\"wpcf7-response-output\" aria-hidden=\"true\"><\/div>\n<input type=\"hidden\" name=\"trp-form-language\" value=\"pt\"\/><\/form>\n<\/div>\n<\/div>\n<div class=\"page_model\"><\/div>","protected":false},"excerpt":{"rendered":"Runner Brick Al2O3 %: &gt;36 Apparent porosity %: 17-26; Bulk Density g\/cm3: &gt;2.1; Refractoriness \u2103: &gt;1700; Certification: ISO9001\/ISO14001\/ISO45001\/ISO50001; Sample: available; High Quality Reasonable Price Customizable Products &amp; Solutions Timely Delivery 7\/24\/365 At Your Service inquiry nowsend email Description of Runner Brick Runner bricks are special &#8230; <a title=\"Tijolo de correr\" class=\"read-more\" href=\"https:\/\/keruiref.com\/pt\/runner-brick\/\" aria-label=\"Mais em Runner Brick\">Ler mais<\/a>","protected":false},"author":1,"featured_media":84082,"parent":0,"menu_order":0,"comment_status":"closed","ping_status":"closed","template":"","meta":{"footnotes":""},"class_list":{"0":"post-84079","1":"page","2":"type-page","3":"status-publish","4":"has-post-thumbnail","6":"no-featured-image-padding","7":"resize-featured-image"},"yoast_head":"<!-- This site is optimized with the Yoast SEO plugin v24.9 - https:\/\/yoast.com\/wordpress\/plugins\/seo\/ -->\n<title>Runner Brick - Your Refractory Bricks, Castables Manufacturer For Kiln | Kerui Refractory\u00ae Official Website<\/title>\n<meta name=\"description\" content=\"Runner bricks guide molten metal in foundries, forming channels in molds to ensure smooth, controlled metal flow during casting.\" \/>\n<meta name=\"robots\" content=\"index, follow, max-snippet:-1, max-image-preview:large, max-video-preview:-1\" \/>\n<link rel=\"canonical\" href=\"https:\/\/keruiref.com\/pt\/runner-brick\/\" \/>\n<script type=\"application\/ld+json\" class=\"yoast-schema-graph\">{\"@context\":\"https:\/\/schema.org\",\"@graph\":[{\"@type\":\"WebPage\",\"@id\":\"https:\/\/keruiref.com\/runner-brick\/\",\"url\":\"https:\/\/keruiref.com\/runner-brick\/\",\"name\":\"Runner Brick - Your Refractory Bricks, Castables Manufacturer For Kiln | Kerui Refractory\u00ae Official Website\",\"isPartOf\":{\"@id\":\"https:\/\/keruiref.com\/el\/#website\"},\"primaryImageOfPage\":{\"@id\":\"https:\/\/keruiref.com\/runner-brick\/#primaryimage\"},\"image\":{\"@id\":\"https:\/\/keruiref.com\/runner-brick\/#primaryimage\"},\"thumbnailUrl\":\"https:\/\/keruiref.com\/wp-content\/uploads\/2025\/02\/\u7b52\u781601.webp\",\"datePublished\":\"2025-02-21T01:50:44+00:00\",\"dateModified\":\"2025-05-27T07:08:50+00:00\",\"description\":\"Runner bricks guide molten metal in foundries, forming channels in molds to ensure smooth, controlled metal flow during casting.\",\"breadcrumb\":{\"@id\":\"https:\/\/keruiref.com\/runner-brick\/#breadcrumb\"},\"inLanguage\":\"pt-PT\",\"potentialAction\":[{\"@type\":\"ReadAction\",\"target\":[\"https:\/\/keruiref.com\/runner-brick\/\"]}]},{\"@type\":\"ImageObject\",\"inLanguage\":\"pt-PT\",\"@id\":\"https:\/\/keruiref.com\/runner-brick\/#primaryimage\",\"url\":\"https:\/\/keruiref.com\/wp-content\/uploads\/2025\/02\/\u7b52\u781601.webp\",\"contentUrl\":\"https:\/\/keruiref.com\/wp-content\/uploads\/2025\/02\/\u7b52\u781601.webp\",\"width\":660,\"height\":495},{\"@type\":\"BreadcrumbList\",\"@id\":\"https:\/\/keruiref.com\/runner-brick\/#breadcrumb\",\"itemListElement\":[{\"@type\":\"ListItem\",\"position\":1,\"name\":\"Home\",\"item\":\"https:\/\/keruiref.com\/\"},{\"@type\":\"ListItem\",\"position\":2,\"name\":\"Runner Brick\"}]},{\"@type\":\"WebSite\",\"@id\":\"https:\/\/keruiref.com\/el\/#website\",\"url\":\"https:\/\/keruiref.com\/el\/\",\"name\":\"Your Refractory Bricks, Castables Manufacturer For Kiln | Kerui Refractory\u00ae Official Website\",\"description\":\"\",\"publisher\":{\"@id\":\"https:\/\/keruiref.com\/el\/#organization\"},\"potentialAction\":[{\"@type\":\"SearchAction\",\"target\":{\"@type\":\"EntryPoint\",\"urlTemplate\":\"https:\/\/keruiref.com\/el\/?s={search_term_string}\"},\"query-input\":{\"@type\":\"PropertyValueSpecification\",\"valueRequired\":true,\"valueName\":\"search_term_string\"}}],\"inLanguage\":\"pt-PT\"},{\"@type\":\"Organization\",\"@id\":\"https:\/\/keruiref.com\/el\/#organization\",\"name\":\"Your Refractory Bricks, Castables Manufacturer For Kiln | Kerui Refractory\u00ae Official Website\",\"url\":\"https:\/\/keruiref.com\/el\/\",\"logo\":{\"@type\":\"ImageObject\",\"inLanguage\":\"pt-PT\",\"@id\":\"https:\/\/keruiref.com\/el\/#\/schema\/logo\/image\/\",\"url\":\"https:\/\/keruiref.com\/wp-content\/uploads\/2024\/01\/footer-Logo.png\",\"contentUrl\":\"https:\/\/keruiref.com\/wp-content\/uploads\/2024\/01\/footer-Logo.png\",\"width\":282,\"height\":70,\"caption\":\"Your Refractory Bricks, Castables Manufacturer For Kiln | Kerui Refractory\u00ae Official Website\"},\"image\":{\"@id\":\"https:\/\/keruiref.com\/el\/#\/schema\/logo\/image\/\"}}]}<\/script>\n<!-- \/ Yoast SEO plugin. -->","yoast_head_json":{"title":"Runner Brick - Your Refractory Bricks, Castables Manufacturer For Kiln | Kerui Refractory\u00ae Official Website","description":"Runner bricks guide molten metal in foundries, forming channels in molds to ensure smooth, controlled metal flow during casting.","robots":{"index":"index","follow":"follow","max-snippet":"max-snippet:-1","max-image-preview":"max-image-preview:large","max-video-preview":"max-video-preview:-1"},"canonical":"https:\/\/keruiref.com\/pt\/runner-brick\/","schema":{"@context":"https:\/\/schema.org","@graph":[{"@type":"WebPage","@id":"https:\/\/keruiref.com\/runner-brick\/","url":"https:\/\/keruiref.com\/runner-brick\/","name":"Runner Brick - Your Refractory Bricks, Castables Manufacturer For Kiln | Kerui Refractory\u00ae Official Website","isPartOf":{"@id":"https:\/\/keruiref.com\/el\/#website"},"primaryImageOfPage":{"@id":"https:\/\/keruiref.com\/runner-brick\/#primaryimage"},"image":{"@id":"https:\/\/keruiref.com\/runner-brick\/#primaryimage"},"thumbnailUrl":"https:\/\/keruiref.com\/wp-content\/uploads\/2025\/02\/\u7b52\u781601.webp","datePublished":"2025-02-21T01:50:44+00:00","dateModified":"2025-05-27T07:08:50+00:00","description":"Runner bricks guide molten metal in foundries, forming channels in molds to ensure smooth, controlled metal flow during casting.","breadcrumb":{"@id":"https:\/\/keruiref.com\/runner-brick\/#breadcrumb"},"inLanguage":"pt-PT","potentialAction":[{"@type":"ReadAction","target":["https:\/\/keruiref.com\/runner-brick\/"]}]},{"@type":"ImageObject","inLanguage":"pt-PT","@id":"https:\/\/keruiref.com\/runner-brick\/#primaryimage","url":"https:\/\/keruiref.com\/wp-content\/uploads\/2025\/02\/\u7b52\u781601.webp","contentUrl":"https:\/\/keruiref.com\/wp-content\/uploads\/2025\/02\/\u7b52\u781601.webp","width":660,"height":495},{"@type":"BreadcrumbList","@id":"https:\/\/keruiref.com\/runner-brick\/#breadcrumb","itemListElement":[{"@type":"ListItem","position":1,"name":"Home","item":"https:\/\/keruiref.com\/"},{"@type":"ListItem","position":2,"name":"Runner Brick"}]},{"@type":"WebSite","@id":"https:\/\/keruiref.com\/el\/#website","url":"https:\/\/keruiref.com\/el\/","name":"O seu fabricante de tijolos refract\u00e1rios e de materiais de moldagem para fornos | Kerui Refractory\u00ae Official Website","description":"","publisher":{"@id":"https:\/\/keruiref.com\/el\/#organization"},"potentialAction":[{"@type":"SearchAction","target":{"@type":"EntryPoint","urlTemplate":"https:\/\/keruiref.com\/el\/?s={search_term_string}"},"query-input":{"@type":"PropertyValueSpecification","valueRequired":true,"valueName":"search_term_string"}}],"inLanguage":"pt-PT"},{"@type":"Organization","@id":"https:\/\/keruiref.com\/el\/#organization","name":"O seu fabricante de tijolos refract\u00e1rios e de materiais de moldagem para fornos | Kerui Refractory\u00ae Official Website","url":"https:\/\/keruiref.com\/el\/","logo":{"@type":"ImageObject","inLanguage":"pt-PT","@id":"https:\/\/keruiref.com\/el\/#\/schema\/logo\/image\/","url":"https:\/\/keruiref.com\/wp-content\/uploads\/2024\/01\/footer-Logo.png","contentUrl":"https:\/\/keruiref.com\/wp-content\/uploads\/2024\/01\/footer-Logo.png","width":282,"height":70,"caption":"Your Refractory Bricks, Castables Manufacturer For Kiln | Kerui Refractory\u00ae Official Website"},"image":{"@id":"https:\/\/keruiref.com\/el\/#\/schema\/logo\/image\/"}}]}},"_links":{"self":[{"href":"https:\/\/keruiref.com\/pt\/wp-json\/wp\/v2\/pages\/84079","targetHints":{"allow":["GET"]}}],"collection":[{"href":"https:\/\/keruiref.com\/pt\/wp-json\/wp\/v2\/pages"}],"about":[{"href":"https:\/\/keruiref.com\/pt\/wp-json\/wp\/v2\/types\/page"}],"author":[{"embeddable":true,"href":"https:\/\/keruiref.com\/pt\/wp-json\/wp\/v2\/users\/1"}],"replies":[{"embeddable":true,"href":"https:\/\/keruiref.com\/pt\/wp-json\/wp\/v2\/comments?post=84079"}],"version-history":[{"count":0,"href":"https:\/\/keruiref.com\/pt\/wp-json\/wp\/v2\/pages\/84079\/revisions"}],"wp:featuredmedia":[{"embeddable":true,"href":"https:\/\/keruiref.com\/pt\/wp-json\/wp\/v2\/media\/84082"}],"wp:attachment":[{"href":"https:\/\/keruiref.com\/pt\/wp-json\/wp\/v2\/media?parent=84079"}],"curies":[{"name":"wp","href":"https:\/\/api.w.org\/{rel}","templated":true}]}}