{"id":2664,"date":"2023-08-09T10:18:43","date_gmt":"2023-08-09T02:18:43","guid":{"rendered":"https:\/\/keruiref.com\/?page_id=2664"},"modified":"2025-07-29T17:58:34","modified_gmt":"2025-07-29T09:58:34","slug":"about-us","status":"publish","type":"page","link":"https:\/\/keruiref.com\/pt\/about-us\/","title":{"rendered":"Sobre n\u00f3s"},"content":{"rendered":"<div class=\"aboutAre\">\n<div class=\"iscontain\">\n<div class=\"isleft\">\n<div class=\"about-title\">QUEM SOMOS<\/div>\n<p>Fundada em 2004, Kerui Refractory \u00e9 a primeira escolha para clientes nacionais e estrangeiros para importar materiais refract\u00e1rios da China.<\/p>\n<p>Kerui Refractory esfor\u00e7a-se para fornecer solu\u00e7\u00f5es e servi\u00e7os de primeira linha para ind\u00fastrias de alta temperatura em todo o mundo, incluindo ferro-a\u00e7o, alum\u00ednio, energia, vidro, caldeira, n\u00e3o ferrosos, ind\u00fastria de cimento, etc. O nosso principal objetivo \u00e9 permitir o sucesso e a prosperidade destas ind\u00fastrias, fornecendo-lhes os materiais e o apoio necess\u00e1rios para operarem de forma segura e eficiente a altas temperaturas. Com a nossa profunda experi\u00eancia e influ\u00eancia mundial, orgulhamo-nos de capacitar as ind\u00fastrias de alta temperatura em todo o mundo.<\/p>\n<ul>\n<li>\n<div class=\"t1\"><span id=\"numC1\">0<\/span><sub>+<\/sub><\/div>\n<p class=\"t2\">Empregados<\/p>\n<\/li>\n<li>\n<div class=\"t1\"><span id=\"numC2\">0<\/span><sub>+<\/sub><\/div>\n<p class=\"t2\">Casos de sucesso<\/p>\n<\/li>\n<li>\n<div class=\"t1\"><span id=\"numC3\">0<\/span><sub>\u33a1<\/sub><\/div>\n<p class=\"t2\">F\u00e1brica<\/p>\n<\/li>\n<li>\n<div class=\"t1\"><span id=\"numC4\">0<\/span><\/div>\n<p class=\"t2\">Toneladas Capacidade anual<\/p>\n<\/li>\n<\/ul>\n<\/div>\n<div class=\"isright\"><img loading=\"lazy\" decoding=\"async\" class=\"aligncenter size-full wp-image-1924\" src=\"https:\/\/keruiref.com\/wp-content\/uploads\/2023\/08\/About-Us_05-1.jpg\" alt=\"Sobre n\u00f3s 05\" width=\"960\" height=\"600\" \/><\/div>\n<\/div>\n<\/div>\n<div class=\"about-cando-box\">\n<div class=\"home-cando\">\n<div class=\"swiper home-cando-left wow fadeInLeft\">\n<div class=\"swiper-wrapper\">\n<div class=\"swiper-slide\"><img loading=\"lazy\" decoding=\"async\" class=\"aligncenter size-full wp-image-1923\" src=\"https:\/\/keruiref.com\/wp-content\/uploads\/2023\/08\/About-Us-RD-1.jpg\" alt=\"Sobre n\u00f3s - I&amp;D\" width=\"960\" height=\"490\" \/><\/div>\n<div class=\"swiper-slide\"><img loading=\"lazy\" decoding=\"async\" class=\"aligncenter size-full wp-image-1921\" src=\"https:\/\/keruiref.com\/wp-content\/uploads\/2023\/08\/About-Us_Products-1.jpg\" alt=\"Sobre n\u00f3s_produtos\" width=\"960\" height=\"490\" \/><\/div>\n<div class=\"swiper-slide\"><img loading=\"lazy\" decoding=\"async\" class=\"aligncenter size-full wp-image-1922\" src=\"https:\/\/keruiref.com\/wp-content\/uploads\/2023\/11\/Solutions-PC.jpg\" alt=\"Sobre n\u00f3s Solu\u00e7\u00f5es\" width=\"960\" height=\"490\" \/><\/div>\n<\/div>\n<\/div>\n<div class=\"isright wow fadeInRight\">\n<div class=\"about-title\">O que faz o Kerui Refractory?<\/div>\n<ul class=\"isnav\">\n<li class=\"active\">I&amp;D e inova\u00e7\u00e3o<\/li>\n<li>Produtos<\/li>\n<li>Solu\u00e7\u00f5es<\/li>\n<\/ul>\n<div class=\"swiper home-cando-right\">\n<div class=\"swiper-wrapper\">\n<div class=\"swiper-slide\">\n<p>A Kerui Refractory tem colocado uma forte \u00eanfase na investiga\u00e7\u00e3o e desenvolvimento (I&amp;D) e na inova\u00e7\u00e3o cont\u00ednua. Temos uma equipa dedicada de investigadores e cientistas que exploram constantemente novas tecnologias, materiais e processos de fabrico na ind\u00fastria de refract\u00e1rios. Atrav\u00e9s dos nossos esfor\u00e7os de I&amp;D, esfor\u00e7amo-nos por desenvolver solu\u00e7\u00f5es refract\u00e1rias avan\u00e7adas e de elevado desempenho que satisfa\u00e7am as necessidades em evolu\u00e7\u00e3o de v\u00e1rias ind\u00fastrias. Isto inclui a investiga\u00e7\u00e3o de novos materiais, a otimiza\u00e7\u00e3o das formula\u00e7\u00f5es existentes e a melhoria das t\u00e9cnicas de fabrico para melhorar as propriedades e carater\u00edsticas dos produtos refract\u00e1rios.<\/p>\n<\/div>\n<div class=\"swiper-slide\">\n<p>A Kerui Refractory oferece uma vasta gama de produtos refract\u00e1rios para atender a diferentes ind\u00fastrias e aplica\u00e7\u00f5es. Desenvolvemos e fabricamos materiais refract\u00e1rios de alta qualidade que s\u00e3o utilizados em condi\u00e7\u00f5es extremas, tais como altas temperaturas, corros\u00e3o qu\u00edmica e stress mec\u00e2nico. A gama de produtos Kerui inclui v\u00e1rios tipos de refract\u00e1rios, tais como tijolos, refract\u00e1rios monol\u00edticos, fund\u00edveis, revestimentos, formas pr\u00e9-fabricadas, etc. Estes produtos s\u00e3o concebidos para suportar as condi\u00e7\u00f5es severas encontradas em ind\u00fastrias como o a\u00e7o, cimento, vidro, petroqu\u00edmica, etc. Kerui Refractories garante que os nossos produtos cumprem os padr\u00f5es exigidos de desempenho, durabilidade e fiabilidade.<\/p>\n<\/div>\n<div class=\"swiper-slide\">\n<p>A Kerui Refractory fornece solu\u00e7\u00f5es abrangentes para responder \u00e0s necessidades e desafios espec\u00edficos enfrentados pelos nossos clientes. Colaboramos estreitamente com os clientes para compreender os seus requisitos e desenvolver solu\u00e7\u00f5es refract\u00e1rias personalizadas adaptadas \u00e0s suas aplica\u00e7\u00f5es. Quer se trate da conce\u00e7\u00e3o de sistemas de revestimento para fornos, fornos ou reactores, ou do fornecimento de solu\u00e7\u00f5es para isolamento t\u00e9rmico, resist\u00eancia \u00e0 corros\u00e3o ou estabilidade mec\u00e2nica, a Kerui Refractory oferece experi\u00eancia e apoio t\u00e9cnico. Tamb\u00e9m ajudamos os clientes na instala\u00e7\u00e3o, manuten\u00e7\u00e3o e resolu\u00e7\u00e3o de problemas de revestimentos refract\u00e1rios, garantindo um desempenho \u00f3timo e uma vida \u00fatil prolongada dos produtos refract\u00e1rios.<\/p>\n<\/div>\n<\/div>\n<\/div>\n<\/div>\n<\/div>\n<\/div>\n<div class=\"aboutWhy-box\">\n<div class=\"aboutWhy\">\n<div class=\"about-title\">PORQU\u00ca ESCOLHER KERUI<\/div>\n<ul>\n<li class=\"wow fadeInUp\">\n<div class=\"t1\">Produ\u00e7\u00e3o<\/div>\n<p>Sistema de dosagem de p\u00f3 refrat\u00e1rio totalmente autom\u00e1tico;<\/p>\n<p>20 conjuntos de prensas de moldagem de 400-1000 toneladas;<\/p>\n<p>2 * 168m fornos de t\u00fanel de alta temperatura;<\/p>\n<p>Oficina de armazenamento de 20000\u33a1.<\/li>\n<li class=\"wow fadeInUp\" data-wow-delay=\"0.1s\">\n<div class=\"t1\">Ensaios<\/div>\n<p>Forno de ensaio de flu\u00eancia de reaquecimento\/amaciamento de carga a alta temperatura;<\/p>\n<p>Banco de ensaios de resist\u00eancia \u00e0 compress\u00e3o\/flex\u00e3o para materiais refract\u00e1rios;<\/p>\n<p>Plataforma de ensaio e inspe\u00e7\u00e3o da composi\u00e7\u00e3o de materiais refract\u00e1rios;<\/p>\n<p>Laborat\u00f3rio de propriedades f\u00edsicas\/qu\u00edmicas de materiais refract\u00e1rios.<\/li>\n<li class=\"wow fadeInUp\" data-wow-delay=\"0.2s\">\n<div class=\"t1\">Certificados<\/div>\n<p>1 certificado de patente de inven\u00e7\u00e3o: tijolo \u00e0 prova de fogo para paredes corta-fogo;<\/p>\n<p>Mais de 20 novas tecnologias pr\u00e1ticas;<\/p>\n<p>ISO9001\/I-SO14001\/OHSAS18001\/CE\/ SGS;<\/p>\n<p>Certificado de empresa de alta tecnologia.<\/li>\n<li class=\"wow fadeInUp\" data-wow-delay=\"0.3s\">\n<div class=\"t1\">Servi\u00e7o<\/div>\n<p>Servi\u00e7o de balc\u00e3o \u00fanico;<\/p>\n<p>Apoio profissional da equipa p\u00f3s-venda e garantia vital\u00edcia;<\/p>\n<p>Supervis\u00e3o da equipa de controlo de qualidade;<\/p>\n<p>Servi\u00e7o de solu\u00e7\u00f5es personalizadas e orientadas para o cliente.<\/li>\n<\/ul>\n<\/div>\n<\/div>\n<div class=\"about-FOOTPRINTS\">\n<div class=\"iscontain\">\n<div class=\"about-title\">AS PEGADAS DE KERUI<\/div>\n<div class=\"t2\">Em 2004, Songchen Wei fundou a Kerui Factory em Chaohua Town, Xinmi City. Nessa altura, o equipamento de produ\u00e7\u00e3o contava apenas com 2 prensas, 2 fornos de calcina\u00e7\u00e3o e 1 gerador a g\u00e1s.<br \/>\nEm 2012, a Kerui registou a marca \"KRNC\" e iniciou opera\u00e7\u00f5es de branding estrat\u00e9gico.<\/div>\n<div class=\"t2\">Em mais de 20 anos de inova\u00e7\u00e3o, a KERUI tornou-se um dos maiores fabricantes de materiais refract\u00e1rios na China, e est\u00e1 a servir o cliente tanto em casa como no exterior. Hoje, com uma dedica\u00e7\u00e3o inabal\u00e1vel \u00e0 qualidade e \u00e0 satisfa\u00e7\u00e3o do cliente, a Kerui continua a deixar as suas pegadas indel\u00e9veis no mercado global de materiais refract\u00e1rios.<\/div>\n<\/div>\n<\/div>\n<div class=\"about-world\">\n<div class=\"iscontain\">\n<div class=\"isleft\">\n<div class=\"about-title\">A REDE KERUI EM TODO O MUNDO<\/div>\n<ul class=\"isdata\">\n<li>\n<div class=\"t1\"><span id=\"numC5\">0<\/span><\/div>\n<p class=\"t2\">Continentes<\/p>\n<\/li>\n<li>\n<div class=\"t1\"><span id=\"numC6\">0<\/span><sub>+<\/sub><\/div>\n<p class=\"t2\">Pa\u00edses e \u00e1reas<\/p>\n<\/li>\n<li>\n<div class=\"t1\"><span id=\"numC7\">0<\/span><sub>+<\/sub><\/div>\n<p class=\"t2\">Casos de sucesso<\/p>\n<\/li>\n<li>\n<div class=\"t1\"><span id=\"numC8\">0<\/span><sub>+<\/sub><\/div>\n<p class=\"t2\">Clientes<\/p>\n<\/li>\n<\/ul>\n<p>Al\u00e9m da China continental, Kerui Refractory exportou produtos para mais de 50 pa\u00edses e regi\u00f5es em 6 continentes em todo o mundo, incluindo \u00c1sia, Europa, Am\u00e9rica do Norte, Am\u00e9rica do Sul, \u00c1frica e Oceania. Recebemos reconhecimento e grandes elogios de clientes em todo o mundo, e estamos constantemente a receber ordens de recompra e refer\u00eancias de clientes.<\/p>\n<\/div>\n<div class=\"isright\"><img loading=\"lazy\" decoding=\"async\" class=\"alignnone size-full wp-image-15950\" src=\"https:\/\/keruiref.com\/wp-content\/uploads\/2023\/10\/kerui-about-us-map.jpg\" alt=\"kerui sobre n\u00f3s mapa\" width=\"974\" height=\"494\" srcset=\"https:\/\/keruiref.com\/wp-content\/uploads\/2023\/10\/kerui-about-us-map.jpg 974w, https:\/\/keruiref.com\/wp-content\/uploads\/2023\/10\/kerui-about-us-map-300x152.jpg 300w, https:\/\/keruiref.com\/wp-content\/uploads\/2023\/10\/kerui-about-us-map-768x390.jpg 768w\" sizes=\"auto, (max-width: 974px) 100vw, 974px\" \/><\/div>\n<\/div>\n<\/div>\n<div class=\"about-culture\">\n<div class=\"about-title-box\">\n<div class=\"about-title\">A CULTURA DA EMPRESA KERUI<\/div>\n<\/div>\n<div class=\"iscontain\">\n<div class=\"isleft\">\n<div class=\"t3\">Capacitar a ind\u00fastria de alta temperatura a n\u00edvel mundial<\/div>\n<div class=\"t1\">Miss\u00e3o<\/div>\n<div class=\"t2\">Empenhada em fornecer materiais refract\u00e1rios de alta qualidade e solu\u00e7\u00f5es para a ind\u00fastria de alta temperatura a n\u00edvel mundial, contribuindo para o desenvolvimento da ind\u00fastria global de alta temperatura.<\/div>\n<\/div>\n<div class=\"isright\">\n<div>\n<div class=\"t1\">Vis\u00e3o<\/div>\n<div class=\"t2\">Tornar-se um especialista l\u00edder em produtos e solu\u00e7\u00f5es refract\u00e1rias de alta temperatura no mercado global.<\/div>\n<\/div>\n<div>\n<div class=\"t1\">Valores fundamentais<\/div>\n<div class=\"t2\">Centrada no cliente, insiste no trabalho em equipa, na gest\u00e3o da inova\u00e7\u00e3o e no desenvolvimento.<\/div>\n<\/div>\n<\/div>\n<\/div>\n<\/div>\n<div class=\"about-future\">\n<div class=\"iscontain\">\n<div class=\"about-title\">Trabalhar no futuro<\/div>\n<p>A Kerui Refractory nasceu numa \u00e9poca de mudan\u00e7a e esfor\u00e7a-se constantemente por antecipar a evolu\u00e7\u00e3o das necessidades dos clientes e da ind\u00fastria em geral. Atrav\u00e9s da inova\u00e7\u00e3o cont\u00ednua em produtos e solu\u00e7\u00f5es, a Kerui Refractory est\u00e1 a servir cada vez melhor os clientes nas ind\u00fastrias, da metalurgia ao cimento, dos produtos qu\u00edmicos \u00e0 energia. Para praticar o nosso slogan \"Empowering High-temperature Industry Globally!\", a Kerui nunca parou.<\/p>\n<\/div>\n<\/div>","protected":false},"excerpt":{"rendered":"WHO WE ARE Founded in 2004, Kerui Refractory is the first choice for overseas and domestic customers to import refractory materials from China. Kerui Refractory strives to provide top-notch solutions and service for high-temperature industries worldwide, including iron-steel, aluminum, power, glass, boiler, non-ferrous, cement industry, &#8230; <a title=\"Sobre n\u00f3s\" class=\"read-more\" href=\"https:\/\/keruiref.com\/pt\/about-us\/\" aria-label=\"Mais em About Us\">Ler mais<\/a>","protected":false},"author":1,"featured_media":0,"parent":0,"menu_order":0,"comment_status":"closed","ping_status":"closed","template":"","meta":{"footnotes":""},"class_list":{"0":"post-2664","1":"page","2":"type-page","3":"status-publish","5":"no-featured-image-padding"},"yoast_head":"<!-- This site is optimized with the Yoast SEO plugin v24.9 - https:\/\/yoast.com\/wordpress\/plugins\/seo\/ -->\n<title>Kerui Refractory\u00ae Official Website | About Kerui<\/title>\n<meta name=\"description\" content=\"Founded in 2004, Kerui Refractory is the first choice for overseas and domestic customers to import refractory materials from China.\" \/>\n<meta name=\"robots\" content=\"index, follow, max-snippet:-1, max-image-preview:large, max-video-preview:-1\" \/>\n<link rel=\"canonical\" href=\"https:\/\/keruiref.com\/pt\/about-us\/\" \/>\n<script type=\"application\/ld+json\" class=\"yoast-schema-graph\">{\"@context\":\"https:\/\/schema.org\",\"@graph\":[{\"@type\":\"WebPage\",\"@id\":\"https:\/\/keruiref.com\/about-us\/\",\"url\":\"https:\/\/keruiref.com\/about-us\/\",\"name\":\"Kerui Refractory\u00ae Official Website | About Kerui\",\"isPartOf\":{\"@id\":\"https:\/\/keruiref.com\/el\/#website\"},\"primaryImageOfPage\":{\"@id\":\"https:\/\/keruiref.com\/about-us\/#primaryimage\"},\"image\":{\"@id\":\"https:\/\/keruiref.com\/about-us\/#primaryimage\"},\"thumbnailUrl\":\"https:\/\/keruiref.com\/wp-content\/uploads\/2023\/08\/About-Us_05-1.jpg\",\"datePublished\":\"2023-08-09T02:18:43+00:00\",\"dateModified\":\"2025-07-29T09:58:34+00:00\",\"description\":\"Founded in 2004, Kerui Refractory is the first choice for overseas and domestic customers to import refractory materials from China.\",\"breadcrumb\":{\"@id\":\"https:\/\/keruiref.com\/about-us\/#breadcrumb\"},\"inLanguage\":\"pt-PT\",\"potentialAction\":[{\"@type\":\"ReadAction\",\"target\":[\"https:\/\/keruiref.com\/about-us\/\"]}]},{\"@type\":\"ImageObject\",\"inLanguage\":\"pt-PT\",\"@id\":\"https:\/\/keruiref.com\/about-us\/#primaryimage\",\"url\":\"https:\/\/keruiref.com\/wp-content\/uploads\/2023\/08\/About-Us_05-1.jpg\",\"contentUrl\":\"https:\/\/keruiref.com\/wp-content\/uploads\/2023\/08\/About-Us_05-1.jpg\"},{\"@type\":\"BreadcrumbList\",\"@id\":\"https:\/\/keruiref.com\/about-us\/#breadcrumb\",\"itemListElement\":[{\"@type\":\"ListItem\",\"position\":1,\"name\":\"Home\",\"item\":\"https:\/\/keruiref.com\/\"},{\"@type\":\"ListItem\",\"position\":2,\"name\":\"About Us\"}]},{\"@type\":\"WebSite\",\"@id\":\"https:\/\/keruiref.com\/el\/#website\",\"url\":\"https:\/\/keruiref.com\/el\/\",\"name\":\"Your Refractory Bricks, Castables Manufacturer For Kiln | Kerui Refractory\u00ae Official Website\",\"description\":\"\",\"publisher\":{\"@id\":\"https:\/\/keruiref.com\/el\/#organization\"},\"potentialAction\":[{\"@type\":\"SearchAction\",\"target\":{\"@type\":\"EntryPoint\",\"urlTemplate\":\"https:\/\/keruiref.com\/el\/?s={search_term_string}\"},\"query-input\":{\"@type\":\"PropertyValueSpecification\",\"valueRequired\":true,\"valueName\":\"search_term_string\"}}],\"inLanguage\":\"pt-PT\"},{\"@type\":\"Organization\",\"@id\":\"https:\/\/keruiref.com\/el\/#organization\",\"name\":\"Your Refractory Bricks, Castables Manufacturer For Kiln | Kerui Refractory\u00ae Official Website\",\"url\":\"https:\/\/keruiref.com\/el\/\",\"logo\":{\"@type\":\"ImageObject\",\"inLanguage\":\"pt-PT\",\"@id\":\"https:\/\/keruiref.com\/el\/#\/schema\/logo\/image\/\",\"url\":\"https:\/\/keruiref.com\/wp-content\/uploads\/2024\/01\/footer-Logo.png\",\"contentUrl\":\"https:\/\/keruiref.com\/wp-content\/uploads\/2024\/01\/footer-Logo.png\",\"width\":282,\"height\":70,\"caption\":\"Your Refractory Bricks, Castables Manufacturer For Kiln | Kerui Refractory\u00ae Official Website\"},\"image\":{\"@id\":\"https:\/\/keruiref.com\/el\/#\/schema\/logo\/image\/\"}}]}<\/script>\n<!-- \/ Yoast SEO plugin. -->","yoast_head_json":{"title":"Kerui Refractory\u00ae Official Website | Sobre Kerui","description":"Fundada em 2004, Kerui Refractory \u00e9 a primeira escolha para clientes nacionais e estrangeiros para importar materiais refract\u00e1rios da China.","robots":{"index":"index","follow":"follow","max-snippet":"max-snippet:-1","max-image-preview":"max-image-preview:large","max-video-preview":"max-video-preview:-1"},"canonical":"https:\/\/keruiref.com\/pt\/about-us\/","schema":{"@context":"https:\/\/schema.org","@graph":[{"@type":"WebPage","@id":"https:\/\/keruiref.com\/about-us\/","url":"https:\/\/keruiref.com\/about-us\/","name":"Kerui Refractory\u00ae Official Website | Sobre Kerui","isPartOf":{"@id":"https:\/\/keruiref.com\/el\/#website"},"primaryImageOfPage":{"@id":"https:\/\/keruiref.com\/about-us\/#primaryimage"},"image":{"@id":"https:\/\/keruiref.com\/about-us\/#primaryimage"},"thumbnailUrl":"https:\/\/keruiref.com\/wp-content\/uploads\/2023\/08\/About-Us_05-1.jpg","datePublished":"2023-08-09T02:18:43+00:00","dateModified":"2025-07-29T09:58:34+00:00","description":"Fundada em 2004, Kerui Refractory \u00e9 a primeira escolha para clientes nacionais e estrangeiros para importar materiais refract\u00e1rios da China.","breadcrumb":{"@id":"https:\/\/keruiref.com\/about-us\/#breadcrumb"},"inLanguage":"pt-PT","potentialAction":[{"@type":"ReadAction","target":["https:\/\/keruiref.com\/about-us\/"]}]},{"@type":"ImageObject","inLanguage":"pt-PT","@id":"https:\/\/keruiref.com\/about-us\/#primaryimage","url":"https:\/\/keruiref.com\/wp-content\/uploads\/2023\/08\/About-Us_05-1.jpg","contentUrl":"https:\/\/keruiref.com\/wp-content\/uploads\/2023\/08\/About-Us_05-1.jpg"},{"@type":"BreadcrumbList","@id":"https:\/\/keruiref.com\/about-us\/#breadcrumb","itemListElement":[{"@type":"ListItem","position":1,"name":"Home","item":"https:\/\/keruiref.com\/"},{"@type":"ListItem","position":2,"name":"About Us"}]},{"@type":"WebSite","@id":"https:\/\/keruiref.com\/el\/#website","url":"https:\/\/keruiref.com\/el\/","name":"O seu fabricante de tijolos refract\u00e1rios e de materiais de moldagem para fornos | Kerui Refractory\u00ae Official Website","description":"","publisher":{"@id":"https:\/\/keruiref.com\/el\/#organization"},"potentialAction":[{"@type":"SearchAction","target":{"@type":"EntryPoint","urlTemplate":"https:\/\/keruiref.com\/el\/?s={search_term_string}"},"query-input":{"@type":"PropertyValueSpecification","valueRequired":true,"valueName":"search_term_string"}}],"inLanguage":"pt-PT"},{"@type":"Organization","@id":"https:\/\/keruiref.com\/el\/#organization","name":"O seu fabricante de tijolos refract\u00e1rios e de materiais de moldagem para fornos | Kerui Refractory\u00ae Official Website","url":"https:\/\/keruiref.com\/el\/","logo":{"@type":"ImageObject","inLanguage":"pt-PT","@id":"https:\/\/keruiref.com\/el\/#\/schema\/logo\/image\/","url":"https:\/\/keruiref.com\/wp-content\/uploads\/2024\/01\/footer-Logo.png","contentUrl":"https:\/\/keruiref.com\/wp-content\/uploads\/2024\/01\/footer-Logo.png","width":282,"height":70,"caption":"Your Refractory Bricks, Castables Manufacturer For Kiln | Kerui Refractory\u00ae Official Website"},"image":{"@id":"https:\/\/keruiref.com\/el\/#\/schema\/logo\/image\/"}}]}},"_links":{"self":[{"href":"https:\/\/keruiref.com\/pt\/wp-json\/wp\/v2\/pages\/2664","targetHints":{"allow":["GET"]}}],"collection":[{"href":"https:\/\/keruiref.com\/pt\/wp-json\/wp\/v2\/pages"}],"about":[{"href":"https:\/\/keruiref.com\/pt\/wp-json\/wp\/v2\/types\/page"}],"author":[{"embeddable":true,"href":"https:\/\/keruiref.com\/pt\/wp-json\/wp\/v2\/users\/1"}],"replies":[{"embeddable":true,"href":"https:\/\/keruiref.com\/pt\/wp-json\/wp\/v2\/comments?post=2664"}],"version-history":[{"count":0,"href":"https:\/\/keruiref.com\/pt\/wp-json\/wp\/v2\/pages\/2664\/revisions"}],"wp:attachment":[{"href":"https:\/\/keruiref.com\/pt\/wp-json\/wp\/v2\/media?parent=2664"}],"curies":[{"name":"wp","href":"https:\/\/api.w.org\/{rel}","templated":true}]}}