{"id":86721,"date":"2025-06-04T09:43:39","date_gmt":"2025-06-04T01:43:39","guid":{"rendered":"https:\/\/keruiref.com\/?page_id=86721"},"modified":"2025-06-04T09:54:29","modified_gmt":"2025-06-04T01:54:29","slug":"piastra-in-carburo-di-silicio","status":"publish","type":"page","link":"https:\/\/keruiref.com\/it\/piastra-in-carburo-di-silicio\/","title":{"rendered":"Piastra in carburo di silicio"},"content":{"rendered":"<div class=\"page_model product_info\">\n<div class=\"preview\"><img loading=\"lazy\" decoding=\"async\" class=\"alignnone size-full wp-image-86722\" src=\"https:\/\/keruiref.com\/wp-content\/uploads\/2025\/06\/KERUI-Silicon-Carbide-Plate.webp\" alt=\"\" width=\"780\" height=\"639\" srcset=\"https:\/\/keruiref.com\/wp-content\/uploads\/2025\/06\/KERUI-Silicon-Carbide-Plate.webp 780w, https:\/\/keruiref.com\/wp-content\/uploads\/2025\/06\/KERUI-Silicon-Carbide-Plate-300x246.webp 300w, https:\/\/keruiref.com\/wp-content\/uploads\/2025\/06\/KERUI-Silicon-Carbide-Plate-768x629.webp 768w, https:\/\/keruiref.com\/wp-content\/uploads\/2025\/06\/KERUI-Silicon-Carbide-Plate-15x12.webp 15w\" sizes=\"auto, (max-width: 780px) 100vw, 780px\" \/><\/div>\n<div class=\"info\">\n<h1>Piastra in carburo di silicio<\/h1>\n<p>La lastra di carburo di silicio \u00e8 un materiale ceramico leggero e resistente alle alte temperature, contenente principalmente carburo di silicio. Basandosi su prestazioni elevate e alta qualit\u00e0, KERUI fornisce materiali in carburo di silicio come OBSiC, SiSiC\/RBSiC, RSiC, NSiC e SSiC, ecc. Supportiamo soluzioni personalizzate e abbiamo collaborato con oltre 1.000 clienti.<\/p>\n<ul>\n<li>sic (\u2265)\/: 90%<\/li>\n<li>Densit\u00e0 di massa: 2,70-2,75 g\/cm\u00b3<\/li>\n<li>Temperatura massima di servizio: 1500\u2103<\/li>\n<li>Refrattariet\u00e0 sotto carico: 1750 kg\/cm\u00b3<\/li>\n<li>Certificazione: ISO9001\/ISO14001\/ISO45001\/ISO50001<\/li>\n<li>Servizio di lavorazione: Piegatura, saldatura, punzonatura, decoilatura, taglio, stampaggio<\/li>\n<\/ul>\n<div class=\"tags\">\n<p>Alta qualit\u00e0<\/p>\n<p>Prezzo ragionevole<\/p>\n<p>Prodotti e soluzioni personalizzabili<\/p>\n<p>Consegna tempestiva<\/p>\n<p>7\/24\/365 Al vostro servizio<\/p>\n<\/div>\n<p><a class=\"inruiry fancybox\" href=\"#contact_form_pop\">inruiry ora<\/a><a class=\"email-btn\" href=\"mailto: market@keruiref.com\">inviare l'e-mail<\/a><\/p>\n<\/div>\n<\/div>\n<ul class=\"anchor\">\n<li><a href=\"#PRODUCTDESCRIPTION\">DESCRIZIONE DEL PRODOTTO<\/a><\/li>\n<li><a href=\"#TechniqueData\">Dati tecnici<\/a><\/li>\n<li><a href=\"#INQUIRY\">RICHIESTA<\/a><\/li>\n<li><a href=\"#RELATEDPRODUCTS\">PRODOTTI CORRELATI<\/a><\/li>\n<\/ul>\n<div class=\"page_model\">\n<h2 id=\"PRODUCTDESCRIPTION\">Descrizione della piastra in carburo di silicio<\/h2>\n<p>Le piastre di carburo di silicio sono diventate materiali chiave per le industrie ad alta temperatura, i semiconduttori e le nuove energie, grazie ai loro vantaggi di resistenza alle alte temperature, resistenza all'usura, leggerezza e resistenza alla corrosione. Possono sostituire i tradizionali materiali refrattari per migliorare l'efficienza e soddisfare i severi requisiti della produzione di precisione. Sono materiali di base per l'efficienza industriale e gli aggiornamenti ecologici.<img loading=\"lazy\" decoding=\"async\" class=\"alignnone size-full wp-image-86726\" src=\"https:\/\/keruiref.com\/wp-content\/uploads\/2025\/06\/Kerui-Silicon-Carbide-Plate-Picture.webp\" alt=\"\" width=\"1475\" height=\"364\" srcset=\"https:\/\/keruiref.com\/wp-content\/uploads\/2025\/06\/Kerui-Silicon-Carbide-Plate-Picture.webp 1475w, https:\/\/keruiref.com\/wp-content\/uploads\/2025\/06\/Kerui-Silicon-Carbide-Plate-Picture-300x74.webp 300w, https:\/\/keruiref.com\/wp-content\/uploads\/2025\/06\/Kerui-Silicon-Carbide-Plate-Picture-1024x253.webp 1024w, https:\/\/keruiref.com\/wp-content\/uploads\/2025\/06\/Kerui-Silicon-Carbide-Plate-Picture-768x190.webp 768w, https:\/\/keruiref.com\/wp-content\/uploads\/2025\/06\/Kerui-Silicon-Carbide-Plate-Picture-18x4.webp 18w\" sizes=\"auto, (max-width: 1475px) 100vw, 1475px\" \/><\/p>\n<h2 id=\"TechniqueData\">Specifiche della piastra in carburo di silicio Kerui<\/h2>\n<table id=\"tablepress-98\" class=\"tablepress tablepress-id-98 tbody-has-connected-cells\">\n<thead>\n<tr class=\"row-1\">\n<th class=\"column-1\">Articolo<\/th>\n<th class=\"column-2\">SiO\u2082-SiC<\/th>\n<th class=\"column-3\">SiSiC\/RBSiC<\/th>\n<th class=\"column-4\">R-SiC<\/th>\n<th class=\"column-5\">Si3N4-SiC<\/th>\n<\/tr>\n<\/thead>\n<tbody class=\"row-striping row-hover\">\n<tr class=\"row-2\">\n<td class=\"column-1\">SiC %<\/td>\n<td class=\"column-2\">\uff1e85<\/td>\n<td class=\"column-3\">90~92<\/td>\n<td class=\"column-4\">\uff1e99<\/td>\n<td class=\"column-5\">\u226575<\/td>\n<\/tr>\n<tr class=\"row-3\">\n<td class=\"column-1\">Densit\u00e0 g\/cm3<\/td>\n<td class=\"column-2\">2.65~2.75<\/td>\n<td class=\"column-3\">>3.02<\/td>\n<td class=\"column-4\">2.65\uff5e2.75<\/td>\n<td class=\"column-5\">2.65\uff5e2.85<\/td>\n<\/tr>\n<tr class=\"row-4\">\n<td class=\"column-1\">Porosit\u00e0 %<\/td>\n<td class=\"column-2\">15~16<\/td>\n<td class=\"column-3\"><0.1<\/td>\n<td class=\"column-4\">15-18<\/td>\n<td class=\"column-5\">13-15<\/td>\n<\/tr>\n<tr class=\"row-5\">\n<td class=\"column-1\">Resistenza alla flessione (20\u2103)Mpa<\/td>\n<td class=\"column-2\">90~100<\/td>\n<td class=\"column-3\">260<\/td>\n<td class=\"column-4\">80\uff5e100<\/td>\n<td class=\"column-5\">160-180<\/td>\n<\/tr>\n<tr class=\"row-6\">\n<td class=\"column-1\">Resistenza alla flessione (1200\u2103)Mpa<\/td>\n<td class=\"column-2\">100~110<\/td>\n<td class=\"column-3\">280<\/td>\n<td class=\"column-4\">90\uff5e110<\/td>\n<td class=\"column-5\">170-180<\/td>\n<\/tr>\n<tr class=\"row-7\">\n<td class=\"column-1\">resistenza alla compressione (20\u2103)Mpa<\/td>\n<td class=\"column-2\">\u2265300<\/td>\n<td class=\"column-3\">900<\/td>\n<td class=\"column-4\">\u2265300<\/td>\n<td class=\"column-5\">580<\/td>\n<\/tr>\n<tr class=\"row-8\">\n<td class=\"column-1\">Durezza Kg\/mm2<\/td>\n<td class=\"column-2\">1800~2000<\/td>\n<td class=\"column-3\">2400<\/td>\n<td class=\"column-4\">1800\uff5e2000<\/td>\n<td class=\"column-5\">2000-3000<\/td>\n<\/tr>\n<tr class=\"row-9\">\n<td class=\"column-1\">Conduttivit\u00e0 termica (1200\u2103) w.m-1.k-1<\/td>\n<td class=\"column-2\">35~36<\/td>\n<td class=\"column-3\">45<\/td>\n<td class=\"column-4\">36<\/td>\n<td class=\"column-5\">19.6<\/td>\n<\/tr>\n<tr class=\"row-10\">\n<td rowspan=\"2\" class=\"column-1\">Coefficiente di espansione termica (1200\u2103)<\/td>\n<td rowspan=\"2\" class=\"column-2\">4.6<\/td>\n<td rowspan=\"2\" class=\"column-3\">4.5<\/td>\n<td rowspan=\"2\" class=\"column-4\">4.6<\/td>\n<td rowspan=\"2\" class=\"column-5\">4.7<\/td>\n<\/tr>\n<tr class=\"row-11\">\n<\/tr>\n<tr class=\"row-12\">\n<td class=\"column-1\">Temperatura massima di funzionamento \u2103<\/td>\n<td class=\"column-2\">1500<\/td>\n<td class=\"column-3\">1380<\/td>\n<td class=\"column-4\">1650<\/td>\n<td class=\"column-5\">1550<\/td>\n<\/tr>\n<\/tbody>\n<\/table>\n<p><!-- #tablepress-98 from cache --><\/p>\n<p><center><a class=\"fancybox price\" href=\"#contact_form_pop\">PREZZO<\/a><\/center><\/p>\n<h2>Dimensioni e tipi comuni di piastre in carburo di silicio<\/h2>\n<ul>\n<li>Specifiche: 300*300*10mm, 400*400*15mm, 500*500*20mm, ecc.<\/li>\n<li>Forme: Quadrato, rotondo, rettangolare, ecc.<\/li>\n<li>Opzioni di spessore: Piastre ultrasottili (ad esempio, inferiori a 5 mm), piastre di spessore standard (5-20 mm), piastre spesse (oltre 20 mm), ecc.<\/li>\n<li>Tipi di fori: Piastre piene, piastre con fori rotondi, piastre con fori quadrati o schemi a griglia, ecc.<\/li>\n<li>Design del bordo: Piastre a bordo dritto, piastre smussate, piastre a bordo arrotondato, ecc.<\/li>\n<li>Caratteristiche della superficie: Piastre piane lisce, piastre con superfici strutturate o antiscivolo.<\/li>\n<\/ul>\n<h2>Caratteristiche della piastra in carburo di silicio<\/h2>\n<p>La piastra in carburo di silicio ha un'elevata resistenza alle alte temperature (oltre 1400\u00b0C), un'alta durezza e resistenza all'usura, bassa conducibilit\u00e0 termica e leggerezza, forte stabilit\u00e0 chimica ed eccellente stabilit\u00e0 agli shock termici. \u00c8 adatta per le scene di alta temperatura, corrosione e resistenza all'usura e le sue prestazioni sono migliori rispetto ai materiali tradizionali.<\/p>\n<p><img loading=\"lazy\" decoding=\"async\" class=\"alignnone size-full wp-image-86728\" src=\"https:\/\/keruiref.com\/wp-content\/uploads\/2025\/06\/Silicon-Carbide-Plate-Kerui.webp\" alt=\"\" width=\"1480\" height=\"363\" srcset=\"https:\/\/keruiref.com\/wp-content\/uploads\/2025\/06\/Silicon-Carbide-Plate-Kerui.webp 1480w, https:\/\/keruiref.com\/wp-content\/uploads\/2025\/06\/Silicon-Carbide-Plate-Kerui-300x74.webp 300w, https:\/\/keruiref.com\/wp-content\/uploads\/2025\/06\/Silicon-Carbide-Plate-Kerui-1024x251.webp 1024w, https:\/\/keruiref.com\/wp-content\/uploads\/2025\/06\/Silicon-Carbide-Plate-Kerui-768x188.webp 768w, https:\/\/keruiref.com\/wp-content\/uploads\/2025\/06\/Silicon-Carbide-Plate-Kerui-18x4.webp 18w\" sizes=\"auto, (max-width: 1480px) 100vw, 1480px\" \/><\/p>\n<p><center><a class=\"fancybox price\" href=\"#contact_form_pop\">PREZZO<\/a><\/center><\/p>\n<h2>Applicazione della piastra in carburo di silicio<\/h2>\n<p>La lastra di carburo di silicio \u00e8 utilizzata principalmente nei forni industriali (rivestimenti di forni, forni di ricottura, ecc.), nei semiconduttori (piastre portanti di apparecchiature CVD), nel fotovoltaico (componenti di forni di diffusione ad alta temperatura), nell'industria mineraria e chimica (rivestimenti\/corpi di pompe resistenti all'usura e alla corrosione), nelle nuove energie (sinterizzazione di batterie al litio, parti resistenti alle alte temperature per apparecchiature per l'energia a idrogeno) e negli scenari di produzione di estrema precisione.<\/p>\n<p><img loading=\"lazy\" decoding=\"async\" class=\"alignnone size-full wp-image-86730\" src=\"https:\/\/keruiref.com\/wp-content\/uploads\/2025\/06\/Application-of-KERUI-Kiln-Shelves.webp\" alt=\"\" width=\"1450\" height=\"679\" srcset=\"https:\/\/keruiref.com\/wp-content\/uploads\/2025\/06\/Application-of-KERUI-Kiln-Shelves.webp 1450w, https:\/\/keruiref.com\/wp-content\/uploads\/2025\/06\/Application-of-KERUI-Kiln-Shelves-300x140.webp 300w, https:\/\/keruiref.com\/wp-content\/uploads\/2025\/06\/Application-of-KERUI-Kiln-Shelves-1024x480.webp 1024w, https:\/\/keruiref.com\/wp-content\/uploads\/2025\/06\/Application-of-KERUI-Kiln-Shelves-768x360.webp 768w, https:\/\/keruiref.com\/wp-content\/uploads\/2025\/06\/Application-of-KERUI-Kiln-Shelves-18x8.webp 18w\" sizes=\"auto, (max-width: 1450px) 100vw, 1450px\" \/><\/p>\n<\/div>\n<div id=\"INQUIRY\" class=\"page_model\">\n<div class=\"wpcf7 no-js\" id=\"wpcf7-f328-o1\" lang=\"en-US\" dir=\"ltr\" data-wpcf7-id=\"328\">\n<div class=\"screen-reader-response\">\n<p role=\"status\" aria-live=\"polite\" aria-atomic=\"true\">\n<ul><\/ul>\n<\/div>\n<form action=\"\/it\/wp-json\/wp\/v2\/pages\/86721#wpcf7-f328-o1\" method=\"post\" class=\"wpcf7-form init\" aria-label=\"Modulo di contatto\" novalidate=\"novalidate\" data-status=\"init\" data-trp-original-action=\"\/it\/wp-json\/wp\/v2\/pages\/86721#wpcf7-f328-o1\">\n<div style=\"display: none;\">\n<input type=\"hidden\" name=\"_wpcf7\" value=\"328\" \/><br \/>\n<input type=\"hidden\" name=\"_wpcf7_version\" value=\"6.0.4\" \/><br \/>\n<input type=\"hidden\" name=\"_wpcf7_locale\" value=\"en_US\" \/><br \/>\n<input type=\"hidden\" name=\"_wpcf7_unit_tag\" value=\"wpcf7-f328-o1\" \/><br \/>\n<input type=\"hidden\" name=\"_wpcf7_container_post\" value=\"0\" \/><br \/>\n<input type=\"hidden\" name=\"_wpcf7_posted_data_hash\" value=\"\" \/><br \/>\n<input type=\"hidden\" name=\"_wpcf7_recaptcha_response\" value=\"\" \/>\n<\/div>\n<div class=\"form-box\" id=\"Contact-Us\">\n<div class=\"isleft\">\n<div class=\"contact-title\">\n<p>Contatto\n\t\t\t<\/p>\n<\/p><\/div>\n<div class=\"contactp\">\n<p>Non esitate a dare la vostra richiesta nel modulo giusto. Vi risponderemo entro 6 ore.\n\t\t\t<\/p>\n<\/p><\/div>\n<ul class=\"contact\">\n<li class=\"email\">\n<p><img decoding=\"async\" src=\"https:\/\/keruiref.com\/wp-content\/uploads\/2023\/12\/email.png\" alt=\"\" \/>E-mail:\n\t\t\t\t<\/p>\n<p><a href=\"mailto:market@keruiref.com\">market@keruiref.com<\/a>\n\t\t\t\t<\/p>\n<\/li>\n<li class=\"phone\">\n<p><img decoding=\"async\" src=\"https:\/\/keruiref.com\/wp-content\/uploads\/2023\/12\/tel.png\" alt=\"\" \/>Telefono\/whatsapp:\n\t\t\t\t<\/p>\n<p><a href=\"https:\/\/wa.me\/8619138178880\">+86 19138178880<\/a>\n\t\t\t\t<\/p>\n<\/li>\n<li class=\"location\">\n<p><img decoding=\"async\" src=\"https:\/\/keruiref.com\/wp-content\/uploads\/2023\/12\/Location.png\" alt=\"\" \/>Base di produzione:\n\t\t\t\t<\/p>\n<p>Zona industriale dei refrattari di Chaohua,<br \/>\nCitt\u00e0 di Xinmi, provincia di Henan, Cina\n\t\t\t\t<\/p>\n<\/li>\n<\/ul><\/div>\n<div class=\"isright\">\n<ul class=\"contact-input\">\n<li>\n<div class=\"islabel\">\n<p>* Nome:\n\t\t\t\t\t<\/p>\n<\/p><\/div>\n<p><span class=\"wpcf7-form-control-wrap\" data-name=\"your-name\"><input size=\"40\" maxlength=\"400\" class=\"wpcf7-form-control wpcf7-text wpcf7-validates-as-required\" aria-required=\"true\" aria-invalid=\"false\" placeholder=\"\" value=\"\" type=\"text\" name=\"your-name\" \/><\/span>\n\t\t\t\t<\/p>\n<\/li>\n<li>\n<div class=\"islabel\">\n<p>* E-mail:\n\t\t\t\t\t<\/p>\n<\/p><\/div>\n<p><span class=\"wpcf7-form-control-wrap\" data-name=\"your-email\"><input size=\"40\" maxlength=\"400\" class=\"wpcf7-form-control wpcf7-email wpcf7-validates-as-required wpcf7-text wpcf7-validates-as-email\" aria-required=\"true\" aria-invalid=\"false\" placeholder=\"\" value=\"\" type=\"email\" name=\"your-email\" \/><\/span>\n\t\t\t\t<\/p>\n<\/li>\n<li>\n<div class=\"islabel\">\n<p>* Telefono\/Whatsapp:\n\t\t\t\t\t<\/p>\n<\/p><\/div>\n<p><span class=\"wpcf7-form-control-wrap\" data-name=\"your-phone\"><input size=\"40\" maxlength=\"400\" class=\"wpcf7-form-control wpcf7-tel wpcf7-text wpcf7-validates-as-tel\" aria-invalid=\"false\" placeholder=\"\" value=\"\" type=\"tel\" name=\"your-phone\" \/><\/span>\n\t\t\t\t<\/p>\n<\/li>\n<li>\n<div class=\"islabel\">\n<p>Paese:\n\t\t\t\t\t<\/p>\n<\/p><\/div>\n<p><span class=\"wpcf7-form-control-wrap\" data-name=\"your-country\"><input size=\"40\" maxlength=\"400\" class=\"wpcf7-form-control wpcf7-text\" aria-invalid=\"false\" placeholder=\"\" value=\"\" type=\"text\" name=\"your-country\" \/><\/span>\n\t\t\t\t<\/p>\n<\/li>\n<li class=\"ismassage\">\n<div class=\"islabel\">\n<p>* Messaggio:\n\t\t\t\t\t<\/p>\n<\/p><\/div>\n<p><span class=\"wpcf7-form-control-wrap\" data-name=\"your-msg\"><textarea cols=\"40\" rows=\"10\" maxlength=\"2000\" class=\"wpcf7-form-control wpcf7-textarea wpcf7-validates-as-required\" aria-required=\"true\" aria-invalid=\"false\" name=\"your-msg\"><\/textarea><\/span>\n\t\t\t\t<\/p>\n<\/li>\n<li class=\"wpcf7-btns-box\">\n<div class=\"isFileName\">\n\t\t\t\t<\/div>\n<div class=\"wpcf7-btns\">\n<p><input class=\"wpcf7-form-control wpcf7-submit has-spinner\" type=\"submit\" value=\"INVIO\" \/>\n\t\t\t\t\t<\/p>\n<\/p><\/div>\n<\/li>\n<\/ul><\/div>\n<\/div>\n<div class=\"wpcf7-response-output\" aria-hidden=\"true\"><\/div>\n<input type=\"hidden\" name=\"trp-form-language\" value=\"it\"\/><\/form>\n<\/div>\n<\/div>","protected":false},"excerpt":{"rendered":"Silicon Carbide Plate Silicon carbide plate is a high-temperature resistant and lightweight ceramic material mainly containing silicon carbide. Based on high performance and high quality, KERUI provides silicon carbide materials such as OBSiC, SiSiC\/RBSiC, RSiC, NSiC, and SSiC, Etc. We support customized solutions and have &#8230; <a title=\"Piastra in carburo di silicio\" class=\"read-more\" href=\"https:\/\/keruiref.com\/it\/piastra-in-carburo-di-silicio\/\" aria-label=\"More on Silicon Carbide Plate\">Per saperne di pi\u00f9<\/a>","protected":false},"author":1,"featured_media":0,"parent":0,"menu_order":0,"comment_status":"closed","ping_status":"closed","template":"","meta":{"footnotes":""},"class_list":{"0":"post-86721","1":"page","2":"type-page","3":"status-publish","5":"no-featured-image-padding"},"yoast_head":"<!-- This site is optimized with the Yoast SEO plugin v24.9 - https:\/\/yoast.com\/wordpress\/plugins\/seo\/ -->\n<title>Silicon Carbide Plate - Your Refractory Bricks, Castables Manufacturer For Kiln | Kerui Refractory\u00ae Official Website<\/title>\n<meta name=\"description\" content=\"Silicon Carbide Plate has high temperature resistance (over 1400\u00b0C), high hardness and wear resistance, low thermal conductivity and light weight, strong chemical stability and excellent thermal shock stability.\" \/>\n<meta name=\"robots\" content=\"index, follow, max-snippet:-1, max-image-preview:large, max-video-preview:-1\" \/>\n<link rel=\"canonical\" href=\"https:\/\/keruiref.com\/it\/piastra-in-carburo-di-silicio\/\" \/>\n<script type=\"application\/ld+json\" class=\"yoast-schema-graph\">{\"@context\":\"https:\/\/schema.org\",\"@graph\":[{\"@type\":\"WebPage\",\"@id\":\"https:\/\/keruiref.com\/silicon-carbide-plate\/\",\"url\":\"https:\/\/keruiref.com\/silicon-carbide-plate\/\",\"name\":\"Silicon Carbide Plate - Your Refractory Bricks, Castables Manufacturer For Kiln | Kerui Refractory\u00ae Official Website\",\"isPartOf\":{\"@id\":\"https:\/\/keruiref.com\/el\/#website\"},\"primaryImageOfPage\":{\"@id\":\"https:\/\/keruiref.com\/silicon-carbide-plate\/#primaryimage\"},\"image\":{\"@id\":\"https:\/\/keruiref.com\/silicon-carbide-plate\/#primaryimage\"},\"thumbnailUrl\":\"https:\/\/keruiref.com\/wp-content\/uploads\/2025\/06\/KERUI-Silicon-Carbide-Plate.webp\",\"datePublished\":\"2025-06-04T01:43:39+00:00\",\"dateModified\":\"2025-06-04T01:54:29+00:00\",\"description\":\"Silicon Carbide Plate has high temperature resistance (over 1400\u00b0C), high hardness and wear resistance, low thermal conductivity and light weight, strong chemical stability and excellent thermal shock stability.\",\"breadcrumb\":{\"@id\":\"https:\/\/keruiref.com\/silicon-carbide-plate\/#breadcrumb\"},\"inLanguage\":\"it-IT\",\"potentialAction\":[{\"@type\":\"ReadAction\",\"target\":[\"https:\/\/keruiref.com\/silicon-carbide-plate\/\"]}]},{\"@type\":\"ImageObject\",\"inLanguage\":\"it-IT\",\"@id\":\"https:\/\/keruiref.com\/silicon-carbide-plate\/#primaryimage\",\"url\":\"https:\/\/keruiref.com\/wp-content\/uploads\/2025\/06\/KERUI-Silicon-Carbide-Plate.webp\",\"contentUrl\":\"https:\/\/keruiref.com\/wp-content\/uploads\/2025\/06\/KERUI-Silicon-Carbide-Plate.webp\"},{\"@type\":\"BreadcrumbList\",\"@id\":\"https:\/\/keruiref.com\/silicon-carbide-plate\/#breadcrumb\",\"itemListElement\":[{\"@type\":\"ListItem\",\"position\":1,\"name\":\"Home\",\"item\":\"https:\/\/keruiref.com\/\"},{\"@type\":\"ListItem\",\"position\":2,\"name\":\"Silicon Carbide Plate\"}]},{\"@type\":\"WebSite\",\"@id\":\"https:\/\/keruiref.com\/el\/#website\",\"url\":\"https:\/\/keruiref.com\/el\/\",\"name\":\"Your Refractory Bricks, Castables Manufacturer For Kiln | Kerui Refractory\u00ae Official Website\",\"description\":\"\",\"publisher\":{\"@id\":\"https:\/\/keruiref.com\/el\/#organization\"},\"potentialAction\":[{\"@type\":\"SearchAction\",\"target\":{\"@type\":\"EntryPoint\",\"urlTemplate\":\"https:\/\/keruiref.com\/el\/?s={search_term_string}\"},\"query-input\":{\"@type\":\"PropertyValueSpecification\",\"valueRequired\":true,\"valueName\":\"search_term_string\"}}],\"inLanguage\":\"it-IT\"},{\"@type\":\"Organization\",\"@id\":\"https:\/\/keruiref.com\/el\/#organization\",\"name\":\"Your Refractory Bricks, Castables Manufacturer For Kiln | Kerui Refractory\u00ae Official Website\",\"url\":\"https:\/\/keruiref.com\/el\/\",\"logo\":{\"@type\":\"ImageObject\",\"inLanguage\":\"it-IT\",\"@id\":\"https:\/\/keruiref.com\/el\/#\/schema\/logo\/image\/\",\"url\":\"https:\/\/keruiref.com\/wp-content\/uploads\/2024\/01\/footer-Logo.png\",\"contentUrl\":\"https:\/\/keruiref.com\/wp-content\/uploads\/2024\/01\/footer-Logo.png\",\"width\":282,\"height\":70,\"caption\":\"Your Refractory Bricks, Castables Manufacturer For Kiln | Kerui Refractory\u00ae Official Website\"},\"image\":{\"@id\":\"https:\/\/keruiref.com\/el\/#\/schema\/logo\/image\/\"}}]}<\/script>\n<!-- \/ Yoast SEO plugin. -->","yoast_head_json":{"title":"Piastra in carburo di silicio - Il vostro mattone refrattario, produttore di materiali fusi per il forno | Kerui Refractory\u00ae Sito ufficiale","description":"La piastra in carburo di silicio ha un'elevata resistenza alle alte temperature (oltre 1400\u00b0C), un'alta durezza e resistenza all'usura, una bassa conducibilit\u00e0 termica e un peso ridotto, una forte stabilit\u00e0 chimica e un'eccellente stabilit\u00e0 agli shock termici.","robots":{"index":"index","follow":"follow","max-snippet":"max-snippet:-1","max-image-preview":"max-image-preview:large","max-video-preview":"max-video-preview:-1"},"canonical":"https:\/\/keruiref.com\/it\/piastra-in-carburo-di-silicio\/","schema":{"@context":"https:\/\/schema.org","@graph":[{"@type":"WebPage","@id":"https:\/\/keruiref.com\/silicon-carbide-plate\/","url":"https:\/\/keruiref.com\/silicon-carbide-plate\/","name":"Piastra in carburo di silicio - Il vostro mattone refrattario, produttore di materiali fusi per il forno | Kerui Refractory\u00ae Sito ufficiale","isPartOf":{"@id":"https:\/\/keruiref.com\/el\/#website"},"primaryImageOfPage":{"@id":"https:\/\/keruiref.com\/silicon-carbide-plate\/#primaryimage"},"image":{"@id":"https:\/\/keruiref.com\/silicon-carbide-plate\/#primaryimage"},"thumbnailUrl":"https:\/\/keruiref.com\/wp-content\/uploads\/2025\/06\/KERUI-Silicon-Carbide-Plate.webp","datePublished":"2025-06-04T01:43:39+00:00","dateModified":"2025-06-04T01:54:29+00:00","description":"La piastra in carburo di silicio ha un'elevata resistenza alle alte temperature (oltre 1400\u00b0C), un'alta durezza e resistenza all'usura, una bassa conducibilit\u00e0 termica e un peso ridotto, una forte stabilit\u00e0 chimica e un'eccellente stabilit\u00e0 agli shock termici.","breadcrumb":{"@id":"https:\/\/keruiref.com\/silicon-carbide-plate\/#breadcrumb"},"inLanguage":"it-IT","potentialAction":[{"@type":"ReadAction","target":["https:\/\/keruiref.com\/silicon-carbide-plate\/"]}]},{"@type":"ImageObject","inLanguage":"it-IT","@id":"https:\/\/keruiref.com\/silicon-carbide-plate\/#primaryimage","url":"https:\/\/keruiref.com\/wp-content\/uploads\/2025\/06\/KERUI-Silicon-Carbide-Plate.webp","contentUrl":"https:\/\/keruiref.com\/wp-content\/uploads\/2025\/06\/KERUI-Silicon-Carbide-Plate.webp"},{"@type":"BreadcrumbList","@id":"https:\/\/keruiref.com\/silicon-carbide-plate\/#breadcrumb","itemListElement":[{"@type":"ListItem","position":1,"name":"Home","item":"https:\/\/keruiref.com\/"},{"@type":"ListItem","position":2,"name":"Silicon Carbide Plate"}]},{"@type":"WebSite","@id":"https:\/\/keruiref.com\/el\/#website","url":"https:\/\/keruiref.com\/el\/","name":"Il vostro produttore di mattoni refrattari e di materiali da costruzione per il forno","description":"","publisher":{"@id":"https:\/\/keruiref.com\/el\/#organization"},"potentialAction":[{"@type":"SearchAction","target":{"@type":"EntryPoint","urlTemplate":"https:\/\/keruiref.com\/el\/?s={search_term_string}"},"query-input":{"@type":"PropertyValueSpecification","valueRequired":true,"valueName":"search_term_string"}}],"inLanguage":"it-IT"},{"@type":"Organization","@id":"https:\/\/keruiref.com\/el\/#organization","name":"Il vostro produttore di mattoni refrattari e di materiali da costruzione per il forno","url":"https:\/\/keruiref.com\/el\/","logo":{"@type":"ImageObject","inLanguage":"it-IT","@id":"https:\/\/keruiref.com\/el\/#\/schema\/logo\/image\/","url":"https:\/\/keruiref.com\/wp-content\/uploads\/2024\/01\/footer-Logo.png","contentUrl":"https:\/\/keruiref.com\/wp-content\/uploads\/2024\/01\/footer-Logo.png","width":282,"height":70,"caption":"Your Refractory Bricks, Castables Manufacturer For Kiln | Kerui Refractory\u00ae Official Website"},"image":{"@id":"https:\/\/keruiref.com\/el\/#\/schema\/logo\/image\/"}}]}},"_links":{"self":[{"href":"https:\/\/keruiref.com\/it\/wp-json\/wp\/v2\/pages\/86721","targetHints":{"allow":["GET"]}}],"collection":[{"href":"https:\/\/keruiref.com\/it\/wp-json\/wp\/v2\/pages"}],"about":[{"href":"https:\/\/keruiref.com\/it\/wp-json\/wp\/v2\/types\/page"}],"author":[{"embeddable":true,"href":"https:\/\/keruiref.com\/it\/wp-json\/wp\/v2\/users\/1"}],"replies":[{"embeddable":true,"href":"https:\/\/keruiref.com\/it\/wp-json\/wp\/v2\/comments?post=86721"}],"version-history":[{"count":0,"href":"https:\/\/keruiref.com\/it\/wp-json\/wp\/v2\/pages\/86721\/revisions"}],"wp:attachment":[{"href":"https:\/\/keruiref.com\/it\/wp-json\/wp\/v2\/media?parent=86721"}],"curies":[{"name":"wp","href":"https:\/\/api.w.org\/{rel}","templated":true}]}}