{"id":84368,"date":"2025-02-26T10:02:55","date_gmt":"2025-02-26T02:02:55","guid":{"rendered":"https:\/\/keruiref.com\/?page_id=84368"},"modified":"2025-05-27T11:18:44","modified_gmt":"2025-05-27T03:18:44","slug":"mattone-di-dolomite","status":"publish","type":"page","link":"https:\/\/keruiref.com\/it\/mattone-di-dolomite\/","title":{"rendered":"Mattone di dolomia"},"content":{"rendered":"<div class=\"page_model product_info\">\n<div class=\"preview\"><img loading=\"lazy\" decoding=\"async\" class=\"alignnone wp-image-84367 size-full\" src=\"https:\/\/keruiref.com\/wp-content\/uploads\/2025\/02\/KERUI-Dolomite-Brick.webp\" alt=\"\" width=\"660\" height=\"528\" srcset=\"https:\/\/keruiref.com\/wp-content\/uploads\/2025\/02\/KERUI-Dolomite-Brick.webp 660w, https:\/\/keruiref.com\/wp-content\/uploads\/2025\/02\/KERUI-Dolomite-Brick-300x240.webp 300w\" sizes=\"auto, (max-width: 660px) 100vw, 660px\" \/><\/div>\n<div class=\"info\">\n<h1>Mattone di dolomia<\/h1>\n<ul>\n<li>MgO+CaO% (\u2265)\uff1a92-94;<\/li>\n<li>CaO% (\u2265)\uff1a18-48;<\/li>\n<li>Porosit\u00e0 apparente (%)\uff1a15,0;<\/li>\n<li>Resistenza alla frantumazione a freddo (MPa)\uff1a60;<\/li>\n<li>Certificazione: ISO9001\/ISO14001\/ISO45001\/ISO50001;<\/li>\n<li>Campione: disponibile;<\/li>\n<\/ul>\n<div class=\"tags\">\n<p>Alta qualit\u00e0<\/p>\n<p>Prezzo ragionevole<\/p>\n<p>Prodotti e soluzioni personalizzabili<\/p>\n<p>Consegna tempestiva<\/p>\n<p>7\/24\/365 Al vostro servizio<\/p>\n<\/div>\n<p><a class=\"inruiry fancybox\" href=\"#contact_form_pop\">richiesta ora<\/a><a class=\"email-btn\" href=\"mailto:market@keruiref.com\">inviare l'e-mail<\/a><\/p>\n<\/div>\n<\/div>\n<div class=\"page_model\">\n<h2>Descrizione del mattone dolomitico<\/h2>\n<p>I mattoni di dolomite, noti anche come mattoni di magnesia-calcio e mattoni di MgO-CaO, sono prodotti refrattari composti da 55-75% di MgO e 18-42% di CaO pi\u00f9 altri leganti e additivi. Grazie alla combinazione di materiali di alta qualit\u00e0, i mattoni refrattari ad alta temperatura in dolomite hanno un'elevata resistenza alla temperatura, stabilit\u00e0 termica e alcalinit\u00e0, che li rende molto adatti a vari ambienti difficili.<\/p>\n<p><img loading=\"lazy\" decoding=\"async\" class=\"alignnone wp-image-22770 size-full\" src=\"https:\/\/keruiref.com\/wp-content\/uploads\/2023\/11\/PACKING-min.jpg\" alt=\"IMBALLAGGIO\" width=\"1600\" height=\"750\" srcset=\"https:\/\/keruiref.com\/wp-content\/uploads\/2023\/11\/PACKING-min.jpg 1600w, https:\/\/keruiref.com\/wp-content\/uploads\/2023\/11\/PACKING-min-300x141.jpg 300w, https:\/\/keruiref.com\/wp-content\/uploads\/2023\/11\/PACKING-min-1024x480.jpg 1024w, https:\/\/keruiref.com\/wp-content\/uploads\/2023\/11\/PACKING-min-768x360.jpg 768w, https:\/\/keruiref.com\/wp-content\/uploads\/2023\/11\/PACKING-min-1536x720.jpg 1536w\" sizes=\"auto, (max-width: 1600px) 100vw, 1600px\" \/><\/p>\n<p><center><a class=\"fancybox price\" href=\"#contact_form_pop\">PREZZO<\/a><\/center><\/p>\n<div class=\"fancybox-hidden\" style=\"display: none;\">\n<div id=\"contact_form_pop\">\n<div class=\"wpcf7 no-js\" id=\"wpcf7-f328-o1\" lang=\"en-US\" dir=\"ltr\" data-wpcf7-id=\"328\">\n<div class=\"screen-reader-response\">\n<p role=\"status\" aria-live=\"polite\" aria-atomic=\"true\">\n<ul><\/ul>\n<\/div>\n<form action=\"\/it\/wp-json\/wp\/v2\/pages\/84368#wpcf7-f328-o1\" method=\"post\" class=\"wpcf7-form init\" aria-label=\"Modulo di contatto\" novalidate=\"novalidate\" data-status=\"init\" data-trp-original-action=\"\/it\/wp-json\/wp\/v2\/pages\/84368#wpcf7-f328-o1\">\n<div style=\"display: none;\">\n<input type=\"hidden\" name=\"_wpcf7\" value=\"328\" \/><br \/>\n<input type=\"hidden\" name=\"_wpcf7_version\" value=\"6.0.4\" \/><br \/>\n<input type=\"hidden\" name=\"_wpcf7_locale\" value=\"en_US\" \/><br \/>\n<input type=\"hidden\" name=\"_wpcf7_unit_tag\" value=\"wpcf7-f328-o1\" \/><br \/>\n<input type=\"hidden\" name=\"_wpcf7_container_post\" value=\"0\" \/><br \/>\n<input type=\"hidden\" name=\"_wpcf7_posted_data_hash\" value=\"\" \/><br \/>\n<input type=\"hidden\" name=\"_wpcf7_recaptcha_response\" value=\"\" \/>\n<\/div>\n<div class=\"form-box\" id=\"Contact-Us\">\n<div class=\"isleft\">\n<div class=\"contact-title\">\n<p>Contatto\n\t\t\t<\/p>\n<\/p><\/div>\n<div class=\"contactp\">\n<p>Non esitate a dare la vostra richiesta nel modulo giusto. Vi risponderemo entro 6 ore.\n\t\t\t<\/p>\n<\/p><\/div>\n<ul class=\"contact\">\n<li class=\"email\">\n<p><img decoding=\"async\" src=\"https:\/\/keruiref.com\/wp-content\/uploads\/2023\/12\/email.png\" alt=\"\" \/>E-mail:\n\t\t\t\t<\/p>\n<p><a href=\"mailto:market@keruiref.com\">market@keruiref.com<\/a>\n\t\t\t\t<\/p>\n<\/li>\n<li class=\"phone\">\n<p><img decoding=\"async\" src=\"https:\/\/keruiref.com\/wp-content\/uploads\/2023\/12\/tel.png\" alt=\"\" \/>Telefono\/whatsapp:\n\t\t\t\t<\/p>\n<p><a href=\"https:\/\/wa.me\/8619138178880\">+86 19138178880<\/a>\n\t\t\t\t<\/p>\n<\/li>\n<li class=\"location\">\n<p><img decoding=\"async\" src=\"https:\/\/keruiref.com\/wp-content\/uploads\/2023\/12\/Location.png\" alt=\"\" \/>Base di produzione:\n\t\t\t\t<\/p>\n<p>Zona industriale dei refrattari di Chaohua,<br \/>\nCitt\u00e0 di Xinmi, provincia di Henan, Cina\n\t\t\t\t<\/p>\n<\/li>\n<\/ul><\/div>\n<div class=\"isright\">\n<ul class=\"contact-input\">\n<li>\n<div class=\"islabel\">\n<p>* Nome:\n\t\t\t\t\t<\/p>\n<\/p><\/div>\n<p><span class=\"wpcf7-form-control-wrap\" data-name=\"your-name\"><input size=\"40\" maxlength=\"400\" class=\"wpcf7-form-control wpcf7-text wpcf7-validates-as-required\" aria-required=\"true\" aria-invalid=\"false\" placeholder=\"\" value=\"\" type=\"text\" name=\"your-name\" \/><\/span>\n\t\t\t\t<\/p>\n<\/li>\n<li>\n<div class=\"islabel\">\n<p>* E-mail:\n\t\t\t\t\t<\/p>\n<\/p><\/div>\n<p><span class=\"wpcf7-form-control-wrap\" data-name=\"your-email\"><input size=\"40\" maxlength=\"400\" class=\"wpcf7-form-control wpcf7-email wpcf7-validates-as-required wpcf7-text wpcf7-validates-as-email\" aria-required=\"true\" aria-invalid=\"false\" placeholder=\"\" value=\"\" type=\"email\" name=\"your-email\" \/><\/span>\n\t\t\t\t<\/p>\n<\/li>\n<li>\n<div class=\"islabel\">\n<p>* Telefono\/Whatsapp:\n\t\t\t\t\t<\/p>\n<\/p><\/div>\n<p><span class=\"wpcf7-form-control-wrap\" data-name=\"your-phone\"><input size=\"40\" maxlength=\"400\" class=\"wpcf7-form-control wpcf7-tel wpcf7-text wpcf7-validates-as-tel\" aria-invalid=\"false\" placeholder=\"\" value=\"\" type=\"tel\" name=\"your-phone\" \/><\/span>\n\t\t\t\t<\/p>\n<\/li>\n<li>\n<div class=\"islabel\">\n<p>Paese:\n\t\t\t\t\t<\/p>\n<\/p><\/div>\n<p><span class=\"wpcf7-form-control-wrap\" data-name=\"your-country\"><input size=\"40\" maxlength=\"400\" class=\"wpcf7-form-control wpcf7-text\" aria-invalid=\"false\" placeholder=\"\" value=\"\" type=\"text\" name=\"your-country\" \/><\/span>\n\t\t\t\t<\/p>\n<\/li>\n<li class=\"ismassage\">\n<div class=\"islabel\">\n<p>* Messaggio:\n\t\t\t\t\t<\/p>\n<\/p><\/div>\n<p><span class=\"wpcf7-form-control-wrap\" data-name=\"your-msg\"><textarea cols=\"40\" rows=\"10\" maxlength=\"2000\" class=\"wpcf7-form-control wpcf7-textarea wpcf7-validates-as-required\" aria-required=\"true\" aria-invalid=\"false\" name=\"your-msg\"><\/textarea><\/span>\n\t\t\t\t<\/p>\n<\/li>\n<li class=\"wpcf7-btns-box\">\n<div class=\"isFileName\">\n\t\t\t\t<\/div>\n<div class=\"wpcf7-btns\">\n<p><input class=\"wpcf7-form-control wpcf7-submit has-spinner\" type=\"submit\" value=\"INVIO\" \/>\n\t\t\t\t\t<\/p>\n<\/p><\/div>\n<\/li>\n<\/ul><\/div>\n<\/div>\n<div class=\"wpcf7-response-output\" aria-hidden=\"true\"><\/div>\n<input type=\"hidden\" name=\"trp-form-language\" value=\"it\"\/><\/form>\n<\/div>\n<\/div>\n<\/div>\n<h2>Dati tecnici del mattone dolomitico di Kerui<\/h2>\n<table id=\"tablepress-82\" class=\"tablepress tablepress-id-82 tbody-has-connected-cells\">\n<thead>\n<tr class=\"row-1\">\n<th colspan=\"2\" class=\"column-1\">Articolo\/Grado<\/th>\n<th class=\"column-3\">MG-20<\/th>\n<th class=\"column-4\">MG-20A<\/th>\n<th class=\"column-5\">MG-30<\/th>\n<th class=\"column-6\">MG-30A<\/th>\n<th class=\"column-7\">MG-40<\/th>\n<th class=\"column-8\">MG-40A<\/th>\n<th class=\"column-9\">MG-50<\/th>\n<\/tr>\n<\/thead>\n<tbody class=\"row-striping row-hover\">\n<tr class=\"row-2\">\n<td class=\"column-1\">\u03c9 (CaO)\/%<\/td>\n<td class=\"column-2\">\u03bc0 \u2265<\/td>\n<td colspan=\"2\" class=\"column-3\">18<\/td>\n<td colspan=\"2\" class=\"column-5\">28<\/td>\n<td colspan=\"2\" class=\"column-7\">38<\/td>\n<td class=\"column-9\">48<\/td>\n<\/tr>\n<tr class=\"row-3\">\n<td class=\"column-1\">\u03c9 (MgO+CaO)\/%<\/td>\n<td class=\"column-2\">\u03bc0 \u2265<\/td>\n<td class=\"column-3\">92<\/td>\n<td class=\"column-4\">94<\/td>\n<td class=\"column-5\">92<\/td>\n<td class=\"column-6\">94<\/td>\n<td class=\"column-7\">92<\/td>\n<td class=\"column-8\">94<\/td>\n<td class=\"column-9\">94<\/td>\n<\/tr>\n<tr class=\"row-4\">\n<td class=\"column-1\">\u03c9 (SiO2+Al2O3+Fe2O3)\/%<\/td>\n<td class=\"column-2\">\u03bc0 \u2264<\/td>\n<td class=\"column-3\">3<\/td>\n<td class=\"column-4\">2.5<\/td>\n<td class=\"column-5\">3<\/td>\n<td class=\"column-6\">2.5<\/td>\n<td class=\"column-7\">3<\/td>\n<td class=\"column-8\">2.5<\/td>\n<td class=\"column-9\">2.5<\/td>\n<\/tr>\n<tr class=\"row-5\">\n<td class=\"column-1\">Porosit\u00e0 apparente\/%<\/td>\n<td class=\"column-2\">\u03bc0 \u2264<\/td>\n<td colspan=\"2\" class=\"column-3\">15<\/td>\n<td colspan=\"2\" class=\"column-5\"><\/td>\n<td colspan=\"2\" class=\"column-7\"><\/td>\n<td class=\"column-9\"><\/td>\n<\/tr>\n<tr class=\"row-6\">\n<td class=\"column-1\">Resistenza alla frantumazione a freddo\/MPa<\/td>\n<td class=\"column-2\">\u03bc0 \u2265<\/td>\n<td colspan=\"2\" class=\"column-3\">60<\/td>\n<td colspan=\"2\" class=\"column-5\"><\/td>\n<td colspan=\"2\" class=\"column-7\"><\/td>\n<td class=\"column-9\"><\/td>\n<\/tr>\n<tr class=\"row-7\">\n<td class=\"column-1\">0,2MPa Refrattariet\u00e0 al carico T0,6\/\u2103<\/td>\n<td class=\"column-2\">\u03bc0 \u2265<\/td>\n<td class=\"column-3\">1650<\/td>\n<td class=\"column-4\">1700<\/td>\n<td class=\"column-5\">1650<\/td>\n<td class=\"column-6\">1700<\/td>\n<td class=\"column-7\">1650<\/td>\n<td class=\"column-8\">1700<\/td>\n<td class=\"column-9\">1700<\/td>\n<\/tr>\n<\/tbody>\n<\/table>\n<p><!-- #tablepress-82 from cache --><\/p>\n<p><img loading=\"lazy\" decoding=\"async\" class=\"alignnone size-full wp-image-11194\" src=\"https:\/\/keruiref.com\/wp-content\/uploads\/2023\/09\/certificate.jpg\" alt=\"certificato\" width=\"1600\" height=\"680\" srcset=\"https:\/\/keruiref.com\/wp-content\/uploads\/2023\/09\/certificate.jpg 1600w, https:\/\/keruiref.com\/wp-content\/uploads\/2023\/09\/certificate-300x128.jpg 300w, https:\/\/keruiref.com\/wp-content\/uploads\/2023\/09\/certificate-1024x435.jpg 1024w, https:\/\/keruiref.com\/wp-content\/uploads\/2023\/09\/certificate-768x326.jpg 768w, https:\/\/keruiref.com\/wp-content\/uploads\/2023\/09\/certificate-1536x653.jpg 1536w\" sizes=\"auto, (max-width: 1600px) 100vw, 1600px\" \/><\/p>\n<h2>Vantaggi del mattone dolomitico<\/h2>\n<p>Il mattone dolomitico \u00e8 caratterizzato da un'elevata refrattariet\u00e0 e da una buona resistenza agli shock termici. Ha una bassa porosit\u00e0 e un'eccellente resistenza alle scorie. Pu\u00f2 sopportare temperature elevate e ambienti chimici complessi, garantendo stabilit\u00e0 e durata nei forni industriali e in altre applicazioni.<\/p>\n<p><img loading=\"lazy\" decoding=\"async\" class=\"alignnone size-full wp-image-11210\" src=\"https:\/\/keruiref.com\/wp-content\/uploads\/2023\/09\/case.jpg\" alt=\"casi\" width=\"1600\" height=\"720\" srcset=\"https:\/\/keruiref.com\/wp-content\/uploads\/2023\/09\/case.jpg 1600w, https:\/\/keruiref.com\/wp-content\/uploads\/2023\/09\/case-300x135.jpg 300w, https:\/\/keruiref.com\/wp-content\/uploads\/2023\/09\/case-1024x461.jpg 1024w, https:\/\/keruiref.com\/wp-content\/uploads\/2023\/09\/case-768x346.jpg 768w, https:\/\/keruiref.com\/wp-content\/uploads\/2023\/09\/case-1536x691.jpg 1536w\" sizes=\"auto, (max-width: 1600px) 100vw, 1600px\" \/><\/p>\n<p><img loading=\"lazy\" decoding=\"async\" class=\"alignnone size-full wp-image-11197\" src=\"https:\/\/keruiref.com\/wp-content\/uploads\/2023\/09\/Kerui-Customers.jpg\" alt=\"Clienti Kerui\" width=\"1600\" height=\"750\" srcset=\"https:\/\/keruiref.com\/wp-content\/uploads\/2023\/09\/Kerui-Customers.jpg 1600w, https:\/\/keruiref.com\/wp-content\/uploads\/2023\/09\/Kerui-Customers-300x141.jpg 300w, https:\/\/keruiref.com\/wp-content\/uploads\/2023\/09\/Kerui-Customers-1024x480.jpg 1024w, https:\/\/keruiref.com\/wp-content\/uploads\/2023\/09\/Kerui-Customers-768x360.jpg 768w, https:\/\/keruiref.com\/wp-content\/uploads\/2023\/09\/Kerui-Customers-1536x720.jpg 1536w\" sizes=\"auto, (max-width: 1600px) 100vw, 1600px\" \/><\/p>\n<h2>Applicazione del mattone di dolomia<\/h2>\n<p>I mattoni di dolomia sono ampiamente utilizzati in vari settori industriali ad alta temperatura. Sono comunemente applicati nei forni per la produzione di acciaio, come i forni elettrici ad arco e le siviere, nonch\u00e9 nei forni per cemento e nei forni per vetro per resistere alle alte temperature e proteggere i rivestimenti dei forni.<\/p>\n<p><img loading=\"lazy\" decoding=\"async\" class=\"alignnone size-full wp-image-11187\" src=\"https:\/\/keruiref.com\/wp-content\/uploads\/2023\/09\/APPLICATION.jpg\" alt=\"APPLICAZIONI\" width=\"1600\" height=\"750\" srcset=\"https:\/\/keruiref.com\/wp-content\/uploads\/2023\/09\/APPLICATION.jpg 1600w, https:\/\/keruiref.com\/wp-content\/uploads\/2023\/09\/APPLICATION-300x141.jpg 300w, https:\/\/keruiref.com\/wp-content\/uploads\/2023\/09\/APPLICATION-1024x480.jpg 1024w, https:\/\/keruiref.com\/wp-content\/uploads\/2023\/09\/APPLICATION-768x360.jpg 768w, https:\/\/keruiref.com\/wp-content\/uploads\/2023\/09\/APPLICATION-1536x720.jpg 1536w\" sizes=\"auto, (max-width: 1600px) 100vw, 1600px\" \/><\/p>\n<\/div>\n<div id=\"INQUIRY\" class=\"page_model\">\n<div class=\"wpcf7 no-js\" id=\"wpcf7-f328-o2\" lang=\"en-US\" dir=\"ltr\" data-wpcf7-id=\"328\">\n<div class=\"screen-reader-response\">\n<p role=\"status\" aria-live=\"polite\" aria-atomic=\"true\">\n<ul><\/ul>\n<\/div>\n<form action=\"\/it\/wp-json\/wp\/v2\/pages\/84368#wpcf7-f328-o2\" method=\"post\" class=\"wpcf7-form init\" aria-label=\"Modulo di contatto\" novalidate=\"novalidate\" data-status=\"init\" data-trp-original-action=\"\/it\/wp-json\/wp\/v2\/pages\/84368#wpcf7-f328-o2\">\n<div style=\"display: none;\">\n<input type=\"hidden\" name=\"_wpcf7\" value=\"328\" \/><br \/>\n<input type=\"hidden\" name=\"_wpcf7_version\" value=\"6.0.4\" \/><br \/>\n<input type=\"hidden\" name=\"_wpcf7_locale\" value=\"en_US\" \/><br \/>\n<input type=\"hidden\" name=\"_wpcf7_unit_tag\" value=\"wpcf7-f328-o2\" \/><br \/>\n<input type=\"hidden\" name=\"_wpcf7_container_post\" value=\"0\" \/><br \/>\n<input type=\"hidden\" name=\"_wpcf7_posted_data_hash\" value=\"\" \/><br \/>\n<input type=\"hidden\" name=\"_wpcf7_recaptcha_response\" value=\"\" \/>\n<\/div>\n<div class=\"form-box\" id=\"Contact-Us\">\n<div class=\"isleft\">\n<div class=\"contact-title\">\n<p>Contatto\n\t\t\t<\/p>\n<\/p><\/div>\n<div class=\"contactp\">\n<p>Non esitate a dare la vostra richiesta nel modulo giusto. Vi risponderemo entro 6 ore.\n\t\t\t<\/p>\n<\/p><\/div>\n<ul class=\"contact\">\n<li class=\"email\">\n<p><img decoding=\"async\" src=\"https:\/\/keruiref.com\/wp-content\/uploads\/2023\/12\/email.png\" alt=\"\" \/>E-mail:\n\t\t\t\t<\/p>\n<p><a href=\"mailto:market@keruiref.com\">market@keruiref.com<\/a>\n\t\t\t\t<\/p>\n<\/li>\n<li class=\"phone\">\n<p><img decoding=\"async\" src=\"https:\/\/keruiref.com\/wp-content\/uploads\/2023\/12\/tel.png\" alt=\"\" \/>Telefono\/whatsapp:\n\t\t\t\t<\/p>\n<p><a href=\"https:\/\/wa.me\/8619138178880\">+86 19138178880<\/a>\n\t\t\t\t<\/p>\n<\/li>\n<li class=\"location\">\n<p><img decoding=\"async\" src=\"https:\/\/keruiref.com\/wp-content\/uploads\/2023\/12\/Location.png\" alt=\"\" \/>Base di produzione:\n\t\t\t\t<\/p>\n<p>Zona industriale dei refrattari di Chaohua,<br \/>\nCitt\u00e0 di Xinmi, provincia di Henan, Cina\n\t\t\t\t<\/p>\n<\/li>\n<\/ul><\/div>\n<div class=\"isright\">\n<ul class=\"contact-input\">\n<li>\n<div class=\"islabel\">\n<p>* Nome:\n\t\t\t\t\t<\/p>\n<\/p><\/div>\n<p><span class=\"wpcf7-form-control-wrap\" data-name=\"your-name\"><input size=\"40\" maxlength=\"400\" class=\"wpcf7-form-control wpcf7-text wpcf7-validates-as-required\" aria-required=\"true\" aria-invalid=\"false\" placeholder=\"\" value=\"\" type=\"text\" name=\"your-name\" \/><\/span>\n\t\t\t\t<\/p>\n<\/li>\n<li>\n<div class=\"islabel\">\n<p>* E-mail:\n\t\t\t\t\t<\/p>\n<\/p><\/div>\n<p><span class=\"wpcf7-form-control-wrap\" data-name=\"your-email\"><input size=\"40\" maxlength=\"400\" class=\"wpcf7-form-control wpcf7-email wpcf7-validates-as-required wpcf7-text wpcf7-validates-as-email\" aria-required=\"true\" aria-invalid=\"false\" placeholder=\"\" value=\"\" type=\"email\" name=\"your-email\" \/><\/span>\n\t\t\t\t<\/p>\n<\/li>\n<li>\n<div class=\"islabel\">\n<p>* Telefono\/Whatsapp:\n\t\t\t\t\t<\/p>\n<\/p><\/div>\n<p><span class=\"wpcf7-form-control-wrap\" data-name=\"your-phone\"><input size=\"40\" maxlength=\"400\" class=\"wpcf7-form-control wpcf7-tel wpcf7-text wpcf7-validates-as-tel\" aria-invalid=\"false\" placeholder=\"\" value=\"\" type=\"tel\" name=\"your-phone\" \/><\/span>\n\t\t\t\t<\/p>\n<\/li>\n<li>\n<div class=\"islabel\">\n<p>Paese:\n\t\t\t\t\t<\/p>\n<\/p><\/div>\n<p><span class=\"wpcf7-form-control-wrap\" data-name=\"your-country\"><input size=\"40\" maxlength=\"400\" class=\"wpcf7-form-control wpcf7-text\" aria-invalid=\"false\" placeholder=\"\" value=\"\" type=\"text\" name=\"your-country\" \/><\/span>\n\t\t\t\t<\/p>\n<\/li>\n<li class=\"ismassage\">\n<div class=\"islabel\">\n<p>* Messaggio:\n\t\t\t\t\t<\/p>\n<\/p><\/div>\n<p><span class=\"wpcf7-form-control-wrap\" data-name=\"your-msg\"><textarea cols=\"40\" rows=\"10\" maxlength=\"2000\" class=\"wpcf7-form-control wpcf7-textarea wpcf7-validates-as-required\" aria-required=\"true\" aria-invalid=\"false\" name=\"your-msg\"><\/textarea><\/span>\n\t\t\t\t<\/p>\n<\/li>\n<li class=\"wpcf7-btns-box\">\n<div class=\"isFileName\">\n\t\t\t\t<\/div>\n<div class=\"wpcf7-btns\">\n<p><input class=\"wpcf7-form-control wpcf7-submit has-spinner\" type=\"submit\" value=\"INVIO\" \/>\n\t\t\t\t\t<\/p>\n<\/p><\/div>\n<\/li>\n<\/ul><\/div>\n<\/div>\n<div class=\"wpcf7-response-output\" aria-hidden=\"true\"><\/div>\n<input type=\"hidden\" name=\"trp-form-language\" value=\"it\"\/><\/form>\n<\/div>\n<\/div>\n<div class=\"page_model\"><\/div>","protected":false},"excerpt":{"rendered":"Dolomite Brick MgO+CaO% (\u2265)\uff1a92-94; CaO% (\u2265)\uff1a18-48; Apparent Porosity(%)\uff1a15.0; Cold Crushing Strength (MPa)\uff1a60; Certification: ISO9001\/ISO14001\/ISO45001\/ISO50001; Sample: available; High Quality Reasonable Price Customizable Products &amp; Solutions Timely Delivery 7\/24\/365 At Your Service inquiry nowsend email Description of Dolomite Brick Dolomite bricks, also known as magnesia-calcium bricks and &#8230; <a title=\"Mattone di dolomia\" class=\"read-more\" href=\"https:\/\/keruiref.com\/it\/mattone-di-dolomite\/\" aria-label=\"More on Dolomite Brick\">Per saperne di pi\u00f9<\/a>","protected":false},"author":1,"featured_media":84367,"parent":0,"menu_order":0,"comment_status":"closed","ping_status":"closed","template":"","meta":{"footnotes":""},"class_list":{"0":"post-84368","1":"page","2":"type-page","3":"status-publish","4":"has-post-thumbnail","6":"no-featured-image-padding","7":"resize-featured-image"},"yoast_head":"<!-- This site is optimized with the Yoast SEO plugin v24.9 - https:\/\/yoast.com\/wordpress\/plugins\/seo\/ -->\n<title>Dolomite Brick - Your Refractory Bricks, Castables Manufacturer For Kiln | Kerui Refractory\u00ae Official Website<\/title>\n<meta name=\"description\" content=\"Dolomite bricks line steelmaking furnaces and lime kilns, resisting high temps and alkaline slag in metallurgical and chemical processes.\" \/>\n<meta name=\"robots\" content=\"index, follow, max-snippet:-1, max-image-preview:large, max-video-preview:-1\" \/>\n<link rel=\"canonical\" href=\"https:\/\/keruiref.com\/it\/mattone-di-dolomite\/\" \/>\n<script type=\"application\/ld+json\" class=\"yoast-schema-graph\">{\"@context\":\"https:\/\/schema.org\",\"@graph\":[{\"@type\":\"WebPage\",\"@id\":\"https:\/\/keruiref.com\/dolomite-brick\/\",\"url\":\"https:\/\/keruiref.com\/dolomite-brick\/\",\"name\":\"Dolomite Brick - Your Refractory Bricks, Castables Manufacturer For Kiln | Kerui Refractory\u00ae Official Website\",\"isPartOf\":{\"@id\":\"https:\/\/keruiref.com\/el\/#website\"},\"primaryImageOfPage\":{\"@id\":\"https:\/\/keruiref.com\/dolomite-brick\/#primaryimage\"},\"image\":{\"@id\":\"https:\/\/keruiref.com\/dolomite-brick\/#primaryimage\"},\"thumbnailUrl\":\"https:\/\/keruiref.com\/wp-content\/uploads\/2025\/02\/KERUI-Dolomite-Brick.webp\",\"datePublished\":\"2025-02-26T02:02:55+00:00\",\"dateModified\":\"2025-05-27T03:18:44+00:00\",\"description\":\"Dolomite bricks line steelmaking furnaces and lime kilns, resisting high temps and alkaline slag in metallurgical and chemical processes.\",\"breadcrumb\":{\"@id\":\"https:\/\/keruiref.com\/dolomite-brick\/#breadcrumb\"},\"inLanguage\":\"it-IT\",\"potentialAction\":[{\"@type\":\"ReadAction\",\"target\":[\"https:\/\/keruiref.com\/dolomite-brick\/\"]}]},{\"@type\":\"ImageObject\",\"inLanguage\":\"it-IT\",\"@id\":\"https:\/\/keruiref.com\/dolomite-brick\/#primaryimage\",\"url\":\"https:\/\/keruiref.com\/wp-content\/uploads\/2025\/02\/KERUI-Dolomite-Brick.webp\",\"contentUrl\":\"https:\/\/keruiref.com\/wp-content\/uploads\/2025\/02\/KERUI-Dolomite-Brick.webp\",\"width\":660,\"height\":528},{\"@type\":\"BreadcrumbList\",\"@id\":\"https:\/\/keruiref.com\/dolomite-brick\/#breadcrumb\",\"itemListElement\":[{\"@type\":\"ListItem\",\"position\":1,\"name\":\"Home\",\"item\":\"https:\/\/keruiref.com\/\"},{\"@type\":\"ListItem\",\"position\":2,\"name\":\"Dolomite Brick\"}]},{\"@type\":\"WebSite\",\"@id\":\"https:\/\/keruiref.com\/el\/#website\",\"url\":\"https:\/\/keruiref.com\/el\/\",\"name\":\"Your Refractory Bricks, Castables Manufacturer For Kiln | Kerui Refractory\u00ae Official Website\",\"description\":\"\",\"publisher\":{\"@id\":\"https:\/\/keruiref.com\/el\/#organization\"},\"potentialAction\":[{\"@type\":\"SearchAction\",\"target\":{\"@type\":\"EntryPoint\",\"urlTemplate\":\"https:\/\/keruiref.com\/el\/?s={search_term_string}\"},\"query-input\":{\"@type\":\"PropertyValueSpecification\",\"valueRequired\":true,\"valueName\":\"search_term_string\"}}],\"inLanguage\":\"it-IT\"},{\"@type\":\"Organization\",\"@id\":\"https:\/\/keruiref.com\/el\/#organization\",\"name\":\"Your Refractory Bricks, Castables Manufacturer For Kiln | Kerui Refractory\u00ae Official Website\",\"url\":\"https:\/\/keruiref.com\/el\/\",\"logo\":{\"@type\":\"ImageObject\",\"inLanguage\":\"it-IT\",\"@id\":\"https:\/\/keruiref.com\/el\/#\/schema\/logo\/image\/\",\"url\":\"https:\/\/keruiref.com\/wp-content\/uploads\/2024\/01\/footer-Logo.png\",\"contentUrl\":\"https:\/\/keruiref.com\/wp-content\/uploads\/2024\/01\/footer-Logo.png\",\"width\":282,\"height\":70,\"caption\":\"Your Refractory Bricks, Castables Manufacturer For Kiln | Kerui Refractory\u00ae Official Website\"},\"image\":{\"@id\":\"https:\/\/keruiref.com\/el\/#\/schema\/logo\/image\/\"}}]}<\/script>\n<!-- \/ Yoast SEO plugin. -->","yoast_head_json":{"title":"Mattoni di dolomia - Il vostro mattone refrattario, produttore di materiali da costruzione per il forno","description":"I mattoni di dolomia rivestono i forni per la produzione di acciaio e calce, resistendo alle alte temperature e alle scorie alcaline nei processi metallurgici e chimici.","robots":{"index":"index","follow":"follow","max-snippet":"max-snippet:-1","max-image-preview":"max-image-preview:large","max-video-preview":"max-video-preview:-1"},"canonical":"https:\/\/keruiref.com\/it\/mattone-di-dolomite\/","schema":{"@context":"https:\/\/schema.org","@graph":[{"@type":"WebPage","@id":"https:\/\/keruiref.com\/dolomite-brick\/","url":"https:\/\/keruiref.com\/dolomite-brick\/","name":"Mattoni di dolomia - Il vostro mattone refrattario, produttore di materiali da costruzione per il forno","isPartOf":{"@id":"https:\/\/keruiref.com\/el\/#website"},"primaryImageOfPage":{"@id":"https:\/\/keruiref.com\/dolomite-brick\/#primaryimage"},"image":{"@id":"https:\/\/keruiref.com\/dolomite-brick\/#primaryimage"},"thumbnailUrl":"https:\/\/keruiref.com\/wp-content\/uploads\/2025\/02\/KERUI-Dolomite-Brick.webp","datePublished":"2025-02-26T02:02:55+00:00","dateModified":"2025-05-27T03:18:44+00:00","description":"I mattoni di dolomia rivestono i forni per la produzione di acciaio e calce, resistendo alle alte temperature e alle scorie alcaline nei processi metallurgici e chimici.","breadcrumb":{"@id":"https:\/\/keruiref.com\/dolomite-brick\/#breadcrumb"},"inLanguage":"it-IT","potentialAction":[{"@type":"ReadAction","target":["https:\/\/keruiref.com\/dolomite-brick\/"]}]},{"@type":"ImageObject","inLanguage":"it-IT","@id":"https:\/\/keruiref.com\/dolomite-brick\/#primaryimage","url":"https:\/\/keruiref.com\/wp-content\/uploads\/2025\/02\/KERUI-Dolomite-Brick.webp","contentUrl":"https:\/\/keruiref.com\/wp-content\/uploads\/2025\/02\/KERUI-Dolomite-Brick.webp","width":660,"height":528},{"@type":"BreadcrumbList","@id":"https:\/\/keruiref.com\/dolomite-brick\/#breadcrumb","itemListElement":[{"@type":"ListItem","position":1,"name":"Home","item":"https:\/\/keruiref.com\/"},{"@type":"ListItem","position":2,"name":"Dolomite Brick"}]},{"@type":"WebSite","@id":"https:\/\/keruiref.com\/el\/#website","url":"https:\/\/keruiref.com\/el\/","name":"Il vostro produttore di mattoni refrattari e di materiali da costruzione per il forno","description":"","publisher":{"@id":"https:\/\/keruiref.com\/el\/#organization"},"potentialAction":[{"@type":"SearchAction","target":{"@type":"EntryPoint","urlTemplate":"https:\/\/keruiref.com\/el\/?s={search_term_string}"},"query-input":{"@type":"PropertyValueSpecification","valueRequired":true,"valueName":"search_term_string"}}],"inLanguage":"it-IT"},{"@type":"Organization","@id":"https:\/\/keruiref.com\/el\/#organization","name":"Il vostro produttore di mattoni refrattari e di materiali da costruzione per il forno","url":"https:\/\/keruiref.com\/el\/","logo":{"@type":"ImageObject","inLanguage":"it-IT","@id":"https:\/\/keruiref.com\/el\/#\/schema\/logo\/image\/","url":"https:\/\/keruiref.com\/wp-content\/uploads\/2024\/01\/footer-Logo.png","contentUrl":"https:\/\/keruiref.com\/wp-content\/uploads\/2024\/01\/footer-Logo.png","width":282,"height":70,"caption":"Your Refractory Bricks, Castables Manufacturer For Kiln | Kerui Refractory\u00ae Official Website"},"image":{"@id":"https:\/\/keruiref.com\/el\/#\/schema\/logo\/image\/"}}]}},"_links":{"self":[{"href":"https:\/\/keruiref.com\/it\/wp-json\/wp\/v2\/pages\/84368","targetHints":{"allow":["GET"]}}],"collection":[{"href":"https:\/\/keruiref.com\/it\/wp-json\/wp\/v2\/pages"}],"about":[{"href":"https:\/\/keruiref.com\/it\/wp-json\/wp\/v2\/types\/page"}],"author":[{"embeddable":true,"href":"https:\/\/keruiref.com\/it\/wp-json\/wp\/v2\/users\/1"}],"replies":[{"embeddable":true,"href":"https:\/\/keruiref.com\/it\/wp-json\/wp\/v2\/comments?post=84368"}],"version-history":[{"count":0,"href":"https:\/\/keruiref.com\/it\/wp-json\/wp\/v2\/pages\/84368\/revisions"}],"wp:featuredmedia":[{"embeddable":true,"href":"https:\/\/keruiref.com\/it\/wp-json\/wp\/v2\/media\/84367"}],"wp:attachment":[{"href":"https:\/\/keruiref.com\/it\/wp-json\/wp\/v2\/media?parent=84368"}],"curies":[{"name":"wp","href":"https:\/\/api.w.org\/{rel}","templated":true}]}}