{"id":83935,"date":"2025-02-18T11:33:43","date_gmt":"2025-02-18T03:33:43","guid":{"rendered":"https:\/\/keruiref.com\/?page_id=83935"},"modified":"2025-05-22T17:26:22","modified_gmt":"2025-05-22T09:26:22","slug":"mattone-di-allumina-e-magnesia","status":"publish","type":"page","link":"https:\/\/keruiref.com\/it\/mattone-di-allumina-e-magnesia\/","title":{"rendered":"Mattone di allumina e magnesia"},"content":{"rendered":"<div class=\"page_model product_info\">\n<div class=\"preview\"><img loading=\"lazy\" decoding=\"async\" class=\"alignnone wp-image-84076 size-full\" src=\"https:\/\/keruiref.com\/wp-content\/uploads\/2025\/02\/\u94dd\u9541\u78b3\u781601.webp\" alt=\"\" width=\"660\" height=\"495\" srcset=\"https:\/\/keruiref.com\/wp-content\/uploads\/2025\/02\/\u94dd\u9541\u78b3\u781601.webp 660w, https:\/\/keruiref.com\/wp-content\/uploads\/2025\/02\/\u94dd\u9541\u78b3\u781601-300x225.webp 300w\" sizes=\"auto, (max-width: 660px) 100vw, 660px\" \/><\/div>\n<div class=\"info\">\n<h1>Mattone di allumina e magnesia<\/h1>\n<p>Magnesia carbon bricks are mainly used in the lining of converters, AC electric arc furnaces, DC electric arc furnaces, and slag lines of ladles in the steelmaking industry.<\/p>\n<ul>\n<li>Al2O3: \u226530-45%;<\/li>\n<li>Densit\u00e0 apparente: 1,9-2,22 g\/cm\u00b3;<\/li>\n<li>Refrattariet\u00e0 sotto carico: 1250-1420\u00baC;<\/li>\n<li>Resistenza allo schiacciamento a freddo: 30-45MPa;<\/li>\n<li>Dimensioni: 230*114*65 mm (standard)\/dimensioni personalizzate;<\/li>\n<li>Campione: \u00e8 disponibile il test del campione<\/li>\n<\/ul>\n<div class=\"tags\">\n<p>Alta qualit\u00e0<\/p>\n<p>Prezzo ragionevole<\/p>\n<p>Prodotti e soluzioni personalizzabili<\/p>\n<p>Consegna tempestiva<\/p>\n<p>7\/24\/365 Al vostro servizio<\/p>\n<\/div>\n<p><a class=\"inruiry fancybox\" href=\"#contact_form_pop\">richiesta ora<\/a><a class=\"email-btn\" href=\"mailto:market@keruiref.com\">inviare l'e-mail<\/a><\/p>\n<\/div>\n<\/div>\n<ul class=\"anchor\">\n<li><a href=\"#PRODUCTDESCRIPTION\">DESCRIZIONE DEL PRODOTTO<\/a><\/li>\n<li><a href=\"#TechniqueData\">Dati tecnici<\/a><\/li>\n<li><a href=\"#INQUIRY\">RICHIESTA<\/a><\/li>\n<li><a href=\"#RELATEDPRODUCTS\">PRODOTTI CORRELATI<\/a><\/li>\n<\/ul>\n<div class=\"page_model\">\n<h2 id=\"PRODUCTDESCRIPTION\">Descrizione del mattone di carbone di magnesia e allumina<\/h2>\n<p>Alumina magnesia carbon bricks, a type of refractory product, blend the advantages of multiple components. Alumina provides high refractoriness, magnesia offers good slag resistance, and carbon endows excellent thermal shock resistance and low thermal conductivity. They&#8217;re extensively used in steel &#8211; making equipment like converters and ladles, protecting against high &#8211; temperature molten steel and slag, ensuring stable operation in harsh industrial conditions.<\/p>\n<div class='content-column one_third'>\n<div style=\"padding-right:20px;\"><img loading=\"lazy\" decoding=\"async\" class=\"alignnone size-full wp-image-8059\" src=\"https:\/\/keruiref.com\/wp-content\/uploads\/2023\/08\/Magnesia-Carbon-Brick-manufacturer.jpg\" alt=\"Magnesia Carbon Brick produttore\" width=\"490\" height=\"370\" srcset=\"https:\/\/keruiref.com\/wp-content\/uploads\/2023\/08\/Magnesia-Carbon-Brick-manufacturer.jpg 490w, https:\/\/keruiref.com\/wp-content\/uploads\/2023\/08\/Magnesia-Carbon-Brick-manufacturer-300x227.jpg 300w\" sizes=\"auto, (max-width: 490px) 100vw, 490px\" \/><\/div>\n<\/div>\n<div class='content-column one_third'>\n<div style=\"padding-right:20px;\"><img loading=\"lazy\" decoding=\"async\" class=\"alignnone size-full wp-image-8060\" src=\"https:\/\/keruiref.com\/wp-content\/uploads\/2023\/08\/Magnesia-Carbon-Brick-factory-direct-sale.jpg\" alt=\"Magnesia Carbon Brick fabbrica vendita diretta\" width=\"490\" height=\"370\" srcset=\"https:\/\/keruiref.com\/wp-content\/uploads\/2023\/08\/Magnesia-Carbon-Brick-factory-direct-sale.jpg 490w, https:\/\/keruiref.com\/wp-content\/uploads\/2023\/08\/Magnesia-Carbon-Brick-factory-direct-sale-300x227.jpg 300w\" sizes=\"auto, (max-width: 490px) 100vw, 490px\" \/><\/div>\n<\/div>\n<div class='content-column one_third last_column'>\n<div style=\"padding-right:20px;\"><img loading=\"lazy\" decoding=\"async\" class=\"alignnone size-full wp-image-8061\" src=\"https:\/\/keruiref.com\/wp-content\/uploads\/2023\/08\/Magnesia-Carbon-Brick-delivery.jpg\" alt=\"Fornitura di mattoni di carbone di magnesia\" width=\"490\" height=\"370\" srcset=\"https:\/\/keruiref.com\/wp-content\/uploads\/2023\/08\/Magnesia-Carbon-Brick-delivery.jpg 490w, https:\/\/keruiref.com\/wp-content\/uploads\/2023\/08\/Magnesia-Carbon-Brick-delivery-300x227.jpg 300w\" sizes=\"auto, (max-width: 490px) 100vw, 490px\" \/><\/div>\n<\/div>\n<div class='clear_column'><\/div>\n<p><center><a class=\"fancybox price\" href=\"#contact_form_pop\">PREZZO<\/a><\/center><\/p>\n<div class=\"fancybox-hidden\" style=\"display: none;\">\n<div id=\"contact_form_pop\">\n<div class=\"wpcf7 no-js\" id=\"wpcf7-f328-o1\" lang=\"en-US\" dir=\"ltr\" data-wpcf7-id=\"328\">\n<div class=\"screen-reader-response\">\n<p role=\"status\" aria-live=\"polite\" aria-atomic=\"true\">\n<ul><\/ul>\n<\/div>\n<form action=\"\/it\/wp-json\/wp\/v2\/pages\/83935#wpcf7-f328-o1\" method=\"post\" class=\"wpcf7-form init\" aria-label=\"Modulo di contatto\" novalidate=\"novalidate\" data-status=\"init\" data-trp-original-action=\"\/it\/wp-json\/wp\/v2\/pages\/83935#wpcf7-f328-o1\">\n<div style=\"display: none;\">\n<input type=\"hidden\" name=\"_wpcf7\" value=\"328\" \/><br \/>\n<input type=\"hidden\" name=\"_wpcf7_version\" value=\"6.0.4\" \/><br \/>\n<input type=\"hidden\" name=\"_wpcf7_locale\" value=\"en_US\" \/><br \/>\n<input type=\"hidden\" name=\"_wpcf7_unit_tag\" value=\"wpcf7-f328-o1\" \/><br \/>\n<input type=\"hidden\" name=\"_wpcf7_container_post\" value=\"0\" \/><br \/>\n<input type=\"hidden\" name=\"_wpcf7_posted_data_hash\" value=\"\" \/><br \/>\n<input type=\"hidden\" name=\"_wpcf7_recaptcha_response\" value=\"\" \/>\n<\/div>\n<div class=\"form-box\" id=\"Contact-Us\">\n<div class=\"isleft\">\n<div class=\"contact-title\">\n<p>Contatto\n\t\t\t<\/p>\n<\/p><\/div>\n<div class=\"contactp\">\n<p>Non esitate a dare la vostra richiesta nel modulo giusto. Vi risponderemo entro 6 ore.\n\t\t\t<\/p>\n<\/p><\/div>\n<ul class=\"contact\">\n<li class=\"email\">\n<p><img decoding=\"async\" src=\"https:\/\/keruiref.com\/wp-content\/uploads\/2023\/12\/email.png\" alt=\"\" \/>E-mail:\n\t\t\t\t<\/p>\n<p><a href=\"mailto:market@keruiref.com\">market@keruiref.com<\/a>\n\t\t\t\t<\/p>\n<\/li>\n<li class=\"phone\">\n<p><img decoding=\"async\" src=\"https:\/\/keruiref.com\/wp-content\/uploads\/2023\/12\/tel.png\" alt=\"\" \/>Telefono\/whatsapp:\n\t\t\t\t<\/p>\n<p><a href=\"https:\/\/wa.me\/8619138178880\">+86 19138178880<\/a>\n\t\t\t\t<\/p>\n<\/li>\n<li class=\"location\">\n<p><img decoding=\"async\" src=\"https:\/\/keruiref.com\/wp-content\/uploads\/2023\/12\/Location.png\" alt=\"\" \/>Base di produzione:\n\t\t\t\t<\/p>\n<p>Zona industriale dei refrattari di Chaohua,<br \/>\nCitt\u00e0 di Xinmi, provincia di Henan, Cina\n\t\t\t\t<\/p>\n<\/li>\n<\/ul><\/div>\n<div class=\"isright\">\n<ul class=\"contact-input\">\n<li>\n<div class=\"islabel\">\n<p>* Nome:\n\t\t\t\t\t<\/p>\n<\/p><\/div>\n<p><span class=\"wpcf7-form-control-wrap\" data-name=\"your-name\"><input size=\"40\" maxlength=\"400\" class=\"wpcf7-form-control wpcf7-text wpcf7-validates-as-required\" aria-required=\"true\" aria-invalid=\"false\" placeholder=\"\" value=\"\" type=\"text\" name=\"your-name\" \/><\/span>\n\t\t\t\t<\/p>\n<\/li>\n<li>\n<div class=\"islabel\">\n<p>* E-mail:\n\t\t\t\t\t<\/p>\n<\/p><\/div>\n<p><span class=\"wpcf7-form-control-wrap\" data-name=\"your-email\"><input size=\"40\" maxlength=\"400\" class=\"wpcf7-form-control wpcf7-email wpcf7-validates-as-required wpcf7-text wpcf7-validates-as-email\" aria-required=\"true\" aria-invalid=\"false\" placeholder=\"\" value=\"\" type=\"email\" name=\"your-email\" \/><\/span>\n\t\t\t\t<\/p>\n<\/li>\n<li>\n<div class=\"islabel\">\n<p>* Telefono\/Whatsapp:\n\t\t\t\t\t<\/p>\n<\/p><\/div>\n<p><span class=\"wpcf7-form-control-wrap\" data-name=\"your-phone\"><input size=\"40\" maxlength=\"400\" class=\"wpcf7-form-control wpcf7-tel wpcf7-text wpcf7-validates-as-tel\" aria-invalid=\"false\" placeholder=\"\" value=\"\" type=\"tel\" name=\"your-phone\" \/><\/span>\n\t\t\t\t<\/p>\n<\/li>\n<li>\n<div class=\"islabel\">\n<p>Paese:\n\t\t\t\t\t<\/p>\n<\/p><\/div>\n<p><span class=\"wpcf7-form-control-wrap\" data-name=\"your-country\"><input size=\"40\" maxlength=\"400\" class=\"wpcf7-form-control wpcf7-text\" aria-invalid=\"false\" placeholder=\"\" value=\"\" type=\"text\" name=\"your-country\" \/><\/span>\n\t\t\t\t<\/p>\n<\/li>\n<li class=\"ismassage\">\n<div class=\"islabel\">\n<p>* Messaggio:\n\t\t\t\t\t<\/p>\n<\/p><\/div>\n<p><span class=\"wpcf7-form-control-wrap\" data-name=\"your-msg\"><textarea cols=\"40\" rows=\"10\" maxlength=\"2000\" class=\"wpcf7-form-control wpcf7-textarea wpcf7-validates-as-required\" aria-required=\"true\" aria-invalid=\"false\" name=\"your-msg\"><\/textarea><\/span>\n\t\t\t\t<\/p>\n<\/li>\n<li class=\"wpcf7-btns-box\">\n<div class=\"isFileName\">\n\t\t\t\t<\/div>\n<div class=\"wpcf7-btns\">\n<p><input class=\"wpcf7-form-control wpcf7-submit has-spinner\" type=\"submit\" value=\"INVIO\" \/>\n\t\t\t\t\t<\/p>\n<\/p><\/div>\n<\/li>\n<\/ul><\/div>\n<\/div>\n<div class=\"wpcf7-response-output\" aria-hidden=\"true\"><\/div>\n<input type=\"hidden\" name=\"trp-form-language\" value=\"it\"\/><\/form>\n<\/div>\n<\/div>\n<\/div>\n<h2 id=\"TechniqueData\">Scheda tecnica del mattone di carbone magnesiaco allumina Kerui<\/h2>\n<div class=\"tableys\">\n<table id=\"tablepress-59\" class=\"tablepress tablepress-id-59 tbody-has-connected-cells\">\n<thead>\n<tr class=\"row-1\">\n<th class=\"column-1\">Articolo<\/th>\n<th class=\"column-2\">KR AMC-5<\/th>\n<th class=\"column-3\">KR AMC-10<\/th>\n<\/tr>\n<\/thead>\n<tbody class=\"row-striping row-hover\">\n<tr class=\"row-2\">\n<td class=\"column-1\">MgO in DBM (%)<\/td>\n<td class=\"column-2\">10<\/td>\n<td class=\"column-3\">10<\/td>\n<\/tr>\n<tr class=\"row-3\">\n<td class=\"column-1\">Al2O3 (%)<\/td>\n<td class=\"column-2\">60<\/td>\n<td class=\"column-3\">60<\/td>\n<\/tr>\n<tr class=\"row-4\">\n<td class=\"column-1\">C fisso (%)<\/td>\n<td class=\"column-2\">5<\/td>\n<td class=\"column-3\">8<\/td>\n<\/tr>\n<tr class=\"row-5\">\n<td class=\"column-1\">A.P. (%)<\/td>\n<td class=\"column-2\">7<\/td>\n<td class=\"column-3\">8<\/td>\n<\/tr>\n<tr class=\"row-6\">\n<td class=\"column-1\">B.D (gm\/cm<span style=\"color:#333333;\">3<\/span><span style=\"color:#333333;\">)<\/span><\/td>\n<td class=\"column-2\">2.95<\/td>\n<td class=\"column-3\">2.92<\/td>\n<\/tr>\n<tr class=\"row-7\">\n<td class=\"column-1\">C.C.S (kg\/cm<span style=\"color:#333333;\">2<\/span><span style=\"color:#333333;\">)<\/span><\/td>\n<td class=\"column-2\">400<\/td>\n<td class=\"column-3\">400<\/td>\n<\/tr>\n<tr class=\"row-8\">\n<td class=\"column-1\">Materie prime primarie<\/td>\n<td colspan=\"2\" class=\"column-2\">Bauxite calcinata, magnesia fusa e grafite<\/td>\n<\/tr>\n<tr class=\"row-9\">\n<td class=\"column-1\">Applicazione<\/td>\n<td colspan=\"2\" class=\"column-2\">Zona metallica e fondo di LRF, VD , BOF e VOD<\/td>\n<\/tr>\n<\/tbody>\n<\/table>\n<p><!-- #tablepress-59 from cache --><\/div>\n<h2>Vantaggi dei mattoni di carbone di magnesia e allumina<\/h2>\n<p>1.High refractoriness: They can endure extremely high temperatures, up to over 1600\u00b0C, making them suitable for harsh high &#8211; heat environments.<br \/>\n2.Good slag resistance: Resistant to the corrosive effects of various slags in metallurgical processes, maintaining structural integrity.<br \/>\n3.Excellent thermal shock resistance: Withstand rapid temperature changes without cracking, ensuring long &#8211; term service.<br \/>\n4.High mechanical strength: Capable of bearing mechanical loads during industrial operations, ensuring durability.<\/p>\n<h2>Applicazione del mattone di carbone di magnesia e allumina<\/h2>\n<p>Alumina magnesia carbon bricks have wide applications in the metallurgical industry. In steel &#8211; making converters, they line the interior walls, enduring the extreme heat of molten steel and the corrosive action of slag. In ladles, these bricks are used to transport and hold the molten metal, ensuring heat preservation and preventing leakage. They are also applied in electric arc furnaces, playing a crucial role in withstanding high &#8211; temperature smelting processes and extending the service life of the equipment.<\/p>\n<p><img loading=\"lazy\" decoding=\"async\" class=\"alignnone wp-image-84077 size-full\" src=\"https:\/\/keruiref.com\/wp-content\/uploads\/2025\/02\/\u94dd\u9541\u78b3\u7816\u5e94\u7528.webp\" alt=\"\" width=\"1400\" height=\"310\" srcset=\"https:\/\/keruiref.com\/wp-content\/uploads\/2025\/02\/\u94dd\u9541\u78b3\u7816\u5e94\u7528.webp 1400w, https:\/\/keruiref.com\/wp-content\/uploads\/2025\/02\/\u94dd\u9541\u78b3\u7816\u5e94\u7528-300x66.webp 300w, https:\/\/keruiref.com\/wp-content\/uploads\/2025\/02\/\u94dd\u9541\u78b3\u7816\u5e94\u7528-1024x227.webp 1024w, https:\/\/keruiref.com\/wp-content\/uploads\/2025\/02\/\u94dd\u9541\u78b3\u7816\u5e94\u7528-768x170.webp 768w\" sizes=\"auto, (max-width: 1400px) 100vw, 1400px\" \/><\/p>\n<\/div>\n<div id=\"INQUIRY\" class=\"page_model\">\n<div class=\"wpcf7 no-js\" id=\"wpcf7-f328-o2\" lang=\"en-US\" dir=\"ltr\" data-wpcf7-id=\"328\">\n<div class=\"screen-reader-response\">\n<p role=\"status\" aria-live=\"polite\" aria-atomic=\"true\">\n<ul><\/ul>\n<\/div>\n<form action=\"\/it\/wp-json\/wp\/v2\/pages\/83935#wpcf7-f328-o2\" method=\"post\" class=\"wpcf7-form init\" aria-label=\"Modulo di contatto\" novalidate=\"novalidate\" data-status=\"init\" data-trp-original-action=\"\/it\/wp-json\/wp\/v2\/pages\/83935#wpcf7-f328-o2\">\n<div style=\"display: none;\">\n<input type=\"hidden\" name=\"_wpcf7\" value=\"328\" \/><br \/>\n<input type=\"hidden\" name=\"_wpcf7_version\" value=\"6.0.4\" \/><br \/>\n<input type=\"hidden\" name=\"_wpcf7_locale\" value=\"en_US\" \/><br \/>\n<input type=\"hidden\" name=\"_wpcf7_unit_tag\" value=\"wpcf7-f328-o2\" \/><br \/>\n<input type=\"hidden\" name=\"_wpcf7_container_post\" value=\"0\" \/><br \/>\n<input type=\"hidden\" name=\"_wpcf7_posted_data_hash\" value=\"\" \/><br \/>\n<input type=\"hidden\" name=\"_wpcf7_recaptcha_response\" value=\"\" \/>\n<\/div>\n<div class=\"form-box\" id=\"Contact-Us\">\n<div class=\"isleft\">\n<div class=\"contact-title\">\n<p>Contatto\n\t\t\t<\/p>\n<\/p><\/div>\n<div class=\"contactp\">\n<p>Non esitate a dare la vostra richiesta nel modulo giusto. Vi risponderemo entro 6 ore.\n\t\t\t<\/p>\n<\/p><\/div>\n<ul class=\"contact\">\n<li class=\"email\">\n<p><img decoding=\"async\" src=\"https:\/\/keruiref.com\/wp-content\/uploads\/2023\/12\/email.png\" alt=\"\" \/>E-mail:\n\t\t\t\t<\/p>\n<p><a href=\"mailto:market@keruiref.com\">market@keruiref.com<\/a>\n\t\t\t\t<\/p>\n<\/li>\n<li class=\"phone\">\n<p><img decoding=\"async\" src=\"https:\/\/keruiref.com\/wp-content\/uploads\/2023\/12\/tel.png\" alt=\"\" \/>Telefono\/whatsapp:\n\t\t\t\t<\/p>\n<p><a href=\"https:\/\/wa.me\/8619138178880\">+86 19138178880<\/a>\n\t\t\t\t<\/p>\n<\/li>\n<li class=\"location\">\n<p><img decoding=\"async\" src=\"https:\/\/keruiref.com\/wp-content\/uploads\/2023\/12\/Location.png\" alt=\"\" \/>Base di produzione:\n\t\t\t\t<\/p>\n<p>Zona industriale dei refrattari di Chaohua,<br \/>\nCitt\u00e0 di Xinmi, provincia di Henan, Cina\n\t\t\t\t<\/p>\n<\/li>\n<\/ul><\/div>\n<div class=\"isright\">\n<ul class=\"contact-input\">\n<li>\n<div class=\"islabel\">\n<p>* Nome:\n\t\t\t\t\t<\/p>\n<\/p><\/div>\n<p><span class=\"wpcf7-form-control-wrap\" data-name=\"your-name\"><input size=\"40\" maxlength=\"400\" class=\"wpcf7-form-control wpcf7-text wpcf7-validates-as-required\" aria-required=\"true\" aria-invalid=\"false\" placeholder=\"\" value=\"\" type=\"text\" name=\"your-name\" \/><\/span>\n\t\t\t\t<\/p>\n<\/li>\n<li>\n<div class=\"islabel\">\n<p>* E-mail:\n\t\t\t\t\t<\/p>\n<\/p><\/div>\n<p><span class=\"wpcf7-form-control-wrap\" data-name=\"your-email\"><input size=\"40\" maxlength=\"400\" class=\"wpcf7-form-control wpcf7-email wpcf7-validates-as-required wpcf7-text wpcf7-validates-as-email\" aria-required=\"true\" aria-invalid=\"false\" placeholder=\"\" value=\"\" type=\"email\" name=\"your-email\" \/><\/span>\n\t\t\t\t<\/p>\n<\/li>\n<li>\n<div class=\"islabel\">\n<p>* Telefono\/Whatsapp:\n\t\t\t\t\t<\/p>\n<\/p><\/div>\n<p><span class=\"wpcf7-form-control-wrap\" data-name=\"your-phone\"><input size=\"40\" maxlength=\"400\" class=\"wpcf7-form-control wpcf7-tel wpcf7-text wpcf7-validates-as-tel\" aria-invalid=\"false\" placeholder=\"\" value=\"\" type=\"tel\" name=\"your-phone\" \/><\/span>\n\t\t\t\t<\/p>\n<\/li>\n<li>\n<div class=\"islabel\">\n<p>Paese:\n\t\t\t\t\t<\/p>\n<\/p><\/div>\n<p><span class=\"wpcf7-form-control-wrap\" data-name=\"your-country\"><input size=\"40\" maxlength=\"400\" class=\"wpcf7-form-control wpcf7-text\" aria-invalid=\"false\" placeholder=\"\" value=\"\" type=\"text\" name=\"your-country\" \/><\/span>\n\t\t\t\t<\/p>\n<\/li>\n<li class=\"ismassage\">\n<div class=\"islabel\">\n<p>* Messaggio:\n\t\t\t\t\t<\/p>\n<\/p><\/div>\n<p><span class=\"wpcf7-form-control-wrap\" data-name=\"your-msg\"><textarea cols=\"40\" rows=\"10\" maxlength=\"2000\" class=\"wpcf7-form-control wpcf7-textarea wpcf7-validates-as-required\" aria-required=\"true\" aria-invalid=\"false\" name=\"your-msg\"><\/textarea><\/span>\n\t\t\t\t<\/p>\n<\/li>\n<li class=\"wpcf7-btns-box\">\n<div class=\"isFileName\">\n\t\t\t\t<\/div>\n<div class=\"wpcf7-btns\">\n<p><input class=\"wpcf7-form-control wpcf7-submit has-spinner\" type=\"submit\" value=\"INVIO\" \/>\n\t\t\t\t\t<\/p>\n<\/p><\/div>\n<\/li>\n<\/ul><\/div>\n<\/div>\n<div class=\"wpcf7-response-output\" aria-hidden=\"true\"><\/div>\n<input type=\"hidden\" name=\"trp-form-language\" value=\"it\"\/><\/form>\n<\/div>\n<\/div>\n<div class=\"page_model\">\n<div class=\"swiper related-products\">\n<div class=\"swiper-wrapper\">\n<div class=\"swiper-slide\"><\/div>\n<\/div>\n<\/div>\n<\/div>","protected":false},"excerpt":{"rendered":"Alumina Magnesia Carbon Brick Magnesia carbon bricks are mainly used in the lining of converters, AC electric arc furnaces, DC electric arc furnaces, and slag lines of ladles in the steelmaking industry. Al2O3: \u226530-45%; Bulk Density: 1.9-2.22g\/cm\u00b3; Refractoriness Under Load: 1250-1420\u00baC; Cold Crushing Strength: 30-45MPa; &#8230; <a title=\"Mattone di allumina e magnesia\" class=\"read-more\" href=\"https:\/\/keruiref.com\/it\/mattone-di-allumina-e-magnesia\/\" aria-label=\"More on Alumina Magnesia Carbon Brick\">Per saperne di pi\u00f9<\/a>","protected":false},"author":1,"featured_media":84074,"parent":0,"menu_order":0,"comment_status":"closed","ping_status":"closed","template":"","meta":{"footnotes":""},"class_list":{"0":"post-83935","1":"page","2":"type-page","3":"status-publish","4":"has-post-thumbnail","6":"no-featured-image-padding","7":"resize-featured-image"},"yoast_head":"<!-- This site is optimized with the Yoast SEO plugin v24.9 - https:\/\/yoast.com\/wordpress\/plugins\/seo\/ -->\n<title>Alumina Magnesia Carbon Brick<\/title>\n<meta name=\"description\" content=\"Alumina Magnesia Carbon Brick is a refractory brick made of alumina, magnesia and carbon. It has high thermal conductivity and corrosion resistance, and is widely used in metallurgical industry.\" \/>\n<meta name=\"robots\" content=\"index, follow, max-snippet:-1, max-image-preview:large, max-video-preview:-1\" \/>\n<link rel=\"canonical\" href=\"https:\/\/keruiref.com\/it\/mattone-di-allumina-e-magnesia\/\" \/>\n<script type=\"application\/ld+json\" class=\"yoast-schema-graph\">{\"@context\":\"https:\/\/schema.org\",\"@graph\":[{\"@type\":\"WebPage\",\"@id\":\"https:\/\/keruiref.com\/alumina-magnesia-carbon-brick\/\",\"url\":\"https:\/\/keruiref.com\/alumina-magnesia-carbon-brick\/\",\"name\":\"Alumina Magnesia Carbon Brick\",\"isPartOf\":{\"@id\":\"https:\/\/keruiref.com\/el\/#website\"},\"primaryImageOfPage\":{\"@id\":\"https:\/\/keruiref.com\/alumina-magnesia-carbon-brick\/#primaryimage\"},\"image\":{\"@id\":\"https:\/\/keruiref.com\/alumina-magnesia-carbon-brick\/#primaryimage\"},\"thumbnailUrl\":\"https:\/\/keruiref.com\/wp-content\/uploads\/2025\/02\/\u94dd\u9541\u78b3\u781602.webp\",\"datePublished\":\"2025-02-18T03:33:43+00:00\",\"dateModified\":\"2025-05-22T09:26:22+00:00\",\"description\":\"Alumina Magnesia Carbon Brick is a refractory brick made of alumina, magnesia and carbon. It has high thermal conductivity and corrosion resistance, and is widely used in metallurgical industry.\",\"breadcrumb\":{\"@id\":\"https:\/\/keruiref.com\/alumina-magnesia-carbon-brick\/#breadcrumb\"},\"inLanguage\":\"it-IT\",\"potentialAction\":[{\"@type\":\"ReadAction\",\"target\":[\"https:\/\/keruiref.com\/alumina-magnesia-carbon-brick\/\"]}]},{\"@type\":\"ImageObject\",\"inLanguage\":\"it-IT\",\"@id\":\"https:\/\/keruiref.com\/alumina-magnesia-carbon-brick\/#primaryimage\",\"url\":\"https:\/\/keruiref.com\/wp-content\/uploads\/2025\/02\/\u94dd\u9541\u78b3\u781602.webp\",\"contentUrl\":\"https:\/\/keruiref.com\/wp-content\/uploads\/2025\/02\/\u94dd\u9541\u78b3\u781602.webp\",\"width\":660,\"height\":495},{\"@type\":\"BreadcrumbList\",\"@id\":\"https:\/\/keruiref.com\/alumina-magnesia-carbon-brick\/#breadcrumb\",\"itemListElement\":[{\"@type\":\"ListItem\",\"position\":1,\"name\":\"Home\",\"item\":\"https:\/\/keruiref.com\/\"},{\"@type\":\"ListItem\",\"position\":2,\"name\":\"Alumina Magnesia Carbon Brick\"}]},{\"@type\":\"WebSite\",\"@id\":\"https:\/\/keruiref.com\/el\/#website\",\"url\":\"https:\/\/keruiref.com\/el\/\",\"name\":\"Your Refractory Bricks, Castables Manufacturer For Kiln | Kerui Refractory\u00ae Official Website\",\"description\":\"\",\"publisher\":{\"@id\":\"https:\/\/keruiref.com\/el\/#organization\"},\"potentialAction\":[{\"@type\":\"SearchAction\",\"target\":{\"@type\":\"EntryPoint\",\"urlTemplate\":\"https:\/\/keruiref.com\/el\/?s={search_term_string}\"},\"query-input\":{\"@type\":\"PropertyValueSpecification\",\"valueRequired\":true,\"valueName\":\"search_term_string\"}}],\"inLanguage\":\"it-IT\"},{\"@type\":\"Organization\",\"@id\":\"https:\/\/keruiref.com\/el\/#organization\",\"name\":\"Your Refractory Bricks, Castables Manufacturer For Kiln | Kerui Refractory\u00ae Official Website\",\"url\":\"https:\/\/keruiref.com\/el\/\",\"logo\":{\"@type\":\"ImageObject\",\"inLanguage\":\"it-IT\",\"@id\":\"https:\/\/keruiref.com\/el\/#\/schema\/logo\/image\/\",\"url\":\"https:\/\/keruiref.com\/wp-content\/uploads\/2024\/01\/footer-Logo.png\",\"contentUrl\":\"https:\/\/keruiref.com\/wp-content\/uploads\/2024\/01\/footer-Logo.png\",\"width\":282,\"height\":70,\"caption\":\"Your Refractory Bricks, Castables Manufacturer For Kiln | Kerui Refractory\u00ae Official Website\"},\"image\":{\"@id\":\"https:\/\/keruiref.com\/el\/#\/schema\/logo\/image\/\"}}]}<\/script>\n<!-- \/ Yoast SEO plugin. -->","yoast_head_json":{"title":"Mattone di allumina e magnesia","description":"Il mattone di allumina e magnesia \u00e8 un mattone refrattario composto da allumina, magnesia e carbonio. Ha un'elevata conducibilit\u00e0 termica e resistenza alla corrosione ed \u00e8 ampiamente utilizzato nell'industria metallurgica.","robots":{"index":"index","follow":"follow","max-snippet":"max-snippet:-1","max-image-preview":"max-image-preview:large","max-video-preview":"max-video-preview:-1"},"canonical":"https:\/\/keruiref.com\/it\/mattone-di-allumina-e-magnesia\/","schema":{"@context":"https:\/\/schema.org","@graph":[{"@type":"WebPage","@id":"https:\/\/keruiref.com\/alumina-magnesia-carbon-brick\/","url":"https:\/\/keruiref.com\/alumina-magnesia-carbon-brick\/","name":"Mattone di allumina e magnesia","isPartOf":{"@id":"https:\/\/keruiref.com\/el\/#website"},"primaryImageOfPage":{"@id":"https:\/\/keruiref.com\/alumina-magnesia-carbon-brick\/#primaryimage"},"image":{"@id":"https:\/\/keruiref.com\/alumina-magnesia-carbon-brick\/#primaryimage"},"thumbnailUrl":"https:\/\/keruiref.com\/wp-content\/uploads\/2025\/02\/\u94dd\u9541\u78b3\u781602.webp","datePublished":"2025-02-18T03:33:43+00:00","dateModified":"2025-05-22T09:26:22+00:00","description":"Il mattone di allumina e magnesia \u00e8 un mattone refrattario composto da allumina, magnesia e carbonio. Ha un'elevata conducibilit\u00e0 termica e resistenza alla corrosione ed \u00e8 ampiamente utilizzato nell'industria metallurgica.","breadcrumb":{"@id":"https:\/\/keruiref.com\/alumina-magnesia-carbon-brick\/#breadcrumb"},"inLanguage":"it-IT","potentialAction":[{"@type":"ReadAction","target":["https:\/\/keruiref.com\/alumina-magnesia-carbon-brick\/"]}]},{"@type":"ImageObject","inLanguage":"it-IT","@id":"https:\/\/keruiref.com\/alumina-magnesia-carbon-brick\/#primaryimage","url":"https:\/\/keruiref.com\/wp-content\/uploads\/2025\/02\/\u94dd\u9541\u78b3\u781602.webp","contentUrl":"https:\/\/keruiref.com\/wp-content\/uploads\/2025\/02\/\u94dd\u9541\u78b3\u781602.webp","width":660,"height":495},{"@type":"BreadcrumbList","@id":"https:\/\/keruiref.com\/alumina-magnesia-carbon-brick\/#breadcrumb","itemListElement":[{"@type":"ListItem","position":1,"name":"Home","item":"https:\/\/keruiref.com\/"},{"@type":"ListItem","position":2,"name":"Alumina Magnesia Carbon Brick"}]},{"@type":"WebSite","@id":"https:\/\/keruiref.com\/el\/#website","url":"https:\/\/keruiref.com\/el\/","name":"Il vostro produttore di mattoni refrattari e di materiali da costruzione per il forno","description":"","publisher":{"@id":"https:\/\/keruiref.com\/el\/#organization"},"potentialAction":[{"@type":"SearchAction","target":{"@type":"EntryPoint","urlTemplate":"https:\/\/keruiref.com\/el\/?s={search_term_string}"},"query-input":{"@type":"PropertyValueSpecification","valueRequired":true,"valueName":"search_term_string"}}],"inLanguage":"it-IT"},{"@type":"Organization","@id":"https:\/\/keruiref.com\/el\/#organization","name":"Il vostro produttore di mattoni refrattari e di materiali da costruzione per il forno","url":"https:\/\/keruiref.com\/el\/","logo":{"@type":"ImageObject","inLanguage":"it-IT","@id":"https:\/\/keruiref.com\/el\/#\/schema\/logo\/image\/","url":"https:\/\/keruiref.com\/wp-content\/uploads\/2024\/01\/footer-Logo.png","contentUrl":"https:\/\/keruiref.com\/wp-content\/uploads\/2024\/01\/footer-Logo.png","width":282,"height":70,"caption":"Your Refractory Bricks, Castables Manufacturer For Kiln | Kerui Refractory\u00ae Official Website"},"image":{"@id":"https:\/\/keruiref.com\/el\/#\/schema\/logo\/image\/"}}]}},"_links":{"self":[{"href":"https:\/\/keruiref.com\/it\/wp-json\/wp\/v2\/pages\/83935","targetHints":{"allow":["GET"]}}],"collection":[{"href":"https:\/\/keruiref.com\/it\/wp-json\/wp\/v2\/pages"}],"about":[{"href":"https:\/\/keruiref.com\/it\/wp-json\/wp\/v2\/types\/page"}],"author":[{"embeddable":true,"href":"https:\/\/keruiref.com\/it\/wp-json\/wp\/v2\/users\/1"}],"replies":[{"embeddable":true,"href":"https:\/\/keruiref.com\/it\/wp-json\/wp\/v2\/comments?post=83935"}],"version-history":[{"count":0,"href":"https:\/\/keruiref.com\/it\/wp-json\/wp\/v2\/pages\/83935\/revisions"}],"wp:featuredmedia":[{"embeddable":true,"href":"https:\/\/keruiref.com\/it\/wp-json\/wp\/v2\/media\/84074"}],"wp:attachment":[{"href":"https:\/\/keruiref.com\/it\/wp-json\/wp\/v2\/media?parent=83935"}],"curies":[{"name":"wp","href":"https:\/\/api.w.org\/{rel}","templated":true}]}}