{"id":83928,"date":"2025-02-18T11:03:51","date_gmt":"2025-02-18T03:03:51","guid":{"rendered":"https:\/\/keruiref.com\/?page_id=83928"},"modified":"2025-05-27T11:28:35","modified_gmt":"2025-05-27T03:28:35","slug":"mattone-di-magnesia-fuso","status":"publish","type":"page","link":"https:\/\/keruiref.com\/it\/mattone-di-magnesia-fuso\/","title":{"rendered":"Mattone di magnesia fusa"},"content":{"rendered":"<div class=\"page_model product_info\">\n<div class=\"preview\"><img loading=\"lazy\" decoding=\"async\" class=\"wp-image-83929 size-full\" src=\"https:\/\/keruiref.com\/wp-content\/uploads\/2025\/02\/Magnesia-Brick.webp\" alt=\"Mattone di magnesia\" width=\"660\" height=\"495\" srcset=\"https:\/\/keruiref.com\/wp-content\/uploads\/2025\/02\/Magnesia-Brick.webp 660w, https:\/\/keruiref.com\/wp-content\/uploads\/2025\/02\/Magnesia-Brick-300x225.webp 300w\" sizes=\"auto, (max-width: 660px) 100vw, 660px\" \/><\/div>\n<div class=\"info\">\n<h1>Mattone di magnesia fusa<\/h1>\n<ul>\n<li>MgO Composizione chimica :\u226595 \uff05;<\/li>\n<li>Porosit\u00e0 apparente :\u226418 \uff05;<\/li>\n<li>Resistenza alla frantumazione a freddo: \u226555 Mpa;<\/li>\n<li>Stabilit\u00e0 termica 950\u2103 Cicli di vento: \u226515;<\/li>\n<li>0,2Mpa Refrattariet\u00e0 sotto carico T0,6:\u22651650<\/li>\n<li>Certificazione: ISO9001\/ISO14001\/ISO45001\/ISO50001;<\/li>\n<li>Campione: disponibile;<\/li>\n<\/ul>\n<div class=\"tags\">\n<p>Alta qualit\u00e0<\/p>\n<p>Prezzo ragionevole<\/p>\n<p>Prodotti e soluzioni personalizzabili<\/p>\n<p>Consegna tempestiva<\/p>\n<p>7\/24\/365 Al vostro servizio<\/p>\n<\/div>\n<p><a class=\"inruiry fancybox\" href=\"#contact_form_pop\">richiesta ora<\/a><a class=\"email-btn\" href=\"mailto:market@keruiref.com\">inviare l'e-mail<\/a><\/p>\n<\/div>\n<\/div>\n<div class=\"page_model\">\n<h2>Descrizione del mattone di magnesia fusa<\/h2>\n<p>I mattoni di magnesite fusa sono prodotti con un contenuto di ossido di magnesio superiore a 90% come materia prima e periclasio come fase cristallina principale dopo la frantumazione, l'ammuffimento, lo stampaggio, la cottura e l'essiccazione ad alta temperatura. I mattoni di magnesite possono essere classificati in due tipi: mattoni di magnesite bruciati e mattoni di magnesite incombusti. I mattoni di magnesite sono utilizzati principalmente nei forni elettrici, nei forni a tunnel, nei forni rotativi e nelle fornaci per il vetro, con grandi propriet\u00e0 di elevata refrattariet\u00e0 e buona resistenza all'erosione delle scorie alcaline.<\/p>\n<div class='content-column full_width'><img loading=\"lazy\" decoding=\"async\" class=\"wp-image-83930 size-full\" title=\"Mattoni di magnesite fusi\" src=\"https:\/\/keruiref.com\/wp-content\/uploads\/2025\/02\/\u7535\u7194\u9541\u7816-\u53ea\u505a\u8be6\u60c5\u56fe_\u526f\u672c.webp\" alt=\"Mattoni di magnesite fusi\" width=\"1400\" height=\"310\" srcset=\"https:\/\/keruiref.com\/wp-content\/uploads\/2025\/02\/\u7535\u7194\u9541\u7816-\u53ea\u505a\u8be6\u60c5\u56fe_\u526f\u672c.webp 1400w, https:\/\/keruiref.com\/wp-content\/uploads\/2025\/02\/\u7535\u7194\u9541\u7816-\u53ea\u505a\u8be6\u60c5\u56fe_\u526f\u672c-300x66.webp 300w, https:\/\/keruiref.com\/wp-content\/uploads\/2025\/02\/\u7535\u7194\u9541\u7816-\u53ea\u505a\u8be6\u60c5\u56fe_\u526f\u672c-1024x227.webp 1024w, https:\/\/keruiref.com\/wp-content\/uploads\/2025\/02\/\u7535\u7194\u9541\u7816-\u53ea\u505a\u8be6\u60c5\u56fe_\u526f\u672c-768x170.webp 768w\" sizes=\"auto, (max-width: 1400px) 100vw, 1400px\" \/><\/div>\n<p><center><a class=\"fancybox price\" href=\"#contact_form_pop\">PREZZO<\/a><\/center><\/p>\n<div class=\"fancybox-hidden\" style=\"display: none;\">\n<div id=\"contact_form_pop\">\n<div class=\"wpcf7 no-js\" id=\"wpcf7-f328-o1\" lang=\"en-US\" dir=\"ltr\" data-wpcf7-id=\"328\">\n<div class=\"screen-reader-response\">\n<p role=\"status\" aria-live=\"polite\" aria-atomic=\"true\">\n<ul><\/ul>\n<\/div>\n<form action=\"\/it\/wp-json\/wp\/v2\/pages\/83928#wpcf7-f328-o1\" method=\"post\" class=\"wpcf7-form init\" aria-label=\"Modulo di contatto\" novalidate=\"novalidate\" data-status=\"init\" data-trp-original-action=\"\/it\/wp-json\/wp\/v2\/pages\/83928#wpcf7-f328-o1\">\n<div style=\"display: none;\">\n<input type=\"hidden\" name=\"_wpcf7\" value=\"328\" \/><br \/>\n<input type=\"hidden\" name=\"_wpcf7_version\" value=\"6.0.4\" \/><br \/>\n<input type=\"hidden\" name=\"_wpcf7_locale\" value=\"en_US\" \/><br \/>\n<input type=\"hidden\" name=\"_wpcf7_unit_tag\" value=\"wpcf7-f328-o1\" \/><br \/>\n<input type=\"hidden\" name=\"_wpcf7_container_post\" value=\"0\" \/><br \/>\n<input type=\"hidden\" name=\"_wpcf7_posted_data_hash\" value=\"\" \/><br \/>\n<input type=\"hidden\" name=\"_wpcf7_recaptcha_response\" value=\"\" \/>\n<\/div>\n<div class=\"form-box\" id=\"Contact-Us\">\n<div class=\"isleft\">\n<div class=\"contact-title\">\n<p>Contatto\n\t\t\t<\/p>\n<\/p><\/div>\n<div class=\"contactp\">\n<p>Non esitate a dare la vostra richiesta nel modulo giusto. Vi risponderemo entro 6 ore.\n\t\t\t<\/p>\n<\/p><\/div>\n<ul class=\"contact\">\n<li class=\"email\">\n<p><img decoding=\"async\" src=\"https:\/\/keruiref.com\/wp-content\/uploads\/2023\/12\/email.png\" alt=\"\" \/>E-mail:\n\t\t\t\t<\/p>\n<p><a href=\"mailto:market@keruiref.com\">market@keruiref.com<\/a>\n\t\t\t\t<\/p>\n<\/li>\n<li class=\"phone\">\n<p><img decoding=\"async\" src=\"https:\/\/keruiref.com\/wp-content\/uploads\/2023\/12\/tel.png\" alt=\"\" \/>Telefono\/whatsapp:\n\t\t\t\t<\/p>\n<p><a href=\"https:\/\/wa.me\/8619138178880\">+86 19138178880<\/a>\n\t\t\t\t<\/p>\n<\/li>\n<li class=\"location\">\n<p><img decoding=\"async\" src=\"https:\/\/keruiref.com\/wp-content\/uploads\/2023\/12\/Location.png\" alt=\"\" \/>Base di produzione:\n\t\t\t\t<\/p>\n<p>Zona industriale dei refrattari di Chaohua,<br \/>\nCitt\u00e0 di Xinmi, provincia di Henan, Cina\n\t\t\t\t<\/p>\n<\/li>\n<\/ul><\/div>\n<div class=\"isright\">\n<ul class=\"contact-input\">\n<li>\n<div class=\"islabel\">\n<p>* Nome:\n\t\t\t\t\t<\/p>\n<\/p><\/div>\n<p><span class=\"wpcf7-form-control-wrap\" data-name=\"your-name\"><input size=\"40\" maxlength=\"400\" class=\"wpcf7-form-control wpcf7-text wpcf7-validates-as-required\" aria-required=\"true\" aria-invalid=\"false\" placeholder=\"\" value=\"\" type=\"text\" name=\"your-name\" \/><\/span>\n\t\t\t\t<\/p>\n<\/li>\n<li>\n<div class=\"islabel\">\n<p>* E-mail:\n\t\t\t\t\t<\/p>\n<\/p><\/div>\n<p><span class=\"wpcf7-form-control-wrap\" data-name=\"your-email\"><input size=\"40\" maxlength=\"400\" class=\"wpcf7-form-control wpcf7-email wpcf7-validates-as-required wpcf7-text wpcf7-validates-as-email\" aria-required=\"true\" aria-invalid=\"false\" placeholder=\"\" value=\"\" type=\"email\" name=\"your-email\" \/><\/span>\n\t\t\t\t<\/p>\n<\/li>\n<li>\n<div class=\"islabel\">\n<p>* Telefono\/Whatsapp:\n\t\t\t\t\t<\/p>\n<\/p><\/div>\n<p><span class=\"wpcf7-form-control-wrap\" data-name=\"your-phone\"><input size=\"40\" maxlength=\"400\" class=\"wpcf7-form-control wpcf7-tel wpcf7-text wpcf7-validates-as-tel\" aria-invalid=\"false\" placeholder=\"\" value=\"\" type=\"tel\" name=\"your-phone\" \/><\/span>\n\t\t\t\t<\/p>\n<\/li>\n<li>\n<div class=\"islabel\">\n<p>Paese:\n\t\t\t\t\t<\/p>\n<\/p><\/div>\n<p><span class=\"wpcf7-form-control-wrap\" data-name=\"your-country\"><input size=\"40\" maxlength=\"400\" class=\"wpcf7-form-control wpcf7-text\" aria-invalid=\"false\" placeholder=\"\" value=\"\" type=\"text\" name=\"your-country\" \/><\/span>\n\t\t\t\t<\/p>\n<\/li>\n<li class=\"ismassage\">\n<div class=\"islabel\">\n<p>* Messaggio:\n\t\t\t\t\t<\/p>\n<\/p><\/div>\n<p><span class=\"wpcf7-form-control-wrap\" data-name=\"your-msg\"><textarea cols=\"40\" rows=\"10\" maxlength=\"2000\" class=\"wpcf7-form-control wpcf7-textarea wpcf7-validates-as-required\" aria-required=\"true\" aria-invalid=\"false\" name=\"your-msg\"><\/textarea><\/span>\n\t\t\t\t<\/p>\n<\/li>\n<li class=\"wpcf7-btns-box\">\n<div class=\"isFileName\">\n\t\t\t\t<\/div>\n<div class=\"wpcf7-btns\">\n<p><input class=\"wpcf7-form-control wpcf7-submit has-spinner\" type=\"submit\" value=\"INVIO\" \/>\n\t\t\t\t\t<\/p>\n<\/p><\/div>\n<\/li>\n<\/ul><\/div>\n<\/div>\n<div class=\"wpcf7-response-output\" aria-hidden=\"true\"><\/div>\n<input type=\"hidden\" name=\"trp-form-language\" value=\"it\"\/><\/form>\n<\/div>\n<\/div>\n<\/div>\n<h2>Dati tecnici del mattone di magnesia fuso<\/h2>\n<table id=\"tablepress-57\" class=\"tablepress tablepress-id-57\">\n<thead>\n<tr class=\"row-1\">\n<th class=\"column-1\">Articolo<\/th>\n<th colspan=\"5\" class=\"column-2\">Mattoni di magnesia fusi<\/th>\n<\/tr>\n<\/thead>\n<tbody class=\"row-striping row-hover\">\n<tr class=\"row-2\">\n<td class=\"column-1\">Grado<\/td>\n<td class=\"column-2\">FMB-92<\/td>\n<td class=\"column-3\">FMB-95<\/td>\n<td class=\"column-4\">FMB-96<\/td>\n<td class=\"column-5\">FMB-97<\/td>\n<td class=\"column-6\">FMB-98<\/td>\n<\/tr>\n<tr class=\"row-3\">\n<td class=\"column-1\">MagO (%)<\/td>\n<td class=\"column-2\">92.5<\/td>\n<td class=\"column-3\">95.2<\/td>\n<td class=\"column-4\">96.1<\/td>\n<td class=\"column-5\">96.65<\/td>\n<td class=\"column-6\">97.2<\/td>\n<\/tr>\n<tr class=\"row-4\">\n<td class=\"column-1\">CaO (%)<\/td>\n<td class=\"column-2\">1.8<\/td>\n<td class=\"column-3\">1.55<\/td>\n<td class=\"column-4\">1.35<\/td>\n<td class=\"column-5\">1.3<\/td>\n<td class=\"column-6\">0.98<\/td>\n<\/tr>\n<tr class=\"row-5\">\n<td class=\"column-1\">SiO2 (%)<\/td>\n<td class=\"column-2\">3.5<\/td>\n<td class=\"column-3\">1.95<\/td>\n<td class=\"column-4\">1.32<\/td>\n<td class=\"column-5\">1.1<\/td>\n<td class=\"column-6\">1<\/td>\n<\/tr>\n<tr class=\"row-6\">\n<td class=\"column-1\">0,2Mpa Refrattariet\u00e0 sotto carico T0,6 \u2103<\/td>\n<td class=\"column-2\">1600<\/td>\n<td class=\"column-3\">1700<\/td>\n<td class=\"column-4\">1700<\/td>\n<td class=\"column-5\">1701<\/td>\n<td class=\"column-6\">1702<\/td>\n<\/tr>\n<tr class=\"row-7\">\n<td class=\"column-1\">Resistenza alla frantumazione a freddo (Mpa)<\/td>\n<td class=\"column-2\">80<\/td>\n<td class=\"column-3\">85<\/td>\n<td class=\"column-4\">85<\/td>\n<td class=\"column-5\">84<\/td>\n<td class=\"column-6\">86<\/td>\n<\/tr>\n<tr class=\"row-8\">\n<td class=\"column-1\">Densit\u00e0 apparente g\/cm\u00b3<\/td>\n<td class=\"column-2\">2.96<\/td>\n<td class=\"column-3\">2.98<\/td>\n<td class=\"column-4\">3.05<\/td>\n<td class=\"column-5\">3.06<\/td>\n<td class=\"column-6\">3.08<\/td>\n<\/tr>\n<tr class=\"row-9\">\n<td class=\"column-1\">Porosit\u00e0 apparente %<\/td>\n<td class=\"column-2\">15.5<\/td>\n<td class=\"column-3\">15.2<\/td>\n<td class=\"column-4\">14.7<\/td>\n<td class=\"column-5\">14.8<\/td>\n<td class=\"column-6\">14.6<\/td>\n<\/tr>\n<\/tbody>\n<\/table>\n<p><!-- #tablepress-57 from cache --><\/p>\n<p><img loading=\"lazy\" decoding=\"async\" class=\"alignnone size-full wp-image-11194\" src=\"https:\/\/keruiref.com\/wp-content\/uploads\/2023\/09\/certificate.jpg\" alt=\"certificato\" width=\"1600\" height=\"680\" srcset=\"https:\/\/keruiref.com\/wp-content\/uploads\/2023\/09\/certificate.jpg 1600w, https:\/\/keruiref.com\/wp-content\/uploads\/2023\/09\/certificate-300x128.jpg 300w, https:\/\/keruiref.com\/wp-content\/uploads\/2023\/09\/certificate-1024x435.jpg 1024w, https:\/\/keruiref.com\/wp-content\/uploads\/2023\/09\/certificate-768x326.jpg 768w, https:\/\/keruiref.com\/wp-content\/uploads\/2023\/09\/certificate-1536x653.jpg 1536w\" sizes=\"auto, (max-width: 1600px) 100vw, 1600px\" \/><\/p>\n<h2>Applicazione del mattone di magnesia fusa<\/h2>\n<p>I mattoni di magnesia fusa sono ampiamente utilizzati in vari settori industriali ad alta temperatura. Nei forni per la produzione dell'acciaio, sono utilizzati per costruire rivestimenti che resistono alle alte temperature e alle scorie corrosive. Nei forni per il vetro, possono resistere all'erosione delle fusioni di vetro ad alta temperatura. Vengono applicati anche nei forni rotativi per cemento e nei forni per la fusione di metalli non ferrosi, svolgendo un ruolo cruciale nel garantire il normale funzionamento di queste apparecchiature ad alta temperatura.<\/p>\n<h2>Vantaggi del mattone di magnesia fusa<\/h2>\n<p>1.Resistenza alle scorie. I mattoni di magnesia sono mattoni refrattari di base. Hanno una forte resistenza alle scorie alcaline, come CAO e FEO. Sono spesso utilizzati come materiali da muratura per i forni alcalini, ma hanno una scarsa resistenza alle scorie acide e non possono essere messi in contatto con i refrattari acidi.<br \/>\n2. Alta refrattariet\u00e0. I mattoni di magnesia hanno la pi\u00f9 alta refrattariet\u00e0 tra i mattoni refrattari in generale, che pu\u00f2 raggiungere i 2000 gradi.<br \/>\n3. Buona conducibilit\u00e0 termica e idratazione, ma scarsa stabilit\u00e0 di volume alle alte temperature.<br \/>\n4. Alta temperatura di ammorbidimento del carico between1500-1550 gradi.<\/p>\n<p><img loading=\"lazy\" decoding=\"async\" class=\"alignnone size-full wp-image-11197\" src=\"https:\/\/keruiref.com\/wp-content\/uploads\/2023\/09\/Kerui-Customers.jpg\" alt=\"Clienti Kerui\" width=\"1600\" height=\"750\" srcset=\"https:\/\/keruiref.com\/wp-content\/uploads\/2023\/09\/Kerui-Customers.jpg 1600w, https:\/\/keruiref.com\/wp-content\/uploads\/2023\/09\/Kerui-Customers-300x141.jpg 300w, https:\/\/keruiref.com\/wp-content\/uploads\/2023\/09\/Kerui-Customers-1024x480.jpg 1024w, https:\/\/keruiref.com\/wp-content\/uploads\/2023\/09\/Kerui-Customers-768x360.jpg 768w, https:\/\/keruiref.com\/wp-content\/uploads\/2023\/09\/Kerui-Customers-1536x720.jpg 1536w\" sizes=\"auto, (max-width: 1600px) 100vw, 1600px\" \/><\/p>\n<\/div>\n<div id=\"INQUIRY\" class=\"page_model\">\n<div class=\"wpcf7 no-js\" id=\"wpcf7-f328-o2\" lang=\"en-US\" dir=\"ltr\" data-wpcf7-id=\"328\">\n<div class=\"screen-reader-response\">\n<p role=\"status\" aria-live=\"polite\" aria-atomic=\"true\">\n<ul><\/ul>\n<\/div>\n<form action=\"\/it\/wp-json\/wp\/v2\/pages\/83928#wpcf7-f328-o2\" method=\"post\" class=\"wpcf7-form init\" aria-label=\"Modulo di contatto\" novalidate=\"novalidate\" data-status=\"init\" data-trp-original-action=\"\/it\/wp-json\/wp\/v2\/pages\/83928#wpcf7-f328-o2\">\n<div style=\"display: none;\">\n<input type=\"hidden\" name=\"_wpcf7\" value=\"328\" \/><br \/>\n<input type=\"hidden\" name=\"_wpcf7_version\" value=\"6.0.4\" \/><br \/>\n<input type=\"hidden\" name=\"_wpcf7_locale\" value=\"en_US\" \/><br \/>\n<input type=\"hidden\" name=\"_wpcf7_unit_tag\" value=\"wpcf7-f328-o2\" \/><br \/>\n<input type=\"hidden\" name=\"_wpcf7_container_post\" value=\"0\" \/><br \/>\n<input type=\"hidden\" name=\"_wpcf7_posted_data_hash\" value=\"\" \/><br \/>\n<input type=\"hidden\" name=\"_wpcf7_recaptcha_response\" value=\"\" \/>\n<\/div>\n<div class=\"form-box\" id=\"Contact-Us\">\n<div class=\"isleft\">\n<div class=\"contact-title\">\n<p>Contatto\n\t\t\t<\/p>\n<\/p><\/div>\n<div class=\"contactp\">\n<p>Non esitate a dare la vostra richiesta nel modulo giusto. Vi risponderemo entro 6 ore.\n\t\t\t<\/p>\n<\/p><\/div>\n<ul class=\"contact\">\n<li class=\"email\">\n<p><img decoding=\"async\" src=\"https:\/\/keruiref.com\/wp-content\/uploads\/2023\/12\/email.png\" alt=\"\" \/>E-mail:\n\t\t\t\t<\/p>\n<p><a href=\"mailto:market@keruiref.com\">market@keruiref.com<\/a>\n\t\t\t\t<\/p>\n<\/li>\n<li class=\"phone\">\n<p><img decoding=\"async\" src=\"https:\/\/keruiref.com\/wp-content\/uploads\/2023\/12\/tel.png\" alt=\"\" \/>Telefono\/whatsapp:\n\t\t\t\t<\/p>\n<p><a href=\"https:\/\/wa.me\/8619138178880\">+86 19138178880<\/a>\n\t\t\t\t<\/p>\n<\/li>\n<li class=\"location\">\n<p><img decoding=\"async\" src=\"https:\/\/keruiref.com\/wp-content\/uploads\/2023\/12\/Location.png\" alt=\"\" \/>Base di produzione:\n\t\t\t\t<\/p>\n<p>Zona industriale dei refrattari di Chaohua,<br \/>\nCitt\u00e0 di Xinmi, provincia di Henan, Cina\n\t\t\t\t<\/p>\n<\/li>\n<\/ul><\/div>\n<div class=\"isright\">\n<ul class=\"contact-input\">\n<li>\n<div class=\"islabel\">\n<p>* Nome:\n\t\t\t\t\t<\/p>\n<\/p><\/div>\n<p><span class=\"wpcf7-form-control-wrap\" data-name=\"your-name\"><input size=\"40\" maxlength=\"400\" class=\"wpcf7-form-control wpcf7-text wpcf7-validates-as-required\" aria-required=\"true\" aria-invalid=\"false\" placeholder=\"\" value=\"\" type=\"text\" name=\"your-name\" \/><\/span>\n\t\t\t\t<\/p>\n<\/li>\n<li>\n<div class=\"islabel\">\n<p>* E-mail:\n\t\t\t\t\t<\/p>\n<\/p><\/div>\n<p><span class=\"wpcf7-form-control-wrap\" data-name=\"your-email\"><input size=\"40\" maxlength=\"400\" class=\"wpcf7-form-control wpcf7-email wpcf7-validates-as-required wpcf7-text wpcf7-validates-as-email\" aria-required=\"true\" aria-invalid=\"false\" placeholder=\"\" value=\"\" type=\"email\" name=\"your-email\" \/><\/span>\n\t\t\t\t<\/p>\n<\/li>\n<li>\n<div class=\"islabel\">\n<p>* Telefono\/Whatsapp:\n\t\t\t\t\t<\/p>\n<\/p><\/div>\n<p><span class=\"wpcf7-form-control-wrap\" data-name=\"your-phone\"><input size=\"40\" maxlength=\"400\" class=\"wpcf7-form-control wpcf7-tel wpcf7-text wpcf7-validates-as-tel\" aria-invalid=\"false\" placeholder=\"\" value=\"\" type=\"tel\" name=\"your-phone\" \/><\/span>\n\t\t\t\t<\/p>\n<\/li>\n<li>\n<div class=\"islabel\">\n<p>Paese:\n\t\t\t\t\t<\/p>\n<\/p><\/div>\n<p><span class=\"wpcf7-form-control-wrap\" data-name=\"your-country\"><input size=\"40\" maxlength=\"400\" class=\"wpcf7-form-control wpcf7-text\" aria-invalid=\"false\" placeholder=\"\" value=\"\" type=\"text\" name=\"your-country\" \/><\/span>\n\t\t\t\t<\/p>\n<\/li>\n<li class=\"ismassage\">\n<div class=\"islabel\">\n<p>* Messaggio:\n\t\t\t\t\t<\/p>\n<\/p><\/div>\n<p><span class=\"wpcf7-form-control-wrap\" data-name=\"your-msg\"><textarea cols=\"40\" rows=\"10\" maxlength=\"2000\" class=\"wpcf7-form-control wpcf7-textarea wpcf7-validates-as-required\" aria-required=\"true\" aria-invalid=\"false\" name=\"your-msg\"><\/textarea><\/span>\n\t\t\t\t<\/p>\n<\/li>\n<li class=\"wpcf7-btns-box\">\n<div class=\"isFileName\">\n\t\t\t\t<\/div>\n<div class=\"wpcf7-btns\">\n<p><input class=\"wpcf7-form-control wpcf7-submit has-spinner\" type=\"submit\" value=\"INVIO\" \/>\n\t\t\t\t\t<\/p>\n<\/p><\/div>\n<\/li>\n<\/ul><\/div>\n<\/div>\n<div class=\"wpcf7-response-output\" aria-hidden=\"true\"><\/div>\n<input type=\"hidden\" name=\"trp-form-language\" value=\"it\"\/><\/form>\n<\/div>\n<\/div>\n<div class=\"page_model\"><\/div>","protected":false},"excerpt":{"rendered":"Fused Magnesia Brick MgO Chemical composition :\u226595 \uff05; Apparent Porosity :\u226418 \uff05; Cold Crushing Strength :\u226555 Mpa; Thermal Stability 950\u2103 Wind cycles:\u226515; 0.2Mpa Refractoriness Under Load T0.6:\u22651650 Certification: ISO9001\/ISO14001\/ISO45001\/ISO50001; Sample: available; High Quality Reasonable Price Customizable Products &amp; Solutions Timely Delivery 7\/24\/365 At Your Service &#8230; <a title=\"Mattone di magnesia fusa\" class=\"read-more\" href=\"https:\/\/keruiref.com\/it\/mattone-di-magnesia-fuso\/\" aria-label=\"More on Fused Magnesia Brick\">Per saperne di pi\u00f9<\/a>","protected":false},"author":1,"featured_media":83929,"parent":0,"menu_order":0,"comment_status":"closed","ping_status":"closed","template":"","meta":{"footnotes":""},"class_list":{"0":"post-83928","1":"page","2":"type-page","3":"status-publish","4":"has-post-thumbnail","6":"no-featured-image-padding","7":"resize-featured-image"},"yoast_head":"<!-- This site is optimized with the Yoast SEO plugin v24.9 - https:\/\/yoast.com\/wordpress\/plugins\/seo\/ -->\n<title>Fused Magnesia Brick - Your Refractory Bricks, Castables Manufacturer For Kiln | Kerui Refractory\u00ae Official Website<\/title>\n<meta name=\"description\" content=\"Fused magnesia bricks line steelmaking furnaces and cement kilns, resisting extreme temps and corrosive slag in high performance applications.\" \/>\n<meta name=\"robots\" content=\"index, follow, max-snippet:-1, max-image-preview:large, max-video-preview:-1\" \/>\n<link rel=\"canonical\" href=\"https:\/\/keruiref.com\/it\/mattone-di-magnesia-fuso\/\" \/>\n<script type=\"application\/ld+json\" class=\"yoast-schema-graph\">{\"@context\":\"https:\/\/schema.org\",\"@graph\":[{\"@type\":\"WebPage\",\"@id\":\"https:\/\/keruiref.com\/fused-magnesia-brick\/\",\"url\":\"https:\/\/keruiref.com\/fused-magnesia-brick\/\",\"name\":\"Fused Magnesia Brick - Your Refractory Bricks, Castables Manufacturer For Kiln | Kerui Refractory\u00ae Official Website\",\"isPartOf\":{\"@id\":\"https:\/\/keruiref.com\/el\/#website\"},\"primaryImageOfPage\":{\"@id\":\"https:\/\/keruiref.com\/fused-magnesia-brick\/#primaryimage\"},\"image\":{\"@id\":\"https:\/\/keruiref.com\/fused-magnesia-brick\/#primaryimage\"},\"thumbnailUrl\":\"https:\/\/keruiref.com\/wp-content\/uploads\/2025\/02\/Magnesia-Brick.webp\",\"datePublished\":\"2025-02-18T03:03:51+00:00\",\"dateModified\":\"2025-05-27T03:28:35+00:00\",\"description\":\"Fused magnesia bricks line steelmaking furnaces and cement kilns, resisting extreme temps and corrosive slag in high performance applications.\",\"breadcrumb\":{\"@id\":\"https:\/\/keruiref.com\/fused-magnesia-brick\/#breadcrumb\"},\"inLanguage\":\"it-IT\",\"potentialAction\":[{\"@type\":\"ReadAction\",\"target\":[\"https:\/\/keruiref.com\/fused-magnesia-brick\/\"]}]},{\"@type\":\"ImageObject\",\"inLanguage\":\"it-IT\",\"@id\":\"https:\/\/keruiref.com\/fused-magnesia-brick\/#primaryimage\",\"url\":\"https:\/\/keruiref.com\/wp-content\/uploads\/2025\/02\/Magnesia-Brick.webp\",\"contentUrl\":\"https:\/\/keruiref.com\/wp-content\/uploads\/2025\/02\/Magnesia-Brick.webp\",\"width\":660,\"height\":495,\"caption\":\"Magnesia Brick\"},{\"@type\":\"BreadcrumbList\",\"@id\":\"https:\/\/keruiref.com\/fused-magnesia-brick\/#breadcrumb\",\"itemListElement\":[{\"@type\":\"ListItem\",\"position\":1,\"name\":\"Home\",\"item\":\"https:\/\/keruiref.com\/\"},{\"@type\":\"ListItem\",\"position\":2,\"name\":\"Fused Magnesia Brick\"}]},{\"@type\":\"WebSite\",\"@id\":\"https:\/\/keruiref.com\/el\/#website\",\"url\":\"https:\/\/keruiref.com\/el\/\",\"name\":\"Your Refractory Bricks, Castables Manufacturer For Kiln | Kerui Refractory\u00ae Official Website\",\"description\":\"\",\"publisher\":{\"@id\":\"https:\/\/keruiref.com\/el\/#organization\"},\"potentialAction\":[{\"@type\":\"SearchAction\",\"target\":{\"@type\":\"EntryPoint\",\"urlTemplate\":\"https:\/\/keruiref.com\/el\/?s={search_term_string}\"},\"query-input\":{\"@type\":\"PropertyValueSpecification\",\"valueRequired\":true,\"valueName\":\"search_term_string\"}}],\"inLanguage\":\"it-IT\"},{\"@type\":\"Organization\",\"@id\":\"https:\/\/keruiref.com\/el\/#organization\",\"name\":\"Your Refractory Bricks, Castables Manufacturer For Kiln | Kerui Refractory\u00ae Official Website\",\"url\":\"https:\/\/keruiref.com\/el\/\",\"logo\":{\"@type\":\"ImageObject\",\"inLanguage\":\"it-IT\",\"@id\":\"https:\/\/keruiref.com\/el\/#\/schema\/logo\/image\/\",\"url\":\"https:\/\/keruiref.com\/wp-content\/uploads\/2024\/01\/footer-Logo.png\",\"contentUrl\":\"https:\/\/keruiref.com\/wp-content\/uploads\/2024\/01\/footer-Logo.png\",\"width\":282,\"height\":70,\"caption\":\"Your Refractory Bricks, Castables Manufacturer For Kiln | Kerui Refractory\u00ae Official Website\"},\"image\":{\"@id\":\"https:\/\/keruiref.com\/el\/#\/schema\/logo\/image\/\"}}]}<\/script>\n<!-- \/ Yoast SEO plugin. -->","yoast_head_json":{"title":"Mattone di magnesia fusa - Il vostro mattone refrattario, produttore di materiali da costruzione per il forno","description":"I mattoni di magnesia fusa rivestono i forni per la produzione di acciaio e cemento, resistendo a temperature estreme e scorie corrosive in applicazioni ad alte prestazioni.","robots":{"index":"index","follow":"follow","max-snippet":"max-snippet:-1","max-image-preview":"max-image-preview:large","max-video-preview":"max-video-preview:-1"},"canonical":"https:\/\/keruiref.com\/it\/mattone-di-magnesia-fuso\/","schema":{"@context":"https:\/\/schema.org","@graph":[{"@type":"WebPage","@id":"https:\/\/keruiref.com\/fused-magnesia-brick\/","url":"https:\/\/keruiref.com\/fused-magnesia-brick\/","name":"Mattone di magnesia fusa - Il vostro mattone refrattario, produttore di materiali da costruzione per il forno","isPartOf":{"@id":"https:\/\/keruiref.com\/el\/#website"},"primaryImageOfPage":{"@id":"https:\/\/keruiref.com\/fused-magnesia-brick\/#primaryimage"},"image":{"@id":"https:\/\/keruiref.com\/fused-magnesia-brick\/#primaryimage"},"thumbnailUrl":"https:\/\/keruiref.com\/wp-content\/uploads\/2025\/02\/Magnesia-Brick.webp","datePublished":"2025-02-18T03:03:51+00:00","dateModified":"2025-05-27T03:28:35+00:00","description":"I mattoni di magnesia fusa rivestono i forni per la produzione di acciaio e cemento, resistendo a temperature estreme e scorie corrosive in applicazioni ad alte prestazioni.","breadcrumb":{"@id":"https:\/\/keruiref.com\/fused-magnesia-brick\/#breadcrumb"},"inLanguage":"it-IT","potentialAction":[{"@type":"ReadAction","target":["https:\/\/keruiref.com\/fused-magnesia-brick\/"]}]},{"@type":"ImageObject","inLanguage":"it-IT","@id":"https:\/\/keruiref.com\/fused-magnesia-brick\/#primaryimage","url":"https:\/\/keruiref.com\/wp-content\/uploads\/2025\/02\/Magnesia-Brick.webp","contentUrl":"https:\/\/keruiref.com\/wp-content\/uploads\/2025\/02\/Magnesia-Brick.webp","width":660,"height":495,"caption":"Magnesia Brick"},{"@type":"BreadcrumbList","@id":"https:\/\/keruiref.com\/fused-magnesia-brick\/#breadcrumb","itemListElement":[{"@type":"ListItem","position":1,"name":"Home","item":"https:\/\/keruiref.com\/"},{"@type":"ListItem","position":2,"name":"Fused Magnesia Brick"}]},{"@type":"WebSite","@id":"https:\/\/keruiref.com\/el\/#website","url":"https:\/\/keruiref.com\/el\/","name":"Il vostro produttore di mattoni refrattari e di materiali da costruzione per il forno","description":"","publisher":{"@id":"https:\/\/keruiref.com\/el\/#organization"},"potentialAction":[{"@type":"SearchAction","target":{"@type":"EntryPoint","urlTemplate":"https:\/\/keruiref.com\/el\/?s={search_term_string}"},"query-input":{"@type":"PropertyValueSpecification","valueRequired":true,"valueName":"search_term_string"}}],"inLanguage":"it-IT"},{"@type":"Organization","@id":"https:\/\/keruiref.com\/el\/#organization","name":"Il vostro produttore di mattoni refrattari e di materiali da costruzione per il forno","url":"https:\/\/keruiref.com\/el\/","logo":{"@type":"ImageObject","inLanguage":"it-IT","@id":"https:\/\/keruiref.com\/el\/#\/schema\/logo\/image\/","url":"https:\/\/keruiref.com\/wp-content\/uploads\/2024\/01\/footer-Logo.png","contentUrl":"https:\/\/keruiref.com\/wp-content\/uploads\/2024\/01\/footer-Logo.png","width":282,"height":70,"caption":"Your Refractory Bricks, Castables Manufacturer For Kiln | Kerui Refractory\u00ae Official Website"},"image":{"@id":"https:\/\/keruiref.com\/el\/#\/schema\/logo\/image\/"}}]}},"_links":{"self":[{"href":"https:\/\/keruiref.com\/it\/wp-json\/wp\/v2\/pages\/83928","targetHints":{"allow":["GET"]}}],"collection":[{"href":"https:\/\/keruiref.com\/it\/wp-json\/wp\/v2\/pages"}],"about":[{"href":"https:\/\/keruiref.com\/it\/wp-json\/wp\/v2\/types\/page"}],"author":[{"embeddable":true,"href":"https:\/\/keruiref.com\/it\/wp-json\/wp\/v2\/users\/1"}],"replies":[{"embeddable":true,"href":"https:\/\/keruiref.com\/it\/wp-json\/wp\/v2\/comments?post=83928"}],"version-history":[{"count":0,"href":"https:\/\/keruiref.com\/it\/wp-json\/wp\/v2\/pages\/83928\/revisions"}],"wp:featuredmedia":[{"embeddable":true,"href":"https:\/\/keruiref.com\/it\/wp-json\/wp\/v2\/media\/83929"}],"wp:attachment":[{"href":"https:\/\/keruiref.com\/it\/wp-json\/wp\/v2\/media?parent=83928"}],"curies":[{"name":"wp","href":"https:\/\/api.w.org\/{rel}","templated":true}]}}