{"id":87182,"date":"2025-06-16T17:39:55","date_gmt":"2025-06-16T09:39:55","guid":{"rendered":"https:\/\/keruiref.com\/?page_id=87182"},"modified":"2025-06-16T17:48:42","modified_gmt":"2025-06-16T09:48:42","slug":"magnesium-fondu","status":"publish","type":"page","link":"https:\/\/keruiref.com\/fr\/magnesium-fondu\/","title":{"rendered":"Magn\u00e9sium fondu"},"content":{"rendered":"<div class=\"page_model product_info\">\n<div class=\"preview\"><img loading=\"lazy\" decoding=\"async\" class=\"alignnone size-full wp-image-87184\" src=\"https:\/\/keruiref.com\/wp-content\/uploads\/2025\/06\/KERUI-Fused-Magnesium-1.webp\" alt=\"\" width=\"660\" height=\"495\" srcset=\"https:\/\/keruiref.com\/wp-content\/uploads\/2025\/06\/KERUI-Fused-Magnesium-1.webp 660w, https:\/\/keruiref.com\/wp-content\/uploads\/2025\/06\/KERUI-Fused-Magnesium-1-300x225.webp 300w, https:\/\/keruiref.com\/wp-content\/uploads\/2025\/06\/KERUI-Fused-Magnesium-1-16x12.webp 16w\" sizes=\"auto, (max-width: 660px) 100vw, 660px\" \/>-<\/div>\n<div class=\"info\">\n<h1>Magn\u00e9sium fondu<\/h1>\n<p>Le magn\u00e9sium fondu (FM) est un type de mat\u00e9riau r\u00e9fractaire produit par la fusion \u00e0 l'arc \u00e9lectrique de magn\u00e9sie calcin\u00e9e caustique, de magn\u00e9sie br\u00fbl\u00e9e \u00e0 mort ou de magn\u00e9site brute dans des fours \u00e0 des temp\u00e9ratures sup\u00e9rieures \u00e0 2750\u00b0C.<\/p>\n<ul>\n<li>w(MgO)\u2265\/% : 94-98<\/li>\n<li>w(SiO2)\u2264\/% : 0,5-2,5<\/li>\n<li>w(AL2O3)\u2264\/% : 0,15-0,6<\/li>\n<\/ul>\n<div class=\"tags\">\n<p>Haute qualit\u00e9<\/p>\n<p>Prix raisonnable<\/p>\n<p>Produits et solutions personnalisables<\/p>\n<p>Livraison en temps voulu<\/p>\n<p>7\/24\/365 A votre service<\/p>\n<\/div>\n<p><a class=\"inruiry fancybox\" href=\"#contact_form_pop\">Demande de renseignements<\/a><a class=\"email-btn\" href=\"mailto:market@keruiref.com\">envoyer un courriel<\/a><\/p>\n<\/div>\n<\/div>\n<ul class=\"anchor\">\n<li><a href=\"#PRODUCTDESCRIPTION\">DESCRIPTION DU PRODUIT<\/a><\/li>\n<li><a href=\"#TechniqueData\">Donn\u00e9es techniques<\/a><\/li>\n<li><a href=\"#INQUIRY\">DEMANDE DE RENSEIGNEMENTS<\/a><\/li>\n<li><a href=\"#RELATEDPRODUCTS\">PRODUITS APPARENT\u00c9S<\/a><\/li>\n<\/ul>\n<div class=\"page_model\">\n<h2 id=\"PRODUCTDESCRIPTION\">Description du magn\u00e9sium fondu<\/h2>\n<p>Le magn\u00e9sium fondu (FM) est un type de mat\u00e9riau r\u00e9fractaire produit par la fusion \u00e0 l'arc \u00e9lectrique de magn\u00e9sie calcin\u00e9e caustique, de magn\u00e9sie br\u00fbl\u00e9e \u00e0 mort ou de magn\u00e9site brute dans des fours \u00e0 des temp\u00e9ratures sup\u00e9rieures \u00e0 2 750 \u00b0C. Il poss\u00e8de un point de fusion \u00e9lev\u00e9, une excellente r\u00e9sistance aux chocs thermiques et une bonne stabilit\u00e9 chimique. Il a un point de fusion \u00e9lev\u00e9, une excellente r\u00e9sistance aux chocs thermiques et une bonne stabilit\u00e9 chimique, ce qui en fait un choix populaire pour une vari\u00e9t\u00e9 d'applications industrielles telles que la sid\u00e9rurgie, la fabrication de ciment et la production de verre.<\/p>\n<p><img loading=\"lazy\" decoding=\"async\" class=\"alignnone size-full wp-image-87187\" src=\"https:\/\/keruiref.com\/wp-content\/uploads\/2025\/06\/KERUI-Fused-Magnesium-4.webp\" alt=\"\" width=\"1450\" height=\"358\" srcset=\"https:\/\/keruiref.com\/wp-content\/uploads\/2025\/06\/KERUI-Fused-Magnesium-4.webp 1450w, https:\/\/keruiref.com\/wp-content\/uploads\/2025\/06\/KERUI-Fused-Magnesium-4-300x74.webp 300w, https:\/\/keruiref.com\/wp-content\/uploads\/2025\/06\/KERUI-Fused-Magnesium-4-1024x253.webp 1024w, https:\/\/keruiref.com\/wp-content\/uploads\/2025\/06\/KERUI-Fused-Magnesium-4-768x190.webp 768w, https:\/\/keruiref.com\/wp-content\/uploads\/2025\/06\/KERUI-Fused-Magnesium-4-18x4.webp 18w\" sizes=\"auto, (max-width: 1450px) 100vw, 1450px\" \/><\/p>\n<h2 id=\"TechniqueData\">Fiche technique du magn\u00e9sium fondu Kerui<\/h2>\n<table id=\"tablepress-102\" class=\"tablepress tablepress-id-102 tbody-has-connected-cells\">\n<thead>\n<tr class=\"row-1\">\n<th class=\"column-1\">Produit<\/th>\n<th class=\"column-2\">MgO<\/th>\n<th class=\"column-3\">SiO2<\/th>\n<th class=\"column-4\">Al2O3<\/th>\n<th class=\"column-5\">Fe2O3<\/th>\n<th class=\"column-6\">CaO<\/th>\n<th class=\"column-7\">Loi<\/th>\n<th class=\"column-8\">BD<\/th>\n<th class=\"column-9\">Paquet<\/th>\n<\/tr>\n<\/thead>\n<tbody class=\"row-striping row-hover\">\n<tr class=\"row-2\">\n<td class=\"column-1\">Nom<\/td>\n<td class=\"column-2\">(%)<\/td>\n<td class=\"column-3\">(%)<\/td>\n<td class=\"column-4\">(%)<\/td>\n<td class=\"column-5\">(%)<\/td>\n<td class=\"column-6\">(%)<\/td>\n<td class=\"column-7\">(%)<\/td>\n<td class=\"column-8\">(kg\/cm<span style=\"color:#FFFFFF;\"><sup>3<\/sup><\/span><span style=\"color:#FFFFFF;\">)<\/span><\/td>\n<td class=\"column-9\"><\/td>\n<\/tr>\n<tr class=\"row-3\">\n<td class=\"column-1\">FM94<\/td>\n<td class=\"column-2\">94MIN<\/td>\n<td class=\"column-3\">2,5MAX<\/td>\n<td class=\"column-4\">0,6MAX<\/td>\n<td class=\"column-5\">1.0MAX<\/td>\n<td class=\"column-6\">2.0MAX<\/td>\n<td class=\"column-7\">0,3MAX<\/td>\n<td class=\"column-8\">3.4MIN<\/td>\n<td class=\"column-9\">SAC TON (1.25)<\/td>\n<\/tr>\n<tr class=\"row-4\">\n<td class=\"column-1\">FM95<\/td>\n<td class=\"column-2\">95MIN<\/td>\n<td class=\"column-3\">1,5MAX<\/td>\n<td class=\"column-4\">0,6MAX<\/td>\n<td class=\"column-5\">1.0MAX<\/td>\n<td class=\"column-6\">2.0MAX<\/td>\n<td class=\"column-7\">0,3MAX<\/td>\n<td class=\"column-8\">3.4MIN<\/td>\n<td class=\"column-9\">SAC TON (1.25)<\/td>\n<\/tr>\n<tr class=\"row-5\">\n<td class=\"column-1\">FM96<\/td>\n<td class=\"column-2\">96MIN<\/td>\n<td class=\"column-3\">0,9MAX<\/td>\n<td class=\"column-4\">0,2MAX<\/td>\n<td class=\"column-5\">0,8MAX<\/td>\n<td class=\"column-6\">1.2MAX<\/td>\n<td class=\"column-7\">0,2MAX<\/td>\n<td class=\"column-8\">3.45MIN<\/td>\n<td class=\"column-9\">SAC TON (1.25)<\/td>\n<\/tr>\n<tr class=\"row-6\">\n<td class=\"column-1\">FM97<\/td>\n<td class=\"column-2\">97MIN<\/td>\n<td class=\"column-3\">0,7MAX<\/td>\n<td class=\"column-4\">0,2MAX<\/td>\n<td class=\"column-5\">0,8MAX<\/td>\n<td class=\"column-6\">1.2MAX<\/td>\n<td class=\"column-7\">0,2MAX<\/td>\n<td class=\"column-8\">3.48MIN<\/td>\n<td class=\"column-9\">SAC TON (1.25)<\/td>\n<\/tr>\n<tr class=\"row-7\">\n<td class=\"column-1\">FM98<\/td>\n<td class=\"column-2\">98MIN<\/td>\n<td class=\"column-3\">0,5MAX<\/td>\n<td class=\"column-4\">0,15MAX<\/td>\n<td class=\"column-5\">0,5MAX<\/td>\n<td class=\"column-6\">1.0MAX<\/td>\n<td class=\"column-7\">0,1MAX<\/td>\n<td class=\"column-8\">3.48MIN<\/td>\n<td class=\"column-9\">SAC TON (1.25)<\/td>\n<\/tr>\n<tr class=\"row-8\">\n<td colspan=\"9\" class=\"column-1\"><\/td>\n<\/tr>\n<tr class=\"row-9\">\n<td colspan=\"2\" class=\"column-1\">Gros calibres<\/td>\n<td colspan=\"7\" class=\"column-3\">1-15 mm, 3-15 mm, 5-15 mm, 3-8 mm, 5-10 mm, personnalisable<\/td>\n<\/tr>\n<tr class=\"row-10\">\n<td colspan=\"2\" class=\"column-1\">Petites fractions<\/td>\n<td colspan=\"7\" class=\"column-3\">0-1 mm, 0,5-1 mm, 1-3 mm, 1-5 mm, 200 mailles, personnalisable<\/td>\n<\/tr>\n<tr class=\"row-11\">\n<td colspan=\"2\" class=\"column-1\">Emballage<\/td>\n<td colspan=\"7\" class=\"column-3\">Sacs de 1,35 tonne, personnalisables<\/td>\n<\/tr>\n<tr class=\"row-12\">\n<td colspan=\"2\" class=\"column-1\">Couleur<\/td>\n<td colspan=\"2\" class=\"column-3\">Marron<\/td>\n<td colspan=\"2\" class=\"column-5\">Blanc<\/td>\n<td colspan=\"3\" class=\"column-7\">Grand cristal<\/td>\n<\/tr>\n<\/tbody>\n<\/table>\n<p><!-- #tablepress-102 from cache --><\/p>\n<p style=\"text-align: center;\"><strong><a class=\"fancybox price\" href=\"#contact_form_pop\">OBTENIR LE PRIX<\/a><\/strong><\/p>\n<h2>Processus de production de magn\u00e9sie fondue :<\/h2>\n<p>La magn\u00e9site (carbonate de magn\u00e9sium MgCO3) est transform\u00e9e en magn\u00e9sie par l'application de chaleur qui chasse le dioxyde de carbone (CO2), convertissant ainsi le carbonate en oxyde de magn\u00e9sium (MgO).<\/p>\n<p>La magn\u00e9sie fondue est un mat\u00e9riau de haute puret\u00e9 utilis\u00e9 dans la production de mat\u00e9riaux r\u00e9fractaires, de c\u00e9ramiques et d'autres applications industrielles. La production de magn\u00e9sie fondue comporte plusieurs \u00e9tapes.<\/p>\n<p>Pr\u00e9paration de la mati\u00e8re premi\u00e8re : La mati\u00e8re premi\u00e8re utilis\u00e9e dans la production de magn\u00e9sie fondue est la magn\u00e9site, un min\u00e9ral naturel. La magn\u00e9site est d'abord broy\u00e9e en petits morceaux, puis calcin\u00e9e \u00e0 haute temp\u00e9rature pour \u00e9liminer les impuret\u00e9s et l'eau.<\/p>\n<p>Fusion : La magn\u00e9site calcin\u00e9e est ensuite m\u00e9lang\u00e9e \u00e0 du coke et \u00e0 d'autres additifs et introduite dans un four \u00e0 arc \u00e9lectrique. Le four est chauff\u00e9 \u00e0 une temp\u00e9rature d'environ 3 000 degr\u00e9s Celsius, ce qui provoque la fusion de la magn\u00e9site \u00e0 l'\u00e9tat fondu.<\/p>\n<p>Refroidissement et solidification : La magn\u00e9sie en fusion est ensuite refroidie et solidifi\u00e9e en la versant dans des moules ou en la pulv\u00e9risant avec de l'eau. Ce processus peut prendre plusieurs jours, voire plusieurs semaines, en fonction de la taille et de la forme du produit souhait\u00e9.<\/p>\n<h2>Applications du magn\u00e9sium fondu<\/h2>\n<p>Magn\u00e9sium fondu (FM) Application :<\/p>\n<p>- Haute performance <a href=\"https:\/\/keruiref.com\/fr\/magnesia-carbon-brick\/\" target=\"_blank\" rel=\"noopener\"><strong>Brique de carbone magn\u00e9sien<\/strong> <\/a>pour l'industrie sid\u00e9rurgique,<\/p>\n<p>- Briques r\u00e9fractaires cuites pour l'industrie du ciment et du verre,<\/p>\n<p>- Industrie des \u00e9l\u00e9ments chauffants<\/p>\n<\/div>\n<p><img loading=\"lazy\" decoding=\"async\" class=\"alignnone size-full wp-image-11590\" src=\"https:\/\/keruiref.com\/wp-content\/uploads\/2023\/09\/APPLICATION-1.jpg\" alt=\"CANDIDATURE\" width=\"1600\" height=\"750\" srcset=\"https:\/\/keruiref.com\/wp-content\/uploads\/2023\/09\/APPLICATION-1.jpg 1600w, https:\/\/keruiref.com\/wp-content\/uploads\/2023\/09\/APPLICATION-1-300x141.jpg 300w, https:\/\/keruiref.com\/wp-content\/uploads\/2023\/09\/APPLICATION-1-1024x480.jpg 1024w, https:\/\/keruiref.com\/wp-content\/uploads\/2023\/09\/APPLICATION-1-768x360.jpg 768w, https:\/\/keruiref.com\/wp-content\/uploads\/2023\/09\/APPLICATION-1-1536x720.jpg 1536w\" sizes=\"auto, (max-width: 1600px) 100vw, 1600px\" \/><\/p>\n<p><center><a class=\"fancybox price\" href=\"#contact_form_pop\">OBTENIR LE PRIX<\/a><\/center><\/p>\n<h2>Laboratoire de Kerui R\u00e9fractaire<\/h2>\n<p>Kerui dispose d'un laboratoire professionnel d'inspection de la qualit\u00e9. Four d'essai de fluage de r\u00e9chauffage\/adoucissement \u00e0 haute temp\u00e9rature ; banc d'essai de r\u00e9sistance \u00e0 la compression\/flexion pour les mat\u00e9riaux r\u00e9fractaires ; plate-forme d'essai et d'inspection de la composition pour les mat\u00e9riaux r\u00e9fractaires ; laboratoire des propri\u00e9t\u00e9s physiques\/chimiques pour les mat\u00e9riaux r\u00e9fractaires.<\/p>\n<p><img loading=\"lazy\" decoding=\"async\" class=\"alignnone size-full wp-image-11856\" src=\"https:\/\/keruiref.com\/wp-content\/uploads\/2023\/09\/laboratory.jpg\" alt=\"laboratoire\" width=\"1600\" height=\"261\" srcset=\"https:\/\/keruiref.com\/wp-content\/uploads\/2023\/09\/laboratory.jpg 1600w, https:\/\/keruiref.com\/wp-content\/uploads\/2023\/09\/laboratory-300x49.jpg 300w, https:\/\/keruiref.com\/wp-content\/uploads\/2023\/09\/laboratory-1024x167.jpg 1024w, https:\/\/keruiref.com\/wp-content\/uploads\/2023\/09\/laboratory-768x125.jpg 768w, https:\/\/keruiref.com\/wp-content\/uploads\/2023\/09\/laboratory-1536x251.jpg 1536w\" sizes=\"auto, (max-width: 1600px) 100vw, 1600px\" \/><\/p>\n<div id=\"INQUIRY\" class=\"page_model\">\n<div class=\"wpcf7 no-js\" id=\"wpcf7-f328-o1\" lang=\"en-US\" dir=\"ltr\" data-wpcf7-id=\"328\">\n<div class=\"screen-reader-response\">\n<p role=\"status\" aria-live=\"polite\" aria-atomic=\"true\">\n<ul><\/ul>\n<\/div>\n<form action=\"\/fr\/wp-json\/wp\/v2\/pages\/87182#wpcf7-f328-o1\" method=\"post\" class=\"wpcf7-form init\" aria-label=\"Formulaire de contact\" novalidate=\"novalidate\" data-status=\"init\" data-trp-original-action=\"\/fr\/wp-json\/wp\/v2\/pages\/87182#wpcf7-f328-o1\">\n<div style=\"display: none;\">\n<input type=\"hidden\" name=\"_wpcf7\" value=\"328\" \/><br \/>\n<input type=\"hidden\" name=\"_wpcf7_version\" value=\"6.0.4\" \/><br \/>\n<input type=\"hidden\" name=\"_wpcf7_locale\" value=\"en_US\" \/><br \/>\n<input type=\"hidden\" name=\"_wpcf7_unit_tag\" value=\"wpcf7-f328-o1\" \/><br \/>\n<input type=\"hidden\" name=\"_wpcf7_container_post\" value=\"0\" \/><br \/>\n<input type=\"hidden\" name=\"_wpcf7_posted_data_hash\" value=\"\" \/><br \/>\n<input type=\"hidden\" name=\"_wpcf7_recaptcha_response\" value=\"\" \/>\n<\/div>\n<div class=\"form-box\" id=\"Contact-Us\">\n<div class=\"isleft\">\n<div class=\"contact-title\">\n<p>Nous contacter\n\t\t\t<\/p>\n<\/p><\/div>\n<div class=\"contactp\">\n<p>N'h\u00e9sitez pas \u00e0 nous faire part de votre demande en remplissant le formulaire pr\u00e9vu \u00e0 cet effet. Nous vous r\u00e9pondrons dans les 6 heures.\n\t\t\t<\/p>\n<\/p><\/div>\n<ul class=\"contact\">\n<li class=\"email\">\n<p><img decoding=\"async\" src=\"https:\/\/keruiref.com\/wp-content\/uploads\/2023\/12\/email.png\" alt=\"\" \/>Courriel :\n\t\t\t\t<\/p>\n<p><a href=\"mailto:market@keruiref.com\">market@keruiref.com<\/a>\n\t\t\t\t<\/p>\n<\/li>\n<li class=\"phone\">\n<p><img decoding=\"async\" src=\"https:\/\/keruiref.com\/wp-content\/uploads\/2023\/12\/tel.png\" alt=\"\" \/>T\u00e9l\u00e9phone\/whatsapp :\n\t\t\t\t<\/p>\n<p><a href=\"https:\/\/wa.me\/8619138178880\">+86 19138178880<\/a>\n\t\t\t\t<\/p>\n<\/li>\n<li class=\"location\">\n<p><img decoding=\"async\" src=\"https:\/\/keruiref.com\/wp-content\/uploads\/2023\/12\/Location.png\" alt=\"\" \/>Base de fabrication :\n\t\t\t\t<\/p>\n<p>Zone d'industrie r\u00e9fractaire de Chaohua,<br \/>\nVille de Xinmi, province du Henan, Chine\n\t\t\t\t<\/p>\n<\/li>\n<\/ul><\/div>\n<div class=\"isright\">\n<ul class=\"contact-input\">\n<li>\n<div class=\"islabel\">\n<p>* Nom :\n\t\t\t\t\t<\/p>\n<\/p><\/div>\n<p><span class=\"wpcf7-form-control-wrap\" data-name=\"your-name\"><input size=\"40\" maxlength=\"400\" class=\"wpcf7-form-control wpcf7-text wpcf7-validates-as-required\" aria-required=\"true\" aria-invalid=\"false\" placeholder=\"\" value=\"\" type=\"text\" name=\"your-name\" \/><\/span>\n\t\t\t\t<\/p>\n<\/li>\n<li>\n<div class=\"islabel\">\n<p>* Email :\n\t\t\t\t\t<\/p>\n<\/p><\/div>\n<p><span class=\"wpcf7-form-control-wrap\" data-name=\"your-email\"><input size=\"40\" maxlength=\"400\" class=\"wpcf7-form-control wpcf7-email wpcf7-validates-as-required wpcf7-text wpcf7-validates-as-email\" aria-required=\"true\" aria-invalid=\"false\" placeholder=\"\" value=\"\" type=\"email\" name=\"your-email\" \/><\/span>\n\t\t\t\t<\/p>\n<\/li>\n<li>\n<div class=\"islabel\">\n<p>* T\u00e9l\u00e9phone\/Appel :\n\t\t\t\t\t<\/p>\n<\/p><\/div>\n<p><span class=\"wpcf7-form-control-wrap\" data-name=\"your-phone\"><input size=\"40\" maxlength=\"400\" class=\"wpcf7-form-control wpcf7-tel wpcf7-text wpcf7-validates-as-tel\" aria-invalid=\"false\" placeholder=\"\" value=\"\" type=\"tel\" name=\"your-phone\" \/><\/span>\n\t\t\t\t<\/p>\n<\/li>\n<li>\n<div class=\"islabel\">\n<p>Pays :\n\t\t\t\t\t<\/p>\n<\/p><\/div>\n<p><span class=\"wpcf7-form-control-wrap\" data-name=\"your-country\"><input size=\"40\" maxlength=\"400\" class=\"wpcf7-form-control wpcf7-text\" aria-invalid=\"false\" placeholder=\"\" value=\"\" type=\"text\" name=\"your-country\" \/><\/span>\n\t\t\t\t<\/p>\n<\/li>\n<li class=\"ismassage\">\n<div class=\"islabel\">\n<p>* Message :\n\t\t\t\t\t<\/p>\n<\/p><\/div>\n<p><span class=\"wpcf7-form-control-wrap\" data-name=\"your-msg\"><textarea cols=\"40\" rows=\"10\" maxlength=\"2000\" class=\"wpcf7-form-control wpcf7-textarea wpcf7-validates-as-required\" aria-required=\"true\" aria-invalid=\"false\" name=\"your-msg\"><\/textarea><\/span>\n\t\t\t\t<\/p>\n<\/li>\n<li class=\"wpcf7-btns-box\">\n<div class=\"isFileName\">\n\t\t\t\t<\/div>\n<div class=\"wpcf7-btns\">\n<p><input class=\"wpcf7-form-control wpcf7-submit has-spinner\" type=\"submit\" value=\"ENVOYER\" \/>\n\t\t\t\t\t<\/p>\n<\/p><\/div>\n<\/li>\n<\/ul><\/div>\n<\/div>\n<div class=\"wpcf7-response-output\" aria-hidden=\"true\"><\/div>\n<input type=\"hidden\" name=\"trp-form-language\" value=\"fr\"\/><\/form>\n<\/div>\n<\/div>\n<div class=\"page_model\">\n<div class=\"swiper related-products\">\n<div class=\"swiper-wrapper\">\n<div class=\"swiper-slide\"><\/div>\n<\/div>\n<\/div>\n<\/div>","protected":false},"excerpt":{"rendered":"\u00b7 Fused Magnesium Fused Magnesium (FM) is a type of refractory material that is produced by the electric arc melting of caustic calcined magnesia, deadburned magnesia or raw magnesite in furnaces at temperatures in excess of 2750\u00b0C. w(MgO)\u2265\/%: 94-98 w(SiO2)\u2264\/%: 0.5-2.5 w(AL2O3)\u2264\/%: 0.15-0.6 High Quality &#8230; <a title=\"Magn\u00e9sium fondu\" class=\"read-more\" href=\"https:\/\/keruiref.com\/fr\/magnesium-fondu\/\" aria-label=\"More on Fused Magnesium\">Lire la suite<\/a>","protected":false},"author":1,"featured_media":0,"parent":0,"menu_order":0,"comment_status":"closed","ping_status":"closed","template":"","meta":{"footnotes":""},"class_list":{"0":"post-87182","1":"page","2":"type-page","3":"status-publish","5":"no-featured-image-padding"},"yoast_head":"<!-- This site is optimized with the Yoast SEO plugin v24.9 - https:\/\/yoast.com\/wordpress\/plugins\/seo\/ -->\n<title>Fused Magnesium - Your Refractory Bricks, Castables Manufacturer For Kiln | Kerui Refractory\u00ae Official Website<\/title>\n<meta name=\"robots\" content=\"index, follow, max-snippet:-1, max-image-preview:large, max-video-preview:-1\" \/>\n<link rel=\"canonical\" href=\"https:\/\/keruiref.com\/fr\/magnesium-fondu\/\" \/>\n<script type=\"application\/ld+json\" class=\"yoast-schema-graph\">{\"@context\":\"https:\/\/schema.org\",\"@graph\":[{\"@type\":\"WebPage\",\"@id\":\"https:\/\/keruiref.com\/fused-magnesium\/\",\"url\":\"https:\/\/keruiref.com\/fused-magnesium\/\",\"name\":\"Fused Magnesium - Your Refractory Bricks, Castables Manufacturer For Kiln | Kerui Refractory\u00ae Official Website\",\"isPartOf\":{\"@id\":\"https:\/\/keruiref.com\/el\/#website\"},\"primaryImageOfPage\":{\"@id\":\"https:\/\/keruiref.com\/fused-magnesium\/#primaryimage\"},\"image\":{\"@id\":\"https:\/\/keruiref.com\/fused-magnesium\/#primaryimage\"},\"thumbnailUrl\":\"https:\/\/keruiref.com\/wp-content\/uploads\/2025\/06\/KERUI-Fused-Magnesium-1.webp\",\"datePublished\":\"2025-06-16T09:39:55+00:00\",\"dateModified\":\"2025-06-16T09:48:42+00:00\",\"breadcrumb\":{\"@id\":\"https:\/\/keruiref.com\/fused-magnesium\/#breadcrumb\"},\"inLanguage\":\"fr-FR\",\"potentialAction\":[{\"@type\":\"ReadAction\",\"target\":[\"https:\/\/keruiref.com\/fused-magnesium\/\"]}]},{\"@type\":\"ImageObject\",\"inLanguage\":\"fr-FR\",\"@id\":\"https:\/\/keruiref.com\/fused-magnesium\/#primaryimage\",\"url\":\"https:\/\/keruiref.com\/wp-content\/uploads\/2025\/06\/KERUI-Fused-Magnesium-1.webp\",\"contentUrl\":\"https:\/\/keruiref.com\/wp-content\/uploads\/2025\/06\/KERUI-Fused-Magnesium-1.webp\"},{\"@type\":\"BreadcrumbList\",\"@id\":\"https:\/\/keruiref.com\/fused-magnesium\/#breadcrumb\",\"itemListElement\":[{\"@type\":\"ListItem\",\"position\":1,\"name\":\"Home\",\"item\":\"https:\/\/keruiref.com\/\"},{\"@type\":\"ListItem\",\"position\":2,\"name\":\"Fused Magnesium\"}]},{\"@type\":\"WebSite\",\"@id\":\"https:\/\/keruiref.com\/el\/#website\",\"url\":\"https:\/\/keruiref.com\/el\/\",\"name\":\"Your Refractory Bricks, Castables Manufacturer For Kiln | Kerui Refractory\u00ae Official Website\",\"description\":\"\",\"publisher\":{\"@id\":\"https:\/\/keruiref.com\/el\/#organization\"},\"potentialAction\":[{\"@type\":\"SearchAction\",\"target\":{\"@type\":\"EntryPoint\",\"urlTemplate\":\"https:\/\/keruiref.com\/el\/?s={search_term_string}\"},\"query-input\":{\"@type\":\"PropertyValueSpecification\",\"valueRequired\":true,\"valueName\":\"search_term_string\"}}],\"inLanguage\":\"fr-FR\"},{\"@type\":\"Organization\",\"@id\":\"https:\/\/keruiref.com\/el\/#organization\",\"name\":\"Your Refractory Bricks, Castables Manufacturer For Kiln | Kerui Refractory\u00ae Official Website\",\"url\":\"https:\/\/keruiref.com\/el\/\",\"logo\":{\"@type\":\"ImageObject\",\"inLanguage\":\"fr-FR\",\"@id\":\"https:\/\/keruiref.com\/el\/#\/schema\/logo\/image\/\",\"url\":\"https:\/\/keruiref.com\/wp-content\/uploads\/2024\/01\/footer-Logo.png\",\"contentUrl\":\"https:\/\/keruiref.com\/wp-content\/uploads\/2024\/01\/footer-Logo.png\",\"width\":282,\"height\":70,\"caption\":\"Your Refractory Bricks, Castables Manufacturer For Kiln | Kerui Refractory\u00ae Official Website\"},\"image\":{\"@id\":\"https:\/\/keruiref.com\/el\/#\/schema\/logo\/image\/\"}}]}<\/script>\n<!-- \/ Yoast SEO plugin. -->","yoast_head_json":{"title":"Magn\u00e9sium fondu - Votre fabricant de briques r\u00e9fractaires et de produits coul\u00e9s pour four - Kerui Refractory\u00ae Official Website","robots":{"index":"index","follow":"follow","max-snippet":"max-snippet:-1","max-image-preview":"max-image-preview:large","max-video-preview":"max-video-preview:-1"},"canonical":"https:\/\/keruiref.com\/fr\/magnesium-fondu\/","schema":{"@context":"https:\/\/schema.org","@graph":[{"@type":"WebPage","@id":"https:\/\/keruiref.com\/fused-magnesium\/","url":"https:\/\/keruiref.com\/fused-magnesium\/","name":"Magn\u00e9sium fondu - Votre fabricant de briques r\u00e9fractaires et de produits coul\u00e9s pour four - Kerui Refractory\u00ae Official Website","isPartOf":{"@id":"https:\/\/keruiref.com\/el\/#website"},"primaryImageOfPage":{"@id":"https:\/\/keruiref.com\/fused-magnesium\/#primaryimage"},"image":{"@id":"https:\/\/keruiref.com\/fused-magnesium\/#primaryimage"},"thumbnailUrl":"https:\/\/keruiref.com\/wp-content\/uploads\/2025\/06\/KERUI-Fused-Magnesium-1.webp","datePublished":"2025-06-16T09:39:55+00:00","dateModified":"2025-06-16T09:48:42+00:00","breadcrumb":{"@id":"https:\/\/keruiref.com\/fused-magnesium\/#breadcrumb"},"inLanguage":"fr-FR","potentialAction":[{"@type":"ReadAction","target":["https:\/\/keruiref.com\/fused-magnesium\/"]}]},{"@type":"ImageObject","inLanguage":"fr-FR","@id":"https:\/\/keruiref.com\/fused-magnesium\/#primaryimage","url":"https:\/\/keruiref.com\/wp-content\/uploads\/2025\/06\/KERUI-Fused-Magnesium-1.webp","contentUrl":"https:\/\/keruiref.com\/wp-content\/uploads\/2025\/06\/KERUI-Fused-Magnesium-1.webp"},{"@type":"BreadcrumbList","@id":"https:\/\/keruiref.com\/fused-magnesium\/#breadcrumb","itemListElement":[{"@type":"ListItem","position":1,"name":"Home","item":"https:\/\/keruiref.com\/"},{"@type":"ListItem","position":2,"name":"Fused Magnesium"}]},{"@type":"WebSite","@id":"https:\/\/keruiref.com\/el\/#website","url":"https:\/\/keruiref.com\/el\/","name":"Votre fabricant de briques r\u00e9fractaires et de produits coul\u00e9s pour le four Kerui Refractory\u00ae Site officiel","description":"","publisher":{"@id":"https:\/\/keruiref.com\/el\/#organization"},"potentialAction":[{"@type":"SearchAction","target":{"@type":"EntryPoint","urlTemplate":"https:\/\/keruiref.com\/el\/?s={search_term_string}"},"query-input":{"@type":"PropertyValueSpecification","valueRequired":true,"valueName":"search_term_string"}}],"inLanguage":"fr-FR"},{"@type":"Organization","@id":"https:\/\/keruiref.com\/el\/#organization","name":"Votre fabricant de briques r\u00e9fractaires et de produits coul\u00e9s pour le four Kerui Refractory\u00ae Site officiel","url":"https:\/\/keruiref.com\/el\/","logo":{"@type":"ImageObject","inLanguage":"fr-FR","@id":"https:\/\/keruiref.com\/el\/#\/schema\/logo\/image\/","url":"https:\/\/keruiref.com\/wp-content\/uploads\/2024\/01\/footer-Logo.png","contentUrl":"https:\/\/keruiref.com\/wp-content\/uploads\/2024\/01\/footer-Logo.png","width":282,"height":70,"caption":"Your Refractory Bricks, Castables Manufacturer For Kiln | Kerui Refractory\u00ae Official Website"},"image":{"@id":"https:\/\/keruiref.com\/el\/#\/schema\/logo\/image\/"}}]}},"_links":{"self":[{"href":"https:\/\/keruiref.com\/fr\/wp-json\/wp\/v2\/pages\/87182","targetHints":{"allow":["GET"]}}],"collection":[{"href":"https:\/\/keruiref.com\/fr\/wp-json\/wp\/v2\/pages"}],"about":[{"href":"https:\/\/keruiref.com\/fr\/wp-json\/wp\/v2\/types\/page"}],"author":[{"embeddable":true,"href":"https:\/\/keruiref.com\/fr\/wp-json\/wp\/v2\/users\/1"}],"replies":[{"embeddable":true,"href":"https:\/\/keruiref.com\/fr\/wp-json\/wp\/v2\/comments?post=87182"}],"version-history":[{"count":0,"href":"https:\/\/keruiref.com\/fr\/wp-json\/wp\/v2\/pages\/87182\/revisions"}],"wp:attachment":[{"href":"https:\/\/keruiref.com\/fr\/wp-json\/wp\/v2\/media?parent=87182"}],"curies":[{"name":"wp","href":"https:\/\/api.w.org\/{rel}","templated":true}]}}