{"id":86756,"date":"2025-06-04T11:17:59","date_gmt":"2025-06-04T03:17:59","guid":{"rendered":"https:\/\/keruiref.com\/?page_id=86756"},"modified":"2025-06-04T11:17:59","modified_gmt":"2025-06-04T03:17:59","slug":"creuset-en-carbure-de-silicium","status":"publish","type":"page","link":"https:\/\/keruiref.com\/fr\/creuset-en-carbure-de-silicium\/","title":{"rendered":"Creuset en carbure de silicium"},"content":{"rendered":"<div class=\"page_model product_info\">\n<div class=\"preview\"><img loading=\"lazy\" decoding=\"async\" class=\"alignnone size-full wp-image-86757\" src=\"https:\/\/keruiref.com\/wp-content\/uploads\/2025\/06\/Silicon-Carbide-Crucibles_kerui.webp\" alt=\"\" width=\"780\" height=\"639\" srcset=\"https:\/\/keruiref.com\/wp-content\/uploads\/2025\/06\/Silicon-Carbide-Crucibles_kerui.webp 780w, https:\/\/keruiref.com\/wp-content\/uploads\/2025\/06\/Silicon-Carbide-Crucibles_kerui-300x246.webp 300w, https:\/\/keruiref.com\/wp-content\/uploads\/2025\/06\/Silicon-Carbide-Crucibles_kerui-768x629.webp 768w, https:\/\/keruiref.com\/wp-content\/uploads\/2025\/06\/Silicon-Carbide-Crucibles_kerui-15x12.webp 15w\" sizes=\"auto, (max-width: 780px) 100vw, 780px\" \/><\/div>\n<div class=\"info\">\n<h1>Creuset en carbure de silicium<\/h1>\n<p>Les creusets en carbure de silicium sont fabriqu\u00e9s \u00e0 partir de carbure de silicium et de graphite de grande puret\u00e9. Keri propose des creusets de diff\u00e9rentes formes et tailles, et peut \u00e9galement personnaliser la taille en fonction de vos besoins. La dur\u00e9e de vie des creusets en carbure de silicium est 2 \u00e0 3 fois sup\u00e9rieure \u00e0 celle des creusets en graphite argileux.<\/p>\n<ul>\n<li>Temp\u00e9rature de travail max : 1200-1500\u00baC ;<\/li>\n<li>R\u00e9fractarit\u00e9 sous charge : 1650\u00baC ;<\/li>\n<li>SiC : \u226545%<\/li>\n<li>Densit\u00e9 apparente : \u22651,9-2,1g\/cm\u00b3<\/li>\n<li>Certification : ISO9001\/ISO14001\/ISO45001\/ISO50001<\/li>\n<li>Service de traitement : Pliage, soudage, poin\u00e7onnage, d\u00e9coilage, d\u00e9coupage, moulage<\/li>\n<\/ul>\n<div class=\"tags\">\n<p>Haute qualit\u00e9<\/p>\n<p>Prix raisonnable<\/p>\n<p>Produits et solutions personnalisables<\/p>\n<p>Livraison en temps voulu<\/p>\n<p>7\/24\/365 A votre service<\/p>\n<\/div>\n<p><a class=\"inruiry fancybox\" href=\"#contact_form_pop\">inruiry maintenant<\/a><a class=\"email-btn\" href=\"mailto: market@keruiref.com\">envoyer un courriel<\/a><\/p>\n<\/div>\n<\/div>\n<ul class=\"anchor\">\n<li><a href=\"#PRODUCTDESCRIPTION\">DESCRIPTION DU PRODUIT<\/a><\/li>\n<li><a href=\"#TechniqueData\">Donn\u00e9es techniques<\/a><\/li>\n<li><a href=\"#INQUIRY\">DEMANDE DE RENSEIGNEMENTS<\/a><\/li>\n<li><a href=\"#RELATEDPRODUCTS\">PRODUITS APPARENT\u00c9S<\/a><\/li>\n<\/ul>\n<div class=\"page_model\">\n<h2 id=\"PRODUCTDESCRIPTION\">Description du creuset en carbure de silicium<\/h2>\n<p>Le creuset en carbure de silicium est un r\u00e9cipient haute temp\u00e9rature fabriqu\u00e9 en carbure de silicium de haute puret\u00e9 par frittage haute temp\u00e9rature. Dot\u00e9 d'une excellente conductivit\u00e9 thermique et d'une excellente r\u00e9sistance aux chocs, il supporte &gt;1600\u2103, r\u00e9siste \u00e0 la corrosion des m\u00e9taux en fusion et offre une grande stabilit\u00e9 chimique. Largement utilis\u00e9 dans la m\u00e9tallurgie, les semi-conducteurs et le photovolta\u00efque pour la fusion des m\u00e9taux pr\u00e9cieux et des terres rares et la croissance des cristaux, il assure un transfert de chaleur efficace et une longue dur\u00e9e de vie.<img loading=\"lazy\" decoding=\"async\" class=\"alignnone size-full wp-image-86760\" src=\"https:\/\/keruiref.com\/wp-content\/uploads\/2025\/06\/Silicon-Carbide-Crucible-1.webp\" alt=\"\" width=\"1400\" height=\"563\" srcset=\"https:\/\/keruiref.com\/wp-content\/uploads\/2025\/06\/Silicon-Carbide-Crucible-1.webp 1400w, https:\/\/keruiref.com\/wp-content\/uploads\/2025\/06\/Silicon-Carbide-Crucible-1-300x121.webp 300w, https:\/\/keruiref.com\/wp-content\/uploads\/2025\/06\/Silicon-Carbide-Crucible-1-1024x412.webp 1024w, https:\/\/keruiref.com\/wp-content\/uploads\/2025\/06\/Silicon-Carbide-Crucible-1-768x309.webp 768w, https:\/\/keruiref.com\/wp-content\/uploads\/2025\/06\/Silicon-Carbide-Crucible-1-18x7.webp 18w\" sizes=\"auto, (max-width: 1400px) 100vw, 1400px\" \/><\/p>\n<h2 id=\"TechniqueData\">Sp\u00e9cifications de base du creuset en carbure de silicium de Kerui<\/h2>\n<table id=\"tablepress-99\" class=\"tablepress tablepress-id-99\">\n<thead>\n<tr class=\"row-1\">\n<th class=\"column-1\">Objet<\/th>\n<th class=\"column-2\">Creuset en carbure de silicium<\/th>\n<\/tr>\n<\/thead>\n<tbody class=\"row-striping row-hover\">\n<tr class=\"row-2\">\n<td class=\"column-1\">R\u00e9fractarit\u00e9 sous charge<\/td>\n<td class=\"column-2\">1650\u00baC<\/td>\n<\/tr>\n<tr class=\"row-3\">\n<td class=\"column-1\">Temp\u00e9rature maximale de fonctionnement<\/td>\n<td class=\"column-2\">1200-1500\u00baC<\/td>\n<\/tr>\n<tr class=\"row-4\">\n<td class=\"column-1\">SiC<\/td>\n<td class=\"column-2\">\u226545%<\/td>\n<\/tr>\n<tr class=\"row-5\">\n<td class=\"column-1\">Densit\u00e9 en vrac<\/td>\n<td class=\"column-2\">\u22651,9-2,1g\/cm\u00b3<\/td>\n<\/tr>\n<tr class=\"row-6\">\n<td class=\"column-1\">Porosit\u00e9 apparente<\/td>\n<td class=\"column-2\">\u226410-14%<\/td>\n<\/tr>\n<tr class=\"row-7\">\n<td class=\"column-1\">Les types<\/td>\n<td class=\"column-2\">10#-5000#<\/td>\n<\/tr>\n<tr class=\"row-8\">\n<td class=\"column-1\">Diam\u00e8tre ext\u00e9rieur<\/td>\n<td class=\"column-2\">142-1050mm<\/td>\n<\/tr>\n<tr class=\"row-9\">\n<td class=\"column-1\">Diam\u00e8tre int\u00e9rieur<\/td>\n<td class=\"column-2\">110-930mm<\/td>\n<\/tr>\n<tr class=\"row-10\">\n<td class=\"column-1\">Hauteur totale<\/td>\n<td class=\"column-2\">180-1320mm<\/td>\n<\/tr>\n<tr class=\"row-11\">\n<td class=\"column-1\">Diam\u00e8tre ext\u00e9rieur du fond<\/td>\n<td class=\"column-2\">90-550mm<\/td>\n<\/tr>\n<\/tbody>\n<\/table>\n<p><!-- #tablepress-99 from cache --><\/p>\n<p><center><a class=\"fancybox price\" href=\"#contact_form_pop\">OBTENIR LE PRIX<\/a><\/center><\/p>\n<h2>Tailles&amp;Types de creuset en carbure de silicium KERUI<\/h2>\n<p>En fonction des besoins des clients, nous proposons une vari\u00e9t\u00e9 de creusets standard et personnalis\u00e9s, notamment <strong>forme de bassin ou de cuvette, forme \"TP\", forme de cale, forme de bassin \u00e0 goulot ou \u00e0 goulot, et creusets de forme cylindrique.<\/strong> Nous fournissons \u00e9galement divers services de d\u00e9versement <strong>l\u00e8vres et becs verseurs<\/strong>.<\/p>\n<p><strong>A noter :<\/strong> que nos creusets en graphite sont moul\u00e9s \u00e0 l'aide d'un moule int\u00e9rieur en acier et d'un moule ext\u00e9rieur en caoutchouc. Par cons\u00e9quent, la surface ext\u00e9rieure peut ne pas \u00eatre parfaitement lisse, alors que la surface int\u00e9rieure est lisse.<\/p>\n<h2>Caract\u00e9ristiques du creuset en carbure de silicium<\/h2>\n<p>Le creuset en carbure de silicium a de multiples caract\u00e9ristiques : il est fait de carbure de silicium de haute puret\u00e9 comme mati\u00e8re premi\u00e8re et fritt\u00e9 \u00e0 haute temp\u00e9rature. Il peut r\u00e9sister \u00e0 des temp\u00e9ratures \u00e9lev\u00e9es sup\u00e9rieures \u00e0 1600\u2103, a une forte r\u00e9sistance aux chocs thermiques et n'est pas facile \u00e0 fissurer en raison de la diff\u00e9rence de temp\u00e9rature. Il a une conductivit\u00e9 thermique \u00e9lev\u00e9e et peut transf\u00e9rer la chaleur rapidement et uniform\u00e9ment. Il pr\u00e9sente une excellente stabilit\u00e9 chimique et r\u00e9siste \u00e0 la corrosion par les m\u00e9taux en fusion, les acides et les alcalis. Il est r\u00e9sistant \u00e0 l'usure et durable, et a une longue dur\u00e9e de vie.<\/p>\n<p><img loading=\"lazy\" decoding=\"async\" class=\"alignnone size-full wp-image-86761\" src=\"https:\/\/keruiref.com\/wp-content\/uploads\/2025\/06\/Silicon-Carbide-Crucible-2.webp\" alt=\"\" width=\"1400\" height=\"565\" srcset=\"https:\/\/keruiref.com\/wp-content\/uploads\/2025\/06\/Silicon-Carbide-Crucible-2.webp 1400w, https:\/\/keruiref.com\/wp-content\/uploads\/2025\/06\/Silicon-Carbide-Crucible-2-300x121.webp 300w, https:\/\/keruiref.com\/wp-content\/uploads\/2025\/06\/Silicon-Carbide-Crucible-2-1024x413.webp 1024w, https:\/\/keruiref.com\/wp-content\/uploads\/2025\/06\/Silicon-Carbide-Crucible-2-768x310.webp 768w, https:\/\/keruiref.com\/wp-content\/uploads\/2025\/06\/Silicon-Carbide-Crucible-2-18x7.webp 18w\" sizes=\"auto, (max-width: 1400px) 100vw, 1400px\" \/><\/p>\n<p><center><a class=\"fancybox price\" href=\"#contact_form_pop\">OBTENIR LE PRIX<\/a><\/center><\/p>\n<h2>Application du creuset en carbure de silicium<\/h2>\n<p>Les creusets en carbure de silicium et en graphite servent \u00e0 fondre les m\u00e9taux non ferreux et divers mat\u00e9riaux tels que l'or, l'argent, le cuivre, l'aluminium, le plomb, le zinc, l'acier, les alliages, les c\u00e9ramiques, etc. Utilisables dans de nombreux fours, ils conviennent aux fours de fusion des m\u00e9taux, aux fonderies d'acier inoxydable, aux fours \u00e0 coke, aux fours \u00e0 charbon, etc.<br \/>\n<img loading=\"lazy\" decoding=\"async\" class=\"alignnone size-full wp-image-86730\" src=\"https:\/\/keruiref.com\/wp-content\/uploads\/2025\/06\/Application-of-KERUI-Kiln-Shelves.webp\" alt=\"\" width=\"1450\" height=\"679\" srcset=\"https:\/\/keruiref.com\/wp-content\/uploads\/2025\/06\/Application-of-KERUI-Kiln-Shelves.webp 1450w, https:\/\/keruiref.com\/wp-content\/uploads\/2025\/06\/Application-of-KERUI-Kiln-Shelves-300x140.webp 300w, https:\/\/keruiref.com\/wp-content\/uploads\/2025\/06\/Application-of-KERUI-Kiln-Shelves-1024x480.webp 1024w, https:\/\/keruiref.com\/wp-content\/uploads\/2025\/06\/Application-of-KERUI-Kiln-Shelves-768x360.webp 768w, https:\/\/keruiref.com\/wp-content\/uploads\/2025\/06\/Application-of-KERUI-Kiln-Shelves-18x8.webp 18w\" sizes=\"auto, (max-width: 1450px) 100vw, 1450px\" \/><\/p>\n<\/div>\n<div id=\"INQUIRY\" class=\"page_model\">\n<div class=\"wpcf7 no-js\" id=\"wpcf7-f328-o1\" lang=\"en-US\" dir=\"ltr\" data-wpcf7-id=\"328\">\n<div class=\"screen-reader-response\">\n<p role=\"status\" aria-live=\"polite\" aria-atomic=\"true\">\n<ul><\/ul>\n<\/div>\n<form action=\"\/fr\/wp-json\/wp\/v2\/pages\/86756#wpcf7-f328-o1\" method=\"post\" class=\"wpcf7-form init\" aria-label=\"Formulaire de contact\" novalidate=\"novalidate\" data-status=\"init\" data-trp-original-action=\"\/fr\/wp-json\/wp\/v2\/pages\/86756#wpcf7-f328-o1\">\n<div style=\"display: none;\">\n<input type=\"hidden\" name=\"_wpcf7\" value=\"328\" \/><br \/>\n<input type=\"hidden\" name=\"_wpcf7_version\" value=\"6.0.4\" \/><br \/>\n<input type=\"hidden\" name=\"_wpcf7_locale\" value=\"en_US\" \/><br \/>\n<input type=\"hidden\" name=\"_wpcf7_unit_tag\" value=\"wpcf7-f328-o1\" \/><br \/>\n<input type=\"hidden\" name=\"_wpcf7_container_post\" value=\"0\" \/><br \/>\n<input type=\"hidden\" name=\"_wpcf7_posted_data_hash\" value=\"\" \/><br \/>\n<input type=\"hidden\" name=\"_wpcf7_recaptcha_response\" value=\"\" \/>\n<\/div>\n<div class=\"form-box\" id=\"Contact-Us\">\n<div class=\"isleft\">\n<div class=\"contact-title\">\n<p>Nous contacter\n\t\t\t<\/p>\n<\/p><\/div>\n<div class=\"contactp\">\n<p>N'h\u00e9sitez pas \u00e0 nous faire part de votre demande en remplissant le formulaire pr\u00e9vu \u00e0 cet effet. Nous vous r\u00e9pondrons dans les 6 heures.\n\t\t\t<\/p>\n<\/p><\/div>\n<ul class=\"contact\">\n<li class=\"email\">\n<p><img decoding=\"async\" src=\"https:\/\/keruiref.com\/wp-content\/uploads\/2023\/12\/email.png\" alt=\"\" \/>Courriel :\n\t\t\t\t<\/p>\n<p><a href=\"mailto:market@keruiref.com\">market@keruiref.com<\/a>\n\t\t\t\t<\/p>\n<\/li>\n<li class=\"phone\">\n<p><img decoding=\"async\" src=\"https:\/\/keruiref.com\/wp-content\/uploads\/2023\/12\/tel.png\" alt=\"\" \/>T\u00e9l\u00e9phone\/whatsapp :\n\t\t\t\t<\/p>\n<p><a href=\"https:\/\/wa.me\/8619138178880\">+86 19138178880<\/a>\n\t\t\t\t<\/p>\n<\/li>\n<li class=\"location\">\n<p><img decoding=\"async\" src=\"https:\/\/keruiref.com\/wp-content\/uploads\/2023\/12\/Location.png\" alt=\"\" \/>Base de fabrication :\n\t\t\t\t<\/p>\n<p>Zone d'industrie r\u00e9fractaire de Chaohua,<br \/>\nVille de Xinmi, province du Henan, Chine\n\t\t\t\t<\/p>\n<\/li>\n<\/ul><\/div>\n<div class=\"isright\">\n<ul class=\"contact-input\">\n<li>\n<div class=\"islabel\">\n<p>* Nom :\n\t\t\t\t\t<\/p>\n<\/p><\/div>\n<p><span class=\"wpcf7-form-control-wrap\" data-name=\"your-name\"><input size=\"40\" maxlength=\"400\" class=\"wpcf7-form-control wpcf7-text wpcf7-validates-as-required\" aria-required=\"true\" aria-invalid=\"false\" placeholder=\"\" value=\"\" type=\"text\" name=\"your-name\" \/><\/span>\n\t\t\t\t<\/p>\n<\/li>\n<li>\n<div class=\"islabel\">\n<p>* Email :\n\t\t\t\t\t<\/p>\n<\/p><\/div>\n<p><span class=\"wpcf7-form-control-wrap\" data-name=\"your-email\"><input size=\"40\" maxlength=\"400\" class=\"wpcf7-form-control wpcf7-email wpcf7-validates-as-required wpcf7-text wpcf7-validates-as-email\" aria-required=\"true\" aria-invalid=\"false\" placeholder=\"\" value=\"\" type=\"email\" name=\"your-email\" \/><\/span>\n\t\t\t\t<\/p>\n<\/li>\n<li>\n<div class=\"islabel\">\n<p>* T\u00e9l\u00e9phone\/Appel :\n\t\t\t\t\t<\/p>\n<\/p><\/div>\n<p><span class=\"wpcf7-form-control-wrap\" data-name=\"your-phone\"><input size=\"40\" maxlength=\"400\" class=\"wpcf7-form-control wpcf7-tel wpcf7-text wpcf7-validates-as-tel\" aria-invalid=\"false\" placeholder=\"\" value=\"\" type=\"tel\" name=\"your-phone\" \/><\/span>\n\t\t\t\t<\/p>\n<\/li>\n<li>\n<div class=\"islabel\">\n<p>Pays :\n\t\t\t\t\t<\/p>\n<\/p><\/div>\n<p><span class=\"wpcf7-form-control-wrap\" data-name=\"your-country\"><input size=\"40\" maxlength=\"400\" class=\"wpcf7-form-control wpcf7-text\" aria-invalid=\"false\" placeholder=\"\" value=\"\" type=\"text\" name=\"your-country\" \/><\/span>\n\t\t\t\t<\/p>\n<\/li>\n<li class=\"ismassage\">\n<div class=\"islabel\">\n<p>* Message :\n\t\t\t\t\t<\/p>\n<\/p><\/div>\n<p><span class=\"wpcf7-form-control-wrap\" data-name=\"your-msg\"><textarea cols=\"40\" rows=\"10\" maxlength=\"2000\" class=\"wpcf7-form-control wpcf7-textarea wpcf7-validates-as-required\" aria-required=\"true\" aria-invalid=\"false\" name=\"your-msg\"><\/textarea><\/span>\n\t\t\t\t<\/p>\n<\/li>\n<li class=\"wpcf7-btns-box\">\n<div class=\"isFileName\">\n\t\t\t\t<\/div>\n<div class=\"wpcf7-btns\">\n<p><input class=\"wpcf7-form-control wpcf7-submit has-spinner\" type=\"submit\" value=\"ENVOYER\" \/>\n\t\t\t\t\t<\/p>\n<\/p><\/div>\n<\/li>\n<\/ul><\/div>\n<\/div>\n<div class=\"wpcf7-response-output\" aria-hidden=\"true\"><\/div>\n<input type=\"hidden\" name=\"trp-form-language\" value=\"fr\"\/><\/form>\n<\/div>\n<\/div>","protected":false},"excerpt":{"rendered":"Silicon Carbide Crucible Silicon carbide crucibles are made of high purity silicon carbide and graphite. Keri offers crucibles in various shapes and sizes, and can also customize the size for you according to your requirements. The service life of silicon carbide crucibles is 2-3 times &#8230; <a title=\"Creuset en carbure de silicium\" class=\"read-more\" href=\"https:\/\/keruiref.com\/fr\/creuset-en-carbure-de-silicium\/\" aria-label=\"More on Silicon Carbide Crucible\">Lire la suite<\/a>","protected":false},"author":1,"featured_media":0,"parent":0,"menu_order":0,"comment_status":"closed","ping_status":"closed","template":"","meta":{"footnotes":""},"class_list":{"0":"post-86756","1":"page","2":"type-page","3":"status-publish","5":"no-featured-image-padding"},"yoast_head":"<!-- This site is optimized with the Yoast SEO plugin v24.9 - https:\/\/yoast.com\/wordpress\/plugins\/seo\/ -->\n<title>Silicon Carbide Crucible - Your Refractory Bricks, Castables Manufacturer For Kiln | Kerui Refractory\u00ae Official Website<\/title>\n<meta name=\"description\" content=\"Silicon Carbide Crucible is a high-temp container made of high-purity silicon carbide via high-temp sintering. With excellent thermal conductivity and shock resistance, it withstands &gt;1600\u2103, resists molten metal corrosion, and offers strong chemical stability.\" \/>\n<meta name=\"robots\" content=\"index, follow, max-snippet:-1, max-image-preview:large, max-video-preview:-1\" \/>\n<link rel=\"canonical\" href=\"https:\/\/keruiref.com\/fr\/creuset-en-carbure-de-silicium\/\" \/>\n<script type=\"application\/ld+json\" class=\"yoast-schema-graph\">{\"@context\":\"https:\/\/schema.org\",\"@graph\":[{\"@type\":\"WebPage\",\"@id\":\"https:\/\/keruiref.com\/silicon-carbide-crucible\/\",\"url\":\"https:\/\/keruiref.com\/silicon-carbide-crucible\/\",\"name\":\"Silicon Carbide Crucible - Your Refractory Bricks, Castables Manufacturer For Kiln | Kerui Refractory\u00ae Official Website\",\"isPartOf\":{\"@id\":\"https:\/\/keruiref.com\/el\/#website\"},\"primaryImageOfPage\":{\"@id\":\"https:\/\/keruiref.com\/silicon-carbide-crucible\/#primaryimage\"},\"image\":{\"@id\":\"https:\/\/keruiref.com\/silicon-carbide-crucible\/#primaryimage\"},\"thumbnailUrl\":\"https:\/\/keruiref.com\/wp-content\/uploads\/2025\/06\/Silicon-Carbide-Crucibles_kerui.webp\",\"datePublished\":\"2025-06-04T03:17:59+00:00\",\"description\":\"Silicon Carbide Crucible is a high-temp container made of high-purity silicon carbide via high-temp sintering. With excellent thermal conductivity and shock resistance, it withstands >1600\u2103, resists molten metal corrosion, and offers strong chemical stability.\",\"breadcrumb\":{\"@id\":\"https:\/\/keruiref.com\/silicon-carbide-crucible\/#breadcrumb\"},\"inLanguage\":\"fr-FR\",\"potentialAction\":[{\"@type\":\"ReadAction\",\"target\":[\"https:\/\/keruiref.com\/silicon-carbide-crucible\/\"]}]},{\"@type\":\"ImageObject\",\"inLanguage\":\"fr-FR\",\"@id\":\"https:\/\/keruiref.com\/silicon-carbide-crucible\/#primaryimage\",\"url\":\"https:\/\/keruiref.com\/wp-content\/uploads\/2025\/06\/Silicon-Carbide-Crucibles_kerui.webp\",\"contentUrl\":\"https:\/\/keruiref.com\/wp-content\/uploads\/2025\/06\/Silicon-Carbide-Crucibles_kerui.webp\"},{\"@type\":\"BreadcrumbList\",\"@id\":\"https:\/\/keruiref.com\/silicon-carbide-crucible\/#breadcrumb\",\"itemListElement\":[{\"@type\":\"ListItem\",\"position\":1,\"name\":\"Home\",\"item\":\"https:\/\/keruiref.com\/\"},{\"@type\":\"ListItem\",\"position\":2,\"name\":\"Silicon Carbide Crucible\"}]},{\"@type\":\"WebSite\",\"@id\":\"https:\/\/keruiref.com\/el\/#website\",\"url\":\"https:\/\/keruiref.com\/el\/\",\"name\":\"Your Refractory Bricks, Castables Manufacturer For Kiln | Kerui Refractory\u00ae Official Website\",\"description\":\"\",\"publisher\":{\"@id\":\"https:\/\/keruiref.com\/el\/#organization\"},\"potentialAction\":[{\"@type\":\"SearchAction\",\"target\":{\"@type\":\"EntryPoint\",\"urlTemplate\":\"https:\/\/keruiref.com\/el\/?s={search_term_string}\"},\"query-input\":{\"@type\":\"PropertyValueSpecification\",\"valueRequired\":true,\"valueName\":\"search_term_string\"}}],\"inLanguage\":\"fr-FR\"},{\"@type\":\"Organization\",\"@id\":\"https:\/\/keruiref.com\/el\/#organization\",\"name\":\"Your Refractory Bricks, Castables Manufacturer For Kiln | Kerui Refractory\u00ae Official Website\",\"url\":\"https:\/\/keruiref.com\/el\/\",\"logo\":{\"@type\":\"ImageObject\",\"inLanguage\":\"fr-FR\",\"@id\":\"https:\/\/keruiref.com\/el\/#\/schema\/logo\/image\/\",\"url\":\"https:\/\/keruiref.com\/wp-content\/uploads\/2024\/01\/footer-Logo.png\",\"contentUrl\":\"https:\/\/keruiref.com\/wp-content\/uploads\/2024\/01\/footer-Logo.png\",\"width\":282,\"height\":70,\"caption\":\"Your Refractory Bricks, Castables Manufacturer For Kiln | Kerui Refractory\u00ae Official Website\"},\"image\":{\"@id\":\"https:\/\/keruiref.com\/el\/#\/schema\/logo\/image\/\"}}]}<\/script>\n<!-- \/ Yoast SEO plugin. -->","yoast_head_json":{"title":"Creuset en carbure de silicium - Votre fabricant de briques r\u00e9fractaires et de produits coul\u00e9s pour four - Kerui Refractory\u00ae Official Website","description":"Le creuset en carbure de silicium est un r\u00e9cipient haute temp\u00e9rature fabriqu\u00e9 en carbure de silicium de haute puret\u00e9 par frittage haute temp\u00e9rature. Dot\u00e9 d'une excellente conductivit\u00e9 thermique et d'une excellente r\u00e9sistance aux chocs, il supporte &gt;1600\u2103, r\u00e9siste \u00e0 la corrosion des m\u00e9taux en fusion et offre une grande stabilit\u00e9 chimique.","robots":{"index":"index","follow":"follow","max-snippet":"max-snippet:-1","max-image-preview":"max-image-preview:large","max-video-preview":"max-video-preview:-1"},"canonical":"https:\/\/keruiref.com\/fr\/creuset-en-carbure-de-silicium\/","schema":{"@context":"https:\/\/schema.org","@graph":[{"@type":"WebPage","@id":"https:\/\/keruiref.com\/silicon-carbide-crucible\/","url":"https:\/\/keruiref.com\/silicon-carbide-crucible\/","name":"Creuset en carbure de silicium - Votre fabricant de briques r\u00e9fractaires et de produits coul\u00e9s pour four - Kerui Refractory\u00ae Official Website","isPartOf":{"@id":"https:\/\/keruiref.com\/el\/#website"},"primaryImageOfPage":{"@id":"https:\/\/keruiref.com\/silicon-carbide-crucible\/#primaryimage"},"image":{"@id":"https:\/\/keruiref.com\/silicon-carbide-crucible\/#primaryimage"},"thumbnailUrl":"https:\/\/keruiref.com\/wp-content\/uploads\/2025\/06\/Silicon-Carbide-Crucibles_kerui.webp","datePublished":"2025-06-04T03:17:59+00:00","description":"Le creuset en carbure de silicium est un r\u00e9cipient haute temp\u00e9rature fabriqu\u00e9 en carbure de silicium de haute puret\u00e9 par frittage haute temp\u00e9rature. Dot\u00e9 d'une excellente conductivit\u00e9 thermique et d'une excellente r\u00e9sistance aux chocs, il supporte &gt;1600\u2103, r\u00e9siste \u00e0 la corrosion des m\u00e9taux en fusion et offre une grande stabilit\u00e9 chimique.","breadcrumb":{"@id":"https:\/\/keruiref.com\/silicon-carbide-crucible\/#breadcrumb"},"inLanguage":"fr-FR","potentialAction":[{"@type":"ReadAction","target":["https:\/\/keruiref.com\/silicon-carbide-crucible\/"]}]},{"@type":"ImageObject","inLanguage":"fr-FR","@id":"https:\/\/keruiref.com\/silicon-carbide-crucible\/#primaryimage","url":"https:\/\/keruiref.com\/wp-content\/uploads\/2025\/06\/Silicon-Carbide-Crucibles_kerui.webp","contentUrl":"https:\/\/keruiref.com\/wp-content\/uploads\/2025\/06\/Silicon-Carbide-Crucibles_kerui.webp"},{"@type":"BreadcrumbList","@id":"https:\/\/keruiref.com\/silicon-carbide-crucible\/#breadcrumb","itemListElement":[{"@type":"ListItem","position":1,"name":"Home","item":"https:\/\/keruiref.com\/"},{"@type":"ListItem","position":2,"name":"Silicon Carbide Crucible"}]},{"@type":"WebSite","@id":"https:\/\/keruiref.com\/el\/#website","url":"https:\/\/keruiref.com\/el\/","name":"Votre fabricant de briques r\u00e9fractaires et de produits coul\u00e9s pour le four Kerui Refractory\u00ae Site officiel","description":"","publisher":{"@id":"https:\/\/keruiref.com\/el\/#organization"},"potentialAction":[{"@type":"SearchAction","target":{"@type":"EntryPoint","urlTemplate":"https:\/\/keruiref.com\/el\/?s={search_term_string}"},"query-input":{"@type":"PropertyValueSpecification","valueRequired":true,"valueName":"search_term_string"}}],"inLanguage":"fr-FR"},{"@type":"Organization","@id":"https:\/\/keruiref.com\/el\/#organization","name":"Votre fabricant de briques r\u00e9fractaires et de produits coul\u00e9s pour le four Kerui Refractory\u00ae Site officiel","url":"https:\/\/keruiref.com\/el\/","logo":{"@type":"ImageObject","inLanguage":"fr-FR","@id":"https:\/\/keruiref.com\/el\/#\/schema\/logo\/image\/","url":"https:\/\/keruiref.com\/wp-content\/uploads\/2024\/01\/footer-Logo.png","contentUrl":"https:\/\/keruiref.com\/wp-content\/uploads\/2024\/01\/footer-Logo.png","width":282,"height":70,"caption":"Your Refractory Bricks, Castables Manufacturer For Kiln | Kerui Refractory\u00ae Official Website"},"image":{"@id":"https:\/\/keruiref.com\/el\/#\/schema\/logo\/image\/"}}]}},"_links":{"self":[{"href":"https:\/\/keruiref.com\/fr\/wp-json\/wp\/v2\/pages\/86756","targetHints":{"allow":["GET"]}}],"collection":[{"href":"https:\/\/keruiref.com\/fr\/wp-json\/wp\/v2\/pages"}],"about":[{"href":"https:\/\/keruiref.com\/fr\/wp-json\/wp\/v2\/types\/page"}],"author":[{"embeddable":true,"href":"https:\/\/keruiref.com\/fr\/wp-json\/wp\/v2\/users\/1"}],"replies":[{"embeddable":true,"href":"https:\/\/keruiref.com\/fr\/wp-json\/wp\/v2\/comments?post=86756"}],"version-history":[{"count":0,"href":"https:\/\/keruiref.com\/fr\/wp-json\/wp\/v2\/pages\/86756\/revisions"}],"wp:attachment":[{"href":"https:\/\/keruiref.com\/fr\/wp-json\/wp\/v2\/media?parent=86756"}],"curies":[{"name":"wp","href":"https:\/\/api.w.org\/{rel}","templated":true}]}}