{"id":84259,"date":"2025-02-25T10:21:18","date_gmt":"2025-02-25T02:21:18","guid":{"rendered":"https:\/\/keruiref.com\/?page_id=84259"},"modified":"2025-06-18T17:04:28","modified_gmt":"2025-06-18T09:04:28","slug":"magnesium-bricks","status":"publish","type":"page","link":"https:\/\/keruiref.com\/fr\/magnesium-bricks\/","title":{"rendered":"Briques de magn\u00e9sium"},"content":{"rendered":"<p>Kerui Refractory produces and supplies different types of <strong>magnesia bricks, including fused magnesia bricks, sintered magnesia bricks, magnesia carbon bricks, magnesia spinel bricks, magnesia chrome bricks, magnesia zirconium bricks, magnesia calcium bricks (dolomite bricks)<\/strong>, etc. In addition, we also supply <strong>sintered magnesia<\/strong> et <strong>fused magnesia<\/strong>. Please contact us for any related needs.<\/p>\n<div class='content-column one_third'>\n<div style=\"padding-right:20px;\">\n<div class=\"rccr\">\n<div class=\"hotpic\">\n<p><a href=\"https:\/\/keruiref.com\/fr\/magnesia-brick\/\" target=\"_blank\" rel=\"noopener\"><img loading=\"lazy\" decoding=\"async\" class=\"alignnone wp-image-8008 size-full\" src=\"https:\/\/keruiref.com\/wp-content\/uploads\/2023\/08\/magnesia-brick-supplier.jpg\" alt=\"fournisseur de briques de magn\u00e9sie\" width=\"660\" height=\"495\" srcset=\"https:\/\/keruiref.com\/wp-content\/uploads\/2023\/08\/magnesia-brick-supplier.jpg 660w, https:\/\/keruiref.com\/wp-content\/uploads\/2023\/08\/magnesia-brick-supplier-300x225.jpg 300w\" sizes=\"auto, (max-width: 660px) 100vw, 660px\" \/><\/a><\/p>\n<div class=\"phot\">HOT<\/div>\n<\/div>\n<div class=\"rccr1\">\n<div class=\"rccr0\"><a href=\"https:\/\/keruiref.com\/fr\/magnesia-brick\/\" target=\"_blank\" rel=\"noopener\">Brique de magn\u00e9sie<\/a><\/div>\n<ul>\n<li>MgO% (\u2265) : 89-97.5<\/li>\n<li>Densit\u00e9 apparente (g\/cm\u00b3) : 2.85-3.0<\/li>\n<li>R\u00e9fractarit\u00e9 sous charge (\u2103) : 1500-1700<\/li>\n<li>R\u00e9sistance \u00e0 l'\u00e9crasement \u00e0 froid (MPa) : 45-60<\/li>\n<\/ul>\n<p><a class=\"iinruiry fancybox\" href=\"#contact_form_pop\">inruiry maintenant<\/a><a class=\"eemail-btn\" href=\"mailto:market@keruiref.com\">envoyer un courriel<\/a><\/p>\n<\/div>\n<\/div>\n<\/div>\n<\/div>\n<div class='content-column one_third'>\n<div style=\"padding-right:20px;\">\n<div class=\"rccr\">\n<div class=\"hotpic\">\n<p><a href=\"https:\/\/keruiref.com\/fr\/brique-de-magnesie-fondue\/\" target=\"_blank\" rel=\"noopener\"><img loading=\"lazy\" decoding=\"async\" class=\"alignnone wp-image-83929 size-full\" src=\"https:\/\/keruiref.com\/wp-content\/uploads\/2025\/02\/Magnesia-Brick.webp\" alt=\"Brique de magn\u00e9sie\" width=\"660\" height=\"495\" srcset=\"https:\/\/keruiref.com\/wp-content\/uploads\/2025\/02\/Magnesia-Brick.webp 660w, https:\/\/keruiref.com\/wp-content\/uploads\/2025\/02\/Magnesia-Brick-300x225.webp 300w\" sizes=\"auto, (max-width: 660px) 100vw, 660px\" \/><\/a><\/p>\n<div class=\"phot\">HOT<\/div>\n<\/div>\n<div class=\"rccr1\">\n<div class=\"rccr0\"><a href=\"https:\/\/keruiref.com\/fr\/brique-de-magnesie-fondue\/\" target=\"_blank\" rel=\"noopener\">Brique de magn\u00e9sie fondue<\/a><\/div>\n<ul>\n<li>MgO Composition chimique :\u226595 \uff05 ;<\/li>\n<li>Porosit\u00e9 apparente :\u226418 \uff05 ;<\/li>\n<li>R\u00e9sistance \u00e0 l'\u00e9crasement \u00e0 froid :\u226555 Mpa ;<\/li>\n<li>Stabilit\u00e9 thermique 950\u2103 Cycles de vent:\u226515 ;<\/li>\n<\/ul>\n<p><a class=\"iinruiry fancybox\" href=\"#contact_form_pop\">inruiry maintenant<\/a><a class=\"eemail-btn\" href=\"mailto:market@keruiref.com\">envoyer un courriel<\/a><\/p>\n<\/div>\n<\/div>\n<\/div>\n<\/div>\n<div class='content-column one_third last_column'>\n<div style=\"padding-right:20px;\">\n<div class=\"rccr\">\n<div class=\"hotpic\">\n<p><a href=\"https:\/\/keruiref.com\/fr\/magnesia-carbon-brick\/\" target=\"_blank\" rel=\"noopener\"><img loading=\"lazy\" decoding=\"async\" class=\"alignnone wp-image-2796 size-full\" src=\"https:\/\/keruiref.com\/wp-content\/uploads\/2023\/08\/Magnesia-Carbon-Brick-price.jpg\" alt=\"Prix des briques de carbone magn\u00e9sien\" width=\"660\" height=\"495\" srcset=\"https:\/\/keruiref.com\/wp-content\/uploads\/2023\/08\/Magnesia-Carbon-Brick-price.jpg 660w, https:\/\/keruiref.com\/wp-content\/uploads\/2023\/08\/Magnesia-Carbon-Brick-price-300x225.jpg 300w\" sizes=\"auto, (max-width: 660px) 100vw, 660px\" \/><\/a><\/p>\n<div class=\"phot\">HOT<\/div>\n<\/div>\n<div class=\"rccr1\">\n<div class=\"rccr0\"><a href=\"https:\/\/keruiref.com\/fr\/magnesia-carbon-brick\/\" target=\"_blank\" rel=\"noopener\">Brique de carbone magn\u00e9sien<\/a><\/div>\n<ul>\n<li>MgO% : 69-85<\/li>\n<li>C% : 5-18<\/li>\n<li>Densit\u00e9 apparente (g\/cm\u00b3) : 2.79-3.05<\/li>\n<li>R\u00e9sistance \u00e0 l'\u00e9crasement \u00e0 froid (MPa) : 30-50<\/li>\n<\/ul>\n<p><a class=\"iinruiry fancybox\" href=\"#contact_form_pop\">inruiry maintenant<\/a><a class=\"eemail-btn\" href=\"mailto:market@keruiref.com\">envoyer un courriel<\/a><\/p>\n<\/div>\n<\/div>\n<\/div>\n<\/div>\n<div class='clear_column'><\/div>\n<div class='content-column one_third'>\n<div style=\"padding-right:20px;\">\n<div class=\"rccr\">\n<div class=\"hotpic\">\n<p><a href=\"https:\/\/keruiref.com\/fr\/magnesia-chrome-brick\/\" target=\"_blank\" rel=\"noopener\"><img loading=\"lazy\" decoding=\"async\" class=\"alignnone wp-image-8068 size-full\" src=\"https:\/\/keruiref.com\/wp-content\/uploads\/2023\/08\/magnesia-chrome-brick-manufacturer.jpg\" alt=\"fabricant de briques de magn\u00e9sie et de chrome\" width=\"660\" height=\"495\" srcset=\"https:\/\/keruiref.com\/wp-content\/uploads\/2023\/08\/magnesia-chrome-brick-manufacturer.jpg 660w, https:\/\/keruiref.com\/wp-content\/uploads\/2023\/08\/magnesia-chrome-brick-manufacturer-300x225.jpg 300w\" sizes=\"auto, (max-width: 660px) 100vw, 660px\" \/><\/a><\/p>\n<div class=\"phot\">HOT<\/div>\n<\/div>\n<div class=\"rccr1\">\n<div class=\"rccr0\"><a href=\"https:\/\/keruiref.com\/fr\/magnesia-chrome-brick\/\" target=\"_blank\" rel=\"noopener\">Brique de magn\u00e9sie chrom\u00e9e<\/a><\/div>\n<ul>\n<li>MgO%(\u2265) : 45-65<\/li>\n<li>Cr2O3%(\u2265) : 8-16<\/li>\n<li>Porosit\u00e9 apparente\/%(\u2264) : 19-21<\/li>\n<li>R\u00e9sistance \u00e0 l'\u00e9crasement \u00e0 froid (MPa) : 20-35<\/li>\n<\/ul>\n<p><a class=\"iinruiry fancybox\" href=\"#contact_form_pop\">inruiry maintenant<\/a><a class=\"eemail-btn\" href=\"mailto:market@keruiref.com\">envoyer un courriel<\/a><\/p>\n<\/div>\n<\/div>\n<\/div>\n<\/div>\n<div class='content-column one_third'>\n<div style=\"padding-right:20px;\">\n<div class=\"rccr\">\n<div class=\"hotpic\">\n<p><a href=\"https:\/\/keruiref.com\/fr\/brique-de-magnesie-et-de-zircone\/\" target=\"_blank\" rel=\"noopener\"><img loading=\"lazy\" decoding=\"async\" class=\"alignnone wp-image-84069 size-full\" src=\"https:\/\/keruiref.com\/wp-content\/uploads\/2025\/02\/Magnesia-Zirconia-Brick.webp\" alt=\"\" width=\"660\" height=\"495\" srcset=\"https:\/\/keruiref.com\/wp-content\/uploads\/2025\/02\/Magnesia-Zirconia-Brick.webp 660w, https:\/\/keruiref.com\/wp-content\/uploads\/2025\/02\/Magnesia-Zirconia-Brick-300x225.webp 300w\" sizes=\"auto, (max-width: 660px) 100vw, 660px\" \/><\/a><\/p>\n<div class=\"phot\">HOT<\/div>\n<\/div>\n<div class=\"rccr1\">\n<div class=\"rccr0\"><a href=\"https:\/\/keruiref.com\/fr\/brique-de-magnesie-et-de-zircone\/\" target=\"_blank\" rel=\"noopener\">Brique de magn\u00e9sie et de zircone<\/a><\/div>\n<ul>\n<li>MgO% \u2265\uff1a70\/75\/80 ZrO2 %\u2265\uff1a8\/10\/13 ;<\/li>\n<li>Porosit\u00e9 apparente%\u2264\uff1a19 ;<\/li>\n<li>Densit\u00e9 apparente (g\/cm3)\u2265\uff1a2,95 ;<\/li>\n<li>R\u00e9fractarit\u00e9 sous charge:\u22651600 \u00b0C<\/li>\n<\/ul>\n<p><a class=\"iinruiry fancybox\" href=\"#contact_form_pop\">inruiry maintenant<\/a><a class=\"eemail-btn\" href=\"mailto:market@keruiref.com\">envoyer un courriel<\/a><\/p>\n<\/div>\n<\/div>\n<\/div>\n<\/div>\n<div class='content-column one_third last_column'>\n<div style=\"padding-right:20px;\">\n<div class=\"rccr\">\n<div class=\"hotpic\">\n<p><a href=\"https:\/\/keruiref.com\/fr\/brique-de-dolomie\/\" target=\"_blank\" rel=\"noopener\"><img loading=\"lazy\" decoding=\"async\" class=\"alignnone size-full wp-image-84472\" src=\"https:\/\/keruiref.com\/wp-content\/uploads\/2025\/02\/KERUI-Dolomite-Brick_1.webp\" alt=\"\" width=\"660\" height=\"495\" srcset=\"https:\/\/keruiref.com\/wp-content\/uploads\/2025\/02\/KERUI-Dolomite-Brick_1.webp 660w, https:\/\/keruiref.com\/wp-content\/uploads\/2025\/02\/KERUI-Dolomite-Brick_1-300x225.webp 300w\" sizes=\"auto, (max-width: 660px) 100vw, 660px\" \/><\/a><\/p>\n<div class=\"phot\">HOT<\/div>\n<\/div>\n<div class=\"rccr1\">\n<div class=\"rccr0\"><a href=\"https:\/\/keruiref.com\/fr\/brique-de-dolomie\/\" target=\"_blank\" rel=\"noopener\">Dolomite Brick(Mag-calcium Brick)<\/a><\/div>\n<ul>\n<li>MgO+CaO% (\u2265)\uff1a92-94 ;<\/li>\n<li>CaO% (\u2265)\uff1a18-48 ;<\/li>\n<li>Porosit\u00e9 apparente(%)\uff1a15.0 ;<\/li>\n<li>R\u00e9sistance \u00e0 l'\u00e9crasement \u00e0 froid (MPa)\uff1a60 ;<\/li>\n<\/ul>\n<p><a class=\"iinruiry fancybox\" href=\"#contact_form_pop\">inruiry maintenant<\/a><a class=\"eemail-btn\" href=\"mailto:market@keruiref.com\">envoyer un courriel<\/a><\/p>\n<\/div>\n<\/div>\n<\/div>\n<\/div>\n<div class='clear_column'><\/div>\n<div class=\"wpcf7 no-js\" id=\"wpcf7-f328-o1\" lang=\"en-US\" dir=\"ltr\" data-wpcf7-id=\"328\">\n<div class=\"screen-reader-response\">\n<p role=\"status\" aria-live=\"polite\" aria-atomic=\"true\">\n<ul><\/ul>\n<\/div>\n<form action=\"\/fr\/wp-json\/wp\/v2\/pages\/84259#wpcf7-f328-o1\" method=\"post\" class=\"wpcf7-form init\" aria-label=\"Formulaire de contact\" novalidate=\"novalidate\" data-status=\"init\" data-trp-original-action=\"\/fr\/wp-json\/wp\/v2\/pages\/84259#wpcf7-f328-o1\">\n<div style=\"display: none;\">\n<input type=\"hidden\" name=\"_wpcf7\" value=\"328\" \/><br \/>\n<input type=\"hidden\" name=\"_wpcf7_version\" value=\"6.0.4\" \/><br \/>\n<input type=\"hidden\" name=\"_wpcf7_locale\" value=\"en_US\" \/><br \/>\n<input type=\"hidden\" name=\"_wpcf7_unit_tag\" value=\"wpcf7-f328-o1\" \/><br \/>\n<input type=\"hidden\" name=\"_wpcf7_container_post\" value=\"0\" \/><br \/>\n<input type=\"hidden\" name=\"_wpcf7_posted_data_hash\" value=\"\" \/><br \/>\n<input type=\"hidden\" name=\"_wpcf7_recaptcha_response\" value=\"\" \/>\n<\/div>\n<div class=\"form-box\" id=\"Contact-Us\">\n<div class=\"isleft\">\n<div class=\"contact-title\">\n<p>Nous contacter\n\t\t\t<\/p>\n<\/p><\/div>\n<div class=\"contactp\">\n<p>N'h\u00e9sitez pas \u00e0 nous faire part de votre demande en remplissant le formulaire pr\u00e9vu \u00e0 cet effet. Nous vous r\u00e9pondrons dans les 6 heures.\n\t\t\t<\/p>\n<\/p><\/div>\n<ul class=\"contact\">\n<li class=\"email\">\n<p><img decoding=\"async\" src=\"https:\/\/keruiref.com\/wp-content\/uploads\/2023\/12\/email.png\" alt=\"\" \/>Courriel :\n\t\t\t\t<\/p>\n<p><a href=\"mailto:market@keruiref.com\">market@keruiref.com<\/a>\n\t\t\t\t<\/p>\n<\/li>\n<li class=\"phone\">\n<p><img decoding=\"async\" src=\"https:\/\/keruiref.com\/wp-content\/uploads\/2023\/12\/tel.png\" alt=\"\" \/>T\u00e9l\u00e9phone\/whatsapp :\n\t\t\t\t<\/p>\n<p><a href=\"https:\/\/wa.me\/8619138178880\">+86 19138178880<\/a>\n\t\t\t\t<\/p>\n<\/li>\n<li class=\"location\">\n<p><img decoding=\"async\" src=\"https:\/\/keruiref.com\/wp-content\/uploads\/2023\/12\/Location.png\" alt=\"\" \/>Base de fabrication :\n\t\t\t\t<\/p>\n<p>Zone d'industrie r\u00e9fractaire de Chaohua,<br \/>\nVille de Xinmi, province du Henan, Chine\n\t\t\t\t<\/p>\n<\/li>\n<\/ul><\/div>\n<div class=\"isright\">\n<ul class=\"contact-input\">\n<li>\n<div class=\"islabel\">\n<p>* Nom :\n\t\t\t\t\t<\/p>\n<\/p><\/div>\n<p><span class=\"wpcf7-form-control-wrap\" data-name=\"your-name\"><input size=\"40\" maxlength=\"400\" class=\"wpcf7-form-control wpcf7-text wpcf7-validates-as-required\" aria-required=\"true\" aria-invalid=\"false\" placeholder=\"\" value=\"\" type=\"text\" name=\"your-name\" \/><\/span>\n\t\t\t\t<\/p>\n<\/li>\n<li>\n<div class=\"islabel\">\n<p>* Email :\n\t\t\t\t\t<\/p>\n<\/p><\/div>\n<p><span class=\"wpcf7-form-control-wrap\" data-name=\"your-email\"><input size=\"40\" maxlength=\"400\" class=\"wpcf7-form-control wpcf7-email wpcf7-validates-as-required wpcf7-text wpcf7-validates-as-email\" aria-required=\"true\" aria-invalid=\"false\" placeholder=\"\" value=\"\" type=\"email\" name=\"your-email\" \/><\/span>\n\t\t\t\t<\/p>\n<\/li>\n<li>\n<div class=\"islabel\">\n<p>* T\u00e9l\u00e9phone\/Appel :\n\t\t\t\t\t<\/p>\n<\/p><\/div>\n<p><span class=\"wpcf7-form-control-wrap\" data-name=\"your-phone\"><input size=\"40\" maxlength=\"400\" class=\"wpcf7-form-control wpcf7-tel wpcf7-text wpcf7-validates-as-tel\" aria-invalid=\"false\" placeholder=\"\" value=\"\" type=\"tel\" name=\"your-phone\" \/><\/span>\n\t\t\t\t<\/p>\n<\/li>\n<li>\n<div class=\"islabel\">\n<p>Pays :\n\t\t\t\t\t<\/p>\n<\/p><\/div>\n<p><span class=\"wpcf7-form-control-wrap\" data-name=\"your-country\"><input size=\"40\" maxlength=\"400\" class=\"wpcf7-form-control wpcf7-text\" aria-invalid=\"false\" placeholder=\"\" value=\"\" type=\"text\" name=\"your-country\" \/><\/span>\n\t\t\t\t<\/p>\n<\/li>\n<li class=\"ismassage\">\n<div class=\"islabel\">\n<p>* Message :\n\t\t\t\t\t<\/p>\n<\/p><\/div>\n<p><span class=\"wpcf7-form-control-wrap\" data-name=\"your-msg\"><textarea cols=\"40\" rows=\"10\" maxlength=\"2000\" class=\"wpcf7-form-control wpcf7-textarea wpcf7-validates-as-required\" aria-required=\"true\" aria-invalid=\"false\" name=\"your-msg\"><\/textarea><\/span>\n\t\t\t\t<\/p>\n<\/li>\n<li class=\"wpcf7-btns-box\">\n<div class=\"isFileName\">\n\t\t\t\t<\/div>\n<div class=\"wpcf7-btns\">\n<p><input class=\"wpcf7-form-control wpcf7-submit has-spinner\" type=\"submit\" value=\"ENVOYER\" \/>\n\t\t\t\t\t<\/p>\n<\/p><\/div>\n<\/li>\n<\/ul><\/div>\n<\/div>\n<div class=\"wpcf7-response-output\" aria-hidden=\"true\"><\/div>\n<input type=\"hidden\" name=\"trp-form-language\" value=\"fr\"\/><\/form>\n<\/div>","protected":false},"excerpt":{"rendered":"Kerui Refractory produces and supplies different types of magnesia bricks, including fused magnesia bricks, sintered magnesia bricks, magnesia carbon bricks, magnesia spinel bricks, magnesia chrome bricks, magnesia zirconium bricks, magnesia calcium bricks (dolomite bricks), etc. In addition, we also supply sintered magnesia and fused magnesia. &#8230; <a title=\"Briques de magn\u00e9sium\" class=\"read-more\" href=\"https:\/\/keruiref.com\/fr\/magnesium-bricks\/\" aria-label=\"More on Magnesium Bricks\">Lire la suite<\/a>","protected":false},"author":1,"featured_media":0,"parent":0,"menu_order":0,"comment_status":"closed","ping_status":"closed","template":"","meta":{"footnotes":""},"class_list":{"0":"post-84259","1":"page","2":"type-page","3":"status-publish","5":"no-featured-image-padding"},"yoast_head":"<!-- This site is optimized with the Yoast SEO plugin v24.9 - https:\/\/yoast.com\/wordpress\/plugins\/seo\/ -->\n<title>Magnesium Bricks - Your Refractory Bricks, Castables Manufacturer For Kiln | Kerui Refractory\u00ae Official Website<\/title>\n<meta name=\"description\" content=\"Magnesia bricks are made of magnesia sand and sintered. They have high refractoriness and are resistant to alkaline slag erosion. They are used in high-temperature kilns.\" \/>\n<meta name=\"robots\" content=\"index, follow, max-snippet:-1, max-image-preview:large, max-video-preview:-1\" \/>\n<link rel=\"canonical\" href=\"https:\/\/keruiref.com\/fr\/magnesium-bricks\/\" \/>\n<script type=\"application\/ld+json\" class=\"yoast-schema-graph\">{\"@context\":\"https:\/\/schema.org\",\"@graph\":[{\"@type\":\"WebPage\",\"@id\":\"https:\/\/keruiref.com\/magnesium-bricks\/\",\"url\":\"https:\/\/keruiref.com\/magnesium-bricks\/\",\"name\":\"Magnesium Bricks - Your Refractory Bricks, Castables Manufacturer For Kiln | Kerui Refractory\u00ae Official Website\",\"isPartOf\":{\"@id\":\"https:\/\/keruiref.com\/el\/#website\"},\"primaryImageOfPage\":{\"@id\":\"https:\/\/keruiref.com\/magnesium-bricks\/#primaryimage\"},\"image\":{\"@id\":\"https:\/\/keruiref.com\/magnesium-bricks\/#primaryimage\"},\"thumbnailUrl\":\"https:\/\/keruiref.com\/wp-content\/uploads\/2023\/08\/magnesia-brick-supplier.jpg\",\"datePublished\":\"2025-02-25T02:21:18+00:00\",\"dateModified\":\"2025-06-18T09:04:28+00:00\",\"description\":\"Magnesia bricks are made of magnesia sand and sintered. They have high refractoriness and are resistant to alkaline slag erosion. They are used in high-temperature kilns.\",\"breadcrumb\":{\"@id\":\"https:\/\/keruiref.com\/magnesium-bricks\/#breadcrumb\"},\"inLanguage\":\"fr-FR\",\"potentialAction\":[{\"@type\":\"ReadAction\",\"target\":[\"https:\/\/keruiref.com\/magnesium-bricks\/\"]}]},{\"@type\":\"ImageObject\",\"inLanguage\":\"fr-FR\",\"@id\":\"https:\/\/keruiref.com\/magnesium-bricks\/#primaryimage\",\"url\":\"https:\/\/keruiref.com\/wp-content\/uploads\/2023\/08\/magnesia-brick-supplier.jpg\",\"contentUrl\":\"https:\/\/keruiref.com\/wp-content\/uploads\/2023\/08\/magnesia-brick-supplier.jpg\"},{\"@type\":\"BreadcrumbList\",\"@id\":\"https:\/\/keruiref.com\/magnesium-bricks\/#breadcrumb\",\"itemListElement\":[{\"@type\":\"ListItem\",\"position\":1,\"name\":\"Home\",\"item\":\"https:\/\/keruiref.com\/\"},{\"@type\":\"ListItem\",\"position\":2,\"name\":\"Magnesium Bricks\"}]},{\"@type\":\"WebSite\",\"@id\":\"https:\/\/keruiref.com\/el\/#website\",\"url\":\"https:\/\/keruiref.com\/el\/\",\"name\":\"Your Refractory Bricks, Castables Manufacturer For Kiln | Kerui Refractory\u00ae Official Website\",\"description\":\"\",\"publisher\":{\"@id\":\"https:\/\/keruiref.com\/el\/#organization\"},\"potentialAction\":[{\"@type\":\"SearchAction\",\"target\":{\"@type\":\"EntryPoint\",\"urlTemplate\":\"https:\/\/keruiref.com\/el\/?s={search_term_string}\"},\"query-input\":{\"@type\":\"PropertyValueSpecification\",\"valueRequired\":true,\"valueName\":\"search_term_string\"}}],\"inLanguage\":\"fr-FR\"},{\"@type\":\"Organization\",\"@id\":\"https:\/\/keruiref.com\/el\/#organization\",\"name\":\"Your Refractory Bricks, Castables Manufacturer For Kiln | Kerui Refractory\u00ae Official Website\",\"url\":\"https:\/\/keruiref.com\/el\/\",\"logo\":{\"@type\":\"ImageObject\",\"inLanguage\":\"fr-FR\",\"@id\":\"https:\/\/keruiref.com\/el\/#\/schema\/logo\/image\/\",\"url\":\"https:\/\/keruiref.com\/wp-content\/uploads\/2024\/01\/footer-Logo.png\",\"contentUrl\":\"https:\/\/keruiref.com\/wp-content\/uploads\/2024\/01\/footer-Logo.png\",\"width\":282,\"height\":70,\"caption\":\"Your Refractory Bricks, Castables Manufacturer For Kiln | Kerui Refractory\u00ae Official Website\"},\"image\":{\"@id\":\"https:\/\/keruiref.com\/el\/#\/schema\/logo\/image\/\"}}]}<\/script>\n<!-- \/ Yoast SEO plugin. -->","yoast_head_json":{"title":"Magnesium Bricks - Your Refractory Bricks, Castables Manufacturer For Kiln | Kerui Refractory\u00ae Official Website","description":"Magnesia bricks are made of magnesia sand and sintered. They have high refractoriness and are resistant to alkaline slag erosion. They are used in high-temperature kilns.","robots":{"index":"index","follow":"follow","max-snippet":"max-snippet:-1","max-image-preview":"max-image-preview:large","max-video-preview":"max-video-preview:-1"},"canonical":"https:\/\/keruiref.com\/fr\/magnesium-bricks\/","schema":{"@context":"https:\/\/schema.org","@graph":[{"@type":"WebPage","@id":"https:\/\/keruiref.com\/magnesium-bricks\/","url":"https:\/\/keruiref.com\/magnesium-bricks\/","name":"Magnesium Bricks - Your Refractory Bricks, Castables Manufacturer For Kiln | Kerui Refractory\u00ae Official Website","isPartOf":{"@id":"https:\/\/keruiref.com\/el\/#website"},"primaryImageOfPage":{"@id":"https:\/\/keruiref.com\/magnesium-bricks\/#primaryimage"},"image":{"@id":"https:\/\/keruiref.com\/magnesium-bricks\/#primaryimage"},"thumbnailUrl":"https:\/\/keruiref.com\/wp-content\/uploads\/2023\/08\/magnesia-brick-supplier.jpg","datePublished":"2025-02-25T02:21:18+00:00","dateModified":"2025-06-18T09:04:28+00:00","description":"Magnesia bricks are made of magnesia sand and sintered. They have high refractoriness and are resistant to alkaline slag erosion. They are used in high-temperature kilns.","breadcrumb":{"@id":"https:\/\/keruiref.com\/magnesium-bricks\/#breadcrumb"},"inLanguage":"fr-FR","potentialAction":[{"@type":"ReadAction","target":["https:\/\/keruiref.com\/magnesium-bricks\/"]}]},{"@type":"ImageObject","inLanguage":"fr-FR","@id":"https:\/\/keruiref.com\/magnesium-bricks\/#primaryimage","url":"https:\/\/keruiref.com\/wp-content\/uploads\/2023\/08\/magnesia-brick-supplier.jpg","contentUrl":"https:\/\/keruiref.com\/wp-content\/uploads\/2023\/08\/magnesia-brick-supplier.jpg"},{"@type":"BreadcrumbList","@id":"https:\/\/keruiref.com\/magnesium-bricks\/#breadcrumb","itemListElement":[{"@type":"ListItem","position":1,"name":"Home","item":"https:\/\/keruiref.com\/"},{"@type":"ListItem","position":2,"name":"Magnesium Bricks"}]},{"@type":"WebSite","@id":"https:\/\/keruiref.com\/el\/#website","url":"https:\/\/keruiref.com\/el\/","name":"Votre fabricant de briques r\u00e9fractaires et de produits coul\u00e9s pour le four Kerui Refractory\u00ae Site officiel","description":"","publisher":{"@id":"https:\/\/keruiref.com\/el\/#organization"},"potentialAction":[{"@type":"SearchAction","target":{"@type":"EntryPoint","urlTemplate":"https:\/\/keruiref.com\/el\/?s={search_term_string}"},"query-input":{"@type":"PropertyValueSpecification","valueRequired":true,"valueName":"search_term_string"}}],"inLanguage":"fr-FR"},{"@type":"Organization","@id":"https:\/\/keruiref.com\/el\/#organization","name":"Votre fabricant de briques r\u00e9fractaires et de produits coul\u00e9s pour le four Kerui Refractory\u00ae Site officiel","url":"https:\/\/keruiref.com\/el\/","logo":{"@type":"ImageObject","inLanguage":"fr-FR","@id":"https:\/\/keruiref.com\/el\/#\/schema\/logo\/image\/","url":"https:\/\/keruiref.com\/wp-content\/uploads\/2024\/01\/footer-Logo.png","contentUrl":"https:\/\/keruiref.com\/wp-content\/uploads\/2024\/01\/footer-Logo.png","width":282,"height":70,"caption":"Your Refractory Bricks, Castables Manufacturer For Kiln | Kerui Refractory\u00ae Official Website"},"image":{"@id":"https:\/\/keruiref.com\/el\/#\/schema\/logo\/image\/"}}]}},"_links":{"self":[{"href":"https:\/\/keruiref.com\/fr\/wp-json\/wp\/v2\/pages\/84259","targetHints":{"allow":["GET"]}}],"collection":[{"href":"https:\/\/keruiref.com\/fr\/wp-json\/wp\/v2\/pages"}],"about":[{"href":"https:\/\/keruiref.com\/fr\/wp-json\/wp\/v2\/types\/page"}],"author":[{"embeddable":true,"href":"https:\/\/keruiref.com\/fr\/wp-json\/wp\/v2\/users\/1"}],"replies":[{"embeddable":true,"href":"https:\/\/keruiref.com\/fr\/wp-json\/wp\/v2\/comments?post=84259"}],"version-history":[{"count":0,"href":"https:\/\/keruiref.com\/fr\/wp-json\/wp\/v2\/pages\/84259\/revisions"}],"wp:attachment":[{"href":"https:\/\/keruiref.com\/fr\/wp-json\/wp\/v2\/media?parent=84259"}],"curies":[{"name":"wp","href":"https:\/\/api.w.org\/{rel}","templated":true}]}}