{"id":84090,"date":"2025-02-21T16:51:50","date_gmt":"2025-02-21T08:51:50","guid":{"rendered":"https:\/\/keruiref.com\/?page_id=84090"},"modified":"2025-05-20T16:53:32","modified_gmt":"2025-05-20T08:53:32","slug":"fonte-resistante-a-lacide","status":"publish","type":"page","link":"https:\/\/keruiref.com\/fr\/fonte-resistante-a-lacide\/","title":{"rendered":"Fonte r\u00e9sistante aux acides"},"content":{"rendered":"<div class=\"page_model product_info\">\n<div class=\"preview\"><img loading=\"lazy\" decoding=\"async\" class=\"alignnone wp-image-84213 size-full\" src=\"https:\/\/keruiref.com\/wp-content\/uploads\/2025\/02\/Acid-Resistant-Castable.webp\" alt=\"\" width=\"660\" height=\"495\" srcset=\"https:\/\/keruiref.com\/wp-content\/uploads\/2025\/02\/Acid-Resistant-Castable.webp 660w, https:\/\/keruiref.com\/wp-content\/uploads\/2025\/02\/Acid-Resistant-Castable-300x225.webp 300w\" sizes=\"auto, (max-width: 660px) 100vw, 660px\" \/><\/div>\n<div class=\"info\">\n<h1>Fonte r\u00e9sistante aux acides<\/h1>\n<ul>\n<li>SiO2% (\u2265) : 45-52<\/li>\n<li>Densit\u00e9 apparente (g\/cm\u00b3) : 1.6-2<\/li>\n<li>R\u00e9sistance \u00e0 l'acide% (\u2265) : 95<\/li>\n<li>R\u00e9sistance \u00e0 l'\u00e9crasement \u00e0 froid (MPa) : 5-10<\/li>\n<li>Certification : ISO9001\/ISO14001\/ISO45001\/ISO50001<\/li>\n<li>\u00c9chantillon : l'essai de l'\u00e9chantillon est disponible<\/li>\n<\/ul>\n<div class=\"tags\">\n<p>Haute qualit\u00e9<\/p>\n<p>Prix raisonnable<\/p>\n<p>Produits et solutions personnalisables<\/p>\n<p>Livraison en temps voulu<\/p>\n<p>7\/24\/365 A votre service<\/p>\n<\/div>\n<p><a class=\"inruiry fancybox\" href=\"#contact_form_pop\">Demande de renseignements<\/a><a class=\"email-btn\" href=\"mailto:market@keruiref.com\">envoyer un courriel<\/a><\/p>\n<\/div>\n<\/div>\n<ul class=\"anchor\">\n<li><a href=\"#PRODUCTDESCRIPTION\">DESCRIPTION DU PRODUIT<\/a><\/li>\n<li><a href=\"#TechniqueData\">Donn\u00e9es techniques<\/a><\/li>\n<li><a href=\"#INQUIRY\">DEMANDE DE RENSEIGNEMENTS<\/a><\/li>\n<li><a href=\"#RELATEDPRODUCTS\">PRODUITS APPARENT\u00c9S<\/a><\/li>\n<\/ul>\n<div class=\"page_model\">\n<h2 id=\"PRODUCTDESCRIPTION\">Description de la fonte r\u00e9sistante aux acides<\/h2>\n<p>Les produits moul\u00e9s r\u00e9sistants aux acides sont des mat\u00e9riaux r\u00e9fractaires principalement utilis\u00e9s dans les fours industriels et autres \u00e9quipements expos\u00e9s \u00e0 des environnements acides. Elles sont compos\u00e9es d'agr\u00e9gats, de liants et d'additifs r\u00e9sistants aux acides et poss\u00e8dent une excellente r\u00e9sistance aux acides, aux temp\u00e9ratures \u00e9lev\u00e9es et \u00e0 la m\u00e9canique.<\/p>\n<div class='content-column one_third'>\n<div style=\"padding-right:20PX;\"><img loading=\"lazy\" decoding=\"async\" class=\"alignnone wp-image-84214 size-full\" src=\"https:\/\/keruiref.com\/wp-content\/uploads\/2025\/02\/Acid-Resistant-Castable-01.webp\" alt=\"\" width=\"456\" height=\"310\" srcset=\"https:\/\/keruiref.com\/wp-content\/uploads\/2025\/02\/Acid-Resistant-Castable-01.webp 456w, https:\/\/keruiref.com\/wp-content\/uploads\/2025\/02\/Acid-Resistant-Castable-01-300x204.webp 300w\" sizes=\"auto, (max-width: 456px) 100vw, 456px\" \/><\/div>\n<\/div>\n<div class='content-column one_third'>\n<div style=\"padding-right:20PX;\"><img loading=\"lazy\" decoding=\"async\" class=\"alignnone wp-image-84215 size-full\" src=\"https:\/\/keruiref.com\/wp-content\/uploads\/2025\/02\/Acid-Resistant-Castable-02.webp\" alt=\"\" width=\"456\" height=\"310\" srcset=\"https:\/\/keruiref.com\/wp-content\/uploads\/2025\/02\/Acid-Resistant-Castable-02.webp 456w, https:\/\/keruiref.com\/wp-content\/uploads\/2025\/02\/Acid-Resistant-Castable-02-300x204.webp 300w\" sizes=\"auto, (max-width: 456px) 100vw, 456px\" \/><\/div>\n<\/div>\n<div class='content-column one_third last_column'>\n<div style=\"padding-right:20PX;\"><img loading=\"lazy\" decoding=\"async\" class=\"alignnone wp-image-84216 size-full\" src=\"https:\/\/keruiref.com\/wp-content\/uploads\/2025\/02\/Acid-Resistant-Castable-03.webp\" alt=\"\" width=\"456\" height=\"310\" srcset=\"https:\/\/keruiref.com\/wp-content\/uploads\/2025\/02\/Acid-Resistant-Castable-03.webp 456w, https:\/\/keruiref.com\/wp-content\/uploads\/2025\/02\/Acid-Resistant-Castable-03-300x204.webp 300w\" sizes=\"auto, (max-width: 456px) 100vw, 456px\" \/><\/div>\n<\/div>\n<div class='clear_column'><\/div>\n<p><center><a class=\"fancybox price\" href=\"#contact_form_pop\">OBTENIR LE PRIX<\/a><\/center><\/p>\n<div class=\"fancybox-hidden\" style=\"display: none;\">\n<div id=\"contact_form_pop\">\n<div class=\"wpcf7 no-js\" id=\"wpcf7-f328-o1\" lang=\"en-US\" dir=\"ltr\" data-wpcf7-id=\"328\">\n<div class=\"screen-reader-response\">\n<p role=\"status\" aria-live=\"polite\" aria-atomic=\"true\">\n<ul><\/ul>\n<\/div>\n<form action=\"\/fr\/wp-json\/wp\/v2\/pages\/84090#wpcf7-f328-o1\" method=\"post\" class=\"wpcf7-form init\" aria-label=\"Formulaire de contact\" novalidate=\"novalidate\" data-status=\"init\" data-trp-original-action=\"\/fr\/wp-json\/wp\/v2\/pages\/84090#wpcf7-f328-o1\">\n<div style=\"display: none;\">\n<input type=\"hidden\" name=\"_wpcf7\" value=\"328\" \/><br \/>\n<input type=\"hidden\" name=\"_wpcf7_version\" value=\"6.0.4\" \/><br \/>\n<input type=\"hidden\" name=\"_wpcf7_locale\" value=\"en_US\" \/><br \/>\n<input type=\"hidden\" name=\"_wpcf7_unit_tag\" value=\"wpcf7-f328-o1\" \/><br \/>\n<input type=\"hidden\" name=\"_wpcf7_container_post\" value=\"0\" \/><br \/>\n<input type=\"hidden\" name=\"_wpcf7_posted_data_hash\" value=\"\" \/><br \/>\n<input type=\"hidden\" name=\"_wpcf7_recaptcha_response\" value=\"\" \/>\n<\/div>\n<div class=\"form-box\" id=\"Contact-Us\">\n<div class=\"isleft\">\n<div class=\"contact-title\">\n<p>Nous contacter\n\t\t\t<\/p>\n<\/p><\/div>\n<div class=\"contactp\">\n<p>N'h\u00e9sitez pas \u00e0 nous faire part de votre demande en remplissant le formulaire pr\u00e9vu \u00e0 cet effet. Nous vous r\u00e9pondrons dans les 6 heures.\n\t\t\t<\/p>\n<\/p><\/div>\n<ul class=\"contact\">\n<li class=\"email\">\n<p><img decoding=\"async\" src=\"https:\/\/keruiref.com\/wp-content\/uploads\/2023\/12\/email.png\" alt=\"\" \/>Courriel :\n\t\t\t\t<\/p>\n<p><a href=\"mailto:market@keruiref.com\">market@keruiref.com<\/a>\n\t\t\t\t<\/p>\n<\/li>\n<li class=\"phone\">\n<p><img decoding=\"async\" src=\"https:\/\/keruiref.com\/wp-content\/uploads\/2023\/12\/tel.png\" alt=\"\" \/>T\u00e9l\u00e9phone\/whatsapp :\n\t\t\t\t<\/p>\n<p><a href=\"https:\/\/wa.me\/8619138178880\">+86 19138178880<\/a>\n\t\t\t\t<\/p>\n<\/li>\n<li class=\"location\">\n<p><img decoding=\"async\" src=\"https:\/\/keruiref.com\/wp-content\/uploads\/2023\/12\/Location.png\" alt=\"\" \/>Base de fabrication :\n\t\t\t\t<\/p>\n<p>Zone d'industrie r\u00e9fractaire de Chaohua,<br \/>\nVille de Xinmi, province du Henan, Chine\n\t\t\t\t<\/p>\n<\/li>\n<\/ul><\/div>\n<div class=\"isright\">\n<ul class=\"contact-input\">\n<li>\n<div class=\"islabel\">\n<p>* Nom :\n\t\t\t\t\t<\/p>\n<\/p><\/div>\n<p><span class=\"wpcf7-form-control-wrap\" data-name=\"your-name\"><input size=\"40\" maxlength=\"400\" class=\"wpcf7-form-control wpcf7-text wpcf7-validates-as-required\" aria-required=\"true\" aria-invalid=\"false\" placeholder=\"\" value=\"\" type=\"text\" name=\"your-name\" \/><\/span>\n\t\t\t\t<\/p>\n<\/li>\n<li>\n<div class=\"islabel\">\n<p>* Email :\n\t\t\t\t\t<\/p>\n<\/p><\/div>\n<p><span class=\"wpcf7-form-control-wrap\" data-name=\"your-email\"><input size=\"40\" maxlength=\"400\" class=\"wpcf7-form-control wpcf7-email wpcf7-validates-as-required wpcf7-text wpcf7-validates-as-email\" aria-required=\"true\" aria-invalid=\"false\" placeholder=\"\" value=\"\" type=\"email\" name=\"your-email\" \/><\/span>\n\t\t\t\t<\/p>\n<\/li>\n<li>\n<div class=\"islabel\">\n<p>* T\u00e9l\u00e9phone\/Appel :\n\t\t\t\t\t<\/p>\n<\/p><\/div>\n<p><span class=\"wpcf7-form-control-wrap\" data-name=\"your-phone\"><input size=\"40\" maxlength=\"400\" class=\"wpcf7-form-control wpcf7-tel wpcf7-text wpcf7-validates-as-tel\" aria-invalid=\"false\" placeholder=\"\" value=\"\" type=\"tel\" name=\"your-phone\" \/><\/span>\n\t\t\t\t<\/p>\n<\/li>\n<li>\n<div class=\"islabel\">\n<p>Pays :\n\t\t\t\t\t<\/p>\n<\/p><\/div>\n<p><span class=\"wpcf7-form-control-wrap\" data-name=\"your-country\"><input size=\"40\" maxlength=\"400\" class=\"wpcf7-form-control wpcf7-text\" aria-invalid=\"false\" placeholder=\"\" value=\"\" type=\"text\" name=\"your-country\" \/><\/span>\n\t\t\t\t<\/p>\n<\/li>\n<li class=\"ismassage\">\n<div class=\"islabel\">\n<p>* Message :\n\t\t\t\t\t<\/p>\n<\/p><\/div>\n<p><span class=\"wpcf7-form-control-wrap\" data-name=\"your-msg\"><textarea cols=\"40\" rows=\"10\" maxlength=\"2000\" class=\"wpcf7-form-control wpcf7-textarea wpcf7-validates-as-required\" aria-required=\"true\" aria-invalid=\"false\" name=\"your-msg\"><\/textarea><\/span>\n\t\t\t\t<\/p>\n<\/li>\n<li class=\"wpcf7-btns-box\">\n<div class=\"isFileName\">\n\t\t\t\t<\/div>\n<div class=\"wpcf7-btns\">\n<p><input class=\"wpcf7-form-control wpcf7-submit has-spinner\" type=\"submit\" value=\"ENVOYER\" \/>\n\t\t\t\t\t<\/p>\n<\/p><\/div>\n<\/li>\n<\/ul><\/div>\n<\/div>\n<div class=\"wpcf7-response-output\" aria-hidden=\"true\"><\/div>\n<input type=\"hidden\" name=\"trp-form-language\" value=\"fr\"\/><\/form>\n<\/div>\n<\/div>\n<\/div>\n<h2 id=\"TechniqueData\">Fiche technique de la fonte Kerui r\u00e9sistante aux acides<\/h2>\n<table id=\"tablepress-67\" class=\"tablepress tablepress-id-67\">\n<thead>\n<tr class=\"row-1\">\n<th class=\"column-1\">Article\/Grade<\/th>\n<th class=\"column-2\">NS-1.6<\/th>\n<th class=\"column-3\">NS-1.8<\/th>\n<th class=\"column-4\">NS-2.0<\/th>\n<\/tr>\n<\/thead>\n<tbody class=\"row-striping row-hover\">\n<tr class=\"row-2\">\n<td class=\"column-1\">\u03c9 (SiO2) \u2265\/%<\/td>\n<td class=\"column-2\">45<\/td>\n<td class=\"column-3\">48<\/td>\n<td class=\"column-4\">52<\/td>\n<\/tr>\n<tr class=\"row-3\">\n<td class=\"column-1\">Densit\u00e9 apparente \u2265\/ (g\/cm\u00b3)<\/td>\n<td class=\"column-2\">1.6<\/td>\n<td class=\"column-3\">1.8<\/td>\n<td class=\"column-4\">2<\/td>\n<\/tr>\n<tr class=\"row-4\">\n<td class=\"column-1\">R\u00e9sistance \u00e0 l'\u00e9crasement \u00e0 froid \u2265\/MPa<\/td>\n<td class=\"column-2\">5<\/td>\n<td class=\"column-3\">8<\/td>\n<td class=\"column-4\">10<\/td>\n<\/tr>\n<tr class=\"row-5\">\n<td class=\"column-1\">R\u00e9sistance aux acides \u2265\/%<\/td>\n<td class=\"column-2\">95<\/td>\n<td class=\"column-3\">95<\/td>\n<td class=\"column-4\">95<\/td>\n<\/tr>\n<tr class=\"row-6\">\n<td class=\"column-1\">Coefficient de conductivit\u00e9 thermique \u2264 \/[W\/(m-K)] (350\u00b125\u2103)<\/td>\n<td class=\"column-2\">0.5<\/td>\n<td class=\"column-3\">0.55<\/td>\n<td class=\"column-4\">0.6<\/td>\n<\/tr>\n<tr class=\"row-7\">\n<td class=\"column-1\">Temp\u00e9rature de service\/\u2103<\/td>\n<td class=\"column-2\">800<\/td>\n<td class=\"column-3\">900<\/td>\n<td class=\"column-4\">1000<\/td>\n<\/tr>\n<\/tbody>\n<\/table>\n<p><!-- #tablepress-67 from cache --><\/p>\n<h2>Avantages de la fonte r\u00e9sistante aux acides<\/h2>\n<p>1. r\u00e9fractarit\u00e9 : Convient aux fours \u00e0 haute temp\u00e9rature fonctionnant \u00e0 environ 950\u00b0C-1250\u00b0C (1742\u2109 \u00e0 2282\u2109).<br \/>\n2) Excellente r\u00e9sistance aux acides : Peut r\u00e9sister \u00e0 l'\u00e9rosion de divers acides.<br \/>\n3. bonne fluidit\u00e9 : Facile \u00e0 couler et \u00e0 former pendant la construction.<br \/>\n4. bonne r\u00e9sistance m\u00e9canique : La mati\u00e8re moulable r\u00e9sistante aux acides durcie pr\u00e9sente une excellente r\u00e9sistance \u00e0 la compression et \u00e0 la flexion.<br \/>\n5) Protection de l'environnement : Des mati\u00e8res premi\u00e8res inoffensives et renouvelables sont s\u00e9lectionn\u00e9es pour la production, avec une certification internationale du syst\u00e8me de gestion de l'environnement.<\/p>\n<h2>Application de la fonte r\u00e9fractaire \u00e0 haute teneur en alumine<\/h2>\n<p>Les produits moul\u00e9s r\u00e9sistants aux acides ont de nombreuses applications. Elles sont utilis\u00e9es dans le rev\u00eatement des cuves de r\u00e9action chimique pour r\u00e9sister \u00e0 la corrosion acide. Dans les cuves de d\u00e9capage \u00e0 l'acide, elles prot\u00e8gent les parois des cuves. Dans les usines de production d'acide sulfurique, elles sont appliqu\u00e9es aux fours et aux chemin\u00e9es. Ils sont \u00e9galement utilis\u00e9s dans les usines d'incin\u00e9ration de d\u00e9chets pour r\u00e9sister aux gaz acides.<\/p>\n<p><img loading=\"lazy\" decoding=\"async\" class=\"alignnone size-full wp-image-1534\" src=\"https:\/\/keruiref.com\/wp-content\/uploads\/2023\/07\/high-alumina-castable-application.jpg\" alt=\"Applications de l&#039;alumine coulable \u00e0 haute teneur en alumine\" width=\"1300\" height=\"400\" srcset=\"https:\/\/keruiref.com\/wp-content\/uploads\/2023\/07\/high-alumina-castable-application.jpg 1300w, https:\/\/keruiref.com\/wp-content\/uploads\/2023\/07\/high-alumina-castable-application-300x92.jpg 300w, https:\/\/keruiref.com\/wp-content\/uploads\/2023\/07\/high-alumina-castable-application-1024x315.jpg 1024w, https:\/\/keruiref.com\/wp-content\/uploads\/2023\/07\/high-alumina-castable-application-768x236.jpg 768w\" sizes=\"auto, (max-width: 1300px) 100vw, 1300px\" \/><\/p>\n<\/div>\n<div id=\"INQUIRY\" class=\"page_model\">\n<div class=\"wpcf7 no-js\" id=\"wpcf7-f328-o2\" lang=\"en-US\" dir=\"ltr\" data-wpcf7-id=\"328\">\n<div class=\"screen-reader-response\">\n<p role=\"status\" aria-live=\"polite\" aria-atomic=\"true\">\n<ul><\/ul>\n<\/div>\n<form action=\"\/fr\/wp-json\/wp\/v2\/pages\/84090#wpcf7-f328-o2\" method=\"post\" class=\"wpcf7-form init\" aria-label=\"Formulaire de contact\" novalidate=\"novalidate\" data-status=\"init\" data-trp-original-action=\"\/fr\/wp-json\/wp\/v2\/pages\/84090#wpcf7-f328-o2\">\n<div style=\"display: none;\">\n<input type=\"hidden\" name=\"_wpcf7\" value=\"328\" \/><br \/>\n<input type=\"hidden\" name=\"_wpcf7_version\" value=\"6.0.4\" \/><br \/>\n<input type=\"hidden\" name=\"_wpcf7_locale\" value=\"en_US\" \/><br \/>\n<input type=\"hidden\" name=\"_wpcf7_unit_tag\" value=\"wpcf7-f328-o2\" \/><br \/>\n<input type=\"hidden\" name=\"_wpcf7_container_post\" value=\"0\" \/><br \/>\n<input type=\"hidden\" name=\"_wpcf7_posted_data_hash\" value=\"\" \/><br \/>\n<input type=\"hidden\" name=\"_wpcf7_recaptcha_response\" value=\"\" \/>\n<\/div>\n<div class=\"form-box\" id=\"Contact-Us\">\n<div class=\"isleft\">\n<div class=\"contact-title\">\n<p>Nous contacter\n\t\t\t<\/p>\n<\/p><\/div>\n<div class=\"contactp\">\n<p>N'h\u00e9sitez pas \u00e0 nous faire part de votre demande en remplissant le formulaire pr\u00e9vu \u00e0 cet effet. Nous vous r\u00e9pondrons dans les 6 heures.\n\t\t\t<\/p>\n<\/p><\/div>\n<ul class=\"contact\">\n<li class=\"email\">\n<p><img decoding=\"async\" src=\"https:\/\/keruiref.com\/wp-content\/uploads\/2023\/12\/email.png\" alt=\"\" \/>Courriel :\n\t\t\t\t<\/p>\n<p><a href=\"mailto:market@keruiref.com\">market@keruiref.com<\/a>\n\t\t\t\t<\/p>\n<\/li>\n<li class=\"phone\">\n<p><img decoding=\"async\" src=\"https:\/\/keruiref.com\/wp-content\/uploads\/2023\/12\/tel.png\" alt=\"\" \/>T\u00e9l\u00e9phone\/whatsapp :\n\t\t\t\t<\/p>\n<p><a href=\"https:\/\/wa.me\/8619138178880\">+86 19138178880<\/a>\n\t\t\t\t<\/p>\n<\/li>\n<li class=\"location\">\n<p><img decoding=\"async\" src=\"https:\/\/keruiref.com\/wp-content\/uploads\/2023\/12\/Location.png\" alt=\"\" \/>Base de fabrication :\n\t\t\t\t<\/p>\n<p>Zone d'industrie r\u00e9fractaire de Chaohua,<br \/>\nVille de Xinmi, province du Henan, Chine\n\t\t\t\t<\/p>\n<\/li>\n<\/ul><\/div>\n<div class=\"isright\">\n<ul class=\"contact-input\">\n<li>\n<div class=\"islabel\">\n<p>* Nom :\n\t\t\t\t\t<\/p>\n<\/p><\/div>\n<p><span class=\"wpcf7-form-control-wrap\" data-name=\"your-name\"><input size=\"40\" maxlength=\"400\" class=\"wpcf7-form-control wpcf7-text wpcf7-validates-as-required\" aria-required=\"true\" aria-invalid=\"false\" placeholder=\"\" value=\"\" type=\"text\" name=\"your-name\" \/><\/span>\n\t\t\t\t<\/p>\n<\/li>\n<li>\n<div class=\"islabel\">\n<p>* Email :\n\t\t\t\t\t<\/p>\n<\/p><\/div>\n<p><span class=\"wpcf7-form-control-wrap\" data-name=\"your-email\"><input size=\"40\" maxlength=\"400\" class=\"wpcf7-form-control wpcf7-email wpcf7-validates-as-required wpcf7-text wpcf7-validates-as-email\" aria-required=\"true\" aria-invalid=\"false\" placeholder=\"\" value=\"\" type=\"email\" name=\"your-email\" \/><\/span>\n\t\t\t\t<\/p>\n<\/li>\n<li>\n<div class=\"islabel\">\n<p>* T\u00e9l\u00e9phone\/Appel :\n\t\t\t\t\t<\/p>\n<\/p><\/div>\n<p><span class=\"wpcf7-form-control-wrap\" data-name=\"your-phone\"><input size=\"40\" maxlength=\"400\" class=\"wpcf7-form-control wpcf7-tel wpcf7-text wpcf7-validates-as-tel\" aria-invalid=\"false\" placeholder=\"\" value=\"\" type=\"tel\" name=\"your-phone\" \/><\/span>\n\t\t\t\t<\/p>\n<\/li>\n<li>\n<div class=\"islabel\">\n<p>Pays :\n\t\t\t\t\t<\/p>\n<\/p><\/div>\n<p><span class=\"wpcf7-form-control-wrap\" data-name=\"your-country\"><input size=\"40\" maxlength=\"400\" class=\"wpcf7-form-control wpcf7-text\" aria-invalid=\"false\" placeholder=\"\" value=\"\" type=\"text\" name=\"your-country\" \/><\/span>\n\t\t\t\t<\/p>\n<\/li>\n<li class=\"ismassage\">\n<div class=\"islabel\">\n<p>* Message :\n\t\t\t\t\t<\/p>\n<\/p><\/div>\n<p><span class=\"wpcf7-form-control-wrap\" data-name=\"your-msg\"><textarea cols=\"40\" rows=\"10\" maxlength=\"2000\" class=\"wpcf7-form-control wpcf7-textarea wpcf7-validates-as-required\" aria-required=\"true\" aria-invalid=\"false\" name=\"your-msg\"><\/textarea><\/span>\n\t\t\t\t<\/p>\n<\/li>\n<li class=\"wpcf7-btns-box\">\n<div class=\"isFileName\">\n\t\t\t\t<\/div>\n<div class=\"wpcf7-btns\">\n<p><input class=\"wpcf7-form-control wpcf7-submit has-spinner\" type=\"submit\" value=\"ENVOYER\" \/>\n\t\t\t\t\t<\/p>\n<\/p><\/div>\n<\/li>\n<\/ul><\/div>\n<\/div>\n<div class=\"wpcf7-response-output\" aria-hidden=\"true\"><\/div>\n<input type=\"hidden\" name=\"trp-form-language\" value=\"fr\"\/><\/form>\n<\/div>\n<\/div>\n<div class=\"page_model\">\n<div class=\"swiper related-products\">\n<div class=\"swiper-wrapper\">\n<div class=\"swiper-slide\"><\/div>\n<\/div>\n<\/div>\n<\/div>","protected":false},"excerpt":{"rendered":"Acid Resistant Castable SiO2% (\u2265): 45-52 Bulk Density (g\/cm\u00b3): 1.6-2 Acid Resistance% (\u2265): 95 Cold Crushing Strength (MPa): 5-10 Certification: ISO9001\/ISO14001\/ISO45001\/ISO50001 Sample: testing of sample is available High Quality Reasonable Price Customizable Products &amp; Solutions Timely Delivery 7\/24\/365 At Your Service inquiry nowsend email PRODUCT &#8230; <a title=\"Fonte r\u00e9sistante aux acides\" class=\"read-more\" href=\"https:\/\/keruiref.com\/fr\/fonte-resistante-a-lacide\/\" aria-label=\"More on Acid Resistant Castable\">Lire la suite<\/a>","protected":false},"author":1,"featured_media":84215,"parent":0,"menu_order":0,"comment_status":"closed","ping_status":"closed","template":"","meta":{"footnotes":""},"class_list":{"0":"post-84090","1":"page","2":"type-page","3":"status-publish","4":"has-post-thumbnail","6":"no-featured-image-padding","7":"resize-featured-image"},"yoast_head":"<!-- This site is optimized with the Yoast SEO plugin v24.9 - https:\/\/yoast.com\/wordpress\/plugins\/seo\/ -->\n<title>Acid Resistant Castable - Your Refractory Bricks, Castables Manufacturer For Kiln | Kerui Refractory\u00ae Official Website<\/title>\n<meta name=\"description\" content=\"Acid-resistant castables are refractory materials mainly used in industrial furnaces and other equipment exposed to acid environments.\" \/>\n<meta name=\"robots\" content=\"index, follow, max-snippet:-1, max-image-preview:large, max-video-preview:-1\" \/>\n<link rel=\"canonical\" href=\"https:\/\/keruiref.com\/fr\/fonte-resistante-a-lacide\/\" \/>\n<script type=\"application\/ld+json\" class=\"yoast-schema-graph\">{\"@context\":\"https:\/\/schema.org\",\"@graph\":[{\"@type\":\"WebPage\",\"@id\":\"https:\/\/keruiref.com\/acid-resistant-castable\/\",\"url\":\"https:\/\/keruiref.com\/acid-resistant-castable\/\",\"name\":\"Acid Resistant Castable - Your Refractory Bricks, Castables Manufacturer For Kiln | Kerui Refractory\u00ae Official Website\",\"isPartOf\":{\"@id\":\"https:\/\/keruiref.com\/el\/#website\"},\"primaryImageOfPage\":{\"@id\":\"https:\/\/keruiref.com\/acid-resistant-castable\/#primaryimage\"},\"image\":{\"@id\":\"https:\/\/keruiref.com\/acid-resistant-castable\/#primaryimage\"},\"thumbnailUrl\":\"https:\/\/keruiref.com\/wp-content\/uploads\/2025\/02\/Acid-Resistant-Castable-02.webp\",\"datePublished\":\"2025-02-21T08:51:50+00:00\",\"dateModified\":\"2025-05-20T08:53:32+00:00\",\"description\":\"Acid-resistant castables are refractory materials mainly used in industrial furnaces and other equipment exposed to acid environments.\",\"breadcrumb\":{\"@id\":\"https:\/\/keruiref.com\/acid-resistant-castable\/#breadcrumb\"},\"inLanguage\":\"fr-FR\",\"potentialAction\":[{\"@type\":\"ReadAction\",\"target\":[\"https:\/\/keruiref.com\/acid-resistant-castable\/\"]}]},{\"@type\":\"ImageObject\",\"inLanguage\":\"fr-FR\",\"@id\":\"https:\/\/keruiref.com\/acid-resistant-castable\/#primaryimage\",\"url\":\"https:\/\/keruiref.com\/wp-content\/uploads\/2025\/02\/Acid-Resistant-Castable-02.webp\",\"contentUrl\":\"https:\/\/keruiref.com\/wp-content\/uploads\/2025\/02\/Acid-Resistant-Castable-02.webp\",\"width\":456,\"height\":310},{\"@type\":\"BreadcrumbList\",\"@id\":\"https:\/\/keruiref.com\/acid-resistant-castable\/#breadcrumb\",\"itemListElement\":[{\"@type\":\"ListItem\",\"position\":1,\"name\":\"Home\",\"item\":\"https:\/\/keruiref.com\/\"},{\"@type\":\"ListItem\",\"position\":2,\"name\":\"Acid Resistant Castable\"}]},{\"@type\":\"WebSite\",\"@id\":\"https:\/\/keruiref.com\/el\/#website\",\"url\":\"https:\/\/keruiref.com\/el\/\",\"name\":\"Your Refractory Bricks, Castables Manufacturer For Kiln | Kerui Refractory\u00ae Official Website\",\"description\":\"\",\"publisher\":{\"@id\":\"https:\/\/keruiref.com\/el\/#organization\"},\"potentialAction\":[{\"@type\":\"SearchAction\",\"target\":{\"@type\":\"EntryPoint\",\"urlTemplate\":\"https:\/\/keruiref.com\/el\/?s={search_term_string}\"},\"query-input\":{\"@type\":\"PropertyValueSpecification\",\"valueRequired\":true,\"valueName\":\"search_term_string\"}}],\"inLanguage\":\"fr-FR\"},{\"@type\":\"Organization\",\"@id\":\"https:\/\/keruiref.com\/el\/#organization\",\"name\":\"Your Refractory Bricks, Castables Manufacturer For Kiln | Kerui Refractory\u00ae Official Website\",\"url\":\"https:\/\/keruiref.com\/el\/\",\"logo\":{\"@type\":\"ImageObject\",\"inLanguage\":\"fr-FR\",\"@id\":\"https:\/\/keruiref.com\/el\/#\/schema\/logo\/image\/\",\"url\":\"https:\/\/keruiref.com\/wp-content\/uploads\/2024\/01\/footer-Logo.png\",\"contentUrl\":\"https:\/\/keruiref.com\/wp-content\/uploads\/2024\/01\/footer-Logo.png\",\"width\":282,\"height\":70,\"caption\":\"Your Refractory Bricks, Castables Manufacturer For Kiln | Kerui Refractory\u00ae Official Website\"},\"image\":{\"@id\":\"https:\/\/keruiref.com\/el\/#\/schema\/logo\/image\/\"}}]}<\/script>\n<!-- \/ Yoast SEO plugin. -->","yoast_head_json":{"title":"Briques r\u00e9fractaires r\u00e9sistantes aux acides - Votre fabricant de briques r\u00e9fractaires et de produits coul\u00e9s pour le four Kerui Refractory\u00ae Official Website","description":"Les b\u00e9tons r\u00e9sistants aux acides sont des mat\u00e9riaux r\u00e9fractaires principalement utilis\u00e9s dans les fours industriels et autres \u00e9quipements expos\u00e9s \u00e0 des environnements acides.","robots":{"index":"index","follow":"follow","max-snippet":"max-snippet:-1","max-image-preview":"max-image-preview:large","max-video-preview":"max-video-preview:-1"},"canonical":"https:\/\/keruiref.com\/fr\/fonte-resistante-a-lacide\/","schema":{"@context":"https:\/\/schema.org","@graph":[{"@type":"WebPage","@id":"https:\/\/keruiref.com\/acid-resistant-castable\/","url":"https:\/\/keruiref.com\/acid-resistant-castable\/","name":"Briques r\u00e9fractaires r\u00e9sistantes aux acides - Votre fabricant de briques r\u00e9fractaires et de produits coul\u00e9s pour le four Kerui Refractory\u00ae Official Website","isPartOf":{"@id":"https:\/\/keruiref.com\/el\/#website"},"primaryImageOfPage":{"@id":"https:\/\/keruiref.com\/acid-resistant-castable\/#primaryimage"},"image":{"@id":"https:\/\/keruiref.com\/acid-resistant-castable\/#primaryimage"},"thumbnailUrl":"https:\/\/keruiref.com\/wp-content\/uploads\/2025\/02\/Acid-Resistant-Castable-02.webp","datePublished":"2025-02-21T08:51:50+00:00","dateModified":"2025-05-20T08:53:32+00:00","description":"Les b\u00e9tons r\u00e9sistants aux acides sont des mat\u00e9riaux r\u00e9fractaires principalement utilis\u00e9s dans les fours industriels et autres \u00e9quipements expos\u00e9s \u00e0 des environnements acides.","breadcrumb":{"@id":"https:\/\/keruiref.com\/acid-resistant-castable\/#breadcrumb"},"inLanguage":"fr-FR","potentialAction":[{"@type":"ReadAction","target":["https:\/\/keruiref.com\/acid-resistant-castable\/"]}]},{"@type":"ImageObject","inLanguage":"fr-FR","@id":"https:\/\/keruiref.com\/acid-resistant-castable\/#primaryimage","url":"https:\/\/keruiref.com\/wp-content\/uploads\/2025\/02\/Acid-Resistant-Castable-02.webp","contentUrl":"https:\/\/keruiref.com\/wp-content\/uploads\/2025\/02\/Acid-Resistant-Castable-02.webp","width":456,"height":310},{"@type":"BreadcrumbList","@id":"https:\/\/keruiref.com\/acid-resistant-castable\/#breadcrumb","itemListElement":[{"@type":"ListItem","position":1,"name":"Home","item":"https:\/\/keruiref.com\/"},{"@type":"ListItem","position":2,"name":"Acid Resistant Castable"}]},{"@type":"WebSite","@id":"https:\/\/keruiref.com\/el\/#website","url":"https:\/\/keruiref.com\/el\/","name":"Votre fabricant de briques r\u00e9fractaires et de produits coul\u00e9s pour le four Kerui Refractory\u00ae Site officiel","description":"","publisher":{"@id":"https:\/\/keruiref.com\/el\/#organization"},"potentialAction":[{"@type":"SearchAction","target":{"@type":"EntryPoint","urlTemplate":"https:\/\/keruiref.com\/el\/?s={search_term_string}"},"query-input":{"@type":"PropertyValueSpecification","valueRequired":true,"valueName":"search_term_string"}}],"inLanguage":"fr-FR"},{"@type":"Organization","@id":"https:\/\/keruiref.com\/el\/#organization","name":"Votre fabricant de briques r\u00e9fractaires et de produits coul\u00e9s pour le four Kerui Refractory\u00ae Site officiel","url":"https:\/\/keruiref.com\/el\/","logo":{"@type":"ImageObject","inLanguage":"fr-FR","@id":"https:\/\/keruiref.com\/el\/#\/schema\/logo\/image\/","url":"https:\/\/keruiref.com\/wp-content\/uploads\/2024\/01\/footer-Logo.png","contentUrl":"https:\/\/keruiref.com\/wp-content\/uploads\/2024\/01\/footer-Logo.png","width":282,"height":70,"caption":"Your Refractory Bricks, Castables Manufacturer For Kiln | Kerui Refractory\u00ae Official Website"},"image":{"@id":"https:\/\/keruiref.com\/el\/#\/schema\/logo\/image\/"}}]}},"_links":{"self":[{"href":"https:\/\/keruiref.com\/fr\/wp-json\/wp\/v2\/pages\/84090","targetHints":{"allow":["GET"]}}],"collection":[{"href":"https:\/\/keruiref.com\/fr\/wp-json\/wp\/v2\/pages"}],"about":[{"href":"https:\/\/keruiref.com\/fr\/wp-json\/wp\/v2\/types\/page"}],"author":[{"embeddable":true,"href":"https:\/\/keruiref.com\/fr\/wp-json\/wp\/v2\/users\/1"}],"replies":[{"embeddable":true,"href":"https:\/\/keruiref.com\/fr\/wp-json\/wp\/v2\/comments?post=84090"}],"version-history":[{"count":0,"href":"https:\/\/keruiref.com\/fr\/wp-json\/wp\/v2\/pages\/84090\/revisions"}],"wp:featuredmedia":[{"embeddable":true,"href":"https:\/\/keruiref.com\/fr\/wp-json\/wp\/v2\/media\/84215"}],"wp:attachment":[{"href":"https:\/\/keruiref.com\/fr\/wp-json\/wp\/v2\/media?parent=84090"}],"curies":[{"name":"wp","href":"https:\/\/api.w.org\/{rel}","templated":true}]}}