{"id":20167,"date":"2023-11-09T19:07:15","date_gmt":"2023-11-09T11:07:15","guid":{"rendered":"https:\/\/keruiref.com\/?page_id=20167"},"modified":"2025-09-02T10:41:33","modified_gmt":"2025-09-02T02:41:33","slug":"certificates","status":"publish","type":"page","link":"https:\/\/keruiref.com\/fr\/certificates\/","title":{"rendered":"Certificats"},"content":{"rendered":"<h1>Certificats<\/h1>\n<div class=\"call\">\n<div class=\"ch2\">Produits KERUI qualifi\u00e9s par des certificats<\/div>\n<div class='content-column one_fourth'>\n<div style=\"padding-right:40px;\"><img loading=\"lazy\" decoding=\"async\" class=\"aligncenter size-full wp-image-4076\" src=\"https:\/\/keruiref.com\/wp-content\/uploads\/2023\/11\/CE-Certificate.jpg\" alt=\"CE-Certificate\" width=\"500\" height=\"714\" \/><\/p>\n<div class=\"fmcaption\">CE<\/div>\n<\/div>\n<\/div>\n<div class='content-column one_fourth'>\n<div style=\"padding-right:40px;\"><img loading=\"lazy\" decoding=\"async\" class=\"aligncenter size-full wp-image-4077\" src=\"https:\/\/keruiref.com\/wp-content\/uploads\/2025\/08\/kerui-Environmental-Management-System-Certificate.webp\" alt=\"EMS\" width=\"500\" height=\"714\" \/><\/p>\n<div class=\"fmcaption\">Certificat de syst\u00e8me de gestion environnementale ISO14001<\/div>\n<\/div>\n<\/div>\n<div class='content-column one_fourth'>\n<div style=\"padding-right:40px;\"><img loading=\"lazy\" decoding=\"async\" class=\"aligncenter size-full wp-image-4079\" src=\"https:\/\/keruiref.com\/wp-content\/uploads\/2023\/11\/QMS.jpg\" alt=\"ISO\" width=\"500\" height=\"714\" \/><\/p>\n<div class=\"fmcaption\">Certificats du syst\u00e8me de gestion de la qualit\u00e9 ISO9001<\/div>\n<\/div>\n<\/div>\n<div class='content-column one_fourth last_column'>\n<div style=\"padding-right:40px;\"><img loading=\"lazy\" decoding=\"async\" class=\"aligncenter size-full wp-image-4078\" src=\"https:\/\/keruiref.com\/wp-content\/uploads\/2025\/09\/System-Certificate-Occupationai-Health-and-Safety-Management-1.webp\" alt=\"QHSM\" width=\"500\" height=\"714\" \/><\/p>\n<div class=\"fmcaption\">Certificat de syst\u00e8me de gestion de la sant\u00e9 et de la s\u00e9curit\u00e9 au travail<\/div>\n<\/div>\n<\/div>\n<div class='clear_column'><\/div>\n<\/div>\n<div class=\"call\">\n<div class=\"ch2\">Brevet d'invention<\/div>\n<div class='content-column one_fourth'>\n<div style=\"padding-right:40px;\"><img loading=\"lazy\" decoding=\"async\" class=\"aligncenter size-full wp-image-4107\" src=\"https:\/\/keruiref.com\/wp-content\/uploads\/2023\/11\/A-special-refractory-brick-and-manufacturing-method-for-flue-wall-of-anode-baking-furnace-ABF.jpg\" alt=\"Brique r\u00e9fractaire sp\u00e9ciale et m\u00e9thode de fabrication pour la paroi du four de cuisson d&#039;anodes (ABF) \" width=\"500\" height=\"714\" \/><\/p>\n<div class=\"fmcaption\">Brique r\u00e9fractaire sp\u00e9ciale et m\u00e9thode de fabrication pour la paroi du four de cuisson d'anodes (ABF)<\/div>\n<\/div>\n<\/div>\n<div class='content-column one_fourth'>\n<div style=\"padding-right:40px;\"><\/div>\n<\/div>\n<div class='content-column one_fourth'>\n<div style=\"padding-right:40px;\"><\/div>\n<\/div>\n<div class='content-column one_fourth last_column'>\n<div style=\"padding-right:40px;\"><\/div>\n<\/div>\n<div class='clear_column'><\/div>\n<\/div>\n<div class=\"call\">\n<div class=\"ch2\">Brevets de mod\u00e8les d'utilit\u00e9<\/div>\n<div class='content-column one_fourth'>\n<div style=\"padding-right:40px;\"><img loading=\"lazy\" decoding=\"async\" class=\"aligncenter size-full wp-image-4093\" src=\"https:\/\/keruiref.com\/wp-content\/uploads\/2023\/11\/Utility-Model-Relates-to-Safety-Crushing-Device.jpg\" alt=\"Mod\u00e8le d&#039;utilit\u00e9 relatif au dispositif d&#039;\u00e9crasement de s\u00e9curit\u00e9\" width=\"500\" height=\"714\" \/><\/p>\n<div class=\"fmcaption\">Mod\u00e8le d'utilit\u00e9 relatif au dispositif d'\u00e9crasement de s\u00e9curit\u00e9<\/div>\n<\/div>\n<\/div>\n<div class='content-column one_fourth'>\n<div style=\"padding-right:40px;\"><img loading=\"lazy\" decoding=\"async\" class=\"aligncenter size-full wp-image-4083\" src=\"https:\/\/keruiref.com\/wp-content\/uploads\/2023\/11\/Utility-Model-Relates-to-Forming-Mold.jpg\" alt=\"Mod\u00e8le d&#039;utilit\u00e9 relatif au moule de formage\" width=\"500\" height=\"714\" \/><\/p>\n<div class=\"fmcaption\">Mod\u00e8le d'utilit\u00e9 relatif au moule de formage<\/div>\n<\/div>\n<\/div>\n<div class='content-column one_fourth'>\n<div style=\"padding-right:40px;\"><img loading=\"lazy\" decoding=\"async\" class=\"aligncenter size-full wp-image-4081\" src=\"https:\/\/keruiref.com\/wp-content\/uploads\/2023\/11\/Utility-Model-Relates-to-Brick-Discharge-Device.jpg\" alt=\"Mod\u00e8le d&#039;utilit\u00e9 relatif au dispositif de d\u00e9charge des briques\" width=\"500\" height=\"714\" \/><\/p>\n<div class=\"fmcaption\">Mod\u00e8le d'utilit\u00e9 relatif au dispositif de d\u00e9charge des briques<\/div>\n<\/div>\n<\/div>\n<div class='content-column one_fourth last_column'>\n<div style=\"padding-right:40px;\"><img loading=\"lazy\" decoding=\"async\" class=\"aligncenter size-full wp-image-4080\" src=\"https:\/\/keruiref.com\/wp-content\/uploads\/2023\/11\/Utility-Model-Relates-to-Automatic-Weighing-Device-on-Conveyor-Belt.jpg\" alt=\"Mod\u00e8le d&#039;utilit\u00e9 relatif \u00e0 un dispositif de pesage automatique sur bande transporteuse\" width=\"500\" height=\"714\" \/><\/p>\n<div class=\"fmcaption\">Mod\u00e8le d'utilit\u00e9 relatif \u00e0 un dispositif de pesage automatique sur bande transporteuse<\/div>\n<\/div>\n<\/div>\n<div class='clear_column'><\/div>\n<div class='content-column one_fourth'>\n<div style=\"padding-right:40px;\"><img loading=\"lazy\" decoding=\"async\" class=\"aligncenter size-full wp-image-4084\" src=\"https:\/\/keruiref.com\/wp-content\/uploads\/2023\/11\/Utility-Model-Relates-to-Magnetic-Separator.jpg\" alt=\"Mod\u00e8le d&#039;utilit\u00e9 relatif au s\u00e9parateur magn\u00e9tique\" width=\"500\" height=\"714\" \/><\/p>\n<div class=\"fmcaption\">Mod\u00e8le d'utilit\u00e9 relatif au s\u00e9parateur magn\u00e9tique<\/div>\n<\/div>\n<\/div>\n<div class='content-column one_fourth'>\n<div style=\"padding-right:40px;\"><img loading=\"lazy\" decoding=\"async\" class=\"aligncenter size-full wp-image-4092\" src=\"https:\/\/keruiref.com\/wp-content\/uploads\/2023\/11\/Utility-Model-Relates-to-Roller-Alignment-Machine.jpg\" alt=\"Mod\u00e8le d&#039;utilit\u00e9 relatif \u00e0 la machine d&#039;alignement des rouleaux\" width=\"500\" height=\"714\" \/><\/p>\n<div class=\"fmcaption\">Mod\u00e8le d'utilit\u00e9 relatif \u00e0 la machine d'alignement des rouleaux<\/div>\n<\/div>\n<\/div>\n<div class='content-column one_fourth'>\n<div style=\"padding-right:40px;\"><img loading=\"lazy\" decoding=\"async\" class=\"aligncenter size-full wp-image-4093\" src=\"https:\/\/keruiref.com\/wp-content\/uploads\/2023\/11\/Utility-Model-Relates-to-Safety-Crushing-Device.jpg\" alt=\"Mod\u00e8le d&#039;utilit\u00e9 relatif au dispositif d&#039;\u00e9crasement de s\u00e9curit\u00e9\" width=\"500\" height=\"714\" \/><\/p>\n<div class=\"fmcaption\">Mod\u00e8le d'utilit\u00e9 relatif au dispositif d'\u00e9crasement<\/div>\n<\/div>\n<\/div>\n<div class='content-column one_fourth last_column'>\n<div style=\"padding-right:40px;\"><img loading=\"lazy\" decoding=\"async\" class=\"aligncenter size-full wp-image-4090\" src=\"https:\/\/keruiref.com\/wp-content\/uploads\/2023\/11\/Utility-Model-Relates-to-Raw-Material-Mixing-and-Stirring-Device.jpg\" alt=\"Le mod\u00e8le d&#039;utilit\u00e9 concerne le dispositif de m\u00e9lange et d&#039;agitation des mati\u00e8res premi\u00e8res\" width=\"500\" height=\"714\" \/><\/p>\n<div class=\"fmcaption\">Le mod\u00e8le d'utilit\u00e9 est li\u00e9 au dispositif de m\u00e9lange<\/div>\n<\/div>\n<\/div>\n<div class='clear_column'><\/div>\n<div class='content-column one_fourth'>\n<div style=\"padding-right:40px;\"><img loading=\"lazy\" decoding=\"async\" class=\"aligncenter size-full wp-image-4086\" src=\"https:\/\/keruiref.com\/wp-content\/uploads\/2023\/11\/Utility-Model-Relates-to-Production-Mold.jpg\" alt=\"Le mod\u00e8le d&#039;utilit\u00e9 est li\u00e9 au moule de production\" width=\"500\" height=\"714\" \/><\/p>\n<div class=\"fmcaption\">Le mod\u00e8le d'utilit\u00e9 est li\u00e9 au moule de production<\/div>\n<\/div>\n<\/div>\n<div class='content-column one_fourth'>\n<div style=\"padding-right:40px;\"><img loading=\"lazy\" decoding=\"async\" class=\"aligncenter size-full wp-image-4087\" src=\"https:\/\/keruiref.com\/wp-content\/uploads\/2023\/11\/Utility-Model-Relates-to-Production-Pressing-Machine.jpg\" alt=\"Le mod\u00e8le d&#039;utilit\u00e9 se rapporte \u00e0 la machine de pressage de production\" width=\"500\" height=\"714\" \/><\/p>\n<div class=\"fmcaption\">Le mod\u00e8le d'utilit\u00e9 se rapporte \u00e0 la machine de pressage de production<\/div>\n<\/div>\n<\/div>\n<div class='content-column one_fourth'>\n<div style=\"padding-right:40px;\"><img loading=\"lazy\" decoding=\"async\" class=\"aligncenter size-full wp-image-4090\" src=\"https:\/\/keruiref.com\/wp-content\/uploads\/2023\/11\/Utility-Model-Relates-to-Raw-Material-Mixing-and-Stirring-Device.jpg\" alt=\"Le mod\u00e8le d&#039;utilit\u00e9 concerne le dispositif de m\u00e9lange et d&#039;agitation des mati\u00e8res premi\u00e8res\" width=\"500\" height=\"714\" \/><\/p>\n<div class=\"fmcaption\">Le mod\u00e8le d'utilit\u00e9 concerne le dispositif de m\u00e9lange et d'agitation des mati\u00e8res premi\u00e8res<\/div>\n<\/div>\n<\/div>\n<div class='content-column one_fourth last_column'>\n<div style=\"padding-right:40px;\"><img loading=\"lazy\" decoding=\"async\" class=\"aligncenter size-full wp-image-4089\" src=\"https:\/\/keruiref.com\/wp-content\/uploads\/2023\/11\/Utility-Model-Relates-to-Raw-Material-Mixer.jpg\" alt=\"Le mod\u00e8le d&#039;utilit\u00e9 se rapporte au m\u00e9langeur de mati\u00e8res premi\u00e8res\" width=\"500\" height=\"714\" \/><\/p>\n<div class=\"fmcaption\">Le mod\u00e8le d'utilit\u00e9 se rapporte au m\u00e9langeur de mati\u00e8res premi\u00e8res<\/div>\n<\/div>\n<\/div>\n<div class='clear_column'><\/div>\n<div class='content-column one_fourth'>\n<div style=\"padding-right:40px;\"><img loading=\"lazy\" decoding=\"async\" class=\"aligncenter size-full wp-image-4091\" src=\"https:\/\/keruiref.com\/wp-content\/uploads\/2023\/11\/Utility-Model-Relates-to-Raw-Material-Screening-Device.jpg\" alt=\"Le mod\u00e8le d&#039;utilit\u00e9 se rapporte au dispositif de criblage des mati\u00e8res premi\u00e8res\" width=\"500\" height=\"714\" \/><\/p>\n<div class=\"fmcaption\">Le mod\u00e8le d'utilit\u00e9 se rapporte au dispositif de criblage des mati\u00e8res premi\u00e8res<\/div>\n<\/div>\n<\/div>\n<div class='content-column one_fourth'>\n<div style=\"padding-right:40px;\"><img loading=\"lazy\" decoding=\"async\" class=\"aligncenter size-full wp-image-4088\" src=\"https:\/\/keruiref.com\/wp-content\/uploads\/2023\/11\/Utility-Model-Relates-to-Raw-Material-Elevator.jpg\" alt=\"Mod\u00e8le d&#039;utilit\u00e9 relatif \u00e0 l&#039;\u00e9l\u00e9vateur de mati\u00e8res premi\u00e8res\" width=\"500\" height=\"714\" \/><\/p>\n<div class=\"fmcaption\">Mod\u00e8le d'utilit\u00e9 relatif \u00e0 l'\u00e9l\u00e9vateur de mati\u00e8res premi\u00e8res<\/div>\n<\/div>\n<\/div>\n<div class='content-column one_fourth'>\n<div style=\"padding-right:40px;\"><img loading=\"lazy\" decoding=\"async\" class=\"aligncenter size-full wp-image-4094\" src=\"https:\/\/keruiref.com\/wp-content\/uploads\/2023\/11\/Utility-Model-Relates-to-Vibration-Forming-Machine.jpg\" alt=\"Mod\u00e8le d&#039;utilit\u00e9 relatif \u00e0 une machine de formage par vibration\" width=\"500\" height=\"714\" \/><\/p>\n<div class=\"fmcaption\">Mod\u00e8le d'utilit\u00e9 relatif \u00e0 une machine de formage par vibration<\/div>\n<\/div>\n<\/div>\n<div class='content-column one_fourth last_column'>\n<div style=\"padding-right:40px;\"><\/div>\n<\/div>\n<div class='clear_column'><\/div>\n<\/div>\n<div class=\"call\">\n<div class=\"ch2\">Certificats d'\u00c9tat<\/div>\n<div class=\"zsss\">\n<div class='content-column one_fifth'><img loading=\"lazy\" decoding=\"async\" class=\"aligncenter size-full wp-image-4096\" src=\"https:\/\/keruiref.com\/wp-content\/uploads\/2023\/11\/Certificates-2.jpg\" alt=\"Certificats\" width=\"237\" height=\"190\" \/><\/div>\n<div class='content-column one_fifth'><img loading=\"lazy\" decoding=\"async\" class=\"aligncenter size-full wp-image-4097\" src=\"https:\/\/keruiref.com\/wp-content\/uploads\/2023\/11\/Certificates-3.jpg\" alt=\"Certificats\" width=\"237\" height=\"190\" \/><\/div>\n<div class='content-column one_fifth'><img loading=\"lazy\" decoding=\"async\" class=\"aligncenter size-full wp-image-4098\" src=\"https:\/\/keruiref.com\/wp-content\/uploads\/2023\/11\/Certificates-4.jpg\" alt=\"Certificats\" width=\"284\" height=\"190\" \/><\/div>\n<div class='content-column one_fifth'><img loading=\"lazy\" decoding=\"async\" class=\"aligncenter size-full wp-image-4099\" src=\"https:\/\/keruiref.com\/wp-content\/uploads\/2023\/11\/Certificates-5.jpg\" alt=\"Certificats\" width=\"237\" height=\"190\" \/><\/div>\n<div class='content-column one_fifth last_column'><img loading=\"lazy\" decoding=\"async\" class=\"aligncenter size-full wp-image-4100\" src=\"https:\/\/keruiref.com\/wp-content\/uploads\/2023\/11\/Certificates-6.jpg\" alt=\"Certificats\" width=\"237\" height=\"190\" \/><\/div>\n<div class='clear_column'><\/div>\n<div class='content-column one_fifth'><img loading=\"lazy\" decoding=\"async\" class=\"aligncenter size-full wp-image-4101\" src=\"https:\/\/keruiref.com\/wp-content\/uploads\/2023\/11\/Certificates-7.jpg\" alt=\"Certificats\" width=\"237\" height=\"161\" \/><\/div>\n<div class='content-column one_fifth'><img loading=\"lazy\" decoding=\"async\" class=\"aligncenter size-full wp-image-4102\" src=\"https:\/\/keruiref.com\/wp-content\/uploads\/2023\/11\/Certificates-8.jpg\" alt=\"Certificats\" width=\"237\" height=\"161\" \/><\/div>\n<div class='content-column one_fifth'><img loading=\"lazy\" decoding=\"async\" class=\"aligncenter size-full wp-image-4103\" src=\"https:\/\/keruiref.com\/wp-content\/uploads\/2023\/11\/Certificates-9.jpg\" alt=\"Certificats\" width=\"284\" height=\"161\" \/><\/div>\n<div class='content-column one_fifth'><img loading=\"lazy\" decoding=\"async\" class=\"aligncenter size-full wp-image-4104\" src=\"https:\/\/keruiref.com\/wp-content\/uploads\/2023\/11\/Certificates-10.jpg\" alt=\"Certificats\" width=\"237\" height=\"161\" \/><\/div>\n<div class='content-column one_fifth last_column'><img loading=\"lazy\" decoding=\"async\" class=\"aligncenter size-full wp-image-4095\" src=\"https:\/\/keruiref.com\/wp-content\/uploads\/2023\/11\/Certificates-1.jpg\" alt=\"Certificats\" width=\"237\" height=\"161\" \/><\/div>\n<div class='clear_column'><\/div>\n<\/div>\n<\/div>","protected":false},"excerpt":{"rendered":"Certificates KERUI Products Qualified by Certificates Invention Patent Utility Model Patents Government Certificates","protected":false},"author":1,"featured_media":0,"parent":0,"menu_order":0,"comment_status":"closed","ping_status":"closed","template":"","meta":{"footnotes":""},"class_list":{"0":"post-20167","1":"page","2":"type-page","3":"status-publish","5":"no-featured-image-padding"},"yoast_head":"<!-- This site is optimized with the Yoast SEO plugin v24.9 - https:\/\/yoast.com\/wordpress\/plugins\/seo\/ -->\n<title>Certificates - Your Refractory Bricks, Castables Manufacturer For Kiln | Kerui Refractory\u00ae Official Website<\/title>\n<meta name=\"description\" content=\"Various patent certificates and product certification certificates of Kerry Company. If you have any questions or needs, please feel free to contact us!\" \/>\n<meta name=\"robots\" content=\"index, follow, max-snippet:-1, max-image-preview:large, max-video-preview:-1\" \/>\n<link rel=\"canonical\" href=\"https:\/\/keruiref.com\/fr\/certificates\/\" \/>\n<script type=\"application\/ld+json\" class=\"yoast-schema-graph\">{\"@context\":\"https:\/\/schema.org\",\"@graph\":[{\"@type\":\"WebPage\",\"@id\":\"https:\/\/keruiref.com\/certificates\/\",\"url\":\"https:\/\/keruiref.com\/certificates\/\",\"name\":\"Certificates - Your Refractory Bricks, Castables Manufacturer For Kiln | Kerui Refractory\u00ae Official Website\",\"isPartOf\":{\"@id\":\"https:\/\/keruiref.com\/el\/#website\"},\"primaryImageOfPage\":{\"@id\":\"https:\/\/keruiref.com\/certificates\/#primaryimage\"},\"image\":{\"@id\":\"https:\/\/keruiref.com\/certificates\/#primaryimage\"},\"thumbnailUrl\":\"https:\/\/keruiref.com\/wp-content\/uploads\/2023\/11\/CE-Certificate.jpg\",\"datePublished\":\"2023-11-09T11:07:15+00:00\",\"dateModified\":\"2025-09-02T02:41:33+00:00\",\"description\":\"Various patent certificates and product certification certificates of Kerry Company. If you have any questions or needs, please feel free to contact us!\",\"breadcrumb\":{\"@id\":\"https:\/\/keruiref.com\/certificates\/#breadcrumb\"},\"inLanguage\":\"fr-FR\",\"potentialAction\":[{\"@type\":\"ReadAction\",\"target\":[\"https:\/\/keruiref.com\/certificates\/\"]}]},{\"@type\":\"ImageObject\",\"inLanguage\":\"fr-FR\",\"@id\":\"https:\/\/keruiref.com\/certificates\/#primaryimage\",\"url\":\"https:\/\/keruiref.com\/wp-content\/uploads\/2023\/11\/CE-Certificate.jpg\",\"contentUrl\":\"https:\/\/keruiref.com\/wp-content\/uploads\/2023\/11\/CE-Certificate.jpg\"},{\"@type\":\"BreadcrumbList\",\"@id\":\"https:\/\/keruiref.com\/certificates\/#breadcrumb\",\"itemListElement\":[{\"@type\":\"ListItem\",\"position\":1,\"name\":\"Home\",\"item\":\"https:\/\/keruiref.com\/\"},{\"@type\":\"ListItem\",\"position\":2,\"name\":\"Certificates\"}]},{\"@type\":\"WebSite\",\"@id\":\"https:\/\/keruiref.com\/el\/#website\",\"url\":\"https:\/\/keruiref.com\/el\/\",\"name\":\"Your Refractory Bricks, Castables Manufacturer For Kiln | Kerui Refractory\u00ae Official Website\",\"description\":\"\",\"publisher\":{\"@id\":\"https:\/\/keruiref.com\/el\/#organization\"},\"potentialAction\":[{\"@type\":\"SearchAction\",\"target\":{\"@type\":\"EntryPoint\",\"urlTemplate\":\"https:\/\/keruiref.com\/el\/?s={search_term_string}\"},\"query-input\":{\"@type\":\"PropertyValueSpecification\",\"valueRequired\":true,\"valueName\":\"search_term_string\"}}],\"inLanguage\":\"fr-FR\"},{\"@type\":\"Organization\",\"@id\":\"https:\/\/keruiref.com\/el\/#organization\",\"name\":\"Your Refractory Bricks, Castables Manufacturer For Kiln | Kerui Refractory\u00ae Official Website\",\"url\":\"https:\/\/keruiref.com\/el\/\",\"logo\":{\"@type\":\"ImageObject\",\"inLanguage\":\"fr-FR\",\"@id\":\"https:\/\/keruiref.com\/el\/#\/schema\/logo\/image\/\",\"url\":\"https:\/\/keruiref.com\/wp-content\/uploads\/2024\/01\/footer-Logo.png\",\"contentUrl\":\"https:\/\/keruiref.com\/wp-content\/uploads\/2024\/01\/footer-Logo.png\",\"width\":282,\"height\":70,\"caption\":\"Your Refractory Bricks, Castables Manufacturer For Kiln | Kerui Refractory\u00ae Official Website\"},\"image\":{\"@id\":\"https:\/\/keruiref.com\/el\/#\/schema\/logo\/image\/\"}}]}<\/script>\n<!-- \/ Yoast SEO plugin. -->","yoast_head_json":{"title":"Certificates - Your Refractory Bricks, Castables Manufacturer For Kiln | Kerui Refractory\u00ae Official Website","description":"Various patent certificates and product certification certificates of Kerry Company. If you have any questions or needs, please feel free to contact us!","robots":{"index":"index","follow":"follow","max-snippet":"max-snippet:-1","max-image-preview":"max-image-preview:large","max-video-preview":"max-video-preview:-1"},"canonical":"https:\/\/keruiref.com\/fr\/certificates\/","schema":{"@context":"https:\/\/schema.org","@graph":[{"@type":"WebPage","@id":"https:\/\/keruiref.com\/certificates\/","url":"https:\/\/keruiref.com\/certificates\/","name":"Certificates - Your Refractory Bricks, Castables Manufacturer For Kiln | Kerui Refractory\u00ae Official Website","isPartOf":{"@id":"https:\/\/keruiref.com\/el\/#website"},"primaryImageOfPage":{"@id":"https:\/\/keruiref.com\/certificates\/#primaryimage"},"image":{"@id":"https:\/\/keruiref.com\/certificates\/#primaryimage"},"thumbnailUrl":"https:\/\/keruiref.com\/wp-content\/uploads\/2023\/11\/CE-Certificate.jpg","datePublished":"2023-11-09T11:07:15+00:00","dateModified":"2025-09-02T02:41:33+00:00","description":"Various patent certificates and product certification certificates of Kerry Company. If you have any questions or needs, please feel free to contact us!","breadcrumb":{"@id":"https:\/\/keruiref.com\/certificates\/#breadcrumb"},"inLanguage":"fr-FR","potentialAction":[{"@type":"ReadAction","target":["https:\/\/keruiref.com\/certificates\/"]}]},{"@type":"ImageObject","inLanguage":"fr-FR","@id":"https:\/\/keruiref.com\/certificates\/#primaryimage","url":"https:\/\/keruiref.com\/wp-content\/uploads\/2023\/11\/CE-Certificate.jpg","contentUrl":"https:\/\/keruiref.com\/wp-content\/uploads\/2023\/11\/CE-Certificate.jpg"},{"@type":"BreadcrumbList","@id":"https:\/\/keruiref.com\/certificates\/#breadcrumb","itemListElement":[{"@type":"ListItem","position":1,"name":"Home","item":"https:\/\/keruiref.com\/"},{"@type":"ListItem","position":2,"name":"Certificates"}]},{"@type":"WebSite","@id":"https:\/\/keruiref.com\/el\/#website","url":"https:\/\/keruiref.com\/el\/","name":"Votre fabricant de briques r\u00e9fractaires et de produits coul\u00e9s pour le four Kerui Refractory\u00ae Site officiel","description":"","publisher":{"@id":"https:\/\/keruiref.com\/el\/#organization"},"potentialAction":[{"@type":"SearchAction","target":{"@type":"EntryPoint","urlTemplate":"https:\/\/keruiref.com\/el\/?s={search_term_string}"},"query-input":{"@type":"PropertyValueSpecification","valueRequired":true,"valueName":"search_term_string"}}],"inLanguage":"fr-FR"},{"@type":"Organization","@id":"https:\/\/keruiref.com\/el\/#organization","name":"Votre fabricant de briques r\u00e9fractaires et de produits coul\u00e9s pour le four Kerui Refractory\u00ae Site officiel","url":"https:\/\/keruiref.com\/el\/","logo":{"@type":"ImageObject","inLanguage":"fr-FR","@id":"https:\/\/keruiref.com\/el\/#\/schema\/logo\/image\/","url":"https:\/\/keruiref.com\/wp-content\/uploads\/2024\/01\/footer-Logo.png","contentUrl":"https:\/\/keruiref.com\/wp-content\/uploads\/2024\/01\/footer-Logo.png","width":282,"height":70,"caption":"Your Refractory Bricks, Castables Manufacturer For Kiln | Kerui Refractory\u00ae Official Website"},"image":{"@id":"https:\/\/keruiref.com\/el\/#\/schema\/logo\/image\/"}}]}},"_links":{"self":[{"href":"https:\/\/keruiref.com\/fr\/wp-json\/wp\/v2\/pages\/20167","targetHints":{"allow":["GET"]}}],"collection":[{"href":"https:\/\/keruiref.com\/fr\/wp-json\/wp\/v2\/pages"}],"about":[{"href":"https:\/\/keruiref.com\/fr\/wp-json\/wp\/v2\/types\/page"}],"author":[{"embeddable":true,"href":"https:\/\/keruiref.com\/fr\/wp-json\/wp\/v2\/users\/1"}],"replies":[{"embeddable":true,"href":"https:\/\/keruiref.com\/fr\/wp-json\/wp\/v2\/comments?post=20167"}],"version-history":[{"count":0,"href":"https:\/\/keruiref.com\/fr\/wp-json\/wp\/v2\/pages\/20167\/revisions"}],"wp:attachment":[{"href":"https:\/\/keruiref.com\/fr\/wp-json\/wp\/v2\/media?parent=20167"}],"curies":[{"name":"wp","href":"https:\/\/api.w.org\/{rel}","templated":true}]}}