{"id":20,"date":"2023-05-26T15:12:18","date_gmt":"2023-05-26T07:12:18","guid":{"rendered":"https:\/\/keruiref.com\/?page_id=20"},"modified":"2025-07-29T18:00:05","modified_gmt":"2025-07-29T10:00:05","slug":"nous-contacter","status":"publish","type":"page","link":"https:\/\/keruiref.com\/fr\/nous-contacter\/","title":{"rendered":"Nous contacter"},"content":{"rendered":"<div class=\"contact-banner\">Kerui Refractory est \u00e0 votre<br \/>\n24 heures sur 24, 7 jours sur 7.<\/div>\n<div class=\"wpcf7 no-js\" id=\"wpcf7-f328-o1\" lang=\"en-US\" dir=\"ltr\" data-wpcf7-id=\"328\">\n<div class=\"screen-reader-response\">\n<p role=\"status\" aria-live=\"polite\" aria-atomic=\"true\">\n<ul><\/ul>\n<\/div>\n<form action=\"\/fr\/wp-json\/wp\/v2\/pages\/20#wpcf7-f328-o1\" method=\"post\" class=\"wpcf7-form init\" aria-label=\"Formulaire de contact\" novalidate=\"novalidate\" data-status=\"init\" data-trp-original-action=\"\/fr\/wp-json\/wp\/v2\/pages\/20#wpcf7-f328-o1\">\n<div style=\"display: none;\">\n<input type=\"hidden\" name=\"_wpcf7\" value=\"328\" \/><br \/>\n<input type=\"hidden\" name=\"_wpcf7_version\" value=\"6.0.4\" \/><br \/>\n<input type=\"hidden\" name=\"_wpcf7_locale\" value=\"en_US\" \/><br \/>\n<input type=\"hidden\" name=\"_wpcf7_unit_tag\" value=\"wpcf7-f328-o1\" \/><br \/>\n<input type=\"hidden\" name=\"_wpcf7_container_post\" value=\"0\" \/><br \/>\n<input type=\"hidden\" name=\"_wpcf7_posted_data_hash\" value=\"\" \/><br \/>\n<input type=\"hidden\" name=\"_wpcf7_recaptcha_response\" value=\"\" \/>\n<\/div>\n<div class=\"form-box\" id=\"Contact-Us\">\n<div class=\"isleft\">\n<div class=\"contact-title\">\n<p>Nous contacter\n\t\t\t<\/p>\n<\/p><\/div>\n<div class=\"contactp\">\n<p>N'h\u00e9sitez pas \u00e0 nous faire part de votre demande en remplissant le formulaire pr\u00e9vu \u00e0 cet effet. Nous vous r\u00e9pondrons dans les 6 heures.\n\t\t\t<\/p>\n<\/p><\/div>\n<ul class=\"contact\">\n<li class=\"email\">\n<p><img decoding=\"async\" src=\"https:\/\/keruiref.com\/wp-content\/uploads\/2023\/12\/email.png\" alt=\"\" \/>Courriel :\n\t\t\t\t<\/p>\n<p><a href=\"mailto:market@keruiref.com\">market@keruiref.com<\/a>\n\t\t\t\t<\/p>\n<\/li>\n<li class=\"phone\">\n<p><img decoding=\"async\" src=\"https:\/\/keruiref.com\/wp-content\/uploads\/2023\/12\/tel.png\" alt=\"\" \/>T\u00e9l\u00e9phone\/whatsapp :\n\t\t\t\t<\/p>\n<p><a href=\"https:\/\/wa.me\/8619138178880\">+86 19138178880<\/a>\n\t\t\t\t<\/p>\n<\/li>\n<li class=\"location\">\n<p><img decoding=\"async\" src=\"https:\/\/keruiref.com\/wp-content\/uploads\/2023\/12\/Location.png\" alt=\"\" \/>Base de fabrication :\n\t\t\t\t<\/p>\n<p>Zone d'industrie r\u00e9fractaire de Chaohua,<br \/>\nVille de Xinmi, province du Henan, Chine\n\t\t\t\t<\/p>\n<\/li>\n<\/ul><\/div>\n<div class=\"isright\">\n<ul class=\"contact-input\">\n<li>\n<div class=\"islabel\">\n<p>* Nom :\n\t\t\t\t\t<\/p>\n<\/p><\/div>\n<p><span class=\"wpcf7-form-control-wrap\" data-name=\"your-name\"><input size=\"40\" maxlength=\"400\" class=\"wpcf7-form-control wpcf7-text wpcf7-validates-as-required\" aria-required=\"true\" aria-invalid=\"false\" placeholder=\"\" value=\"\" type=\"text\" name=\"your-name\" \/><\/span>\n\t\t\t\t<\/p>\n<\/li>\n<li>\n<div class=\"islabel\">\n<p>* Email :\n\t\t\t\t\t<\/p>\n<\/p><\/div>\n<p><span class=\"wpcf7-form-control-wrap\" data-name=\"your-email\"><input size=\"40\" maxlength=\"400\" class=\"wpcf7-form-control wpcf7-email wpcf7-validates-as-required wpcf7-text wpcf7-validates-as-email\" aria-required=\"true\" aria-invalid=\"false\" placeholder=\"\" value=\"\" type=\"email\" name=\"your-email\" \/><\/span>\n\t\t\t\t<\/p>\n<\/li>\n<li>\n<div class=\"islabel\">\n<p>* T\u00e9l\u00e9phone\/Appel :\n\t\t\t\t\t<\/p>\n<\/p><\/div>\n<p><span class=\"wpcf7-form-control-wrap\" data-name=\"your-phone\"><input size=\"40\" maxlength=\"400\" class=\"wpcf7-form-control wpcf7-tel wpcf7-text wpcf7-validates-as-tel\" aria-invalid=\"false\" placeholder=\"\" value=\"\" type=\"tel\" name=\"your-phone\" \/><\/span>\n\t\t\t\t<\/p>\n<\/li>\n<li>\n<div class=\"islabel\">\n<p>Pays :\n\t\t\t\t\t<\/p>\n<\/p><\/div>\n<p><span class=\"wpcf7-form-control-wrap\" data-name=\"your-country\"><input size=\"40\" maxlength=\"400\" class=\"wpcf7-form-control wpcf7-text\" aria-invalid=\"false\" placeholder=\"\" value=\"\" type=\"text\" name=\"your-country\" \/><\/span>\n\t\t\t\t<\/p>\n<\/li>\n<li class=\"ismassage\">\n<div class=\"islabel\">\n<p>* Message :\n\t\t\t\t\t<\/p>\n<\/p><\/div>\n<p><span class=\"wpcf7-form-control-wrap\" data-name=\"your-msg\"><textarea cols=\"40\" rows=\"10\" maxlength=\"2000\" class=\"wpcf7-form-control wpcf7-textarea wpcf7-validates-as-required\" aria-required=\"true\" aria-invalid=\"false\" name=\"your-msg\"><\/textarea><\/span>\n\t\t\t\t<\/p>\n<\/li>\n<li class=\"wpcf7-btns-box\">\n<div class=\"isFileName\">\n\t\t\t\t<\/div>\n<div class=\"wpcf7-btns\">\n<p><input class=\"wpcf7-form-control wpcf7-submit has-spinner\" type=\"submit\" value=\"ENVOYER\" \/>\n\t\t\t\t\t<\/p>\n<\/p><\/div>\n<\/li>\n<\/ul><\/div>\n<\/div>\n<div class=\"wpcf7-response-output\" aria-hidden=\"true\"><\/div>\n<input type=\"hidden\" name=\"trp-form-language\" value=\"fr\"\/><\/form>\n<\/div>\n<div class=\"contact-serve\">\n<div class=\"contact-title\">Comment Kerui vous servira<\/div>\n<ul>\n<li>\n<div class=\"t1\">60<sub>s<\/sub><\/div>\n<div class=\"t2\">Recevoir votre demande et votre profil de construction<\/div>\n<\/li>\n<li>\n<div class=\"t1\">30<sub>m<\/sub><\/div>\n<div class=\"t2\">Questions et r\u00e9ponses techniques en 30 minutes<\/div>\n<\/li>\n<li>\n<div class=\"t1\">24<sub>h<\/sub><\/div>\n<div class=\"t2\">Proposition fournie dans les 24 heures<\/div>\n<\/li>\n<li>\n<div class=\"t1\">72<sub>h<\/sub><\/div>\n<div class=\"t2\">Envoi d'un ing\u00e9nieur dans les 72 heures<\/div>\n<\/li>\n<li>\n<div class=\"t1\">365<sub>d<\/sub><\/div>\n<div class=\"t2\">\u00c0 votre service 24 heures sur 24, 7 jours sur 7.<\/div>\n<\/li>\n<\/ul>\n<\/div>","protected":false},"excerpt":{"rendered":"Kerui Refractory is at your service 24\/7. How Kerui Will Serve You 60s Receive your inquiry and build profile 30m Technical Q&amp;A with in 30 minutes 24h Proposal provided in 24 hours 72h Engineer dispatching within 72 hours 365d At your service 24\/7.","protected":false},"author":1,"featured_media":0,"parent":0,"menu_order":0,"comment_status":"closed","ping_status":"closed","template":"","meta":{"footnotes":""},"class_list":{"0":"post-20","1":"page","2":"type-page","3":"status-publish","5":"no-featured-image-padding"},"yoast_head":"<!-- This site is optimized with the Yoast SEO plugin v24.9 - https:\/\/yoast.com\/wordpress\/plugins\/seo\/ -->\n<title>Kerui Refractory\u00ae Official Website | Contact KERUI<\/title>\n<meta name=\"description\" content=\"KERUI Refractory supplies refractory bricks, refractory castables, insulation bricks, ceramic fiber products, lower prices, fast delivery, if you have any needs, please contact us: Email: market@keruiref.com Whatsapp: +86 19138178880\" \/>\n<meta name=\"robots\" content=\"index, follow, max-snippet:-1, max-image-preview:large, max-video-preview:-1\" \/>\n<link rel=\"canonical\" href=\"https:\/\/keruiref.com\/fr\/nous-contacter\/\" \/>\n<script type=\"application\/ld+json\" class=\"yoast-schema-graph\">{\"@context\":\"https:\/\/schema.org\",\"@graph\":[{\"@type\":\"WebPage\",\"@id\":\"https:\/\/keruiref.com\/contact-us\/\",\"url\":\"https:\/\/keruiref.com\/contact-us\/\",\"name\":\"Kerui Refractory\u00ae Official Website | Contact KERUI\",\"isPartOf\":{\"@id\":\"https:\/\/keruiref.com\/el\/#website\"},\"datePublished\":\"2023-05-26T07:12:18+00:00\",\"dateModified\":\"2025-07-29T10:00:05+00:00\",\"description\":\"KERUI Refractory supplies refractory bricks, refractory castables, insulation bricks, ceramic fiber products, lower prices, fast delivery, if you have any needs, please contact us: Email: market@keruiref.com Whatsapp: +86 19138178880\",\"breadcrumb\":{\"@id\":\"https:\/\/keruiref.com\/contact-us\/#breadcrumb\"},\"inLanguage\":\"fr-FR\",\"potentialAction\":[{\"@type\":\"ReadAction\",\"target\":[\"https:\/\/keruiref.com\/contact-us\/\"]}]},{\"@type\":\"BreadcrumbList\",\"@id\":\"https:\/\/keruiref.com\/contact-us\/#breadcrumb\",\"itemListElement\":[{\"@type\":\"ListItem\",\"position\":1,\"name\":\"Home\",\"item\":\"https:\/\/keruiref.com\/\"},{\"@type\":\"ListItem\",\"position\":2,\"name\":\"Contact Us\"}]},{\"@type\":\"WebSite\",\"@id\":\"https:\/\/keruiref.com\/el\/#website\",\"url\":\"https:\/\/keruiref.com\/el\/\",\"name\":\"Your Refractory Bricks, Castables Manufacturer For Kiln | Kerui Refractory\u00ae Official Website\",\"description\":\"\",\"publisher\":{\"@id\":\"https:\/\/keruiref.com\/el\/#organization\"},\"potentialAction\":[{\"@type\":\"SearchAction\",\"target\":{\"@type\":\"EntryPoint\",\"urlTemplate\":\"https:\/\/keruiref.com\/el\/?s={search_term_string}\"},\"query-input\":{\"@type\":\"PropertyValueSpecification\",\"valueRequired\":true,\"valueName\":\"search_term_string\"}}],\"inLanguage\":\"fr-FR\"},{\"@type\":\"Organization\",\"@id\":\"https:\/\/keruiref.com\/el\/#organization\",\"name\":\"Your Refractory Bricks, Castables Manufacturer For Kiln | Kerui Refractory\u00ae Official Website\",\"url\":\"https:\/\/keruiref.com\/el\/\",\"logo\":{\"@type\":\"ImageObject\",\"inLanguage\":\"fr-FR\",\"@id\":\"https:\/\/keruiref.com\/el\/#\/schema\/logo\/image\/\",\"url\":\"https:\/\/keruiref.com\/wp-content\/uploads\/2024\/01\/footer-Logo.png\",\"contentUrl\":\"https:\/\/keruiref.com\/wp-content\/uploads\/2024\/01\/footer-Logo.png\",\"width\":282,\"height\":70,\"caption\":\"Your Refractory Bricks, Castables Manufacturer For Kiln | Kerui Refractory\u00ae Official Website\"},\"image\":{\"@id\":\"https:\/\/keruiref.com\/el\/#\/schema\/logo\/image\/\"}}]}<\/script>\n<!-- \/ Yoast SEO plugin. -->","yoast_head_json":{"title":"Site officiel de Kerui Refractory\u00ae | Contact KERUI","description":"KERUI Refractory fournit des briques r\u00e9fractaires, des produits moul\u00e9s r\u00e9fractaires, des briques d'isolation, des produits en fibre c\u00e9ramique, des prix inf\u00e9rieurs, une livraison rapide, si vous avez des besoins, veuillez nous contacter : Courriel : market@keruiref.com Whatsapp : +86 19138178880","robots":{"index":"index","follow":"follow","max-snippet":"max-snippet:-1","max-image-preview":"max-image-preview:large","max-video-preview":"max-video-preview:-1"},"canonical":"https:\/\/keruiref.com\/fr\/nous-contacter\/","schema":{"@context":"https:\/\/schema.org","@graph":[{"@type":"WebPage","@id":"https:\/\/keruiref.com\/contact-us\/","url":"https:\/\/keruiref.com\/contact-us\/","name":"Site officiel de Kerui Refractory\u00ae | Contact KERUI","isPartOf":{"@id":"https:\/\/keruiref.com\/el\/#website"},"datePublished":"2023-05-26T07:12:18+00:00","dateModified":"2025-07-29T10:00:05+00:00","description":"KERUI Refractory fournit des briques r\u00e9fractaires, des produits moul\u00e9s r\u00e9fractaires, des briques d'isolation, des produits en fibre c\u00e9ramique, des prix inf\u00e9rieurs, une livraison rapide, si vous avez des besoins, veuillez nous contacter : Courriel : market@keruiref.com Whatsapp : +86 19138178880","breadcrumb":{"@id":"https:\/\/keruiref.com\/contact-us\/#breadcrumb"},"inLanguage":"fr-FR","potentialAction":[{"@type":"ReadAction","target":["https:\/\/keruiref.com\/contact-us\/"]}]},{"@type":"BreadcrumbList","@id":"https:\/\/keruiref.com\/contact-us\/#breadcrumb","itemListElement":[{"@type":"ListItem","position":1,"name":"Home","item":"https:\/\/keruiref.com\/"},{"@type":"ListItem","position":2,"name":"Contact Us"}]},{"@type":"WebSite","@id":"https:\/\/keruiref.com\/el\/#website","url":"https:\/\/keruiref.com\/el\/","name":"Votre fabricant de briques r\u00e9fractaires et de produits coul\u00e9s pour le four Kerui Refractory\u00ae Site officiel","description":"","publisher":{"@id":"https:\/\/keruiref.com\/el\/#organization"},"potentialAction":[{"@type":"SearchAction","target":{"@type":"EntryPoint","urlTemplate":"https:\/\/keruiref.com\/el\/?s={search_term_string}"},"query-input":{"@type":"PropertyValueSpecification","valueRequired":true,"valueName":"search_term_string"}}],"inLanguage":"fr-FR"},{"@type":"Organization","@id":"https:\/\/keruiref.com\/el\/#organization","name":"Votre fabricant de briques r\u00e9fractaires et de produits coul\u00e9s pour le four Kerui Refractory\u00ae Site officiel","url":"https:\/\/keruiref.com\/el\/","logo":{"@type":"ImageObject","inLanguage":"fr-FR","@id":"https:\/\/keruiref.com\/el\/#\/schema\/logo\/image\/","url":"https:\/\/keruiref.com\/wp-content\/uploads\/2024\/01\/footer-Logo.png","contentUrl":"https:\/\/keruiref.com\/wp-content\/uploads\/2024\/01\/footer-Logo.png","width":282,"height":70,"caption":"Your Refractory Bricks, Castables Manufacturer For Kiln | Kerui Refractory\u00ae Official Website"},"image":{"@id":"https:\/\/keruiref.com\/el\/#\/schema\/logo\/image\/"}}]}},"_links":{"self":[{"href":"https:\/\/keruiref.com\/fr\/wp-json\/wp\/v2\/pages\/20","targetHints":{"allow":["GET"]}}],"collection":[{"href":"https:\/\/keruiref.com\/fr\/wp-json\/wp\/v2\/pages"}],"about":[{"href":"https:\/\/keruiref.com\/fr\/wp-json\/wp\/v2\/types\/page"}],"author":[{"embeddable":true,"href":"https:\/\/keruiref.com\/fr\/wp-json\/wp\/v2\/users\/1"}],"replies":[{"embeddable":true,"href":"https:\/\/keruiref.com\/fr\/wp-json\/wp\/v2\/comments?post=20"}],"version-history":[{"count":0,"href":"https:\/\/keruiref.com\/fr\/wp-json\/wp\/v2\/pages\/20\/revisions"}],"wp:attachment":[{"href":"https:\/\/keruiref.com\/fr\/wp-json\/wp\/v2\/media?parent=20"}],"curies":[{"name":"wp","href":"https:\/\/api.w.org\/{rel}","templated":true}]}}