{"id":87182,"date":"2025-06-16T17:39:55","date_gmt":"2025-06-16T09:39:55","guid":{"rendered":"https:\/\/keruiref.com\/?page_id=87182"},"modified":"2025-06-16T17:48:42","modified_gmt":"2025-06-16T09:48:42","slug":"magnesio-fundido","status":"publish","type":"page","link":"https:\/\/keruiref.com\/es\/magnesio-fundido\/","title":{"rendered":"Magnesio fundido"},"content":{"rendered":"<div class=\"page_model product_info\">\n<div class=\"preview\"><img loading=\"lazy\" decoding=\"async\" class=\"alignnone size-full wp-image-87184\" src=\"https:\/\/keruiref.com\/wp-content\/uploads\/2025\/06\/KERUI-Fused-Magnesium-1.webp\" alt=\"\" width=\"660\" height=\"495\" srcset=\"https:\/\/keruiref.com\/wp-content\/uploads\/2025\/06\/KERUI-Fused-Magnesium-1.webp 660w, https:\/\/keruiref.com\/wp-content\/uploads\/2025\/06\/KERUI-Fused-Magnesium-1-300x225.webp 300w, https:\/\/keruiref.com\/wp-content\/uploads\/2025\/06\/KERUI-Fused-Magnesium-1-16x12.webp 16w\" sizes=\"auto, (max-width: 660px) 100vw, 660px\" \/>-<\/div>\n<div class=\"info\">\n<h1>Magnesio fundido<\/h1>\n<p>El magnesio fundido (FM) es un tipo de material refractario que se produce mediante la fusi\u00f3n por arco el\u00e9ctrico de magnesia calcinada c\u00e1ustica, magnesia calcinada muerta o magnesita bruta en hornos a temperaturas superiores a 2750\u00b0C.<\/p>\n<ul>\n<li>w(MgO)\u2265\/%: 94-98<\/li>\n<li>w(SiO2)\u2264\/%: 0,5-2,5<\/li>\n<li>w(AL2O3)\u2264\/%: 0,15-0,6<\/li>\n<\/ul>\n<div class=\"tags\">\n<p>Alta calidad<\/p>\n<p>Precio razonable<\/p>\n<p>Productos y soluciones personalizables<\/p>\n<p>Entrega puntual<\/p>\n<p>24\/7\/365 A su servicio<\/p>\n<\/div>\n<p><a class=\"inruiry fancybox\" href=\"#contact_form_pop\">consulta ahora<\/a><a class=\"email-btn\" href=\"mailto:market@keruiref.com\">enviar correo electr\u00f3nico<\/a><\/p>\n<\/div>\n<\/div>\n<ul class=\"anchor\">\n<li><a href=\"#PRODUCTDESCRIPTION\">DESCRIPCI\u00d3N DEL PRODUCTO<\/a><\/li>\n<li><a href=\"#TechniqueData\">Datos t\u00e9cnicos<\/a><\/li>\n<li><a href=\"#INQUIRY\">CONSULTA<\/a><\/li>\n<li><a href=\"#RELATEDPRODUCTS\">PRODUCTOS RELACIONADOS<\/a><\/li>\n<\/ul>\n<div class=\"page_model\">\n<h2 id=\"PRODUCTDESCRIPTION\">Descripci\u00f3n del magnesio fundido<\/h2>\n<p>El magnesio fundido (FM) es un tipo de material refractario que se produce mediante la fusi\u00f3n por arco el\u00e9ctrico de magnesia calcinada c\u00e1ustica, magnesia calcinada a muerte o magnesita bruta en hornos a temperaturas superiores a 2750\u00b0C. Tiene un punto de fusi\u00f3n elevado, una excelente resistencia al choque t\u00e9rmico y una buena estabilidad qu\u00edmica, lo que lo convierte en un material muy utilizado en diversas aplicaciones industriales, como la siderurgia, la fabricaci\u00f3n de cemento y la producci\u00f3n de vidrio.<\/p>\n<p><img loading=\"lazy\" decoding=\"async\" class=\"alignnone size-full wp-image-87187\" src=\"https:\/\/keruiref.com\/wp-content\/uploads\/2025\/06\/KERUI-Fused-Magnesium-4.webp\" alt=\"\" width=\"1450\" height=\"358\" srcset=\"https:\/\/keruiref.com\/wp-content\/uploads\/2025\/06\/KERUI-Fused-Magnesium-4.webp 1450w, https:\/\/keruiref.com\/wp-content\/uploads\/2025\/06\/KERUI-Fused-Magnesium-4-300x74.webp 300w, https:\/\/keruiref.com\/wp-content\/uploads\/2025\/06\/KERUI-Fused-Magnesium-4-1024x253.webp 1024w, https:\/\/keruiref.com\/wp-content\/uploads\/2025\/06\/KERUI-Fused-Magnesium-4-768x190.webp 768w, https:\/\/keruiref.com\/wp-content\/uploads\/2025\/06\/KERUI-Fused-Magnesium-4-18x4.webp 18w\" sizes=\"auto, (max-width: 1450px) 100vw, 1450px\" \/><\/p>\n<h2 id=\"TechniqueData\">Ficha t\u00e9cnica del magnesio fundido Kerui<\/h2>\n<table id=\"tablepress-102\" class=\"tablepress tablepress-id-102 tbody-has-connected-cells\">\n<thead>\n<tr class=\"row-1\">\n<th class=\"column-1\">Producto<\/th>\n<th class=\"column-2\">MgO<\/th>\n<th class=\"column-3\">SiO2<\/th>\n<th class=\"column-4\">Al2O3<\/th>\n<th class=\"column-5\">Fe2O3<\/th>\n<th class=\"column-6\">CaO<\/th>\n<th class=\"column-7\">Loi<\/th>\n<th class=\"column-8\">BD<\/th>\n<th class=\"column-9\">Paquete<\/th>\n<\/tr>\n<\/thead>\n<tbody class=\"row-striping row-hover\">\n<tr class=\"row-2\">\n<td class=\"column-1\">Nombre<\/td>\n<td class=\"column-2\">(%)<\/td>\n<td class=\"column-3\">(%)<\/td>\n<td class=\"column-4\">(%)<\/td>\n<td class=\"column-5\">(%)<\/td>\n<td class=\"column-6\">(%)<\/td>\n<td class=\"column-7\">(%)<\/td>\n<td class=\"column-8\">(kg\/cm<span style=\"color:#FFFFFF;\"><sup>3<\/sup><\/span><span style=\"color:#FFFFFF;\">)<\/span><\/td>\n<td class=\"column-9\"><\/td>\n<\/tr>\n<tr class=\"row-3\">\n<td class=\"column-1\">FM94<\/td>\n<td class=\"column-2\">94MIN<\/td>\n<td class=\"column-3\">2,5MAX<\/td>\n<td class=\"column-4\">0,6MAX<\/td>\n<td class=\"column-5\">1.0MAX<\/td>\n<td class=\"column-6\">2.0MAX<\/td>\n<td class=\"column-7\">0,3MAX<\/td>\n<td class=\"column-8\">3.4MIN<\/td>\n<td class=\"column-9\">BOLSA TON (1,25)<\/td>\n<\/tr>\n<tr class=\"row-4\">\n<td class=\"column-1\">FM95<\/td>\n<td class=\"column-2\">95MIN<\/td>\n<td class=\"column-3\">1,5MAX<\/td>\n<td class=\"column-4\">0,6MAX<\/td>\n<td class=\"column-5\">1.0MAX<\/td>\n<td class=\"column-6\">2.0MAX<\/td>\n<td class=\"column-7\">0,3MAX<\/td>\n<td class=\"column-8\">3.4MIN<\/td>\n<td class=\"column-9\">BOLSA TON (1,25)<\/td>\n<\/tr>\n<tr class=\"row-5\">\n<td class=\"column-1\">FM96<\/td>\n<td class=\"column-2\">96MIN<\/td>\n<td class=\"column-3\">0,9MAX<\/td>\n<td class=\"column-4\">0,2MAX<\/td>\n<td class=\"column-5\">0,8MAX<\/td>\n<td class=\"column-6\">1.2MAX<\/td>\n<td class=\"column-7\">0,2MAX<\/td>\n<td class=\"column-8\">3.45MIN<\/td>\n<td class=\"column-9\">BOLSA TON (1,25)<\/td>\n<\/tr>\n<tr class=\"row-6\">\n<td class=\"column-1\">FM97<\/td>\n<td class=\"column-2\">97MIN<\/td>\n<td class=\"column-3\">0,7MAX<\/td>\n<td class=\"column-4\">0,2MAX<\/td>\n<td class=\"column-5\">0,8MAX<\/td>\n<td class=\"column-6\">1.2MAX<\/td>\n<td class=\"column-7\">0,2MAX<\/td>\n<td class=\"column-8\">3.48MIN<\/td>\n<td class=\"column-9\">BOLSA TON (1,25)<\/td>\n<\/tr>\n<tr class=\"row-7\">\n<td class=\"column-1\">FM98<\/td>\n<td class=\"column-2\">98MIN<\/td>\n<td class=\"column-3\">0,5MAX<\/td>\n<td class=\"column-4\">0,15MAX<\/td>\n<td class=\"column-5\">0,5MAX<\/td>\n<td class=\"column-6\">1.0MAX<\/td>\n<td class=\"column-7\">0,1MAX<\/td>\n<td class=\"column-8\">3.48MIN<\/td>\n<td class=\"column-9\">BOLSA TON (1,25)<\/td>\n<\/tr>\n<tr class=\"row-8\">\n<td colspan=\"9\" class=\"column-1\"><\/td>\n<\/tr>\n<tr class=\"row-9\">\n<td colspan=\"2\" class=\"column-1\">Tama\u00f1os gruesos<\/td>\n<td colspan=\"7\" class=\"column-3\">1-15 mm, 3-15 mm, 5-15 mm, 3-8 mm, 5-10 mm, personalizable<\/td>\n<\/tr>\n<tr class=\"row-10\">\n<td colspan=\"2\" class=\"column-1\">Fracciones peque\u00f1as<\/td>\n<td colspan=\"7\" class=\"column-3\">0-1 mm, 0,5-1 mm, 1-3 mm, 1-5 mm, 200 mallas, personalizable<\/td>\n<\/tr>\n<tr class=\"row-11\">\n<td colspan=\"2\" class=\"column-1\">Embalaje<\/td>\n<td colspan=\"7\" class=\"column-3\">Bolsas de 1,35 toneladas, personalizables<\/td>\n<\/tr>\n<tr class=\"row-12\">\n<td colspan=\"2\" class=\"column-1\">Color<\/td>\n<td colspan=\"2\" class=\"column-3\">Marr\u00f3n<\/td>\n<td colspan=\"2\" class=\"column-5\">Blanco<\/td>\n<td colspan=\"3\" class=\"column-7\">Cristal grande<\/td>\n<\/tr>\n<\/tbody>\n<\/table>\n<p><!-- #tablepress-102 from cache --><\/p>\n<p style=\"text-align: center;\"><strong><a class=\"fancybox price\" href=\"#contact_form_pop\">OBTENER PRECIO<\/a><\/strong><\/p>\n<h2>Proceso de producci\u00f3n de magnesia fundida:<\/h2>\n<p>La magnesita (carbonato de magnesio MgCO3) se transforma en magnesia mediante la aplicaci\u00f3n de calor que expulsa el di\u00f3xido de carbono (CO2), convirtiendo as\u00ed el carbonato en \u00f3xido de magnesio (MgO).<\/p>\n<p>La magnesia fundida es un material de gran pureza utilizado en la producci\u00f3n de materiales refractarios, cer\u00e1mica y otras aplicaciones industriales. La producci\u00f3n de magnesia fundida implica varios pasos.<\/p>\n<p>Preparaci\u00f3n de la materia prima: La materia prima utilizada en la producci\u00f3n de magnesia fundida es la magnesita, un mineral natural. La magnesita se tritura primero en trozos peque\u00f1os y luego se calcina a altas temperaturas para eliminar las impurezas y el agua.<\/p>\n<p>Fusi\u00f3n: La magnesita calcinada se mezcla con coque y otros aditivos y se introduce en un horno de arco el\u00e9ctrico. El horno se calienta a una temperatura de unos 3.000 grados cent\u00edgrados, lo que provoca la fusi\u00f3n de la magnesita.<\/p>\n<p>Enfriamiento y solidificaci\u00f3n: La magnesia fundida se enfr\u00eda y solidifica verti\u00e9ndola en moldes o roci\u00e1ndola con agua. Este proceso puede durar varios d\u00edas o incluso semanas, dependiendo del tama\u00f1o y la forma del producto deseado.<\/p>\n<h2>Aplicaciones del magnesio fundido<\/h2>\n<p>Magnesio fundido (FM) Aplicaci\u00f3n:<\/p>\n<p>- Alto rendimiento <a href=\"https:\/\/keruiref.com\/es\/magnesia-carbon-brick\/\" target=\"_blank\" rel=\"noopener\"><strong>Ladrillo de carb\u00f3n de magnesia<\/strong> <\/a>para la industria sider\u00fargica,<\/p>\n<p>- Ladrillos refractarios cocidos para la industria del cemento y del vidrio,<\/p>\n<p>- Industria de los elementos calefactores<\/p>\n<\/div>\n<p><img loading=\"lazy\" decoding=\"async\" class=\"alignnone size-full wp-image-11590\" src=\"https:\/\/keruiref.com\/wp-content\/uploads\/2023\/09\/APPLICATION-1.jpg\" alt=\"SOLICITUD\" width=\"1600\" height=\"750\" srcset=\"https:\/\/keruiref.com\/wp-content\/uploads\/2023\/09\/APPLICATION-1.jpg 1600w, https:\/\/keruiref.com\/wp-content\/uploads\/2023\/09\/APPLICATION-1-300x141.jpg 300w, https:\/\/keruiref.com\/wp-content\/uploads\/2023\/09\/APPLICATION-1-1024x480.jpg 1024w, https:\/\/keruiref.com\/wp-content\/uploads\/2023\/09\/APPLICATION-1-768x360.jpg 768w, https:\/\/keruiref.com\/wp-content\/uploads\/2023\/09\/APPLICATION-1-1536x720.jpg 1536w\" sizes=\"auto, (max-width: 1600px) 100vw, 1600px\" \/><\/p>\n<p><center><a class=\"fancybox price\" href=\"#contact_form_pop\">OBTENER PRECIO<\/a><\/center><\/p>\n<h2>Laboratorio de refractarios Kerui<\/h2>\n<p>Kerui cuenta con un laboratorio profesional de inspecci\u00f3n de calidad. Horno de ensayo de fluencia de recalentamiento\/ablandamiento de carga a alta temperatura; Banco de ensayo de resistencia a la compresi\u00f3n\/flexi\u00f3n para materiales refractarios; Plataforma de ensayo e inspecci\u00f3n de composici\u00f3n para materiales refractarios; Laboratorio de propiedades f\u00edsicas\/qu\u00edmicas para materiales refractarios.<\/p>\n<p><img loading=\"lazy\" decoding=\"async\" class=\"alignnone size-full wp-image-11856\" src=\"https:\/\/keruiref.com\/wp-content\/uploads\/2023\/09\/laboratory.jpg\" alt=\"laboratorio\" width=\"1600\" height=\"261\" srcset=\"https:\/\/keruiref.com\/wp-content\/uploads\/2023\/09\/laboratory.jpg 1600w, https:\/\/keruiref.com\/wp-content\/uploads\/2023\/09\/laboratory-300x49.jpg 300w, https:\/\/keruiref.com\/wp-content\/uploads\/2023\/09\/laboratory-1024x167.jpg 1024w, https:\/\/keruiref.com\/wp-content\/uploads\/2023\/09\/laboratory-768x125.jpg 768w, https:\/\/keruiref.com\/wp-content\/uploads\/2023\/09\/laboratory-1536x251.jpg 1536w\" sizes=\"auto, (max-width: 1600px) 100vw, 1600px\" \/><\/p>\n<div id=\"INQUIRY\" class=\"page_model\">\n<div class=\"wpcf7 no-js\" id=\"wpcf7-f328-o1\" lang=\"en-US\" dir=\"ltr\" data-wpcf7-id=\"328\">\n<div class=\"screen-reader-response\">\n<p role=\"status\" aria-live=\"polite\" aria-atomic=\"true\">\n<ul><\/ul>\n<\/div>\n<form action=\"\/es\/wp-json\/wp\/v2\/pages\/87182#wpcf7-f328-o1\" method=\"post\" class=\"wpcf7-form init\" aria-label=\"Formulario de contacto\" novalidate=\"novalidate\" data-status=\"init\" data-trp-original-action=\"\/es\/wp-json\/wp\/v2\/pages\/87182#wpcf7-f328-o1\">\n<div style=\"display: none;\">\n<input type=\"hidden\" name=\"_wpcf7\" value=\"328\" \/><br \/>\n<input type=\"hidden\" name=\"_wpcf7_version\" value=\"6.0.4\" \/><br \/>\n<input type=\"hidden\" name=\"_wpcf7_locale\" value=\"en_US\" \/><br \/>\n<input type=\"hidden\" name=\"_wpcf7_unit_tag\" value=\"wpcf7-f328-o1\" \/><br \/>\n<input type=\"hidden\" name=\"_wpcf7_container_post\" value=\"0\" \/><br \/>\n<input type=\"hidden\" name=\"_wpcf7_posted_data_hash\" value=\"\" \/><br \/>\n<input type=\"hidden\" name=\"_wpcf7_recaptcha_response\" value=\"\" \/>\n<\/div>\n<div class=\"form-box\" id=\"Contact-Us\">\n<div class=\"isleft\">\n<div class=\"contact-title\">\n<p>P\u00f3ngase en contacto con nosotros\n\t\t\t<\/p>\n<\/p><\/div>\n<div class=\"contactp\">\n<p>No dude en enviarnos su consulta a trav\u00e9s del formulario. Le responderemos en un plazo de 6 horas.\n\t\t\t<\/p>\n<\/p><\/div>\n<ul class=\"contact\">\n<li class=\"email\">\n<p><img decoding=\"async\" src=\"https:\/\/keruiref.com\/wp-content\/uploads\/2023\/12\/email.png\" alt=\"\" \/>Correo electr\u00f3nico:\n\t\t\t\t<\/p>\n<p><a href=\"mailto:market@keruiref.com\">market@keruiref.com<\/a>\n\t\t\t\t<\/p>\n<\/li>\n<li class=\"phone\">\n<p><img decoding=\"async\" src=\"https:\/\/keruiref.com\/wp-content\/uploads\/2023\/12\/tel.png\" alt=\"\" \/>Tel\u00e9fono\/whatsapp:\n\t\t\t\t<\/p>\n<p><a href=\"https:\/\/wa.me\/8619138178880\">+86 19138178880<\/a>\n\t\t\t\t<\/p>\n<\/li>\n<li class=\"location\">\n<p><img decoding=\"async\" src=\"https:\/\/keruiref.com\/wp-content\/uploads\/2023\/12\/Location.png\" alt=\"\" \/>Base de fabricaci\u00f3n:\n\t\t\t\t<\/p>\n<p>Zona de Industria Refractaria de Chaohua,<br \/>\nCiudad de Xinmi, provincia de Henan, China\n\t\t\t\t<\/p>\n<\/li>\n<\/ul><\/div>\n<div class=\"isright\">\n<ul class=\"contact-input\">\n<li>\n<div class=\"islabel\">\n<p>* Nombre:\n\t\t\t\t\t<\/p>\n<\/p><\/div>\n<p><span class=\"wpcf7-form-control-wrap\" data-name=\"your-name\"><input size=\"40\" maxlength=\"400\" class=\"wpcf7-form-control wpcf7-text wpcf7-validates-as-required\" aria-required=\"true\" aria-invalid=\"false\" placeholder=\"\" value=\"\" type=\"text\" name=\"your-name\" \/><\/span>\n\t\t\t\t<\/p>\n<\/li>\n<li>\n<div class=\"islabel\">\n<p>* Email:\n\t\t\t\t\t<\/p>\n<\/p><\/div>\n<p><span class=\"wpcf7-form-control-wrap\" data-name=\"your-email\"><input size=\"40\" maxlength=\"400\" class=\"wpcf7-form-control wpcf7-email wpcf7-validates-as-required wpcf7-text wpcf7-validates-as-email\" aria-required=\"true\" aria-invalid=\"false\" placeholder=\"\" value=\"\" type=\"email\" name=\"your-email\" \/><\/span>\n\t\t\t\t<\/p>\n<\/li>\n<li>\n<div class=\"islabel\">\n<p>* Tel\u00e9fono\/Whatsapp:\n\t\t\t\t\t<\/p>\n<\/p><\/div>\n<p><span class=\"wpcf7-form-control-wrap\" data-name=\"your-phone\"><input size=\"40\" maxlength=\"400\" class=\"wpcf7-form-control wpcf7-tel wpcf7-text wpcf7-validates-as-tel\" aria-invalid=\"false\" placeholder=\"\" value=\"\" type=\"tel\" name=\"your-phone\" \/><\/span>\n\t\t\t\t<\/p>\n<\/li>\n<li>\n<div class=\"islabel\">\n<p>Pa\u00eds:\n\t\t\t\t\t<\/p>\n<\/p><\/div>\n<p><span class=\"wpcf7-form-control-wrap\" data-name=\"your-country\"><input size=\"40\" maxlength=\"400\" class=\"wpcf7-form-control wpcf7-text\" aria-invalid=\"false\" placeholder=\"\" value=\"\" type=\"text\" name=\"your-country\" \/><\/span>\n\t\t\t\t<\/p>\n<\/li>\n<li class=\"ismassage\">\n<div class=\"islabel\">\n<p>* Mensaje:\n\t\t\t\t\t<\/p>\n<\/p><\/div>\n<p><span class=\"wpcf7-form-control-wrap\" data-name=\"your-msg\"><textarea cols=\"40\" rows=\"10\" maxlength=\"2000\" class=\"wpcf7-form-control wpcf7-textarea wpcf7-validates-as-required\" aria-required=\"true\" aria-invalid=\"false\" name=\"your-msg\"><\/textarea><\/span>\n\t\t\t\t<\/p>\n<\/li>\n<li class=\"wpcf7-btns-box\">\n<div class=\"isFileName\">\n\t\t\t\t<\/div>\n<div class=\"wpcf7-btns\">\n<p><input class=\"wpcf7-form-control wpcf7-submit has-spinner\" type=\"submit\" value=\"ENVIAR\" \/>\n\t\t\t\t\t<\/p>\n<\/p><\/div>\n<\/li>\n<\/ul><\/div>\n<\/div>\n<div class=\"wpcf7-response-output\" aria-hidden=\"true\"><\/div>\n<input type=\"hidden\" name=\"trp-form-language\" value=\"es\"\/><\/form>\n<\/div>\n<\/div>\n<div class=\"page_model\">\n<div class=\"swiper related-products\">\n<div class=\"swiper-wrapper\">\n<div class=\"swiper-slide\"><\/div>\n<\/div>\n<\/div>\n<\/div>","protected":false},"excerpt":{"rendered":"\u00b7 Fused Magnesium Fused Magnesium (FM) is a type of refractory material that is produced by the electric arc melting of caustic calcined magnesia, deadburned magnesia or raw magnesite in furnaces at temperatures in excess of 2750\u00b0C. w(MgO)\u2265\/%: 94-98 w(SiO2)\u2264\/%: 0.5-2.5 w(AL2O3)\u2264\/%: 0.15-0.6 High Quality &#8230; <a title=\"Magnesio fundido\" class=\"read-more\" href=\"https:\/\/keruiref.com\/es\/magnesio-fundido\/\" aria-label=\"M\u00e1s en Fused Magnesium\">Seguir leyendo<\/a>","protected":false},"author":1,"featured_media":0,"parent":0,"menu_order":0,"comment_status":"closed","ping_status":"closed","template":"","meta":{"footnotes":""},"class_list":{"0":"post-87182","1":"page","2":"type-page","3":"status-publish","5":"no-featured-image-padding"},"yoast_head":"<!-- This site is optimized with the Yoast SEO plugin v24.9 - https:\/\/yoast.com\/wordpress\/plugins\/seo\/ -->\n<title>Fused Magnesium - Your Refractory Bricks, Castables Manufacturer For Kiln | Kerui Refractory\u00ae Official Website<\/title>\n<meta name=\"robots\" content=\"index, follow, max-snippet:-1, max-image-preview:large, max-video-preview:-1\" \/>\n<link rel=\"canonical\" href=\"https:\/\/keruiref.com\/es\/magnesio-fundido\/\" \/>\n<script type=\"application\/ld+json\" class=\"yoast-schema-graph\">{\"@context\":\"https:\/\/schema.org\",\"@graph\":[{\"@type\":\"WebPage\",\"@id\":\"https:\/\/keruiref.com\/fused-magnesium\/\",\"url\":\"https:\/\/keruiref.com\/fused-magnesium\/\",\"name\":\"Fused Magnesium - Your Refractory Bricks, Castables Manufacturer For Kiln | Kerui Refractory\u00ae Official Website\",\"isPartOf\":{\"@id\":\"https:\/\/keruiref.com\/el\/#website\"},\"primaryImageOfPage\":{\"@id\":\"https:\/\/keruiref.com\/fused-magnesium\/#primaryimage\"},\"image\":{\"@id\":\"https:\/\/keruiref.com\/fused-magnesium\/#primaryimage\"},\"thumbnailUrl\":\"https:\/\/keruiref.com\/wp-content\/uploads\/2025\/06\/KERUI-Fused-Magnesium-1.webp\",\"datePublished\":\"2025-06-16T09:39:55+00:00\",\"dateModified\":\"2025-06-16T09:48:42+00:00\",\"breadcrumb\":{\"@id\":\"https:\/\/keruiref.com\/fused-magnesium\/#breadcrumb\"},\"inLanguage\":\"es\",\"potentialAction\":[{\"@type\":\"ReadAction\",\"target\":[\"https:\/\/keruiref.com\/fused-magnesium\/\"]}]},{\"@type\":\"ImageObject\",\"inLanguage\":\"es\",\"@id\":\"https:\/\/keruiref.com\/fused-magnesium\/#primaryimage\",\"url\":\"https:\/\/keruiref.com\/wp-content\/uploads\/2025\/06\/KERUI-Fused-Magnesium-1.webp\",\"contentUrl\":\"https:\/\/keruiref.com\/wp-content\/uploads\/2025\/06\/KERUI-Fused-Magnesium-1.webp\"},{\"@type\":\"BreadcrumbList\",\"@id\":\"https:\/\/keruiref.com\/fused-magnesium\/#breadcrumb\",\"itemListElement\":[{\"@type\":\"ListItem\",\"position\":1,\"name\":\"Home\",\"item\":\"https:\/\/keruiref.com\/\"},{\"@type\":\"ListItem\",\"position\":2,\"name\":\"Fused Magnesium\"}]},{\"@type\":\"WebSite\",\"@id\":\"https:\/\/keruiref.com\/el\/#website\",\"url\":\"https:\/\/keruiref.com\/el\/\",\"name\":\"Your Refractory Bricks, Castables Manufacturer For Kiln | Kerui Refractory\u00ae Official Website\",\"description\":\"\",\"publisher\":{\"@id\":\"https:\/\/keruiref.com\/el\/#organization\"},\"potentialAction\":[{\"@type\":\"SearchAction\",\"target\":{\"@type\":\"EntryPoint\",\"urlTemplate\":\"https:\/\/keruiref.com\/el\/?s={search_term_string}\"},\"query-input\":{\"@type\":\"PropertyValueSpecification\",\"valueRequired\":true,\"valueName\":\"search_term_string\"}}],\"inLanguage\":\"es\"},{\"@type\":\"Organization\",\"@id\":\"https:\/\/keruiref.com\/el\/#organization\",\"name\":\"Your Refractory Bricks, Castables Manufacturer For Kiln | Kerui Refractory\u00ae Official Website\",\"url\":\"https:\/\/keruiref.com\/el\/\",\"logo\":{\"@type\":\"ImageObject\",\"inLanguage\":\"es\",\"@id\":\"https:\/\/keruiref.com\/el\/#\/schema\/logo\/image\/\",\"url\":\"https:\/\/keruiref.com\/wp-content\/uploads\/2024\/01\/footer-Logo.png\",\"contentUrl\":\"https:\/\/keruiref.com\/wp-content\/uploads\/2024\/01\/footer-Logo.png\",\"width\":282,\"height\":70,\"caption\":\"Your Refractory Bricks, Castables Manufacturer For Kiln | Kerui Refractory\u00ae Official Website\"},\"image\":{\"@id\":\"https:\/\/keruiref.com\/el\/#\/schema\/logo\/image\/\"}}]}<\/script>\n<!-- \/ Yoast SEO plugin. -->","yoast_head_json":{"title":"Magnesio fundido - Su fabricante de ladrillos refractarios, hormigones para horno | Kerui Refractory\u00ae P\u00e1gina web oficial","robots":{"index":"index","follow":"follow","max-snippet":"max-snippet:-1","max-image-preview":"max-image-preview:large","max-video-preview":"max-video-preview:-1"},"canonical":"https:\/\/keruiref.com\/es\/magnesio-fundido\/","schema":{"@context":"https:\/\/schema.org","@graph":[{"@type":"WebPage","@id":"https:\/\/keruiref.com\/fused-magnesium\/","url":"https:\/\/keruiref.com\/fused-magnesium\/","name":"Magnesio fundido - Su fabricante de ladrillos refractarios, hormigones para horno | Kerui Refractory\u00ae P\u00e1gina web oficial","isPartOf":{"@id":"https:\/\/keruiref.com\/el\/#website"},"primaryImageOfPage":{"@id":"https:\/\/keruiref.com\/fused-magnesium\/#primaryimage"},"image":{"@id":"https:\/\/keruiref.com\/fused-magnesium\/#primaryimage"},"thumbnailUrl":"https:\/\/keruiref.com\/wp-content\/uploads\/2025\/06\/KERUI-Fused-Magnesium-1.webp","datePublished":"2025-06-16T09:39:55+00:00","dateModified":"2025-06-16T09:48:42+00:00","breadcrumb":{"@id":"https:\/\/keruiref.com\/fused-magnesium\/#breadcrumb"},"inLanguage":"es","potentialAction":[{"@type":"ReadAction","target":["https:\/\/keruiref.com\/fused-magnesium\/"]}]},{"@type":"ImageObject","inLanguage":"es","@id":"https:\/\/keruiref.com\/fused-magnesium\/#primaryimage","url":"https:\/\/keruiref.com\/wp-content\/uploads\/2025\/06\/KERUI-Fused-Magnesium-1.webp","contentUrl":"https:\/\/keruiref.com\/wp-content\/uploads\/2025\/06\/KERUI-Fused-Magnesium-1.webp"},{"@type":"BreadcrumbList","@id":"https:\/\/keruiref.com\/fused-magnesium\/#breadcrumb","itemListElement":[{"@type":"ListItem","position":1,"name":"Home","item":"https:\/\/keruiref.com\/"},{"@type":"ListItem","position":2,"name":"Fused Magnesium"}]},{"@type":"WebSite","@id":"https:\/\/keruiref.com\/el\/#website","url":"https:\/\/keruiref.com\/el\/","name":"Su fabricante de ladrillos refractarios y hormigones para hornos | Kerui Refractory\u00ae P\u00e1gina web oficial","description":"","publisher":{"@id":"https:\/\/keruiref.com\/el\/#organization"},"potentialAction":[{"@type":"SearchAction","target":{"@type":"EntryPoint","urlTemplate":"https:\/\/keruiref.com\/el\/?s={search_term_string}"},"query-input":{"@type":"PropertyValueSpecification","valueRequired":true,"valueName":"search_term_string"}}],"inLanguage":"es"},{"@type":"Organization","@id":"https:\/\/keruiref.com\/el\/#organization","name":"Su fabricante de ladrillos refractarios y hormigones para hornos | Kerui Refractory\u00ae P\u00e1gina web oficial","url":"https:\/\/keruiref.com\/el\/","logo":{"@type":"ImageObject","inLanguage":"es","@id":"https:\/\/keruiref.com\/el\/#\/schema\/logo\/image\/","url":"https:\/\/keruiref.com\/wp-content\/uploads\/2024\/01\/footer-Logo.png","contentUrl":"https:\/\/keruiref.com\/wp-content\/uploads\/2024\/01\/footer-Logo.png","width":282,"height":70,"caption":"Your Refractory Bricks, Castables Manufacturer For Kiln | Kerui Refractory\u00ae Official Website"},"image":{"@id":"https:\/\/keruiref.com\/el\/#\/schema\/logo\/image\/"}}]}},"_links":{"self":[{"href":"https:\/\/keruiref.com\/es\/wp-json\/wp\/v2\/pages\/87182","targetHints":{"allow":["GET"]}}],"collection":[{"href":"https:\/\/keruiref.com\/es\/wp-json\/wp\/v2\/pages"}],"about":[{"href":"https:\/\/keruiref.com\/es\/wp-json\/wp\/v2\/types\/page"}],"author":[{"embeddable":true,"href":"https:\/\/keruiref.com\/es\/wp-json\/wp\/v2\/users\/1"}],"replies":[{"embeddable":true,"href":"https:\/\/keruiref.com\/es\/wp-json\/wp\/v2\/comments?post=87182"}],"version-history":[{"count":0,"href":"https:\/\/keruiref.com\/es\/wp-json\/wp\/v2\/pages\/87182\/revisions"}],"wp:attachment":[{"href":"https:\/\/keruiref.com\/es\/wp-json\/wp\/v2\/media?parent=87182"}],"curies":[{"name":"wp","href":"https:\/\/api.w.org\/{rel}","templated":true}]}}