{"id":87019,"date":"2025-06-10T15:16:31","date_gmt":"2025-06-10T07:16:31","guid":{"rendered":"https:\/\/keruiref.com\/?page_id=87019"},"modified":"2025-06-10T15:16:31","modified_gmt":"2025-06-10T07:16:31","slug":"ladrillos-refractarios-basicos","status":"publish","type":"page","link":"https:\/\/keruiref.com\/es\/ladrillos-refractarios-basicos\/","title":{"rendered":"Ladrillos refractarios b\u00e1sicos"},"content":{"rendered":"<p>Los ladrillos refractarios b\u00e1sicos son un tipo de material refractario. Se componen principalmente de \u00f3xidos alcalinos como la magnesia y el \u00f3xido de calcio. Presentan una buena resistencia a las altas temperaturas y a la corrosi\u00f3n por escorias b\u00e1sicas. Ampliamente utilizados en hornos de fabricaci\u00f3n de acero, hornos de vidrio, etc., juegan un papel crucial en aplicaciones industriales de alta temperatura. Los siguientes son varios ladrillos refractarios b\u00e1sicos KERUI comunes. \u00a1Si usted tiene alguna necesidad, por favor p\u00f3ngase en contacto con nosotros para obtener el mejor presupuesto!<\/p>\n<div class='content-column one_third'>\n<div style=\"padding-right:20px;\">\n<div class=\"rccr\">\n<div class=\"hotpic\">\n<p><a href=\"https:\/\/keruiref.com\/es\/magnesia-brick\/\" target=\"_blank\" rel=\"noopener\"><img loading=\"lazy\" decoding=\"async\" class=\"alignnone wp-image-8008 size-full\" src=\"https:\/\/keruiref.com\/wp-content\/uploads\/2023\/08\/magnesia-brick-supplier.jpg\" alt=\"proveedor de ladrillos de magnesia\" width=\"660\" height=\"495\" srcset=\"https:\/\/keruiref.com\/wp-content\/uploads\/2023\/08\/magnesia-brick-supplier.jpg 660w, https:\/\/keruiref.com\/wp-content\/uploads\/2023\/08\/magnesia-brick-supplier-300x225.jpg 300w\" sizes=\"auto, (max-width: 660px) 100vw, 660px\" \/><\/a><\/p>\n<div class=\"phot\">CALIENTE<\/div>\n<\/div>\n<div class=\"rccr1\">\n<div class=\"rccr0\"><a href=\"https:\/\/keruiref.com\/es\/magnesia-brick\/\" target=\"_blank\" rel=\"noopener\">Ladrillo de magnesia<\/a><\/div>\n<ul>\n<li>MgO% (\u2265): 89-97.5<\/li>\n<li>Densidad aparente (g\/cm\u00b3): 2.85-3.0<\/li>\n<li>Refractariedad bajo carga (\u2103): 1500-1700<\/li>\n<li>Resistencia al aplastamiento en fr\u00edo (MPa): 45-60<\/li>\n<\/ul>\n<p><a class=\"iinruiry fancybox\" href=\"#contact_form_pop\">inruiry now<\/a><a class=\"eemail-btn\" href=\"mailto:market@keruiref.com\">enviar correo electr\u00f3nico<\/a><\/p>\n<\/div>\n<\/div>\n<\/div>\n<\/div>\n<div class='content-column one_third'>\n<div style=\"padding-right:20px;\">\n<div class=\"rccr\">\n<div class=\"hotpic\">\n<p><a href=\"https:\/\/keruiref.com\/es\/ladrillo-de-magnesia-fundida\/\" target=\"_blank\" rel=\"noopener\"><img loading=\"lazy\" decoding=\"async\" class=\"alignnone wp-image-83929 size-full\" src=\"https:\/\/keruiref.com\/wp-content\/uploads\/2025\/02\/Magnesia-Brick.webp\" alt=\"Ladrillo de magnesia\" width=\"660\" height=\"495\" srcset=\"https:\/\/keruiref.com\/wp-content\/uploads\/2025\/02\/Magnesia-Brick.webp 660w, https:\/\/keruiref.com\/wp-content\/uploads\/2025\/02\/Magnesia-Brick-300x225.webp 300w\" sizes=\"auto, (max-width: 660px) 100vw, 660px\" \/><\/a><\/p>\n<div class=\"phot\">CALIENTE<\/div>\n<\/div>\n<div class=\"rccr1\">\n<div class=\"rccr0\"><a href=\"https:\/\/keruiref.com\/es\/ladrillo-de-magnesia-fundida\/\" target=\"_blank\" rel=\"noopener\">Ladrillo de magnesia fundida<\/a><\/div>\n<ul>\n<li>MgO Composici\u00f3n qu\u00edmica :\u226595 \uff05;<\/li>\n<li>Porosidad aparente :\u226418 \uff05;<\/li>\n<li>Resistencia al aplastamiento en fr\u00edo :\u226555 Mpa;<\/li>\n<li>Estabilidad t\u00e9rmica 950\u2103 Ciclos de viento:\u226515;<\/li>\n<\/ul>\n<p><a class=\"iinruiry fancybox\" href=\"#contact_form_pop\">inruiry now<\/a><a class=\"eemail-btn\" href=\"mailto:market@keruiref.com\">enviar correo electr\u00f3nico<\/a><\/p>\n<\/div>\n<\/div>\n<\/div>\n<\/div>\n<div class='content-column one_third last_column'>\n<div style=\"padding-right:20px;\">\n<div class=\"rccr\">\n<div class=\"hotpic\">\n<p><a href=\"https:\/\/keruiref.com\/es\/magnesia-carbon-brick\/\" target=\"_blank\" rel=\"noopener\"><img loading=\"lazy\" decoding=\"async\" class=\"alignnone wp-image-2796 size-full\" src=\"https:\/\/keruiref.com\/wp-content\/uploads\/2023\/08\/Magnesia-Carbon-Brick-price.jpg\" alt=\"Precio de los ladrillos de magnesia\" width=\"660\" height=\"495\" srcset=\"https:\/\/keruiref.com\/wp-content\/uploads\/2023\/08\/Magnesia-Carbon-Brick-price.jpg 660w, https:\/\/keruiref.com\/wp-content\/uploads\/2023\/08\/Magnesia-Carbon-Brick-price-300x225.jpg 300w\" sizes=\"auto, (max-width: 660px) 100vw, 660px\" \/><\/a><\/p>\n<div class=\"phot\">CALIENTE<\/div>\n<\/div>\n<div class=\"rccr1\">\n<div class=\"rccr0\"><a href=\"https:\/\/keruiref.com\/es\/magnesia-carbon-brick\/\" target=\"_blank\" rel=\"noopener\">Ladrillo de carb\u00f3n de magnesia<\/a><\/div>\n<ul>\n<li>MgO%: 69-85<\/li>\n<li>C%: 5-18<\/li>\n<li>Densidad aparente (g\/cm\u00b3): 2.79-3.05<\/li>\n<li>Resistencia al aplastamiento en fr\u00edo (MPa): 30-50<\/li>\n<\/ul>\n<p><a class=\"iinruiry fancybox\" href=\"#contact_form_pop\">inruiry now<\/a><a class=\"eemail-btn\" href=\"mailto:market@keruiref.com\">enviar correo electr\u00f3nico<\/a><\/p>\n<\/div>\n<\/div>\n<\/div>\n<\/div>\n<div class='clear_column'><\/div>\n<div class='content-column one_third'>\n<div style=\"padding-right:20px;\">\n<div class=\"rccr\">\n<div class=\"hotpic\">\n<p><a href=\"https:\/\/keruiref.com\/es\/ladrillo-de-magnesia-al-cromo\/\" target=\"_blank\" rel=\"noopener\"><img loading=\"lazy\" decoding=\"async\" class=\"alignnone wp-image-8068 size-full\" src=\"https:\/\/keruiref.com\/wp-content\/uploads\/2023\/08\/magnesia-chrome-brick-manufacturer.jpg\" alt=\"fabricante de ladrillos de magnesia y cromo\" width=\"660\" height=\"495\" srcset=\"https:\/\/keruiref.com\/wp-content\/uploads\/2023\/08\/magnesia-chrome-brick-manufacturer.jpg 660w, https:\/\/keruiref.com\/wp-content\/uploads\/2023\/08\/magnesia-chrome-brick-manufacturer-300x225.jpg 300w\" sizes=\"auto, (max-width: 660px) 100vw, 660px\" \/><\/a><\/p>\n<div class=\"phot\">CALIENTE<\/div>\n<\/div>\n<div class=\"rccr1\">\n<div class=\"rccr0\"><a href=\"https:\/\/keruiref.com\/es\/ladrillo-de-magnesia-al-cromo\/\" target=\"_blank\" rel=\"noopener\">Ladrillo cromado Magnesia<\/a><\/div>\n<ul>\n<li>MgO%(\u2265): 45-65<\/li>\n<li>Cr2O3%(\u2265): 8-16<\/li>\n<li>Porosidad aparente\/%(\u2264): 19-21<\/li>\n<li>Resistencia al aplastamiento en fr\u00edo (MPa): 20-35<\/li>\n<\/ul>\n<p><a class=\"iinruiry fancybox\" href=\"#contact_form_pop\">inruiry now<\/a><a class=\"eemail-btn\" href=\"mailto:market@keruiref.com\">enviar correo electr\u00f3nico<\/a><\/p>\n<\/div>\n<\/div>\n<\/div>\n<\/div>\n<div class='content-column one_third'>\n<div style=\"padding-right:20px;\">\n<div class=\"rccr\">\n<div class=\"hotpic\">\n<p><a href=\"https:\/\/keruiref.com\/es\/ladrillo-de-magnesia-circonia\/\" target=\"_blank\" rel=\"noopener\"><img loading=\"lazy\" decoding=\"async\" class=\"alignnone wp-image-84069 size-full\" src=\"https:\/\/keruiref.com\/wp-content\/uploads\/2025\/02\/Magnesia-Zirconia-Brick.webp\" alt=\"\" width=\"660\" height=\"495\" srcset=\"https:\/\/keruiref.com\/wp-content\/uploads\/2025\/02\/Magnesia-Zirconia-Brick.webp 660w, https:\/\/keruiref.com\/wp-content\/uploads\/2025\/02\/Magnesia-Zirconia-Brick-300x225.webp 300w\" sizes=\"auto, (max-width: 660px) 100vw, 660px\" \/><\/a><\/p>\n<div class=\"phot\">CALIENTE<\/div>\n<\/div>\n<div class=\"rccr1\">\n<div class=\"rccr0\"><a href=\"https:\/\/keruiref.com\/es\/ladrillo-de-magnesia-circonia\/\" target=\"_blank\" rel=\"noopener\">Ladrillo de magnesia circonio<\/a><\/div>\n<ul>\n<li>MgO% \u2265\uff1a70\/75\/80 ZrO2 %\u2265\uff1a8\/10\/13;<\/li>\n<li>Porosidad aparente%\u2264\uff1a19;<\/li>\n<li>Densidad aparente (g\/cm3)\u2265\uff1a2,95;<\/li>\n<li>Refractariedad bajo carga:\u22651600 \u00b0C<\/li>\n<\/ul>\n<p><a class=\"iinruiry fancybox\" href=\"#contact_form_pop\">inruiry now<\/a><a class=\"eemail-btn\" href=\"mailto:market@keruiref.com\">enviar correo electr\u00f3nico<\/a><\/p>\n<\/div>\n<\/div>\n<\/div>\n<\/div>\n<div class='content-column one_third last_column'>\n<div style=\"padding-right:20px;\">\n<div class=\"rccr\">\n<div class=\"hotpic\">\n<p><a href=\"https:\/\/keruiref.com\/es\/ladrillo-de-espinela\/\" target=\"_blank\" rel=\"noopener\"><img loading=\"lazy\" decoding=\"async\" class=\"alignnone wp-image-84309 size-full\" src=\"https:\/\/keruiref.com\/wp-content\/uploads\/2025\/02\/Magnesia-Alumina-Spinel-Brick-01.webp\" alt=\"\" width=\"660\" height=\"495\" srcset=\"https:\/\/keruiref.com\/wp-content\/uploads\/2025\/02\/Magnesia-Alumina-Spinel-Brick-01.webp 660w, https:\/\/keruiref.com\/wp-content\/uploads\/2025\/02\/Magnesia-Alumina-Spinel-Brick-01-300x225.webp 300w\" sizes=\"auto, (max-width: 660px) 100vw, 660px\" \/><\/a><\/p>\n<div class=\"phot\">CALIENTE<\/div>\n<\/div>\n<div class=\"rccr1\">\n<div class=\"rccr0\"><a href=\"https:\/\/keruiref.com\/es\/ladrillo-de-espinela\/\" target=\"_blank\" rel=\"noopener\">Ladrillo de Magnesia Espinela<\/a><\/div>\n<ul>\n<li>MgO\/%(\u2265): 80;<\/li>\n<li>Al2O3\/%(\u2265): 10<\/li>\n<li>Densidad aparente (g\/cm\u00b3)(\u2265): 2.90<\/li>\n<li>Resistencia al aplastamiento en fr\u00edo(\u2265): 50MPa<\/li>\n<\/ul>\n<p><a class=\"iinruiry fancybox\" href=\"#contact_form_pop\">inruiry now<\/a><a class=\"eemail-btn\" href=\"mailto:market@keruiref.com\">enviar correo electr\u00f3nico<\/a><\/p>\n<\/div>\n<\/div>\n<\/div>\n<\/div>\n<div class='clear_column'><\/div>\n<div class='content-column one_third'>\n<div style=\"padding-right:20px;\">\n<div class=\"rccr\">\n<div class=\"hotpic\">\n<p><a href=\"https:\/\/keruiref.com\/es\/dolomite-brick\/\" target=\"_blank\" rel=\"noopener\"><img loading=\"lazy\" decoding=\"async\" class=\"alignnone wp-image-84472 size-full\" src=\"https:\/\/keruiref.com\/wp-content\/uploads\/2025\/02\/KERUI-Dolomite-Brick_1.webp\" alt=\"\" width=\"660\" height=\"495\" srcset=\"https:\/\/keruiref.com\/wp-content\/uploads\/2025\/02\/KERUI-Dolomite-Brick_1.webp 660w, https:\/\/keruiref.com\/wp-content\/uploads\/2025\/02\/KERUI-Dolomite-Brick_1-300x225.webp 300w\" sizes=\"auto, (max-width: 660px) 100vw, 660px\" \/><\/a><\/p>\n<div class=\"phot\">CALIENTE<\/div>\n<\/div>\n<div class=\"rccr1\">\n<div class=\"rccr0\"><a href=\"https:\/\/keruiref.com\/es\/dolomite-brick\/\" target=\"_blank\" rel=\"noopener\">Ladrillo de dolomita<\/a><\/div>\n<ul>\n<li>MgO+CaO% (\u2265)\uff1a92-94;<\/li>\n<li>CaO% (\u2265)\uff1a18-48;<\/li>\n<li>Porosidad aparente(%)\uff1a15,0;<\/li>\n<li>Resistencia al aplastamiento en fr\u00edo (MPa)\uff1a60;<\/li>\n<\/ul>\n<p><a class=\"iinruiry fancybox\" href=\"#contact_form_pop\">inruiry now<\/a><a class=\"eemail-btn\" href=\"mailto:market@keruiref.com\">enviar correo electr\u00f3nico<\/a><\/p>\n<\/div>\n<\/div>\n<\/div>\n<\/div>\n<div class='content-column one_third'>\n<div style=\"padding-right:20px;\">\n<div class=\"rccr\">\n<div class=\"hotpic\">\n<p><a href=\"https:\/\/keruiref.com\/es\/dolomite-brick\/\" target=\"_blank\" rel=\"noopener\"><img loading=\"lazy\" decoding=\"async\" class=\"alignnone size-full wp-image-84472\" src=\"https:\/\/keruiref.com\/wp-content\/uploads\/2025\/02\/KERUI-Dolomite-Brick_1.webp\" alt=\"\" width=\"660\" height=\"495\" srcset=\"https:\/\/keruiref.com\/wp-content\/uploads\/2025\/02\/KERUI-Dolomite-Brick_1.webp 660w, https:\/\/keruiref.com\/wp-content\/uploads\/2025\/02\/KERUI-Dolomite-Brick_1-300x225.webp 300w\" sizes=\"auto, (max-width: 660px) 100vw, 660px\" \/><\/a><\/p>\n<div class=\"phot\">CALIENTE<\/div>\n<\/div>\n<div class=\"rccr1\">\n<div class=\"rccr0\"><a href=\"https:\/\/keruiref.com\/es\/dolomite-brick\/\" target=\"_blank\" rel=\"noopener\">Magnesia Ladrillo de calcio<\/a><\/div>\n<ul>\n<li>MgO+CaO% (\u2265)\uff1a92-94;<\/li>\n<li>CaO% (\u2265)\uff1a18-48;<\/li>\n<li>Porosidad aparente(%)\uff1a15,0;<\/li>\n<li>Resistencia al aplastamiento en fr\u00edo (MPa)\uff1a60;<\/li>\n<\/ul>\n<p><a class=\"iinruiry fancybox\" href=\"#contact_form_pop\">inruiry now<\/a><a class=\"eemail-btn\" href=\"mailto:market@keruiref.com\">enviar correo electr\u00f3nico<\/a><\/p>\n<\/div>\n<\/div>\n<\/div>\n<\/div>\n<div class='content-column one_third last_column'>\n<div style=\"padding-right:20px;\"><\/div>\n<\/div>\n<div class='clear_column'><\/div>\n<div class=\"wpcf7 no-js\" id=\"wpcf7-f328-o1\" lang=\"en-US\" dir=\"ltr\" data-wpcf7-id=\"328\">\n<div class=\"screen-reader-response\">\n<p role=\"status\" aria-live=\"polite\" aria-atomic=\"true\">\n<ul><\/ul>\n<\/div>\n<form action=\"\/es\/wp-json\/wp\/v2\/pages\/87019#wpcf7-f328-o1\" method=\"post\" class=\"wpcf7-form init\" aria-label=\"Formulario de contacto\" novalidate=\"novalidate\" data-status=\"init\" data-trp-original-action=\"\/es\/wp-json\/wp\/v2\/pages\/87019#wpcf7-f328-o1\">\n<div style=\"display: none;\">\n<input type=\"hidden\" name=\"_wpcf7\" value=\"328\" \/><br \/>\n<input type=\"hidden\" name=\"_wpcf7_version\" value=\"6.0.4\" \/><br \/>\n<input type=\"hidden\" name=\"_wpcf7_locale\" value=\"en_US\" \/><br \/>\n<input type=\"hidden\" name=\"_wpcf7_unit_tag\" value=\"wpcf7-f328-o1\" \/><br \/>\n<input type=\"hidden\" name=\"_wpcf7_container_post\" value=\"0\" \/><br \/>\n<input type=\"hidden\" name=\"_wpcf7_posted_data_hash\" value=\"\" \/><br \/>\n<input type=\"hidden\" name=\"_wpcf7_recaptcha_response\" value=\"\" \/>\n<\/div>\n<div class=\"form-box\" id=\"Contact-Us\">\n<div class=\"isleft\">\n<div class=\"contact-title\">\n<p>P\u00f3ngase en contacto con nosotros\n\t\t\t<\/p>\n<\/p><\/div>\n<div class=\"contactp\">\n<p>No dude en enviarnos su consulta a trav\u00e9s del formulario. Le responderemos en un plazo de 6 horas.\n\t\t\t<\/p>\n<\/p><\/div>\n<ul class=\"contact\">\n<li class=\"email\">\n<p><img decoding=\"async\" src=\"https:\/\/keruiref.com\/wp-content\/uploads\/2023\/12\/email.png\" alt=\"\" \/>Correo electr\u00f3nico:\n\t\t\t\t<\/p>\n<p><a href=\"mailto:market@keruiref.com\">market@keruiref.com<\/a>\n\t\t\t\t<\/p>\n<\/li>\n<li class=\"phone\">\n<p><img decoding=\"async\" src=\"https:\/\/keruiref.com\/wp-content\/uploads\/2023\/12\/tel.png\" alt=\"\" \/>Tel\u00e9fono\/whatsapp:\n\t\t\t\t<\/p>\n<p><a href=\"https:\/\/wa.me\/8619138178880\">+86 19138178880<\/a>\n\t\t\t\t<\/p>\n<\/li>\n<li class=\"location\">\n<p><img decoding=\"async\" src=\"https:\/\/keruiref.com\/wp-content\/uploads\/2023\/12\/Location.png\" alt=\"\" \/>Base de fabricaci\u00f3n:\n\t\t\t\t<\/p>\n<p>Zona de Industria Refractaria de Chaohua,<br \/>\nCiudad de Xinmi, provincia de Henan, China\n\t\t\t\t<\/p>\n<\/li>\n<\/ul><\/div>\n<div class=\"isright\">\n<ul class=\"contact-input\">\n<li>\n<div class=\"islabel\">\n<p>* Nombre:\n\t\t\t\t\t<\/p>\n<\/p><\/div>\n<p><span class=\"wpcf7-form-control-wrap\" data-name=\"your-name\"><input size=\"40\" maxlength=\"400\" class=\"wpcf7-form-control wpcf7-text wpcf7-validates-as-required\" aria-required=\"true\" aria-invalid=\"false\" placeholder=\"\" value=\"\" type=\"text\" name=\"your-name\" \/><\/span>\n\t\t\t\t<\/p>\n<\/li>\n<li>\n<div class=\"islabel\">\n<p>* Email:\n\t\t\t\t\t<\/p>\n<\/p><\/div>\n<p><span class=\"wpcf7-form-control-wrap\" data-name=\"your-email\"><input size=\"40\" maxlength=\"400\" class=\"wpcf7-form-control wpcf7-email wpcf7-validates-as-required wpcf7-text wpcf7-validates-as-email\" aria-required=\"true\" aria-invalid=\"false\" placeholder=\"\" value=\"\" type=\"email\" name=\"your-email\" \/><\/span>\n\t\t\t\t<\/p>\n<\/li>\n<li>\n<div class=\"islabel\">\n<p>* Tel\u00e9fono\/Whatsapp:\n\t\t\t\t\t<\/p>\n<\/p><\/div>\n<p><span class=\"wpcf7-form-control-wrap\" data-name=\"your-phone\"><input size=\"40\" maxlength=\"400\" class=\"wpcf7-form-control wpcf7-tel wpcf7-text wpcf7-validates-as-tel\" aria-invalid=\"false\" placeholder=\"\" value=\"\" type=\"tel\" name=\"your-phone\" \/><\/span>\n\t\t\t\t<\/p>\n<\/li>\n<li>\n<div class=\"islabel\">\n<p>Pa\u00eds:\n\t\t\t\t\t<\/p>\n<\/p><\/div>\n<p><span class=\"wpcf7-form-control-wrap\" data-name=\"your-country\"><input size=\"40\" maxlength=\"400\" class=\"wpcf7-form-control wpcf7-text\" aria-invalid=\"false\" placeholder=\"\" value=\"\" type=\"text\" name=\"your-country\" \/><\/span>\n\t\t\t\t<\/p>\n<\/li>\n<li class=\"ismassage\">\n<div class=\"islabel\">\n<p>* Mensaje:\n\t\t\t\t\t<\/p>\n<\/p><\/div>\n<p><span class=\"wpcf7-form-control-wrap\" data-name=\"your-msg\"><textarea cols=\"40\" rows=\"10\" maxlength=\"2000\" class=\"wpcf7-form-control wpcf7-textarea wpcf7-validates-as-required\" aria-required=\"true\" aria-invalid=\"false\" name=\"your-msg\"><\/textarea><\/span>\n\t\t\t\t<\/p>\n<\/li>\n<li class=\"wpcf7-btns-box\">\n<div class=\"isFileName\">\n\t\t\t\t<\/div>\n<div class=\"wpcf7-btns\">\n<p><input class=\"wpcf7-form-control wpcf7-submit has-spinner\" type=\"submit\" value=\"ENVIAR\" \/>\n\t\t\t\t\t<\/p>\n<\/p><\/div>\n<\/li>\n<\/ul><\/div>\n<\/div>\n<div class=\"wpcf7-response-output\" aria-hidden=\"true\"><\/div>\n<input type=\"hidden\" name=\"trp-form-language\" value=\"es\"\/><\/form>\n<\/div>","protected":false},"excerpt":{"rendered":"Basic Refractory Bricks are a type of refractory material. They mainly consist of alkaline oxides like magnesia and calcium oxide. They have good resistance to high temperatures and basic slag corrosion. Widely used in steel &#8211; making furnaces, glass kilns, etc., they play a crucial &#8230; <a title=\"Ladrillos refractarios b\u00e1sicos\" class=\"read-more\" href=\"https:\/\/keruiref.com\/es\/ladrillos-refractarios-basicos\/\" aria-label=\"M\u00e1s en Basic Refractory Bricks\">Seguir leyendo<\/a>","protected":false},"author":1,"featured_media":84309,"parent":0,"menu_order":0,"comment_status":"closed","ping_status":"closed","template":"","meta":{"footnotes":""},"class_list":{"0":"post-87019","1":"page","2":"type-page","3":"status-publish","4":"has-post-thumbnail","6":"no-featured-image-padding","7":"resize-featured-image"},"yoast_head":"<!-- This site is optimized with the Yoast SEO plugin v24.9 - https:\/\/yoast.com\/wordpress\/plugins\/seo\/ -->\n<title>Basic Refractory Bricks - Your Refractory Bricks, Castables Manufacturer For Kiln | Kerui Refractory\u00ae Official Website<\/title>\n<meta name=\"description\" content=\"Basic Refractory Bricks are a type of refractory material. They mainly consist of alkaline oxides like magnesia and calcium oxide.\" \/>\n<meta name=\"robots\" content=\"index, follow, max-snippet:-1, max-image-preview:large, max-video-preview:-1\" \/>\n<link rel=\"canonical\" href=\"https:\/\/keruiref.com\/es\/ladrillos-refractarios-basicos\/\" \/>\n<script type=\"application\/ld+json\" class=\"yoast-schema-graph\">{\"@context\":\"https:\/\/schema.org\",\"@graph\":[{\"@type\":\"WebPage\",\"@id\":\"https:\/\/keruiref.com\/basic-refractory-bricks\/\",\"url\":\"https:\/\/keruiref.com\/basic-refractory-bricks\/\",\"name\":\"Basic Refractory Bricks - Your Refractory Bricks, Castables Manufacturer For Kiln | Kerui Refractory\u00ae Official Website\",\"isPartOf\":{\"@id\":\"https:\/\/keruiref.com\/el\/#website\"},\"primaryImageOfPage\":{\"@id\":\"https:\/\/keruiref.com\/basic-refractory-bricks\/#primaryimage\"},\"image\":{\"@id\":\"https:\/\/keruiref.com\/basic-refractory-bricks\/#primaryimage\"},\"thumbnailUrl\":\"https:\/\/keruiref.com\/wp-content\/uploads\/2025\/02\/Magnesia-Alumina-Spinel-Brick-01.webp\",\"datePublished\":\"2025-06-10T07:16:31+00:00\",\"description\":\"Basic Refractory Bricks are a type of refractory material. They mainly consist of alkaline oxides like magnesia and calcium oxide.\",\"breadcrumb\":{\"@id\":\"https:\/\/keruiref.com\/basic-refractory-bricks\/#breadcrumb\"},\"inLanguage\":\"es\",\"potentialAction\":[{\"@type\":\"ReadAction\",\"target\":[\"https:\/\/keruiref.com\/basic-refractory-bricks\/\"]}]},{\"@type\":\"ImageObject\",\"inLanguage\":\"es\",\"@id\":\"https:\/\/keruiref.com\/basic-refractory-bricks\/#primaryimage\",\"url\":\"https:\/\/keruiref.com\/wp-content\/uploads\/2025\/02\/Magnesia-Alumina-Spinel-Brick-01.webp\",\"contentUrl\":\"https:\/\/keruiref.com\/wp-content\/uploads\/2025\/02\/Magnesia-Alumina-Spinel-Brick-01.webp\",\"width\":660,\"height\":495},{\"@type\":\"BreadcrumbList\",\"@id\":\"https:\/\/keruiref.com\/basic-refractory-bricks\/#breadcrumb\",\"itemListElement\":[{\"@type\":\"ListItem\",\"position\":1,\"name\":\"Home\",\"item\":\"https:\/\/keruiref.com\/\"},{\"@type\":\"ListItem\",\"position\":2,\"name\":\"Basic Refractory Bricks\"}]},{\"@type\":\"WebSite\",\"@id\":\"https:\/\/keruiref.com\/el\/#website\",\"url\":\"https:\/\/keruiref.com\/el\/\",\"name\":\"Your Refractory Bricks, Castables Manufacturer For Kiln | Kerui Refractory\u00ae Official Website\",\"description\":\"\",\"publisher\":{\"@id\":\"https:\/\/keruiref.com\/el\/#organization\"},\"potentialAction\":[{\"@type\":\"SearchAction\",\"target\":{\"@type\":\"EntryPoint\",\"urlTemplate\":\"https:\/\/keruiref.com\/el\/?s={search_term_string}\"},\"query-input\":{\"@type\":\"PropertyValueSpecification\",\"valueRequired\":true,\"valueName\":\"search_term_string\"}}],\"inLanguage\":\"es\"},{\"@type\":\"Organization\",\"@id\":\"https:\/\/keruiref.com\/el\/#organization\",\"name\":\"Your Refractory Bricks, Castables Manufacturer For Kiln | Kerui Refractory\u00ae Official Website\",\"url\":\"https:\/\/keruiref.com\/el\/\",\"logo\":{\"@type\":\"ImageObject\",\"inLanguage\":\"es\",\"@id\":\"https:\/\/keruiref.com\/el\/#\/schema\/logo\/image\/\",\"url\":\"https:\/\/keruiref.com\/wp-content\/uploads\/2024\/01\/footer-Logo.png\",\"contentUrl\":\"https:\/\/keruiref.com\/wp-content\/uploads\/2024\/01\/footer-Logo.png\",\"width\":282,\"height\":70,\"caption\":\"Your Refractory Bricks, Castables Manufacturer For Kiln | Kerui Refractory\u00ae Official Website\"},\"image\":{\"@id\":\"https:\/\/keruiref.com\/el\/#\/schema\/logo\/image\/\"}}]}<\/script>\n<!-- \/ Yoast SEO plugin. -->","yoast_head_json":{"title":"Basic Refractory Bricks - Su fabricante de ladrillos refractarios, hormigones para horno | Kerui Refractory\u00ae P\u00e1gina web oficial","description":"Los ladrillos refractarios b\u00e1sicos son un tipo de material refractario. Se componen principalmente de \u00f3xidos alcalinos como la magnesia y el \u00f3xido de calcio.","robots":{"index":"index","follow":"follow","max-snippet":"max-snippet:-1","max-image-preview":"max-image-preview:large","max-video-preview":"max-video-preview:-1"},"canonical":"https:\/\/keruiref.com\/es\/ladrillos-refractarios-basicos\/","schema":{"@context":"https:\/\/schema.org","@graph":[{"@type":"WebPage","@id":"https:\/\/keruiref.com\/basic-refractory-bricks\/","url":"https:\/\/keruiref.com\/basic-refractory-bricks\/","name":"Basic Refractory Bricks - Su fabricante de ladrillos refractarios, hormigones para horno | Kerui Refractory\u00ae P\u00e1gina web oficial","isPartOf":{"@id":"https:\/\/keruiref.com\/el\/#website"},"primaryImageOfPage":{"@id":"https:\/\/keruiref.com\/basic-refractory-bricks\/#primaryimage"},"image":{"@id":"https:\/\/keruiref.com\/basic-refractory-bricks\/#primaryimage"},"thumbnailUrl":"https:\/\/keruiref.com\/wp-content\/uploads\/2025\/02\/Magnesia-Alumina-Spinel-Brick-01.webp","datePublished":"2025-06-10T07:16:31+00:00","description":"Los ladrillos refractarios b\u00e1sicos son un tipo de material refractario. Se componen principalmente de \u00f3xidos alcalinos como la magnesia y el \u00f3xido de calcio.","breadcrumb":{"@id":"https:\/\/keruiref.com\/basic-refractory-bricks\/#breadcrumb"},"inLanguage":"es","potentialAction":[{"@type":"ReadAction","target":["https:\/\/keruiref.com\/basic-refractory-bricks\/"]}]},{"@type":"ImageObject","inLanguage":"es","@id":"https:\/\/keruiref.com\/basic-refractory-bricks\/#primaryimage","url":"https:\/\/keruiref.com\/wp-content\/uploads\/2025\/02\/Magnesia-Alumina-Spinel-Brick-01.webp","contentUrl":"https:\/\/keruiref.com\/wp-content\/uploads\/2025\/02\/Magnesia-Alumina-Spinel-Brick-01.webp","width":660,"height":495},{"@type":"BreadcrumbList","@id":"https:\/\/keruiref.com\/basic-refractory-bricks\/#breadcrumb","itemListElement":[{"@type":"ListItem","position":1,"name":"Home","item":"https:\/\/keruiref.com\/"},{"@type":"ListItem","position":2,"name":"Basic Refractory Bricks"}]},{"@type":"WebSite","@id":"https:\/\/keruiref.com\/el\/#website","url":"https:\/\/keruiref.com\/el\/","name":"Su fabricante de ladrillos refractarios y hormigones para hornos | Kerui Refractory\u00ae P\u00e1gina web oficial","description":"","publisher":{"@id":"https:\/\/keruiref.com\/el\/#organization"},"potentialAction":[{"@type":"SearchAction","target":{"@type":"EntryPoint","urlTemplate":"https:\/\/keruiref.com\/el\/?s={search_term_string}"},"query-input":{"@type":"PropertyValueSpecification","valueRequired":true,"valueName":"search_term_string"}}],"inLanguage":"es"},{"@type":"Organization","@id":"https:\/\/keruiref.com\/el\/#organization","name":"Su fabricante de ladrillos refractarios y hormigones para hornos | Kerui Refractory\u00ae P\u00e1gina web oficial","url":"https:\/\/keruiref.com\/el\/","logo":{"@type":"ImageObject","inLanguage":"es","@id":"https:\/\/keruiref.com\/el\/#\/schema\/logo\/image\/","url":"https:\/\/keruiref.com\/wp-content\/uploads\/2024\/01\/footer-Logo.png","contentUrl":"https:\/\/keruiref.com\/wp-content\/uploads\/2024\/01\/footer-Logo.png","width":282,"height":70,"caption":"Your Refractory Bricks, Castables Manufacturer For Kiln | Kerui Refractory\u00ae Official Website"},"image":{"@id":"https:\/\/keruiref.com\/el\/#\/schema\/logo\/image\/"}}]}},"_links":{"self":[{"href":"https:\/\/keruiref.com\/es\/wp-json\/wp\/v2\/pages\/87019","targetHints":{"allow":["GET"]}}],"collection":[{"href":"https:\/\/keruiref.com\/es\/wp-json\/wp\/v2\/pages"}],"about":[{"href":"https:\/\/keruiref.com\/es\/wp-json\/wp\/v2\/types\/page"}],"author":[{"embeddable":true,"href":"https:\/\/keruiref.com\/es\/wp-json\/wp\/v2\/users\/1"}],"replies":[{"embeddable":true,"href":"https:\/\/keruiref.com\/es\/wp-json\/wp\/v2\/comments?post=87019"}],"version-history":[{"count":0,"href":"https:\/\/keruiref.com\/es\/wp-json\/wp\/v2\/pages\/87019\/revisions"}],"wp:featuredmedia":[{"embeddable":true,"href":"https:\/\/keruiref.com\/es\/wp-json\/wp\/v2\/media\/84309"}],"wp:attachment":[{"href":"https:\/\/keruiref.com\/es\/wp-json\/wp\/v2\/media?parent=87019"}],"curies":[{"name":"wp","href":"https:\/\/api.w.org\/{rel}","templated":true}]}}