{"id":86756,"date":"2025-06-04T11:17:59","date_gmt":"2025-06-04T03:17:59","guid":{"rendered":"https:\/\/keruiref.com\/?page_id=86756"},"modified":"2025-06-04T11:17:59","modified_gmt":"2025-06-04T03:17:59","slug":"crisol-de-carburo-de-silicio","status":"publish","type":"page","link":"https:\/\/keruiref.com\/es\/crisol-de-carburo-de-silicio\/","title":{"rendered":"Crisol de carburo de silicio"},"content":{"rendered":"<div class=\"page_model product_info\">\n<div class=\"preview\"><img loading=\"lazy\" decoding=\"async\" class=\"alignnone size-full wp-image-86757\" src=\"https:\/\/keruiref.com\/wp-content\/uploads\/2025\/06\/Silicon-Carbide-Crucibles_kerui.webp\" alt=\"\" width=\"780\" height=\"639\" srcset=\"https:\/\/keruiref.com\/wp-content\/uploads\/2025\/06\/Silicon-Carbide-Crucibles_kerui.webp 780w, https:\/\/keruiref.com\/wp-content\/uploads\/2025\/06\/Silicon-Carbide-Crucibles_kerui-300x246.webp 300w, https:\/\/keruiref.com\/wp-content\/uploads\/2025\/06\/Silicon-Carbide-Crucibles_kerui-768x629.webp 768w, https:\/\/keruiref.com\/wp-content\/uploads\/2025\/06\/Silicon-Carbide-Crucibles_kerui-15x12.webp 15w\" sizes=\"auto, (max-width: 780px) 100vw, 780px\" \/><\/div>\n<div class=\"info\">\n<h1>Crisol de carburo de silicio<\/h1>\n<p>Los crisoles de carburo de silicio est\u00e1n hechos de carburo de silicio de alta pureza y grafito. Keri ofrece crisoles de varias formas y tama\u00f1os, y tambi\u00e9n puede personalizar el tama\u00f1o para usted de acuerdo a sus necesidades. La vida \u00fatil de los crisoles de carburo de silicio es 2-3 veces mayor que la de los crisoles de grafito arcilloso.<\/p>\n<ul>\n<li>Temperatura m\u00e1xima de trabajo 1200-1500\u00baC;<\/li>\n<li>Refractariedad bajo carga: 1650\u00baC;<\/li>\n<li>SiC: \u226545%<\/li>\n<li>Densidad aparente: \u22651,9-2,1 g\/cm\u00b3.<\/li>\n<li>Certificaci\u00f3n: ISO9001\/ISO14001\/ISO45001\/ISO50001<\/li>\n<li>Servicio de procesado: Doblado, soldadura, punzonado, desenrollado, corte, moldeado<\/li>\n<\/ul>\n<div class=\"tags\">\n<p>Alta calidad<\/p>\n<p>Precio razonable<\/p>\n<p>Productos y soluciones personalizables<\/p>\n<p>Entrega puntual<\/p>\n<p>24\/7\/365 A su servicio<\/p>\n<\/div>\n<p><a class=\"inruiry fancybox\" href=\"#contact_form_pop\">inruiry now<\/a><a class=\"email-btn\" href=\"mailto: market@keruiref.com\">enviar correo electr\u00f3nico<\/a><\/p>\n<\/div>\n<\/div>\n<ul class=\"anchor\">\n<li><a href=\"#PRODUCTDESCRIPTION\">DESCRIPCI\u00d3N DEL PRODUCTO<\/a><\/li>\n<li><a href=\"#TechniqueData\">Datos t\u00e9cnicos<\/a><\/li>\n<li><a href=\"#INQUIRY\">CONSULTA<\/a><\/li>\n<li><a href=\"#RELATEDPRODUCTS\">PRODUCTOS RELACIONADOS<\/a><\/li>\n<\/ul>\n<div class=\"page_model\">\n<h2 id=\"PRODUCTDESCRIPTION\">Descripci\u00f3n del crisol de carburo de silicio<\/h2>\n<p>El crisol de carburo de silicio es un recipiente de alta temperatura fabricado con carburo de silicio de gran pureza mediante sinterizaci\u00f3n a alta temperatura. Con una excelente conductividad t\u00e9rmica y resistencia a los golpes, soporta temperaturas superiores a 1600 \u2103, resiste la corrosi\u00f3n del metal fundido y ofrece una gran estabilidad qu\u00edmica. Ampliamente utilizado en metalurgia, semiconductores y energ\u00eda fotovoltaica para la fundici\u00f3n de metales preciosos\/tierras raras y el crecimiento de cristales, garantiza una transferencia de calor eficaz y una larga vida \u00fatil.<img loading=\"lazy\" decoding=\"async\" class=\"alignnone size-full wp-image-86760\" src=\"https:\/\/keruiref.com\/wp-content\/uploads\/2025\/06\/Silicon-Carbide-Crucible-1.webp\" alt=\"\" width=\"1400\" height=\"563\" srcset=\"https:\/\/keruiref.com\/wp-content\/uploads\/2025\/06\/Silicon-Carbide-Crucible-1.webp 1400w, https:\/\/keruiref.com\/wp-content\/uploads\/2025\/06\/Silicon-Carbide-Crucible-1-300x121.webp 300w, https:\/\/keruiref.com\/wp-content\/uploads\/2025\/06\/Silicon-Carbide-Crucible-1-1024x412.webp 1024w, https:\/\/keruiref.com\/wp-content\/uploads\/2025\/06\/Silicon-Carbide-Crucible-1-768x309.webp 768w, https:\/\/keruiref.com\/wp-content\/uploads\/2025\/06\/Silicon-Carbide-Crucible-1-18x7.webp 18w\" sizes=\"auto, (max-width: 1400px) 100vw, 1400px\" \/><\/p>\n<h2 id=\"TechniqueData\">Especificaciones b\u00e1sicas del crisol de carburo de silicio Kerui<\/h2>\n<table id=\"tablepress-99\" class=\"tablepress tablepress-id-99\">\n<thead>\n<tr class=\"row-1\">\n<th class=\"column-1\">Art\u00edculo<\/th>\n<th class=\"column-2\">Crisol de carburo de silicio<\/th>\n<\/tr>\n<\/thead>\n<tbody class=\"row-striping row-hover\">\n<tr class=\"row-2\">\n<td class=\"column-1\">Refractariedad bajo carga<\/td>\n<td class=\"column-2\">1650\u00baC<\/td>\n<\/tr>\n<tr class=\"row-3\">\n<td class=\"column-1\">Temperatura m\u00e1xima de trabajo<\/td>\n<td class=\"column-2\">1200-1500\u00baC<\/td>\n<\/tr>\n<tr class=\"row-4\">\n<td class=\"column-1\">SiC<\/td>\n<td class=\"column-2\">\u226545%<\/td>\n<\/tr>\n<tr class=\"row-5\">\n<td class=\"column-1\">Densidad aparente<\/td>\n<td class=\"column-2\">\u22651,9-2,1 g\/cm\u00b3.<\/td>\n<\/tr>\n<tr class=\"row-6\">\n<td class=\"column-1\">Porosidad aparente<\/td>\n<td class=\"column-2\">\u226410-14%<\/td>\n<\/tr>\n<tr class=\"row-7\">\n<td class=\"column-1\">Tipos<\/td>\n<td class=\"column-2\">10#-5000#<\/td>\n<\/tr>\n<tr class=\"row-8\">\n<td class=\"column-1\">Di\u00e1metro exterior<\/td>\n<td class=\"column-2\">142-1050 mm<\/td>\n<\/tr>\n<tr class=\"row-9\">\n<td class=\"column-1\">Di\u00e1metro interior<\/td>\n<td class=\"column-2\">110-930 mm<\/td>\n<\/tr>\n<tr class=\"row-10\">\n<td class=\"column-1\">Altura total<\/td>\n<td class=\"column-2\">180-1320 mm<\/td>\n<\/tr>\n<tr class=\"row-11\">\n<td class=\"column-1\">Di\u00e1metro exterior inferior<\/td>\n<td class=\"column-2\">90-550 mm<\/td>\n<\/tr>\n<\/tbody>\n<\/table>\n<p><!-- #tablepress-99 from cache --><\/p>\n<p><center><a class=\"fancybox price\" href=\"#contact_form_pop\">OBTENER PRECIO<\/a><\/center><\/p>\n<h2>Tama\u00f1os y tipos de crisol de carburo de silicio KERUI<\/h2>\n<p>En funci\u00f3n de las necesidades del cliente, ofrecemos una variedad de crisoles est\u00e1ndar y personalizados, entre los que se incluyen <strong>formas de cubeta o cuenco, forma \"TP\", forma de sentina, formas de cubeta con pico o pitorro y crisoles de forma cil\u00edndrica.<\/strong> Tambi\u00e9n proporcionamos varios vertidos <strong>labios y ca\u00f1os<\/strong>.<\/p>\n<p><strong>Tenga en cuenta lo siguiente:<\/strong> que nuestros crisoles de grafito se moldean utilizando un molde interior de acero y un molde exterior de caucho. Como resultado, la superficie exterior puede no ser perfectamente lisa, mientras que la superficie interior es lisa.<\/p>\n<h2>Caracter\u00edsticas del crisol de carburo de silicio<\/h2>\n<p>El crisol de carburo de silicio tiene m\u00faltiples caracter\u00edsticas: est\u00e1 hecho de carburo de silicio de alta pureza como materia prima y sinterizado a alta temperatura. Puede soportar altas temperaturas superiores a 1600\u2103, tiene una fuerte resistencia al choque t\u00e9rmico y no es f\u00e1cil que se agriete debido a la diferencia de temperatura. Tiene alta conductividad t\u00e9rmica y puede transferir calor r\u00e1pida y uniformemente. Tiene una excelente estabilidad qu\u00edmica y es resistente a la corrosi\u00f3n por metales fundidos y \u00e1cidos y \u00e1lcalis. Es resistente al desgaste y duradero, y tiene una larga vida \u00fatil.<\/p>\n<p><img loading=\"lazy\" decoding=\"async\" class=\"alignnone size-full wp-image-86761\" src=\"https:\/\/keruiref.com\/wp-content\/uploads\/2025\/06\/Silicon-Carbide-Crucible-2.webp\" alt=\"\" width=\"1400\" height=\"565\" srcset=\"https:\/\/keruiref.com\/wp-content\/uploads\/2025\/06\/Silicon-Carbide-Crucible-2.webp 1400w, https:\/\/keruiref.com\/wp-content\/uploads\/2025\/06\/Silicon-Carbide-Crucible-2-300x121.webp 300w, https:\/\/keruiref.com\/wp-content\/uploads\/2025\/06\/Silicon-Carbide-Crucible-2-1024x413.webp 1024w, https:\/\/keruiref.com\/wp-content\/uploads\/2025\/06\/Silicon-Carbide-Crucible-2-768x310.webp 768w, https:\/\/keruiref.com\/wp-content\/uploads\/2025\/06\/Silicon-Carbide-Crucible-2-18x7.webp 18w\" sizes=\"auto, (max-width: 1400px) 100vw, 1400px\" \/><\/p>\n<p><center><a class=\"fancybox price\" href=\"#contact_form_pop\">OBTENER PRECIO<\/a><\/center><\/p>\n<h2>Aplicaci\u00f3n del crisol de carburo de silicio<\/h2>\n<p>Los crisoles de grafito de carburo de silicio sirven para fundir metales no ferrosos y materiales diversos como oro, plata, cobre, aluminio, plomo, zinc, acero, aleaciones, cer\u00e1mica, etc. Aplicables en m\u00faltiples hornos, son adecuados para hornos de fusi\u00f3n de metales, fundiciones de acero inoxidable, hornos de coque, hornos de carb\u00f3n, etc.<br \/>\n<img loading=\"lazy\" decoding=\"async\" class=\"alignnone size-full wp-image-86730\" src=\"https:\/\/keruiref.com\/wp-content\/uploads\/2025\/06\/Application-of-KERUI-Kiln-Shelves.webp\" alt=\"\" width=\"1450\" height=\"679\" srcset=\"https:\/\/keruiref.com\/wp-content\/uploads\/2025\/06\/Application-of-KERUI-Kiln-Shelves.webp 1450w, https:\/\/keruiref.com\/wp-content\/uploads\/2025\/06\/Application-of-KERUI-Kiln-Shelves-300x140.webp 300w, https:\/\/keruiref.com\/wp-content\/uploads\/2025\/06\/Application-of-KERUI-Kiln-Shelves-1024x480.webp 1024w, https:\/\/keruiref.com\/wp-content\/uploads\/2025\/06\/Application-of-KERUI-Kiln-Shelves-768x360.webp 768w, https:\/\/keruiref.com\/wp-content\/uploads\/2025\/06\/Application-of-KERUI-Kiln-Shelves-18x8.webp 18w\" sizes=\"auto, (max-width: 1450px) 100vw, 1450px\" \/><\/p>\n<\/div>\n<div id=\"INQUIRY\" class=\"page_model\">\n<div class=\"wpcf7 no-js\" id=\"wpcf7-f328-o1\" lang=\"en-US\" dir=\"ltr\" data-wpcf7-id=\"328\">\n<div class=\"screen-reader-response\">\n<p role=\"status\" aria-live=\"polite\" aria-atomic=\"true\">\n<ul><\/ul>\n<\/div>\n<form action=\"\/es\/wp-json\/wp\/v2\/pages\/86756#wpcf7-f328-o1\" method=\"post\" class=\"wpcf7-form init\" aria-label=\"Formulario de contacto\" novalidate=\"novalidate\" data-status=\"init\" data-trp-original-action=\"\/es\/wp-json\/wp\/v2\/pages\/86756#wpcf7-f328-o1\">\n<div style=\"display: none;\">\n<input type=\"hidden\" name=\"_wpcf7\" value=\"328\" \/><br \/>\n<input type=\"hidden\" name=\"_wpcf7_version\" value=\"6.0.4\" \/><br \/>\n<input type=\"hidden\" name=\"_wpcf7_locale\" value=\"en_US\" \/><br \/>\n<input type=\"hidden\" name=\"_wpcf7_unit_tag\" value=\"wpcf7-f328-o1\" \/><br \/>\n<input type=\"hidden\" name=\"_wpcf7_container_post\" value=\"0\" \/><br \/>\n<input type=\"hidden\" name=\"_wpcf7_posted_data_hash\" value=\"\" \/><br \/>\n<input type=\"hidden\" name=\"_wpcf7_recaptcha_response\" value=\"\" \/>\n<\/div>\n<div class=\"form-box\" id=\"Contact-Us\">\n<div class=\"isleft\">\n<div class=\"contact-title\">\n<p>P\u00f3ngase en contacto con nosotros\n\t\t\t<\/p>\n<\/p><\/div>\n<div class=\"contactp\">\n<p>No dude en enviarnos su consulta a trav\u00e9s del formulario. Le responderemos en un plazo de 6 horas.\n\t\t\t<\/p>\n<\/p><\/div>\n<ul class=\"contact\">\n<li class=\"email\">\n<p><img decoding=\"async\" src=\"https:\/\/keruiref.com\/wp-content\/uploads\/2023\/12\/email.png\" alt=\"\" \/>Correo electr\u00f3nico:\n\t\t\t\t<\/p>\n<p><a href=\"mailto:market@keruiref.com\">market@keruiref.com<\/a>\n\t\t\t\t<\/p>\n<\/li>\n<li class=\"phone\">\n<p><img decoding=\"async\" src=\"https:\/\/keruiref.com\/wp-content\/uploads\/2023\/12\/tel.png\" alt=\"\" \/>Tel\u00e9fono\/whatsapp:\n\t\t\t\t<\/p>\n<p><a href=\"https:\/\/wa.me\/8619138178880\">+86 19138178880<\/a>\n\t\t\t\t<\/p>\n<\/li>\n<li class=\"location\">\n<p><img decoding=\"async\" src=\"https:\/\/keruiref.com\/wp-content\/uploads\/2023\/12\/Location.png\" alt=\"\" \/>Base de fabricaci\u00f3n:\n\t\t\t\t<\/p>\n<p>Zona de Industria Refractaria de Chaohua,<br \/>\nCiudad de Xinmi, provincia de Henan, China\n\t\t\t\t<\/p>\n<\/li>\n<\/ul><\/div>\n<div class=\"isright\">\n<ul class=\"contact-input\">\n<li>\n<div class=\"islabel\">\n<p>* Nombre:\n\t\t\t\t\t<\/p>\n<\/p><\/div>\n<p><span class=\"wpcf7-form-control-wrap\" data-name=\"your-name\"><input size=\"40\" maxlength=\"400\" class=\"wpcf7-form-control wpcf7-text wpcf7-validates-as-required\" aria-required=\"true\" aria-invalid=\"false\" placeholder=\"\" value=\"\" type=\"text\" name=\"your-name\" \/><\/span>\n\t\t\t\t<\/p>\n<\/li>\n<li>\n<div class=\"islabel\">\n<p>* Email:\n\t\t\t\t\t<\/p>\n<\/p><\/div>\n<p><span class=\"wpcf7-form-control-wrap\" data-name=\"your-email\"><input size=\"40\" maxlength=\"400\" class=\"wpcf7-form-control wpcf7-email wpcf7-validates-as-required wpcf7-text wpcf7-validates-as-email\" aria-required=\"true\" aria-invalid=\"false\" placeholder=\"\" value=\"\" type=\"email\" name=\"your-email\" \/><\/span>\n\t\t\t\t<\/p>\n<\/li>\n<li>\n<div class=\"islabel\">\n<p>* Tel\u00e9fono\/Whatsapp:\n\t\t\t\t\t<\/p>\n<\/p><\/div>\n<p><span class=\"wpcf7-form-control-wrap\" data-name=\"your-phone\"><input size=\"40\" maxlength=\"400\" class=\"wpcf7-form-control wpcf7-tel wpcf7-text wpcf7-validates-as-tel\" aria-invalid=\"false\" placeholder=\"\" value=\"\" type=\"tel\" name=\"your-phone\" \/><\/span>\n\t\t\t\t<\/p>\n<\/li>\n<li>\n<div class=\"islabel\">\n<p>Pa\u00eds:\n\t\t\t\t\t<\/p>\n<\/p><\/div>\n<p><span class=\"wpcf7-form-control-wrap\" data-name=\"your-country\"><input size=\"40\" maxlength=\"400\" class=\"wpcf7-form-control wpcf7-text\" aria-invalid=\"false\" placeholder=\"\" value=\"\" type=\"text\" name=\"your-country\" \/><\/span>\n\t\t\t\t<\/p>\n<\/li>\n<li class=\"ismassage\">\n<div class=\"islabel\">\n<p>* Mensaje:\n\t\t\t\t\t<\/p>\n<\/p><\/div>\n<p><span class=\"wpcf7-form-control-wrap\" data-name=\"your-msg\"><textarea cols=\"40\" rows=\"10\" maxlength=\"2000\" class=\"wpcf7-form-control wpcf7-textarea wpcf7-validates-as-required\" aria-required=\"true\" aria-invalid=\"false\" name=\"your-msg\"><\/textarea><\/span>\n\t\t\t\t<\/p>\n<\/li>\n<li class=\"wpcf7-btns-box\">\n<div class=\"isFileName\">\n\t\t\t\t<\/div>\n<div class=\"wpcf7-btns\">\n<p><input class=\"wpcf7-form-control wpcf7-submit has-spinner\" type=\"submit\" value=\"ENVIAR\" \/>\n\t\t\t\t\t<\/p>\n<\/p><\/div>\n<\/li>\n<\/ul><\/div>\n<\/div>\n<div class=\"wpcf7-response-output\" aria-hidden=\"true\"><\/div>\n<input type=\"hidden\" name=\"trp-form-language\" value=\"es\"\/><\/form>\n<\/div>\n<\/div>","protected":false},"excerpt":{"rendered":"Silicon Carbide Crucible Silicon carbide crucibles are made of high purity silicon carbide and graphite. Keri offers crucibles in various shapes and sizes, and can also customize the size for you according to your requirements. The service life of silicon carbide crucibles is 2-3 times &#8230; <a title=\"Crisol de carburo de silicio\" class=\"read-more\" href=\"https:\/\/keruiref.com\/es\/crisol-de-carburo-de-silicio\/\" aria-label=\"M\u00e1s en Silicon Carbide Crucible\">Seguir leyendo<\/a>","protected":false},"author":1,"featured_media":0,"parent":0,"menu_order":0,"comment_status":"closed","ping_status":"closed","template":"","meta":{"footnotes":""},"class_list":{"0":"post-86756","1":"page","2":"type-page","3":"status-publish","5":"no-featured-image-padding"},"yoast_head":"<!-- This site is optimized with the Yoast SEO plugin v24.9 - https:\/\/yoast.com\/wordpress\/plugins\/seo\/ -->\n<title>Silicon Carbide Crucible - Your Refractory Bricks, Castables Manufacturer For Kiln | Kerui Refractory\u00ae Official Website<\/title>\n<meta name=\"description\" content=\"Silicon Carbide Crucible is a high-temp container made of high-purity silicon carbide via high-temp sintering. With excellent thermal conductivity and shock resistance, it withstands &gt;1600\u2103, resists molten metal corrosion, and offers strong chemical stability.\" \/>\n<meta name=\"robots\" content=\"index, follow, max-snippet:-1, max-image-preview:large, max-video-preview:-1\" \/>\n<link rel=\"canonical\" href=\"https:\/\/keruiref.com\/es\/crisol-de-carburo-de-silicio\/\" \/>\n<script type=\"application\/ld+json\" class=\"yoast-schema-graph\">{\"@context\":\"https:\/\/schema.org\",\"@graph\":[{\"@type\":\"WebPage\",\"@id\":\"https:\/\/keruiref.com\/silicon-carbide-crucible\/\",\"url\":\"https:\/\/keruiref.com\/silicon-carbide-crucible\/\",\"name\":\"Silicon Carbide Crucible - Your Refractory Bricks, Castables Manufacturer For Kiln | Kerui Refractory\u00ae Official Website\",\"isPartOf\":{\"@id\":\"https:\/\/keruiref.com\/el\/#website\"},\"primaryImageOfPage\":{\"@id\":\"https:\/\/keruiref.com\/silicon-carbide-crucible\/#primaryimage\"},\"image\":{\"@id\":\"https:\/\/keruiref.com\/silicon-carbide-crucible\/#primaryimage\"},\"thumbnailUrl\":\"https:\/\/keruiref.com\/wp-content\/uploads\/2025\/06\/Silicon-Carbide-Crucibles_kerui.webp\",\"datePublished\":\"2025-06-04T03:17:59+00:00\",\"description\":\"Silicon Carbide Crucible is a high-temp container made of high-purity silicon carbide via high-temp sintering. With excellent thermal conductivity and shock resistance, it withstands >1600\u2103, resists molten metal corrosion, and offers strong chemical stability.\",\"breadcrumb\":{\"@id\":\"https:\/\/keruiref.com\/silicon-carbide-crucible\/#breadcrumb\"},\"inLanguage\":\"es\",\"potentialAction\":[{\"@type\":\"ReadAction\",\"target\":[\"https:\/\/keruiref.com\/silicon-carbide-crucible\/\"]}]},{\"@type\":\"ImageObject\",\"inLanguage\":\"es\",\"@id\":\"https:\/\/keruiref.com\/silicon-carbide-crucible\/#primaryimage\",\"url\":\"https:\/\/keruiref.com\/wp-content\/uploads\/2025\/06\/Silicon-Carbide-Crucibles_kerui.webp\",\"contentUrl\":\"https:\/\/keruiref.com\/wp-content\/uploads\/2025\/06\/Silicon-Carbide-Crucibles_kerui.webp\"},{\"@type\":\"BreadcrumbList\",\"@id\":\"https:\/\/keruiref.com\/silicon-carbide-crucible\/#breadcrumb\",\"itemListElement\":[{\"@type\":\"ListItem\",\"position\":1,\"name\":\"Home\",\"item\":\"https:\/\/keruiref.com\/\"},{\"@type\":\"ListItem\",\"position\":2,\"name\":\"Silicon Carbide Crucible\"}]},{\"@type\":\"WebSite\",\"@id\":\"https:\/\/keruiref.com\/el\/#website\",\"url\":\"https:\/\/keruiref.com\/el\/\",\"name\":\"Your Refractory Bricks, Castables Manufacturer For Kiln | Kerui Refractory\u00ae Official Website\",\"description\":\"\",\"publisher\":{\"@id\":\"https:\/\/keruiref.com\/el\/#organization\"},\"potentialAction\":[{\"@type\":\"SearchAction\",\"target\":{\"@type\":\"EntryPoint\",\"urlTemplate\":\"https:\/\/keruiref.com\/el\/?s={search_term_string}\"},\"query-input\":{\"@type\":\"PropertyValueSpecification\",\"valueRequired\":true,\"valueName\":\"search_term_string\"}}],\"inLanguage\":\"es\"},{\"@type\":\"Organization\",\"@id\":\"https:\/\/keruiref.com\/el\/#organization\",\"name\":\"Your Refractory Bricks, Castables Manufacturer For Kiln | Kerui Refractory\u00ae Official Website\",\"url\":\"https:\/\/keruiref.com\/el\/\",\"logo\":{\"@type\":\"ImageObject\",\"inLanguage\":\"es\",\"@id\":\"https:\/\/keruiref.com\/el\/#\/schema\/logo\/image\/\",\"url\":\"https:\/\/keruiref.com\/wp-content\/uploads\/2024\/01\/footer-Logo.png\",\"contentUrl\":\"https:\/\/keruiref.com\/wp-content\/uploads\/2024\/01\/footer-Logo.png\",\"width\":282,\"height\":70,\"caption\":\"Your Refractory Bricks, Castables Manufacturer For Kiln | Kerui Refractory\u00ae Official Website\"},\"image\":{\"@id\":\"https:\/\/keruiref.com\/el\/#\/schema\/logo\/image\/\"}}]}<\/script>\n<!-- \/ Yoast SEO plugin. -->","yoast_head_json":{"title":"Crisol de carburo de silicio - Su fabricante de ladrillos refractarios, hormigones para horno | Kerui Refractory\u00ae P\u00e1gina web oficial","description":"El crisol de carburo de silicio es un recipiente de alta temperatura fabricado con carburo de silicio de gran pureza mediante sinterizaci\u00f3n a alta temperatura. Con una excelente conductividad t\u00e9rmica y resistencia a los golpes, soporta &gt;1600\u2103, resiste la corrosi\u00f3n del metal fundido y ofrece una gran estabilidad qu\u00edmica.","robots":{"index":"index","follow":"follow","max-snippet":"max-snippet:-1","max-image-preview":"max-image-preview:large","max-video-preview":"max-video-preview:-1"},"canonical":"https:\/\/keruiref.com\/es\/crisol-de-carburo-de-silicio\/","schema":{"@context":"https:\/\/schema.org","@graph":[{"@type":"WebPage","@id":"https:\/\/keruiref.com\/silicon-carbide-crucible\/","url":"https:\/\/keruiref.com\/silicon-carbide-crucible\/","name":"Crisol de carburo de silicio - Su fabricante de ladrillos refractarios, hormigones para horno | Kerui Refractory\u00ae P\u00e1gina web oficial","isPartOf":{"@id":"https:\/\/keruiref.com\/el\/#website"},"primaryImageOfPage":{"@id":"https:\/\/keruiref.com\/silicon-carbide-crucible\/#primaryimage"},"image":{"@id":"https:\/\/keruiref.com\/silicon-carbide-crucible\/#primaryimage"},"thumbnailUrl":"https:\/\/keruiref.com\/wp-content\/uploads\/2025\/06\/Silicon-Carbide-Crucibles_kerui.webp","datePublished":"2025-06-04T03:17:59+00:00","description":"El crisol de carburo de silicio es un recipiente de alta temperatura fabricado con carburo de silicio de gran pureza mediante sinterizaci\u00f3n a alta temperatura. Con una excelente conductividad t\u00e9rmica y resistencia a los golpes, soporta &gt;1600\u2103, resiste la corrosi\u00f3n del metal fundido y ofrece una gran estabilidad qu\u00edmica.","breadcrumb":{"@id":"https:\/\/keruiref.com\/silicon-carbide-crucible\/#breadcrumb"},"inLanguage":"es","potentialAction":[{"@type":"ReadAction","target":["https:\/\/keruiref.com\/silicon-carbide-crucible\/"]}]},{"@type":"ImageObject","inLanguage":"es","@id":"https:\/\/keruiref.com\/silicon-carbide-crucible\/#primaryimage","url":"https:\/\/keruiref.com\/wp-content\/uploads\/2025\/06\/Silicon-Carbide-Crucibles_kerui.webp","contentUrl":"https:\/\/keruiref.com\/wp-content\/uploads\/2025\/06\/Silicon-Carbide-Crucibles_kerui.webp"},{"@type":"BreadcrumbList","@id":"https:\/\/keruiref.com\/silicon-carbide-crucible\/#breadcrumb","itemListElement":[{"@type":"ListItem","position":1,"name":"Home","item":"https:\/\/keruiref.com\/"},{"@type":"ListItem","position":2,"name":"Silicon Carbide Crucible"}]},{"@type":"WebSite","@id":"https:\/\/keruiref.com\/el\/#website","url":"https:\/\/keruiref.com\/el\/","name":"Su fabricante de ladrillos refractarios y hormigones para hornos | Kerui Refractory\u00ae P\u00e1gina web oficial","description":"","publisher":{"@id":"https:\/\/keruiref.com\/el\/#organization"},"potentialAction":[{"@type":"SearchAction","target":{"@type":"EntryPoint","urlTemplate":"https:\/\/keruiref.com\/el\/?s={search_term_string}"},"query-input":{"@type":"PropertyValueSpecification","valueRequired":true,"valueName":"search_term_string"}}],"inLanguage":"es"},{"@type":"Organization","@id":"https:\/\/keruiref.com\/el\/#organization","name":"Su fabricante de ladrillos refractarios y hormigones para hornos | Kerui Refractory\u00ae P\u00e1gina web oficial","url":"https:\/\/keruiref.com\/el\/","logo":{"@type":"ImageObject","inLanguage":"es","@id":"https:\/\/keruiref.com\/el\/#\/schema\/logo\/image\/","url":"https:\/\/keruiref.com\/wp-content\/uploads\/2024\/01\/footer-Logo.png","contentUrl":"https:\/\/keruiref.com\/wp-content\/uploads\/2024\/01\/footer-Logo.png","width":282,"height":70,"caption":"Your Refractory Bricks, Castables Manufacturer For Kiln | Kerui Refractory\u00ae Official Website"},"image":{"@id":"https:\/\/keruiref.com\/el\/#\/schema\/logo\/image\/"}}]}},"_links":{"self":[{"href":"https:\/\/keruiref.com\/es\/wp-json\/wp\/v2\/pages\/86756","targetHints":{"allow":["GET"]}}],"collection":[{"href":"https:\/\/keruiref.com\/es\/wp-json\/wp\/v2\/pages"}],"about":[{"href":"https:\/\/keruiref.com\/es\/wp-json\/wp\/v2\/types\/page"}],"author":[{"embeddable":true,"href":"https:\/\/keruiref.com\/es\/wp-json\/wp\/v2\/users\/1"}],"replies":[{"embeddable":true,"href":"https:\/\/keruiref.com\/es\/wp-json\/wp\/v2\/comments?post=86756"}],"version-history":[{"count":0,"href":"https:\/\/keruiref.com\/es\/wp-json\/wp\/v2\/pages\/86756\/revisions"}],"wp:attachment":[{"href":"https:\/\/keruiref.com\/es\/wp-json\/wp\/v2\/media?parent=86756"}],"curies":[{"name":"wp","href":"https:\/\/api.w.org\/{rel}","templated":true}]}}