{"id":86751,"date":"2025-06-04T10:56:44","date_gmt":"2025-06-04T02:56:44","guid":{"rendered":"https:\/\/keruiref.com\/?page_id=86751"},"modified":"2025-06-04T10:56:44","modified_gmt":"2025-06-04T02:56:44","slug":"rodillo-de-carburo-de-silicio","status":"publish","type":"page","link":"https:\/\/keruiref.com\/es\/rodillo-de-carburo-de-silicio\/","title":{"rendered":"Rodillo de carburo de silicio"},"content":{"rendered":"<div class=\"page_model product_info\">\n<div class=\"preview\"><img loading=\"lazy\" decoding=\"async\" class=\"alignnone size-full wp-image-86752\" src=\"https:\/\/keruiref.com\/wp-content\/uploads\/2025\/06\/kerui-Silicon-Carbide-Roller.webp\" alt=\"\" width=\"780\" height=\"639\" srcset=\"https:\/\/keruiref.com\/wp-content\/uploads\/2025\/06\/kerui-Silicon-Carbide-Roller.webp 780w, https:\/\/keruiref.com\/wp-content\/uploads\/2025\/06\/kerui-Silicon-Carbide-Roller-300x246.webp 300w, https:\/\/keruiref.com\/wp-content\/uploads\/2025\/06\/kerui-Silicon-Carbide-Roller-768x629.webp 768w, https:\/\/keruiref.com\/wp-content\/uploads\/2025\/06\/kerui-Silicon-Carbide-Roller-15x12.webp 15w\" sizes=\"auto, (max-width: 780px) 100vw, 780px\" \/><\/div>\n<div class=\"info\">\n<h1>Rodillo de carburo de silicio<\/h1>\n<p>El rodillo de carburo de silicio tiene un rendimiento excelente, resiste las grietas y deformaciones y tiene una larga vida \u00fatil. Kerui ofrece tipos sinterizados, ligados por reacci\u00f3n y recristalizados. Ampliamente utilizado en las zonas de cocci\u00f3n de alta temperatura de la fabricaci\u00f3n de porcelana\/vidrio, Kerui ha servido a muchos clientes con este tipo de productos\/soluciones.<\/p>\n<ul>\n<li>sic (\u2265)\/: 85%<\/li>\n<li>Densidad aparente(\u2265): 3,02g\/cm\u00b3<\/li>\n<li>Temperatura m\u00e1xima de servicio: 1380\u2103<\/li>\n<li>Conductividad t\u00e9rmica W\/m-K(1200\u2103): 45<\/li>\n<li>Certificaci\u00f3n: ISO9001\/ISO14001\/ISO45001\/ISO50001<\/li>\n<li>Servicio de procesado: Doblado, soldadura, punzonado, desenrollado, corte, moldeado<\/li>\n<\/ul>\n<div class=\"tags\">\n<p>Alta calidad<\/p>\n<p>Precio razonable<\/p>\n<p>Productos y soluciones personalizables<\/p>\n<p>Entrega puntual<\/p>\n<p>24\/7\/365 A su servicio<\/p>\n<\/div>\n<p><a class=\"inruiry fancybox\" href=\"#contact_form_pop\">inruiry now<\/a><a class=\"email-btn\" href=\"mailto: market@keruiref.com\">enviar correo electr\u00f3nico<\/a><\/p>\n<\/div>\n<\/div>\n<ul class=\"anchor\">\n<li><a href=\"#PRODUCTDESCRIPTION\">DESCRIPCI\u00d3N DEL PRODUCTO<\/a><\/li>\n<li><a href=\"#TechniqueData\">Datos t\u00e9cnicos<\/a><\/li>\n<li><a href=\"#INQUIRY\">CONSULTA<\/a><\/li>\n<li><a href=\"#RELATEDPRODUCTS\">PRODUCTOS RELACIONADOS<\/a><\/li>\n<\/ul>\n<div class=\"page_model\">\n<h2 id=\"PRODUCTDESCRIPTION\">Descripci\u00f3n del rodillo de carburo de silicio<\/h2>\n<p>El rodillo de carburo de silicio desempe\u00f1a un papel fundamental en los hornos de alta temperatura. Est\u00e1 hecho de carburo de silicio de alta pureza y procesado por procesos especiales. Tiene una excelente resistencia a altas temperaturas y puede funcionar de forma estable a 1600\u2103. Tiene buena resistencia al desgaste y a la corrosi\u00f3n y bajo coeficiente de expansi\u00f3n t\u00e9rmica. Se utiliza com\u00fanmente en industrias como la cer\u00e1mica, la fabricaci\u00f3n de vidrio y el procesamiento de acero para transportar materiales y ayudar a mejorar la eficiencia de la producci\u00f3n y la calidad del producto.<img loading=\"lazy\" decoding=\"async\" class=\"alignnone size-full wp-image-86753\" src=\"https:\/\/keruiref.com\/wp-content\/uploads\/2025\/06\/Silicon-Carbide-Roller-1.webp\" alt=\"\" width=\"1450\" height=\"554\" srcset=\"https:\/\/keruiref.com\/wp-content\/uploads\/2025\/06\/Silicon-Carbide-Roller-1.webp 1450w, https:\/\/keruiref.com\/wp-content\/uploads\/2025\/06\/Silicon-Carbide-Roller-1-300x115.webp 300w, https:\/\/keruiref.com\/wp-content\/uploads\/2025\/06\/Silicon-Carbide-Roller-1-1024x391.webp 1024w, https:\/\/keruiref.com\/wp-content\/uploads\/2025\/06\/Silicon-Carbide-Roller-1-768x293.webp 768w, https:\/\/keruiref.com\/wp-content\/uploads\/2025\/06\/Silicon-Carbide-Roller-1-18x7.webp 18w\" sizes=\"auto, (max-width: 1450px) 100vw, 1450px\" \/><\/p>\n<h2 id=\"TechniqueData\">Especificaciones del rodillo de carburo de silicio Kerui<\/h2>\n<table id=\"tablepress-98\" class=\"tablepress tablepress-id-98 tbody-has-connected-cells\">\n<thead>\n<tr class=\"row-1\">\n<th class=\"column-1\">Art\u00edculo<\/th>\n<th class=\"column-2\">SiO\u2082-SiC<\/th>\n<th class=\"column-3\">SiSiC\/RBSiC<\/th>\n<th class=\"column-4\">R-SiC<\/th>\n<th class=\"column-5\">Si3N4-SiC<\/th>\n<\/tr>\n<\/thead>\n<tbody class=\"row-striping row-hover\">\n<tr class=\"row-2\">\n<td class=\"column-1\">SiC %<\/td>\n<td class=\"column-2\">\uff1e85<\/td>\n<td class=\"column-3\">90~92<\/td>\n<td class=\"column-4\">\uff1e99<\/td>\n<td class=\"column-5\">\u226575<\/td>\n<\/tr>\n<tr class=\"row-3\">\n<td class=\"column-1\">Densidad g\/cm3<\/td>\n<td class=\"column-2\">2.65~2.75<\/td>\n<td class=\"column-3\">>3.02<\/td>\n<td class=\"column-4\">2.65\uff5e2.75<\/td>\n<td class=\"column-5\">2.65\uff5e2.85<\/td>\n<\/tr>\n<tr class=\"row-4\">\n<td class=\"column-1\">Porosidad %<\/td>\n<td class=\"column-2\">15~16<\/td>\n<td class=\"column-3\"><0.1<\/td>\n<td class=\"column-4\">15-18<\/td>\n<td class=\"column-5\">13-15<\/td>\n<\/tr>\n<tr class=\"row-5\">\n<td class=\"column-1\">Resistencia a la flexi\u00f3n (20\u2103)Mpa<\/td>\n<td class=\"column-2\">90~100<\/td>\n<td class=\"column-3\">260<\/td>\n<td class=\"column-4\">80\uff5e100<\/td>\n<td class=\"column-5\">160-180<\/td>\n<\/tr>\n<tr class=\"row-6\">\n<td class=\"column-1\">Resistencia a la flexi\u00f3n (1200\u2103)Mpa<\/td>\n<td class=\"column-2\">100~110<\/td>\n<td class=\"column-3\">280<\/td>\n<td class=\"column-4\">90\uff5e110<\/td>\n<td class=\"column-5\">170-180<\/td>\n<\/tr>\n<tr class=\"row-7\">\n<td class=\"column-1\">Resistencia a la compresi\u00f3n (20\u2103)Mpa<\/td>\n<td class=\"column-2\">\u2265300<\/td>\n<td class=\"column-3\">900<\/td>\n<td class=\"column-4\">\u2265300<\/td>\n<td class=\"column-5\">580<\/td>\n<\/tr>\n<tr class=\"row-8\">\n<td class=\"column-1\">Dureza Kg\/mm2<\/td>\n<td class=\"column-2\">1800~2000<\/td>\n<td class=\"column-3\">2400<\/td>\n<td class=\"column-4\">1800\uff5e2000<\/td>\n<td class=\"column-5\">2000-3000<\/td>\n<\/tr>\n<tr class=\"row-9\">\n<td class=\"column-1\">Conductividad t\u00e9rmica (1200\u2103)w.m-1.k-1<\/td>\n<td class=\"column-2\">35~36<\/td>\n<td class=\"column-3\">45<\/td>\n<td class=\"column-4\">36<\/td>\n<td class=\"column-5\">19.6<\/td>\n<\/tr>\n<tr class=\"row-10\">\n<td rowspan=\"2\" class=\"column-1\">Coeficiente de dilataci\u00f3n t\u00e9rmica(1200\u2103)<\/td>\n<td rowspan=\"2\" class=\"column-2\">4.6<\/td>\n<td rowspan=\"2\" class=\"column-3\">4.5<\/td>\n<td rowspan=\"2\" class=\"column-4\">4.6<\/td>\n<td rowspan=\"2\" class=\"column-5\">4.7<\/td>\n<\/tr>\n<tr class=\"row-11\">\n<\/tr>\n<tr class=\"row-12\">\n<td class=\"column-1\">Temperatura m\u00e1xima de funcionamiento \u2103<\/td>\n<td class=\"column-2\">1500<\/td>\n<td class=\"column-3\">1380<\/td>\n<td class=\"column-4\">1650<\/td>\n<td class=\"column-5\">1550<\/td>\n<\/tr>\n<\/tbody>\n<\/table>\n<p><!-- #tablepress-98 from cache --><\/p>\n<p><center><a class=\"fancybox price\" href=\"#contact_form_pop\">OBTENER PRECIO<\/a><\/center><\/p>\n<h2>Tama\u00f1os y tipos comunes de rodillos de carburo de silicio<\/h2>\n<p>Kerui ofrece rodillos de carburo de silicio en varios tama\u00f1os de secci\u00f3n transversal y espesores de pared personalizados para satisfacer los requisitos espec\u00edficos de los clientes. Env\u00edenos sus datos.<\/p>\n<p><img loading=\"lazy\" decoding=\"async\" class=\"alignnone size-full wp-image-86754\" src=\"https:\/\/keruiref.com\/wp-content\/uploads\/2025\/06\/Silicon-Carbide-Roller-2.webp\" alt=\"\" width=\"1450\" height=\"384\" srcset=\"https:\/\/keruiref.com\/wp-content\/uploads\/2025\/06\/Silicon-Carbide-Roller-2.webp 1450w, https:\/\/keruiref.com\/wp-content\/uploads\/2025\/06\/Silicon-Carbide-Roller-2-300x79.webp 300w, https:\/\/keruiref.com\/wp-content\/uploads\/2025\/06\/Silicon-Carbide-Roller-2-1024x271.webp 1024w, https:\/\/keruiref.com\/wp-content\/uploads\/2025\/06\/Silicon-Carbide-Roller-2-768x203.webp 768w, https:\/\/keruiref.com\/wp-content\/uploads\/2025\/06\/Silicon-Carbide-Roller-2-18x5.webp 18w\" sizes=\"auto, (max-width: 1450px) 100vw, 1450px\" \/><\/p>\n<h2>Caracter\u00edsticas del rodillo de carburo de silicio<\/h2>\n<p>El rodillo de carburo de silicio destaca por su alta resistencia al calor, manteniendo la estabilidad a 1600\u2103 sin deformarse. Presume de una gran resistencia mec\u00e1nica, al desgaste y a la corrosi\u00f3n, lo que garantiza un rendimiento duradero y sin grietas. Con una excelente estabilidad t\u00e9rmica y un bajo coeficiente de dilataci\u00f3n, soporta los cambios de temperatura. Disponible en los tipos sinterizado, aglomerado por reacci\u00f3n y recristalizado, es crucial en el transporte de cer\u00e1mica, vidrio y acero a altas temperaturas, aumentando la productividad y la fiabilidad.<\/p>\n<p><center><a class=\"fancybox price\" href=\"#contact_form_pop\">OBTENER PRECIO<\/a><\/center><\/p>\n<h2>Aplicaci\u00f3n del rodillo de carburo de silicio<\/h2>\n<ul>\n<li style=\"list-style-type: none;\">\n<ul>\n<li><strong>Transportadores de rodillos para hornos:<\/strong> Los rodillos de carburo de silicio se utilizan habitualmente para transportar materiales como cer\u00e1mica y vidrio a trav\u00e9s de hornos de alta temperatura.<\/li>\n<li><strong>Cocci\u00f3n cer\u00e1mica:<\/strong> Se utiliza como mobiliario de horno en los procesos de cocci\u00f3n de cer\u00e1mica para soportar y transportar los productos cer\u00e1micos a trav\u00e9s del horno.<\/li>\n<li><strong>Fabricaci\u00f3n de vidrio:<\/strong> Se emplean en procesos de fundici\u00f3n y moldeado de vidrio, donde soportan tanto altas temperaturas como condiciones corrosivas.<\/li>\n<li><strong>Hornos de recalentamiento de acero:<\/strong> Se utiliza en hornos de recalentamiento para transportar palanquillas de acero, garantizando un movimiento y una distribuci\u00f3n de la temperatura uniformes.<\/li>\n<\/ul>\n<\/li>\n<\/ul>\n<p><img loading=\"lazy\" decoding=\"async\" class=\"alignnone size-full wp-image-86730\" src=\"https:\/\/keruiref.com\/wp-content\/uploads\/2025\/06\/Application-of-KERUI-Kiln-Shelves.webp\" alt=\"\" width=\"1450\" height=\"679\" srcset=\"https:\/\/keruiref.com\/wp-content\/uploads\/2025\/06\/Application-of-KERUI-Kiln-Shelves.webp 1450w, https:\/\/keruiref.com\/wp-content\/uploads\/2025\/06\/Application-of-KERUI-Kiln-Shelves-300x140.webp 300w, https:\/\/keruiref.com\/wp-content\/uploads\/2025\/06\/Application-of-KERUI-Kiln-Shelves-1024x480.webp 1024w, https:\/\/keruiref.com\/wp-content\/uploads\/2025\/06\/Application-of-KERUI-Kiln-Shelves-768x360.webp 768w, https:\/\/keruiref.com\/wp-content\/uploads\/2025\/06\/Application-of-KERUI-Kiln-Shelves-18x8.webp 18w\" sizes=\"auto, (max-width: 1450px) 100vw, 1450px\" \/><\/p>\n<\/div>\n<div id=\"INQUIRY\" class=\"page_model\">\n<div class=\"wpcf7 no-js\" id=\"wpcf7-f328-o1\" lang=\"en-US\" dir=\"ltr\" data-wpcf7-id=\"328\">\n<div class=\"screen-reader-response\">\n<p role=\"status\" aria-live=\"polite\" aria-atomic=\"true\">\n<ul><\/ul>\n<\/div>\n<form action=\"\/es\/wp-json\/wp\/v2\/pages\/86751#wpcf7-f328-o1\" method=\"post\" class=\"wpcf7-form init\" aria-label=\"Formulario de contacto\" novalidate=\"novalidate\" data-status=\"init\" data-trp-original-action=\"\/es\/wp-json\/wp\/v2\/pages\/86751#wpcf7-f328-o1\">\n<div style=\"display: none;\">\n<input type=\"hidden\" name=\"_wpcf7\" value=\"328\" \/><br \/>\n<input type=\"hidden\" name=\"_wpcf7_version\" value=\"6.0.4\" \/><br \/>\n<input type=\"hidden\" name=\"_wpcf7_locale\" value=\"en_US\" \/><br \/>\n<input type=\"hidden\" name=\"_wpcf7_unit_tag\" value=\"wpcf7-f328-o1\" \/><br \/>\n<input type=\"hidden\" name=\"_wpcf7_container_post\" value=\"0\" \/><br \/>\n<input type=\"hidden\" name=\"_wpcf7_posted_data_hash\" value=\"\" \/><br \/>\n<input type=\"hidden\" name=\"_wpcf7_recaptcha_response\" value=\"\" \/>\n<\/div>\n<div class=\"form-box\" id=\"Contact-Us\">\n<div class=\"isleft\">\n<div class=\"contact-title\">\n<p>P\u00f3ngase en contacto con nosotros\n\t\t\t<\/p>\n<\/p><\/div>\n<div class=\"contactp\">\n<p>No dude en enviarnos su consulta a trav\u00e9s del formulario. Le responderemos en un plazo de 6 horas.\n\t\t\t<\/p>\n<\/p><\/div>\n<ul class=\"contact\">\n<li class=\"email\">\n<p><img decoding=\"async\" src=\"https:\/\/keruiref.com\/wp-content\/uploads\/2023\/12\/email.png\" alt=\"\" \/>Correo electr\u00f3nico:\n\t\t\t\t<\/p>\n<p><a href=\"mailto:market@keruiref.com\">market@keruiref.com<\/a>\n\t\t\t\t<\/p>\n<\/li>\n<li class=\"phone\">\n<p><img decoding=\"async\" src=\"https:\/\/keruiref.com\/wp-content\/uploads\/2023\/12\/tel.png\" alt=\"\" \/>Tel\u00e9fono\/whatsapp:\n\t\t\t\t<\/p>\n<p><a href=\"https:\/\/wa.me\/8619138178880\">+86 19138178880<\/a>\n\t\t\t\t<\/p>\n<\/li>\n<li class=\"location\">\n<p><img decoding=\"async\" src=\"https:\/\/keruiref.com\/wp-content\/uploads\/2023\/12\/Location.png\" alt=\"\" \/>Base de fabricaci\u00f3n:\n\t\t\t\t<\/p>\n<p>Zona de Industria Refractaria de Chaohua,<br \/>\nCiudad de Xinmi, provincia de Henan, China\n\t\t\t\t<\/p>\n<\/li>\n<\/ul><\/div>\n<div class=\"isright\">\n<ul class=\"contact-input\">\n<li>\n<div class=\"islabel\">\n<p>* Nombre:\n\t\t\t\t\t<\/p>\n<\/p><\/div>\n<p><span class=\"wpcf7-form-control-wrap\" data-name=\"your-name\"><input size=\"40\" maxlength=\"400\" class=\"wpcf7-form-control wpcf7-text wpcf7-validates-as-required\" aria-required=\"true\" aria-invalid=\"false\" placeholder=\"\" value=\"\" type=\"text\" name=\"your-name\" \/><\/span>\n\t\t\t\t<\/p>\n<\/li>\n<li>\n<div class=\"islabel\">\n<p>* Email:\n\t\t\t\t\t<\/p>\n<\/p><\/div>\n<p><span class=\"wpcf7-form-control-wrap\" data-name=\"your-email\"><input size=\"40\" maxlength=\"400\" class=\"wpcf7-form-control wpcf7-email wpcf7-validates-as-required wpcf7-text wpcf7-validates-as-email\" aria-required=\"true\" aria-invalid=\"false\" placeholder=\"\" value=\"\" type=\"email\" name=\"your-email\" \/><\/span>\n\t\t\t\t<\/p>\n<\/li>\n<li>\n<div class=\"islabel\">\n<p>* Tel\u00e9fono\/Whatsapp:\n\t\t\t\t\t<\/p>\n<\/p><\/div>\n<p><span class=\"wpcf7-form-control-wrap\" data-name=\"your-phone\"><input size=\"40\" maxlength=\"400\" class=\"wpcf7-form-control wpcf7-tel wpcf7-text wpcf7-validates-as-tel\" aria-invalid=\"false\" placeholder=\"\" value=\"\" type=\"tel\" name=\"your-phone\" \/><\/span>\n\t\t\t\t<\/p>\n<\/li>\n<li>\n<div class=\"islabel\">\n<p>Pa\u00eds:\n\t\t\t\t\t<\/p>\n<\/p><\/div>\n<p><span class=\"wpcf7-form-control-wrap\" data-name=\"your-country\"><input size=\"40\" maxlength=\"400\" class=\"wpcf7-form-control wpcf7-text\" aria-invalid=\"false\" placeholder=\"\" value=\"\" type=\"text\" name=\"your-country\" \/><\/span>\n\t\t\t\t<\/p>\n<\/li>\n<li class=\"ismassage\">\n<div class=\"islabel\">\n<p>* Mensaje:\n\t\t\t\t\t<\/p>\n<\/p><\/div>\n<p><span class=\"wpcf7-form-control-wrap\" data-name=\"your-msg\"><textarea cols=\"40\" rows=\"10\" maxlength=\"2000\" class=\"wpcf7-form-control wpcf7-textarea wpcf7-validates-as-required\" aria-required=\"true\" aria-invalid=\"false\" name=\"your-msg\"><\/textarea><\/span>\n\t\t\t\t<\/p>\n<\/li>\n<li class=\"wpcf7-btns-box\">\n<div class=\"isFileName\">\n\t\t\t\t<\/div>\n<div class=\"wpcf7-btns\">\n<p><input class=\"wpcf7-form-control wpcf7-submit has-spinner\" type=\"submit\" value=\"ENVIAR\" \/>\n\t\t\t\t\t<\/p>\n<\/p><\/div>\n<\/li>\n<\/ul><\/div>\n<\/div>\n<div class=\"wpcf7-response-output\" aria-hidden=\"true\"><\/div>\n<input type=\"hidden\" name=\"trp-form-language\" value=\"es\"\/><\/form>\n<\/div>\n<\/div>","protected":false},"excerpt":{"rendered":"Silicon Carbide Roller Silicon carbide roller performs excellently, resisting cracking\/deformation for long service life. Kerui offers sintered, reaction-bonded &amp; recrystallized types. Widely used in porcelain\/glass manufacturing&#8217;s high-temperature firing zones, Kerui has served many customers with such products\/solutions. sic (\u2265)\/: 85% Bulk Density(\u2265): 3.02g\/cm\u00b3 Max Service &#8230; <a title=\"Rodillo de carburo de silicio\" class=\"read-more\" href=\"https:\/\/keruiref.com\/es\/rodillo-de-carburo-de-silicio\/\" aria-label=\"M\u00e1s en Silicon Carbide Roller\">Seguir leyendo<\/a>","protected":false},"author":1,"featured_media":0,"parent":0,"menu_order":0,"comment_status":"closed","ping_status":"closed","template":"","meta":{"footnotes":""},"class_list":{"0":"post-86751","1":"page","2":"type-page","3":"status-publish","5":"no-featured-image-padding"},"yoast_head":"<!-- This site is optimized with the Yoast SEO plugin v24.9 - https:\/\/yoast.com\/wordpress\/plugins\/seo\/ -->\n<title>Silicon Carbide Roller - Your Refractory Bricks, Castables Manufacturer For Kiln | Kerui Refractory\u00ae Official Website<\/title>\n<meta name=\"robots\" content=\"index, follow, max-snippet:-1, max-image-preview:large, max-video-preview:-1\" \/>\n<link rel=\"canonical\" href=\"https:\/\/keruiref.com\/es\/rodillo-de-carburo-de-silicio\/\" \/>\n<script type=\"application\/ld+json\" class=\"yoast-schema-graph\">{\"@context\":\"https:\/\/schema.org\",\"@graph\":[{\"@type\":\"WebPage\",\"@id\":\"https:\/\/keruiref.com\/silicon-carbide-roller\/\",\"url\":\"https:\/\/keruiref.com\/silicon-carbide-roller\/\",\"name\":\"Silicon Carbide Roller - Your Refractory Bricks, Castables Manufacturer For Kiln | Kerui Refractory\u00ae Official Website\",\"isPartOf\":{\"@id\":\"https:\/\/keruiref.com\/el\/#website\"},\"primaryImageOfPage\":{\"@id\":\"https:\/\/keruiref.com\/silicon-carbide-roller\/#primaryimage\"},\"image\":{\"@id\":\"https:\/\/keruiref.com\/silicon-carbide-roller\/#primaryimage\"},\"thumbnailUrl\":\"https:\/\/keruiref.com\/wp-content\/uploads\/2025\/06\/kerui-Silicon-Carbide-Roller.webp\",\"datePublished\":\"2025-06-04T02:56:44+00:00\",\"breadcrumb\":{\"@id\":\"https:\/\/keruiref.com\/silicon-carbide-roller\/#breadcrumb\"},\"inLanguage\":\"es\",\"potentialAction\":[{\"@type\":\"ReadAction\",\"target\":[\"https:\/\/keruiref.com\/silicon-carbide-roller\/\"]}]},{\"@type\":\"ImageObject\",\"inLanguage\":\"es\",\"@id\":\"https:\/\/keruiref.com\/silicon-carbide-roller\/#primaryimage\",\"url\":\"https:\/\/keruiref.com\/wp-content\/uploads\/2025\/06\/kerui-Silicon-Carbide-Roller.webp\",\"contentUrl\":\"https:\/\/keruiref.com\/wp-content\/uploads\/2025\/06\/kerui-Silicon-Carbide-Roller.webp\"},{\"@type\":\"BreadcrumbList\",\"@id\":\"https:\/\/keruiref.com\/silicon-carbide-roller\/#breadcrumb\",\"itemListElement\":[{\"@type\":\"ListItem\",\"position\":1,\"name\":\"Home\",\"item\":\"https:\/\/keruiref.com\/\"},{\"@type\":\"ListItem\",\"position\":2,\"name\":\"Silicon Carbide Roller\"}]},{\"@type\":\"WebSite\",\"@id\":\"https:\/\/keruiref.com\/el\/#website\",\"url\":\"https:\/\/keruiref.com\/el\/\",\"name\":\"Your Refractory Bricks, Castables Manufacturer For Kiln | Kerui Refractory\u00ae Official Website\",\"description\":\"\",\"publisher\":{\"@id\":\"https:\/\/keruiref.com\/el\/#organization\"},\"potentialAction\":[{\"@type\":\"SearchAction\",\"target\":{\"@type\":\"EntryPoint\",\"urlTemplate\":\"https:\/\/keruiref.com\/el\/?s={search_term_string}\"},\"query-input\":{\"@type\":\"PropertyValueSpecification\",\"valueRequired\":true,\"valueName\":\"search_term_string\"}}],\"inLanguage\":\"es\"},{\"@type\":\"Organization\",\"@id\":\"https:\/\/keruiref.com\/el\/#organization\",\"name\":\"Your Refractory Bricks, Castables Manufacturer For Kiln | Kerui Refractory\u00ae Official Website\",\"url\":\"https:\/\/keruiref.com\/el\/\",\"logo\":{\"@type\":\"ImageObject\",\"inLanguage\":\"es\",\"@id\":\"https:\/\/keruiref.com\/el\/#\/schema\/logo\/image\/\",\"url\":\"https:\/\/keruiref.com\/wp-content\/uploads\/2024\/01\/footer-Logo.png\",\"contentUrl\":\"https:\/\/keruiref.com\/wp-content\/uploads\/2024\/01\/footer-Logo.png\",\"width\":282,\"height\":70,\"caption\":\"Your Refractory Bricks, Castables Manufacturer For Kiln | Kerui Refractory\u00ae Official Website\"},\"image\":{\"@id\":\"https:\/\/keruiref.com\/el\/#\/schema\/logo\/image\/\"}}]}<\/script>\n<!-- \/ Yoast SEO plugin. -->","yoast_head_json":{"title":"Rodillo de carburo de silicio - Su fabricante de ladrillos refractarios, hormigones para horno | Kerui Refractory\u00ae P\u00e1gina web oficial","robots":{"index":"index","follow":"follow","max-snippet":"max-snippet:-1","max-image-preview":"max-image-preview:large","max-video-preview":"max-video-preview:-1"},"canonical":"https:\/\/keruiref.com\/es\/rodillo-de-carburo-de-silicio\/","schema":{"@context":"https:\/\/schema.org","@graph":[{"@type":"WebPage","@id":"https:\/\/keruiref.com\/silicon-carbide-roller\/","url":"https:\/\/keruiref.com\/silicon-carbide-roller\/","name":"Rodillo de carburo de silicio - Su fabricante de ladrillos refractarios, hormigones para horno | Kerui Refractory\u00ae P\u00e1gina web oficial","isPartOf":{"@id":"https:\/\/keruiref.com\/el\/#website"},"primaryImageOfPage":{"@id":"https:\/\/keruiref.com\/silicon-carbide-roller\/#primaryimage"},"image":{"@id":"https:\/\/keruiref.com\/silicon-carbide-roller\/#primaryimage"},"thumbnailUrl":"https:\/\/keruiref.com\/wp-content\/uploads\/2025\/06\/kerui-Silicon-Carbide-Roller.webp","datePublished":"2025-06-04T02:56:44+00:00","breadcrumb":{"@id":"https:\/\/keruiref.com\/silicon-carbide-roller\/#breadcrumb"},"inLanguage":"es","potentialAction":[{"@type":"ReadAction","target":["https:\/\/keruiref.com\/silicon-carbide-roller\/"]}]},{"@type":"ImageObject","inLanguage":"es","@id":"https:\/\/keruiref.com\/silicon-carbide-roller\/#primaryimage","url":"https:\/\/keruiref.com\/wp-content\/uploads\/2025\/06\/kerui-Silicon-Carbide-Roller.webp","contentUrl":"https:\/\/keruiref.com\/wp-content\/uploads\/2025\/06\/kerui-Silicon-Carbide-Roller.webp"},{"@type":"BreadcrumbList","@id":"https:\/\/keruiref.com\/silicon-carbide-roller\/#breadcrumb","itemListElement":[{"@type":"ListItem","position":1,"name":"Home","item":"https:\/\/keruiref.com\/"},{"@type":"ListItem","position":2,"name":"Silicon Carbide Roller"}]},{"@type":"WebSite","@id":"https:\/\/keruiref.com\/el\/#website","url":"https:\/\/keruiref.com\/el\/","name":"Su fabricante de ladrillos refractarios y hormigones para hornos | Kerui Refractory\u00ae P\u00e1gina web oficial","description":"","publisher":{"@id":"https:\/\/keruiref.com\/el\/#organization"},"potentialAction":[{"@type":"SearchAction","target":{"@type":"EntryPoint","urlTemplate":"https:\/\/keruiref.com\/el\/?s={search_term_string}"},"query-input":{"@type":"PropertyValueSpecification","valueRequired":true,"valueName":"search_term_string"}}],"inLanguage":"es"},{"@type":"Organization","@id":"https:\/\/keruiref.com\/el\/#organization","name":"Su fabricante de ladrillos refractarios y hormigones para hornos | Kerui Refractory\u00ae P\u00e1gina web oficial","url":"https:\/\/keruiref.com\/el\/","logo":{"@type":"ImageObject","inLanguage":"es","@id":"https:\/\/keruiref.com\/el\/#\/schema\/logo\/image\/","url":"https:\/\/keruiref.com\/wp-content\/uploads\/2024\/01\/footer-Logo.png","contentUrl":"https:\/\/keruiref.com\/wp-content\/uploads\/2024\/01\/footer-Logo.png","width":282,"height":70,"caption":"Your Refractory Bricks, Castables Manufacturer For Kiln | Kerui Refractory\u00ae Official Website"},"image":{"@id":"https:\/\/keruiref.com\/el\/#\/schema\/logo\/image\/"}}]}},"_links":{"self":[{"href":"https:\/\/keruiref.com\/es\/wp-json\/wp\/v2\/pages\/86751","targetHints":{"allow":["GET"]}}],"collection":[{"href":"https:\/\/keruiref.com\/es\/wp-json\/wp\/v2\/pages"}],"about":[{"href":"https:\/\/keruiref.com\/es\/wp-json\/wp\/v2\/types\/page"}],"author":[{"embeddable":true,"href":"https:\/\/keruiref.com\/es\/wp-json\/wp\/v2\/users\/1"}],"replies":[{"embeddable":true,"href":"https:\/\/keruiref.com\/es\/wp-json\/wp\/v2\/comments?post=86751"}],"version-history":[{"count":0,"href":"https:\/\/keruiref.com\/es\/wp-json\/wp\/v2\/pages\/86751\/revisions"}],"wp:attachment":[{"href":"https:\/\/keruiref.com\/es\/wp-json\/wp\/v2\/media?parent=86751"}],"curies":[{"name":"wp","href":"https:\/\/api.w.org\/{rel}","templated":true}]}}