{"id":2664,"date":"2023-08-09T10:18:43","date_gmt":"2023-08-09T02:18:43","guid":{"rendered":"https:\/\/keruiref.com\/?page_id=2664"},"modified":"2025-07-29T17:58:34","modified_gmt":"2025-07-29T09:58:34","slug":"acerca-de-nosotros","status":"publish","type":"page","link":"https:\/\/keruiref.com\/es\/acerca-de-nosotros\/","title":{"rendered":"Qui\u00e9nes somos"},"content":{"rendered":"<div class=\"aboutAre\">\n<div class=\"iscontain\">\n<div class=\"isleft\">\n<div class=\"about-title\">QUI\u00c9NES SOMOS<\/div>\n<p>Fundada en 2004, Kerui Refractory es la primera opci\u00f3n de los clientes nacionales y extranjeros para importar materiales refractarios de China.<\/p>\n<p>Kerui Refractory se esfuerza por ofrecer soluciones y servicios de primera clase para las industrias de alta temperatura de todo el mundo, como la siderurgia, el aluminio, la energ\u00eda, el vidrio, las calderas, la industria no ferrosa, la industria cementera, etc. Nuestro principal objetivo es hacer posible el \u00e9xito y la prosperidad de estas industrias proporcion\u00e1ndoles los materiales y el apoyo necesarios para operar con seguridad y eficacia a altas temperaturas. Gracias a nuestros profundos conocimientos t\u00e9cnicos y a nuestra influencia mundial, nos enorgullecemos de ayudar a las industrias de alta temperatura de todo el mundo.<\/p>\n<ul>\n<li>\n<div class=\"t1\"><span id=\"numC1\">0<\/span><sub>+<\/sub><\/div>\n<p class=\"t2\">Empleados<\/p>\n<\/li>\n<li>\n<div class=\"t1\"><span id=\"numC2\">0<\/span><sub>+<\/sub><\/div>\n<p class=\"t2\">Casos de \u00e9xito<\/p>\n<\/li>\n<li>\n<div class=\"t1\"><span id=\"numC3\">0<\/span><sub>\u33a1<\/sub><\/div>\n<p class=\"t2\">F\u00e1brica<\/p>\n<\/li>\n<li>\n<div class=\"t1\"><span id=\"numC4\">0<\/span><\/div>\n<p class=\"t2\">Toneladas Capacidad anual<\/p>\n<\/li>\n<\/ul>\n<\/div>\n<div class=\"isright\"><img loading=\"lazy\" decoding=\"async\" class=\"aligncenter size-full wp-image-1924\" src=\"https:\/\/keruiref.com\/wp-content\/uploads\/2023\/08\/About-Us_05-1.jpg\" alt=\"Sobre nosotros 05\" width=\"960\" height=\"600\" \/><\/div>\n<\/div>\n<\/div>\n<div class=\"about-cando-box\">\n<div class=\"home-cando\">\n<div class=\"swiper home-cando-left wow fadeInLeft\">\n<div class=\"swiper-wrapper\">\n<div class=\"swiper-slide\"><img loading=\"lazy\" decoding=\"async\" class=\"aligncenter size-full wp-image-1923\" src=\"https:\/\/keruiref.com\/wp-content\/uploads\/2023\/08\/About-Us-RD-1.jpg\" alt=\"Sobre nosotros\" width=\"960\" height=\"490\" \/><\/div>\n<div class=\"swiper-slide\"><img loading=\"lazy\" decoding=\"async\" class=\"aligncenter size-full wp-image-1921\" src=\"https:\/\/keruiref.com\/wp-content\/uploads\/2023\/08\/About-Us_Products-1.jpg\" alt=\"Acerca de nuestros productos\" width=\"960\" height=\"490\" \/><\/div>\n<div class=\"swiper-slide\"><img loading=\"lazy\" decoding=\"async\" class=\"aligncenter size-full wp-image-1922\" src=\"https:\/\/keruiref.com\/wp-content\/uploads\/2023\/11\/Solutions-PC.jpg\" alt=\"Qui\u00e9nes somos Soluciones\" width=\"960\" height=\"490\" \/><\/div>\n<\/div>\n<\/div>\n<div class=\"isright wow fadeInRight\">\n<div class=\"about-title\">\u00bfQu\u00e9 hace Kerui Refractory?<\/div>\n<ul class=\"isnav\">\n<li class=\"active\">I+D e innovaci\u00f3n<\/li>\n<li>Productos<\/li>\n<li>Soluciones<\/li>\n<\/ul>\n<div class=\"swiper home-cando-right\">\n<div class=\"swiper-wrapper\">\n<div class=\"swiper-slide\">\n<p>Kerui Refractory ha puesto un gran \u00e9nfasis en la investigaci\u00f3n y el desarrollo (I+D) y en la innovaci\u00f3n continua. Contamos con un equipo dedicado de investigadores y cient\u00edficos que exploran constantemente nuevas tecnolog\u00edas, materiales y procesos de fabricaci\u00f3n en la industria refractaria. A trav\u00e9s de nuestros esfuerzos en I+D, nos esforzamos por desarrollar soluciones refractarias avanzadas y de alto rendimiento que satisfagan las necesidades cambiantes de diversas industrias. Esto incluye la investigaci\u00f3n de nuevos materiales, la optimizaci\u00f3n de las formulaciones existentes y la mejora de las t\u00e9cnicas de fabricaci\u00f3n para aumentar las propiedades y caracter\u00edsticas de los productos refractarios.<\/p>\n<\/div>\n<div class=\"swiper-slide\">\n<p>Kerui Refractory ofrece una amplia gama de productos refractarios para diferentes industrias y aplicaciones. Desarrollamos y fabricamos materiales refractarios de alta calidad que se utilizan en condiciones extremas, como altas temperaturas, corrosi\u00f3n qu\u00edmica y tensi\u00f3n mec\u00e1nica. La cartera de productos de Kerui incluye varios tipos de refractarios, como ladrillos, refractarios monol\u00edticos, hormigones, revestimientos, formas prefabricadas, etc. Estos productos est\u00e1n dise\u00f1ados para soportar las severas condiciones encontradas en industrias como la del acero, cemento, vidrio, petroqu\u00edmica, etc. Kerui Refractories asegura que nuestros productos cumplen con los est\u00e1ndares requeridos de rendimiento, durabilidad y fiabilidad.<\/p>\n<\/div>\n<div class=\"swiper-slide\">\n<p>Kerui Refractory ofrece soluciones integrales para abordar las necesidades y retos espec\u00edficos a los que se enfrentan nuestros clientes. Colaboramos estrechamente con los clientes para comprender sus requisitos y desarrollar soluciones refractarias personalizadas adaptadas a sus aplicaciones. Tanto si se trata de dise\u00f1ar sistemas de revestimiento para hornos, hornos o reactores, como de proporcionar soluciones para el aislamiento t\u00e9rmico, la resistencia a la corrosi\u00f3n o la estabilidad mec\u00e1nica, Kerui Refractory ofrece experiencia y asistencia t\u00e9cnica. Tambi\u00e9n ayudamos a los clientes en la instalaci\u00f3n, el mantenimiento y la resoluci\u00f3n de problemas de revestimientos refractarios, garantizando un rendimiento \u00f3ptimo y una mayor vida \u00fatil de los productos refractarios.<\/p>\n<\/div>\n<\/div>\n<\/div>\n<\/div>\n<\/div>\n<\/div>\n<div class=\"aboutWhy-box\">\n<div class=\"aboutWhy\">\n<div class=\"about-title\">POR QU\u00c9 ELEGIR KERUI<\/div>\n<ul>\n<li class=\"wow fadeInUp\">\n<div class=\"t1\">Producci\u00f3n<\/div>\n<p>Sistema de dosificaci\u00f3n de polvo refractario totalmente autom\u00e1tico;<\/p>\n<p>20 juegos de prensas de conformado de 400-1000 toneladas;<\/p>\n<p>2 * 168m hornos t\u00fanel de alta temperatura;<\/p>\n<p>20000\u33a1 taller de almacenamiento.<\/li>\n<li class=\"wow fadeInUp\" data-wow-delay=\"0.1s\">\n<div class=\"t1\">Pruebas<\/div>\n<p>Horno de ensayo de fluencia de recalentamiento\/ablandamiento de carga a alta temperatura;<\/p>\n<p>Banco de ensayos de resistencia a la compresi\u00f3n\/flexi\u00f3n para materiales refractarios;<\/p>\n<p>Plataforma de pruebas de composici\u00f3n e inspecci\u00f3n de materiales refractarios;<\/p>\n<p>Laboratorio de propiedades f\u00edsico-qu\u00edmicas para materiales refractarios.<\/li>\n<li class=\"wow fadeInUp\" data-wow-delay=\"0.2s\">\n<div class=\"t1\">Certificados<\/div>\n<p>1 certificado de patente de invenci\u00f3n: ladrillo ign\u00edfugo para muro cortafuegos;<\/p>\n<p>20+ Nuevas tecnolog\u00edas pr\u00e1cticas;<\/p>\n<p>ISO9001\/I-SO14001\/OHSAS18001\/CE\/ SGS;<\/p>\n<p>Certificado de empresa de alta tecnolog\u00eda.<\/li>\n<li class=\"wow fadeInUp\" data-wow-delay=\"0.3s\">\n<div class=\"t1\">Servicio<\/div>\n<p>Servicio de ventanilla \u00fanica;<\/p>\n<p>Asistencia profesional del equipo posventa y garant\u00eda de por vida;<\/p>\n<p>Supervisi\u00f3n del equipo de control de calidad;<\/p>\n<p>Servicio de soluciones personalizado y orientado al cliente.<\/li>\n<\/ul>\n<\/div>\n<\/div>\n<div class=\"about-FOOTPRINTS\">\n<div class=\"iscontain\">\n<div class=\"about-title\">HUELLAS DE KERUI<\/div>\n<div class=\"t2\">En 2004, Songchen Wei fund\u00f3 Kerui Factory en Chaohua Town, ciudad de Xinmi. En aquel momento, el equipo de producci\u00f3n solo contaba con 2 prensas, 2 hornos de tiro descendente y 1 generador de gas.<br \/>\nEn 2012, Kerui registr\u00f3 la marca \"KRNC\" e inici\u00f3 operaciones estrat\u00e9gicas de marca.<\/div>\n<div class=\"t2\">En m\u00e1s de 20 a\u00f1os de innovaci\u00f3n, KERUI se ha convertido en uno de los mayores fabricantes de materiales refractarios en China, y est\u00e1 sirviendo al cliente tanto en casa como en el extranjero. Hoy en d\u00eda, con una dedicaci\u00f3n inquebrantable a la calidad y la satisfacci\u00f3n del cliente, Kerui sigue dejando sus huellas indelebles en el mercado mundial de materiales refractarios.<\/div>\n<\/div>\n<\/div>\n<div class=\"about-world\">\n<div class=\"iscontain\">\n<div class=\"isleft\">\n<div class=\"about-title\">LA RED DE KERUI EN TODO EL MUNDO<\/div>\n<ul class=\"isdata\">\n<li>\n<div class=\"t1\"><span id=\"numC5\">0<\/span><\/div>\n<p class=\"t2\">Continentes<\/p>\n<\/li>\n<li>\n<div class=\"t1\"><span id=\"numC6\">0<\/span><sub>+<\/sub><\/div>\n<p class=\"t2\">Pa\u00edses y zonas<\/p>\n<\/li>\n<li>\n<div class=\"t1\"><span id=\"numC7\">0<\/span><sub>+<\/sub><\/div>\n<p class=\"t2\">Casos de \u00e9xito<\/p>\n<\/li>\n<li>\n<div class=\"t1\"><span id=\"numC8\">0<\/span><sub>+<\/sub><\/div>\n<p class=\"t2\">Clientes<\/p>\n<\/li>\n<\/ul>\n<p>Adem\u00e1s de China continental, Kerui Refractory ha exportado productos a m\u00e1s de 50 pa\u00edses y regiones de 6 continentes de todo el mundo, incluidos Asia, Europa, Norteam\u00e9rica, Sudam\u00e9rica, \u00c1frica y Ocean\u00eda. Hemos recibido el reconocimiento y grandes elogios de clientes de todo el mundo, y recibimos constantemente pedidos de recompra y referencias de clientes.<\/p>\n<\/div>\n<div class=\"isright\"><img loading=\"lazy\" decoding=\"async\" class=\"alignnone size-full wp-image-15950\" src=\"https:\/\/keruiref.com\/wp-content\/uploads\/2023\/10\/kerui-about-us-map.jpg\" alt=\"kerui acerca de nosotros mapa\" width=\"974\" height=\"494\" srcset=\"https:\/\/keruiref.com\/wp-content\/uploads\/2023\/10\/kerui-about-us-map.jpg 974w, https:\/\/keruiref.com\/wp-content\/uploads\/2023\/10\/kerui-about-us-map-300x152.jpg 300w, https:\/\/keruiref.com\/wp-content\/uploads\/2023\/10\/kerui-about-us-map-768x390.jpg 768w\" sizes=\"auto, (max-width: 974px) 100vw, 974px\" \/><\/div>\n<\/div>\n<\/div>\n<div class=\"about-culture\">\n<div class=\"about-title-box\">\n<div class=\"about-title\">LA CULTURA DE EMPRESA DE KERUI<\/div>\n<\/div>\n<div class=\"iscontain\">\n<div class=\"isleft\">\n<div class=\"t3\">Potenciar la industria de alta temperatura en todo el mundo<\/div>\n<div class=\"t1\">Misi\u00f3n<\/div>\n<div class=\"t2\">Comprometidos a proporcionar materiales refractarios de alta calidad y soluciones para la industria de alta temperatura a nivel mundial, contribuyendo al desarrollo de la industria mundial de alta temperatura.<\/div>\n<\/div>\n<div class=\"isright\">\n<div>\n<div class=\"t1\">Visi\u00f3n<\/div>\n<div class=\"t2\">Convertirse en un experto l\u00edder en productos y soluciones refractarios de alta temperatura en el mercado mundial.<\/div>\n<\/div>\n<div>\n<div class=\"t1\">Valores fundamentales<\/div>\n<div class=\"t2\">Centrados en el cliente, insisten en el trabajo en equipo, la gesti\u00f3n de la innovaci\u00f3n y el desarrollo.<\/div>\n<\/div>\n<\/div>\n<\/div>\n<\/div>\n<div class=\"about-future\">\n<div class=\"iscontain\">\n<div class=\"about-title\">Trabajar en el futuro<\/div>\n<p>Como empresa con visi\u00f3n de futuro, Kerui Refractory naci\u00f3 en una \u00e9poca de cambio y se esfuerza constantemente por anticiparse a las necesidades cambiantes de los clientes y de la industria en su conjunto. A trav\u00e9s de la innovaci\u00f3n continua en productos y soluciones, Kerui Refractory est\u00e1 sirviendo cada vez mejor a los clientes de las industrias, desde la metalurgia hasta el cemento, desde los productos qu\u00edmicos hasta la energ\u00eda. Para poner en pr\u00e1ctica nuestro lema \"Empowering High-temperature Industry Globally!\", Kerui nunca se ha detenido.<\/p>\n<\/div>\n<\/div>","protected":false},"excerpt":{"rendered":"WHO WE ARE Founded in 2004, Kerui Refractory is the first choice for overseas and domestic customers to import refractory materials from China. Kerui Refractory strives to provide top-notch solutions and service for high-temperature industries worldwide, including iron-steel, aluminum, power, glass, boiler, non-ferrous, cement industry, &#8230; <a title=\"Qui\u00e9nes somos\" class=\"read-more\" href=\"https:\/\/keruiref.com\/es\/acerca-de-nosotros\/\" aria-label=\"M\u00e1s en About Us\">Seguir leyendo<\/a>","protected":false},"author":1,"featured_media":0,"parent":0,"menu_order":0,"comment_status":"closed","ping_status":"closed","template":"","meta":{"footnotes":""},"class_list":{"0":"post-2664","1":"page","2":"type-page","3":"status-publish","5":"no-featured-image-padding"},"yoast_head":"<!-- This site is optimized with the Yoast SEO plugin v24.9 - https:\/\/yoast.com\/wordpress\/plugins\/seo\/ -->\n<title>Kerui Refractory\u00ae Official Website | About Kerui<\/title>\n<meta name=\"description\" content=\"Founded in 2004, Kerui Refractory is the first choice for overseas and domestic customers to import refractory materials from China.\" \/>\n<meta name=\"robots\" content=\"index, follow, max-snippet:-1, max-image-preview:large, max-video-preview:-1\" \/>\n<link rel=\"canonical\" href=\"https:\/\/keruiref.com\/es\/acerca-de-nosotros\/\" \/>\n<script type=\"application\/ld+json\" class=\"yoast-schema-graph\">{\"@context\":\"https:\/\/schema.org\",\"@graph\":[{\"@type\":\"WebPage\",\"@id\":\"https:\/\/keruiref.com\/about-us\/\",\"url\":\"https:\/\/keruiref.com\/about-us\/\",\"name\":\"Kerui Refractory\u00ae Official Website | About Kerui\",\"isPartOf\":{\"@id\":\"https:\/\/keruiref.com\/el\/#website\"},\"primaryImageOfPage\":{\"@id\":\"https:\/\/keruiref.com\/about-us\/#primaryimage\"},\"image\":{\"@id\":\"https:\/\/keruiref.com\/about-us\/#primaryimage\"},\"thumbnailUrl\":\"https:\/\/keruiref.com\/wp-content\/uploads\/2023\/08\/About-Us_05-1.jpg\",\"datePublished\":\"2023-08-09T02:18:43+00:00\",\"dateModified\":\"2025-07-29T09:58:34+00:00\",\"description\":\"Founded in 2004, Kerui Refractory is the first choice for overseas and domestic customers to import refractory materials from China.\",\"breadcrumb\":{\"@id\":\"https:\/\/keruiref.com\/about-us\/#breadcrumb\"},\"inLanguage\":\"es\",\"potentialAction\":[{\"@type\":\"ReadAction\",\"target\":[\"https:\/\/keruiref.com\/about-us\/\"]}]},{\"@type\":\"ImageObject\",\"inLanguage\":\"es\",\"@id\":\"https:\/\/keruiref.com\/about-us\/#primaryimage\",\"url\":\"https:\/\/keruiref.com\/wp-content\/uploads\/2023\/08\/About-Us_05-1.jpg\",\"contentUrl\":\"https:\/\/keruiref.com\/wp-content\/uploads\/2023\/08\/About-Us_05-1.jpg\"},{\"@type\":\"BreadcrumbList\",\"@id\":\"https:\/\/keruiref.com\/about-us\/#breadcrumb\",\"itemListElement\":[{\"@type\":\"ListItem\",\"position\":1,\"name\":\"Home\",\"item\":\"https:\/\/keruiref.com\/\"},{\"@type\":\"ListItem\",\"position\":2,\"name\":\"About Us\"}]},{\"@type\":\"WebSite\",\"@id\":\"https:\/\/keruiref.com\/el\/#website\",\"url\":\"https:\/\/keruiref.com\/el\/\",\"name\":\"Your Refractory Bricks, Castables Manufacturer For Kiln | Kerui Refractory\u00ae Official Website\",\"description\":\"\",\"publisher\":{\"@id\":\"https:\/\/keruiref.com\/el\/#organization\"},\"potentialAction\":[{\"@type\":\"SearchAction\",\"target\":{\"@type\":\"EntryPoint\",\"urlTemplate\":\"https:\/\/keruiref.com\/el\/?s={search_term_string}\"},\"query-input\":{\"@type\":\"PropertyValueSpecification\",\"valueRequired\":true,\"valueName\":\"search_term_string\"}}],\"inLanguage\":\"es\"},{\"@type\":\"Organization\",\"@id\":\"https:\/\/keruiref.com\/el\/#organization\",\"name\":\"Your Refractory Bricks, Castables Manufacturer For Kiln | Kerui Refractory\u00ae Official Website\",\"url\":\"https:\/\/keruiref.com\/el\/\",\"logo\":{\"@type\":\"ImageObject\",\"inLanguage\":\"es\",\"@id\":\"https:\/\/keruiref.com\/el\/#\/schema\/logo\/image\/\",\"url\":\"https:\/\/keruiref.com\/wp-content\/uploads\/2024\/01\/footer-Logo.png\",\"contentUrl\":\"https:\/\/keruiref.com\/wp-content\/uploads\/2024\/01\/footer-Logo.png\",\"width\":282,\"height\":70,\"caption\":\"Your Refractory Bricks, Castables Manufacturer For Kiln | Kerui Refractory\u00ae Official Website\"},\"image\":{\"@id\":\"https:\/\/keruiref.com\/el\/#\/schema\/logo\/image\/\"}}]}<\/script>\n<!-- \/ Yoast SEO plugin. -->","yoast_head_json":{"title":"Kerui Refractory\u00ae Official Website | Acerca de Kerui","description":"Fundada en 2004, Kerui Refractory es la primera opci\u00f3n de los clientes nacionales y extranjeros para importar materiales refractarios de China.","robots":{"index":"index","follow":"follow","max-snippet":"max-snippet:-1","max-image-preview":"max-image-preview:large","max-video-preview":"max-video-preview:-1"},"canonical":"https:\/\/keruiref.com\/es\/acerca-de-nosotros\/","schema":{"@context":"https:\/\/schema.org","@graph":[{"@type":"WebPage","@id":"https:\/\/keruiref.com\/about-us\/","url":"https:\/\/keruiref.com\/about-us\/","name":"Kerui Refractory\u00ae Official Website | Acerca de Kerui","isPartOf":{"@id":"https:\/\/keruiref.com\/el\/#website"},"primaryImageOfPage":{"@id":"https:\/\/keruiref.com\/about-us\/#primaryimage"},"image":{"@id":"https:\/\/keruiref.com\/about-us\/#primaryimage"},"thumbnailUrl":"https:\/\/keruiref.com\/wp-content\/uploads\/2023\/08\/About-Us_05-1.jpg","datePublished":"2023-08-09T02:18:43+00:00","dateModified":"2025-07-29T09:58:34+00:00","description":"Fundada en 2004, Kerui Refractory es la primera opci\u00f3n de los clientes nacionales y extranjeros para importar materiales refractarios de China.","breadcrumb":{"@id":"https:\/\/keruiref.com\/about-us\/#breadcrumb"},"inLanguage":"es","potentialAction":[{"@type":"ReadAction","target":["https:\/\/keruiref.com\/about-us\/"]}]},{"@type":"ImageObject","inLanguage":"es","@id":"https:\/\/keruiref.com\/about-us\/#primaryimage","url":"https:\/\/keruiref.com\/wp-content\/uploads\/2023\/08\/About-Us_05-1.jpg","contentUrl":"https:\/\/keruiref.com\/wp-content\/uploads\/2023\/08\/About-Us_05-1.jpg"},{"@type":"BreadcrumbList","@id":"https:\/\/keruiref.com\/about-us\/#breadcrumb","itemListElement":[{"@type":"ListItem","position":1,"name":"Home","item":"https:\/\/keruiref.com\/"},{"@type":"ListItem","position":2,"name":"About Us"}]},{"@type":"WebSite","@id":"https:\/\/keruiref.com\/el\/#website","url":"https:\/\/keruiref.com\/el\/","name":"Su fabricante de ladrillos refractarios y hormigones para hornos | Kerui Refractory\u00ae P\u00e1gina web oficial","description":"","publisher":{"@id":"https:\/\/keruiref.com\/el\/#organization"},"potentialAction":[{"@type":"SearchAction","target":{"@type":"EntryPoint","urlTemplate":"https:\/\/keruiref.com\/el\/?s={search_term_string}"},"query-input":{"@type":"PropertyValueSpecification","valueRequired":true,"valueName":"search_term_string"}}],"inLanguage":"es"},{"@type":"Organization","@id":"https:\/\/keruiref.com\/el\/#organization","name":"Su fabricante de ladrillos refractarios y hormigones para hornos | Kerui Refractory\u00ae P\u00e1gina web oficial","url":"https:\/\/keruiref.com\/el\/","logo":{"@type":"ImageObject","inLanguage":"es","@id":"https:\/\/keruiref.com\/el\/#\/schema\/logo\/image\/","url":"https:\/\/keruiref.com\/wp-content\/uploads\/2024\/01\/footer-Logo.png","contentUrl":"https:\/\/keruiref.com\/wp-content\/uploads\/2024\/01\/footer-Logo.png","width":282,"height":70,"caption":"Your Refractory Bricks, Castables Manufacturer For Kiln | Kerui Refractory\u00ae Official Website"},"image":{"@id":"https:\/\/keruiref.com\/el\/#\/schema\/logo\/image\/"}}]}},"_links":{"self":[{"href":"https:\/\/keruiref.com\/es\/wp-json\/wp\/v2\/pages\/2664","targetHints":{"allow":["GET"]}}],"collection":[{"href":"https:\/\/keruiref.com\/es\/wp-json\/wp\/v2\/pages"}],"about":[{"href":"https:\/\/keruiref.com\/es\/wp-json\/wp\/v2\/types\/page"}],"author":[{"embeddable":true,"href":"https:\/\/keruiref.com\/es\/wp-json\/wp\/v2\/users\/1"}],"replies":[{"embeddable":true,"href":"https:\/\/keruiref.com\/es\/wp-json\/wp\/v2\/comments?post=2664"}],"version-history":[{"count":0,"href":"https:\/\/keruiref.com\/es\/wp-json\/wp\/v2\/pages\/2664\/revisions"}],"wp:attachment":[{"href":"https:\/\/keruiref.com\/es\/wp-json\/wp\/v2\/media?parent=2664"}],"curies":[{"name":"wp","href":"https:\/\/api.w.org\/{rel}","templated":true}]}}