{"id":87182,"date":"2025-06-16T17:39:55","date_gmt":"2025-06-16T09:39:55","guid":{"rendered":"https:\/\/keruiref.com\/?page_id=87182"},"modified":"2025-06-16T17:48:42","modified_gmt":"2025-06-16T09:48:42","slug":"schmelzmagnesium","status":"publish","type":"page","link":"https:\/\/keruiref.com\/de\/schmelzmagnesium\/","title":{"rendered":"Geschmolzenes Magnesium"},"content":{"rendered":"<div class=\"page_model product_info\">\n<div class=\"preview\"><img loading=\"lazy\" decoding=\"async\" class=\"alignnone size-full wp-image-87184\" src=\"https:\/\/keruiref.com\/wp-content\/uploads\/2025\/06\/KERUI-Fused-Magnesium-1.webp\" alt=\"\" width=\"660\" height=\"495\" srcset=\"https:\/\/keruiref.com\/wp-content\/uploads\/2025\/06\/KERUI-Fused-Magnesium-1.webp 660w, https:\/\/keruiref.com\/wp-content\/uploads\/2025\/06\/KERUI-Fused-Magnesium-1-300x225.webp 300w, https:\/\/keruiref.com\/wp-content\/uploads\/2025\/06\/KERUI-Fused-Magnesium-1-16x12.webp 16w\" sizes=\"auto, (max-width: 660px) 100vw, 660px\" \/>-<\/div>\n<div class=\"info\">\n<h1>Geschmolzenes Magnesium<\/h1>\n<p>Schmelzmagnesium (FM) ist eine Art von feuerfestem Material, das durch Lichtbogenschmelzen von kaustisch gebranntem Magnesia, totgebranntem Magnesia oder Rohmagnesit in \u00d6fen bei Temperaturen von \u00fcber 2750\u00b0C hergestellt wird.<\/p>\n<ul>\n<li>w(MgO)\u2265\/%: 94-98<\/li>\n<li>w(SiO2)\u2264\/%: 0,5-2,5<\/li>\n<li>w(AL2O3)\u2264\/%: 0,15-0,6<\/li>\n<\/ul>\n<div class=\"tags\">\n<p>Hohe Qualit\u00e4t<\/p>\n<p>Angemessener Preis<\/p>\n<p>Anpassbare Produkte und L\u00f6sungen<\/p>\n<p>Rechtzeitige Lieferung<\/p>\n<p>7\/24\/365 Zu Ihren Diensten<\/p>\n<\/div>\n<p><a class=\"inruiry fancybox\" href=\"#contact_form_pop\">Anfrage jetzt<\/a><a class=\"email-btn\" href=\"mailto:market@keruiref.com\">E-Mail senden<\/a><\/p>\n<\/div>\n<\/div>\n<ul class=\"anchor\">\n<li><a href=\"#PRODUCTDESCRIPTION\">PRODUKTBEZEICHNUNG<\/a><\/li>\n<li><a href=\"#TechniqueData\">Technische Daten<\/a><\/li>\n<li><a href=\"#INQUIRY\">ANFRAGE<\/a><\/li>\n<li><a href=\"#RELATEDPRODUCTS\">VERWANDTE PRODUKTE<\/a><\/li>\n<\/ul>\n<div class=\"page_model\">\n<h2 id=\"PRODUCTDESCRIPTION\">Beschreibung von Fused Magnesium<\/h2>\n<p>Schmelzmagnesium (FM) ist eine Art von feuerfestem Material, das durch das Schmelzen von kaustisch gebranntem Magnesia, totgebranntem Magnesia oder Rohmagnesit in \u00d6fen bei Temperaturen von \u00fcber 2750\u00b0C hergestellt wird. Es hat einen hohen Schmelzpunkt, eine ausgezeichnete Temperaturwechselbest\u00e4ndigkeit und eine gute chemische Stabilit\u00e4t, was es zu einem beliebten Material f\u00fcr eine Vielzahl industrieller Anwendungen wie Stahlerzeugung, Zementherstellung und Glasproduktion macht.<\/p>\n<p><img loading=\"lazy\" decoding=\"async\" class=\"alignnone size-full wp-image-87187\" src=\"https:\/\/keruiref.com\/wp-content\/uploads\/2025\/06\/KERUI-Fused-Magnesium-4.webp\" alt=\"\" width=\"1450\" height=\"358\" srcset=\"https:\/\/keruiref.com\/wp-content\/uploads\/2025\/06\/KERUI-Fused-Magnesium-4.webp 1450w, https:\/\/keruiref.com\/wp-content\/uploads\/2025\/06\/KERUI-Fused-Magnesium-4-300x74.webp 300w, https:\/\/keruiref.com\/wp-content\/uploads\/2025\/06\/KERUI-Fused-Magnesium-4-1024x253.webp 1024w, https:\/\/keruiref.com\/wp-content\/uploads\/2025\/06\/KERUI-Fused-Magnesium-4-768x190.webp 768w, https:\/\/keruiref.com\/wp-content\/uploads\/2025\/06\/KERUI-Fused-Magnesium-4-18x4.webp 18w\" sizes=\"auto, (max-width: 1450px) 100vw, 1450px\" \/><\/p>\n<h2 id=\"TechniqueData\">Kerui Fused Magnesium Technisches Datenblatt<\/h2>\n<table id=\"tablepress-102\" class=\"tablepress tablepress-id-102 tbody-has-connected-cells\">\n<thead>\n<tr class=\"row-1\">\n<th class=\"column-1\">Produkt<\/th>\n<th class=\"column-2\">MgO<\/th>\n<th class=\"column-3\">SiO2<\/th>\n<th class=\"column-4\">Al2O3<\/th>\n<th class=\"column-5\">Fe2O3<\/th>\n<th class=\"column-6\">CaO<\/th>\n<th class=\"column-7\">Loi<\/th>\n<th class=\"column-8\">BD<\/th>\n<th class=\"column-9\">Paket<\/th>\n<\/tr>\n<\/thead>\n<tbody class=\"row-striping row-hover\">\n<tr class=\"row-2\">\n<td class=\"column-1\">Name<\/td>\n<td class=\"column-2\">(%)<\/td>\n<td class=\"column-3\">(%)<\/td>\n<td class=\"column-4\">(%)<\/td>\n<td class=\"column-5\">(%)<\/td>\n<td class=\"column-6\">(%)<\/td>\n<td class=\"column-7\">(%)<\/td>\n<td class=\"column-8\">(kg\/cm<span style=\"color:#FFFFFF;\"><sup>3<\/sup><\/span><span style=\"color:#FFFFFF;\">)<\/span><\/td>\n<td class=\"column-9\"><\/td>\n<\/tr>\n<tr class=\"row-3\">\n<td class=\"column-1\">FM94<\/td>\n<td class=\"column-2\">94MIN<\/td>\n<td class=\"column-3\">2,5MAX<\/td>\n<td class=\"column-4\">0,6MAX<\/td>\n<td class=\"column-5\">1,0MAX<\/td>\n<td class=\"column-6\">2.0MAX<\/td>\n<td class=\"column-7\">0,3MAX<\/td>\n<td class=\"column-8\">3.4MIN<\/td>\n<td class=\"column-9\">TONNENSACK (1,25)<\/td>\n<\/tr>\n<tr class=\"row-4\">\n<td class=\"column-1\">FM95<\/td>\n<td class=\"column-2\">95MIN<\/td>\n<td class=\"column-3\">1,5MAX<\/td>\n<td class=\"column-4\">0,6MAX<\/td>\n<td class=\"column-5\">1,0MAX<\/td>\n<td class=\"column-6\">2.0MAX<\/td>\n<td class=\"column-7\">0,3MAX<\/td>\n<td class=\"column-8\">3.4MIN<\/td>\n<td class=\"column-9\">TONNENSACK (1,25)<\/td>\n<\/tr>\n<tr class=\"row-5\">\n<td class=\"column-1\">FM96<\/td>\n<td class=\"column-2\">96MIN<\/td>\n<td class=\"column-3\">0,9MAX<\/td>\n<td class=\"column-4\">0,2MAX<\/td>\n<td class=\"column-5\">0,8MAX<\/td>\n<td class=\"column-6\">1.2MAX<\/td>\n<td class=\"column-7\">0,2MAX<\/td>\n<td class=\"column-8\">3.45MIN<\/td>\n<td class=\"column-9\">TONNENSACK (1,25)<\/td>\n<\/tr>\n<tr class=\"row-6\">\n<td class=\"column-1\">FM97<\/td>\n<td class=\"column-2\">97MIN<\/td>\n<td class=\"column-3\">0,7MAX<\/td>\n<td class=\"column-4\">0,2MAX<\/td>\n<td class=\"column-5\">0,8MAX<\/td>\n<td class=\"column-6\">1.2MAX<\/td>\n<td class=\"column-7\">0,2MAX<\/td>\n<td class=\"column-8\">3.48MIN<\/td>\n<td class=\"column-9\">TONNENSACK (1,25)<\/td>\n<\/tr>\n<tr class=\"row-7\">\n<td class=\"column-1\">FM98<\/td>\n<td class=\"column-2\">98MIN<\/td>\n<td class=\"column-3\">0,5MAX<\/td>\n<td class=\"column-4\">0,15MAX<\/td>\n<td class=\"column-5\">0,5MAX<\/td>\n<td class=\"column-6\">1,0MAX<\/td>\n<td class=\"column-7\">0,1MAX<\/td>\n<td class=\"column-8\">3.48MIN<\/td>\n<td class=\"column-9\">TONNENSACK (1,25)<\/td>\n<\/tr>\n<tr class=\"row-8\">\n<td colspan=\"9\" class=\"column-1\"><\/td>\n<\/tr>\n<tr class=\"row-9\">\n<td colspan=\"2\" class=\"column-1\">Grobe Gr\u00f6\u00dfen<\/td>\n<td colspan=\"7\" class=\"column-3\">1-15 mm, 3-15 mm, 5-15 mm, 3-8 mm, 5-10 mm, anpassbar<\/td>\n<\/tr>\n<tr class=\"row-10\">\n<td colspan=\"2\" class=\"column-1\">Kleine Br\u00fcche<\/td>\n<td colspan=\"7\" class=\"column-3\">0-1 mm, 0,5-1 mm, 1-3 mm, 1-5 mm, 200 Maschen, anpassbar<\/td>\n<\/tr>\n<tr class=\"row-11\">\n<td colspan=\"2\" class=\"column-1\">Verpacken<\/td>\n<td colspan=\"7\" class=\"column-3\">1,35 Tonnen S\u00e4cke, anpassbar<\/td>\n<\/tr>\n<tr class=\"row-12\">\n<td colspan=\"2\" class=\"column-1\">Farbe<\/td>\n<td colspan=\"2\" class=\"column-3\">Braun<\/td>\n<td colspan=\"2\" class=\"column-5\">Wei\u00df<\/td>\n<td colspan=\"3\" class=\"column-7\">Gro\u00dfer Kristall<\/td>\n<\/tr>\n<\/tbody>\n<\/table>\n<p><!-- #tablepress-102 from cache --><\/p>\n<p style=\"text-align: center;\"><strong><a class=\"fancybox price\" href=\"#contact_form_pop\">PREIS ERHALTEN<\/a><\/strong><\/p>\n<h2>Verfahren zur Herstellung von geschmolzenem Magnesia:<\/h2>\n<p>Magnesit (Magnesiumcarbonat MgCO3) wird durch W\u00e4rmezufuhr in Magnesia umgewandelt, wobei Kohlendioxid (CO2) ausgetrieben und das Carbonat in Magnesiumoxid (MgO) umgewandelt wird.<\/p>\n<p>Schmelzmagnesia ist ein hochreines Material, das bei der Herstellung von feuerfesten Materialien, Keramik und anderen industriellen Anwendungen verwendet wird. Die Herstellung von Schmelzmagnesia umfasst mehrere Schritte.<\/p>\n<p>Aufbereitung des Rohmaterials: Das Rohmaterial f\u00fcr die Herstellung von Schmelzmagnesia ist Magnesit, ein nat\u00fcrliches Mineral. Der Magnesit wird zun\u00e4chst in kleine St\u00fccke gebrochen und dann bei hohen Temperaturen gebrannt, um Verunreinigungen und Wasser zu entfernen.<\/p>\n<p>Schmelzen: Der gebrannte Magnesit wird dann mit Koks und anderen Zus\u00e4tzen vermischt und in einen elektrischen Lichtbogenofen geleitet. Der Ofen wird auf eine Temperatur von etwa 3.000 Grad Celsius erhitzt, wodurch der Magnesit in einen geschmolzenen Zustand \u00fcbergeht.<\/p>\n<p>Abk\u00fchlung und Erstarrung: Die geschmolzene Magnesia wird dann abgek\u00fchlt und verfestigt, indem sie in Formen gegossen oder mit Wasser bespr\u00fcht wird. Dieser Vorgang kann mehrere Tage oder sogar Wochen dauern, je nach Gr\u00f6\u00dfe und Form des gew\u00fcnschten Produkts.<\/p>\n<h2>Anwendungen von geschmolzenem Magnesium<\/h2>\n<p>Fused Magnesium (FM) Anwendung:<\/p>\n<p>- Hohe Leistung <a href=\"https:\/\/keruiref.com\/de\/magnesia-carbon-brick\/\" target=\"_blank\" rel=\"noopener\"><strong>Magnesia-Kohlenstoff-Ziegel<\/strong> <\/a>f\u00fcr die Stahlindustrie,<\/p>\n<p>- Gebrannte feuerfeste Steine f\u00fcr die Zement- und Glasindustrie,<\/p>\n<p>- Industrie f\u00fcr Heizelemente<\/p>\n<\/div>\n<p><img loading=\"lazy\" decoding=\"async\" class=\"alignnone size-full wp-image-11590\" src=\"https:\/\/keruiref.com\/wp-content\/uploads\/2023\/09\/APPLICATION-1.jpg\" alt=\"ANWENDUNG\" width=\"1600\" height=\"750\" srcset=\"https:\/\/keruiref.com\/wp-content\/uploads\/2023\/09\/APPLICATION-1.jpg 1600w, https:\/\/keruiref.com\/wp-content\/uploads\/2023\/09\/APPLICATION-1-300x141.jpg 300w, https:\/\/keruiref.com\/wp-content\/uploads\/2023\/09\/APPLICATION-1-1024x480.jpg 1024w, https:\/\/keruiref.com\/wp-content\/uploads\/2023\/09\/APPLICATION-1-768x360.jpg 768w, https:\/\/keruiref.com\/wp-content\/uploads\/2023\/09\/APPLICATION-1-1536x720.jpg 1536w\" sizes=\"auto, (max-width: 1600px) 100vw, 1600px\" \/><\/p>\n<p><center><a class=\"fancybox price\" href=\"#contact_form_pop\">PREIS ERHALTEN<\/a><\/center><\/p>\n<h2>Labor von Kerui Refractory<\/h2>\n<p>Kerui verf\u00fcgt \u00fcber ein professionelles Qualit\u00e4tspr\u00fcfungslabor. Hochtemperatur-Wiedererw\u00e4rmungs-\/Kriechpr\u00fcfungsofen; Pr\u00fcfstand f\u00fcr die Druck-\/Biegefestigkeit von feuerfesten Materialien; Plattform zur Pr\u00fcfung der Zusammensetzung und Inspektion von feuerfesten Materialien; Labor f\u00fcr physikalische\/chemische Eigenschaften von feuerfesten Materialien.<\/p>\n<p><img loading=\"lazy\" decoding=\"async\" class=\"alignnone size-full wp-image-11856\" src=\"https:\/\/keruiref.com\/wp-content\/uploads\/2023\/09\/laboratory.jpg\" alt=\"Labor\" width=\"1600\" height=\"261\" srcset=\"https:\/\/keruiref.com\/wp-content\/uploads\/2023\/09\/laboratory.jpg 1600w, https:\/\/keruiref.com\/wp-content\/uploads\/2023\/09\/laboratory-300x49.jpg 300w, https:\/\/keruiref.com\/wp-content\/uploads\/2023\/09\/laboratory-1024x167.jpg 1024w, https:\/\/keruiref.com\/wp-content\/uploads\/2023\/09\/laboratory-768x125.jpg 768w, https:\/\/keruiref.com\/wp-content\/uploads\/2023\/09\/laboratory-1536x251.jpg 1536w\" sizes=\"auto, (max-width: 1600px) 100vw, 1600px\" \/><\/p>\n<div id=\"INQUIRY\" class=\"page_model\">\n<div class=\"wpcf7 no-js\" id=\"wpcf7-f328-o1\" lang=\"en-US\" dir=\"ltr\" data-wpcf7-id=\"328\">\n<div class=\"screen-reader-response\">\n<p role=\"status\" aria-live=\"polite\" aria-atomic=\"true\">\n<ul><\/ul>\n<\/div>\n<form action=\"\/de\/wp-json\/wp\/v2\/pages\/87182#wpcf7-f328-o1\" method=\"post\" class=\"wpcf7-form init\" aria-label=\"Kontakt-Formular\" novalidate=\"novalidate\" data-status=\"init\" data-trp-original-action=\"\/de\/wp-json\/wp\/v2\/pages\/87182#wpcf7-f328-o1\">\n<div style=\"display: none;\">\n<input type=\"hidden\" name=\"_wpcf7\" value=\"328\" \/><br \/>\n<input type=\"hidden\" name=\"_wpcf7_version\" value=\"6.0.4\" \/><br \/>\n<input type=\"hidden\" name=\"_wpcf7_locale\" value=\"en_US\" \/><br \/>\n<input type=\"hidden\" name=\"_wpcf7_unit_tag\" value=\"wpcf7-f328-o1\" \/><br \/>\n<input type=\"hidden\" name=\"_wpcf7_container_post\" value=\"0\" \/><br \/>\n<input type=\"hidden\" name=\"_wpcf7_posted_data_hash\" value=\"\" \/><br \/>\n<input type=\"hidden\" name=\"_wpcf7_recaptcha_response\" value=\"\" \/>\n<\/div>\n<div class=\"form-box\" id=\"Contact-Us\">\n<div class=\"isleft\">\n<div class=\"contact-title\">\n<p>Kontakt\n\t\t\t<\/p>\n<\/p><\/div>\n<div class=\"contactp\">\n<p>Bitte z\u00f6gern Sie nicht, Ihre Anfrage in das entsprechende Formular einzutragen. Wir werden Ihnen innerhalb von 6 Stunden antworten.\n\t\t\t<\/p>\n<\/p><\/div>\n<ul class=\"contact\">\n<li class=\"email\">\n<p><img decoding=\"async\" src=\"https:\/\/keruiref.com\/wp-content\/uploads\/2023\/12\/email.png\" alt=\"\" \/>E-Mail:\n\t\t\t\t<\/p>\n<p><a href=\"mailto:market@keruiref.com\">market@keruiref.com<\/a>\n\t\t\t\t<\/p>\n<\/li>\n<li class=\"phone\">\n<p><img decoding=\"async\" src=\"https:\/\/keruiref.com\/wp-content\/uploads\/2023\/12\/tel.png\" alt=\"\" \/>Telefon\/Whatsapp:\n\t\t\t\t<\/p>\n<p><a href=\"https:\/\/wa.me\/8619138178880\">+86 19138178880<\/a>\n\t\t\t\t<\/p>\n<\/li>\n<li class=\"location\">\n<p><img decoding=\"async\" src=\"https:\/\/keruiref.com\/wp-content\/uploads\/2023\/12\/Location.png\" alt=\"\" \/>Produktionsbasis:\n\t\t\t\t<\/p>\n<p>Chaohua Zone f\u00fcr feuerfeste Industrie,<br \/>\nStadt Xinmi, Provinz Henan, China\n\t\t\t\t<\/p>\n<\/li>\n<\/ul><\/div>\n<div class=\"isright\">\n<ul class=\"contact-input\">\n<li>\n<div class=\"islabel\">\n<p>* Name:\n\t\t\t\t\t<\/p>\n<\/p><\/div>\n<p><span class=\"wpcf7-form-control-wrap\" data-name=\"your-name\"><input size=\"40\" maxlength=\"400\" class=\"wpcf7-form-control wpcf7-text wpcf7-validates-as-required\" aria-required=\"true\" aria-invalid=\"false\" placeholder=\"\" value=\"\" type=\"text\" name=\"your-name\" \/><\/span>\n\t\t\t\t<\/p>\n<\/li>\n<li>\n<div class=\"islabel\">\n<p>* E-Mail:\n\t\t\t\t\t<\/p>\n<\/p><\/div>\n<p><span class=\"wpcf7-form-control-wrap\" data-name=\"your-email\"><input size=\"40\" maxlength=\"400\" class=\"wpcf7-form-control wpcf7-email wpcf7-validates-as-required wpcf7-text wpcf7-validates-as-email\" aria-required=\"true\" aria-invalid=\"false\" placeholder=\"\" value=\"\" type=\"email\" name=\"your-email\" \/><\/span>\n\t\t\t\t<\/p>\n<\/li>\n<li>\n<div class=\"islabel\">\n<p>* Telefon\/Whatsapp:\n\t\t\t\t\t<\/p>\n<\/p><\/div>\n<p><span class=\"wpcf7-form-control-wrap\" data-name=\"your-phone\"><input size=\"40\" maxlength=\"400\" class=\"wpcf7-form-control wpcf7-tel wpcf7-text wpcf7-validates-as-tel\" aria-invalid=\"false\" placeholder=\"\" value=\"\" type=\"tel\" name=\"your-phone\" \/><\/span>\n\t\t\t\t<\/p>\n<\/li>\n<li>\n<div class=\"islabel\">\n<p>Land:\n\t\t\t\t\t<\/p>\n<\/p><\/div>\n<p><span class=\"wpcf7-form-control-wrap\" data-name=\"your-country\"><input size=\"40\" maxlength=\"400\" class=\"wpcf7-form-control wpcf7-text\" aria-invalid=\"false\" placeholder=\"\" value=\"\" type=\"text\" name=\"your-country\" \/><\/span>\n\t\t\t\t<\/p>\n<\/li>\n<li class=\"ismassage\">\n<div class=\"islabel\">\n<p>* Nachricht:\n\t\t\t\t\t<\/p>\n<\/p><\/div>\n<p><span class=\"wpcf7-form-control-wrap\" data-name=\"your-msg\"><textarea cols=\"40\" rows=\"10\" maxlength=\"2000\" class=\"wpcf7-form-control wpcf7-textarea wpcf7-validates-as-required\" aria-required=\"true\" aria-invalid=\"false\" name=\"your-msg\"><\/textarea><\/span>\n\t\t\t\t<\/p>\n<\/li>\n<li class=\"wpcf7-btns-box\">\n<div class=\"isFileName\">\n\t\t\t\t<\/div>\n<div class=\"wpcf7-btns\">\n<p><input class=\"wpcf7-form-control wpcf7-submit has-spinner\" type=\"submit\" value=\"SENDEN\" \/>\n\t\t\t\t\t<\/p>\n<\/p><\/div>\n<\/li>\n<\/ul><\/div>\n<\/div>\n<div class=\"wpcf7-response-output\" aria-hidden=\"true\"><\/div>\n<input type=\"hidden\" name=\"trp-form-language\" value=\"de\"\/><\/form>\n<\/div>\n<\/div>\n<div class=\"page_model\">\n<div class=\"swiper related-products\">\n<div class=\"swiper-wrapper\">\n<div class=\"swiper-slide\"><\/div>\n<\/div>\n<\/div>\n<\/div>","protected":false},"excerpt":{"rendered":"\u00b7 Fused Magnesium Fused Magnesium (FM) is a type of refractory material that is produced by the electric arc melting of caustic calcined magnesia, deadburned magnesia or raw magnesite in furnaces at temperatures in excess of 2750\u00b0C. w(MgO)\u2265\/%: 94-98 w(SiO2)\u2264\/%: 0.5-2.5 w(AL2O3)\u2264\/%: 0.15-0.6 High Quality &#8230; <a title=\"Geschmolzenes Magnesium\" class=\"read-more\" href=\"https:\/\/keruiref.com\/de\/schmelzmagnesium\/\" aria-label=\"Mehr bei Fused Magnesium\">Mehr lesen<\/a>","protected":false},"author":1,"featured_media":0,"parent":0,"menu_order":0,"comment_status":"closed","ping_status":"closed","template":"","meta":{"footnotes":""},"class_list":{"0":"post-87182","1":"page","2":"type-page","3":"status-publish","5":"no-featured-image-padding"},"yoast_head":"<!-- This site is optimized with the Yoast SEO plugin v24.9 - https:\/\/yoast.com\/wordpress\/plugins\/seo\/ -->\n<title>Fused Magnesium - Your Refractory Bricks, Castables Manufacturer For Kiln | Kerui Refractory\u00ae Official Website<\/title>\n<meta name=\"robots\" content=\"index, follow, max-snippet:-1, max-image-preview:large, max-video-preview:-1\" \/>\n<link rel=\"canonical\" href=\"https:\/\/keruiref.com\/de\/schmelzmagnesium\/\" \/>\n<script type=\"application\/ld+json\" class=\"yoast-schema-graph\">{\"@context\":\"https:\/\/schema.org\",\"@graph\":[{\"@type\":\"WebPage\",\"@id\":\"https:\/\/keruiref.com\/fused-magnesium\/\",\"url\":\"https:\/\/keruiref.com\/fused-magnesium\/\",\"name\":\"Fused Magnesium - Your Refractory Bricks, Castables Manufacturer For Kiln | Kerui Refractory\u00ae Official Website\",\"isPartOf\":{\"@id\":\"https:\/\/keruiref.com\/el\/#website\"},\"primaryImageOfPage\":{\"@id\":\"https:\/\/keruiref.com\/fused-magnesium\/#primaryimage\"},\"image\":{\"@id\":\"https:\/\/keruiref.com\/fused-magnesium\/#primaryimage\"},\"thumbnailUrl\":\"https:\/\/keruiref.com\/wp-content\/uploads\/2025\/06\/KERUI-Fused-Magnesium-1.webp\",\"datePublished\":\"2025-06-16T09:39:55+00:00\",\"dateModified\":\"2025-06-16T09:48:42+00:00\",\"breadcrumb\":{\"@id\":\"https:\/\/keruiref.com\/fused-magnesium\/#breadcrumb\"},\"inLanguage\":\"de\",\"potentialAction\":[{\"@type\":\"ReadAction\",\"target\":[\"https:\/\/keruiref.com\/fused-magnesium\/\"]}]},{\"@type\":\"ImageObject\",\"inLanguage\":\"de\",\"@id\":\"https:\/\/keruiref.com\/fused-magnesium\/#primaryimage\",\"url\":\"https:\/\/keruiref.com\/wp-content\/uploads\/2025\/06\/KERUI-Fused-Magnesium-1.webp\",\"contentUrl\":\"https:\/\/keruiref.com\/wp-content\/uploads\/2025\/06\/KERUI-Fused-Magnesium-1.webp\"},{\"@type\":\"BreadcrumbList\",\"@id\":\"https:\/\/keruiref.com\/fused-magnesium\/#breadcrumb\",\"itemListElement\":[{\"@type\":\"ListItem\",\"position\":1,\"name\":\"Home\",\"item\":\"https:\/\/keruiref.com\/\"},{\"@type\":\"ListItem\",\"position\":2,\"name\":\"Fused Magnesium\"}]},{\"@type\":\"WebSite\",\"@id\":\"https:\/\/keruiref.com\/el\/#website\",\"url\":\"https:\/\/keruiref.com\/el\/\",\"name\":\"Your Refractory Bricks, Castables Manufacturer For Kiln | Kerui Refractory\u00ae Official Website\",\"description\":\"\",\"publisher\":{\"@id\":\"https:\/\/keruiref.com\/el\/#organization\"},\"potentialAction\":[{\"@type\":\"SearchAction\",\"target\":{\"@type\":\"EntryPoint\",\"urlTemplate\":\"https:\/\/keruiref.com\/el\/?s={search_term_string}\"},\"query-input\":{\"@type\":\"PropertyValueSpecification\",\"valueRequired\":true,\"valueName\":\"search_term_string\"}}],\"inLanguage\":\"de\"},{\"@type\":\"Organization\",\"@id\":\"https:\/\/keruiref.com\/el\/#organization\",\"name\":\"Your Refractory Bricks, Castables Manufacturer For Kiln | Kerui Refractory\u00ae Official Website\",\"url\":\"https:\/\/keruiref.com\/el\/\",\"logo\":{\"@type\":\"ImageObject\",\"inLanguage\":\"de\",\"@id\":\"https:\/\/keruiref.com\/el\/#\/schema\/logo\/image\/\",\"url\":\"https:\/\/keruiref.com\/wp-content\/uploads\/2024\/01\/footer-Logo.png\",\"contentUrl\":\"https:\/\/keruiref.com\/wp-content\/uploads\/2024\/01\/footer-Logo.png\",\"width\":282,\"height\":70,\"caption\":\"Your Refractory Bricks, Castables Manufacturer For Kiln | Kerui Refractory\u00ae Official Website\"},\"image\":{\"@id\":\"https:\/\/keruiref.com\/el\/#\/schema\/logo\/image\/\"}}]}<\/script>\n<!-- \/ Yoast SEO plugin. -->","yoast_head_json":{"title":"Schmelzmagnesium - Ihr Hersteller von feuerfesten Steinen und Gussteilen f\u00fcr \u00d6fen | Kerui Refractory\u00ae Official Website","robots":{"index":"index","follow":"follow","max-snippet":"max-snippet:-1","max-image-preview":"max-image-preview:large","max-video-preview":"max-video-preview:-1"},"canonical":"https:\/\/keruiref.com\/de\/schmelzmagnesium\/","schema":{"@context":"https:\/\/schema.org","@graph":[{"@type":"WebPage","@id":"https:\/\/keruiref.com\/fused-magnesium\/","url":"https:\/\/keruiref.com\/fused-magnesium\/","name":"Schmelzmagnesium - Ihr Hersteller von feuerfesten Steinen und Gussteilen f\u00fcr \u00d6fen | Kerui Refractory\u00ae Official Website","isPartOf":{"@id":"https:\/\/keruiref.com\/el\/#website"},"primaryImageOfPage":{"@id":"https:\/\/keruiref.com\/fused-magnesium\/#primaryimage"},"image":{"@id":"https:\/\/keruiref.com\/fused-magnesium\/#primaryimage"},"thumbnailUrl":"https:\/\/keruiref.com\/wp-content\/uploads\/2025\/06\/KERUI-Fused-Magnesium-1.webp","datePublished":"2025-06-16T09:39:55+00:00","dateModified":"2025-06-16T09:48:42+00:00","breadcrumb":{"@id":"https:\/\/keruiref.com\/fused-magnesium\/#breadcrumb"},"inLanguage":"de","potentialAction":[{"@type":"ReadAction","target":["https:\/\/keruiref.com\/fused-magnesium\/"]}]},{"@type":"ImageObject","inLanguage":"de","@id":"https:\/\/keruiref.com\/fused-magnesium\/#primaryimage","url":"https:\/\/keruiref.com\/wp-content\/uploads\/2025\/06\/KERUI-Fused-Magnesium-1.webp","contentUrl":"https:\/\/keruiref.com\/wp-content\/uploads\/2025\/06\/KERUI-Fused-Magnesium-1.webp"},{"@type":"BreadcrumbList","@id":"https:\/\/keruiref.com\/fused-magnesium\/#breadcrumb","itemListElement":[{"@type":"ListItem","position":1,"name":"Home","item":"https:\/\/keruiref.com\/"},{"@type":"ListItem","position":2,"name":"Fused Magnesium"}]},{"@type":"WebSite","@id":"https:\/\/keruiref.com\/el\/#website","url":"https:\/\/keruiref.com\/el\/","name":"Ihr Hersteller von feuerfesten Steinen und Gussteilen f\u00fcr \u00d6fen | Kerui Refractory\u00ae Official Website","description":"","publisher":{"@id":"https:\/\/keruiref.com\/el\/#organization"},"potentialAction":[{"@type":"SearchAction","target":{"@type":"EntryPoint","urlTemplate":"https:\/\/keruiref.com\/el\/?s={search_term_string}"},"query-input":{"@type":"PropertyValueSpecification","valueRequired":true,"valueName":"search_term_string"}}],"inLanguage":"de"},{"@type":"Organization","@id":"https:\/\/keruiref.com\/el\/#organization","name":"Ihr Hersteller von feuerfesten Steinen und Gussteilen f\u00fcr \u00d6fen | Kerui Refractory\u00ae Official Website","url":"https:\/\/keruiref.com\/el\/","logo":{"@type":"ImageObject","inLanguage":"de","@id":"https:\/\/keruiref.com\/el\/#\/schema\/logo\/image\/","url":"https:\/\/keruiref.com\/wp-content\/uploads\/2024\/01\/footer-Logo.png","contentUrl":"https:\/\/keruiref.com\/wp-content\/uploads\/2024\/01\/footer-Logo.png","width":282,"height":70,"caption":"Your Refractory Bricks, Castables Manufacturer For Kiln | Kerui Refractory\u00ae Official Website"},"image":{"@id":"https:\/\/keruiref.com\/el\/#\/schema\/logo\/image\/"}}]}},"_links":{"self":[{"href":"https:\/\/keruiref.com\/de\/wp-json\/wp\/v2\/pages\/87182","targetHints":{"allow":["GET"]}}],"collection":[{"href":"https:\/\/keruiref.com\/de\/wp-json\/wp\/v2\/pages"}],"about":[{"href":"https:\/\/keruiref.com\/de\/wp-json\/wp\/v2\/types\/page"}],"author":[{"embeddable":true,"href":"https:\/\/keruiref.com\/de\/wp-json\/wp\/v2\/users\/1"}],"replies":[{"embeddable":true,"href":"https:\/\/keruiref.com\/de\/wp-json\/wp\/v2\/comments?post=87182"}],"version-history":[{"count":0,"href":"https:\/\/keruiref.com\/de\/wp-json\/wp\/v2\/pages\/87182\/revisions"}],"wp:attachment":[{"href":"https:\/\/keruiref.com\/de\/wp-json\/wp\/v2\/media?parent=87182"}],"curies":[{"name":"wp","href":"https:\/\/api.w.org\/{rel}","templated":true}]}}