{"id":86756,"date":"2025-06-04T11:17:59","date_gmt":"2025-06-04T03:17:59","guid":{"rendered":"https:\/\/keruiref.com\/?page_id=86756"},"modified":"2025-06-04T11:17:59","modified_gmt":"2025-06-04T03:17:59","slug":"siliziumkarbid-tiegel","status":"publish","type":"page","link":"https:\/\/keruiref.com\/de\/siliziumkarbid-tiegel\/","title":{"rendered":"Tiegel aus Siliziumkarbid"},"content":{"rendered":"<div class=\"page_model product_info\">\n<div class=\"preview\"><img loading=\"lazy\" decoding=\"async\" class=\"alignnone size-full wp-image-86757\" src=\"https:\/\/keruiref.com\/wp-content\/uploads\/2025\/06\/Silicon-Carbide-Crucibles_kerui.webp\" alt=\"\" width=\"780\" height=\"639\" srcset=\"https:\/\/keruiref.com\/wp-content\/uploads\/2025\/06\/Silicon-Carbide-Crucibles_kerui.webp 780w, https:\/\/keruiref.com\/wp-content\/uploads\/2025\/06\/Silicon-Carbide-Crucibles_kerui-300x246.webp 300w, https:\/\/keruiref.com\/wp-content\/uploads\/2025\/06\/Silicon-Carbide-Crucibles_kerui-768x629.webp 768w, https:\/\/keruiref.com\/wp-content\/uploads\/2025\/06\/Silicon-Carbide-Crucibles_kerui-15x12.webp 15w\" sizes=\"auto, (max-width: 780px) 100vw, 780px\" \/><\/div>\n<div class=\"info\">\n<h1>Tiegel aus Siliziumkarbid<\/h1>\n<p>Siliziumkarbid-Tiegel werden aus hochreinem Siliziumkarbid und Graphit hergestellt. Keri bietet Tiegel in verschiedenen Formen und Gr\u00f6\u00dfen an und kann auch die Gr\u00f6\u00dfe f\u00fcr Sie entsprechend Ihren Anforderungen anpassen. Die Lebensdauer von Siliziumkarbid-Tiegeln ist 2-3 Mal l\u00e4nger als die von Tongraphit-Tiegeln.<\/p>\n<ul>\n<li>Max. Arbeitstemperatur: 1200-1500\u00baC;<\/li>\n<li>Feuerfestigkeit unter Last: 1650\u00baC;<\/li>\n<li>SiC: \u226545%<\/li>\n<li>Sch\u00fcttdichte: \u22651,9-2,1g\/cm\u00b3<\/li>\n<li>Zertifizierung: ISO9001\/ISO14001\/ISO45001\/ISO50001<\/li>\n<li>Bearbeitungsservice: Biegen, Schwei\u00dfen, Stanzen, Abhaspeln, Schneiden, Gie\u00dfen<\/li>\n<\/ul>\n<div class=\"tags\">\n<p>Hohe Qualit\u00e4t<\/p>\n<p>Angemessener Preis<\/p>\n<p>Anpassbare Produkte und L\u00f6sungen<\/p>\n<p>Rechtzeitige Lieferung<\/p>\n<p>7\/24\/365 Zu Ihren Diensten<\/p>\n<\/div>\n<p><a class=\"inruiry fancybox\" href=\"#contact_form_pop\">inruiry jetzt<\/a><a class=\"email-btn\" href=\"mailto: market@keruiref.com\">E-Mail senden<\/a><\/p>\n<\/div>\n<\/div>\n<ul class=\"anchor\">\n<li><a href=\"#PRODUCTDESCRIPTION\">PRODUKTBEZEICHNUNG<\/a><\/li>\n<li><a href=\"#TechniqueData\">Technische Daten<\/a><\/li>\n<li><a href=\"#INQUIRY\">ANFRAGE<\/a><\/li>\n<li><a href=\"#RELATEDPRODUCTS\">VERWANDTE PRODUKTE<\/a><\/li>\n<\/ul>\n<div class=\"page_model\">\n<h2 id=\"PRODUCTDESCRIPTION\">Beschreibung von Siliziumkarbid-Tiegeln<\/h2>\n<p>Der Tiegel aus Siliziumkarbid ist ein Hochtemperaturbeh\u00e4lter, der aus hochreinem Siliziumkarbid durch Hochtemperatursintern hergestellt wird. Er verf\u00fcgt \u00fcber eine hervorragende W\u00e4rmeleitf\u00e4higkeit und Sto\u00dffestigkeit, h\u00e4lt &gt;1600\u2103 stand, ist korrosionsbest\u00e4ndig gegen\u00fcber geschmolzenem Metall und bietet eine hohe chemische Stabilit\u00e4t. Es wird in der Metallurgie, der Halbleiterindustrie und der Photovoltaik f\u00fcr das Schmelzen von Edelmetallen\/Seltenen Erden und die Kristallz\u00fcchtung eingesetzt und gew\u00e4hrleistet eine effiziente W\u00e4rme\u00fcbertragung und eine lange Nutzungsdauer.<img loading=\"lazy\" decoding=\"async\" class=\"alignnone size-full wp-image-86760\" src=\"https:\/\/keruiref.com\/wp-content\/uploads\/2025\/06\/Silicon-Carbide-Crucible-1.webp\" alt=\"\" width=\"1400\" height=\"563\" srcset=\"https:\/\/keruiref.com\/wp-content\/uploads\/2025\/06\/Silicon-Carbide-Crucible-1.webp 1400w, https:\/\/keruiref.com\/wp-content\/uploads\/2025\/06\/Silicon-Carbide-Crucible-1-300x121.webp 300w, https:\/\/keruiref.com\/wp-content\/uploads\/2025\/06\/Silicon-Carbide-Crucible-1-1024x412.webp 1024w, https:\/\/keruiref.com\/wp-content\/uploads\/2025\/06\/Silicon-Carbide-Crucible-1-768x309.webp 768w, https:\/\/keruiref.com\/wp-content\/uploads\/2025\/06\/Silicon-Carbide-Crucible-1-18x7.webp 18w\" sizes=\"auto, (max-width: 1400px) 100vw, 1400px\" \/><\/p>\n<h2 id=\"TechniqueData\">Grundlegende Spezifikationen des Kerui Siliziumkarbid-Tiegels<\/h2>\n<table id=\"tablepress-99\" class=\"tablepress tablepress-id-99\">\n<thead>\n<tr class=\"row-1\">\n<th class=\"column-1\">Artikel<\/th>\n<th class=\"column-2\">Tiegel aus Siliziumkarbid<\/th>\n<\/tr>\n<\/thead>\n<tbody class=\"row-striping row-hover\">\n<tr class=\"row-2\">\n<td class=\"column-1\">Refrakt\u00e4rit\u00e4t unter Last<\/td>\n<td class=\"column-2\">1650\u00baC<\/td>\n<\/tr>\n<tr class=\"row-3\">\n<td class=\"column-1\">Max. Arbeitstemperatur<\/td>\n<td class=\"column-2\">1200-1500\u00baC<\/td>\n<\/tr>\n<tr class=\"row-4\">\n<td class=\"column-1\">SiC<\/td>\n<td class=\"column-2\">\u226545%<\/td>\n<\/tr>\n<tr class=\"row-5\">\n<td class=\"column-1\">Sch\u00fcttdichte<\/td>\n<td class=\"column-2\">\u22651,9-2,1g\/cm\u00b3<\/td>\n<\/tr>\n<tr class=\"row-6\">\n<td class=\"column-1\">Offensichtliche Porosit\u00e4t<\/td>\n<td class=\"column-2\">\u226410-14%<\/td>\n<\/tr>\n<tr class=\"row-7\">\n<td class=\"column-1\">Typen<\/td>\n<td class=\"column-2\">10#-5000#<\/td>\n<\/tr>\n<tr class=\"row-8\">\n<td class=\"column-1\">\u00c4u\u00dferer Durchmesser<\/td>\n<td class=\"column-2\">142-1050mm<\/td>\n<\/tr>\n<tr class=\"row-9\">\n<td class=\"column-1\">Innendurchmesser<\/td>\n<td class=\"column-2\">110-930mm<\/td>\n<\/tr>\n<tr class=\"row-10\">\n<td class=\"column-1\">Gesamth\u00f6he<\/td>\n<td class=\"column-2\">180-1320 mm<\/td>\n<\/tr>\n<tr class=\"row-11\">\n<td class=\"column-1\">Unterer Au\u00dfendurchmesser<\/td>\n<td class=\"column-2\">90-550mm<\/td>\n<\/tr>\n<\/tbody>\n<\/table>\n<p><!-- #tablepress-99 from cache --><\/p>\n<p><center><a class=\"fancybox price\" href=\"#contact_form_pop\">PREIS ERHALTEN<\/a><\/center><\/p>\n<h2>Gr\u00f6\u00dfen&amp;Typen von KERUI Siliziumkarbid-Tiegeln<\/h2>\n<p>Je nach Kundenbedarf bieten wir eine Vielzahl von Standard- und kundenspezifischen Tiegeln an, darunter <strong>Becken- oder Schalenform, \"TP\"-Form, Bilgeform, T\u00fcllen- oder Beckenform und zylindrische Tiegelform.<\/strong> Wir bieten auch verschiedene Gie\u00dfverfahren an <strong>Lippen und T\u00fcllen<\/strong>.<\/p>\n<p><strong>Bitte beachten:<\/strong> dass unsere Graphittiegel mit einer inneren Stahlform und einer \u00e4u\u00dferen Gummiform geformt werden. Daher kann die \u00e4u\u00dfere Oberfl\u00e4che nicht vollkommen glatt sein, w\u00e4hrend die innere Oberfl\u00e4che glatt ist.<\/p>\n<h2>Eigenschaften von Siliziumkarbid-Tiegeln<\/h2>\n<p>Siliziumkarbid Tiegel hat mehrere Eigenschaften: es ist aus hochreinem Siliziumkarbid als Rohstoff und bei hoher Temperatur gesintert. Es kann hohe Temperaturen \u00fcber 1600\u2103 widerstehen, hat starke Temperaturwechselbest\u00e4ndigkeit und ist nicht leicht zu knacken aufgrund von Temperaturunterschieden. Es hat eine hohe W\u00e4rmeleitf\u00e4higkeit und kann W\u00e4rme schnell und gleichm\u00e4\u00dfig \u00fcbertragen. Es hat eine ausgezeichnete chemische Stabilit\u00e4t und ist resistent gegen Korrosion durch geschmolzene Metalle, S\u00e4uren und Laugen. Es ist verschlei\u00dffest und langlebig und hat eine lange Lebensdauer.<\/p>\n<p><img loading=\"lazy\" decoding=\"async\" class=\"alignnone size-full wp-image-86761\" src=\"https:\/\/keruiref.com\/wp-content\/uploads\/2025\/06\/Silicon-Carbide-Crucible-2.webp\" alt=\"\" width=\"1400\" height=\"565\" srcset=\"https:\/\/keruiref.com\/wp-content\/uploads\/2025\/06\/Silicon-Carbide-Crucible-2.webp 1400w, https:\/\/keruiref.com\/wp-content\/uploads\/2025\/06\/Silicon-Carbide-Crucible-2-300x121.webp 300w, https:\/\/keruiref.com\/wp-content\/uploads\/2025\/06\/Silicon-Carbide-Crucible-2-1024x413.webp 1024w, https:\/\/keruiref.com\/wp-content\/uploads\/2025\/06\/Silicon-Carbide-Crucible-2-768x310.webp 768w, https:\/\/keruiref.com\/wp-content\/uploads\/2025\/06\/Silicon-Carbide-Crucible-2-18x7.webp 18w\" sizes=\"auto, (max-width: 1400px) 100vw, 1400px\" \/><\/p>\n<p><center><a class=\"fancybox price\" href=\"#contact_form_pop\">PREIS ERHALTEN<\/a><\/center><\/p>\n<h2>Anwendung von Siliziumkarbid-Tiegeln<\/h2>\n<p>Siliziumkarbid-Graphit-Tiegel dienen zum Schmelzen von Nichteisenmetallen und verschiedenen Materialien wie Gold, Silber, Kupfer, Aluminium, Blei, Zink, Stahl, Legierungen, Keramik usw. Sie k\u00f6nnen in verschiedenen \u00d6fen eingesetzt werden und eignen sich f\u00fcr Metallschmelz\u00f6fen, Edelstahlgie\u00dfereien, Koks\u00f6fen, Kohle\u00f6fen und so weiter.<br \/>\n<img loading=\"lazy\" decoding=\"async\" class=\"alignnone size-full wp-image-86730\" src=\"https:\/\/keruiref.com\/wp-content\/uploads\/2025\/06\/Application-of-KERUI-Kiln-Shelves.webp\" alt=\"\" width=\"1450\" height=\"679\" srcset=\"https:\/\/keruiref.com\/wp-content\/uploads\/2025\/06\/Application-of-KERUI-Kiln-Shelves.webp 1450w, https:\/\/keruiref.com\/wp-content\/uploads\/2025\/06\/Application-of-KERUI-Kiln-Shelves-300x140.webp 300w, https:\/\/keruiref.com\/wp-content\/uploads\/2025\/06\/Application-of-KERUI-Kiln-Shelves-1024x480.webp 1024w, https:\/\/keruiref.com\/wp-content\/uploads\/2025\/06\/Application-of-KERUI-Kiln-Shelves-768x360.webp 768w, https:\/\/keruiref.com\/wp-content\/uploads\/2025\/06\/Application-of-KERUI-Kiln-Shelves-18x8.webp 18w\" sizes=\"auto, (max-width: 1450px) 100vw, 1450px\" \/><\/p>\n<\/div>\n<div id=\"INQUIRY\" class=\"page_model\">\n<div class=\"wpcf7 no-js\" id=\"wpcf7-f328-o1\" lang=\"en-US\" dir=\"ltr\" data-wpcf7-id=\"328\">\n<div class=\"screen-reader-response\">\n<p role=\"status\" aria-live=\"polite\" aria-atomic=\"true\">\n<ul><\/ul>\n<\/div>\n<form action=\"\/de\/wp-json\/wp\/v2\/pages\/86756#wpcf7-f328-o1\" method=\"post\" class=\"wpcf7-form init\" aria-label=\"Kontakt-Formular\" novalidate=\"novalidate\" data-status=\"init\" data-trp-original-action=\"\/de\/wp-json\/wp\/v2\/pages\/86756#wpcf7-f328-o1\">\n<div style=\"display: none;\">\n<input type=\"hidden\" name=\"_wpcf7\" value=\"328\" \/><br \/>\n<input type=\"hidden\" name=\"_wpcf7_version\" value=\"6.0.4\" \/><br \/>\n<input type=\"hidden\" name=\"_wpcf7_locale\" value=\"en_US\" \/><br \/>\n<input type=\"hidden\" name=\"_wpcf7_unit_tag\" value=\"wpcf7-f328-o1\" \/><br \/>\n<input type=\"hidden\" name=\"_wpcf7_container_post\" value=\"0\" \/><br \/>\n<input type=\"hidden\" name=\"_wpcf7_posted_data_hash\" value=\"\" \/><br \/>\n<input type=\"hidden\" name=\"_wpcf7_recaptcha_response\" value=\"\" \/>\n<\/div>\n<div class=\"form-box\" id=\"Contact-Us\">\n<div class=\"isleft\">\n<div class=\"contact-title\">\n<p>Kontakt\n\t\t\t<\/p>\n<\/p><\/div>\n<div class=\"contactp\">\n<p>Bitte z\u00f6gern Sie nicht, Ihre Anfrage in das entsprechende Formular einzutragen. Wir werden Ihnen innerhalb von 6 Stunden antworten.\n\t\t\t<\/p>\n<\/p><\/div>\n<ul class=\"contact\">\n<li class=\"email\">\n<p><img decoding=\"async\" src=\"https:\/\/keruiref.com\/wp-content\/uploads\/2023\/12\/email.png\" alt=\"\" \/>E-Mail:\n\t\t\t\t<\/p>\n<p><a href=\"mailto:market@keruiref.com\">market@keruiref.com<\/a>\n\t\t\t\t<\/p>\n<\/li>\n<li class=\"phone\">\n<p><img decoding=\"async\" src=\"https:\/\/keruiref.com\/wp-content\/uploads\/2023\/12\/tel.png\" alt=\"\" \/>Telefon\/Whatsapp:\n\t\t\t\t<\/p>\n<p><a href=\"https:\/\/wa.me\/8619138178880\">+86 19138178880<\/a>\n\t\t\t\t<\/p>\n<\/li>\n<li class=\"location\">\n<p><img decoding=\"async\" src=\"https:\/\/keruiref.com\/wp-content\/uploads\/2023\/12\/Location.png\" alt=\"\" \/>Produktionsbasis:\n\t\t\t\t<\/p>\n<p>Chaohua Zone f\u00fcr feuerfeste Industrie,<br \/>\nStadt Xinmi, Provinz Henan, China\n\t\t\t\t<\/p>\n<\/li>\n<\/ul><\/div>\n<div class=\"isright\">\n<ul class=\"contact-input\">\n<li>\n<div class=\"islabel\">\n<p>* Name:\n\t\t\t\t\t<\/p>\n<\/p><\/div>\n<p><span class=\"wpcf7-form-control-wrap\" data-name=\"your-name\"><input size=\"40\" maxlength=\"400\" class=\"wpcf7-form-control wpcf7-text wpcf7-validates-as-required\" aria-required=\"true\" aria-invalid=\"false\" placeholder=\"\" value=\"\" type=\"text\" name=\"your-name\" \/><\/span>\n\t\t\t\t<\/p>\n<\/li>\n<li>\n<div class=\"islabel\">\n<p>* E-Mail:\n\t\t\t\t\t<\/p>\n<\/p><\/div>\n<p><span class=\"wpcf7-form-control-wrap\" data-name=\"your-email\"><input size=\"40\" maxlength=\"400\" class=\"wpcf7-form-control wpcf7-email wpcf7-validates-as-required wpcf7-text wpcf7-validates-as-email\" aria-required=\"true\" aria-invalid=\"false\" placeholder=\"\" value=\"\" type=\"email\" name=\"your-email\" \/><\/span>\n\t\t\t\t<\/p>\n<\/li>\n<li>\n<div class=\"islabel\">\n<p>* Telefon\/Whatsapp:\n\t\t\t\t\t<\/p>\n<\/p><\/div>\n<p><span class=\"wpcf7-form-control-wrap\" data-name=\"your-phone\"><input size=\"40\" maxlength=\"400\" class=\"wpcf7-form-control wpcf7-tel wpcf7-text wpcf7-validates-as-tel\" aria-invalid=\"false\" placeholder=\"\" value=\"\" type=\"tel\" name=\"your-phone\" \/><\/span>\n\t\t\t\t<\/p>\n<\/li>\n<li>\n<div class=\"islabel\">\n<p>Land:\n\t\t\t\t\t<\/p>\n<\/p><\/div>\n<p><span class=\"wpcf7-form-control-wrap\" data-name=\"your-country\"><input size=\"40\" maxlength=\"400\" class=\"wpcf7-form-control wpcf7-text\" aria-invalid=\"false\" placeholder=\"\" value=\"\" type=\"text\" name=\"your-country\" \/><\/span>\n\t\t\t\t<\/p>\n<\/li>\n<li class=\"ismassage\">\n<div class=\"islabel\">\n<p>* Nachricht:\n\t\t\t\t\t<\/p>\n<\/p><\/div>\n<p><span class=\"wpcf7-form-control-wrap\" data-name=\"your-msg\"><textarea cols=\"40\" rows=\"10\" maxlength=\"2000\" class=\"wpcf7-form-control wpcf7-textarea wpcf7-validates-as-required\" aria-required=\"true\" aria-invalid=\"false\" name=\"your-msg\"><\/textarea><\/span>\n\t\t\t\t<\/p>\n<\/li>\n<li class=\"wpcf7-btns-box\">\n<div class=\"isFileName\">\n\t\t\t\t<\/div>\n<div class=\"wpcf7-btns\">\n<p><input class=\"wpcf7-form-control wpcf7-submit has-spinner\" type=\"submit\" value=\"SENDEN\" \/>\n\t\t\t\t\t<\/p>\n<\/p><\/div>\n<\/li>\n<\/ul><\/div>\n<\/div>\n<div class=\"wpcf7-response-output\" aria-hidden=\"true\"><\/div>\n<input type=\"hidden\" name=\"trp-form-language\" value=\"de\"\/><\/form>\n<\/div>\n<\/div>","protected":false},"excerpt":{"rendered":"Silicon Carbide Crucible Silicon carbide crucibles are made of high purity silicon carbide and graphite. Keri offers crucibles in various shapes and sizes, and can also customize the size for you according to your requirements. The service life of silicon carbide crucibles is 2-3 times &#8230; <a title=\"Tiegel aus Siliziumkarbid\" class=\"read-more\" href=\"https:\/\/keruiref.com\/de\/siliziumkarbid-tiegel\/\" aria-label=\"Mehr bei Silicon Carbide Crucible\">Mehr lesen<\/a>","protected":false},"author":1,"featured_media":0,"parent":0,"menu_order":0,"comment_status":"closed","ping_status":"closed","template":"","meta":{"footnotes":""},"class_list":{"0":"post-86756","1":"page","2":"type-page","3":"status-publish","5":"no-featured-image-padding"},"yoast_head":"<!-- This site is optimized with the Yoast SEO plugin v24.9 - https:\/\/yoast.com\/wordpress\/plugins\/seo\/ -->\n<title>Silicon Carbide Crucible - Your Refractory Bricks, Castables Manufacturer For Kiln | Kerui Refractory\u00ae Official Website<\/title>\n<meta name=\"description\" content=\"Silicon Carbide Crucible is a high-temp container made of high-purity silicon carbide via high-temp sintering. With excellent thermal conductivity and shock resistance, it withstands &gt;1600\u2103, resists molten metal corrosion, and offers strong chemical stability.\" \/>\n<meta name=\"robots\" content=\"index, follow, max-snippet:-1, max-image-preview:large, max-video-preview:-1\" \/>\n<link rel=\"canonical\" href=\"https:\/\/keruiref.com\/de\/siliziumkarbid-tiegel\/\" \/>\n<script type=\"application\/ld+json\" class=\"yoast-schema-graph\">{\"@context\":\"https:\/\/schema.org\",\"@graph\":[{\"@type\":\"WebPage\",\"@id\":\"https:\/\/keruiref.com\/silicon-carbide-crucible\/\",\"url\":\"https:\/\/keruiref.com\/silicon-carbide-crucible\/\",\"name\":\"Silicon Carbide Crucible - Your Refractory Bricks, Castables Manufacturer For Kiln | Kerui Refractory\u00ae Official Website\",\"isPartOf\":{\"@id\":\"https:\/\/keruiref.com\/el\/#website\"},\"primaryImageOfPage\":{\"@id\":\"https:\/\/keruiref.com\/silicon-carbide-crucible\/#primaryimage\"},\"image\":{\"@id\":\"https:\/\/keruiref.com\/silicon-carbide-crucible\/#primaryimage\"},\"thumbnailUrl\":\"https:\/\/keruiref.com\/wp-content\/uploads\/2025\/06\/Silicon-Carbide-Crucibles_kerui.webp\",\"datePublished\":\"2025-06-04T03:17:59+00:00\",\"description\":\"Silicon Carbide Crucible is a high-temp container made of high-purity silicon carbide via high-temp sintering. With excellent thermal conductivity and shock resistance, it withstands >1600\u2103, resists molten metal corrosion, and offers strong chemical stability.\",\"breadcrumb\":{\"@id\":\"https:\/\/keruiref.com\/silicon-carbide-crucible\/#breadcrumb\"},\"inLanguage\":\"de\",\"potentialAction\":[{\"@type\":\"ReadAction\",\"target\":[\"https:\/\/keruiref.com\/silicon-carbide-crucible\/\"]}]},{\"@type\":\"ImageObject\",\"inLanguage\":\"de\",\"@id\":\"https:\/\/keruiref.com\/silicon-carbide-crucible\/#primaryimage\",\"url\":\"https:\/\/keruiref.com\/wp-content\/uploads\/2025\/06\/Silicon-Carbide-Crucibles_kerui.webp\",\"contentUrl\":\"https:\/\/keruiref.com\/wp-content\/uploads\/2025\/06\/Silicon-Carbide-Crucibles_kerui.webp\"},{\"@type\":\"BreadcrumbList\",\"@id\":\"https:\/\/keruiref.com\/silicon-carbide-crucible\/#breadcrumb\",\"itemListElement\":[{\"@type\":\"ListItem\",\"position\":1,\"name\":\"Home\",\"item\":\"https:\/\/keruiref.com\/\"},{\"@type\":\"ListItem\",\"position\":2,\"name\":\"Silicon Carbide Crucible\"}]},{\"@type\":\"WebSite\",\"@id\":\"https:\/\/keruiref.com\/el\/#website\",\"url\":\"https:\/\/keruiref.com\/el\/\",\"name\":\"Your Refractory Bricks, Castables Manufacturer For Kiln | Kerui Refractory\u00ae Official Website\",\"description\":\"\",\"publisher\":{\"@id\":\"https:\/\/keruiref.com\/el\/#organization\"},\"potentialAction\":[{\"@type\":\"SearchAction\",\"target\":{\"@type\":\"EntryPoint\",\"urlTemplate\":\"https:\/\/keruiref.com\/el\/?s={search_term_string}\"},\"query-input\":{\"@type\":\"PropertyValueSpecification\",\"valueRequired\":true,\"valueName\":\"search_term_string\"}}],\"inLanguage\":\"de\"},{\"@type\":\"Organization\",\"@id\":\"https:\/\/keruiref.com\/el\/#organization\",\"name\":\"Your Refractory Bricks, Castables Manufacturer For Kiln | Kerui Refractory\u00ae Official Website\",\"url\":\"https:\/\/keruiref.com\/el\/\",\"logo\":{\"@type\":\"ImageObject\",\"inLanguage\":\"de\",\"@id\":\"https:\/\/keruiref.com\/el\/#\/schema\/logo\/image\/\",\"url\":\"https:\/\/keruiref.com\/wp-content\/uploads\/2024\/01\/footer-Logo.png\",\"contentUrl\":\"https:\/\/keruiref.com\/wp-content\/uploads\/2024\/01\/footer-Logo.png\",\"width\":282,\"height\":70,\"caption\":\"Your Refractory Bricks, Castables Manufacturer For Kiln | Kerui Refractory\u00ae Official Website\"},\"image\":{\"@id\":\"https:\/\/keruiref.com\/el\/#\/schema\/logo\/image\/\"}}]}<\/script>\n<!-- \/ Yoast SEO plugin. -->","yoast_head_json":{"title":"Tiegel aus Siliziumkarbid - Ihr Hersteller von feuerfesten Steinen und Gussst\u00fccken f\u00fcr \u00d6fen | Kerui Refractory\u00ae Official Website","description":"Der Tiegel aus Siliziumkarbid ist ein Hochtemperaturbeh\u00e4lter, der aus hochreinem Siliziumkarbid durch Hochtemperatursintern hergestellt wird. Er verf\u00fcgt \u00fcber eine hervorragende W\u00e4rmeleitf\u00e4higkeit und Sto\u00dffestigkeit, h\u00e4lt &gt;1600\u2103 stand, ist korrosionsbest\u00e4ndig gegen geschmolzenes Metall und bietet eine hohe chemische Stabilit\u00e4t.","robots":{"index":"index","follow":"follow","max-snippet":"max-snippet:-1","max-image-preview":"max-image-preview:large","max-video-preview":"max-video-preview:-1"},"canonical":"https:\/\/keruiref.com\/de\/siliziumkarbid-tiegel\/","schema":{"@context":"https:\/\/schema.org","@graph":[{"@type":"WebPage","@id":"https:\/\/keruiref.com\/silicon-carbide-crucible\/","url":"https:\/\/keruiref.com\/silicon-carbide-crucible\/","name":"Tiegel aus Siliziumkarbid - Ihr Hersteller von feuerfesten Steinen und Gussst\u00fccken f\u00fcr \u00d6fen | Kerui Refractory\u00ae Official Website","isPartOf":{"@id":"https:\/\/keruiref.com\/el\/#website"},"primaryImageOfPage":{"@id":"https:\/\/keruiref.com\/silicon-carbide-crucible\/#primaryimage"},"image":{"@id":"https:\/\/keruiref.com\/silicon-carbide-crucible\/#primaryimage"},"thumbnailUrl":"https:\/\/keruiref.com\/wp-content\/uploads\/2025\/06\/Silicon-Carbide-Crucibles_kerui.webp","datePublished":"2025-06-04T03:17:59+00:00","description":"Der Tiegel aus Siliziumkarbid ist ein Hochtemperaturbeh\u00e4lter, der aus hochreinem Siliziumkarbid durch Hochtemperatursintern hergestellt wird. Er verf\u00fcgt \u00fcber eine hervorragende W\u00e4rmeleitf\u00e4higkeit und Sto\u00dffestigkeit, h\u00e4lt &gt;1600\u2103 stand, ist korrosionsbest\u00e4ndig gegen geschmolzenes Metall und bietet eine hohe chemische Stabilit\u00e4t.","breadcrumb":{"@id":"https:\/\/keruiref.com\/silicon-carbide-crucible\/#breadcrumb"},"inLanguage":"de","potentialAction":[{"@type":"ReadAction","target":["https:\/\/keruiref.com\/silicon-carbide-crucible\/"]}]},{"@type":"ImageObject","inLanguage":"de","@id":"https:\/\/keruiref.com\/silicon-carbide-crucible\/#primaryimage","url":"https:\/\/keruiref.com\/wp-content\/uploads\/2025\/06\/Silicon-Carbide-Crucibles_kerui.webp","contentUrl":"https:\/\/keruiref.com\/wp-content\/uploads\/2025\/06\/Silicon-Carbide-Crucibles_kerui.webp"},{"@type":"BreadcrumbList","@id":"https:\/\/keruiref.com\/silicon-carbide-crucible\/#breadcrumb","itemListElement":[{"@type":"ListItem","position":1,"name":"Home","item":"https:\/\/keruiref.com\/"},{"@type":"ListItem","position":2,"name":"Silicon Carbide Crucible"}]},{"@type":"WebSite","@id":"https:\/\/keruiref.com\/el\/#website","url":"https:\/\/keruiref.com\/el\/","name":"Ihr Hersteller von feuerfesten Steinen und Gussteilen f\u00fcr \u00d6fen | Kerui Refractory\u00ae Official Website","description":"","publisher":{"@id":"https:\/\/keruiref.com\/el\/#organization"},"potentialAction":[{"@type":"SearchAction","target":{"@type":"EntryPoint","urlTemplate":"https:\/\/keruiref.com\/el\/?s={search_term_string}"},"query-input":{"@type":"PropertyValueSpecification","valueRequired":true,"valueName":"search_term_string"}}],"inLanguage":"de"},{"@type":"Organization","@id":"https:\/\/keruiref.com\/el\/#organization","name":"Ihr Hersteller von feuerfesten Steinen und Gussteilen f\u00fcr \u00d6fen | Kerui Refractory\u00ae Official Website","url":"https:\/\/keruiref.com\/el\/","logo":{"@type":"ImageObject","inLanguage":"de","@id":"https:\/\/keruiref.com\/el\/#\/schema\/logo\/image\/","url":"https:\/\/keruiref.com\/wp-content\/uploads\/2024\/01\/footer-Logo.png","contentUrl":"https:\/\/keruiref.com\/wp-content\/uploads\/2024\/01\/footer-Logo.png","width":282,"height":70,"caption":"Your Refractory Bricks, Castables Manufacturer For Kiln | Kerui Refractory\u00ae Official Website"},"image":{"@id":"https:\/\/keruiref.com\/el\/#\/schema\/logo\/image\/"}}]}},"_links":{"self":[{"href":"https:\/\/keruiref.com\/de\/wp-json\/wp\/v2\/pages\/86756","targetHints":{"allow":["GET"]}}],"collection":[{"href":"https:\/\/keruiref.com\/de\/wp-json\/wp\/v2\/pages"}],"about":[{"href":"https:\/\/keruiref.com\/de\/wp-json\/wp\/v2\/types\/page"}],"author":[{"embeddable":true,"href":"https:\/\/keruiref.com\/de\/wp-json\/wp\/v2\/users\/1"}],"replies":[{"embeddable":true,"href":"https:\/\/keruiref.com\/de\/wp-json\/wp\/v2\/comments?post=86756"}],"version-history":[{"count":0,"href":"https:\/\/keruiref.com\/de\/wp-json\/wp\/v2\/pages\/86756\/revisions"}],"wp:attachment":[{"href":"https:\/\/keruiref.com\/de\/wp-json\/wp\/v2\/media?parent=86756"}],"curies":[{"name":"wp","href":"https:\/\/api.w.org\/{rel}","templated":true}]}}