{"id":84659,"date":"2025-03-19T11:27:36","date_gmt":"2025-03-19T03:27:36","guid":{"rendered":"https:\/\/keruiref.com\/?page_id=84659"},"modified":"2025-08-05T17:10:31","modified_gmt":"2025-08-05T09:10:31","slug":"alumina-silica-fire-brick","status":"publish","type":"page","link":"https:\/\/keruiref.com\/de\/alumina-silica-fire-brick\/","title":{"rendered":"Aluminiumoxid-Kieselerde-Schamottestein"},"content":{"rendered":"<p>Alumina Silica Fire Brick is a kind of alumina silica refractory materials, which is widely applied for various parts of industrial furnaces such as coke ovens, hot blast stoves, glass kiln and steelmaking electric furnaces. Alumina Silica Refractory Brick includes many types as belows:<\/p>\n<div class='content-column one_third'>\n<div style=\"padding-right:20px;\">\n<div class=\"rccr\">\n<div class=\"hotpic\">\n<p><a href=\"https:\/\/keruiref.com\/de\/schamottestein-mit-hoher-tonerde\/\" target=\"_blank\" rel=\"noopener\"><img loading=\"lazy\" decoding=\"async\" class=\"alignnone wp-image-28655 size-full\" src=\"https:\/\/keruiref.com\/wp-content\/uploads\/2023\/12\/02-High-Alumina-Fire-Brick.jpg\" alt=\"\" width=\"660\" height=\"495\" srcset=\"https:\/\/keruiref.com\/wp-content\/uploads\/2023\/12\/02-High-Alumina-Fire-Brick.jpg 660w, https:\/\/keruiref.com\/wp-content\/uploads\/2023\/12\/02-High-Alumina-Fire-Brick-300x225.jpg 300w\" sizes=\"auto, (max-width: 660px) 100vw, 660px\" \/><\/a><\/p>\n<div class=\"phot\">HOT<\/div>\n<\/div>\n<div class=\"rccr1\">\n<div class=\"rccr0\"><a href=\"https:\/\/keruiref.com\/de\/schamottestein-mit-hoher-tonerde\/\" target=\"_blank\" rel=\"noopener\">Schamottestein mit hoher Tonerde<\/a><\/div>\n<ul>\n<li>Al2O3: 48-80%;<\/li>\n<li>Refrakt\u00e4rit\u00e4t unter Last: 1420-1530\u2103;<\/li>\n<li>Kaltstauchfestigkeit: 40-70MPa;<\/li>\n<li>Muster: verf\u00fcgbar;<\/li>\n<\/ul>\n<p><a class=\"iinruiry fancybox\" href=\"#contact_form_pop\">inruiry jetzt<\/a><a class=\"eemail-btn\" href=\"mailto:market@keruiref.com\">E-Mail senden<\/a><\/p>\n<\/div>\n<\/div>\n<\/div>\n<\/div>\n<div class='content-column one_third'>\n<div style=\"padding-right:20px;\">\n<div class=\"rccr\">\n<div class=\"hotpic\">\n<p><a href=\"https:\/\/keruiref.com\/de\/quarzstein\/\" target=\"_blank\" rel=\"noopener\"><img loading=\"lazy\" decoding=\"async\" class=\"alignnone wp-image-2739 size-full\" src=\"https:\/\/keruiref.com\/wp-content\/uploads\/2023\/08\/Silica-Fire-Brick.jpg\" alt=\"Silica-Schamottestein\" width=\"660\" height=\"495\" srcset=\"https:\/\/keruiref.com\/wp-content\/uploads\/2023\/08\/Silica-Fire-Brick.jpg 660w, https:\/\/keruiref.com\/wp-content\/uploads\/2023\/08\/Silica-Fire-Brick-300x225.jpg 300w\" sizes=\"auto, (max-width: 660px) 100vw, 660px\" \/><\/a><\/p>\n<div class=\"phot\">HOT<\/div>\n<\/div>\n<div class=\"rccr1\">\n<div class=\"rccr0\"><a href=\"https:\/\/keruiref.com\/de\/quarzstein\/\" target=\"_blank\" rel=\"noopener\">Silica-Schamottestein<\/a><\/div>\n<ul>\n<li>SiO2%: \u226594<\/li>\n<li>Fe2O3\/%: \u22641,4<\/li>\n<li>Refrakt\u00e4rit\u00e4t unter Last (\u2103): \u22651650<\/li>\n<li>Probe: Pr\u00fcfung der Probe ist verf\u00fcgbar<\/li>\n<\/ul>\n<p><a class=\"iinruiry fancybox\" href=\"#contact_form_pop\">inruiry jetzt<\/a><a class=\"eemail-btn\" href=\"mailto:market@keruiref.com\">E-Mail senden<\/a><\/p>\n<\/div>\n<\/div>\n<\/div>\n<\/div>\n<div class='content-column one_third last_column'>\n<div style=\"padding-right:20px;\">\n<div class=\"rccr\">\n<div class=\"hotpic\">\n<p><a href=\"https:\/\/keruiref.com\/de\/korundstein\/\" target=\"_blank\" rel=\"noopener\"><img loading=\"lazy\" decoding=\"async\" class=\"alignnone wp-image-2728 size-full\" src=\"https:\/\/keruiref.com\/wp-content\/uploads\/2023\/08\/corundum-brick-price.jpg\" alt=\"corundum brick price\" width=\"660\" height=\"495\" srcset=\"https:\/\/keruiref.com\/wp-content\/uploads\/2023\/08\/corundum-brick-price.jpg 660w, https:\/\/keruiref.com\/wp-content\/uploads\/2023\/08\/corundum-brick-price-300x225.jpg 300w\" sizes=\"auto, (max-width: 660px) 100vw, 660px\" \/><\/a><\/p>\n<div class=\"phot\">HOT<\/div>\n<\/div>\n<div class=\"rccr1\">\n<div class=\"rccr0\"><a href=\"https:\/\/keruiref.com\/de\/korundstein\/\" target=\"_blank\" rel=\"noopener\">Korund Ziegel<\/a><\/div>\n<ul>\n<li>Al2O3\/%: 95-98<\/li>\n<li>SiO2\/%: 0,15-0,5<\/li>\n<li>Kaltstauchfestigkeit: 80-100MPa<\/li>\n<li>ISO9001\/ISO14001\/ISO45001\/ISO50001<\/li>\n<\/ul>\n<p><a class=\"iinruiry fancybox\" href=\"#contact_form_pop\">inruiry jetzt<\/a><a class=\"eemail-btn\" href=\"mailto:market@keruiref.com\">E-Mail senden<\/a><\/p>\n<\/div>\n<\/div>\n<\/div>\n<\/div>\n<div class='clear_column'><\/div>\n<div class='content-column one_third'>\n<div style=\"padding-right:20px;\">\n<div class=\"rccr\">\n<div class=\"hotpic\">\n<p><a href=\"https:\/\/keruiref.com\/de\/schamottestein\/\" target=\"_blank\" rel=\"noopener\"><img loading=\"lazy\" decoding=\"async\" class=\"alignnone wp-image-2742 size-full\" src=\"https:\/\/keruiref.com\/wp-content\/uploads\/2023\/08\/Fire-Clay-Brick.jpg\" alt=\"Schamottestein\" width=\"660\" height=\"495\" srcset=\"https:\/\/keruiref.com\/wp-content\/uploads\/2023\/08\/Fire-Clay-Brick.jpg 660w, https:\/\/keruiref.com\/wp-content\/uploads\/2023\/08\/Fire-Clay-Brick-300x225.jpg 300w\" sizes=\"auto, (max-width: 660px) 100vw, 660px\" \/><\/a><\/p>\n<div class=\"phot\">HOT<\/div>\n<\/div>\n<div class=\"rccr1\">\n<div class=\"rccr0\"><a href=\"https:\/\/keruiref.com\/de\/schamottestein\/\" target=\"_blank\" rel=\"noopener\">Schamottestein<\/a><\/div>\n<ul>\n<li>Al2O3\u2265\/%: 25-42<\/li>\n<li>Fe2O3)\u2264\/%: 2,0<\/li>\n<li>Probe: Pr\u00fcfung der Probe ist verf\u00fcgbar<\/li>\n<li>Kaltstauchfestigkeit (MPa): 15-45<\/li>\n<\/ul>\n<p><a class=\"iinruiry fancybox\" href=\"#contact_form_pop\">inruiry jetzt<\/a><a class=\"eemail-btn\" href=\"mailto:market@keruiref.com\">E-Mail senden<\/a><\/p>\n<\/div>\n<\/div>\n<\/div>\n<\/div>\n<div class='content-column one_third'>\n<div style=\"padding-right:20px;\">\n<div class=\"rccr\">\n<div class=\"hotpic\">\n<p><a href=\"https:\/\/keruiref.com\/de\/azs-ziegel\/\" target=\"_blank\" rel=\"noopener\"><img loading=\"lazy\" decoding=\"async\" class=\"alignnone wp-image-2742 size-full\" src=\"https:\/\/keruiref.com\/wp-content\/uploads\/2023\/08\/azs-brick-for-sale.jpg\" alt=\"AZS-Ziegel\" width=\"660\" height=\"495\" \/><\/a><\/p>\n<div class=\"phot\">HOT<\/div>\n<\/div>\n<div class=\"rccr1\">\n<div class=\"rccr0\"><a href=\"https:\/\/keruiref.com\/de\/azs-ziegel\/\" target=\"_blank\" rel=\"noopener\">AZS-Ziegel<\/a><\/div>\n<ul>\n<li>ZrO2%: \u2265 16<\/li>\n<li>Fe2O3%: \u2264 0,5<\/li>\n<li>Sch\u00fcttdichte (g\/cm\u00b3): \u2265 2,70<\/li>\n<li>Kaltstauchfestigkeit\/MPa: \u2265 70<\/li>\n<\/ul>\n<p><a class=\"iinruiry fancybox\" href=\"#contact_form_pop\">inruiry jetzt<\/a><a class=\"eemail-btn\" href=\"mailto:market@keruiref.com\">E-Mail senden<\/a><\/p>\n<\/div>\n<\/div>\n<\/div>\n<\/div>\n<div class='content-column one_third last_column'>\n<div style=\"padding-right:20px;\">\n<div class=\"rccr\">\n<div class=\"hotpic\">\n<p><a href=\"https:\/\/keruiref.com\/de\/zirkonoxid-korund-steine\/\" target=\"_blank\" rel=\"noopener\"><img loading=\"lazy\" decoding=\"async\" class=\"alignnone wp-image-2742 size-full\" src=\"https:\/\/keruiref.com\/wp-content\/uploads\/2025\/08\/zirconia-corundum-bricks_kerui.webp\" width=\"660\" height=\"495\" \/><\/a><\/p>\n<div class=\"phot\">HOT<\/div>\n<\/div>\n<div class=\"rccr1\">\n<div class=\"rccr0\"><a href=\"https:\/\/keruiref.com\/de\/zirkonoxid-korund-steine\/\" target=\"_blank\" rel=\"noopener\">Zirkoniumdioxid-Korund-Steine<\/a><\/div>\n<ul>\n<li>Scheinbare Porosit\u00e4t %: \u226420<\/li>\n<li>Refrakt\u00e4rit\u00e4t unter Last\u00b0C: \u22651650\u2103<\/li>\n<li>Al2O3: \u226545%<\/li>\n<li>Sch\u00fcttdichte g\/cm3: \u22653,2<\/li>\n<\/ul>\n<p><a class=\"iinruiry fancybox\" href=\"#contact_form_pop\">inruiry jetzt<\/a><a class=\"eemail-btn\" href=\"mailto:market@keruiref.com\">E-Mail senden<\/a><\/p>\n<\/div>\n<\/div>\n<\/div>\n<\/div>\n<div class='clear_column'><\/div>\n<div class='content-column one_third'>\n<div style=\"padding-right:20px;\">\n<div class=\"rccr\">\n<div class=\"hotpic\">\n<p><a href=\"https:\/\/keruiref.com\/de\/mullite-refractory-brick\/\" target=\"_blank\" rel=\"noopener\"><img loading=\"lazy\" decoding=\"async\" class=\"alignnone wp-image-2742 size-full\" src=\"https:\/\/keruiref.com\/wp-content\/uploads\/2023\/08\/Mullite-Refractory-Brick-for-sale.jpg\" alt=\"Feuerfester Mullit-Stein\" width=\"660\" height=\"495\" \/><\/a><\/p>\n<div class=\"phot\">HOT<\/div>\n<\/div>\n<div class=\"rccr1\">\n<div class=\"rccr0\"><a href=\"https:\/\/keruiref.com\/de\/mullite-refractory-brick\/\" target=\"_blank\" rel=\"noopener\">Feuerfester Mullit-Stein<\/a><\/div>\n<ul>\n<li>Al2O3% (\u2265): 62-70<\/li>\n<li>Fe2O3)\/%(\u2264): 1.5-1.8<\/li>\n<li>Refrakt\u00e4rit\u00e4t unter Last (\u2103)(\u2265): 1760-1780<\/li>\n<li>Kaltstauchfestigkeit (MPa)(\u2265): 25<\/li>\n<\/ul>\n<p><a class=\"iinruiry fancybox\" href=\"#contact_form_pop\">inruiry jetzt<\/a><a class=\"eemail-btn\" href=\"mailto:market@keruiref.com\">E-Mail senden<\/a><\/p>\n<\/div>\n<\/div>\n<\/div>\n<\/div>\n<div class='content-column one_third'>\n<div style=\"padding-right:20px;\">\n<div class=\"rccr\">\n<div class=\"hotpic\">\n<p><a href=\"https:\/\/keruiref.com\/de\/andalusit-ziegel\/\" target=\"_blank\" rel=\"noopener\"><img loading=\"lazy\" decoding=\"async\" class=\"alignnone wp-image-2742 size-full\" src=\"https:\/\/keruiref.com\/wp-content\/uploads\/2025\/08\/andalusite-brick_kerui-refractory.webp\" alt=\"Andalusit Ziegel\" width=\"660\" height=\"495\" \/><\/a><\/p>\n<div class=\"phot\">HOT<\/div>\n<\/div>\n<div class=\"rccr1\">\n<div class=\"rccr0\"><a href=\"https:\/\/keruiref.com\/de\/andalusit-ziegel\/\" target=\"_blank\" rel=\"noopener\">Andalusit Ziegel<\/a><\/div>\n<ul>\n<li>Al2O3: \u226555%;<\/li>\n<li>Fe2O3: \u22641-1,5%;<\/li>\n<li>Sch\u00fcttdichte: 2,30-2,70g\/cm\u00b3;<\/li>\n<li>Feuerfestigkeit unter Last: \u22651450-1700\u00baC;<\/li>\n<\/ul>\n<p><a class=\"iinruiry fancybox\" href=\"#contact_form_pop\">inruiry jetzt<\/a><a class=\"eemail-btn\" href=\"mailto:market@keruiref.com\">E-Mail senden<\/a><\/p>\n<\/div>\n<\/div>\n<\/div>\n<\/div>\n<div class='content-column one_third last_column'>\n<div style=\"padding-right:20px;\">\n<div class=\"rccr\">\n<div class=\"hotpic\">\n<p><a href=\"https:\/\/keruiref.com\/de\/mullit-dammstein\/\" target=\"_blank\" rel=\"noopener\"><img loading=\"lazy\" decoding=\"async\" class=\"alignnone wp-image-2742 size-full\" src=\"https:\/\/keruiref.com\/wp-content\/uploads\/2023\/08\/Mullite-Insulation-Brick-for-sale.jpg\" alt=\"Mullit-Isolierung Ziegel\" width=\"660\" height=\"495\" \/><\/a><\/p>\n<div class=\"phot\">HOT<\/div>\n<\/div>\n<div class=\"rccr1\">\n<div class=\"rccr0\"><a href=\"https:\/\/keruiref.com\/de\/mullit-dammstein\/\" target=\"_blank\" rel=\"noopener\">Mullit-Isolierung Ziegel<\/a><\/div>\n<ul>\n<li>Al2O3(%)\u2265: 42-72<\/li>\n<li>Fe2O3(%)\u2264: 0.5-1.0<\/li>\n<li>Sch\u00fcttdichte (g\/cm\u00b3)\u2264: 0.6-1.1<\/li>\n<li>Kaltstauchfestigkeit (MPa)\u2265: 1.5-3.5<\/li>\n<\/ul>\n<p><a class=\"iinruiry fancybox\" href=\"#contact_form_pop\">inruiry jetzt<\/a><a class=\"eemail-btn\" href=\"mailto:market@keruiref.com\">E-Mail senden<\/a><\/p>\n<\/div>\n<\/div>\n<\/div>\n<\/div>\n<div class='clear_column'><\/div>\n<p>&nbsp;<\/p>\n<p>Aluminiumoxid-Kieselerde-Schamottesteine basieren auf der AL2O3-SiO2-Grundlagentheorie, einschlie\u00dflich der folgenden:<\/p>\n<p><a href=\"https:\/\/keruiref.com\/de\/quarzstein\/\" target=\"_blank\" rel=\"noopener\"><strong>Siliziumdioxid-Ziegel<\/strong><\/a>ist ein feuerfester Stein mit einem SiO2-Gehalt von mehr als 93%, der haupts\u00e4chlich f\u00fcr Koks\u00f6fen, Glas\u00f6fen, Keramik\u00f6fen und Kalzinierungs\u00f6fen verwendet wird, aber nicht f\u00fcr Heizanlagen mit Temperaturschwankungen unter 600 \u2103 geeignet ist.<br \/>\n<a href=\"https:\/\/keruiref.com\/de\/schamottestein\/\" target=\"_blank\" rel=\"noopener\"><strong>Schamottestein<\/strong><\/a> wird haupts\u00e4chlich aus Mullit, Glasphase, Cristobalit und Quarz hergestellt. Schamottesteine werden immer in Hoch\u00f6fen, Winderhitzern, Heiz\u00f6fen, Heizkesseln, Kalk\u00f6fen, Drehrohr\u00f6fen, Keramik\u00f6fen und Kalzinier\u00f6fen verwendet.<br \/>\n<a href=\"https:\/\/keruiref.com\/de\/schamottestein-mit-hoher-tonerde\/\" target=\"_blank\" rel=\"noopener\"><strong>Ziegel mit hohem Tonerdegehalt<\/strong><\/a> besteht aus Korund, Mullit und einer Glasphase, die durch das Verh\u00e4ltnis von AL2O3 zu SiO2 bestimmt wird. Hochtonerdehaltige Ziegel werden haupts\u00e4chlich in der Stahlherstellung, der Nichteisenmetallindustrie und anderen Industrien verwendet.<br \/>\n<a href=\"https:\/\/keruiref.com\/de\/korundstein\/\" target=\"_blank\" rel=\"noopener\"><strong>Korund-Ziegel<\/strong><\/a> hat einen AL2O3-Gehalt von \u00fcber 90% und enth\u00e4lt als Hauptphase Korund. Korund-Ziegel k\u00f6nnen in gesinterte Korund-Ziegel und geschmolzene Guss-Korund-Ziegel unterteilt werden.<\/p>\n<p>In addition, we also have a large number of <strong><a href=\"https:\/\/keruiref.com\/de\/azs-ziegel\/\" target=\"_blank\" rel=\"noopener\">AZS bricks<\/a><\/strong>, <strong><a href=\"https:\/\/keruiref.com\/de\/zirkonoxid-korund-steine\/\" target=\"_blank\" rel=\"noopener\">Zirkoniumkorund-Steine<\/a><\/strong>, <strong><a href=\"https:\/\/keruiref.com\/de\/andalusit-ziegel\/\" target=\"_blank\" rel=\"noopener\">andalusite bricks<\/a><\/strong>, <strong><a href=\"https:\/\/keruiref.com\/de\/mullite-refractory-brick\/\" target=\"_blank\" rel=\"noopener\">mullite refractory bricks<\/a><\/strong>, <strong><a href=\"https:\/\/keruiref.com\/de\/mullit-dammstein\/\" target=\"_blank\" rel=\"noopener\">mullite insulation bricks<\/a><\/strong>, etc. in stock, welcome to your inquiry!<\/p>\n<div class=\"wpcf7 no-js\" id=\"wpcf7-f328-o1\" lang=\"en-US\" dir=\"ltr\" data-wpcf7-id=\"328\">\n<div class=\"screen-reader-response\">\n<p role=\"status\" aria-live=\"polite\" aria-atomic=\"true\">\n<ul><\/ul>\n<\/div>\n<form action=\"\/de\/wp-json\/wp\/v2\/pages\/84659#wpcf7-f328-o1\" method=\"post\" class=\"wpcf7-form init\" aria-label=\"Kontakt-Formular\" novalidate=\"novalidate\" data-status=\"init\" data-trp-original-action=\"\/de\/wp-json\/wp\/v2\/pages\/84659#wpcf7-f328-o1\">\n<div style=\"display: none;\">\n<input type=\"hidden\" name=\"_wpcf7\" value=\"328\" \/><br \/>\n<input type=\"hidden\" name=\"_wpcf7_version\" value=\"6.0.4\" \/><br \/>\n<input type=\"hidden\" name=\"_wpcf7_locale\" value=\"en_US\" \/><br \/>\n<input type=\"hidden\" name=\"_wpcf7_unit_tag\" value=\"wpcf7-f328-o1\" \/><br \/>\n<input type=\"hidden\" name=\"_wpcf7_container_post\" value=\"0\" \/><br \/>\n<input type=\"hidden\" name=\"_wpcf7_posted_data_hash\" value=\"\" \/><br \/>\n<input type=\"hidden\" name=\"_wpcf7_recaptcha_response\" value=\"\" \/>\n<\/div>\n<div class=\"form-box\" id=\"Contact-Us\">\n<div class=\"isleft\">\n<div class=\"contact-title\">\n<p>Kontakt\n\t\t\t<\/p>\n<\/p><\/div>\n<div class=\"contactp\">\n<p>Bitte z\u00f6gern Sie nicht, Ihre Anfrage in das entsprechende Formular einzutragen. Wir werden Ihnen innerhalb von 6 Stunden antworten.\n\t\t\t<\/p>\n<\/p><\/div>\n<ul class=\"contact\">\n<li class=\"email\">\n<p><img decoding=\"async\" src=\"https:\/\/keruiref.com\/wp-content\/uploads\/2023\/12\/email.png\" alt=\"\" \/>E-Mail:\n\t\t\t\t<\/p>\n<p><a href=\"mailto:market@keruiref.com\">market@keruiref.com<\/a>\n\t\t\t\t<\/p>\n<\/li>\n<li class=\"phone\">\n<p><img decoding=\"async\" src=\"https:\/\/keruiref.com\/wp-content\/uploads\/2023\/12\/tel.png\" alt=\"\" \/>Telefon\/Whatsapp:\n\t\t\t\t<\/p>\n<p><a href=\"https:\/\/wa.me\/8619138178880\">+86 19138178880<\/a>\n\t\t\t\t<\/p>\n<\/li>\n<li class=\"location\">\n<p><img decoding=\"async\" src=\"https:\/\/keruiref.com\/wp-content\/uploads\/2023\/12\/Location.png\" alt=\"\" \/>Produktionsbasis:\n\t\t\t\t<\/p>\n<p>Chaohua Zone f\u00fcr feuerfeste Industrie,<br \/>\nStadt Xinmi, Provinz Henan, China\n\t\t\t\t<\/p>\n<\/li>\n<\/ul><\/div>\n<div class=\"isright\">\n<ul class=\"contact-input\">\n<li>\n<div class=\"islabel\">\n<p>* Name:\n\t\t\t\t\t<\/p>\n<\/p><\/div>\n<p><span class=\"wpcf7-form-control-wrap\" data-name=\"your-name\"><input size=\"40\" maxlength=\"400\" class=\"wpcf7-form-control wpcf7-text wpcf7-validates-as-required\" aria-required=\"true\" aria-invalid=\"false\" placeholder=\"\" value=\"\" type=\"text\" name=\"your-name\" \/><\/span>\n\t\t\t\t<\/p>\n<\/li>\n<li>\n<div class=\"islabel\">\n<p>* E-Mail:\n\t\t\t\t\t<\/p>\n<\/p><\/div>\n<p><span class=\"wpcf7-form-control-wrap\" data-name=\"your-email\"><input size=\"40\" maxlength=\"400\" class=\"wpcf7-form-control wpcf7-email wpcf7-validates-as-required wpcf7-text wpcf7-validates-as-email\" aria-required=\"true\" aria-invalid=\"false\" placeholder=\"\" value=\"\" type=\"email\" name=\"your-email\" \/><\/span>\n\t\t\t\t<\/p>\n<\/li>\n<li>\n<div class=\"islabel\">\n<p>* Telefon\/Whatsapp:\n\t\t\t\t\t<\/p>\n<\/p><\/div>\n<p><span class=\"wpcf7-form-control-wrap\" data-name=\"your-phone\"><input size=\"40\" maxlength=\"400\" class=\"wpcf7-form-control wpcf7-tel wpcf7-text wpcf7-validates-as-tel\" aria-invalid=\"false\" placeholder=\"\" value=\"\" type=\"tel\" name=\"your-phone\" \/><\/span>\n\t\t\t\t<\/p>\n<\/li>\n<li>\n<div class=\"islabel\">\n<p>Land:\n\t\t\t\t\t<\/p>\n<\/p><\/div>\n<p><span class=\"wpcf7-form-control-wrap\" data-name=\"your-country\"><input size=\"40\" maxlength=\"400\" class=\"wpcf7-form-control wpcf7-text\" aria-invalid=\"false\" placeholder=\"\" value=\"\" type=\"text\" name=\"your-country\" \/><\/span>\n\t\t\t\t<\/p>\n<\/li>\n<li class=\"ismassage\">\n<div class=\"islabel\">\n<p>* Nachricht:\n\t\t\t\t\t<\/p>\n<\/p><\/div>\n<p><span class=\"wpcf7-form-control-wrap\" data-name=\"your-msg\"><textarea cols=\"40\" rows=\"10\" maxlength=\"2000\" class=\"wpcf7-form-control wpcf7-textarea wpcf7-validates-as-required\" aria-required=\"true\" aria-invalid=\"false\" name=\"your-msg\"><\/textarea><\/span>\n\t\t\t\t<\/p>\n<\/li>\n<li class=\"wpcf7-btns-box\">\n<div class=\"isFileName\">\n\t\t\t\t<\/div>\n<div class=\"wpcf7-btns\">\n<p><input class=\"wpcf7-form-control wpcf7-submit has-spinner\" type=\"submit\" value=\"SENDEN\" \/>\n\t\t\t\t\t<\/p>\n<\/p><\/div>\n<\/li>\n<\/ul><\/div>\n<\/div>\n<div class=\"wpcf7-response-output\" aria-hidden=\"true\"><\/div>\n<input type=\"hidden\" name=\"trp-form-language\" value=\"de\"\/><\/form>\n<\/div>","protected":false},"excerpt":{"rendered":"Alumina Silica Fire Brick is a kind of alumina silica refractory materials, which is widely applied for various parts of industrial furnaces such as coke ovens, hot blast stoves, glass kiln and steelmaking electric furnaces. Alumina Silica Refractory Brick includes many types as belows: &nbsp; &#8230; <a title=\"Aluminiumoxid-Kieselerde-Schamottestein\" class=\"read-more\" href=\"https:\/\/keruiref.com\/de\/alumina-silica-fire-brick\/\" aria-label=\"Mehr bei Alumina Silica Fire Brick\">Mehr lesen<\/a>","protected":false},"author":1,"featured_media":0,"parent":0,"menu_order":0,"comment_status":"closed","ping_status":"closed","template":"","meta":{"footnotes":""},"class_list":{"0":"post-84659","1":"page","2":"type-page","3":"status-publish","5":"no-featured-image-padding"},"yoast_head":"<!-- This site is optimized with the Yoast SEO plugin v24.9 - https:\/\/yoast.com\/wordpress\/plugins\/seo\/ -->\n<title>Alumina Silica Fire Brick<\/title>\n<meta name=\"description\" content=\"Alumina Silica Fire Brick is a heat - resistant brick composed of alumina and silica. It features good refractoriness and thermal stability, and is commonly applied in high - temperature furnace linings.\" \/>\n<meta name=\"robots\" content=\"index, follow, max-snippet:-1, max-image-preview:large, max-video-preview:-1\" \/>\n<link rel=\"canonical\" href=\"https:\/\/keruiref.com\/de\/alumina-silica-fire-brick\/\" \/>\n<script type=\"application\/ld+json\" class=\"yoast-schema-graph\">{\"@context\":\"https:\/\/schema.org\",\"@graph\":[{\"@type\":\"WebPage\",\"@id\":\"https:\/\/keruiref.com\/alumina-silica-fire-brick\/\",\"url\":\"https:\/\/keruiref.com\/alumina-silica-fire-brick\/\",\"name\":\"Alumina Silica Fire Brick\",\"isPartOf\":{\"@id\":\"https:\/\/keruiref.com\/el\/#website\"},\"primaryImageOfPage\":{\"@id\":\"https:\/\/keruiref.com\/alumina-silica-fire-brick\/#primaryimage\"},\"image\":{\"@id\":\"https:\/\/keruiref.com\/alumina-silica-fire-brick\/#primaryimage\"},\"thumbnailUrl\":\"https:\/\/keruiref.com\/wp-content\/uploads\/2023\/12\/02-High-Alumina-Fire-Brick.jpg\",\"datePublished\":\"2025-03-19T03:27:36+00:00\",\"dateModified\":\"2025-08-05T09:10:31+00:00\",\"description\":\"Alumina Silica Fire Brick is a heat - resistant brick composed of alumina and silica. It features good refractoriness and thermal stability, and is commonly applied in high - temperature furnace linings.\",\"breadcrumb\":{\"@id\":\"https:\/\/keruiref.com\/alumina-silica-fire-brick\/#breadcrumb\"},\"inLanguage\":\"de\",\"potentialAction\":[{\"@type\":\"ReadAction\",\"target\":[\"https:\/\/keruiref.com\/alumina-silica-fire-brick\/\"]}]},{\"@type\":\"ImageObject\",\"inLanguage\":\"de\",\"@id\":\"https:\/\/keruiref.com\/alumina-silica-fire-brick\/#primaryimage\",\"url\":\"https:\/\/keruiref.com\/wp-content\/uploads\/2023\/12\/02-High-Alumina-Fire-Brick.jpg\",\"contentUrl\":\"https:\/\/keruiref.com\/wp-content\/uploads\/2023\/12\/02-High-Alumina-Fire-Brick.jpg\"},{\"@type\":\"BreadcrumbList\",\"@id\":\"https:\/\/keruiref.com\/alumina-silica-fire-brick\/#breadcrumb\",\"itemListElement\":[{\"@type\":\"ListItem\",\"position\":1,\"name\":\"Home\",\"item\":\"https:\/\/keruiref.com\/\"},{\"@type\":\"ListItem\",\"position\":2,\"name\":\"Alumina Silica Fire Brick\"}]},{\"@type\":\"WebSite\",\"@id\":\"https:\/\/keruiref.com\/el\/#website\",\"url\":\"https:\/\/keruiref.com\/el\/\",\"name\":\"Your Refractory Bricks, Castables Manufacturer For Kiln | Kerui Refractory\u00ae Official Website\",\"description\":\"\",\"publisher\":{\"@id\":\"https:\/\/keruiref.com\/el\/#organization\"},\"potentialAction\":[{\"@type\":\"SearchAction\",\"target\":{\"@type\":\"EntryPoint\",\"urlTemplate\":\"https:\/\/keruiref.com\/el\/?s={search_term_string}\"},\"query-input\":{\"@type\":\"PropertyValueSpecification\",\"valueRequired\":true,\"valueName\":\"search_term_string\"}}],\"inLanguage\":\"de\"},{\"@type\":\"Organization\",\"@id\":\"https:\/\/keruiref.com\/el\/#organization\",\"name\":\"Your Refractory Bricks, Castables Manufacturer For Kiln | Kerui Refractory\u00ae Official Website\",\"url\":\"https:\/\/keruiref.com\/el\/\",\"logo\":{\"@type\":\"ImageObject\",\"inLanguage\":\"de\",\"@id\":\"https:\/\/keruiref.com\/el\/#\/schema\/logo\/image\/\",\"url\":\"https:\/\/keruiref.com\/wp-content\/uploads\/2024\/01\/footer-Logo.png\",\"contentUrl\":\"https:\/\/keruiref.com\/wp-content\/uploads\/2024\/01\/footer-Logo.png\",\"width\":282,\"height\":70,\"caption\":\"Your Refractory Bricks, Castables Manufacturer For Kiln | Kerui Refractory\u00ae Official Website\"},\"image\":{\"@id\":\"https:\/\/keruiref.com\/el\/#\/schema\/logo\/image\/\"}}]}<\/script>\n<!-- \/ Yoast SEO plugin. -->","yoast_head_json":{"title":"Aluminiumoxid-Kieselerde-Schamottestein","description":"Alumina Silica Fire Brick is a heat - resistant brick composed of alumina and silica. It features good refractoriness and thermal stability, and is commonly applied in high - temperature furnace linings.","robots":{"index":"index","follow":"follow","max-snippet":"max-snippet:-1","max-image-preview":"max-image-preview:large","max-video-preview":"max-video-preview:-1"},"canonical":"https:\/\/keruiref.com\/de\/alumina-silica-fire-brick\/","schema":{"@context":"https:\/\/schema.org","@graph":[{"@type":"WebPage","@id":"https:\/\/keruiref.com\/alumina-silica-fire-brick\/","url":"https:\/\/keruiref.com\/alumina-silica-fire-brick\/","name":"Aluminiumoxid-Kieselerde-Schamottestein","isPartOf":{"@id":"https:\/\/keruiref.com\/el\/#website"},"primaryImageOfPage":{"@id":"https:\/\/keruiref.com\/alumina-silica-fire-brick\/#primaryimage"},"image":{"@id":"https:\/\/keruiref.com\/alumina-silica-fire-brick\/#primaryimage"},"thumbnailUrl":"https:\/\/keruiref.com\/wp-content\/uploads\/2023\/12\/02-High-Alumina-Fire-Brick.jpg","datePublished":"2025-03-19T03:27:36+00:00","dateModified":"2025-08-05T09:10:31+00:00","description":"Alumina Silica Fire Brick is a heat - resistant brick composed of alumina and silica. It features good refractoriness and thermal stability, and is commonly applied in high - temperature furnace linings.","breadcrumb":{"@id":"https:\/\/keruiref.com\/alumina-silica-fire-brick\/#breadcrumb"},"inLanguage":"de","potentialAction":[{"@type":"ReadAction","target":["https:\/\/keruiref.com\/alumina-silica-fire-brick\/"]}]},{"@type":"ImageObject","inLanguage":"de","@id":"https:\/\/keruiref.com\/alumina-silica-fire-brick\/#primaryimage","url":"https:\/\/keruiref.com\/wp-content\/uploads\/2023\/12\/02-High-Alumina-Fire-Brick.jpg","contentUrl":"https:\/\/keruiref.com\/wp-content\/uploads\/2023\/12\/02-High-Alumina-Fire-Brick.jpg"},{"@type":"BreadcrumbList","@id":"https:\/\/keruiref.com\/alumina-silica-fire-brick\/#breadcrumb","itemListElement":[{"@type":"ListItem","position":1,"name":"Home","item":"https:\/\/keruiref.com\/"},{"@type":"ListItem","position":2,"name":"Alumina Silica Fire Brick"}]},{"@type":"WebSite","@id":"https:\/\/keruiref.com\/el\/#website","url":"https:\/\/keruiref.com\/el\/","name":"Ihr Hersteller von feuerfesten Steinen und Gussteilen f\u00fcr \u00d6fen | Kerui Refractory\u00ae Official Website","description":"","publisher":{"@id":"https:\/\/keruiref.com\/el\/#organization"},"potentialAction":[{"@type":"SearchAction","target":{"@type":"EntryPoint","urlTemplate":"https:\/\/keruiref.com\/el\/?s={search_term_string}"},"query-input":{"@type":"PropertyValueSpecification","valueRequired":true,"valueName":"search_term_string"}}],"inLanguage":"de"},{"@type":"Organization","@id":"https:\/\/keruiref.com\/el\/#organization","name":"Ihr Hersteller von feuerfesten Steinen und Gussteilen f\u00fcr \u00d6fen | Kerui Refractory\u00ae Official Website","url":"https:\/\/keruiref.com\/el\/","logo":{"@type":"ImageObject","inLanguage":"de","@id":"https:\/\/keruiref.com\/el\/#\/schema\/logo\/image\/","url":"https:\/\/keruiref.com\/wp-content\/uploads\/2024\/01\/footer-Logo.png","contentUrl":"https:\/\/keruiref.com\/wp-content\/uploads\/2024\/01\/footer-Logo.png","width":282,"height":70,"caption":"Your Refractory Bricks, Castables Manufacturer For Kiln | Kerui Refractory\u00ae Official Website"},"image":{"@id":"https:\/\/keruiref.com\/el\/#\/schema\/logo\/image\/"}}]}},"_links":{"self":[{"href":"https:\/\/keruiref.com\/de\/wp-json\/wp\/v2\/pages\/84659","targetHints":{"allow":["GET"]}}],"collection":[{"href":"https:\/\/keruiref.com\/de\/wp-json\/wp\/v2\/pages"}],"about":[{"href":"https:\/\/keruiref.com\/de\/wp-json\/wp\/v2\/types\/page"}],"author":[{"embeddable":true,"href":"https:\/\/keruiref.com\/de\/wp-json\/wp\/v2\/users\/1"}],"replies":[{"embeddable":true,"href":"https:\/\/keruiref.com\/de\/wp-json\/wp\/v2\/comments?post=84659"}],"version-history":[{"count":0,"href":"https:\/\/keruiref.com\/de\/wp-json\/wp\/v2\/pages\/84659\/revisions"}],"wp:attachment":[{"href":"https:\/\/keruiref.com\/de\/wp-json\/wp\/v2\/media?parent=84659"}],"curies":[{"name":"wp","href":"https:\/\/api.w.org\/{rel}","templated":true}]}}