{"id":84125,"date":"2025-02-21T17:46:56","date_gmt":"2025-02-21T09:46:56","guid":{"rendered":"https:\/\/keruiref.com\/?page_id=84125"},"modified":"2025-05-20T16:56:02","modified_gmt":"2025-05-20T08:56:02","slug":"saurebestandiger-mortel","status":"publish","type":"page","link":"https:\/\/keruiref.com\/de\/saurebestandiger-mortel\/","title":{"rendered":"S\u00e4urebest\u00e4ndiger M\u00f6rtel"},"content":{"rendered":"<div class=\"page_model product_info\">\n<div class=\"preview\"><img loading=\"lazy\" decoding=\"async\" class=\"alignnone wp-image-84188 size-full\" src=\"https:\/\/keruiref.com\/wp-content\/uploads\/2025\/02\/Acid-resistant-mortar.webp\" alt=\"\" width=\"660\" height=\"495\" srcset=\"https:\/\/keruiref.com\/wp-content\/uploads\/2025\/02\/Acid-resistant-mortar.webp 660w, https:\/\/keruiref.com\/wp-content\/uploads\/2025\/02\/Acid-resistant-mortar-300x225.webp 300w\" sizes=\"auto, (max-width: 660px) 100vw, 660px\" \/><\/div>\n<div class=\"info\">\n<h1>S\u00e4urebest\u00e4ndiger M\u00f6rtel<\/h1>\n<ul>\n<li>Starke S\u00e4urebest\u00e4ndigkeit<\/li>\n<li>Gutes Haftverm\u00f6gen<\/li>\n<li>Hohe Abdichtungsleistung<\/li>\n<li>Gute Hitzebest\u00e4ndigkeit<\/li>\n<li>Zertifizierung: ISO9001\/ISO14001\/ISO45001\/ISO50001<\/li>\n<li>Probe: Pr\u00fcfung der Probe ist verf\u00fcgbar<\/li>\n<\/ul>\n<div class=\"tags\">\n<p>Hohe Qualit\u00e4t<\/p>\n<p>Angemessener Preis<\/p>\n<p>Anpassbare Produkte und L\u00f6sungen<\/p>\n<p>Rechtzeitige Lieferung<\/p>\n<p>7\/24\/365 Zu Ihren Diensten<\/p>\n<\/div>\n<p><a class=\"inruiry fancybox\" href=\"#contact_form_pop\">Anfrage jetzt<\/a><a class=\"email-btn\" href=\"mailto:market@keruiref.com\">E-Mail senden<\/a><\/p>\n<\/div>\n<\/div>\n<ul class=\"anchor\">\n<li><a href=\"#PRODUCTDESCRIPTION\">PRODUKTBEZEICHNUNG<\/a><\/li>\n<li><a href=\"#TechniqueData\">Technische Daten<\/a><\/li>\n<li><a href=\"#INQUIRY\">ANFRAGE<\/a><\/li>\n<li><a href=\"#RELATEDPRODUCTS\">VERWANDTE PRODUKTE<\/a><\/li>\n<\/ul>\n<div class=\"page_model\">\n<h2 id=\"PRODUCTDESCRIPTION\">Beschreibung von s\u00e4urebest\u00e4ndigem M\u00f6rtel<\/h2>\n<p>S\u00e4urebest\u00e4ndiger M\u00f6rtel wird aus gew\u00f6hnlichem Portlandzement der G\u00fcteklasse 42,5, Sand und Pulver aus kompaktem Sand, Quarzit und Eruptivgestein hergestellt und mit geeignetem Natriumsilikat und Natriumfluorosilikat versetzt. Der s\u00e4urebest\u00e4ndige M\u00f6rtel wird haupts\u00e4chlich als Auskleidungsmaterial, S\u00e4ureboden und S\u00e4ureschutzschicht verwendet.<\/p>\n<p>S\u00e4urebest\u00e4ndiger M\u00f6rtel ist ein spezielles Korrosionsschutzmaterial, das sich durch einfache Handhabung, gute S\u00e4urebest\u00e4ndigkeit, hohe Dichtigkeit und hydrolytische Best\u00e4ndigkeit sowie niedrige Kosten f\u00fcr die Anwendung in \u00d6fen auszeichnet.<\/p>\n<div class='content-column one_third'>\n<div style=\"padding-right:20PX;\"><img loading=\"lazy\" decoding=\"async\" class=\"alignnone wp-image-84189 size-full\" src=\"https:\/\/keruiref.com\/wp-content\/uploads\/2025\/02\/Acid-resistant-mortar-01.webp\" alt=\"\" width=\"456\" height=\"310\" srcset=\"https:\/\/keruiref.com\/wp-content\/uploads\/2025\/02\/Acid-resistant-mortar-01.webp 456w, https:\/\/keruiref.com\/wp-content\/uploads\/2025\/02\/Acid-resistant-mortar-01-300x204.webp 300w\" sizes=\"auto, (max-width: 456px) 100vw, 456px\" \/><\/div>\n<\/div>\n<div class='content-column one_third'>\n<div style=\"padding-right:20PX;\"><img loading=\"lazy\" decoding=\"async\" class=\"alignnone wp-image-84190 size-full\" src=\"https:\/\/keruiref.com\/wp-content\/uploads\/2025\/02\/Acid-resistant-mortar-02.webp\" alt=\"\" width=\"456\" height=\"310\" srcset=\"https:\/\/keruiref.com\/wp-content\/uploads\/2025\/02\/Acid-resistant-mortar-02.webp 456w, https:\/\/keruiref.com\/wp-content\/uploads\/2025\/02\/Acid-resistant-mortar-02-300x204.webp 300w\" sizes=\"auto, (max-width: 456px) 100vw, 456px\" \/><\/div>\n<\/div>\n<div class='content-column one_third last_column'>\n<div style=\"padding-right:20PX;\"><img loading=\"lazy\" decoding=\"async\" class=\"alignnone wp-image-84191 size-full\" src=\"https:\/\/keruiref.com\/wp-content\/uploads\/2025\/02\/Acid-resistant-mortar-03.webp\" alt=\"\" width=\"456\" height=\"310\" srcset=\"https:\/\/keruiref.com\/wp-content\/uploads\/2025\/02\/Acid-resistant-mortar-03.webp 456w, https:\/\/keruiref.com\/wp-content\/uploads\/2025\/02\/Acid-resistant-mortar-03-300x204.webp 300w\" sizes=\"auto, (max-width: 456px) 100vw, 456px\" \/><\/div>\n<\/div>\n<div class='clear_column'><\/div>\n<p><center><a class=\"fancybox price\" href=\"#contact_form_pop\">PREIS ERHALTEN<\/a><\/center><\/p>\n<div class=\"fancybox-hidden\" style=\"display: none;\">\n<div id=\"contact_form_pop\">\n<div class=\"wpcf7 no-js\" id=\"wpcf7-f328-o1\" lang=\"en-US\" dir=\"ltr\" data-wpcf7-id=\"328\">\n<div class=\"screen-reader-response\">\n<p role=\"status\" aria-live=\"polite\" aria-atomic=\"true\">\n<ul><\/ul>\n<\/div>\n<form action=\"\/de\/wp-json\/wp\/v2\/pages\/84125#wpcf7-f328-o1\" method=\"post\" class=\"wpcf7-form init\" aria-label=\"Kontakt-Formular\" novalidate=\"novalidate\" data-status=\"init\" data-trp-original-action=\"\/de\/wp-json\/wp\/v2\/pages\/84125#wpcf7-f328-o1\">\n<div style=\"display: none;\">\n<input type=\"hidden\" name=\"_wpcf7\" value=\"328\" \/><br \/>\n<input type=\"hidden\" name=\"_wpcf7_version\" value=\"6.0.4\" \/><br \/>\n<input type=\"hidden\" name=\"_wpcf7_locale\" value=\"en_US\" \/><br \/>\n<input type=\"hidden\" name=\"_wpcf7_unit_tag\" value=\"wpcf7-f328-o1\" \/><br \/>\n<input type=\"hidden\" name=\"_wpcf7_container_post\" value=\"0\" \/><br \/>\n<input type=\"hidden\" name=\"_wpcf7_posted_data_hash\" value=\"\" \/><br \/>\n<input type=\"hidden\" name=\"_wpcf7_recaptcha_response\" value=\"\" \/>\n<\/div>\n<div class=\"form-box\" id=\"Contact-Us\">\n<div class=\"isleft\">\n<div class=\"contact-title\">\n<p>Kontakt\n\t\t\t<\/p>\n<\/p><\/div>\n<div class=\"contactp\">\n<p>Bitte z\u00f6gern Sie nicht, Ihre Anfrage in das entsprechende Formular einzutragen. Wir werden Ihnen innerhalb von 6 Stunden antworten.\n\t\t\t<\/p>\n<\/p><\/div>\n<ul class=\"contact\">\n<li class=\"email\">\n<p><img decoding=\"async\" src=\"https:\/\/keruiref.com\/wp-content\/uploads\/2023\/12\/email.png\" alt=\"\" \/>E-Mail:\n\t\t\t\t<\/p>\n<p><a href=\"mailto:market@keruiref.com\">market@keruiref.com<\/a>\n\t\t\t\t<\/p>\n<\/li>\n<li class=\"phone\">\n<p><img decoding=\"async\" src=\"https:\/\/keruiref.com\/wp-content\/uploads\/2023\/12\/tel.png\" alt=\"\" \/>Telefon\/Whatsapp:\n\t\t\t\t<\/p>\n<p><a href=\"https:\/\/wa.me\/8619138178880\">+86 19138178880<\/a>\n\t\t\t\t<\/p>\n<\/li>\n<li class=\"location\">\n<p><img decoding=\"async\" src=\"https:\/\/keruiref.com\/wp-content\/uploads\/2023\/12\/Location.png\" alt=\"\" \/>Produktionsbasis:\n\t\t\t\t<\/p>\n<p>Chaohua Zone f\u00fcr feuerfeste Industrie,<br \/>\nStadt Xinmi, Provinz Henan, China\n\t\t\t\t<\/p>\n<\/li>\n<\/ul><\/div>\n<div class=\"isright\">\n<ul class=\"contact-input\">\n<li>\n<div class=\"islabel\">\n<p>* Name:\n\t\t\t\t\t<\/p>\n<\/p><\/div>\n<p><span class=\"wpcf7-form-control-wrap\" data-name=\"your-name\"><input size=\"40\" maxlength=\"400\" class=\"wpcf7-form-control wpcf7-text wpcf7-validates-as-required\" aria-required=\"true\" aria-invalid=\"false\" placeholder=\"\" value=\"\" type=\"text\" name=\"your-name\" \/><\/span>\n\t\t\t\t<\/p>\n<\/li>\n<li>\n<div class=\"islabel\">\n<p>* E-Mail:\n\t\t\t\t\t<\/p>\n<\/p><\/div>\n<p><span class=\"wpcf7-form-control-wrap\" data-name=\"your-email\"><input size=\"40\" maxlength=\"400\" class=\"wpcf7-form-control wpcf7-email wpcf7-validates-as-required wpcf7-text wpcf7-validates-as-email\" aria-required=\"true\" aria-invalid=\"false\" placeholder=\"\" value=\"\" type=\"email\" name=\"your-email\" \/><\/span>\n\t\t\t\t<\/p>\n<\/li>\n<li>\n<div class=\"islabel\">\n<p>* Telefon\/Whatsapp:\n\t\t\t\t\t<\/p>\n<\/p><\/div>\n<p><span class=\"wpcf7-form-control-wrap\" data-name=\"your-phone\"><input size=\"40\" maxlength=\"400\" class=\"wpcf7-form-control wpcf7-tel wpcf7-text wpcf7-validates-as-tel\" aria-invalid=\"false\" placeholder=\"\" value=\"\" type=\"tel\" name=\"your-phone\" \/><\/span>\n\t\t\t\t<\/p>\n<\/li>\n<li>\n<div class=\"islabel\">\n<p>Land:\n\t\t\t\t\t<\/p>\n<\/p><\/div>\n<p><span class=\"wpcf7-form-control-wrap\" data-name=\"your-country\"><input size=\"40\" maxlength=\"400\" class=\"wpcf7-form-control wpcf7-text\" aria-invalid=\"false\" placeholder=\"\" value=\"\" type=\"text\" name=\"your-country\" \/><\/span>\n\t\t\t\t<\/p>\n<\/li>\n<li class=\"ismassage\">\n<div class=\"islabel\">\n<p>* Nachricht:\n\t\t\t\t\t<\/p>\n<\/p><\/div>\n<p><span class=\"wpcf7-form-control-wrap\" data-name=\"your-msg\"><textarea cols=\"40\" rows=\"10\" maxlength=\"2000\" class=\"wpcf7-form-control wpcf7-textarea wpcf7-validates-as-required\" aria-required=\"true\" aria-invalid=\"false\" name=\"your-msg\"><\/textarea><\/span>\n\t\t\t\t<\/p>\n<\/li>\n<li class=\"wpcf7-btns-box\">\n<div class=\"isFileName\">\n\t\t\t\t<\/div>\n<div class=\"wpcf7-btns\">\n<p><input class=\"wpcf7-form-control wpcf7-submit has-spinner\" type=\"submit\" value=\"SENDEN\" \/>\n\t\t\t\t\t<\/p>\n<\/p><\/div>\n<\/li>\n<\/ul><\/div>\n<\/div>\n<div class=\"wpcf7-response-output\" aria-hidden=\"true\"><\/div>\n<input type=\"hidden\" name=\"trp-form-language\" value=\"de\"\/><\/form>\n<\/div>\n<\/div>\n<\/div>\n<h2 id=\"TechniqueData\">Kerui S\u00e4urebest\u00e4ndiger M\u00f6rtel Technisches Merkblatt<\/h2>\n<p><strong>Feinheit:<\/strong> Der R\u00fcckstand auf dem Sieb f\u00fcr 900 L\u00f6cher pro Quadratzentimeter ist nicht gr\u00f6\u00dfer als 1%. Der R\u00fcckstand auf dem Sieb f\u00fcr 4900 L\u00f6cher pro Quadratzentimeter ist nicht gr\u00f6\u00dfer als 15%.<br \/>\n<strong>Abbindezeit:<\/strong> Die erste Aush\u00e4rtung dauert nicht l\u00e4nger als 30 Minuten. Endg\u00fcltige Aush\u00e4rtung ist nicht sp\u00e4ter als 8 Stunden.<br \/>\n<strong>S\u00e4urestabilit\u00e4t:<\/strong> Nach 1-st\u00fcndigem Kochen in Luft und 40%-Schwefels\u00e4ure gibt es keine Risse, Abbl\u00e4tterungen oder Sch\u00e4den.<br \/>\n<strong>Druckfestigkeit:<\/strong> Der Probek\u00f6rper wird 28 Tage lang an der Luft gelagert. Ihre Druckfestigkeit ist gr\u00f6\u00dfer als 30 MPa.<\/p>\n<h2>Vorteile von s\u00e4urebest\u00e4ndigem M\u00f6rtel<\/h2>\n<p>1. starke S\u00e4urebest\u00e4ndigkeit: Es kann die Korrosion von verschiedenen S\u00e4uren widerstehen, seine Integrit\u00e4t in sauren Umgebungen zu halten.<br \/>\n2. gutes Haftverm\u00f6gen: Es haftet fest auf Substraten, gew\u00e4hrleistet eine zuverl\u00e4ssige Verbindung und verhindert das Abbl\u00e4ttern.<br \/>\n3. hohe Abdichtungsleistung: Es hat hervorragende Dichtungseigenschaften und verhindert effektiv das Auslaufen und Eindringen von S\u00e4ure.<br \/>\n4. gute Hitzebest\u00e4ndigkeit: Es kann einen bestimmten Bereich von hohen Temperaturen ertragen, ohne seine s\u00e4urebest\u00e4ndigen und mechanischen Eigenschaften zu verlieren.<\/p>\n<h2>Anwendung von s\u00e4urebest\u00e4ndigem M\u00f6rtel<\/h2>\n<p>1. Auskleidung von S\u00e4urelagertanks und Reaktionsgef\u00e4\u00dfen in chemischen Anlagen;<br \/>\n2. Abdichtung von S\u00e4urebehandlungsanlagen in Laboratorien;<br \/>\n3. Wird in Kl\u00e4ranlagen zum Schutz der Rohre vor Erosion durch saures Abwasser verwendet.<\/p>\n<p><img loading=\"lazy\" decoding=\"async\" class=\"alignnone wp-image-1515\" src=\"https:\/\/keruiref.com\/wp-content\/uploads\/2023\/07\/corundum-refractory-castable-application.jpg\" alt=\"korund-feuerfest-gie\u00dfbar-anwendung\" width=\"660\" height=\"203\" srcset=\"https:\/\/keruiref.com\/wp-content\/uploads\/2023\/07\/corundum-refractory-castable-application.jpg 1300w, https:\/\/keruiref.com\/wp-content\/uploads\/2023\/07\/corundum-refractory-castable-application-300x92.jpg 300w, https:\/\/keruiref.com\/wp-content\/uploads\/2023\/07\/corundum-refractory-castable-application-1024x315.jpg 1024w, https:\/\/keruiref.com\/wp-content\/uploads\/2023\/07\/corundum-refractory-castable-application-768x236.jpg 768w\" sizes=\"auto, (max-width: 660px) 100vw, 660px\" \/><\/p>\n<\/div>\n<div id=\"INQUIRY\" class=\"page_model\">\n<div class=\"wpcf7 no-js\" id=\"wpcf7-f328-o2\" lang=\"en-US\" dir=\"ltr\" data-wpcf7-id=\"328\">\n<div class=\"screen-reader-response\">\n<p role=\"status\" aria-live=\"polite\" aria-atomic=\"true\">\n<ul><\/ul>\n<\/div>\n<form action=\"\/de\/wp-json\/wp\/v2\/pages\/84125#wpcf7-f328-o2\" method=\"post\" class=\"wpcf7-form init\" aria-label=\"Kontakt-Formular\" novalidate=\"novalidate\" data-status=\"init\" data-trp-original-action=\"\/de\/wp-json\/wp\/v2\/pages\/84125#wpcf7-f328-o2\">\n<div style=\"display: none;\">\n<input type=\"hidden\" name=\"_wpcf7\" value=\"328\" \/><br \/>\n<input type=\"hidden\" name=\"_wpcf7_version\" value=\"6.0.4\" \/><br \/>\n<input type=\"hidden\" name=\"_wpcf7_locale\" value=\"en_US\" \/><br \/>\n<input type=\"hidden\" name=\"_wpcf7_unit_tag\" value=\"wpcf7-f328-o2\" \/><br \/>\n<input type=\"hidden\" name=\"_wpcf7_container_post\" value=\"0\" \/><br \/>\n<input type=\"hidden\" name=\"_wpcf7_posted_data_hash\" value=\"\" \/><br \/>\n<input type=\"hidden\" name=\"_wpcf7_recaptcha_response\" value=\"\" \/>\n<\/div>\n<div class=\"form-box\" id=\"Contact-Us\">\n<div class=\"isleft\">\n<div class=\"contact-title\">\n<p>Kontakt\n\t\t\t<\/p>\n<\/p><\/div>\n<div class=\"contactp\">\n<p>Bitte z\u00f6gern Sie nicht, Ihre Anfrage in das entsprechende Formular einzutragen. Wir werden Ihnen innerhalb von 6 Stunden antworten.\n\t\t\t<\/p>\n<\/p><\/div>\n<ul class=\"contact\">\n<li class=\"email\">\n<p><img decoding=\"async\" src=\"https:\/\/keruiref.com\/wp-content\/uploads\/2023\/12\/email.png\" alt=\"\" \/>E-Mail:\n\t\t\t\t<\/p>\n<p><a href=\"mailto:market@keruiref.com\">market@keruiref.com<\/a>\n\t\t\t\t<\/p>\n<\/li>\n<li class=\"phone\">\n<p><img decoding=\"async\" src=\"https:\/\/keruiref.com\/wp-content\/uploads\/2023\/12\/tel.png\" alt=\"\" \/>Telefon\/Whatsapp:\n\t\t\t\t<\/p>\n<p><a href=\"https:\/\/wa.me\/8619138178880\">+86 19138178880<\/a>\n\t\t\t\t<\/p>\n<\/li>\n<li class=\"location\">\n<p><img decoding=\"async\" src=\"https:\/\/keruiref.com\/wp-content\/uploads\/2023\/12\/Location.png\" alt=\"\" \/>Produktionsbasis:\n\t\t\t\t<\/p>\n<p>Chaohua Zone f\u00fcr feuerfeste Industrie,<br \/>\nStadt Xinmi, Provinz Henan, China\n\t\t\t\t<\/p>\n<\/li>\n<\/ul><\/div>\n<div class=\"isright\">\n<ul class=\"contact-input\">\n<li>\n<div class=\"islabel\">\n<p>* Name:\n\t\t\t\t\t<\/p>\n<\/p><\/div>\n<p><span class=\"wpcf7-form-control-wrap\" data-name=\"your-name\"><input size=\"40\" maxlength=\"400\" class=\"wpcf7-form-control wpcf7-text wpcf7-validates-as-required\" aria-required=\"true\" aria-invalid=\"false\" placeholder=\"\" value=\"\" type=\"text\" name=\"your-name\" \/><\/span>\n\t\t\t\t<\/p>\n<\/li>\n<li>\n<div class=\"islabel\">\n<p>* E-Mail:\n\t\t\t\t\t<\/p>\n<\/p><\/div>\n<p><span class=\"wpcf7-form-control-wrap\" data-name=\"your-email\"><input size=\"40\" maxlength=\"400\" class=\"wpcf7-form-control wpcf7-email wpcf7-validates-as-required wpcf7-text wpcf7-validates-as-email\" aria-required=\"true\" aria-invalid=\"false\" placeholder=\"\" value=\"\" type=\"email\" name=\"your-email\" \/><\/span>\n\t\t\t\t<\/p>\n<\/li>\n<li>\n<div class=\"islabel\">\n<p>* Telefon\/Whatsapp:\n\t\t\t\t\t<\/p>\n<\/p><\/div>\n<p><span class=\"wpcf7-form-control-wrap\" data-name=\"your-phone\"><input size=\"40\" maxlength=\"400\" class=\"wpcf7-form-control wpcf7-tel wpcf7-text wpcf7-validates-as-tel\" aria-invalid=\"false\" placeholder=\"\" value=\"\" type=\"tel\" name=\"your-phone\" \/><\/span>\n\t\t\t\t<\/p>\n<\/li>\n<li>\n<div class=\"islabel\">\n<p>Land:\n\t\t\t\t\t<\/p>\n<\/p><\/div>\n<p><span class=\"wpcf7-form-control-wrap\" data-name=\"your-country\"><input size=\"40\" maxlength=\"400\" class=\"wpcf7-form-control wpcf7-text\" aria-invalid=\"false\" placeholder=\"\" value=\"\" type=\"text\" name=\"your-country\" \/><\/span>\n\t\t\t\t<\/p>\n<\/li>\n<li class=\"ismassage\">\n<div class=\"islabel\">\n<p>* Nachricht:\n\t\t\t\t\t<\/p>\n<\/p><\/div>\n<p><span class=\"wpcf7-form-control-wrap\" data-name=\"your-msg\"><textarea cols=\"40\" rows=\"10\" maxlength=\"2000\" class=\"wpcf7-form-control wpcf7-textarea wpcf7-validates-as-required\" aria-required=\"true\" aria-invalid=\"false\" name=\"your-msg\"><\/textarea><\/span>\n\t\t\t\t<\/p>\n<\/li>\n<li class=\"wpcf7-btns-box\">\n<div class=\"isFileName\">\n\t\t\t\t<\/div>\n<div class=\"wpcf7-btns\">\n<p><input class=\"wpcf7-form-control wpcf7-submit has-spinner\" type=\"submit\" value=\"SENDEN\" \/>\n\t\t\t\t\t<\/p>\n<\/p><\/div>\n<\/li>\n<\/ul><\/div>\n<\/div>\n<div class=\"wpcf7-response-output\" aria-hidden=\"true\"><\/div>\n<input type=\"hidden\" name=\"trp-form-language\" value=\"de\"\/><\/form>\n<\/div>\n<\/div>\n<div class=\"page_model\">\n<div class=\"swiper related-products\">\n<div class=\"swiper-wrapper\">\n<div class=\"swiper-slide\"><\/div>\n<\/div>\n<\/div>\n<\/div>","protected":false},"excerpt":{"rendered":"Acid Resistant Mortar Strong Acid Resistance Good Adhesion High Sealing Performance Good Heat Resistance Certification: ISO9001\/ISO14001\/ISO45001\/ISO50001 Sample: testing of sample is available High Quality Reasonable Price Customizable Products &amp; Solutions Timely Delivery 7\/24\/365 At Your Service inquiry nowsend email PRODUCT DESCRIPTION Technique Data INQUIRY RELATED &#8230; <a title=\"S\u00e4urebest\u00e4ndiger M\u00f6rtel\" class=\"read-more\" href=\"https:\/\/keruiref.com\/de\/saurebestandiger-mortel\/\" aria-label=\"Mehr bei Acid Resistant Mortar\">Mehr lesen<\/a>","protected":false},"author":1,"featured_media":84189,"parent":0,"menu_order":0,"comment_status":"closed","ping_status":"closed","template":"","meta":{"footnotes":""},"class_list":{"0":"post-84125","1":"page","2":"type-page","3":"status-publish","4":"has-post-thumbnail","6":"no-featured-image-padding","7":"resize-featured-image"},"yoast_head":"<!-- This site is optimized with the Yoast SEO plugin v24.9 - https:\/\/yoast.com\/wordpress\/plugins\/seo\/ -->\n<title>Acid Resistant Mortar - Your Refractory Bricks, Castables Manufacturer For Kiln | Kerui Refractory\u00ae Official Website<\/title>\n<meta name=\"description\" content=\"Acid resistant mortar is a kind of material, resistant to acid corrosion, used for bonding, filling gaps in acid - prone environments.\" \/>\n<meta name=\"robots\" content=\"index, follow, max-snippet:-1, max-image-preview:large, max-video-preview:-1\" \/>\n<link rel=\"canonical\" href=\"https:\/\/keruiref.com\/de\/saurebestandiger-mortel\/\" \/>\n<script type=\"application\/ld+json\" class=\"yoast-schema-graph\">{\"@context\":\"https:\/\/schema.org\",\"@graph\":[{\"@type\":\"WebPage\",\"@id\":\"https:\/\/keruiref.com\/acid-resistant-mortar\/\",\"url\":\"https:\/\/keruiref.com\/acid-resistant-mortar\/\",\"name\":\"Acid Resistant Mortar - Your Refractory Bricks, Castables Manufacturer For Kiln | Kerui Refractory\u00ae Official Website\",\"isPartOf\":{\"@id\":\"https:\/\/keruiref.com\/el\/#website\"},\"primaryImageOfPage\":{\"@id\":\"https:\/\/keruiref.com\/acid-resistant-mortar\/#primaryimage\"},\"image\":{\"@id\":\"https:\/\/keruiref.com\/acid-resistant-mortar\/#primaryimage\"},\"thumbnailUrl\":\"https:\/\/keruiref.com\/wp-content\/uploads\/2025\/02\/Acid-resistant-mortar-01.webp\",\"datePublished\":\"2025-02-21T09:46:56+00:00\",\"dateModified\":\"2025-05-20T08:56:02+00:00\",\"description\":\"Acid resistant mortar is a kind of material, resistant to acid corrosion, used for bonding, filling gaps in acid - prone environments.\",\"breadcrumb\":{\"@id\":\"https:\/\/keruiref.com\/acid-resistant-mortar\/#breadcrumb\"},\"inLanguage\":\"de\",\"potentialAction\":[{\"@type\":\"ReadAction\",\"target\":[\"https:\/\/keruiref.com\/acid-resistant-mortar\/\"]}]},{\"@type\":\"ImageObject\",\"inLanguage\":\"de\",\"@id\":\"https:\/\/keruiref.com\/acid-resistant-mortar\/#primaryimage\",\"url\":\"https:\/\/keruiref.com\/wp-content\/uploads\/2025\/02\/Acid-resistant-mortar-01.webp\",\"contentUrl\":\"https:\/\/keruiref.com\/wp-content\/uploads\/2025\/02\/Acid-resistant-mortar-01.webp\",\"width\":456,\"height\":310},{\"@type\":\"BreadcrumbList\",\"@id\":\"https:\/\/keruiref.com\/acid-resistant-mortar\/#breadcrumb\",\"itemListElement\":[{\"@type\":\"ListItem\",\"position\":1,\"name\":\"Home\",\"item\":\"https:\/\/keruiref.com\/\"},{\"@type\":\"ListItem\",\"position\":2,\"name\":\"Acid Resistant Mortar\"}]},{\"@type\":\"WebSite\",\"@id\":\"https:\/\/keruiref.com\/el\/#website\",\"url\":\"https:\/\/keruiref.com\/el\/\",\"name\":\"Your Refractory Bricks, Castables Manufacturer For Kiln | Kerui Refractory\u00ae Official Website\",\"description\":\"\",\"publisher\":{\"@id\":\"https:\/\/keruiref.com\/el\/#organization\"},\"potentialAction\":[{\"@type\":\"SearchAction\",\"target\":{\"@type\":\"EntryPoint\",\"urlTemplate\":\"https:\/\/keruiref.com\/el\/?s={search_term_string}\"},\"query-input\":{\"@type\":\"PropertyValueSpecification\",\"valueRequired\":true,\"valueName\":\"search_term_string\"}}],\"inLanguage\":\"de\"},{\"@type\":\"Organization\",\"@id\":\"https:\/\/keruiref.com\/el\/#organization\",\"name\":\"Your Refractory Bricks, Castables Manufacturer For Kiln | Kerui Refractory\u00ae Official Website\",\"url\":\"https:\/\/keruiref.com\/el\/\",\"logo\":{\"@type\":\"ImageObject\",\"inLanguage\":\"de\",\"@id\":\"https:\/\/keruiref.com\/el\/#\/schema\/logo\/image\/\",\"url\":\"https:\/\/keruiref.com\/wp-content\/uploads\/2024\/01\/footer-Logo.png\",\"contentUrl\":\"https:\/\/keruiref.com\/wp-content\/uploads\/2024\/01\/footer-Logo.png\",\"width\":282,\"height\":70,\"caption\":\"Your Refractory Bricks, Castables Manufacturer For Kiln | Kerui Refractory\u00ae Official Website\"},\"image\":{\"@id\":\"https:\/\/keruiref.com\/el\/#\/schema\/logo\/image\/\"}}]}<\/script>\n<!-- \/ Yoast SEO plugin. -->","yoast_head_json":{"title":"S\u00e4urebest\u00e4ndiger M\u00f6rtel - Ihr Hersteller von feuerfesten Steinen und Gussteilen f\u00fcr Brenn\u00f6fen | Kerui Refractory\u00ae Official Website","description":"S\u00e4urebest\u00e4ndiger M\u00f6rtel ist ein Material, das gegen S\u00e4urekorrosion best\u00e4ndig ist und zum Verkleben und F\u00fcllen von L\u00fccken in s\u00e4uregef\u00e4hrdeten Umgebungen verwendet wird.","robots":{"index":"index","follow":"follow","max-snippet":"max-snippet:-1","max-image-preview":"max-image-preview:large","max-video-preview":"max-video-preview:-1"},"canonical":"https:\/\/keruiref.com\/de\/saurebestandiger-mortel\/","schema":{"@context":"https:\/\/schema.org","@graph":[{"@type":"WebPage","@id":"https:\/\/keruiref.com\/acid-resistant-mortar\/","url":"https:\/\/keruiref.com\/acid-resistant-mortar\/","name":"S\u00e4urebest\u00e4ndiger M\u00f6rtel - Ihr Hersteller von feuerfesten Steinen und Gussteilen f\u00fcr Brenn\u00f6fen | Kerui Refractory\u00ae Official Website","isPartOf":{"@id":"https:\/\/keruiref.com\/el\/#website"},"primaryImageOfPage":{"@id":"https:\/\/keruiref.com\/acid-resistant-mortar\/#primaryimage"},"image":{"@id":"https:\/\/keruiref.com\/acid-resistant-mortar\/#primaryimage"},"thumbnailUrl":"https:\/\/keruiref.com\/wp-content\/uploads\/2025\/02\/Acid-resistant-mortar-01.webp","datePublished":"2025-02-21T09:46:56+00:00","dateModified":"2025-05-20T08:56:02+00:00","description":"S\u00e4urebest\u00e4ndiger M\u00f6rtel ist ein Material, das gegen S\u00e4urekorrosion best\u00e4ndig ist und zum Verkleben und F\u00fcllen von L\u00fccken in s\u00e4uregef\u00e4hrdeten Umgebungen verwendet wird.","breadcrumb":{"@id":"https:\/\/keruiref.com\/acid-resistant-mortar\/#breadcrumb"},"inLanguage":"de","potentialAction":[{"@type":"ReadAction","target":["https:\/\/keruiref.com\/acid-resistant-mortar\/"]}]},{"@type":"ImageObject","inLanguage":"de","@id":"https:\/\/keruiref.com\/acid-resistant-mortar\/#primaryimage","url":"https:\/\/keruiref.com\/wp-content\/uploads\/2025\/02\/Acid-resistant-mortar-01.webp","contentUrl":"https:\/\/keruiref.com\/wp-content\/uploads\/2025\/02\/Acid-resistant-mortar-01.webp","width":456,"height":310},{"@type":"BreadcrumbList","@id":"https:\/\/keruiref.com\/acid-resistant-mortar\/#breadcrumb","itemListElement":[{"@type":"ListItem","position":1,"name":"Home","item":"https:\/\/keruiref.com\/"},{"@type":"ListItem","position":2,"name":"Acid Resistant Mortar"}]},{"@type":"WebSite","@id":"https:\/\/keruiref.com\/el\/#website","url":"https:\/\/keruiref.com\/el\/","name":"Ihr Hersteller von feuerfesten Steinen und Gussteilen f\u00fcr \u00d6fen | Kerui Refractory\u00ae Official Website","description":"","publisher":{"@id":"https:\/\/keruiref.com\/el\/#organization"},"potentialAction":[{"@type":"SearchAction","target":{"@type":"EntryPoint","urlTemplate":"https:\/\/keruiref.com\/el\/?s={search_term_string}"},"query-input":{"@type":"PropertyValueSpecification","valueRequired":true,"valueName":"search_term_string"}}],"inLanguage":"de"},{"@type":"Organization","@id":"https:\/\/keruiref.com\/el\/#organization","name":"Ihr Hersteller von feuerfesten Steinen und Gussteilen f\u00fcr \u00d6fen | Kerui Refractory\u00ae Official Website","url":"https:\/\/keruiref.com\/el\/","logo":{"@type":"ImageObject","inLanguage":"de","@id":"https:\/\/keruiref.com\/el\/#\/schema\/logo\/image\/","url":"https:\/\/keruiref.com\/wp-content\/uploads\/2024\/01\/footer-Logo.png","contentUrl":"https:\/\/keruiref.com\/wp-content\/uploads\/2024\/01\/footer-Logo.png","width":282,"height":70,"caption":"Your Refractory Bricks, Castables Manufacturer For Kiln | Kerui Refractory\u00ae Official Website"},"image":{"@id":"https:\/\/keruiref.com\/el\/#\/schema\/logo\/image\/"}}]}},"_links":{"self":[{"href":"https:\/\/keruiref.com\/de\/wp-json\/wp\/v2\/pages\/84125","targetHints":{"allow":["GET"]}}],"collection":[{"href":"https:\/\/keruiref.com\/de\/wp-json\/wp\/v2\/pages"}],"about":[{"href":"https:\/\/keruiref.com\/de\/wp-json\/wp\/v2\/types\/page"}],"author":[{"embeddable":true,"href":"https:\/\/keruiref.com\/de\/wp-json\/wp\/v2\/users\/1"}],"replies":[{"embeddable":true,"href":"https:\/\/keruiref.com\/de\/wp-json\/wp\/v2\/comments?post=84125"}],"version-history":[{"count":0,"href":"https:\/\/keruiref.com\/de\/wp-json\/wp\/v2\/pages\/84125\/revisions"}],"wp:featuredmedia":[{"embeddable":true,"href":"https:\/\/keruiref.com\/de\/wp-json\/wp\/v2\/media\/84189"}],"wp:attachment":[{"href":"https:\/\/keruiref.com\/de\/wp-json\/wp\/v2\/media?parent=84125"}],"curies":[{"name":"wp","href":"https:\/\/api.w.org\/{rel}","templated":true}]}}