{"id":84107,"date":"2025-02-21T17:08:54","date_gmt":"2025-02-21T09:08:54","guid":{"rendered":"https:\/\/keruiref.com\/?page_id=84107"},"modified":"2025-05-27T15:13:47","modified_gmt":"2025-05-27T07:13:47","slug":"siliziumkarbid-giesmasse","status":"publish","type":"page","link":"https:\/\/keruiref.com\/de\/siliziumkarbid-giesmasse\/","title":{"rendered":"Siliziumkarbid-Gie\u00dfmasse"},"content":{"rendered":"<div class=\"page_model product_info\">\n<div class=\"preview\"><img loading=\"lazy\" decoding=\"async\" class=\"alignnone wp-image-84207 size-full\" src=\"https:\/\/keruiref.com\/wp-content\/uploads\/2025\/02\/Silicon-Carbide-Refractory-Castable.webp\" alt=\"\" width=\"660\" height=\"495\" srcset=\"https:\/\/keruiref.com\/wp-content\/uploads\/2025\/02\/Silicon-Carbide-Refractory-Castable.webp 660w, https:\/\/keruiref.com\/wp-content\/uploads\/2025\/02\/Silicon-Carbide-Refractory-Castable-300x225.webp 300w\" sizes=\"auto, (max-width: 660px) 100vw, 660px\" \/><\/div>\n<div class=\"info\">\n<h1>Siliziumkarbid-Gie\u00dfmasse<\/h1>\n<ul>\n<li>SiC+C\u2265\/%: 58-83<\/li>\n<li>Gute Erosionsbest\u00e4ndigkeit<\/li>\n<li>Widerstand gegen Abrasivit\u00e4t<\/li>\n<li>F\u00fcr Zement\u00f6fen, Elektrostahlwerke und Stahlpfannen<\/li>\n<li>Zertifizierung: ISO9001\/ISO14001\/ISO45001\/ISO50001<\/li>\n<li>Probe: Pr\u00fcfung der Probe ist verf\u00fcgbar<\/li>\n<\/ul>\n<div class=\"tags\">\n<p>Hohe Qualit\u00e4t<\/p>\n<p>Angemessener Preis<\/p>\n<p>Anpassbare Produkte und L\u00f6sungen<\/p>\n<p>Rechtzeitige Lieferung<\/p>\n<p>7\/24\/365 Zu Ihren Diensten<\/p>\n<\/div>\n<p><a class=\"inruiry fancybox\" href=\"#contact_form_pop\">Anfrage jetzt<\/a><a class=\"email-btn\" href=\"mailto:market@keruiref.com\">E-Mail senden<\/a><\/p>\n<\/div>\n<\/div>\n<ul class=\"anchor\">\n<li><a href=\"#PRODUCTDESCRIPTION\">PRODUKTBEZEICHNUNG<\/a><\/li>\n<li><a href=\"#TechniqueData\">Technische Daten<\/a><\/li>\n<li><a href=\"#INQUIRY\">ANFRAGE<\/a><\/li>\n<li><a href=\"#RELATEDPRODUCTS\">VERWANDTE PRODUKTE<\/a><\/li>\n<\/ul>\n<div class=\"page_model\">\n<h2 id=\"PRODUCTDESCRIPTION\">Beschreibung von Siliziumkarbidgie\u00dfmasse<\/h2>\n<p>Siliziumkarbidgie\u00dfmasse ist ein ungeformtes feuerfestes Material aus hochwertigem Siliziumkarbid und industriellem Siliziumpulver. Es besteht aus feuerfestem Zuschlagstoff, feuerfestem Pulver, Bindemittel und anderen Zusatzstoffen. Es handelt sich um eine neue Art von feuerfestem Material, das nicht gebrannt werden muss.<\/p>\n<div class='content-column one_third'>\n<div style=\"padding-right:20PX;\"><img loading=\"lazy\" decoding=\"async\" class=\"alignnone wp-image-84208 size-full\" src=\"https:\/\/keruiref.com\/wp-content\/uploads\/2025\/02\/Silicon-Carbide-Refractory-Castable-01.webp\" alt=\"\" width=\"456\" height=\"310\" srcset=\"https:\/\/keruiref.com\/wp-content\/uploads\/2025\/02\/Silicon-Carbide-Refractory-Castable-01.webp 456w, https:\/\/keruiref.com\/wp-content\/uploads\/2025\/02\/Silicon-Carbide-Refractory-Castable-01-300x204.webp 300w\" sizes=\"auto, (max-width: 456px) 100vw, 456px\" \/><\/div>\n<\/div>\n<div class='content-column one_third'>\n<div style=\"padding-right:20PX;\"><img loading=\"lazy\" decoding=\"async\" class=\"alignnone wp-image-84209 size-full\" src=\"https:\/\/keruiref.com\/wp-content\/uploads\/2025\/02\/Silicon-Carbide-Refractory-Castable-02.webp\" alt=\"\" width=\"456\" height=\"310\" srcset=\"https:\/\/keruiref.com\/wp-content\/uploads\/2025\/02\/Silicon-Carbide-Refractory-Castable-02.webp 456w, https:\/\/keruiref.com\/wp-content\/uploads\/2025\/02\/Silicon-Carbide-Refractory-Castable-02-300x204.webp 300w\" sizes=\"auto, (max-width: 456px) 100vw, 456px\" \/><\/div>\n<\/div>\n<div class='content-column one_third last_column'>\n<div style=\"padding-right:20PX;\"><img loading=\"lazy\" decoding=\"async\" class=\"alignnone wp-image-84210 size-full\" src=\"https:\/\/keruiref.com\/wp-content\/uploads\/2025\/02\/Silicon-Carbide-Refractory-Castable-03.webp\" alt=\"\" width=\"456\" height=\"310\" srcset=\"https:\/\/keruiref.com\/wp-content\/uploads\/2025\/02\/Silicon-Carbide-Refractory-Castable-03.webp 456w, https:\/\/keruiref.com\/wp-content\/uploads\/2025\/02\/Silicon-Carbide-Refractory-Castable-03-300x204.webp 300w\" sizes=\"auto, (max-width: 456px) 100vw, 456px\" \/><\/div>\n<\/div>\n<div class='clear_column'><\/div>\n<p><center><a class=\"fancybox price\" href=\"#contact_form_pop\">PREIS ERHALTEN<\/a><\/center><\/p>\n<div class=\"fancybox-hidden\" style=\"display: none;\">\n<div id=\"contact_form_pop\">\n<div class=\"wpcf7 no-js\" id=\"wpcf7-f328-o1\" lang=\"en-US\" dir=\"ltr\" data-wpcf7-id=\"328\">\n<div class=\"screen-reader-response\">\n<p role=\"status\" aria-live=\"polite\" aria-atomic=\"true\">\n<ul><\/ul>\n<\/div>\n<form action=\"\/de\/wp-json\/wp\/v2\/pages\/84107#wpcf7-f328-o1\" method=\"post\" class=\"wpcf7-form init\" aria-label=\"Kontakt-Formular\" novalidate=\"novalidate\" data-status=\"init\" data-trp-original-action=\"\/de\/wp-json\/wp\/v2\/pages\/84107#wpcf7-f328-o1\">\n<div style=\"display: none;\">\n<input type=\"hidden\" name=\"_wpcf7\" value=\"328\" \/><br \/>\n<input type=\"hidden\" name=\"_wpcf7_version\" value=\"6.0.4\" \/><br \/>\n<input type=\"hidden\" name=\"_wpcf7_locale\" value=\"en_US\" \/><br \/>\n<input type=\"hidden\" name=\"_wpcf7_unit_tag\" value=\"wpcf7-f328-o1\" \/><br \/>\n<input type=\"hidden\" name=\"_wpcf7_container_post\" value=\"0\" \/><br \/>\n<input type=\"hidden\" name=\"_wpcf7_posted_data_hash\" value=\"\" \/><br \/>\n<input type=\"hidden\" name=\"_wpcf7_recaptcha_response\" value=\"\" \/>\n<\/div>\n<div class=\"form-box\" id=\"Contact-Us\">\n<div class=\"isleft\">\n<div class=\"contact-title\">\n<p>Kontakt\n\t\t\t<\/p>\n<\/p><\/div>\n<div class=\"contactp\">\n<p>Bitte z\u00f6gern Sie nicht, Ihre Anfrage in das entsprechende Formular einzutragen. Wir werden Ihnen innerhalb von 6 Stunden antworten.\n\t\t\t<\/p>\n<\/p><\/div>\n<ul class=\"contact\">\n<li class=\"email\">\n<p><img decoding=\"async\" src=\"https:\/\/keruiref.com\/wp-content\/uploads\/2023\/12\/email.png\" alt=\"\" \/>E-Mail:\n\t\t\t\t<\/p>\n<p><a href=\"mailto:market@keruiref.com\">market@keruiref.com<\/a>\n\t\t\t\t<\/p>\n<\/li>\n<li class=\"phone\">\n<p><img decoding=\"async\" src=\"https:\/\/keruiref.com\/wp-content\/uploads\/2023\/12\/tel.png\" alt=\"\" \/>Telefon\/Whatsapp:\n\t\t\t\t<\/p>\n<p><a href=\"https:\/\/wa.me\/8619138178880\">+86 19138178880<\/a>\n\t\t\t\t<\/p>\n<\/li>\n<li class=\"location\">\n<p><img decoding=\"async\" src=\"https:\/\/keruiref.com\/wp-content\/uploads\/2023\/12\/Location.png\" alt=\"\" \/>Produktionsbasis:\n\t\t\t\t<\/p>\n<p>Chaohua Zone f\u00fcr feuerfeste Industrie,<br \/>\nStadt Xinmi, Provinz Henan, China\n\t\t\t\t<\/p>\n<\/li>\n<\/ul><\/div>\n<div class=\"isright\">\n<ul class=\"contact-input\">\n<li>\n<div class=\"islabel\">\n<p>* Name:\n\t\t\t\t\t<\/p>\n<\/p><\/div>\n<p><span class=\"wpcf7-form-control-wrap\" data-name=\"your-name\"><input size=\"40\" maxlength=\"400\" class=\"wpcf7-form-control wpcf7-text wpcf7-validates-as-required\" aria-required=\"true\" aria-invalid=\"false\" placeholder=\"\" value=\"\" type=\"text\" name=\"your-name\" \/><\/span>\n\t\t\t\t<\/p>\n<\/li>\n<li>\n<div class=\"islabel\">\n<p>* E-Mail:\n\t\t\t\t\t<\/p>\n<\/p><\/div>\n<p><span class=\"wpcf7-form-control-wrap\" data-name=\"your-email\"><input size=\"40\" maxlength=\"400\" class=\"wpcf7-form-control wpcf7-email wpcf7-validates-as-required wpcf7-text wpcf7-validates-as-email\" aria-required=\"true\" aria-invalid=\"false\" placeholder=\"\" value=\"\" type=\"email\" name=\"your-email\" \/><\/span>\n\t\t\t\t<\/p>\n<\/li>\n<li>\n<div class=\"islabel\">\n<p>* Telefon\/Whatsapp:\n\t\t\t\t\t<\/p>\n<\/p><\/div>\n<p><span class=\"wpcf7-form-control-wrap\" data-name=\"your-phone\"><input size=\"40\" maxlength=\"400\" class=\"wpcf7-form-control wpcf7-tel wpcf7-text wpcf7-validates-as-tel\" aria-invalid=\"false\" placeholder=\"\" value=\"\" type=\"tel\" name=\"your-phone\" \/><\/span>\n\t\t\t\t<\/p>\n<\/li>\n<li>\n<div class=\"islabel\">\n<p>Land:\n\t\t\t\t\t<\/p>\n<\/p><\/div>\n<p><span class=\"wpcf7-form-control-wrap\" data-name=\"your-country\"><input size=\"40\" maxlength=\"400\" class=\"wpcf7-form-control wpcf7-text\" aria-invalid=\"false\" placeholder=\"\" value=\"\" type=\"text\" name=\"your-country\" \/><\/span>\n\t\t\t\t<\/p>\n<\/li>\n<li class=\"ismassage\">\n<div class=\"islabel\">\n<p>* Nachricht:\n\t\t\t\t\t<\/p>\n<\/p><\/div>\n<p><span class=\"wpcf7-form-control-wrap\" data-name=\"your-msg\"><textarea cols=\"40\" rows=\"10\" maxlength=\"2000\" class=\"wpcf7-form-control wpcf7-textarea wpcf7-validates-as-required\" aria-required=\"true\" aria-invalid=\"false\" name=\"your-msg\"><\/textarea><\/span>\n\t\t\t\t<\/p>\n<\/li>\n<li class=\"wpcf7-btns-box\">\n<div class=\"isFileName\">\n\t\t\t\t<\/div>\n<div class=\"wpcf7-btns\">\n<p><input class=\"wpcf7-form-control wpcf7-submit has-spinner\" type=\"submit\" value=\"SENDEN\" \/>\n\t\t\t\t\t<\/p>\n<\/p><\/div>\n<\/li>\n<\/ul><\/div>\n<\/div>\n<div class=\"wpcf7-response-output\" aria-hidden=\"true\"><\/div>\n<input type=\"hidden\" name=\"trp-form-language\" value=\"de\"\/><\/form>\n<\/div>\n<\/div>\n<\/div>\n<h2 id=\"TechniqueData\">Kerui Silicon Carbide Castable Technical Data Sheet<\/h2>\n<table id=\"tablepress-69\" class=\"tablepress tablepress-id-69 tbody-has-connected-cells\">\n<thead>\n<tr class=\"row-1\">\n<th colspan=\"2\" class=\"column-1\">Siliziumkarbid-Gie\u00dfmasse<\/th>\n<th class=\"column-3\">SICAST85<\/th>\n<th class=\"column-4\">SICAST80<\/th>\n<th class=\"column-5\">SICAST60<\/th>\n<\/tr>\n<\/thead>\n<tbody class=\"row-striping row-hover\">\n<tr class=\"row-2\">\n<td colspan=\"2\" class=\"column-1\">Al2O3, %<\/td>\n<td class=\"column-3\">9<\/td>\n<td class=\"column-4\">9<\/td>\n<td class=\"column-5\">20<\/td>\n<\/tr>\n<tr class=\"row-3\">\n<td colspan=\"2\" class=\"column-1\">SiC+C, %<\/td>\n<td class=\"column-3\">83<\/td>\n<td class=\"column-4\">78<\/td>\n<td class=\"column-5\">58<\/td>\n<\/tr>\n<tr class=\"row-4\">\n<td colspan=\"2\" class=\"column-1\">Sch\u00fcttdichte, g\/cm3<\/td>\n<td class=\"column-3\">2.68<\/td>\n<td class=\"column-4\">2.6<\/td>\n<td class=\"column-5\">2.5<\/td>\n<\/tr>\n<tr class=\"row-5\">\n<td colspan=\"2\" class=\"column-1\">Zum Gie\u00dfen ben\u00f6tigtes Wasser, %<\/td>\n<td class=\"column-3\">6 - 7<\/td>\n<td class=\"column-4\">6 - 7<\/td>\n<td class=\"column-5\">7 - 8<\/td>\n<\/tr>\n<tr class=\"row-6\">\n<td rowspan=\"3\" class=\"column-1\">CCS, kg\/cm2<\/td>\n<td class=\"column-2\">110\u2103x24h<\/td>\n<td class=\"column-3\">650(140)<\/td>\n<td class=\"column-4\">500(90)<\/td>\n<td class=\"column-5\">450(70)<\/td>\n<\/tr>\n<tr class=\"row-7\">\n<td class=\"column-2\">1000\u2103x3h<\/td>\n<td class=\"column-3\">850(150)<\/td>\n<td class=\"column-4\">600(150)<\/td>\n<td class=\"column-5\">550(100)<\/td>\n<\/tr>\n<tr class=\"row-8\">\n<td class=\"column-2\">1350\u2103x3h<\/td>\n<td class=\"column-3\">1100(250)<\/td>\n<td class=\"column-4\">1000(250)<\/td>\n<td class=\"column-5\">1000(250)<\/td>\n<\/tr>\n<tr class=\"row-9\">\n<td rowspan=\"3\" class=\"column-1\">PLC, %<\/td>\n<td class=\"column-2\">110\u2103x24h<\/td>\n<td class=\"column-3\">-0.06<\/td>\n<td class=\"column-4\">-0.06<\/td>\n<td class=\"column-5\">-0.06<\/td>\n<\/tr>\n<tr class=\"row-10\">\n<td class=\"column-2\">1000\u2103x3h<\/td>\n<td class=\"column-3\">-0.1<\/td>\n<td class=\"column-4\">-0.1<\/td>\n<td class=\"column-5\">-0.2<\/td>\n<\/tr>\n<tr class=\"row-11\">\n<td class=\"column-2\">1350\u2103x3h<\/td>\n<td class=\"column-3\">-0.1<\/td>\n<td class=\"column-4\">-0.1<\/td>\n<td class=\"column-5\">-0.12<\/td>\n<\/tr>\n<tr class=\"row-12\">\n<td class=\"column-1\">TC, kcal\/mh\u2103<\/td>\n<td class=\"column-2\">350\u2103<\/td>\n<td class=\"column-3\">11.5<\/td>\n<td class=\"column-4\">11<\/td>\n<td class=\"column-5\">8<\/td>\n<\/tr>\n<\/tbody>\n<\/table>\n<p><!-- #tablepress-69 from cache --><\/p>\n<h2>Vorteile von Siliziumkarbid-Guss<\/h2>\n<p>1. High thermal conductivity: enables efficient heat transfer.<br \/>\n2. Excellent high temperature resistance: maintains stability even in extremely hot environments.<br \/>\n3. Strong corrosion resistance: can resist erosion by various corrosive substances.<br \/>\n4. Good mechanical strength: can withstand mechanical stress during use.<\/p>\n<h2>Anwendung von feuerfestem Guss mit hoher Tonerde<\/h2>\n<p>1.Steelmaking industry: used for blast furnace and ladle lining to resist erosion by high-temperature molten steel and slag;<br \/>\n2.Non-ferrous metal industry: protects furnaces from harsh chemical environments;<br \/>\n3.Industrial kiln industry: ensures long-term stable operation under high-temperature conditions during the firing of ceramics and cement.<\/p>\n<p><img loading=\"lazy\" decoding=\"async\" class=\"alignnone size-full wp-image-1534\" src=\"https:\/\/keruiref.com\/wp-content\/uploads\/2023\/07\/high-alumina-castable-application.jpg\" alt=\"hochtonerdehaltige Gussanwendung\" width=\"1300\" height=\"400\" srcset=\"https:\/\/keruiref.com\/wp-content\/uploads\/2023\/07\/high-alumina-castable-application.jpg 1300w, https:\/\/keruiref.com\/wp-content\/uploads\/2023\/07\/high-alumina-castable-application-300x92.jpg 300w, https:\/\/keruiref.com\/wp-content\/uploads\/2023\/07\/high-alumina-castable-application-1024x315.jpg 1024w, https:\/\/keruiref.com\/wp-content\/uploads\/2023\/07\/high-alumina-castable-application-768x236.jpg 768w\" sizes=\"auto, (max-width: 1300px) 100vw, 1300px\" \/><\/p>\n<\/div>\n<div id=\"INQUIRY\" class=\"page_model\">\n<div class=\"wpcf7 no-js\" id=\"wpcf7-f328-o2\" lang=\"en-US\" dir=\"ltr\" data-wpcf7-id=\"328\">\n<div class=\"screen-reader-response\">\n<p role=\"status\" aria-live=\"polite\" aria-atomic=\"true\">\n<ul><\/ul>\n<\/div>\n<form action=\"\/de\/wp-json\/wp\/v2\/pages\/84107#wpcf7-f328-o2\" method=\"post\" class=\"wpcf7-form init\" aria-label=\"Kontakt-Formular\" novalidate=\"novalidate\" data-status=\"init\" data-trp-original-action=\"\/de\/wp-json\/wp\/v2\/pages\/84107#wpcf7-f328-o2\">\n<div style=\"display: none;\">\n<input type=\"hidden\" name=\"_wpcf7\" value=\"328\" \/><br \/>\n<input type=\"hidden\" name=\"_wpcf7_version\" value=\"6.0.4\" \/><br \/>\n<input type=\"hidden\" name=\"_wpcf7_locale\" value=\"en_US\" \/><br \/>\n<input type=\"hidden\" name=\"_wpcf7_unit_tag\" value=\"wpcf7-f328-o2\" \/><br \/>\n<input type=\"hidden\" name=\"_wpcf7_container_post\" value=\"0\" \/><br \/>\n<input type=\"hidden\" name=\"_wpcf7_posted_data_hash\" value=\"\" \/><br \/>\n<input type=\"hidden\" name=\"_wpcf7_recaptcha_response\" value=\"\" \/>\n<\/div>\n<div class=\"form-box\" id=\"Contact-Us\">\n<div class=\"isleft\">\n<div class=\"contact-title\">\n<p>Kontakt\n\t\t\t<\/p>\n<\/p><\/div>\n<div class=\"contactp\">\n<p>Bitte z\u00f6gern Sie nicht, Ihre Anfrage in das entsprechende Formular einzutragen. Wir werden Ihnen innerhalb von 6 Stunden antworten.\n\t\t\t<\/p>\n<\/p><\/div>\n<ul class=\"contact\">\n<li class=\"email\">\n<p><img decoding=\"async\" src=\"https:\/\/keruiref.com\/wp-content\/uploads\/2023\/12\/email.png\" alt=\"\" \/>E-Mail:\n\t\t\t\t<\/p>\n<p><a href=\"mailto:market@keruiref.com\">market@keruiref.com<\/a>\n\t\t\t\t<\/p>\n<\/li>\n<li class=\"phone\">\n<p><img decoding=\"async\" src=\"https:\/\/keruiref.com\/wp-content\/uploads\/2023\/12\/tel.png\" alt=\"\" \/>Telefon\/Whatsapp:\n\t\t\t\t<\/p>\n<p><a href=\"https:\/\/wa.me\/8619138178880\">+86 19138178880<\/a>\n\t\t\t\t<\/p>\n<\/li>\n<li class=\"location\">\n<p><img decoding=\"async\" src=\"https:\/\/keruiref.com\/wp-content\/uploads\/2023\/12\/Location.png\" alt=\"\" \/>Produktionsbasis:\n\t\t\t\t<\/p>\n<p>Chaohua Zone f\u00fcr feuerfeste Industrie,<br \/>\nStadt Xinmi, Provinz Henan, China\n\t\t\t\t<\/p>\n<\/li>\n<\/ul><\/div>\n<div class=\"isright\">\n<ul class=\"contact-input\">\n<li>\n<div class=\"islabel\">\n<p>* Name:\n\t\t\t\t\t<\/p>\n<\/p><\/div>\n<p><span class=\"wpcf7-form-control-wrap\" data-name=\"your-name\"><input size=\"40\" maxlength=\"400\" class=\"wpcf7-form-control wpcf7-text wpcf7-validates-as-required\" aria-required=\"true\" aria-invalid=\"false\" placeholder=\"\" value=\"\" type=\"text\" name=\"your-name\" \/><\/span>\n\t\t\t\t<\/p>\n<\/li>\n<li>\n<div class=\"islabel\">\n<p>* E-Mail:\n\t\t\t\t\t<\/p>\n<\/p><\/div>\n<p><span class=\"wpcf7-form-control-wrap\" data-name=\"your-email\"><input size=\"40\" maxlength=\"400\" class=\"wpcf7-form-control wpcf7-email wpcf7-validates-as-required wpcf7-text wpcf7-validates-as-email\" aria-required=\"true\" aria-invalid=\"false\" placeholder=\"\" value=\"\" type=\"email\" name=\"your-email\" \/><\/span>\n\t\t\t\t<\/p>\n<\/li>\n<li>\n<div class=\"islabel\">\n<p>* Telefon\/Whatsapp:\n\t\t\t\t\t<\/p>\n<\/p><\/div>\n<p><span class=\"wpcf7-form-control-wrap\" data-name=\"your-phone\"><input size=\"40\" maxlength=\"400\" class=\"wpcf7-form-control wpcf7-tel wpcf7-text wpcf7-validates-as-tel\" aria-invalid=\"false\" placeholder=\"\" value=\"\" type=\"tel\" name=\"your-phone\" \/><\/span>\n\t\t\t\t<\/p>\n<\/li>\n<li>\n<div class=\"islabel\">\n<p>Land:\n\t\t\t\t\t<\/p>\n<\/p><\/div>\n<p><span class=\"wpcf7-form-control-wrap\" data-name=\"your-country\"><input size=\"40\" maxlength=\"400\" class=\"wpcf7-form-control wpcf7-text\" aria-invalid=\"false\" placeholder=\"\" value=\"\" type=\"text\" name=\"your-country\" \/><\/span>\n\t\t\t\t<\/p>\n<\/li>\n<li class=\"ismassage\">\n<div class=\"islabel\">\n<p>* Nachricht:\n\t\t\t\t\t<\/p>\n<\/p><\/div>\n<p><span class=\"wpcf7-form-control-wrap\" data-name=\"your-msg\"><textarea cols=\"40\" rows=\"10\" maxlength=\"2000\" class=\"wpcf7-form-control wpcf7-textarea wpcf7-validates-as-required\" aria-required=\"true\" aria-invalid=\"false\" name=\"your-msg\"><\/textarea><\/span>\n\t\t\t\t<\/p>\n<\/li>\n<li class=\"wpcf7-btns-box\">\n<div class=\"isFileName\">\n\t\t\t\t<\/div>\n<div class=\"wpcf7-btns\">\n<p><input class=\"wpcf7-form-control wpcf7-submit has-spinner\" type=\"submit\" value=\"SENDEN\" \/>\n\t\t\t\t\t<\/p>\n<\/p><\/div>\n<\/li>\n<\/ul><\/div>\n<\/div>\n<div class=\"wpcf7-response-output\" aria-hidden=\"true\"><\/div>\n<input type=\"hidden\" name=\"trp-form-language\" value=\"de\"\/><\/form>\n<\/div>\n<\/div>\n<div class=\"page_model\">\n<div class=\"swiper related-products\">\n<div class=\"swiper-wrapper\">\n<div class=\"swiper-slide\"><\/div>\n<\/div>\n<\/div>\n<\/div>","protected":false},"excerpt":{"rendered":"Silicon Carbide Castable SiC+C\u2265\/%: 58-83 Good resistance to erosion Abrasiveness resistance For cement kiln, EAF and steel ladel Certification: ISO9001\/ISO14001\/ISO45001\/ISO50001 Sample: testing of sample is available High Quality Reasonable Price Customizable Products &amp; Solutions Timely Delivery 7\/24\/365 At Your Service inquiry nowsend email PRODUCT DESCRIPTION &#8230; <a title=\"Siliziumkarbid-Gie\u00dfmasse\" class=\"read-more\" href=\"https:\/\/keruiref.com\/de\/siliziumkarbid-giesmasse\/\" aria-label=\"Mehr bei Silicon Carbide Castable\">Mehr lesen<\/a>","protected":false},"author":1,"featured_media":84209,"parent":0,"menu_order":0,"comment_status":"closed","ping_status":"closed","template":"","meta":{"footnotes":""},"class_list":{"0":"post-84107","1":"page","2":"type-page","3":"status-publish","4":"has-post-thumbnail","6":"no-featured-image-padding","7":"resize-featured-image"},"yoast_head":"<!-- This site is optimized with the Yoast SEO plugin v24.9 - https:\/\/yoast.com\/wordpress\/plugins\/seo\/ -->\n<title>Silicon Carbide Castable - Your Refractory Bricks, Castables Manufacturer For Kiln | Kerui Refractory\u00ae Official Website<\/title>\n<meta name=\"description\" content=\"Silicon carbide castable repairs\/refurbishes high-heat, abrasive kilns\/furnaces in steel\/metal industries.\" \/>\n<meta name=\"robots\" content=\"index, follow, max-snippet:-1, max-image-preview:large, max-video-preview:-1\" \/>\n<link rel=\"canonical\" href=\"https:\/\/keruiref.com\/de\/siliziumkarbid-giesmasse\/\" \/>\n<script type=\"application\/ld+json\" class=\"yoast-schema-graph\">{\"@context\":\"https:\/\/schema.org\",\"@graph\":[{\"@type\":\"WebPage\",\"@id\":\"https:\/\/keruiref.com\/silicon-carbide-castable\/\",\"url\":\"https:\/\/keruiref.com\/silicon-carbide-castable\/\",\"name\":\"Silicon Carbide Castable - Your Refractory Bricks, Castables Manufacturer For Kiln | Kerui Refractory\u00ae Official Website\",\"isPartOf\":{\"@id\":\"https:\/\/keruiref.com\/el\/#website\"},\"primaryImageOfPage\":{\"@id\":\"https:\/\/keruiref.com\/silicon-carbide-castable\/#primaryimage\"},\"image\":{\"@id\":\"https:\/\/keruiref.com\/silicon-carbide-castable\/#primaryimage\"},\"thumbnailUrl\":\"https:\/\/keruiref.com\/wp-content\/uploads\/2025\/02\/Silicon-Carbide-Refractory-Castable-02.webp\",\"datePublished\":\"2025-02-21T09:08:54+00:00\",\"dateModified\":\"2025-05-27T07:13:47+00:00\",\"description\":\"Silicon carbide castable repairs\/refurbishes high-heat, abrasive kilns\/furnaces in steel\/metal industries.\",\"breadcrumb\":{\"@id\":\"https:\/\/keruiref.com\/silicon-carbide-castable\/#breadcrumb\"},\"inLanguage\":\"de\",\"potentialAction\":[{\"@type\":\"ReadAction\",\"target\":[\"https:\/\/keruiref.com\/silicon-carbide-castable\/\"]}]},{\"@type\":\"ImageObject\",\"inLanguage\":\"de\",\"@id\":\"https:\/\/keruiref.com\/silicon-carbide-castable\/#primaryimage\",\"url\":\"https:\/\/keruiref.com\/wp-content\/uploads\/2025\/02\/Silicon-Carbide-Refractory-Castable-02.webp\",\"contentUrl\":\"https:\/\/keruiref.com\/wp-content\/uploads\/2025\/02\/Silicon-Carbide-Refractory-Castable-02.webp\",\"width\":456,\"height\":310},{\"@type\":\"BreadcrumbList\",\"@id\":\"https:\/\/keruiref.com\/silicon-carbide-castable\/#breadcrumb\",\"itemListElement\":[{\"@type\":\"ListItem\",\"position\":1,\"name\":\"Home\",\"item\":\"https:\/\/keruiref.com\/\"},{\"@type\":\"ListItem\",\"position\":2,\"name\":\"Silicon Carbide Castable\"}]},{\"@type\":\"WebSite\",\"@id\":\"https:\/\/keruiref.com\/el\/#website\",\"url\":\"https:\/\/keruiref.com\/el\/\",\"name\":\"Your Refractory Bricks, Castables Manufacturer For Kiln | Kerui Refractory\u00ae Official Website\",\"description\":\"\",\"publisher\":{\"@id\":\"https:\/\/keruiref.com\/el\/#organization\"},\"potentialAction\":[{\"@type\":\"SearchAction\",\"target\":{\"@type\":\"EntryPoint\",\"urlTemplate\":\"https:\/\/keruiref.com\/el\/?s={search_term_string}\"},\"query-input\":{\"@type\":\"PropertyValueSpecification\",\"valueRequired\":true,\"valueName\":\"search_term_string\"}}],\"inLanguage\":\"de\"},{\"@type\":\"Organization\",\"@id\":\"https:\/\/keruiref.com\/el\/#organization\",\"name\":\"Your Refractory Bricks, Castables Manufacturer For Kiln | Kerui Refractory\u00ae Official Website\",\"url\":\"https:\/\/keruiref.com\/el\/\",\"logo\":{\"@type\":\"ImageObject\",\"inLanguage\":\"de\",\"@id\":\"https:\/\/keruiref.com\/el\/#\/schema\/logo\/image\/\",\"url\":\"https:\/\/keruiref.com\/wp-content\/uploads\/2024\/01\/footer-Logo.png\",\"contentUrl\":\"https:\/\/keruiref.com\/wp-content\/uploads\/2024\/01\/footer-Logo.png\",\"width\":282,\"height\":70,\"caption\":\"Your Refractory Bricks, Castables Manufacturer For Kiln | Kerui Refractory\u00ae Official Website\"},\"image\":{\"@id\":\"https:\/\/keruiref.com\/el\/#\/schema\/logo\/image\/\"}}]}<\/script>\n<!-- \/ Yoast SEO plugin. -->","yoast_head_json":{"title":"Siliziumkarbid-Guss - Ihr Hersteller von feuerfesten Steinen und Gussst\u00fccken f\u00fcr \u00d6fen | Kerui Refractory\u00ae Official Website","description":"Siliziumkarbidguss repariert\/saniert Hochtemperatur- und Schleif\u00f6fen in der Stahl-\/Metallindustrie.","robots":{"index":"index","follow":"follow","max-snippet":"max-snippet:-1","max-image-preview":"max-image-preview:large","max-video-preview":"max-video-preview:-1"},"canonical":"https:\/\/keruiref.com\/de\/siliziumkarbid-giesmasse\/","schema":{"@context":"https:\/\/schema.org","@graph":[{"@type":"WebPage","@id":"https:\/\/keruiref.com\/silicon-carbide-castable\/","url":"https:\/\/keruiref.com\/silicon-carbide-castable\/","name":"Siliziumkarbid-Guss - Ihr Hersteller von feuerfesten Steinen und Gussst\u00fccken f\u00fcr \u00d6fen | Kerui Refractory\u00ae Official Website","isPartOf":{"@id":"https:\/\/keruiref.com\/el\/#website"},"primaryImageOfPage":{"@id":"https:\/\/keruiref.com\/silicon-carbide-castable\/#primaryimage"},"image":{"@id":"https:\/\/keruiref.com\/silicon-carbide-castable\/#primaryimage"},"thumbnailUrl":"https:\/\/keruiref.com\/wp-content\/uploads\/2025\/02\/Silicon-Carbide-Refractory-Castable-02.webp","datePublished":"2025-02-21T09:08:54+00:00","dateModified":"2025-05-27T07:13:47+00:00","description":"Siliziumkarbidguss repariert\/saniert Hochtemperatur- und Schleif\u00f6fen in der Stahl-\/Metallindustrie.","breadcrumb":{"@id":"https:\/\/keruiref.com\/silicon-carbide-castable\/#breadcrumb"},"inLanguage":"de","potentialAction":[{"@type":"ReadAction","target":["https:\/\/keruiref.com\/silicon-carbide-castable\/"]}]},{"@type":"ImageObject","inLanguage":"de","@id":"https:\/\/keruiref.com\/silicon-carbide-castable\/#primaryimage","url":"https:\/\/keruiref.com\/wp-content\/uploads\/2025\/02\/Silicon-Carbide-Refractory-Castable-02.webp","contentUrl":"https:\/\/keruiref.com\/wp-content\/uploads\/2025\/02\/Silicon-Carbide-Refractory-Castable-02.webp","width":456,"height":310},{"@type":"BreadcrumbList","@id":"https:\/\/keruiref.com\/silicon-carbide-castable\/#breadcrumb","itemListElement":[{"@type":"ListItem","position":1,"name":"Home","item":"https:\/\/keruiref.com\/"},{"@type":"ListItem","position":2,"name":"Silicon Carbide Castable"}]},{"@type":"WebSite","@id":"https:\/\/keruiref.com\/el\/#website","url":"https:\/\/keruiref.com\/el\/","name":"Ihr Hersteller von feuerfesten Steinen und Gussteilen f\u00fcr \u00d6fen | Kerui Refractory\u00ae Official Website","description":"","publisher":{"@id":"https:\/\/keruiref.com\/el\/#organization"},"potentialAction":[{"@type":"SearchAction","target":{"@type":"EntryPoint","urlTemplate":"https:\/\/keruiref.com\/el\/?s={search_term_string}"},"query-input":{"@type":"PropertyValueSpecification","valueRequired":true,"valueName":"search_term_string"}}],"inLanguage":"de"},{"@type":"Organization","@id":"https:\/\/keruiref.com\/el\/#organization","name":"Ihr Hersteller von feuerfesten Steinen und Gussteilen f\u00fcr \u00d6fen | Kerui Refractory\u00ae Official Website","url":"https:\/\/keruiref.com\/el\/","logo":{"@type":"ImageObject","inLanguage":"de","@id":"https:\/\/keruiref.com\/el\/#\/schema\/logo\/image\/","url":"https:\/\/keruiref.com\/wp-content\/uploads\/2024\/01\/footer-Logo.png","contentUrl":"https:\/\/keruiref.com\/wp-content\/uploads\/2024\/01\/footer-Logo.png","width":282,"height":70,"caption":"Your Refractory Bricks, Castables Manufacturer For Kiln | Kerui Refractory\u00ae Official Website"},"image":{"@id":"https:\/\/keruiref.com\/el\/#\/schema\/logo\/image\/"}}]}},"_links":{"self":[{"href":"https:\/\/keruiref.com\/de\/wp-json\/wp\/v2\/pages\/84107","targetHints":{"allow":["GET"]}}],"collection":[{"href":"https:\/\/keruiref.com\/de\/wp-json\/wp\/v2\/pages"}],"about":[{"href":"https:\/\/keruiref.com\/de\/wp-json\/wp\/v2\/types\/page"}],"author":[{"embeddable":true,"href":"https:\/\/keruiref.com\/de\/wp-json\/wp\/v2\/users\/1"}],"replies":[{"embeddable":true,"href":"https:\/\/keruiref.com\/de\/wp-json\/wp\/v2\/comments?post=84107"}],"version-history":[{"count":0,"href":"https:\/\/keruiref.com\/de\/wp-json\/wp\/v2\/pages\/84107\/revisions"}],"wp:featuredmedia":[{"embeddable":true,"href":"https:\/\/keruiref.com\/de\/wp-json\/wp\/v2\/media\/84209"}],"wp:attachment":[{"href":"https:\/\/keruiref.com\/de\/wp-json\/wp\/v2\/media?parent=84107"}],"curies":[{"name":"wp","href":"https:\/\/api.w.org\/{rel}","templated":true}]}}