{"id":84003,"date":"2025-02-19T14:09:34","date_gmt":"2025-02-19T06:09:34","guid":{"rendered":"https:\/\/keruiref.com\/?page_id=84003"},"modified":"2025-05-22T17:39:05","modified_gmt":"2025-05-22T09:39:05","slug":"kohlenstoffziegel","status":"publish","type":"page","link":"https:\/\/keruiref.com\/de\/kohlenstoffziegel\/","title":{"rendered":"Kohlenstoff-Ziegel"},"content":{"rendered":"<div class=\"page_model product_info\">\n<div class=\"preview\"><img loading=\"lazy\" decoding=\"async\" class=\"alignnone wp-image-2796 size-full\" src=\"https:\/\/keruiref.com\/wp-content\/uploads\/2023\/08\/Magnesia-Carbon-Brick-price.jpg\" alt=\"Magnesia Carbon Brick Preis\" width=\"660\" height=\"495\" srcset=\"https:\/\/keruiref.com\/wp-content\/uploads\/2023\/08\/Magnesia-Carbon-Brick-price.jpg 660w, https:\/\/keruiref.com\/wp-content\/uploads\/2023\/08\/Magnesia-Carbon-Brick-price-300x225.jpg 300w\" sizes=\"auto, (max-width: 660px) 100vw, 660px\" \/><\/div>\n<div class=\"info\">\n<h1>Kohlenstoff-Ziegel<\/h1>\n<ul>\n<li>Sch\u00fcttdichte g\/cm3: \u22651,7<\/li>\n<li>Druckfestigkeit \/ Mpa: \u226536<\/li>\n<li>Oxidationsrate \/%: \u22648<\/li>\n<li>Durchschnittliche Porengr\u00f6\u00dfe: \u22640,1<\/li>\n<li>Offene Porosit\u00e4t \/%: \u226415<\/li>\n<li>Probe: Pr\u00fcfung der Probe ist verf\u00fcgbar<\/li>\n<\/ul>\n<div class=\"tags\">\n<p>Hohe Qualit\u00e4t<\/p>\n<p>Angemessener Preis<\/p>\n<p>Anpassbare Produkte und L\u00f6sungen<\/p>\n<p>Rechtzeitige Lieferung<\/p>\n<p>7\/24\/365 Zu Ihren Diensten<\/p>\n<\/div>\n<p><a class=\"inruiry fancybox\" href=\"#contact_form_pop\">Anfrage jetzt<\/a><a class=\"email-btn\" href=\"mailto:market@keruiref.com\">E-Mail senden<\/a><\/p>\n<\/div>\n<\/div>\n<ul class=\"anchor\">\n<li><a href=\"#PRODUCTDESCRIPTION\">PRODUKTBEZEICHNUNG<\/a><\/li>\n<li><a href=\"#TechniqueData\">Technische Daten<\/a><\/li>\n<li><a href=\"#INQUIRY\">ANFRAGE<\/a><\/li>\n<li><a href=\"#RELATEDPRODUCTS\">VERWANDTE PRODUKTE<\/a><\/li>\n<\/ul>\n<div class=\"page_model\">\n<h2 id=\"PRODUCTDESCRIPTION\">Beschreibung von Carbon Brick<\/h2>\n<p>Carbon Brick, ein feuerfestes Material, wird aus kohlenstoffhaltigen Substanzen wie Anthrazit und Graphit hergestellt. Er hat eine hohe Temperaturbest\u00e4ndigkeit, eine geringe W\u00e4rmeausdehnung und eine ausgezeichnete Korrosionsbest\u00e4ndigkeit und wird h\u00e4ufig in der Stahl- und Chemieindustrie verwendet.<\/p>\n<div class='content-column one_third'>\n<div style=\"padding-right:20px;\"><img loading=\"lazy\" decoding=\"async\" class=\"alignnone size-full wp-image-8059\" src=\"https:\/\/keruiref.com\/wp-content\/uploads\/2023\/08\/Magnesia-Carbon-Brick-manufacturer.jpg\" alt=\"Hersteller von Magnesia-Kohlenstoff-Ziegeln\" width=\"490\" height=\"370\" srcset=\"https:\/\/keruiref.com\/wp-content\/uploads\/2023\/08\/Magnesia-Carbon-Brick-manufacturer.jpg 490w, https:\/\/keruiref.com\/wp-content\/uploads\/2023\/08\/Magnesia-Carbon-Brick-manufacturer-300x227.jpg 300w\" sizes=\"auto, (max-width: 490px) 100vw, 490px\" \/><\/div>\n<\/div>\n<div class='content-column one_third'>\n<div style=\"padding-right:20px;\"><img loading=\"lazy\" decoding=\"async\" class=\"alignnone size-full wp-image-8060\" src=\"https:\/\/keruiref.com\/wp-content\/uploads\/2023\/08\/Magnesia-Carbon-Brick-factory-direct-sale.jpg\" alt=\"Magnesia Carbon Brick Fabrik Direktverkauf\" width=\"490\" height=\"370\" srcset=\"https:\/\/keruiref.com\/wp-content\/uploads\/2023\/08\/Magnesia-Carbon-Brick-factory-direct-sale.jpg 490w, https:\/\/keruiref.com\/wp-content\/uploads\/2023\/08\/Magnesia-Carbon-Brick-factory-direct-sale-300x227.jpg 300w\" sizes=\"auto, (max-width: 490px) 100vw, 490px\" \/><\/div>\n<\/div>\n<div class='content-column one_third last_column'>\n<div style=\"padding-right:20px;\"><img loading=\"lazy\" decoding=\"async\" class=\"alignnone size-full wp-image-8061\" src=\"https:\/\/keruiref.com\/wp-content\/uploads\/2023\/08\/Magnesia-Carbon-Brick-delivery.jpg\" alt=\"Lieferung von Magnesia-Kohlenstoff-Ziegeln\" width=\"490\" height=\"370\" srcset=\"https:\/\/keruiref.com\/wp-content\/uploads\/2023\/08\/Magnesia-Carbon-Brick-delivery.jpg 490w, https:\/\/keruiref.com\/wp-content\/uploads\/2023\/08\/Magnesia-Carbon-Brick-delivery-300x227.jpg 300w\" sizes=\"auto, (max-width: 490px) 100vw, 490px\" \/><\/div>\n<\/div>\n<div class='clear_column'><\/div>\n<p><center><a class=\"fancybox price\" href=\"#contact_form_pop\">PREIS ERHALTEN<\/a><\/center><\/p>\n<div class=\"fancybox-hidden\" style=\"display: none;\">\n<div id=\"contact_form_pop\">\n<div class=\"wpcf7 no-js\" id=\"wpcf7-f328-o1\" lang=\"en-US\" dir=\"ltr\" data-wpcf7-id=\"328\">\n<div class=\"screen-reader-response\">\n<p role=\"status\" aria-live=\"polite\" aria-atomic=\"true\">\n<ul><\/ul>\n<\/div>\n<form action=\"\/de\/wp-json\/wp\/v2\/pages\/84003#wpcf7-f328-o1\" method=\"post\" class=\"wpcf7-form init\" aria-label=\"Kontakt-Formular\" novalidate=\"novalidate\" data-status=\"init\" data-trp-original-action=\"\/de\/wp-json\/wp\/v2\/pages\/84003#wpcf7-f328-o1\">\n<div style=\"display: none;\">\n<input type=\"hidden\" name=\"_wpcf7\" value=\"328\" \/><br \/>\n<input type=\"hidden\" name=\"_wpcf7_version\" value=\"6.0.4\" \/><br \/>\n<input type=\"hidden\" name=\"_wpcf7_locale\" value=\"en_US\" \/><br \/>\n<input type=\"hidden\" name=\"_wpcf7_unit_tag\" value=\"wpcf7-f328-o1\" \/><br \/>\n<input type=\"hidden\" name=\"_wpcf7_container_post\" value=\"0\" \/><br \/>\n<input type=\"hidden\" name=\"_wpcf7_posted_data_hash\" value=\"\" \/><br \/>\n<input type=\"hidden\" name=\"_wpcf7_recaptcha_response\" value=\"\" \/>\n<\/div>\n<div class=\"form-box\" id=\"Contact-Us\">\n<div class=\"isleft\">\n<div class=\"contact-title\">\n<p>Kontakt\n\t\t\t<\/p>\n<\/p><\/div>\n<div class=\"contactp\">\n<p>Bitte z\u00f6gern Sie nicht, Ihre Anfrage in das entsprechende Formular einzutragen. Wir werden Ihnen innerhalb von 6 Stunden antworten.\n\t\t\t<\/p>\n<\/p><\/div>\n<ul class=\"contact\">\n<li class=\"email\">\n<p><img decoding=\"async\" src=\"https:\/\/keruiref.com\/wp-content\/uploads\/2023\/12\/email.png\" alt=\"\" \/>E-Mail:\n\t\t\t\t<\/p>\n<p><a href=\"mailto:market@keruiref.com\">market@keruiref.com<\/a>\n\t\t\t\t<\/p>\n<\/li>\n<li class=\"phone\">\n<p><img decoding=\"async\" src=\"https:\/\/keruiref.com\/wp-content\/uploads\/2023\/12\/tel.png\" alt=\"\" \/>Telefon\/Whatsapp:\n\t\t\t\t<\/p>\n<p><a href=\"https:\/\/wa.me\/8619138178880\">+86 19138178880<\/a>\n\t\t\t\t<\/p>\n<\/li>\n<li class=\"location\">\n<p><img decoding=\"async\" src=\"https:\/\/keruiref.com\/wp-content\/uploads\/2023\/12\/Location.png\" alt=\"\" \/>Produktionsbasis:\n\t\t\t\t<\/p>\n<p>Chaohua Zone f\u00fcr feuerfeste Industrie,<br \/>\nStadt Xinmi, Provinz Henan, China\n\t\t\t\t<\/p>\n<\/li>\n<\/ul><\/div>\n<div class=\"isright\">\n<ul class=\"contact-input\">\n<li>\n<div class=\"islabel\">\n<p>* Name:\n\t\t\t\t\t<\/p>\n<\/p><\/div>\n<p><span class=\"wpcf7-form-control-wrap\" data-name=\"your-name\"><input size=\"40\" maxlength=\"400\" class=\"wpcf7-form-control wpcf7-text wpcf7-validates-as-required\" aria-required=\"true\" aria-invalid=\"false\" placeholder=\"\" value=\"\" type=\"text\" name=\"your-name\" \/><\/span>\n\t\t\t\t<\/p>\n<\/li>\n<li>\n<div class=\"islabel\">\n<p>* E-Mail:\n\t\t\t\t\t<\/p>\n<\/p><\/div>\n<p><span class=\"wpcf7-form-control-wrap\" data-name=\"your-email\"><input size=\"40\" maxlength=\"400\" class=\"wpcf7-form-control wpcf7-email wpcf7-validates-as-required wpcf7-text wpcf7-validates-as-email\" aria-required=\"true\" aria-invalid=\"false\" placeholder=\"\" value=\"\" type=\"email\" name=\"your-email\" \/><\/span>\n\t\t\t\t<\/p>\n<\/li>\n<li>\n<div class=\"islabel\">\n<p>* Telefon\/Whatsapp:\n\t\t\t\t\t<\/p>\n<\/p><\/div>\n<p><span class=\"wpcf7-form-control-wrap\" data-name=\"your-phone\"><input size=\"40\" maxlength=\"400\" class=\"wpcf7-form-control wpcf7-tel wpcf7-text wpcf7-validates-as-tel\" aria-invalid=\"false\" placeholder=\"\" value=\"\" type=\"tel\" name=\"your-phone\" \/><\/span>\n\t\t\t\t<\/p>\n<\/li>\n<li>\n<div class=\"islabel\">\n<p>Land:\n\t\t\t\t\t<\/p>\n<\/p><\/div>\n<p><span class=\"wpcf7-form-control-wrap\" data-name=\"your-country\"><input size=\"40\" maxlength=\"400\" class=\"wpcf7-form-control wpcf7-text\" aria-invalid=\"false\" placeholder=\"\" value=\"\" type=\"text\" name=\"your-country\" \/><\/span>\n\t\t\t\t<\/p>\n<\/li>\n<li class=\"ismassage\">\n<div class=\"islabel\">\n<p>* Nachricht:\n\t\t\t\t\t<\/p>\n<\/p><\/div>\n<p><span class=\"wpcf7-form-control-wrap\" data-name=\"your-msg\"><textarea cols=\"40\" rows=\"10\" maxlength=\"2000\" class=\"wpcf7-form-control wpcf7-textarea wpcf7-validates-as-required\" aria-required=\"true\" aria-invalid=\"false\" name=\"your-msg\"><\/textarea><\/span>\n\t\t\t\t<\/p>\n<\/li>\n<li class=\"wpcf7-btns-box\">\n<div class=\"isFileName\">\n\t\t\t\t<\/div>\n<div class=\"wpcf7-btns\">\n<p><input class=\"wpcf7-form-control wpcf7-submit has-spinner\" type=\"submit\" value=\"SENDEN\" \/>\n\t\t\t\t\t<\/p>\n<\/p><\/div>\n<\/li>\n<\/ul><\/div>\n<\/div>\n<div class=\"wpcf7-response-output\" aria-hidden=\"true\"><\/div>\n<input type=\"hidden\" name=\"trp-form-language\" value=\"de\"\/><\/form>\n<\/div>\n<\/div>\n<\/div>\n<h2 id=\"TechniqueData\">Kerui Carbon Brick Technisches Datenblatt<\/h2>\n<div class=\"tableys\">\n<table id=\"tablepress-63\" class=\"tablepress tablepress-id-63 tbody-has-connected-cells\">\n<thead>\n<tr class=\"row-1\">\n<th colspan=\"3\" class=\"column-1\">Physikalische und chemische Parameter von Kohlenstoffziegeln<\/th>\n<\/tr>\n<\/thead>\n<tbody class=\"row-striping row-hover\">\n<tr class=\"row-2\">\n<td colspan=\"2\" class=\"column-1\">Index<\/td>\n<td class=\"column-3\"><\/td>\n<\/tr>\n<tr class=\"row-3\">\n<td colspan=\"2\" class=\"column-1\">Sch\u00fcttdichte g\/cm3<\/td>\n<td class=\"column-3\">\u22651.7<\/td>\n<\/tr>\n<tr class=\"row-4\">\n<td colspan=\"2\" class=\"column-1\">Offene Porosit\u00e4t \/%<\/td>\n<td class=\"column-3\">\u226415<\/td>\n<\/tr>\n<tr class=\"row-5\">\n<td colspan=\"2\" class=\"column-1\">Druckfestigkeit \/ Mpa<\/td>\n<td class=\"column-3\">\u226536<\/td>\n<\/tr>\n<tr class=\"row-6\">\n<td colspan=\"2\" class=\"column-1\">Luftdurchl\u00e4ssigkeit Mpa<\/td>\n<td class=\"column-3\">\u22641<\/td>\n<\/tr>\n<tr class=\"row-7\">\n<td colspan=\"2\" class=\"column-1\">Oxidationsrate \/%<\/td>\n<td class=\"column-3\">\u22648<\/td>\n<\/tr>\n<tr class=\"row-8\">\n<td colspan=\"2\" class=\"column-1\">Durchschnittliche Porengr\u00f6\u00dfe<\/td>\n<td class=\"column-3\">\u22640.1<\/td>\n<\/tr>\n<tr class=\"row-9\">\n<td rowspan=\"2\" class=\"column-1\">W\u00e4rmeleitf\u00e4higkeit, \u2265W \/ (m k)<\/td>\n<td class=\"column-2\">Bei Raumtemperatur<\/td>\n<td class=\"column-3\">16<\/td>\n<\/tr>\n<tr class=\"row-10\">\n<td class=\"column-2\">600\u00b0C<\/td>\n<td class=\"column-3\">20<\/td>\n<\/tr>\n<\/tbody>\n<\/table>\n<p><!-- #tablepress-63 from cache --><\/div>\n<h2>Vorteile von Carbon Brick<\/h2>\n<div class='content-column one_half'>\n<div style=\"padding-right:20px;padding-left:20px;\">\n<h3>Hohe Temperaturbest\u00e4ndigkeit<\/h3>\n<p>Carbonziegel k\u00f6nnen extrem hohen Temperaturen standhalten, ohne weich zu werden oder sich zu verformen, und behalten ihre strukturelle Integrit\u00e4t in industriellen Hochtemperaturumgebungen.<\/p><\/div>\n<\/div>\n<div class='content-column one_half last_column'>\n<div style=\"padding-right:20px;padding-left:20px;\">\n<h3>Geringe thermische Ausdehnung<\/h3>\n<p>Es hat einen niedrigen thermischen Ausdehnungskoeffizienten und ist daher resistent gegen Risse und Besch\u00e4digungen, die durch schnelle Temperaturschwankungen verursacht werden, was eine langfristige Stabilit\u00e4t gew\u00e4hrleistet.<\/p><\/div>\n<\/div>\n<div class='clear_column'><\/div>\n<div class='content-column one_half'>\n<div style=\"padding-right:20px;padding-left:20px;\">\n<h3>Ausgezeichnete Korrosionsbest\u00e4ndigkeit<\/h3>\n<p>Carbon Brick weist eine hohe Widerstandsf\u00e4higkeit gegen\u00fcber verschiedenen korrosiven Substanzen auf, egal ob es sich um saure oder alkalische Medien handelt, und sch\u00fctzt die Ausr\u00fcstung in chemieintensiven Umgebungen.<\/p><\/div>\n<\/div>\n<div class='content-column one_half last_column'>\n<div style=\"padding-right:20px;padding-left:20px;\">\n<h3>Hohe W\u00e4rmeleitf\u00e4higkeit<\/h3>\n<p>Dank seiner guten W\u00e4rmeleitf\u00e4higkeit kann es W\u00e4rme effizient \u00fcbertragen, was f\u00fcr W\u00e4rmeaustauschprozesse in Industrie\u00f6fen und Reaktoren von Vorteil ist.<\/p><\/div>\n<\/div>\n<div class='clear_column'><\/div>\n<h2>Anwendung von Carbon Brick<\/h2>\n<p>Kohlenstoffsteine, die sich durch eine bemerkenswerte Hochtemperatur- und Korrosionsbest\u00e4ndigkeit auszeichnen, sind vielseitig einsetzbar. In der Eisenindustrie dienen sie zur Auskleidung von Hoch\u00f6fen und sch\u00fctzen den Ofenk\u00f6rper vor geschmolzenem Eisen und Schlacke bei hohen Temperaturen. In chemischen Anlagen werden Kohlenstoffsteine in Reaktoren verwendet, um korrosiven Medien w\u00e4hrend chemischer Reaktionen zu widerstehen. Sie kommen auch in Schmelz\u00f6fen f\u00fcr Nichteisenmetalle zum Einsatz, wo sie einen stabilen Betrieb unter rauen Bedingungen gew\u00e4hrleisten und die Lebensdauer der Anlagen verl\u00e4ngern.<\/p>\n<p><img loading=\"lazy\" decoding=\"async\" class=\"alignnone size-full wp-image-1595\" src=\"https:\/\/keruiref.com\/wp-content\/uploads\/2023\/07\/mag-carbon-brick-application.jpg\" alt=\"\" width=\"1300\" height=\"400\" srcset=\"https:\/\/keruiref.com\/wp-content\/uploads\/2023\/07\/mag-carbon-brick-application.jpg 1300w, https:\/\/keruiref.com\/wp-content\/uploads\/2023\/07\/mag-carbon-brick-application-300x92.jpg 300w, https:\/\/keruiref.com\/wp-content\/uploads\/2023\/07\/mag-carbon-brick-application-1024x315.jpg 1024w, https:\/\/keruiref.com\/wp-content\/uploads\/2023\/07\/mag-carbon-brick-application-768x236.jpg 768w\" sizes=\"auto, (max-width: 1300px) 100vw, 1300px\" \/><\/p>\n<\/div>\n<div id=\"INQUIRY\" class=\"page_model\">\n<div class=\"wpcf7 no-js\" id=\"wpcf7-f328-o2\" lang=\"en-US\" dir=\"ltr\" data-wpcf7-id=\"328\">\n<div class=\"screen-reader-response\">\n<p role=\"status\" aria-live=\"polite\" aria-atomic=\"true\">\n<ul><\/ul>\n<\/div>\n<form action=\"\/de\/wp-json\/wp\/v2\/pages\/84003#wpcf7-f328-o2\" method=\"post\" class=\"wpcf7-form init\" aria-label=\"Kontakt-Formular\" novalidate=\"novalidate\" data-status=\"init\" data-trp-original-action=\"\/de\/wp-json\/wp\/v2\/pages\/84003#wpcf7-f328-o2\">\n<div style=\"display: none;\">\n<input type=\"hidden\" name=\"_wpcf7\" value=\"328\" \/><br \/>\n<input type=\"hidden\" name=\"_wpcf7_version\" value=\"6.0.4\" \/><br \/>\n<input type=\"hidden\" name=\"_wpcf7_locale\" value=\"en_US\" \/><br \/>\n<input type=\"hidden\" name=\"_wpcf7_unit_tag\" value=\"wpcf7-f328-o2\" \/><br \/>\n<input type=\"hidden\" name=\"_wpcf7_container_post\" value=\"0\" \/><br \/>\n<input type=\"hidden\" name=\"_wpcf7_posted_data_hash\" value=\"\" \/><br \/>\n<input type=\"hidden\" name=\"_wpcf7_recaptcha_response\" value=\"\" \/>\n<\/div>\n<div class=\"form-box\" id=\"Contact-Us\">\n<div class=\"isleft\">\n<div class=\"contact-title\">\n<p>Kontakt\n\t\t\t<\/p>\n<\/p><\/div>\n<div class=\"contactp\">\n<p>Bitte z\u00f6gern Sie nicht, Ihre Anfrage in das entsprechende Formular einzutragen. Wir werden Ihnen innerhalb von 6 Stunden antworten.\n\t\t\t<\/p>\n<\/p><\/div>\n<ul class=\"contact\">\n<li class=\"email\">\n<p><img decoding=\"async\" src=\"https:\/\/keruiref.com\/wp-content\/uploads\/2023\/12\/email.png\" alt=\"\" \/>E-Mail:\n\t\t\t\t<\/p>\n<p><a href=\"mailto:market@keruiref.com\">market@keruiref.com<\/a>\n\t\t\t\t<\/p>\n<\/li>\n<li class=\"phone\">\n<p><img decoding=\"async\" src=\"https:\/\/keruiref.com\/wp-content\/uploads\/2023\/12\/tel.png\" alt=\"\" \/>Telefon\/Whatsapp:\n\t\t\t\t<\/p>\n<p><a href=\"https:\/\/wa.me\/8619138178880\">+86 19138178880<\/a>\n\t\t\t\t<\/p>\n<\/li>\n<li class=\"location\">\n<p><img decoding=\"async\" src=\"https:\/\/keruiref.com\/wp-content\/uploads\/2023\/12\/Location.png\" alt=\"\" \/>Produktionsbasis:\n\t\t\t\t<\/p>\n<p>Chaohua Zone f\u00fcr feuerfeste Industrie,<br \/>\nStadt Xinmi, Provinz Henan, China\n\t\t\t\t<\/p>\n<\/li>\n<\/ul><\/div>\n<div class=\"isright\">\n<ul class=\"contact-input\">\n<li>\n<div class=\"islabel\">\n<p>* Name:\n\t\t\t\t\t<\/p>\n<\/p><\/div>\n<p><span class=\"wpcf7-form-control-wrap\" data-name=\"your-name\"><input size=\"40\" maxlength=\"400\" class=\"wpcf7-form-control wpcf7-text wpcf7-validates-as-required\" aria-required=\"true\" aria-invalid=\"false\" placeholder=\"\" value=\"\" type=\"text\" name=\"your-name\" \/><\/span>\n\t\t\t\t<\/p>\n<\/li>\n<li>\n<div class=\"islabel\">\n<p>* E-Mail:\n\t\t\t\t\t<\/p>\n<\/p><\/div>\n<p><span class=\"wpcf7-form-control-wrap\" data-name=\"your-email\"><input size=\"40\" maxlength=\"400\" class=\"wpcf7-form-control wpcf7-email wpcf7-validates-as-required wpcf7-text wpcf7-validates-as-email\" aria-required=\"true\" aria-invalid=\"false\" placeholder=\"\" value=\"\" type=\"email\" name=\"your-email\" \/><\/span>\n\t\t\t\t<\/p>\n<\/li>\n<li>\n<div class=\"islabel\">\n<p>* Telefon\/Whatsapp:\n\t\t\t\t\t<\/p>\n<\/p><\/div>\n<p><span class=\"wpcf7-form-control-wrap\" data-name=\"your-phone\"><input size=\"40\" maxlength=\"400\" class=\"wpcf7-form-control wpcf7-tel wpcf7-text wpcf7-validates-as-tel\" aria-invalid=\"false\" placeholder=\"\" value=\"\" type=\"tel\" name=\"your-phone\" \/><\/span>\n\t\t\t\t<\/p>\n<\/li>\n<li>\n<div class=\"islabel\">\n<p>Land:\n\t\t\t\t\t<\/p>\n<\/p><\/div>\n<p><span class=\"wpcf7-form-control-wrap\" data-name=\"your-country\"><input size=\"40\" maxlength=\"400\" class=\"wpcf7-form-control wpcf7-text\" aria-invalid=\"false\" placeholder=\"\" value=\"\" type=\"text\" name=\"your-country\" \/><\/span>\n\t\t\t\t<\/p>\n<\/li>\n<li class=\"ismassage\">\n<div class=\"islabel\">\n<p>* Nachricht:\n\t\t\t\t\t<\/p>\n<\/p><\/div>\n<p><span class=\"wpcf7-form-control-wrap\" data-name=\"your-msg\"><textarea cols=\"40\" rows=\"10\" maxlength=\"2000\" class=\"wpcf7-form-control wpcf7-textarea wpcf7-validates-as-required\" aria-required=\"true\" aria-invalid=\"false\" name=\"your-msg\"><\/textarea><\/span>\n\t\t\t\t<\/p>\n<\/li>\n<li class=\"wpcf7-btns-box\">\n<div class=\"isFileName\">\n\t\t\t\t<\/div>\n<div class=\"wpcf7-btns\">\n<p><input class=\"wpcf7-form-control wpcf7-submit has-spinner\" type=\"submit\" value=\"SENDEN\" \/>\n\t\t\t\t\t<\/p>\n<\/p><\/div>\n<\/li>\n<\/ul><\/div>\n<\/div>\n<div class=\"wpcf7-response-output\" aria-hidden=\"true\"><\/div>\n<input type=\"hidden\" name=\"trp-form-language\" value=\"de\"\/><\/form>\n<\/div>\n<\/div>\n<div class=\"page_model\">\n<div class=\"swiper related-products\">\n<div class=\"swiper-wrapper\">\n<div class=\"swiper-slide\"><\/div>\n<\/div>\n<\/div>\n<\/div>","protected":false},"excerpt":{"rendered":"Carbon Brick Bulk density g\/cm3: \u22651.7 Compressive strength \/ Mpa: \u226536 Oxidation rate \/%: \u22648 Average pore size: \u22640.1 Open porosity \/%: \u226415 Sample: testing of sample is available High Quality Reasonable Price Customizable Products &amp; Solutions Timely Delivery 7\/24\/365 At Your Service inquiry nowsend &#8230; <a title=\"Kohlenstoff-Ziegel\" class=\"read-more\" href=\"https:\/\/keruiref.com\/de\/kohlenstoffziegel\/\" aria-label=\"Mehr bei Carbon Brick\">Mehr lesen<\/a>","protected":false},"author":1,"featured_media":2796,"parent":0,"menu_order":0,"comment_status":"closed","ping_status":"closed","template":"","meta":{"footnotes":""},"class_list":{"0":"post-84003","1":"page","2":"type-page","3":"status-publish","4":"has-post-thumbnail","6":"no-featured-image-padding","7":"resize-featured-image"},"yoast_head":"<!-- This site is optimized with the Yoast SEO plugin v24.9 - https:\/\/yoast.com\/wordpress\/plugins\/seo\/ -->\n<title>Carbon Brick<\/title>\n<meta name=\"description\" content=\"Carbon brick is a high - temperature resistant building material mainly composed of carbon, used in furnaces and reactors for its corrosion and heat resistance.\" \/>\n<meta name=\"robots\" content=\"index, follow, max-snippet:-1, max-image-preview:large, max-video-preview:-1\" \/>\n<link rel=\"canonical\" href=\"https:\/\/keruiref.com\/de\/kohlenstoffziegel\/\" \/>\n<script type=\"application\/ld+json\" class=\"yoast-schema-graph\">{\"@context\":\"https:\/\/schema.org\",\"@graph\":[{\"@type\":\"WebPage\",\"@id\":\"https:\/\/keruiref.com\/carbon-brick\/\",\"url\":\"https:\/\/keruiref.com\/carbon-brick\/\",\"name\":\"Carbon Brick\",\"isPartOf\":{\"@id\":\"https:\/\/keruiref.com\/el\/#website\"},\"primaryImageOfPage\":{\"@id\":\"https:\/\/keruiref.com\/carbon-brick\/#primaryimage\"},\"image\":{\"@id\":\"https:\/\/keruiref.com\/carbon-brick\/#primaryimage\"},\"thumbnailUrl\":\"https:\/\/keruiref.com\/wp-content\/uploads\/2023\/08\/Magnesia-Carbon-Brick-price.jpg\",\"datePublished\":\"2025-02-19T06:09:34+00:00\",\"dateModified\":\"2025-05-22T09:39:05+00:00\",\"description\":\"Carbon brick is a high - temperature resistant building material mainly composed of carbon, used in furnaces and reactors for its corrosion and heat resistance.\",\"breadcrumb\":{\"@id\":\"https:\/\/keruiref.com\/carbon-brick\/#breadcrumb\"},\"inLanguage\":\"de\",\"potentialAction\":[{\"@type\":\"ReadAction\",\"target\":[\"https:\/\/keruiref.com\/carbon-brick\/\"]}]},{\"@type\":\"ImageObject\",\"inLanguage\":\"de\",\"@id\":\"https:\/\/keruiref.com\/carbon-brick\/#primaryimage\",\"url\":\"https:\/\/keruiref.com\/wp-content\/uploads\/2023\/08\/Magnesia-Carbon-Brick-price.jpg\",\"contentUrl\":\"https:\/\/keruiref.com\/wp-content\/uploads\/2023\/08\/Magnesia-Carbon-Brick-price.jpg\",\"width\":660,\"height\":495,\"caption\":\"Magnesia Carbon Brick price\"},{\"@type\":\"BreadcrumbList\",\"@id\":\"https:\/\/keruiref.com\/carbon-brick\/#breadcrumb\",\"itemListElement\":[{\"@type\":\"ListItem\",\"position\":1,\"name\":\"Home\",\"item\":\"https:\/\/keruiref.com\/\"},{\"@type\":\"ListItem\",\"position\":2,\"name\":\"Carbon Brick\"}]},{\"@type\":\"WebSite\",\"@id\":\"https:\/\/keruiref.com\/el\/#website\",\"url\":\"https:\/\/keruiref.com\/el\/\",\"name\":\"Your Refractory Bricks, Castables Manufacturer For Kiln | Kerui Refractory\u00ae Official Website\",\"description\":\"\",\"publisher\":{\"@id\":\"https:\/\/keruiref.com\/el\/#organization\"},\"potentialAction\":[{\"@type\":\"SearchAction\",\"target\":{\"@type\":\"EntryPoint\",\"urlTemplate\":\"https:\/\/keruiref.com\/el\/?s={search_term_string}\"},\"query-input\":{\"@type\":\"PropertyValueSpecification\",\"valueRequired\":true,\"valueName\":\"search_term_string\"}}],\"inLanguage\":\"de\"},{\"@type\":\"Organization\",\"@id\":\"https:\/\/keruiref.com\/el\/#organization\",\"name\":\"Your Refractory Bricks, Castables Manufacturer For Kiln | Kerui Refractory\u00ae Official Website\",\"url\":\"https:\/\/keruiref.com\/el\/\",\"logo\":{\"@type\":\"ImageObject\",\"inLanguage\":\"de\",\"@id\":\"https:\/\/keruiref.com\/el\/#\/schema\/logo\/image\/\",\"url\":\"https:\/\/keruiref.com\/wp-content\/uploads\/2024\/01\/footer-Logo.png\",\"contentUrl\":\"https:\/\/keruiref.com\/wp-content\/uploads\/2024\/01\/footer-Logo.png\",\"width\":282,\"height\":70,\"caption\":\"Your Refractory Bricks, Castables Manufacturer For Kiln | Kerui Refractory\u00ae Official Website\"},\"image\":{\"@id\":\"https:\/\/keruiref.com\/el\/#\/schema\/logo\/image\/\"}}]}<\/script>\n<!-- \/ Yoast SEO plugin. -->","yoast_head_json":{"title":"Kohlenstoff-Ziegel","description":"Kohlenstoffziegel ist ein hochtemperaturbest\u00e4ndiges Baumaterial, das haupts\u00e4chlich aus Kohlenstoff besteht und wegen seiner Korrosions- und Hitzebest\u00e4ndigkeit in \u00d6fen und Reaktoren verwendet wird.","robots":{"index":"index","follow":"follow","max-snippet":"max-snippet:-1","max-image-preview":"max-image-preview:large","max-video-preview":"max-video-preview:-1"},"canonical":"https:\/\/keruiref.com\/de\/kohlenstoffziegel\/","schema":{"@context":"https:\/\/schema.org","@graph":[{"@type":"WebPage","@id":"https:\/\/keruiref.com\/carbon-brick\/","url":"https:\/\/keruiref.com\/carbon-brick\/","name":"Kohlenstoff-Ziegel","isPartOf":{"@id":"https:\/\/keruiref.com\/el\/#website"},"primaryImageOfPage":{"@id":"https:\/\/keruiref.com\/carbon-brick\/#primaryimage"},"image":{"@id":"https:\/\/keruiref.com\/carbon-brick\/#primaryimage"},"thumbnailUrl":"https:\/\/keruiref.com\/wp-content\/uploads\/2023\/08\/Magnesia-Carbon-Brick-price.jpg","datePublished":"2025-02-19T06:09:34+00:00","dateModified":"2025-05-22T09:39:05+00:00","description":"Kohlenstoffziegel ist ein hochtemperaturbest\u00e4ndiges Baumaterial, das haupts\u00e4chlich aus Kohlenstoff besteht und wegen seiner Korrosions- und Hitzebest\u00e4ndigkeit in \u00d6fen und Reaktoren verwendet wird.","breadcrumb":{"@id":"https:\/\/keruiref.com\/carbon-brick\/#breadcrumb"},"inLanguage":"de","potentialAction":[{"@type":"ReadAction","target":["https:\/\/keruiref.com\/carbon-brick\/"]}]},{"@type":"ImageObject","inLanguage":"de","@id":"https:\/\/keruiref.com\/carbon-brick\/#primaryimage","url":"https:\/\/keruiref.com\/wp-content\/uploads\/2023\/08\/Magnesia-Carbon-Brick-price.jpg","contentUrl":"https:\/\/keruiref.com\/wp-content\/uploads\/2023\/08\/Magnesia-Carbon-Brick-price.jpg","width":660,"height":495,"caption":"Magnesia Carbon Brick price"},{"@type":"BreadcrumbList","@id":"https:\/\/keruiref.com\/carbon-brick\/#breadcrumb","itemListElement":[{"@type":"ListItem","position":1,"name":"Home","item":"https:\/\/keruiref.com\/"},{"@type":"ListItem","position":2,"name":"Carbon Brick"}]},{"@type":"WebSite","@id":"https:\/\/keruiref.com\/el\/#website","url":"https:\/\/keruiref.com\/el\/","name":"Ihr Hersteller von feuerfesten Steinen und Gussteilen f\u00fcr \u00d6fen | Kerui Refractory\u00ae Official Website","description":"","publisher":{"@id":"https:\/\/keruiref.com\/el\/#organization"},"potentialAction":[{"@type":"SearchAction","target":{"@type":"EntryPoint","urlTemplate":"https:\/\/keruiref.com\/el\/?s={search_term_string}"},"query-input":{"@type":"PropertyValueSpecification","valueRequired":true,"valueName":"search_term_string"}}],"inLanguage":"de"},{"@type":"Organization","@id":"https:\/\/keruiref.com\/el\/#organization","name":"Ihr Hersteller von feuerfesten Steinen und Gussteilen f\u00fcr \u00d6fen | Kerui Refractory\u00ae Official Website","url":"https:\/\/keruiref.com\/el\/","logo":{"@type":"ImageObject","inLanguage":"de","@id":"https:\/\/keruiref.com\/el\/#\/schema\/logo\/image\/","url":"https:\/\/keruiref.com\/wp-content\/uploads\/2024\/01\/footer-Logo.png","contentUrl":"https:\/\/keruiref.com\/wp-content\/uploads\/2024\/01\/footer-Logo.png","width":282,"height":70,"caption":"Your Refractory Bricks, Castables Manufacturer For Kiln | Kerui Refractory\u00ae Official Website"},"image":{"@id":"https:\/\/keruiref.com\/el\/#\/schema\/logo\/image\/"}}]}},"_links":{"self":[{"href":"https:\/\/keruiref.com\/de\/wp-json\/wp\/v2\/pages\/84003","targetHints":{"allow":["GET"]}}],"collection":[{"href":"https:\/\/keruiref.com\/de\/wp-json\/wp\/v2\/pages"}],"about":[{"href":"https:\/\/keruiref.com\/de\/wp-json\/wp\/v2\/types\/page"}],"author":[{"embeddable":true,"href":"https:\/\/keruiref.com\/de\/wp-json\/wp\/v2\/users\/1"}],"replies":[{"embeddable":true,"href":"https:\/\/keruiref.com\/de\/wp-json\/wp\/v2\/comments?post=84003"}],"version-history":[{"count":0,"href":"https:\/\/keruiref.com\/de\/wp-json\/wp\/v2\/pages\/84003\/revisions"}],"wp:featuredmedia":[{"embeddable":true,"href":"https:\/\/keruiref.com\/de\/wp-json\/wp\/v2\/media\/2796"}],"wp:attachment":[{"href":"https:\/\/keruiref.com\/de\/wp-json\/wp\/v2\/media?parent=84003"}],"curies":[{"name":"wp","href":"https:\/\/api.w.org\/{rel}","templated":true}]}}