{"id":83933,"date":"2025-02-20T11:17:43","date_gmt":"2025-02-20T03:17:43","guid":{"rendered":"https:\/\/keruiref.com\/?page_id=83933"},"modified":"2025-06-10T17:15:31","modified_gmt":"2025-06-10T09:15:31","slug":"magnesia-zirconia-brick","status":"publish","type":"page","link":"https:\/\/keruiref.com\/de\/magnesia-zirconia-brick\/","title":{"rendered":"Magnesia-Zirkoniumdioxid-Stein"},"content":{"rendered":"<div class=\"page_model product_info\">\n<div class=\"preview\"><img loading=\"lazy\" decoding=\"async\" class=\"alignnone wp-image-84069 size-full\" src=\"https:\/\/keruiref.com\/wp-content\/uploads\/2025\/02\/Magnesia-Zirconia-Brick.webp\" alt=\"\" width=\"660\" height=\"495\" srcset=\"https:\/\/keruiref.com\/wp-content\/uploads\/2025\/02\/Magnesia-Zirconia-Brick.webp 660w, https:\/\/keruiref.com\/wp-content\/uploads\/2025\/02\/Magnesia-Zirconia-Brick-300x225.webp 300w\" sizes=\"auto, (max-width: 660px) 100vw, 660px\" \/><\/div>\n<div class=\"info\">\n<h1>Magnesia-Zirkoniumdioxid-Stein<\/h1>\n<ul>\n<li>MgO% \u2265\uff1a70\/75\/80 ZrO2 %\u2265\uff1a8\/10\/13;<\/li>\n<li>Scheinbare Porosit\u00e4t%\u2264\uff1a19;<\/li>\n<li>Sch\u00fcttdichte (g\/cm3)\u2265\uff1a2,95;<\/li>\n<li>Feuerfestigkeit unter Last:\u22651600 \u00b0C<\/li>\n<li>Thermoschockbest\u00e4ndigkeit:\u226510 (950 Windst\u00e4rke kalt)<\/li>\n<li>Zertifizierung: ISO9001\/ISO14001\/ISO45001\/ISO50001;<\/li>\n<li>Muster: verf\u00fcgbar;<\/li>\n<\/ul>\n<div class=\"tags\">\n<p>Hohe Qualit\u00e4t<\/p>\n<p>Angemessener Preis<\/p>\n<p>Anpassbare Produkte und L\u00f6sungen<\/p>\n<p>Rechtzeitige Lieferung<\/p>\n<p>7\/24\/365 Zu Ihren Diensten<\/p>\n<\/div>\n<p><a class=\"inruiry fancybox\" href=\"#contact_form_pop\">Anfrage jetzt<\/a><a class=\"email-btn\" href=\"mailto:market@keruiref.com\">E-Mail senden<\/a><\/p>\n<\/div>\n<\/div>\n<div class=\"page_model\">\n<h2>Beschreibung von Magnesia Zirconia Brick<\/h2>\n<p>Magnesia-Zirkoniumdioxid-Ziegel besteht aus hochwertigem geschmolzenem Magnesiasand und Zirkonsand und geh\u00f6rt zu den alkalischen Materialien. Dieses Produkt hat eine hohe Dichte (Sch\u00fcttdichte) ist gr\u00f6\u00dfer als 3,08g\/cm3). es widersteht auch alkalische Atmosph\u00e4re Erosion und alkalische Schlacke Erosion und weit verbreitet in Glasofen, regenerative Kammer, Zementofen, Stahlherstellung Elektroofen und Nichteisenmetallurgie verwendet.<\/p>\n<div class='content-column full_width'><img loading=\"lazy\" decoding=\"async\" class=\"alignnone wp-image-83918 size-full\" src=\"https:\/\/keruiref.com\/wp-content\/uploads\/2025\/02\/Corundum-Mullite-Brick.webp\" alt=\"\" width=\"1400\" height=\"310\" srcset=\"https:\/\/keruiref.com\/wp-content\/uploads\/2025\/02\/Corundum-Mullite-Brick.webp 1400w, https:\/\/keruiref.com\/wp-content\/uploads\/2025\/02\/Corundum-Mullite-Brick-300x66.webp 300w, https:\/\/keruiref.com\/wp-content\/uploads\/2025\/02\/Corundum-Mullite-Brick-1024x227.webp 1024w, https:\/\/keruiref.com\/wp-content\/uploads\/2025\/02\/Corundum-Mullite-Brick-768x170.webp 768w\" sizes=\"auto, (max-width: 1400px) 100vw, 1400px\" \/><\/div>\n<p><center><a class=\"fancybox price\" href=\"#contact_form_pop\">PREIS ERHALTEN<\/a><\/center><\/p>\n<div class=\"fancybox-hidden\" style=\"display: none;\">\n<div id=\"contact_form_pop\">\n<div class=\"wpcf7 no-js\" id=\"wpcf7-f328-o1\" lang=\"en-US\" dir=\"ltr\" data-wpcf7-id=\"328\">\n<div class=\"screen-reader-response\">\n<p role=\"status\" aria-live=\"polite\" aria-atomic=\"true\">\n<ul><\/ul>\n<\/div>\n<form action=\"\/de\/wp-json\/wp\/v2\/pages\/83933#wpcf7-f328-o1\" method=\"post\" class=\"wpcf7-form init\" aria-label=\"Kontakt-Formular\" novalidate=\"novalidate\" data-status=\"init\" data-trp-original-action=\"\/de\/wp-json\/wp\/v2\/pages\/83933#wpcf7-f328-o1\">\n<div style=\"display: none;\">\n<input type=\"hidden\" name=\"_wpcf7\" value=\"328\" \/><br \/>\n<input type=\"hidden\" name=\"_wpcf7_version\" value=\"6.0.4\" \/><br \/>\n<input type=\"hidden\" name=\"_wpcf7_locale\" value=\"en_US\" \/><br \/>\n<input type=\"hidden\" name=\"_wpcf7_unit_tag\" value=\"wpcf7-f328-o1\" \/><br \/>\n<input type=\"hidden\" name=\"_wpcf7_container_post\" value=\"0\" \/><br \/>\n<input type=\"hidden\" name=\"_wpcf7_posted_data_hash\" value=\"\" \/><br \/>\n<input type=\"hidden\" name=\"_wpcf7_recaptcha_response\" value=\"\" \/>\n<\/div>\n<div class=\"form-box\" id=\"Contact-Us\">\n<div class=\"isleft\">\n<div class=\"contact-title\">\n<p>Kontakt\n\t\t\t<\/p>\n<\/p><\/div>\n<div class=\"contactp\">\n<p>Bitte z\u00f6gern Sie nicht, Ihre Anfrage in das entsprechende Formular einzutragen. Wir werden Ihnen innerhalb von 6 Stunden antworten.\n\t\t\t<\/p>\n<\/p><\/div>\n<ul class=\"contact\">\n<li class=\"email\">\n<p><img decoding=\"async\" src=\"https:\/\/keruiref.com\/wp-content\/uploads\/2023\/12\/email.png\" alt=\"\" \/>E-Mail:\n\t\t\t\t<\/p>\n<p><a href=\"mailto:market@keruiref.com\">market@keruiref.com<\/a>\n\t\t\t\t<\/p>\n<\/li>\n<li class=\"phone\">\n<p><img decoding=\"async\" src=\"https:\/\/keruiref.com\/wp-content\/uploads\/2023\/12\/tel.png\" alt=\"\" \/>Telefon\/Whatsapp:\n\t\t\t\t<\/p>\n<p><a href=\"https:\/\/wa.me\/8619138178880\">+86 19138178880<\/a>\n\t\t\t\t<\/p>\n<\/li>\n<li class=\"location\">\n<p><img decoding=\"async\" src=\"https:\/\/keruiref.com\/wp-content\/uploads\/2023\/12\/Location.png\" alt=\"\" \/>Produktionsbasis:\n\t\t\t\t<\/p>\n<p>Chaohua Zone f\u00fcr feuerfeste Industrie,<br \/>\nStadt Xinmi, Provinz Henan, China\n\t\t\t\t<\/p>\n<\/li>\n<\/ul><\/div>\n<div class=\"isright\">\n<ul class=\"contact-input\">\n<li>\n<div class=\"islabel\">\n<p>* Name:\n\t\t\t\t\t<\/p>\n<\/p><\/div>\n<p><span class=\"wpcf7-form-control-wrap\" data-name=\"your-name\"><input size=\"40\" maxlength=\"400\" class=\"wpcf7-form-control wpcf7-text wpcf7-validates-as-required\" aria-required=\"true\" aria-invalid=\"false\" placeholder=\"\" value=\"\" type=\"text\" name=\"your-name\" \/><\/span>\n\t\t\t\t<\/p>\n<\/li>\n<li>\n<div class=\"islabel\">\n<p>* E-Mail:\n\t\t\t\t\t<\/p>\n<\/p><\/div>\n<p><span class=\"wpcf7-form-control-wrap\" data-name=\"your-email\"><input size=\"40\" maxlength=\"400\" class=\"wpcf7-form-control wpcf7-email wpcf7-validates-as-required wpcf7-text wpcf7-validates-as-email\" aria-required=\"true\" aria-invalid=\"false\" placeholder=\"\" value=\"\" type=\"email\" name=\"your-email\" \/><\/span>\n\t\t\t\t<\/p>\n<\/li>\n<li>\n<div class=\"islabel\">\n<p>* Telefon\/Whatsapp:\n\t\t\t\t\t<\/p>\n<\/p><\/div>\n<p><span class=\"wpcf7-form-control-wrap\" data-name=\"your-phone\"><input size=\"40\" maxlength=\"400\" class=\"wpcf7-form-control wpcf7-tel wpcf7-text wpcf7-validates-as-tel\" aria-invalid=\"false\" placeholder=\"\" value=\"\" type=\"tel\" name=\"your-phone\" \/><\/span>\n\t\t\t\t<\/p>\n<\/li>\n<li>\n<div class=\"islabel\">\n<p>Land:\n\t\t\t\t\t<\/p>\n<\/p><\/div>\n<p><span class=\"wpcf7-form-control-wrap\" data-name=\"your-country\"><input size=\"40\" maxlength=\"400\" class=\"wpcf7-form-control wpcf7-text\" aria-invalid=\"false\" placeholder=\"\" value=\"\" type=\"text\" name=\"your-country\" \/><\/span>\n\t\t\t\t<\/p>\n<\/li>\n<li class=\"ismassage\">\n<div class=\"islabel\">\n<p>* Nachricht:\n\t\t\t\t\t<\/p>\n<\/p><\/div>\n<p><span class=\"wpcf7-form-control-wrap\" data-name=\"your-msg\"><textarea cols=\"40\" rows=\"10\" maxlength=\"2000\" class=\"wpcf7-form-control wpcf7-textarea wpcf7-validates-as-required\" aria-required=\"true\" aria-invalid=\"false\" name=\"your-msg\"><\/textarea><\/span>\n\t\t\t\t<\/p>\n<\/li>\n<li class=\"wpcf7-btns-box\">\n<div class=\"isFileName\">\n\t\t\t\t<\/div>\n<div class=\"wpcf7-btns\">\n<p><input class=\"wpcf7-form-control wpcf7-submit has-spinner\" type=\"submit\" value=\"SENDEN\" \/>\n\t\t\t\t\t<\/p>\n<\/p><\/div>\n<\/li>\n<\/ul><\/div>\n<\/div>\n<div class=\"wpcf7-response-output\" aria-hidden=\"true\"><\/div>\n<input type=\"hidden\" name=\"trp-form-language\" value=\"de\"\/><\/form>\n<\/div>\n<\/div>\n<\/div>\n<h2>Technische Daten von Kerui Magnesia Zirkoniumdioxid Ziegel<\/h2>\n<table id=\"tablepress-58\" class=\"tablepress tablepress-id-58\">\n<thead>\n<tr class=\"row-1\">\n<th class=\"column-1\">Artikel<\/th>\n<th colspan=\"4\" class=\"column-2\">Magnesia-Zirkon-Stein<\/th>\n<th class=\"column-6\"><\/th>\n<\/tr>\n<\/thead>\n<tbody class=\"row-striping row-hover\">\n<tr class=\"row-2\">\n<td class=\"column-1\">Klasse<\/td>\n<td class=\"column-2\">MZ-8<\/td>\n<td class=\"column-3\">MZ-10<\/td>\n<td class=\"column-4\">MZ-12<\/td>\n<td class=\"column-5\">MZ-13<\/td>\n<td class=\"column-6\"><\/td>\n<\/tr>\n<tr class=\"row-3\">\n<td class=\"column-1\">MagO (%) \u2265<\/td>\n<td class=\"column-2\">80<\/td>\n<td class=\"column-3\">75<\/td>\n<td class=\"column-4\">75<\/td>\n<td class=\"column-5\">70<\/td>\n<td class=\"column-6\"><\/td>\n<\/tr>\n<tr class=\"row-4\">\n<td class=\"column-1\">ZrO2 (%) \u2265<\/td>\n<td class=\"column-2\">8<\/td>\n<td class=\"column-3\">10<\/td>\n<td class=\"column-4\">12<\/td>\n<td class=\"column-5\">13<\/td>\n<td class=\"column-6\"><\/td>\n<\/tr>\n<tr class=\"row-5\">\n<td class=\"column-1\">0.2Mpa Feuerfestigkeit unter Last T0.6 \u2103<\/td>\n<td class=\"column-2\">1600<\/td>\n<td class=\"column-3\">1550<\/td>\n<td class=\"column-4\">1550<\/td>\n<td class=\"column-5\">1600<\/td>\n<td class=\"column-6\"><\/td>\n<\/tr>\n<tr class=\"row-6\">\n<td class=\"column-1\">Kaltstauchfestigkeit (Mpa)<\/td>\n<td class=\"column-2\">50<\/td>\n<td class=\"column-3\">45<\/td>\n<td class=\"column-4\">45<\/td>\n<td class=\"column-5\">40<\/td>\n<td class=\"column-6\"><\/td>\n<\/tr>\n<tr class=\"row-7\">\n<td class=\"column-1\">Sch\u00fcttdichte g\/cm\u00b3<\/td>\n<td class=\"column-2\">2.95<\/td>\n<td class=\"column-3\">3<\/td>\n<td class=\"column-4\">3.05<\/td>\n<td class=\"column-5\">3.05<\/td>\n<td class=\"column-6\"><\/td>\n<\/tr>\n<tr class=\"row-8\">\n<td class=\"column-1\">Scheinbare Porosit\u00e4t %<\/td>\n<td class=\"column-2\">19<\/td>\n<td class=\"column-3\">18<\/td>\n<td class=\"column-4\">18<\/td>\n<td class=\"column-5\">18<\/td>\n<td class=\"column-6\"><\/td>\n<\/tr>\n<tr class=\"row-9\">\n<td class=\"column-1\">Pernanent Lineare \u00c4nderung bei Wiedererw\u00e4rmung % 15000 \u2103X2h<\/td>\n<td class=\"column-2\">0~+0.4<\/td>\n<td class=\"column-3\">0~+0.4<\/td>\n<td class=\"column-4\">0~+0.4<\/td>\n<td class=\"column-5\">0~+0.4<\/td>\n<td class=\"column-6\"><\/td>\n<\/tr>\n<tr class=\"row-10\">\n<td class=\"column-1\">Thermoschockbest\u00e4ndigkeit \u2265 100\u2103 Wasserzyklen<\/td>\n<td class=\"column-2\">10<\/td>\n<td class=\"column-3\">10<\/td>\n<td class=\"column-4\">10<\/td>\n<td class=\"column-5\">10<\/td>\n<td class=\"column-6\"><\/td>\n<\/tr>\n<\/tbody>\n<\/table>\n<p><!-- #tablepress-58 from cache --><\/p>\n<p><img loading=\"lazy\" decoding=\"async\" class=\"alignnone size-full wp-image-11194\" src=\"https:\/\/keruiref.com\/wp-content\/uploads\/2023\/09\/certificate.jpg\" alt=\"Zertifikat\" width=\"1600\" height=\"680\" srcset=\"https:\/\/keruiref.com\/wp-content\/uploads\/2023\/09\/certificate.jpg 1600w, https:\/\/keruiref.com\/wp-content\/uploads\/2023\/09\/certificate-300x128.jpg 300w, https:\/\/keruiref.com\/wp-content\/uploads\/2023\/09\/certificate-1024x435.jpg 1024w, https:\/\/keruiref.com\/wp-content\/uploads\/2023\/09\/certificate-768x326.jpg 768w, https:\/\/keruiref.com\/wp-content\/uploads\/2023\/09\/certificate-1536x653.jpg 1536w\" sizes=\"auto, (max-width: 1600px) 100vw, 1600px\" \/><\/p>\n<h2>Anwendung von Magnesia-Zirkoniumdioxid-Steinen<\/h2>\n<p>Magnesia-Zirkoniumdioxid-Steine finden breite Anwendung in der Hochtemperaturindustrie. In Konvertern der Stahlindustrie kleiden sie die W\u00e4nde aus und halten geschmolzenen Stahl und Schlacke bei hohen Temperaturen stand. In Glasschmelz\u00f6fen widerstehen diese Steine der Korrosion von Hochtemperatur-Glasschmelzen und Verbrennungsgasen. Sie werden auch in Zement\u00f6fen eingesetzt, um die Ofenstruktur vor starker Hitze und chemischen Angriffen zu sch\u00fctzen und so einen langfristigen, stabilen Betrieb dieser Anlagen zu gew\u00e4hrleisten.<\/p>\n<h2>Vorteile von Magnesia-Zirkoniumdioxid-Ziegeln<\/h2>\n<p>1.High refractoriness, enabling them to endure extremely high temperatures in harsh environments.<br \/>\n2.Good slag resistance, effectively resisting the erosion of various slags.<br \/>\n3.Excellent thermal shock stability, maintaining integrity under thermal stress.<br \/>\n4.High mechanical strength, capable of withstanding heavy loads and impacts.<\/p>\n<p><img loading=\"lazy\" decoding=\"async\" class=\"alignnone size-full wp-image-11197\" src=\"https:\/\/keruiref.com\/wp-content\/uploads\/2023\/09\/Kerui-Customers.jpg\" alt=\"Kerui Kunden\" width=\"1600\" height=\"750\" srcset=\"https:\/\/keruiref.com\/wp-content\/uploads\/2023\/09\/Kerui-Customers.jpg 1600w, https:\/\/keruiref.com\/wp-content\/uploads\/2023\/09\/Kerui-Customers-300x141.jpg 300w, https:\/\/keruiref.com\/wp-content\/uploads\/2023\/09\/Kerui-Customers-1024x480.jpg 1024w, https:\/\/keruiref.com\/wp-content\/uploads\/2023\/09\/Kerui-Customers-768x360.jpg 768w, https:\/\/keruiref.com\/wp-content\/uploads\/2023\/09\/Kerui-Customers-1536x720.jpg 1536w\" sizes=\"auto, (max-width: 1600px) 100vw, 1600px\" \/><\/p>\n<\/div>\n<div id=\"INQUIRY\" class=\"page_model\">\n<div class=\"wpcf7 no-js\" id=\"wpcf7-f328-o2\" lang=\"en-US\" dir=\"ltr\" data-wpcf7-id=\"328\">\n<div class=\"screen-reader-response\">\n<p role=\"status\" aria-live=\"polite\" aria-atomic=\"true\">\n<ul><\/ul>\n<\/div>\n<form action=\"\/de\/wp-json\/wp\/v2\/pages\/83933#wpcf7-f328-o2\" method=\"post\" class=\"wpcf7-form init\" aria-label=\"Kontakt-Formular\" novalidate=\"novalidate\" data-status=\"init\" data-trp-original-action=\"\/de\/wp-json\/wp\/v2\/pages\/83933#wpcf7-f328-o2\">\n<div style=\"display: none;\">\n<input type=\"hidden\" name=\"_wpcf7\" value=\"328\" \/><br \/>\n<input type=\"hidden\" name=\"_wpcf7_version\" value=\"6.0.4\" \/><br \/>\n<input type=\"hidden\" name=\"_wpcf7_locale\" value=\"en_US\" \/><br \/>\n<input type=\"hidden\" name=\"_wpcf7_unit_tag\" value=\"wpcf7-f328-o2\" \/><br \/>\n<input type=\"hidden\" name=\"_wpcf7_container_post\" value=\"0\" \/><br \/>\n<input type=\"hidden\" name=\"_wpcf7_posted_data_hash\" value=\"\" \/><br \/>\n<input type=\"hidden\" name=\"_wpcf7_recaptcha_response\" value=\"\" \/>\n<\/div>\n<div class=\"form-box\" id=\"Contact-Us\">\n<div class=\"isleft\">\n<div class=\"contact-title\">\n<p>Kontakt\n\t\t\t<\/p>\n<\/p><\/div>\n<div class=\"contactp\">\n<p>Bitte z\u00f6gern Sie nicht, Ihre Anfrage in das entsprechende Formular einzutragen. Wir werden Ihnen innerhalb von 6 Stunden antworten.\n\t\t\t<\/p>\n<\/p><\/div>\n<ul class=\"contact\">\n<li class=\"email\">\n<p><img decoding=\"async\" src=\"https:\/\/keruiref.com\/wp-content\/uploads\/2023\/12\/email.png\" alt=\"\" \/>E-Mail:\n\t\t\t\t<\/p>\n<p><a href=\"mailto:market@keruiref.com\">market@keruiref.com<\/a>\n\t\t\t\t<\/p>\n<\/li>\n<li class=\"phone\">\n<p><img decoding=\"async\" src=\"https:\/\/keruiref.com\/wp-content\/uploads\/2023\/12\/tel.png\" alt=\"\" \/>Telefon\/Whatsapp:\n\t\t\t\t<\/p>\n<p><a href=\"https:\/\/wa.me\/8619138178880\">+86 19138178880<\/a>\n\t\t\t\t<\/p>\n<\/li>\n<li class=\"location\">\n<p><img decoding=\"async\" src=\"https:\/\/keruiref.com\/wp-content\/uploads\/2023\/12\/Location.png\" alt=\"\" \/>Produktionsbasis:\n\t\t\t\t<\/p>\n<p>Chaohua Zone f\u00fcr feuerfeste Industrie,<br \/>\nStadt Xinmi, Provinz Henan, China\n\t\t\t\t<\/p>\n<\/li>\n<\/ul><\/div>\n<div class=\"isright\">\n<ul class=\"contact-input\">\n<li>\n<div class=\"islabel\">\n<p>* Name:\n\t\t\t\t\t<\/p>\n<\/p><\/div>\n<p><span class=\"wpcf7-form-control-wrap\" data-name=\"your-name\"><input size=\"40\" maxlength=\"400\" class=\"wpcf7-form-control wpcf7-text wpcf7-validates-as-required\" aria-required=\"true\" aria-invalid=\"false\" placeholder=\"\" value=\"\" type=\"text\" name=\"your-name\" \/><\/span>\n\t\t\t\t<\/p>\n<\/li>\n<li>\n<div class=\"islabel\">\n<p>* E-Mail:\n\t\t\t\t\t<\/p>\n<\/p><\/div>\n<p><span class=\"wpcf7-form-control-wrap\" data-name=\"your-email\"><input size=\"40\" maxlength=\"400\" class=\"wpcf7-form-control wpcf7-email wpcf7-validates-as-required wpcf7-text wpcf7-validates-as-email\" aria-required=\"true\" aria-invalid=\"false\" placeholder=\"\" value=\"\" type=\"email\" name=\"your-email\" \/><\/span>\n\t\t\t\t<\/p>\n<\/li>\n<li>\n<div class=\"islabel\">\n<p>* Telefon\/Whatsapp:\n\t\t\t\t\t<\/p>\n<\/p><\/div>\n<p><span class=\"wpcf7-form-control-wrap\" data-name=\"your-phone\"><input size=\"40\" maxlength=\"400\" class=\"wpcf7-form-control wpcf7-tel wpcf7-text wpcf7-validates-as-tel\" aria-invalid=\"false\" placeholder=\"\" value=\"\" type=\"tel\" name=\"your-phone\" \/><\/span>\n\t\t\t\t<\/p>\n<\/li>\n<li>\n<div class=\"islabel\">\n<p>Land:\n\t\t\t\t\t<\/p>\n<\/p><\/div>\n<p><span class=\"wpcf7-form-control-wrap\" data-name=\"your-country\"><input size=\"40\" maxlength=\"400\" class=\"wpcf7-form-control wpcf7-text\" aria-invalid=\"false\" placeholder=\"\" value=\"\" type=\"text\" name=\"your-country\" \/><\/span>\n\t\t\t\t<\/p>\n<\/li>\n<li class=\"ismassage\">\n<div class=\"islabel\">\n<p>* Nachricht:\n\t\t\t\t\t<\/p>\n<\/p><\/div>\n<p><span class=\"wpcf7-form-control-wrap\" data-name=\"your-msg\"><textarea cols=\"40\" rows=\"10\" maxlength=\"2000\" class=\"wpcf7-form-control wpcf7-textarea wpcf7-validates-as-required\" aria-required=\"true\" aria-invalid=\"false\" name=\"your-msg\"><\/textarea><\/span>\n\t\t\t\t<\/p>\n<\/li>\n<li class=\"wpcf7-btns-box\">\n<div class=\"isFileName\">\n\t\t\t\t<\/div>\n<div class=\"wpcf7-btns\">\n<p><input class=\"wpcf7-form-control wpcf7-submit has-spinner\" type=\"submit\" value=\"SENDEN\" \/>\n\t\t\t\t\t<\/p>\n<\/p><\/div>\n<\/li>\n<\/ul><\/div>\n<\/div>\n<div class=\"wpcf7-response-output\" aria-hidden=\"true\"><\/div>\n<input type=\"hidden\" name=\"trp-form-language\" value=\"de\"\/><\/form>\n<\/div>\n<\/div>\n<div class=\"page_model\"><\/div>","protected":false},"excerpt":{"rendered":"Magnesia Zirconia Brick MgO% \u2265\uff1a70\/75\/80 ZrO2 %\u2265\uff1a8\/10\/13; Apparent Porosity%\u2264\uff1a19; Bulk Density (g\/cm3)\u2265\uff1a2.95; Refractoriness Under Load:\u22651600 \u00b0C Thermal Shock Resistance:\u226510 (950-wind cold) Certification: ISO9001\/ISO14001\/ISO45001\/ISO50001; Sample: available; High Quality Reasonable Price Customizable Products &amp; Solutions Timely Delivery 7\/24\/365 At Your Service inquiry nowsend email Description of Magnesia &#8230; <a title=\"Magnesia-Zirkoniumdioxid-Stein\" class=\"read-more\" href=\"https:\/\/keruiref.com\/de\/magnesia-zirconia-brick\/\" aria-label=\"Mehr bei Magnesia Zirconia Brick\">Mehr lesen<\/a>","protected":false},"author":1,"featured_media":84069,"parent":0,"menu_order":0,"comment_status":"closed","ping_status":"closed","template":"","meta":{"footnotes":""},"class_list":{"0":"post-83933","1":"page","2":"type-page","3":"status-publish","4":"has-post-thumbnail","6":"no-featured-image-padding","7":"resize-featured-image"},"yoast_head":"<!-- This site is optimized with the Yoast SEO plugin v24.9 - https:\/\/yoast.com\/wordpress\/plugins\/seo\/ -->\n<title>Magnesia Zirconia Brick - Your Refractory Bricks, Castables Manufacturer For Kiln | Kerui Refractory\u00ae Official Website<\/title>\n<meta name=\"description\" content=\"Magnesia zirconia brick is composed of high-quality fused magnesia sand and zircon sand and it belongs to alkaline material.\" \/>\n<meta name=\"robots\" content=\"index, follow, max-snippet:-1, max-image-preview:large, max-video-preview:-1\" \/>\n<link rel=\"canonical\" href=\"https:\/\/keruiref.com\/de\/magnesia-zirconia-brick\/\" \/>\n<script type=\"application\/ld+json\" class=\"yoast-schema-graph\">{\"@context\":\"https:\/\/schema.org\",\"@graph\":[{\"@type\":\"WebPage\",\"@id\":\"https:\/\/keruiref.com\/magnesia-zirconia-brick\/\",\"url\":\"https:\/\/keruiref.com\/magnesia-zirconia-brick\/\",\"name\":\"Magnesia Zirconia Brick - Your Refractory Bricks, Castables Manufacturer For Kiln | Kerui Refractory\u00ae Official Website\",\"isPartOf\":{\"@id\":\"https:\/\/keruiref.com\/el\/#website\"},\"primaryImageOfPage\":{\"@id\":\"https:\/\/keruiref.com\/magnesia-zirconia-brick\/#primaryimage\"},\"image\":{\"@id\":\"https:\/\/keruiref.com\/magnesia-zirconia-brick\/#primaryimage\"},\"thumbnailUrl\":\"https:\/\/keruiref.com\/wp-content\/uploads\/2025\/02\/Magnesia-Zirconia-Brick.webp\",\"datePublished\":\"2025-02-20T03:17:43+00:00\",\"dateModified\":\"2025-06-10T09:15:31+00:00\",\"description\":\"Magnesia zirconia brick is composed of high-quality fused magnesia sand and zircon sand and it belongs to alkaline material.\",\"breadcrumb\":{\"@id\":\"https:\/\/keruiref.com\/magnesia-zirconia-brick\/#breadcrumb\"},\"inLanguage\":\"de\",\"potentialAction\":[{\"@type\":\"ReadAction\",\"target\":[\"https:\/\/keruiref.com\/magnesia-zirconia-brick\/\"]}]},{\"@type\":\"ImageObject\",\"inLanguage\":\"de\",\"@id\":\"https:\/\/keruiref.com\/magnesia-zirconia-brick\/#primaryimage\",\"url\":\"https:\/\/keruiref.com\/wp-content\/uploads\/2025\/02\/Magnesia-Zirconia-Brick.webp\",\"contentUrl\":\"https:\/\/keruiref.com\/wp-content\/uploads\/2025\/02\/Magnesia-Zirconia-Brick.webp\",\"width\":660,\"height\":495},{\"@type\":\"BreadcrumbList\",\"@id\":\"https:\/\/keruiref.com\/magnesia-zirconia-brick\/#breadcrumb\",\"itemListElement\":[{\"@type\":\"ListItem\",\"position\":1,\"name\":\"Home\",\"item\":\"https:\/\/keruiref.com\/\"},{\"@type\":\"ListItem\",\"position\":2,\"name\":\"Magnesia Zirconia Brick\"}]},{\"@type\":\"WebSite\",\"@id\":\"https:\/\/keruiref.com\/el\/#website\",\"url\":\"https:\/\/keruiref.com\/el\/\",\"name\":\"Your Refractory Bricks, Castables Manufacturer For Kiln | Kerui Refractory\u00ae Official Website\",\"description\":\"\",\"publisher\":{\"@id\":\"https:\/\/keruiref.com\/el\/#organization\"},\"potentialAction\":[{\"@type\":\"SearchAction\",\"target\":{\"@type\":\"EntryPoint\",\"urlTemplate\":\"https:\/\/keruiref.com\/el\/?s={search_term_string}\"},\"query-input\":{\"@type\":\"PropertyValueSpecification\",\"valueRequired\":true,\"valueName\":\"search_term_string\"}}],\"inLanguage\":\"de\"},{\"@type\":\"Organization\",\"@id\":\"https:\/\/keruiref.com\/el\/#organization\",\"name\":\"Your Refractory Bricks, Castables Manufacturer For Kiln | Kerui Refractory\u00ae Official Website\",\"url\":\"https:\/\/keruiref.com\/el\/\",\"logo\":{\"@type\":\"ImageObject\",\"inLanguage\":\"de\",\"@id\":\"https:\/\/keruiref.com\/el\/#\/schema\/logo\/image\/\",\"url\":\"https:\/\/keruiref.com\/wp-content\/uploads\/2024\/01\/footer-Logo.png\",\"contentUrl\":\"https:\/\/keruiref.com\/wp-content\/uploads\/2024\/01\/footer-Logo.png\",\"width\":282,\"height\":70,\"caption\":\"Your Refractory Bricks, Castables Manufacturer For Kiln | Kerui Refractory\u00ae Official Website\"},\"image\":{\"@id\":\"https:\/\/keruiref.com\/el\/#\/schema\/logo\/image\/\"}}]}<\/script>\n<!-- \/ Yoast SEO plugin. -->","yoast_head_json":{"title":"Magnesia Zirconia Brick - Your Refractory Bricks, Castables Manufacturer For Kiln | Kerui Refractory\u00ae Official Website","description":"Magnesia zirconia brick is composed of high-quality fused magnesia sand and zircon sand and it belongs to alkaline material.","robots":{"index":"index","follow":"follow","max-snippet":"max-snippet:-1","max-image-preview":"max-image-preview:large","max-video-preview":"max-video-preview:-1"},"canonical":"https:\/\/keruiref.com\/de\/magnesia-zirconia-brick\/","schema":{"@context":"https:\/\/schema.org","@graph":[{"@type":"WebPage","@id":"https:\/\/keruiref.com\/magnesia-zirconia-brick\/","url":"https:\/\/keruiref.com\/magnesia-zirconia-brick\/","name":"Magnesia Zirconia Brick - Your Refractory Bricks, Castables Manufacturer For Kiln | Kerui Refractory\u00ae Official Website","isPartOf":{"@id":"https:\/\/keruiref.com\/el\/#website"},"primaryImageOfPage":{"@id":"https:\/\/keruiref.com\/magnesia-zirconia-brick\/#primaryimage"},"image":{"@id":"https:\/\/keruiref.com\/magnesia-zirconia-brick\/#primaryimage"},"thumbnailUrl":"https:\/\/keruiref.com\/wp-content\/uploads\/2025\/02\/Magnesia-Zirconia-Brick.webp","datePublished":"2025-02-20T03:17:43+00:00","dateModified":"2025-06-10T09:15:31+00:00","description":"Magnesia zirconia brick is composed of high-quality fused magnesia sand and zircon sand and it belongs to alkaline material.","breadcrumb":{"@id":"https:\/\/keruiref.com\/magnesia-zirconia-brick\/#breadcrumb"},"inLanguage":"de","potentialAction":[{"@type":"ReadAction","target":["https:\/\/keruiref.com\/magnesia-zirconia-brick\/"]}]},{"@type":"ImageObject","inLanguage":"de","@id":"https:\/\/keruiref.com\/magnesia-zirconia-brick\/#primaryimage","url":"https:\/\/keruiref.com\/wp-content\/uploads\/2025\/02\/Magnesia-Zirconia-Brick.webp","contentUrl":"https:\/\/keruiref.com\/wp-content\/uploads\/2025\/02\/Magnesia-Zirconia-Brick.webp","width":660,"height":495},{"@type":"BreadcrumbList","@id":"https:\/\/keruiref.com\/magnesia-zirconia-brick\/#breadcrumb","itemListElement":[{"@type":"ListItem","position":1,"name":"Home","item":"https:\/\/keruiref.com\/"},{"@type":"ListItem","position":2,"name":"Magnesia Zirconia Brick"}]},{"@type":"WebSite","@id":"https:\/\/keruiref.com\/el\/#website","url":"https:\/\/keruiref.com\/el\/","name":"Ihr Hersteller von feuerfesten Steinen und Gussteilen f\u00fcr \u00d6fen | Kerui Refractory\u00ae Official Website","description":"","publisher":{"@id":"https:\/\/keruiref.com\/el\/#organization"},"potentialAction":[{"@type":"SearchAction","target":{"@type":"EntryPoint","urlTemplate":"https:\/\/keruiref.com\/el\/?s={search_term_string}"},"query-input":{"@type":"PropertyValueSpecification","valueRequired":true,"valueName":"search_term_string"}}],"inLanguage":"de"},{"@type":"Organization","@id":"https:\/\/keruiref.com\/el\/#organization","name":"Ihr Hersteller von feuerfesten Steinen und Gussteilen f\u00fcr \u00d6fen | Kerui Refractory\u00ae Official Website","url":"https:\/\/keruiref.com\/el\/","logo":{"@type":"ImageObject","inLanguage":"de","@id":"https:\/\/keruiref.com\/el\/#\/schema\/logo\/image\/","url":"https:\/\/keruiref.com\/wp-content\/uploads\/2024\/01\/footer-Logo.png","contentUrl":"https:\/\/keruiref.com\/wp-content\/uploads\/2024\/01\/footer-Logo.png","width":282,"height":70,"caption":"Your Refractory Bricks, Castables Manufacturer For Kiln | Kerui Refractory\u00ae Official Website"},"image":{"@id":"https:\/\/keruiref.com\/el\/#\/schema\/logo\/image\/"}}]}},"_links":{"self":[{"href":"https:\/\/keruiref.com\/de\/wp-json\/wp\/v2\/pages\/83933","targetHints":{"allow":["GET"]}}],"collection":[{"href":"https:\/\/keruiref.com\/de\/wp-json\/wp\/v2\/pages"}],"about":[{"href":"https:\/\/keruiref.com\/de\/wp-json\/wp\/v2\/types\/page"}],"author":[{"embeddable":true,"href":"https:\/\/keruiref.com\/de\/wp-json\/wp\/v2\/users\/1"}],"replies":[{"embeddable":true,"href":"https:\/\/keruiref.com\/de\/wp-json\/wp\/v2\/comments?post=83933"}],"version-history":[{"count":0,"href":"https:\/\/keruiref.com\/de\/wp-json\/wp\/v2\/pages\/83933\/revisions"}],"wp:featuredmedia":[{"embeddable":true,"href":"https:\/\/keruiref.com\/de\/wp-json\/wp\/v2\/media\/84069"}],"wp:attachment":[{"href":"https:\/\/keruiref.com\/de\/wp-json\/wp\/v2\/media?parent=83933"}],"curies":[{"name":"wp","href":"https:\/\/api.w.org\/{rel}","templated":true}]}}