{"id":2664,"date":"2023-08-09T10:18:43","date_gmt":"2023-08-09T02:18:43","guid":{"rendered":"https:\/\/keruiref.com\/?page_id=2664"},"modified":"2025-07-29T17:58:34","modified_gmt":"2025-07-29T09:58:34","slug":"about-us","status":"publish","type":"page","link":"https:\/\/keruiref.com\/de\/about-us\/","title":{"rendered":"\u00dcber uns"},"content":{"rendered":"<div class=\"aboutAre\">\n<div class=\"iscontain\">\n<div class=\"isleft\">\n<div class=\"about-title\">WER WIR SIND<\/div>\n<p>Das 2004 gegr\u00fcndete Unternehmen Kerui Refractory ist die erste Wahl f\u00fcr Kunden aus dem In- und Ausland, wenn es um die Einfuhr von feuerfesten Materialien aus China geht.<\/p>\n<p>Kerui Refractory ist bestrebt, erstklassige L\u00f6sungen und Dienstleistungen f\u00fcr Hochtemperaturindustrien auf der ganzen Welt anzubieten, darunter die Eisen-, Stahl-, Aluminium-, Energie-, Glas-, Kessel-, Nichteisen- und Zementindustrie usw. Unser Hauptziel ist es, den Erfolg und Wohlstand dieser Industrien zu f\u00f6rdern, indem wir ihnen die notwendigen Materialien und die Unterst\u00fctzung f\u00fcr einen sicheren und effizienten Betrieb bei hohen Temperaturen bieten. Wir sind stolz darauf, mit unserem fundierten Fachwissen und unserem weltweiten Einfluss die Hochtemperaturindustrie in aller Welt zu unterst\u00fctzen.<\/p>\n<ul>\n<li>\n<div class=\"t1\"><span id=\"numC1\">0<\/span><sub>+<\/sub><\/div>\n<p class=\"t2\">Mitarbeiter<\/p>\n<\/li>\n<li>\n<div class=\"t1\"><span id=\"numC2\">0<\/span><sub>+<\/sub><\/div>\n<p class=\"t2\">Erfolgreiche F\u00e4lle<\/p>\n<\/li>\n<li>\n<div class=\"t1\"><span id=\"numC3\">0<\/span><sub>\u33a1<\/sub><\/div>\n<p class=\"t2\">Fabrik<\/p>\n<\/li>\n<li>\n<div class=\"t1\"><span id=\"numC4\">0<\/span><\/div>\n<p class=\"t2\">Tonnen Jahreskapazit\u00e4t<\/p>\n<\/li>\n<\/ul>\n<\/div>\n<div class=\"isright\"><img loading=\"lazy\" decoding=\"async\" class=\"aligncenter size-full wp-image-1924\" src=\"https:\/\/keruiref.com\/wp-content\/uploads\/2023\/08\/About-Us_05-1.jpg\" alt=\"\u00dcber-Us 05\" width=\"960\" height=\"600\" \/><\/div>\n<\/div>\n<\/div>\n<div class=\"about-cando-box\">\n<div class=\"home-cando\">\n<div class=\"swiper home-cando-left wow fadeInLeft\">\n<div class=\"swiper-wrapper\">\n<div class=\"swiper-slide\"><img loading=\"lazy\" decoding=\"async\" class=\"aligncenter size-full wp-image-1923\" src=\"https:\/\/keruiref.com\/wp-content\/uploads\/2023\/08\/About-Us-RD-1.jpg\" alt=\"\u00dcber-Us-R&amp;D\" width=\"960\" height=\"490\" \/><\/div>\n<div class=\"swiper-slide\"><img loading=\"lazy\" decoding=\"async\" class=\"aligncenter size-full wp-image-1921\" src=\"https:\/\/keruiref.com\/wp-content\/uploads\/2023\/08\/About-Us_Products-1.jpg\" alt=\"\u00dcber-Uns_Produkte\" width=\"960\" height=\"490\" \/><\/div>\n<div class=\"swiper-slide\"><img loading=\"lazy\" decoding=\"async\" class=\"aligncenter size-full wp-image-1922\" src=\"https:\/\/keruiref.com\/wp-content\/uploads\/2023\/11\/Solutions-PC.jpg\" alt=\"\u00dcber uns L\u00f6sungen\" width=\"960\" height=\"490\" \/><\/div>\n<\/div>\n<\/div>\n<div class=\"isright wow fadeInRight\">\n<div class=\"about-title\">Was macht Kerui Refractory?<\/div>\n<ul class=\"isnav\">\n<li class=\"active\">F&amp;E und Innovation<\/li>\n<li>Produkte<\/li>\n<li>L\u00f6sungen<\/li>\n<\/ul>\n<div class=\"swiper home-cando-right\">\n<div class=\"swiper-wrapper\">\n<div class=\"swiper-slide\">\n<p>Kerui Refractory legt gro\u00dfen Wert auf Forschung und Entwicklung (F&amp;E) und kontinuierliche Innovation. Wir verf\u00fcgen \u00fcber ein engagiertes Team von Forschern und Wissenschaftlern, die st\u00e4ndig neue Technologien, Materialien und Herstellungsverfahren in der Feuerfestindustrie erforschen. Durch unsere F&amp;E-Anstrengungen bem\u00fchen wir uns, fortschrittliche und leistungsstarke Feuerfestl\u00f6sungen zu entwickeln, die den sich wandelnden Anforderungen der verschiedenen Branchen gerecht werden. Dazu geh\u00f6ren die Erforschung neuer Materialien, die Optimierung bestehender Rezepturen und die Verbesserung von Herstellungsverfahren, um die Eigenschaften und Merkmale feuerfester Produkte zu verbessern.<\/p>\n<\/div>\n<div class=\"swiper-slide\">\n<p>Kerui Refractory bietet eine breite Palette an feuerfesten Produkten f\u00fcr unterschiedliche Branchen und Anwendungen. Wir entwickeln und fertigen hochwertige feuerfeste Materialien, die unter extremen Bedingungen wie hohen Temperaturen, chemischer Korrosion und mechanischer Belastung eingesetzt werden. Das Produktportfolio von Kerui umfasst verschiedene Arten von feuerfesten Materialien, wie z. B. Steine, monolithische feuerfeste Materialien, gie\u00dfbare Materialien, Beschichtungen, vorgefertigte Formen usw. Diese Produkte sind so konzipiert, dass sie den harten Bedingungen in der Stahl-, Zement-, Glas- und petrochemischen Industrie und anderen Branchen standhalten. Kerui Refractories stellt sicher, dass unsere Produkte die erforderlichen Standards in Bezug auf Leistung, Haltbarkeit und Zuverl\u00e4ssigkeit erf\u00fcllen.<\/p>\n<\/div>\n<div class=\"swiper-slide\">\n<p>Kerui Refractory bietet umfassende L\u00f6sungen f\u00fcr die spezifischen Bed\u00fcrfnisse und Herausforderungen unserer Kunden. Wir arbeiten eng mit unseren Kunden zusammen, um ihre Anforderungen zu verstehen und ma\u00dfgeschneiderte feuerfeste L\u00f6sungen f\u00fcr ihre Anwendungen zu entwickeln. Ob es um die Entwicklung von Auskleidungssystemen f\u00fcr \u00d6fen oder Reaktoren geht oder um L\u00f6sungen f\u00fcr W\u00e4rmed\u00e4mmung, Korrosionsbest\u00e4ndigkeit oder mechanische Stabilit\u00e4t - Kerui Refractory bietet Fachwissen und technische Unterst\u00fctzung. Wir unterst\u00fctzen unsere Kunden auch bei der Installation, Wartung und Fehlerbehebung von feuerfesten Auskleidungen, um eine optimale Leistung und l\u00e4ngere Lebensdauer der feuerfesten Produkte zu gew\u00e4hrleisten.<\/p>\n<\/div>\n<\/div>\n<\/div>\n<\/div>\n<\/div>\n<\/div>\n<div class=\"aboutWhy-box\">\n<div class=\"aboutWhy\">\n<div class=\"about-title\">WARUM KERUI W\u00c4HLEN<\/div>\n<ul>\n<li class=\"wow fadeInUp\">\n<div class=\"t1\">Produktion<\/div>\n<p>Vollautomatische Dosieranlage f\u00fcr feuerfestes Pulver;<\/p>\n<p>20 S\u00e4tze von 400-1000 Tonnen schweren Umformpressen;<\/p>\n<p>2 * 168m Hochtemperatur-Tunnel\u00f6fen;<\/p>\n<p>20000\u33a1 Lagerhalle.<\/li>\n<li class=\"wow fadeInUp\" data-wow-delay=\"0.1s\">\n<div class=\"t1\">Pr\u00fcfung<\/div>\n<p>Hochtemperatur-Wiedererw\u00e4rmungs-\/Belastungserweichungs-Kriechpr\u00fcfungsofen;<\/p>\n<p>Druck-\/Biegefestigkeitspr\u00fcfstand f\u00fcr feuerfeste Materialien;<\/p>\n<p>Plattform zur Pr\u00fcfung der Zusammensetzung und Inspektion von feuerfesten Materialien;<\/p>\n<p>Labor f\u00fcr physikalische\/chemische Eigenschaften von feuerfesten Materialien.<\/li>\n<li class=\"wow fadeInUp\" data-wow-delay=\"0.2s\">\n<div class=\"t1\">Bescheinigungen<\/div>\n<p>1 Erfindungspatent: feuerfester Ziegel f\u00fcr Schornsteine;<\/p>\n<p>20+ Praktische neue Technologien;<\/p>\n<p>ISO9001\/I-SO14001\/OHSAS18001\/CE\/ SGS;<\/p>\n<p>Zertifikat f\u00fcr High-Tech-Unternehmen.<\/li>\n<li class=\"wow fadeInUp\" data-wow-delay=\"0.3s\">\n<div class=\"t1\">Dienst<\/div>\n<p>Service aus einer Hand;<\/p>\n<p>Professionelle Unterst\u00fctzung durch das Kundendienstteam und lebenslange Garantie;<\/p>\n<p>Beaufsichtigung des Qualit\u00e4tskontrollteams;<\/p>\n<p>Kundenorientierter und personalisierter L\u00f6sungsservice.<\/li>\n<\/ul>\n<\/div>\n<\/div>\n<div class=\"about-FOOTPRINTS\">\n<div class=\"iscontain\">\n<div class=\"about-title\">FUSSABDR\u00dcCKE VON KERUI<\/div>\n<div class=\"t2\">Im Jahr 2004 gr\u00fcndete Songchen Wei die Kerui-Fabrik in Chaohua Town, Xinmi City. Zu dieser Zeit verf\u00fcgte die Produktionsanlage nur \u00fcber 2 Pressen, 2 Fallstrom\u00f6fen und 1 Gasgenerator.<br \/>\nIm Jahr 2012 lie\u00df Kerui die Marke \"KRNC\" eintragen und begann mit dem strategischen Markenaufbau.<\/div>\n<div class=\"t2\">In mehr als 20 Jahren der Innovation hat sich KERUI zu einem der gr\u00f6\u00dften Hersteller von feuerfesten Materialien in China entwickelt und bedient Kunden im In- und Ausland. Heute hinterl\u00e4sst Kerui mit seinem unersch\u00fctterlichen Engagement f\u00fcr Qualit\u00e4t und Kundenzufriedenheit weiterhin unausl\u00f6schliche Spuren auf dem globalen Markt f\u00fcr feuerfeste Materialien.<\/div>\n<\/div>\n<\/div>\n<div class=\"about-world\">\n<div class=\"iscontain\">\n<div class=\"isleft\">\n<div class=\"about-title\">KERUI'S NETZWERK IN DER GANZEN WELT<\/div>\n<ul class=\"isdata\">\n<li>\n<div class=\"t1\"><span id=\"numC5\">0<\/span><\/div>\n<p class=\"t2\">Kontinente<\/p>\n<\/li>\n<li>\n<div class=\"t1\"><span id=\"numC6\">0<\/span><sub>+<\/sub><\/div>\n<p class=\"t2\">L\u00e4nder und Gebiete<\/p>\n<\/li>\n<li>\n<div class=\"t1\"><span id=\"numC7\">0<\/span><sub>+<\/sub><\/div>\n<p class=\"t2\">Erfolgreiche F\u00e4lle<\/p>\n<\/li>\n<li>\n<div class=\"t1\"><span id=\"numC8\">0<\/span><sub>+<\/sub><\/div>\n<p class=\"t2\">Kunden<\/p>\n<\/li>\n<\/ul>\n<p>Neben dem chinesischen Festland hat Kerui Refractory Produkte in mehr als 50 L\u00e4nder und Regionen auf 6 Kontinenten exportiert, darunter Asien, Europa, Nordamerika, S\u00fcdamerika, Afrika und Ozeanien. Wir haben von Kunden aus aller Welt Anerkennung und hohes Lob erhalten und werden von ihnen immer wieder zum Kauf und zur Weiterempfehlung empfohlen.<\/p>\n<\/div>\n<div class=\"isright\"><img loading=\"lazy\" decoding=\"async\" class=\"alignnone size-full wp-image-15950\" src=\"https:\/\/keruiref.com\/wp-content\/uploads\/2023\/10\/kerui-about-us-map.jpg\" alt=\"kerui \u00fcber uns karte\" width=\"974\" height=\"494\" srcset=\"https:\/\/keruiref.com\/wp-content\/uploads\/2023\/10\/kerui-about-us-map.jpg 974w, https:\/\/keruiref.com\/wp-content\/uploads\/2023\/10\/kerui-about-us-map-300x152.jpg 300w, https:\/\/keruiref.com\/wp-content\/uploads\/2023\/10\/kerui-about-us-map-768x390.jpg 768w\" sizes=\"auto, (max-width: 974px) 100vw, 974px\" \/><\/div>\n<\/div>\n<\/div>\n<div class=\"about-culture\">\n<div class=\"about-title-box\">\n<div class=\"about-title\">KERUI'S UNTERNEHMENSKULTUR<\/div>\n<\/div>\n<div class=\"iscontain\">\n<div class=\"isleft\">\n<div class=\"t3\">Globale Unterst\u00fctzung der Hochtemperaturindustrie<\/div>\n<div class=\"t1\">Mission<\/div>\n<div class=\"t2\">Wir haben uns verpflichtet, weltweit hochwertige feuerfeste Materialien und L\u00f6sungen f\u00fcr die Hochtemperaturindustrie zu liefern und damit zur Entwicklung der globalen Hochtemperaturindustrie beizutragen.<\/div>\n<\/div>\n<div class=\"isright\">\n<div>\n<div class=\"t1\">Vision<\/div>\n<div class=\"t2\">Wir wollen ein f\u00fchrender Experte f\u00fcr Hochtemperatur-Feuerfestprodukte und -l\u00f6sungen auf dem Weltmarkt werden.<\/div>\n<\/div>\n<div>\n<div class=\"t1\">Grundwerte<\/div>\n<div class=\"t2\">Kundenorientierung, Teamarbeit, Innovationsmanagement und Entwicklung.<\/div>\n<\/div>\n<\/div>\n<\/div>\n<\/div>\n<div class=\"about-future\">\n<div class=\"iscontain\">\n<div class=\"about-title\">Arbeiten an der Zukunft<\/div>\n<p>Als zukunftsorientiertes Unternehmen wurde Kerui Refractory in einer Zeit des Wandels geboren und ist st\u00e4ndig bestrebt, die sich entwickelnden Bed\u00fcrfnisse der Kunden und der gesamten Branche zu antizipieren. Durch kontinuierliche Innovation bei Produkten und L\u00f6sungen kann Kerui Refractory die Kunden in den verschiedenen Industriezweigen - von der Metallurgie \u00fcber die Zementindustrie und die chemische Industrie bis hin zum Energiesektor - immer besser bedienen und so den Slogan \"Empowering High-Temperature Industry Globally\" umsetzen.<\/p>\n<\/div>\n<\/div>","protected":false},"excerpt":{"rendered":"WHO WE ARE Founded in 2004, Kerui Refractory is the first choice for overseas and domestic customers to import refractory materials from China. Kerui Refractory strives to provide top-notch solutions and service for high-temperature industries worldwide, including iron-steel, aluminum, power, glass, boiler, non-ferrous, cement industry, &#8230; <a title=\"\u00dcber uns\" class=\"read-more\" href=\"https:\/\/keruiref.com\/de\/about-us\/\" aria-label=\"Mehr bei About Us\">Mehr lesen<\/a>","protected":false},"author":1,"featured_media":0,"parent":0,"menu_order":0,"comment_status":"closed","ping_status":"closed","template":"","meta":{"footnotes":""},"class_list":{"0":"post-2664","1":"page","2":"type-page","3":"status-publish","5":"no-featured-image-padding"},"yoast_head":"<!-- This site is optimized with the Yoast SEO plugin v24.9 - https:\/\/yoast.com\/wordpress\/plugins\/seo\/ -->\n<title>Kerui Refractory\u00ae Official Website | About Kerui<\/title>\n<meta name=\"description\" content=\"Founded in 2004, Kerui Refractory is the first choice for overseas and domestic customers to import refractory materials from China.\" \/>\n<meta name=\"robots\" content=\"index, follow, max-snippet:-1, max-image-preview:large, max-video-preview:-1\" \/>\n<link rel=\"canonical\" href=\"https:\/\/keruiref.com\/de\/about-us\/\" \/>\n<script type=\"application\/ld+json\" class=\"yoast-schema-graph\">{\"@context\":\"https:\/\/schema.org\",\"@graph\":[{\"@type\":\"WebPage\",\"@id\":\"https:\/\/keruiref.com\/about-us\/\",\"url\":\"https:\/\/keruiref.com\/about-us\/\",\"name\":\"Kerui Refractory\u00ae Official Website | About Kerui\",\"isPartOf\":{\"@id\":\"https:\/\/keruiref.com\/el\/#website\"},\"primaryImageOfPage\":{\"@id\":\"https:\/\/keruiref.com\/about-us\/#primaryimage\"},\"image\":{\"@id\":\"https:\/\/keruiref.com\/about-us\/#primaryimage\"},\"thumbnailUrl\":\"https:\/\/keruiref.com\/wp-content\/uploads\/2023\/08\/About-Us_05-1.jpg\",\"datePublished\":\"2023-08-09T02:18:43+00:00\",\"dateModified\":\"2025-07-29T09:58:34+00:00\",\"description\":\"Founded in 2004, Kerui Refractory is the first choice for overseas and domestic customers to import refractory materials from China.\",\"breadcrumb\":{\"@id\":\"https:\/\/keruiref.com\/about-us\/#breadcrumb\"},\"inLanguage\":\"de\",\"potentialAction\":[{\"@type\":\"ReadAction\",\"target\":[\"https:\/\/keruiref.com\/about-us\/\"]}]},{\"@type\":\"ImageObject\",\"inLanguage\":\"de\",\"@id\":\"https:\/\/keruiref.com\/about-us\/#primaryimage\",\"url\":\"https:\/\/keruiref.com\/wp-content\/uploads\/2023\/08\/About-Us_05-1.jpg\",\"contentUrl\":\"https:\/\/keruiref.com\/wp-content\/uploads\/2023\/08\/About-Us_05-1.jpg\"},{\"@type\":\"BreadcrumbList\",\"@id\":\"https:\/\/keruiref.com\/about-us\/#breadcrumb\",\"itemListElement\":[{\"@type\":\"ListItem\",\"position\":1,\"name\":\"Home\",\"item\":\"https:\/\/keruiref.com\/\"},{\"@type\":\"ListItem\",\"position\":2,\"name\":\"About Us\"}]},{\"@type\":\"WebSite\",\"@id\":\"https:\/\/keruiref.com\/el\/#website\",\"url\":\"https:\/\/keruiref.com\/el\/\",\"name\":\"Your Refractory Bricks, Castables Manufacturer For Kiln | Kerui Refractory\u00ae Official Website\",\"description\":\"\",\"publisher\":{\"@id\":\"https:\/\/keruiref.com\/el\/#organization\"},\"potentialAction\":[{\"@type\":\"SearchAction\",\"target\":{\"@type\":\"EntryPoint\",\"urlTemplate\":\"https:\/\/keruiref.com\/el\/?s={search_term_string}\"},\"query-input\":{\"@type\":\"PropertyValueSpecification\",\"valueRequired\":true,\"valueName\":\"search_term_string\"}}],\"inLanguage\":\"de\"},{\"@type\":\"Organization\",\"@id\":\"https:\/\/keruiref.com\/el\/#organization\",\"name\":\"Your Refractory Bricks, Castables Manufacturer For Kiln | Kerui Refractory\u00ae Official Website\",\"url\":\"https:\/\/keruiref.com\/el\/\",\"logo\":{\"@type\":\"ImageObject\",\"inLanguage\":\"de\",\"@id\":\"https:\/\/keruiref.com\/el\/#\/schema\/logo\/image\/\",\"url\":\"https:\/\/keruiref.com\/wp-content\/uploads\/2024\/01\/footer-Logo.png\",\"contentUrl\":\"https:\/\/keruiref.com\/wp-content\/uploads\/2024\/01\/footer-Logo.png\",\"width\":282,\"height\":70,\"caption\":\"Your Refractory Bricks, Castables Manufacturer For Kiln | Kerui Refractory\u00ae Official Website\"},\"image\":{\"@id\":\"https:\/\/keruiref.com\/el\/#\/schema\/logo\/image\/\"}}]}<\/script>\n<!-- \/ Yoast SEO plugin. -->","yoast_head_json":{"title":"Kerui Refractory\u00ae Offizielle Website | \u00dcber Kerui","description":"Das 2004 gegr\u00fcndete Unternehmen Kerui Refractory ist die erste Wahl f\u00fcr Kunden aus dem In- und Ausland, wenn es um die Einfuhr von feuerfesten Materialien aus China geht.","robots":{"index":"index","follow":"follow","max-snippet":"max-snippet:-1","max-image-preview":"max-image-preview:large","max-video-preview":"max-video-preview:-1"},"canonical":"https:\/\/keruiref.com\/de\/about-us\/","schema":{"@context":"https:\/\/schema.org","@graph":[{"@type":"WebPage","@id":"https:\/\/keruiref.com\/about-us\/","url":"https:\/\/keruiref.com\/about-us\/","name":"Kerui Refractory\u00ae Offizielle Website | \u00dcber Kerui","isPartOf":{"@id":"https:\/\/keruiref.com\/el\/#website"},"primaryImageOfPage":{"@id":"https:\/\/keruiref.com\/about-us\/#primaryimage"},"image":{"@id":"https:\/\/keruiref.com\/about-us\/#primaryimage"},"thumbnailUrl":"https:\/\/keruiref.com\/wp-content\/uploads\/2023\/08\/About-Us_05-1.jpg","datePublished":"2023-08-09T02:18:43+00:00","dateModified":"2025-07-29T09:58:34+00:00","description":"Das 2004 gegr\u00fcndete Unternehmen Kerui Refractory ist die erste Wahl f\u00fcr Kunden aus dem In- und Ausland, wenn es um die Einfuhr von feuerfesten Materialien aus China geht.","breadcrumb":{"@id":"https:\/\/keruiref.com\/about-us\/#breadcrumb"},"inLanguage":"de","potentialAction":[{"@type":"ReadAction","target":["https:\/\/keruiref.com\/about-us\/"]}]},{"@type":"ImageObject","inLanguage":"de","@id":"https:\/\/keruiref.com\/about-us\/#primaryimage","url":"https:\/\/keruiref.com\/wp-content\/uploads\/2023\/08\/About-Us_05-1.jpg","contentUrl":"https:\/\/keruiref.com\/wp-content\/uploads\/2023\/08\/About-Us_05-1.jpg"},{"@type":"BreadcrumbList","@id":"https:\/\/keruiref.com\/about-us\/#breadcrumb","itemListElement":[{"@type":"ListItem","position":1,"name":"Home","item":"https:\/\/keruiref.com\/"},{"@type":"ListItem","position":2,"name":"About Us"}]},{"@type":"WebSite","@id":"https:\/\/keruiref.com\/el\/#website","url":"https:\/\/keruiref.com\/el\/","name":"Ihr Hersteller von feuerfesten Steinen und Gussteilen f\u00fcr \u00d6fen | Kerui Refractory\u00ae Official Website","description":"","publisher":{"@id":"https:\/\/keruiref.com\/el\/#organization"},"potentialAction":[{"@type":"SearchAction","target":{"@type":"EntryPoint","urlTemplate":"https:\/\/keruiref.com\/el\/?s={search_term_string}"},"query-input":{"@type":"PropertyValueSpecification","valueRequired":true,"valueName":"search_term_string"}}],"inLanguage":"de"},{"@type":"Organization","@id":"https:\/\/keruiref.com\/el\/#organization","name":"Ihr Hersteller von feuerfesten Steinen und Gussteilen f\u00fcr \u00d6fen | Kerui Refractory\u00ae Official Website","url":"https:\/\/keruiref.com\/el\/","logo":{"@type":"ImageObject","inLanguage":"de","@id":"https:\/\/keruiref.com\/el\/#\/schema\/logo\/image\/","url":"https:\/\/keruiref.com\/wp-content\/uploads\/2024\/01\/footer-Logo.png","contentUrl":"https:\/\/keruiref.com\/wp-content\/uploads\/2024\/01\/footer-Logo.png","width":282,"height":70,"caption":"Your Refractory Bricks, Castables Manufacturer For Kiln | Kerui Refractory\u00ae Official Website"},"image":{"@id":"https:\/\/keruiref.com\/el\/#\/schema\/logo\/image\/"}}]}},"_links":{"self":[{"href":"https:\/\/keruiref.com\/de\/wp-json\/wp\/v2\/pages\/2664","targetHints":{"allow":["GET"]}}],"collection":[{"href":"https:\/\/keruiref.com\/de\/wp-json\/wp\/v2\/pages"}],"about":[{"href":"https:\/\/keruiref.com\/de\/wp-json\/wp\/v2\/types\/page"}],"author":[{"embeddable":true,"href":"https:\/\/keruiref.com\/de\/wp-json\/wp\/v2\/users\/1"}],"replies":[{"embeddable":true,"href":"https:\/\/keruiref.com\/de\/wp-json\/wp\/v2\/comments?post=2664"}],"version-history":[{"count":0,"href":"https:\/\/keruiref.com\/de\/wp-json\/wp\/v2\/pages\/2664\/revisions"}],"wp:attachment":[{"href":"https:\/\/keruiref.com\/de\/wp-json\/wp\/v2\/media?parent=2664"}],"curies":[{"name":"wp","href":"https:\/\/api.w.org\/{rel}","templated":true}]}}